{"id":59624,"date":"2024-01-24T23:13:56","date_gmt":"2024-01-24T23:13:56","guid":{"rendered":"https:\/\/recettes-gourmandes-de-joce.fr\/?page_id=59624"},"modified":"2024-08-16T12:51:32","modified_gmt":"2024-08-16T12:51:32","slug":"pilons-de-poulet-marines-au-curry-et-persillade","status":"publish","type":"page","link":"http:\/\/recettes-gourmandes-de-joce.fr\/index.php\/index\/viandes\/barbecue-plancha\/pilons-de-poulet-marines-au-curry-et-persillade\/","title":{"rendered":"Pilons de poulet marin\u00e9s au curry et persillade."},"content":{"rendered":"<p style=\"text-align: center;\"><span style=\"text-decoration: underline; color: #b56407;\"><span style=\"font-size: 18pt; font-family: georgia, palatino, serif;\"><em>Une de mes recettes<\/em><\/span><\/span><\/p>\n<p style=\"text-align: center;\"><img loading=\"lazy\" decoding=\"async\" class=\"alignnone wp-image-59647\" src=\"http:\/\/recettes-gourmandes-de-joce.fr\/wp-content\/uploads\/2024\/01\/20240124_194921-001.jpg\" alt=\"\" width=\"183\" height=\"190\" srcset=\"http:\/\/recettes-gourmandes-de-joce.fr\/wp-content\/uploads\/2024\/01\/20240124_194921-001.jpg 771w, http:\/\/recettes-gourmandes-de-joce.fr\/wp-content\/uploads\/2024\/01\/20240124_194921-001-768x797.jpg 768w, http:\/\/recettes-gourmandes-de-joce.fr\/wp-content\/uploads\/2024\/01\/20240124_194921-001-750x778.jpg 750w\" sizes=\"auto, (max-width: 183px) 100vw, 183px\" \/> <img loading=\"lazy\" decoding=\"async\" class=\"alignnone wp-image-59646\" src=\"http:\/\/recettes-gourmandes-de-joce.fr\/wp-content\/uploads\/2024\/01\/20240124_194919-001.jpg\" alt=\"\" width=\"200\" height=\"190\" srcset=\"http:\/\/recettes-gourmandes-de-joce.fr\/wp-content\/uploads\/2024\/01\/20240124_194919-001.jpg 800w, http:\/\/recettes-gourmandes-de-joce.fr\/wp-content\/uploads\/2024\/01\/20240124_194919-001-768x730.jpg 768w, http:\/\/recettes-gourmandes-de-joce.fr\/wp-content\/uploads\/2024\/01\/20240124_194919-001-750x713.jpg 750w\" sizes=\"auto, (max-width: 200px) 100vw, 200px\" \/> <img loading=\"lazy\" decoding=\"async\" class=\"alignnone wp-image-59644\" src=\"http:\/\/recettes-gourmandes-de-joce.fr\/wp-content\/uploads\/2024\/01\/20240124_194912-001.jpg\" alt=\"\" width=\"237\" height=\"190\" srcset=\"http:\/\/recettes-gourmandes-de-joce.fr\/wp-content\/uploads\/2024\/01\/20240124_194912-001.jpg 800w, http:\/\/recettes-gourmandes-de-joce.fr\/wp-content\/uploads\/2024\/01\/20240124_194912-001-768x615.jpg 768w, http:\/\/recettes-gourmandes-de-joce.fr\/wp-content\/uploads\/2024\/01\/20240124_194912-001-750x601.jpg 750w\" sizes=\"auto, (max-width: 237px) 100vw, 237px\" \/><\/p>\n<p style=\"text-align: center;\"><span style=\"text-decoration: underline; color: #b56407;\"><span style=\"font-size: 18pt; font-family: georgia, palatino, serif;\"><em> Ingr\u00e9dients pour 3 personnes<\/em><\/span><\/span><\/p>\n<p style=\"text-align: center;\"><img loading=\"lazy\" decoding=\"async\" class=\"alignnone wp-image-59648\" src=\"http:\/\/recettes-gourmandes-de-joce.fr\/wp-content\/uploads\/2024\/01\/20240124_181025-001.jpg\" alt=\"\" width=\"158\" height=\"210\" \/><\/p>\n<p style=\"text-align: center;\"><span style=\"font-family: georgia, palatino, serif; color: #b56407;\"><em><span style=\"font-size: 14pt;\">6 pilons de poulet <\/span><\/em><\/span><\/p>\n<p style=\"text-align: center;\"><span style=\"font-family: georgia, palatino, serif; color: #b56407;\"><em><span style=\"font-size: 14pt;\">1 c \u00e0 s de curry doux d\u00e9tails sur ce lien -&gt; \u00c9pic\u00e9too <\/span><\/em><\/span><\/p>\n<p style=\"text-align: center;\"><span style=\"font-family: georgia, palatino, serif; color: #b56407;\"><em><span style=\"font-size: 14pt;\">2 c \u00e0 s de persillade d\u00e9tails sur ce lien -&gt; \u00c9pic\u00e9too <\/span><\/em><\/span><\/p>\n<p style=\"text-align: center;\"><span style=\"font-family: georgia, palatino, serif; color: #b56407;\"><em><span style=\"font-size: 14pt;\">1 c \u00e0 s d&rsquo;ail semoule\u00a0<\/span><\/em><\/span><\/p>\n<p style=\"text-align: center;\"><span style=\"font-family: georgia, palatino, serif; color: #b56407;\"><em><span style=\"font-size: 14pt;\">Huile d&rsquo;olive <\/span><\/em><\/span><\/p>\n<p style=\"text-align: center;\"><span style=\"font-family: georgia, palatino, serif; color: #b56407;\"><em><span style=\"font-size: 14pt;\">Sel et poivre <\/span><\/em><\/span><\/p>\n<p style=\"text-align: center;\"><span style=\"font-family: georgia, palatino, serif; color: #b56407;\"><em><span style=\"font-size: 14pt;\">Pr\u00e9paration 1 h avant la cuisson<\/span><\/em><\/span><\/p>\n<p style=\"text-align: center;\"><img loading=\"lazy\" decoding=\"async\" class=\"alignnone wp-image-59649\" src=\"http:\/\/recettes-gourmandes-de-joce.fr\/wp-content\/uploads\/2024\/01\/20240124_181037-001.jpg\" alt=\"\" width=\"159\" height=\"170\" \/> <img loading=\"lazy\" decoding=\"async\" class=\"alignnone wp-image-59650\" src=\"http:\/\/recettes-gourmandes-de-joce.fr\/wp-content\/uploads\/2024\/01\/20240124_181052-001.jpg\" alt=\"\" width=\"163\" height=\"170\" srcset=\"http:\/\/recettes-gourmandes-de-joce.fr\/wp-content\/uploads\/2024\/01\/20240124_181052-001.jpg 766w, http:\/\/recettes-gourmandes-de-joce.fr\/wp-content\/uploads\/2024\/01\/20240124_181052-001-750x783.jpg 750w\" sizes=\"auto, (max-width: 163px) 100vw, 163px\" \/> <img loading=\"lazy\" decoding=\"async\" class=\"alignnone wp-image-59651\" src=\"http:\/\/recettes-gourmandes-de-joce.fr\/wp-content\/uploads\/2024\/01\/20240124_181117-001.jpg\" alt=\"\" width=\"171\" height=\"170\" srcset=\"http:\/\/recettes-gourmandes-de-joce.fr\/wp-content\/uploads\/2024\/01\/20240124_181117-001.jpg 800w, http:\/\/recettes-gourmandes-de-joce.fr\/wp-content\/uploads\/2024\/01\/20240124_181117-001-768x764.jpg 768w, http:\/\/recettes-gourmandes-de-joce.fr\/wp-content\/uploads\/2024\/01\/20240124_181117-001-750x746.jpg 750w\" sizes=\"auto, (max-width: 171px) 100vw, 171px\" \/><\/p>\n<p style=\"text-align: center;\"><span style=\"font-size: 14pt; font-family: georgia, palatino, serif; color: #b56407;\"><em>Dans un plat mettre le poulet, ajouter le curry, la persillade, l&rsquo;ail, saler et poivrer.<\/em><\/span><\/p>\n<p style=\"text-align: center;\"><span style=\"font-size: 14pt; font-family: georgia, palatino, serif; color: #b56407;\"><em><img loading=\"lazy\" decoding=\"async\" class=\"alignnone wp-image-59652\" src=\"http:\/\/recettes-gourmandes-de-joce.fr\/wp-content\/uploads\/2024\/01\/20240124_181128-001.jpg\" alt=\"\" width=\"146\" height=\"170\" \/> <img loading=\"lazy\" decoding=\"async\" class=\"alignnone wp-image-59653\" src=\"http:\/\/recettes-gourmandes-de-joce.fr\/wp-content\/uploads\/2024\/01\/20240124_181228-001.jpg\" alt=\"\" width=\"165\" height=\"170\" srcset=\"http:\/\/recettes-gourmandes-de-joce.fr\/wp-content\/uploads\/2024\/01\/20240124_181228-001.jpg 778w, http:\/\/recettes-gourmandes-de-joce.fr\/wp-content\/uploads\/2024\/01\/20240124_181228-001-768x790.jpg 768w, http:\/\/recettes-gourmandes-de-joce.fr\/wp-content\/uploads\/2024\/01\/20240124_181228-001-750x771.jpg 750w\" sizes=\"auto, (max-width: 165px) 100vw, 165px\" \/>\u00a0<img loading=\"lazy\" decoding=\"async\" class=\"alignnone wp-image-31819\" src=\"http:\/\/recettes-gourmandes-de-joce.fr\/wp-content\/uploads\/2021\/05\/20150412_181502-284x300.jpg\" alt=\"\" width=\"161\" height=\"170\" srcset=\"http:\/\/recettes-gourmandes-de-joce.fr\/wp-content\/uploads\/2021\/05\/20150412_181502-284x300.jpg 284w, http:\/\/recettes-gourmandes-de-joce.fr\/wp-content\/uploads\/2021\/05\/20150412_181502-750x792.jpg 750w, http:\/\/recettes-gourmandes-de-joce.fr\/wp-content\/uploads\/2021\/05\/20150412_181502.jpg 758w\" sizes=\"auto, (max-width: 161px) 100vw, 161px\" \/><\/em><\/span><\/p>\n<p style=\"text-align: center;\"><span style=\"font-size: 14pt; font-family: georgia, palatino, serif; color: #b56407;\"><em>Ajouter un bon filet d&rsquo;huile d&rsquo;olive et bien m\u00e9langer. Laisser mariner environ 1h minimum. Au bout d&rsquo;une heure, allumer votre barbecue ou votre plancha et y cuire votre poulet en le retournant souvent.<\/em><\/span><\/p>\n<p style=\"text-align: center;\"><img loading=\"lazy\" decoding=\"async\" class=\"alignnone wp-image-59654\" src=\"http:\/\/recettes-gourmandes-de-joce.fr\/wp-content\/uploads\/2024\/01\/20240124_194203-001.jpg\" alt=\"\" width=\"183\" height=\"170\" srcset=\"http:\/\/recettes-gourmandes-de-joce.fr\/wp-content\/uploads\/2024\/01\/20240124_194203-001.jpg 800w, http:\/\/recettes-gourmandes-de-joce.fr\/wp-content\/uploads\/2024\/01\/20240124_194203-001-768x715.jpg 768w, http:\/\/recettes-gourmandes-de-joce.fr\/wp-content\/uploads\/2024\/01\/20240124_194203-001-750x698.jpg 750w\" sizes=\"auto, (max-width: 183px) 100vw, 183px\" \/><\/p>\n<p style=\"text-align: center;\"><span style=\"color: #b56407; font-size: 14pt;\"><span style=\"font-family: georgia, palatino, serif;\"><em>L&rsquo;accompagner soit d&rsquo;une bonne pur\u00e9e maison ou d&rsquo;une salade compos\u00e9e en \u00e9t\u00e9 \ud83d\ude09 <\/em><\/span><\/span><\/p>\n<p style=\"text-align: center;\"><span style=\"color: #b56407; font-size: 14pt;\"><span style=\"font-family: georgia, palatino, serif;\"><em>Bon app\u00e9tit!<\/em><\/span><\/span><\/p>\n<p style=\"text-align: center;\"><img loading=\"lazy\" decoding=\"async\" class=\"alignnone wp-image-59645\" src=\"http:\/\/recettes-gourmandes-de-joce.fr\/wp-content\/uploads\/2024\/01\/20240124_194914-001.jpg\" alt=\"\" width=\"179\" height=\"190\" srcset=\"http:\/\/recettes-gourmandes-de-joce.fr\/wp-content\/uploads\/2024\/01\/20240124_194914-001.jpg 754w, http:\/\/recettes-gourmandes-de-joce.fr\/wp-content\/uploads\/2024\/01\/20240124_194914-001-750x796.jpg 750w\" sizes=\"auto, (max-width: 179px) 100vw, 179px\" \/> <img loading=\"lazy\" decoding=\"async\" class=\"alignnone wp-image-59643\" src=\"http:\/\/recettes-gourmandes-de-joce.fr\/wp-content\/uploads\/2024\/01\/20240124_194908-001.jpg\" alt=\"\" width=\"169\" height=\"190\" \/> <img loading=\"lazy\" decoding=\"async\" class=\"alignnone wp-image-59642\" src=\"http:\/\/recettes-gourmandes-de-joce.fr\/wp-content\/uploads\/2024\/01\/20240124_194907-001.jpg\" alt=\"\" width=\"224\" height=\"190\" srcset=\"http:\/\/recettes-gourmandes-de-joce.fr\/wp-content\/uploads\/2024\/01\/20240124_194907-001.jpg 800w, http:\/\/recettes-gourmandes-de-joce.fr\/wp-content\/uploads\/2024\/01\/20240124_194907-001-768x652.jpg 768w, http:\/\/recettes-gourmandes-de-joce.fr\/wp-content\/uploads\/2024\/01\/20240124_194907-001-750x637.jpg 750w\" sizes=\"auto, (max-width: 224px) 100vw, 224px\" \/><\/p>\n<p style=\"text-align: center;\"><span style=\"color: #b56407;\"><img loading=\"lazy\" decoding=\"async\" class=\"alignnone wp-image-37354 size-full\" src=\"http:\/\/recettes-gourmandes-de-joce.fr\/wp-content\/uploads\/2021\/06\/logitech-gaming-software-14112014-121223.jpg\" alt=\"\" width=\"640\" height=\"144\" srcset=\"http:\/\/recettes-gourmandes-de-joce.fr\/wp-content\/uploads\/2021\/06\/logitech-gaming-software-14112014-121223.jpg 640w, http:\/\/recettes-gourmandes-de-joce.fr\/wp-content\/uploads\/2021\/06\/logitech-gaming-software-14112014-121223-300x68.jpg 300w\" sizes=\"auto, (max-width: 640px) 100vw, 640px\" \/><\/span><\/p>\n","protected":false},"excerpt":{"rendered":"<p>Une de mes recettes Ingr\u00e9dients pour 3 personnes 6 pilons de poulet 1 c \u00e0 s de curry doux d\u00e9tails sur ce lien -&gt; \u00c9pic\u00e9too 2 c \u00e0 s de persillade d\u00e9tails sur ce lien -&gt; \u00c9pic\u00e9too 1 c \u00e0 s d&rsquo;ail semoule\u00a0 Huile d&rsquo;olive Sel et poivre Pr\u00e9paration 1 h avant la cuisson Dans &hellip; <\/p>\n<p><a class=\"more-link btn\" href=\"http:\/\/recettes-gourmandes-de-joce.fr\/index.php\/index\/viandes\/barbecue-plancha\/pilons-de-poulet-marines-au-curry-et-persillade\/\">Lire la suite<\/a><\/p>\n","protected":false},"author":2,"featured_media":59647,"parent":154,"menu_order":0,"comment_status":"open","ping_status":"closed","template":"","meta":{"footnotes":""},"class_list":["post-59624","page","type-page","status-publish","has-post-thumbnail","hentry","nodate","item-wrap"],"_links":{"self":[{"href":"http:\/\/recettes-gourmandes-de-joce.fr\/index.php\/wp-json\/wp\/v2\/pages\/59624","targetHints":{"allow":["GET"]}}],"collection":[{"href":"http:\/\/recettes-gourmandes-de-joce.fr\/index.php\/wp-json\/wp\/v2\/pages"}],"about":[{"href":"http:\/\/recettes-gourmandes-de-joce.fr\/index.php\/wp-json\/wp\/v2\/types\/page"}],"author":[{"embeddable":true,"href":"http:\/\/recettes-gourmandes-de-joce.fr\/index.php\/wp-json\/wp\/v2\/users\/2"}],"replies":[{"embeddable":true,"href":"http:\/\/recettes-gourmandes-de-joce.fr\/index.php\/wp-json\/wp\/v2\/comments?post=59624"}],"version-history":[{"count":5,"href":"http:\/\/recettes-gourmandes-de-joce.fr\/index.php\/wp-json\/wp\/v2\/pages\/59624\/revisions"}],"predecessor-version":[{"id":89379,"href":"http:\/\/recettes-gourmandes-de-joce.fr\/index.php\/wp-json\/wp\/v2\/pages\/59624\/revisions\/89379"}],"up":[{"embeddable":true,"href":"http:\/\/recettes-gourmandes-de-joce.fr\/index.php\/wp-json\/wp\/v2\/pages\/154"}],"wp:featuredmedia":[{"embeddable":true,"href":"http:\/\/recettes-gourmandes-de-joce.fr\/index.php\/wp-json\/wp\/v2\/media\/59647"}],"wp:attachment":[{"href":"http:\/\/recettes-gourmandes-de-joce.fr\/index.php\/wp-json\/wp\/v2\/media?parent=59624"}],"curies":[{"name":"wp","href":"https:\/\/api.w.org\/{rel}","templated":true}]}}