{"id":5892,"date":"2019-10-16T15:30:58","date_gmt":"2019-10-16T15:30:58","guid":{"rendered":"http:\/\/recettes-gourmandes-de-joce.fr\/?page_id=5892"},"modified":"2025-03-25T10:06:07","modified_gmt":"2025-03-25T10:06:07","slug":"tarte-aux-pommes-caramel-beurre-sale-et-amandes","status":"publish","type":"page","link":"http:\/\/recettes-gourmandes-de-joce.fr\/index.php\/index\/desserts\/tartes-et-tartelettes-sucrees\/tarte-aux-pommes-caramel-beurre-sale-et-amandes\/","title":{"rendered":"Tarte aux pommes, caramel beurre sal\u00e9 et amandes."},"content":{"rendered":"<p style=\"text-align: center;\"><span style=\"color: #dc4f22; font-size: large; text-decoration: underline; font-family: georgia, palatino, serif;\"><em>Inspir\u00e9e d&rsquo;une recette du site\u00a0 <a href=\"http:\/\/www.royalchill.com\/2013\/10\/04\/tartelettes-aux-pommes-caramel-au-beurre-sale-et-noisettes\/#comment-2463\"><span style=\"color: #333399; text-decoration: underline;\">royalchill.com<\/span>\u00a0<\/a>revue \u00e0 ma fa\u00e7on<\/em><\/span><\/p>\n<p style=\"text-align: center;\"><span style=\"font-family: georgia, palatino, serif;\"><img loading=\"lazy\" decoding=\"async\" class=\"alignnone wp-image-5866\" src=\"http:\/\/recettes-gourmandes-de-joce.fr\/wp-content\/uploads\/2019\/10\/103_2202.jpg\" alt=\"\" width=\"240\" height=\"180\" srcset=\"http:\/\/recettes-gourmandes-de-joce.fr\/wp-content\/uploads\/2019\/10\/103_2202.jpg 640w, http:\/\/recettes-gourmandes-de-joce.fr\/wp-content\/uploads\/2019\/10\/103_2202-300x225.jpg 300w\" sizes=\"auto, (max-width: 240px) 100vw, 240px\" \/> <img loading=\"lazy\" decoding=\"async\" class=\"alignnone wp-image-5862\" src=\"http:\/\/recettes-gourmandes-de-joce.fr\/wp-content\/uploads\/2019\/10\/103_2189.jpg\" alt=\"\" width=\"240\" height=\"180\" srcset=\"http:\/\/recettes-gourmandes-de-joce.fr\/wp-content\/uploads\/2019\/10\/103_2189.jpg 640w, http:\/\/recettes-gourmandes-de-joce.fr\/wp-content\/uploads\/2019\/10\/103_2189-300x225.jpg 300w\" sizes=\"auto, (max-width: 240px) 100vw, 240px\" \/> <img loading=\"lazy\" decoding=\"async\" class=\"alignnone wp-image-5865\" src=\"http:\/\/recettes-gourmandes-de-joce.fr\/wp-content\/uploads\/2019\/10\/103_2200.jpg\" alt=\"\" width=\"240\" height=\"180\" srcset=\"http:\/\/recettes-gourmandes-de-joce.fr\/wp-content\/uploads\/2019\/10\/103_2200.jpg 640w, http:\/\/recettes-gourmandes-de-joce.fr\/wp-content\/uploads\/2019\/10\/103_2200-300x225.jpg 300w\" sizes=\"auto, (max-width: 240px) 100vw, 240px\" \/><\/span><\/p>\n<p style=\"text-align: center;\"><span style=\"color: #dc4f22; font-size: x-large; text-decoration: underline; font-family: georgia, palatino, serif;\"><em>Ingr\u00e9dients<\/em><\/span><\/p>\n<p style=\"text-align: center;\"><span style=\"font-family: georgia, palatino, serif;\"><img loading=\"lazy\" decoding=\"async\" class=\"alignnone wp-image-5844\" src=\"http:\/\/recettes-gourmandes-de-joce.fr\/wp-content\/uploads\/2019\/10\/103_2153-150x150.jpg\" alt=\"\" width=\"233\" height=\"175\" srcset=\"http:\/\/recettes-gourmandes-de-joce.fr\/wp-content\/uploads\/2019\/10\/103_2153-300x225.jpg 300w, http:\/\/recettes-gourmandes-de-joce.fr\/wp-content\/uploads\/2019\/10\/103_2153.jpg 640w\" sizes=\"auto, (max-width: 233px) 100vw, 233px\" \/> <img loading=\"lazy\" decoding=\"async\" class=\"alignnone wp-image-5860\" src=\"http:\/\/recettes-gourmandes-de-joce.fr\/wp-content\/uploads\/2019\/10\/103_2184-150x150.jpg\" alt=\"\" width=\"233\" height=\"175\" srcset=\"http:\/\/recettes-gourmandes-de-joce.fr\/wp-content\/uploads\/2019\/10\/103_2184-300x225.jpg 300w, http:\/\/recettes-gourmandes-de-joce.fr\/wp-content\/uploads\/2019\/10\/103_2184.jpg 640w\" sizes=\"auto, (max-width: 233px) 100vw, 233px\" \/><\/span><\/p>\n<p style=\"text-align: center;\"><span style=\"font-family: georgia, palatino, serif; font-size: 14pt;\"><em><span style=\"color: #dc4f22;\">\u00a05 belles pommes type Canada<\/span><\/em><\/span><\/p>\n<p style=\"text-align: center;\"><span style=\"font-family: georgia, palatino, serif; font-size: 14pt;\"><em><span style=\"color: #dc4f22;\">4 c \u00e0 s de sauce caramel beurre sal\u00e9<\/span><\/em><\/span><\/p>\n<p style=\"text-align: center;\"><span style=\"font-family: georgia, palatino, serif; font-size: 14pt;\"><em><span style=\"color: #dc4f22;\">1 c \u00e0 c de cannelle -&gt; \u00c9pic\u00e9too<\/span><\/em><\/span><\/p>\n<p style=\"text-align: center;\"><span style=\"font-family: georgia, palatino, serif; font-size: 14pt;\"><em><span style=\"color: #dc4f22;\">2 c \u00e0 s d&rsquo;amandes\u00a0effil\u00e9es<\/span><\/em><\/span><\/p>\n<p style=\"text-align: center;\"><span style=\"font-family: georgia, palatino, serif; font-size: 14pt;\"><em><span style=\"color: #dc4f22;\">1 c \u00e0 s de jus de citron<\/span><\/em><\/span><\/p>\n<p style=\"text-align: center;\"><span style=\"font-family: georgia, palatino, serif; font-size: 14pt;\"><em><span style=\"color: #dc4f22;\">2 c \u00e0 s de vergeoise brune<\/span><\/em><\/span><\/p>\n<p style=\"text-align: center;\"><span style=\"font-family: georgia, palatino, serif; font-size: 14pt;\"><em><span style=\"color: #dc4f22;\">1 p\u00e2te feuillet\u00e9e<\/span><\/em><\/span><\/p>\n<p style=\"text-align: center;\"><span style=\"font-family: georgia, palatino, serif; font-size: 14pt;\"><em><span style=\"color: #dc4f22;\">Sauce caramel au beurre sal\u00e9\u00a0<\/span><\/em><\/span><\/p>\n<p style=\"text-align: center;\"><span style=\"font-family: georgia, palatino, serif; font-size: 14pt;\"><em><span style=\"color: #dc4f22;\">Recette de la sauce caramel au beurre sal\u00e9 sur ce lien -&gt; <a href=\"http:\/\/recettes-gourmandes-de-joce.fr\/index.php\/index\/desserts\/sauces-sucrees\/caramel-beurre-sale\/\">Sauce caramel au beurre sal\u00e9\u00a0<img loading=\"lazy\" decoding=\"async\" class=\"alignnone size-thumbnail wp-image-5838\" src=\"http:\/\/recettes-gourmandes-de-joce.fr\/wp-content\/uploads\/2019\/10\/Logitech-Gaming-Software-15102019-230520-150x150.jpg\" alt=\"\" width=\"150\" height=\"150\" \/><\/a><\/span><\/em><\/span><\/p>\n<p style=\"text-align: center;\"><span style=\"font-family: georgia, palatino, serif; font-size: 14pt;\"><img loading=\"lazy\" decoding=\"async\" class=\"alignnone wp-image-5850\" src=\"http:\/\/recettes-gourmandes-de-joce.fr\/wp-content\/uploads\/2019\/10\/103_2163-150x150.jpg\" alt=\"\" width=\"227\" height=\"170\" srcset=\"http:\/\/recettes-gourmandes-de-joce.fr\/wp-content\/uploads\/2019\/10\/103_2163-300x225.jpg 300w, http:\/\/recettes-gourmandes-de-joce.fr\/wp-content\/uploads\/2019\/10\/103_2163.jpg 640w\" sizes=\"auto, (max-width: 227px) 100vw, 227px\" \/> <img loading=\"lazy\" decoding=\"async\" class=\"alignnone wp-image-5838\" src=\"http:\/\/recettes-gourmandes-de-joce.fr\/wp-content\/uploads\/2019\/10\/Logitech-Gaming-Software-15102019-230520-150x150.jpg\" alt=\"\" width=\"241\" height=\"170\" srcset=\"http:\/\/recettes-gourmandes-de-joce.fr\/wp-content\/uploads\/2019\/10\/Logitech-Gaming-Software-15102019-230520-300x212.jpg 300w, http:\/\/recettes-gourmandes-de-joce.fr\/wp-content\/uploads\/2019\/10\/Logitech-Gaming-Software-15102019-230520.jpg 640w\" sizes=\"auto, (max-width: 241px) 100vw, 241px\" \/> <img loading=\"lazy\" decoding=\"async\" class=\"alignnone wp-image-5853\" src=\"http:\/\/recettes-gourmandes-de-joce.fr\/wp-content\/uploads\/2019\/10\/103_2167-150x150.jpg\" alt=\"\" width=\"227\" height=\"170\" srcset=\"http:\/\/recettes-gourmandes-de-joce.fr\/wp-content\/uploads\/2019\/10\/103_2167-300x225.jpg 300w, http:\/\/recettes-gourmandes-de-joce.fr\/wp-content\/uploads\/2019\/10\/103_2167.jpg 640w\" sizes=\"auto, (max-width: 227px) 100vw, 227px\" \/><\/span><\/p>\n<p style=\"text-align: center;\"><span style=\"font-size: 14pt; font-family: georgia, palatino, serif;\"><em><span style=\"color: #dc4f22;\">\u00a0R\u00e9aliser votre sauce et maintenez-la au chaud, mettre la p\u00e2te dans le moule \u00e0 tarte, couper les bords et piquer le fond avec une fourchette.<\/span><\/em><\/span><\/p>\n<p style=\"text-align: center;\"><span style=\"color: #dc4f22; font-family: georgia, palatino, serif; font-size: 14pt;\"> <img loading=\"lazy\" decoding=\"async\" class=\"alignnone wp-image-5893\" src=\"http:\/\/recettes-gourmandes-de-joce.fr\/wp-content\/uploads\/2019\/10\/Logitech-Gaming-Software-16102019-172550-150x150.jpg\" alt=\"\" width=\"240\" height=\"170\" srcset=\"http:\/\/recettes-gourmandes-de-joce.fr\/wp-content\/uploads\/2019\/10\/Logitech-Gaming-Software-16102019-172550-300x213.jpg 300w, http:\/\/recettes-gourmandes-de-joce.fr\/wp-content\/uploads\/2019\/10\/Logitech-Gaming-Software-16102019-172550.jpg 640w\" sizes=\"auto, (max-width: 240px) 100vw, 240px\" \/> <img loading=\"lazy\" decoding=\"async\" class=\"alignnone wp-image-5851\" src=\"http:\/\/recettes-gourmandes-de-joce.fr\/wp-content\/uploads\/2019\/10\/103_2165-150x150.jpg\" alt=\"\" width=\"227\" height=\"170\" srcset=\"http:\/\/recettes-gourmandes-de-joce.fr\/wp-content\/uploads\/2019\/10\/103_2165-300x225.jpg 300w, http:\/\/recettes-gourmandes-de-joce.fr\/wp-content\/uploads\/2019\/10\/103_2165.jpg 640w\" sizes=\"auto, (max-width: 227px) 100vw, 227px\" \/> <img loading=\"lazy\" decoding=\"async\" class=\"alignnone wp-image-5852\" src=\"http:\/\/recettes-gourmandes-de-joce.fr\/wp-content\/uploads\/2019\/10\/103_2166-150x150.jpg\" alt=\"\" width=\"227\" height=\"170\" srcset=\"http:\/\/recettes-gourmandes-de-joce.fr\/wp-content\/uploads\/2019\/10\/103_2166-300x225.jpg 300w, http:\/\/recettes-gourmandes-de-joce.fr\/wp-content\/uploads\/2019\/10\/103_2166.jpg 640w\" sizes=\"auto, (max-width: 227px) 100vw, 227px\" \/><\/span><\/p>\n<p style=\"text-align: center;\"><span style=\"color: #dc4f22; font-family: georgia, palatino, serif; font-size: 14pt;\"><em>Eplucher et enlever les p\u00e9pins des pommes, les couper<\/em><em> en tranches \u00e9paisses, mettez l\u00e8s dans un bol d&rsquo;eau citronn\u00e9. Dans une po\u00eale mettre le beurre \u00e0 fondre. Y d\u00e9poser les tranches de 3 pommes (r\u00e9server les tranches des 2 pommes restantes), les parsemer de vergeoise et de cannelle sur les deux faces, les laisser caram\u00e9liser en les retournant r\u00e9guli\u00e8rement.<\/em><\/span><\/p>\n<p style=\"text-align: center;\"><span style=\"font-family: georgia, palatino, serif; font-size: 14pt;\"><img loading=\"lazy\" decoding=\"async\" class=\"alignnone wp-image-5854\" src=\"http:\/\/recettes-gourmandes-de-joce.fr\/wp-content\/uploads\/2019\/10\/103_2170-150x150.jpg\" alt=\"\" width=\"227\" height=\"170\" srcset=\"http:\/\/recettes-gourmandes-de-joce.fr\/wp-content\/uploads\/2019\/10\/103_2170-300x225.jpg 300w, http:\/\/recettes-gourmandes-de-joce.fr\/wp-content\/uploads\/2019\/10\/103_2170.jpg 640w\" sizes=\"auto, (max-width: 227px) 100vw, 227px\" \/> <img loading=\"lazy\" decoding=\"async\" class=\"alignnone wp-image-5858\" src=\"http:\/\/recettes-gourmandes-de-joce.fr\/wp-content\/uploads\/2019\/10\/103_2178-150x150.jpg\" alt=\"\" width=\"227\" height=\"170\" srcset=\"http:\/\/recettes-gourmandes-de-joce.fr\/wp-content\/uploads\/2019\/10\/103_2178-300x225.jpg 300w, http:\/\/recettes-gourmandes-de-joce.fr\/wp-content\/uploads\/2019\/10\/103_2178.jpg 640w\" sizes=\"auto, (max-width: 227px) 100vw, 227px\" \/> <img loading=\"lazy\" decoding=\"async\" class=\"alignnone wp-image-5859\" src=\"http:\/\/recettes-gourmandes-de-joce.fr\/wp-content\/uploads\/2019\/10\/103_2180-150x150.jpg\" alt=\"\" width=\"227\" height=\"170\" srcset=\"http:\/\/recettes-gourmandes-de-joce.fr\/wp-content\/uploads\/2019\/10\/103_2180-300x225.jpg 300w, http:\/\/recettes-gourmandes-de-joce.fr\/wp-content\/uploads\/2019\/10\/103_2180.jpg 640w\" sizes=\"auto, (max-width: 227px) 100vw, 227px\" \/><\/span><\/p>\n<p style=\"text-align: center;\"><span style=\"color: #dc4f22; font-size: 14pt; font-family: georgia, palatino, serif;\"><em>Ajouter ensuite les amandes et 3 c \u00e0 s de sauce au caramel, m\u00e9langer d\u00e9licatement.<\/em><\/span><\/p>\n<p style=\"text-align: center;\"><span style=\"font-family: georgia, palatino, serif; font-size: 14pt;\"><img loading=\"lazy\" decoding=\"async\" class=\"alignnone wp-image-5861\" src=\"http:\/\/recettes-gourmandes-de-joce.fr\/wp-content\/uploads\/2019\/10\/103_2185-150x150.jpg\" alt=\"\" width=\"227\" height=\"170\" srcset=\"http:\/\/recettes-gourmandes-de-joce.fr\/wp-content\/uploads\/2019\/10\/103_2185-300x225.jpg 300w, http:\/\/recettes-gourmandes-de-joce.fr\/wp-content\/uploads\/2019\/10\/103_2185.jpg 640w\" sizes=\"auto, (max-width: 227px) 100vw, 227px\" \/><\/span><\/p>\n<p style=\"text-align: center;\"><span style=\"font-family: georgia, palatino, serif; font-size: 14pt;\">\u00a0<em><span style=\"color: #dc4f22;\">R\u00e9partir les pommes sur la tarte, disposer dessus les deux pommes tranch\u00e9es et r\u00e9serv\u00e9es, ajouter la c \u00e0 s de sauce au caramel restante et parsemer de quelques amandes. Enfourner 30 minutes environ selon les fours \u00e0 200\u00b0.<\/span><\/em><\/span><\/p>\n<p style=\"text-align: center;\"><span style=\"font-size: 14pt; font-family: georgia, palatino, serif;\"><em><span style=\"color: #dc4f22;\">L&rsquo;acidit\u00e9 des pommes non caram\u00e9lis\u00e9es donne une parfaite harmonie de saveurs avec le caramel.<\/span><\/em><\/span><\/p>\n<p style=\"text-align: center;\"><span style=\"font-size: 14pt; font-family: georgia, palatino, serif;\"><em><span style=\"color: #dc4f22;\">Bon app\u00e9tit!<\/span><\/em><\/span><\/p>\n<p style=\"text-align: center;\"><span style=\"font-family: georgia, palatino, serif; font-size: 14pt;\"><img loading=\"lazy\" decoding=\"async\" class=\"alignnone wp-image-5874\" src=\"http:\/\/recettes-gourmandes-de-joce.fr\/wp-content\/uploads\/2019\/10\/103_2199-150x150.jpg\" alt=\"\" width=\"269\" height=\"175\" srcset=\"http:\/\/recettes-gourmandes-de-joce.fr\/wp-content\/uploads\/2019\/10\/103_2199-300x195.jpg 300w, http:\/\/recettes-gourmandes-de-joce.fr\/wp-content\/uploads\/2019\/10\/103_2199.jpg 640w\" sizes=\"auto, (max-width: 269px) 100vw, 269px\" \/> <img loading=\"lazy\" decoding=\"async\" class=\"alignnone wp-image-5863\" src=\"http:\/\/recettes-gourmandes-de-joce.fr\/wp-content\/uploads\/2019\/10\/103_2192-150x150.jpg\" alt=\"\" width=\"233\" height=\"175\" srcset=\"http:\/\/recettes-gourmandes-de-joce.fr\/wp-content\/uploads\/2019\/10\/103_2192-300x225.jpg 300w, http:\/\/recettes-gourmandes-de-joce.fr\/wp-content\/uploads\/2019\/10\/103_2192.jpg 640w\" sizes=\"auto, (max-width: 233px) 100vw, 233px\" \/> <img loading=\"lazy\" decoding=\"async\" class=\"alignnone wp-image-5864\" src=\"http:\/\/recettes-gourmandes-de-joce.fr\/wp-content\/uploads\/2019\/10\/103_2195-150x150.jpg\" alt=\"\" width=\"233\" height=\"175\" srcset=\"http:\/\/recettes-gourmandes-de-joce.fr\/wp-content\/uploads\/2019\/10\/103_2195-300x225.jpg 300w, http:\/\/recettes-gourmandes-de-joce.fr\/wp-content\/uploads\/2019\/10\/103_2195.jpg 640w\" sizes=\"auto, (max-width: 233px) 100vw, 233px\" \/><\/span><\/p>\n<p style=\"text-align: center;\"><span style=\"font-family: georgia, palatino, serif;\"><img loading=\"lazy\" decoding=\"async\" class=\"alignnone size-full wp-image-557\" src=\"http:\/\/recettes-gourmandes-de-joce.fr\/wp-content\/uploads\/2019\/09\/logitech-gaming-software-14112014-121223.jpg\" alt=\"\" width=\"800\" height=\"180\" srcset=\"http:\/\/recettes-gourmandes-de-joce.fr\/wp-content\/uploads\/2019\/09\/logitech-gaming-software-14112014-121223.jpg 800w, http:\/\/recettes-gourmandes-de-joce.fr\/wp-content\/uploads\/2019\/09\/logitech-gaming-software-14112014-121223-300x68.jpg 300w, http:\/\/recettes-gourmandes-de-joce.fr\/wp-content\/uploads\/2019\/09\/logitech-gaming-software-14112014-121223-768x173.jpg 768w\" sizes=\"auto, (max-width: 800px) 100vw, 800px\" \/><\/span><\/p>\n<h3><span style=\"font-family: georgia, palatino, serif;\">Commentaires\u00a0<small>(2)<\/small><\/span><\/h3>\n<div class=\"items-container\">\n<div class=\"item item-comment media\">\n<div class=\"pull-left\">\n<p><span style=\"font-family: georgia, palatino, serif;\">image: https:\/\/www.gravatar.com\/avatar\/53ad1043068a01e06d64767d170265b2?d=https%3A%2F%2Fwww.recettes-gourmandes-de-joce.com%2Fmedias%2Fstatic%2Fmanager%2Fim%2Favatar.png?s=50&amp;d=mm<\/span><\/p>\n<p><span style=\"font-family: georgia, palatino, serif;\"><img decoding=\"async\" class=\"media-object\" src=\"https:\/\/www.gravatar.com\/avatar\/53ad1043068a01e06d64767d170265b2?d=https%3A%2F%2Fwww.recettes-gourmandes-de-joce.com%2Fmedias%2Fstatic%2Fmanager%2Fim%2Favatar.png?s=50&amp;d=mm\" alt=\"Royal Chill\" width=\"50\" \/><\/span><\/p>\n<\/div>\n<div class=\"media-body\">\n<ul class=\"inline item-infos\">\n<li><span style=\"font-family: georgia, palatino, serif;\"><span class=\"comment-number\">1.<\/span>\u00a0<span class=\"comment-author\">Royal Chill\u00a0(<a rel=\"nofollow\">site web<\/a>)<\/span>\u00a0<span class=\"comment-date\">| 13\/11\/2013<\/span><\/span><\/li>\n<\/ul>\n<div class=\"comment-content\"><span style=\"font-family: georgia, palatino, serif;\">Cette version nous fait d\u00e9j\u00e0 saliver, \u00e7a a l&rsquo;air vraiment d\u00e9licieux ! Merci beaucoup pour le clin d&rsquo;\u0153il et ravies de t&rsquo;avoir inspir\u00e9e ! On en veut un bout ! Bises et merci encore !<\/span><\/div>\n<div class=\"item item-comment media by-webmaster\">\n<div class=\"pull-left\">\n<p>&nbsp;<\/p>\n<p><span style=\"font-family: georgia, palatino, serif;\"><\/span><\/p>\n<\/div>\n<div class=\"media-body\">\n<ul class=\"inline item-infos\">\n<li><span style=\"font-family: georgia, palatino, serif;\"><span class=\"comment-author\">jocelyne debon\u00a0(<a rel=\"nofollow\">site web<\/a>)<\/span>\u00a0<span class=\"comment-date\">| 13\/11\/2013<\/span><\/span><\/li>\n<\/ul>\n<div class=\"comment-content\"><span style=\"font-family: georgia, palatino, serif;\">Coucou<\/span><\/div>\n<div class=\"comment-content\"><span style=\"font-family: georgia, palatino, serif;\"> Mais de rien merci \u00e0 toi aussi pour cette d\u00e9licieuse tartelette qui m&rsquo;a inspir\u00e9e <\/span><\/div>\n<div class=\"comment-content\"><span style=\"font-family: georgia, palatino, serif;\">Passe une belle soir\u00e9e <\/span><\/div>\n<div class=\"comment-content\"><span style=\"font-family: georgia, palatino, serif;\">Au plaisir<\/span><\/div>\n<div class=\"comment-content\"><span style=\"font-family: georgia, palatino, serif;\"> Bises<\/span><\/div>\n<div class=\"comment-content\"><span style=\"font-family: georgia, palatino, serif;\"> Amicalement Joce<\/span><\/div>\n<\/div>\n<\/div>\n<\/div>\n<\/div>\n<\/div>\n","protected":false},"excerpt":{"rendered":"<p>Inspir\u00e9e d&rsquo;une recette du site\u00a0 royalchill.com\u00a0revue \u00e0 ma fa\u00e7on Ingr\u00e9dients \u00a05 belles pommes type Canada 4 c \u00e0 s de sauce caramel beurre sal\u00e9 1 c \u00e0 c de cannelle -&gt; \u00c9pic\u00e9too 2 c \u00e0 s d&rsquo;amandes\u00a0effil\u00e9es 1 c \u00e0 s de jus de citron 2 c \u00e0 s de vergeoise brune 1 p\u00e2te feuillet\u00e9e &hellip; <\/p>\n<p><a class=\"more-link btn\" href=\"http:\/\/recettes-gourmandes-de-joce.fr\/index.php\/index\/desserts\/tartes-et-tartelettes-sucrees\/tarte-aux-pommes-caramel-beurre-sale-et-amandes\/\">Lire la suite<\/a><\/p>\n","protected":false},"author":2,"featured_media":80731,"parent":47531,"menu_order":0,"comment_status":"open","ping_status":"closed","template":"","meta":{"footnotes":""},"class_list":["post-5892","page","type-page","status-publish","has-post-thumbnail","hentry","nodate","item-wrap"],"_links":{"self":[{"href":"http:\/\/recettes-gourmandes-de-joce.fr\/index.php\/wp-json\/wp\/v2\/pages\/5892","targetHints":{"allow":["GET"]}}],"collection":[{"href":"http:\/\/recettes-gourmandes-de-joce.fr\/index.php\/wp-json\/wp\/v2\/pages"}],"about":[{"href":"http:\/\/recettes-gourmandes-de-joce.fr\/index.php\/wp-json\/wp\/v2\/types\/page"}],"author":[{"embeddable":true,"href":"http:\/\/recettes-gourmandes-de-joce.fr\/index.php\/wp-json\/wp\/v2\/users\/2"}],"replies":[{"embeddable":true,"href":"http:\/\/recettes-gourmandes-de-joce.fr\/index.php\/wp-json\/wp\/v2\/comments?post=5892"}],"version-history":[{"count":6,"href":"http:\/\/recettes-gourmandes-de-joce.fr\/index.php\/wp-json\/wp\/v2\/pages\/5892\/revisions"}],"predecessor-version":[{"id":94067,"href":"http:\/\/recettes-gourmandes-de-joce.fr\/index.php\/wp-json\/wp\/v2\/pages\/5892\/revisions\/94067"}],"up":[{"embeddable":true,"href":"http:\/\/recettes-gourmandes-de-joce.fr\/index.php\/wp-json\/wp\/v2\/pages\/47531"}],"wp:featuredmedia":[{"embeddable":true,"href":"http:\/\/recettes-gourmandes-de-joce.fr\/index.php\/wp-json\/wp\/v2\/media\/80731"}],"wp:attachment":[{"href":"http:\/\/recettes-gourmandes-de-joce.fr\/index.php\/wp-json\/wp\/v2\/media?parent=5892"}],"curies":[{"name":"wp","href":"https:\/\/api.w.org\/{rel}","templated":true}]}}