{"id":58232,"date":"2023-12-14T00:31:44","date_gmt":"2023-12-14T00:31:44","guid":{"rendered":"https:\/\/recettes-gourmandes-de-joce.fr\/?page_id=58232"},"modified":"2024-04-14T16:24:22","modified_gmt":"2024-04-14T16:24:22","slug":"assiette-damuses-bouches","status":"publish","type":"page","link":"http:\/\/recettes-gourmandes-de-joce.fr\/index.php\/index\/aperitifs-amuses-bouches\/amuses-bouches\/assiette-damuses-bouches\/","title":{"rendered":"Assiette d&rsquo;amuses bouches."},"content":{"rendered":"<p style=\"text-align: center;\"><span style=\"font-family: georgia, palatino, serif; color: #ff6600;\"><em><span style=\"text-decoration: underline; font-size: 18pt;\">Mes recettes<\/span><\/em><\/span><\/p>\n<p style=\"text-align: center;\"><span style=\"color: #ff6600;\"><img loading=\"lazy\" decoding=\"async\" class=\"alignnone wp-image-58224\" src=\"http:\/\/recettes-gourmandes-de-joce.fr\/wp-content\/uploads\/2023\/12\/image0000051.jpg\" alt=\"\" width=\"251\" height=\"180\" \/> <img loading=\"lazy\" decoding=\"async\" class=\"alignnone wp-image-58223\" src=\"http:\/\/recettes-gourmandes-de-joce.fr\/wp-content\/uploads\/2023\/12\/image0000031.jpg\" alt=\"\" width=\"160\" height=\"180\" \/> <img loading=\"lazy\" decoding=\"async\" class=\"alignnone wp-image-58221\" src=\"http:\/\/recettes-gourmandes-de-joce.fr\/wp-content\/uploads\/2023\/12\/image00000015.jpg\" alt=\"\" width=\"199\" height=\"180\" \/><\/span><\/p>\n<p style=\"text-align: center;\"><span style=\"color: #ff6600;\"><em><span style=\"font-size: 14pt; font-family: georgia, palatino, serif;\">Une id\u00e9e pour les repas de f\u00eates, composition de l&rsquo;assiette, cliquez sur les titres ou les photos pour vous rendre sur les recettes \ud83d\ude42<\/span><\/em><\/span><\/p>\n<p style=\"text-align: center;\"><a href=\"http:\/\/recettes-gourmandes-de-joce.fr\/index.php\/index\/aperitifs-amuses-bouches\/amuses-bouches\/48231-2\/\"><span style=\"color: #800080;\"><span style=\"font-size: 14pt; font-family: georgia, palatino, serif;\"><em>Mini burgers au saumon gravlax et fromage frais persill\u00e9.<\/em><\/span><span style=\"font-size: 14pt; font-family: georgia, palatino, serif;\"><em><img loading=\"lazy\" decoding=\"async\" class=\"alignnone wp-image-58219\" src=\"http:\/\/recettes-gourmandes-de-joce.fr\/wp-content\/uploads\/2023\/12\/20231202_220617.jpg\" alt=\"\" width=\"266\" height=\"155\" srcset=\"http:\/\/recettes-gourmandes-de-joce.fr\/wp-content\/uploads\/2023\/12\/20231202_220617.jpg 800w, http:\/\/recettes-gourmandes-de-joce.fr\/wp-content\/uploads\/2023\/12\/20231202_220617-768x448.jpg 768w, http:\/\/recettes-gourmandes-de-joce.fr\/wp-content\/uploads\/2023\/12\/20231202_220617-750x438.jpg 750w\" sizes=\"auto, (max-width: 266px) 100vw, 266px\" \/><\/em><\/span><\/span><\/a><\/p>\n<p style=\"text-align: center;\"><a href=\"http:\/\/recettes-gourmandes-de-joce.fr\/index.php\/index\/aperitifs-amuses-bouches\/amuses-bouches\/mini-burgers-au-jambon-de-pays-ou-magret-de-canard-seche-fromage-de-brebis\/\"><span style=\"color: #800080;\"><span style=\"font-size: 14pt; font-family: georgia, palatino, serif;\"><em>Mini burgers au jambon de pays, magret de canard s\u00e9ch\u00e9, fromage de brebis.<\/em><\/span><em style=\"font-family: georgia, palatino, serif; font-size: 18.6667px;\"><img loading=\"lazy\" decoding=\"async\" class=\"alignnone wp-image-58226\" src=\"http:\/\/recettes-gourmandes-de-joce.fr\/wp-content\/uploads\/2023\/12\/20231202_180121.jpg\" alt=\"\" width=\"207\" height=\"155\" srcset=\"http:\/\/recettes-gourmandes-de-joce.fr\/wp-content\/uploads\/2023\/12\/20231202_180121.jpg 800w, http:\/\/recettes-gourmandes-de-joce.fr\/wp-content\/uploads\/2023\/12\/20231202_180121-768x576.jpg 768w, http:\/\/recettes-gourmandes-de-joce.fr\/wp-content\/uploads\/2023\/12\/20231202_180121-750x563.jpg 750w\" sizes=\"auto, (max-width: 207px) 100vw, 207px\" \/><\/em><\/span><\/a><\/p>\n<p style=\"text-align: center;\"><a href=\"http:\/\/recettes-gourmandes-de-joce.fr\/index.php\/index\/aperitifs-amuses-bouches\/amuses-bouches\/mini-club-sandwichs-a-la-tartinade-de-chorizo-concombre-et-fromage-frais\/\"><span style=\"color: #800080;\"><span style=\"font-size: 14pt; font-family: georgia, palatino, serif;\"><em>Mini club sandwichs \u00e0 la tartinade de chorizo, concombre et fromage frais. <\/em><\/span><span style=\"font-size: 14pt; font-family: georgia, palatino, serif;\"><em><img loading=\"lazy\" decoding=\"async\" class=\"alignnone wp-image-58216\" src=\"http:\/\/recettes-gourmandes-de-joce.fr\/wp-content\/uploads\/2023\/12\/20231202_180146.jpg\" alt=\"\" width=\"244\" height=\"155\" srcset=\"http:\/\/recettes-gourmandes-de-joce.fr\/wp-content\/uploads\/2023\/12\/20231202_180146.jpg 800w, http:\/\/recettes-gourmandes-de-joce.fr\/wp-content\/uploads\/2023\/12\/20231202_180146-768x489.jpg 768w, http:\/\/recettes-gourmandes-de-joce.fr\/wp-content\/uploads\/2023\/12\/20231202_180146-750x477.jpg 750w\" sizes=\"auto, (max-width: 244px) 100vw, 244px\" \/><\/em><\/span><\/span><\/a><\/p>\n<p style=\"text-align: center;\"><a href=\"http:\/\/recettes-gourmandes-de-joce.fr\/index.php\/index\/aperitifs-amuses-bouches\/verrines-froides\/verrines-de-moules-a-la-catalane\/\"><span style=\"color: #800080;\"><span style=\"text-align: start;\"><span style=\"font-size: 14pt; font-family: georgia, palatino, serif;\"><em>Verrines de moules \u00e0 la catalane.<\/em> <\/span><img loading=\"lazy\" decoding=\"async\" class=\"alignnone wp-image-58121\" src=\"http:\/\/recettes-gourmandes-de-joce.fr\/wp-content\/uploads\/2023\/12\/20231202_145613.jpg\" alt=\"\" width=\"207\" height=\"155\" srcset=\"http:\/\/recettes-gourmandes-de-joce.fr\/wp-content\/uploads\/2023\/12\/20231202_145613.jpg 800w, http:\/\/recettes-gourmandes-de-joce.fr\/wp-content\/uploads\/2023\/12\/20231202_145613-768x576.jpg 768w, http:\/\/recettes-gourmandes-de-joce.fr\/wp-content\/uploads\/2023\/12\/20231202_145613-750x563.jpg 750w\" sizes=\"auto, (max-width: 207px) 100vw, 207px\" \/><\/span><\/span><\/a><\/p>\n<p style=\"text-align: center;\"><a href=\"http:\/\/recettes-gourmandes-de-joce.fr\/index.php\/index\/aperitifs-amuses-bouches\/verrines-froides\/verrines-aperitives-tomate-olives-chevre-frais-aux-saveurs-provencales\/\"><span style=\"color: #800080;\"><span style=\"font-size: 14pt; font-family: georgia, palatino, serif;\"><em>Verrines ap\u00e9ritives tomate, olives, ch\u00e8vre frais aux saveurs proven\u00e7ales<\/em><\/span><img loading=\"lazy\" decoding=\"async\" class=\"alignnone wp-image-24208\" src=\"http:\/\/recettes-gourmandes-de-joce.fr\/wp-content\/uploads\/2020\/07\/20200724_143249-300x225.jpg\" alt=\"\" width=\"207\" height=\"155\" srcset=\"http:\/\/recettes-gourmandes-de-joce.fr\/wp-content\/uploads\/2020\/07\/20200724_143249-300x225.jpg 300w, http:\/\/recettes-gourmandes-de-joce.fr\/wp-content\/uploads\/2020\/07\/20200724_143249-768x576.jpg 768w, http:\/\/recettes-gourmandes-de-joce.fr\/wp-content\/uploads\/2020\/07\/20200724_143249.jpg 800w\" sizes=\"auto, (max-width: 207px) 100vw, 207px\" \/><\/span><\/a><\/p>\n<p style=\"text-align: center;\"><a href=\"http:\/\/recettes-gourmandes-de-joce.fr\/index.php\/index\/aperitifs-amuses-bouches\/verrines-froides\/verrines-aperitives-basques-au-jambon-et-fromage-de-brebis\/\"><span style=\"color: #800080;\"><span style=\"font-size: 14pt; font-family: georgia, palatino, serif;\"><em>Verrines ap\u00e9ritives basques au jambon et fromage de brebis <\/em><\/span><span style=\"font-size: 14pt; font-family: georgia, palatino, serif;\"><em><img loading=\"lazy\" decoding=\"async\" class=\"alignnone wp-image-58233\" src=\"http:\/\/recettes-gourmandes-de-joce.fr\/wp-content\/uploads\/2023\/12\/20231202_161000.jpg\" alt=\"\" width=\"257\" height=\"155\" srcset=\"http:\/\/recettes-gourmandes-de-joce.fr\/wp-content\/uploads\/2023\/12\/20231202_161000.jpg 800w, http:\/\/recettes-gourmandes-de-joce.fr\/wp-content\/uploads\/2023\/12\/20231202_161000-768x463.jpg 768w, http:\/\/recettes-gourmandes-de-joce.fr\/wp-content\/uploads\/2023\/12\/20231202_161000-750x452.jpg 750w\" sizes=\"auto, (max-width: 257px) 100vw, 257px\" \/><\/em><\/span><\/span><\/a><\/p>\n<p style=\"text-align: center;\"><a href=\"http:\/\/recettes-gourmandes-de-joce.fr\/index.php\/index\/aperitifs-amuses-bouches\/amuses-bouches\/prefou-de-vendee-a-lail-ou-au-chevre\/\"><span style=\"color: #800080;\"><span style=\"font-size: 14pt; font-family: georgia, palatino, serif;\"><em>Pr\u00e9fou de Vend\u00e9e \u00e0 l\u2019ail ou au ch\u00e8vre <img loading=\"lazy\" decoding=\"async\" class=\"alignnone wp-image-9438\" src=\"http:\/\/recettes-gourmandes-de-joce.fr\/wp-content\/uploads\/2019\/11\/P8211710-2-300x225.jpg\" alt=\"\" width=\"207\" height=\"155\" srcset=\"http:\/\/recettes-gourmandes-de-joce.fr\/wp-content\/uploads\/2019\/11\/P8211710-2-300x225.jpg 300w, http:\/\/recettes-gourmandes-de-joce.fr\/wp-content\/uploads\/2019\/11\/P8211710-2.jpg 640w\" sizes=\"auto, (max-width: 207px) 100vw, 207px\" \/><\/em><\/span><\/span><\/a><\/p>\n<p style=\"text-align: center;\"><span style=\"color: #800080;\"><img loading=\"lazy\" decoding=\"async\" class=\"alignnone size-full wp-image-58090\" src=\"http:\/\/recettes-gourmandes-de-joce.fr\/wp-content\/uploads\/2023\/11\/logitech-gaming-software-14112014-121223.jpg\" alt=\"\" width=\"640\" height=\"144\" \/><\/span><\/p>\n<div class=\"entry-content clearfix\">\n<div class=\"pf-content\"><\/div>\n<\/div>\n<p>&nbsp;<\/p>\n","protected":false},"excerpt":{"rendered":"<p>Mes recettes Une id\u00e9e pour les repas de f\u00eates, composition de l&rsquo;assiette, cliquez sur les titres ou les photos pour vous rendre sur les recettes \ud83d\ude42 Mini burgers au saumon gravlax et fromage frais persill\u00e9. Mini burgers au jambon de pays, magret de canard s\u00e9ch\u00e9, fromage de brebis. Mini club sandwichs \u00e0 la tartinade de &hellip; <\/p>\n<p><a class=\"more-link btn\" href=\"http:\/\/recettes-gourmandes-de-joce.fr\/index.php\/index\/aperitifs-amuses-bouches\/amuses-bouches\/assiette-damuses-bouches\/\">Lire la suite<\/a><\/p>\n","protected":false},"author":2,"featured_media":69140,"parent":195,"menu_order":0,"comment_status":"open","ping_status":"closed","template":"","meta":{"footnotes":""},"class_list":["post-58232","page","type-page","status-publish","has-post-thumbnail","hentry","nodate","item-wrap"],"_links":{"self":[{"href":"http:\/\/recettes-gourmandes-de-joce.fr\/index.php\/wp-json\/wp\/v2\/pages\/58232","targetHints":{"allow":["GET"]}}],"collection":[{"href":"http:\/\/recettes-gourmandes-de-joce.fr\/index.php\/wp-json\/wp\/v2\/pages"}],"about":[{"href":"http:\/\/recettes-gourmandes-de-joce.fr\/index.php\/wp-json\/wp\/v2\/types\/page"}],"author":[{"embeddable":true,"href":"http:\/\/recettes-gourmandes-de-joce.fr\/index.php\/wp-json\/wp\/v2\/users\/2"}],"replies":[{"embeddable":true,"href":"http:\/\/recettes-gourmandes-de-joce.fr\/index.php\/wp-json\/wp\/v2\/comments?post=58232"}],"version-history":[{"count":7,"href":"http:\/\/recettes-gourmandes-de-joce.fr\/index.php\/wp-json\/wp\/v2\/pages\/58232\/revisions"}],"predecessor-version":[{"id":69141,"href":"http:\/\/recettes-gourmandes-de-joce.fr\/index.php\/wp-json\/wp\/v2\/pages\/58232\/revisions\/69141"}],"up":[{"embeddable":true,"href":"http:\/\/recettes-gourmandes-de-joce.fr\/index.php\/wp-json\/wp\/v2\/pages\/195"}],"wp:featuredmedia":[{"embeddable":true,"href":"http:\/\/recettes-gourmandes-de-joce.fr\/index.php\/wp-json\/wp\/v2\/media\/69140"}],"wp:attachment":[{"href":"http:\/\/recettes-gourmandes-de-joce.fr\/index.php\/wp-json\/wp\/v2\/media?parent=58232"}],"curies":[{"name":"wp","href":"https:\/\/api.w.org\/{rel}","templated":true}]}}