{"id":58089,"date":"2023-11-30T00:17:29","date_gmt":"2023-11-30T00:17:29","guid":{"rendered":"http:\/\/recettes-gourmandes-de-joce.fr\/?page_id=58089"},"modified":"2024-08-16T12:51:49","modified_gmt":"2024-08-16T12:51:49","slug":"pintade-rotie-a-lail-sauce-cremee-a-lail","status":"publish","type":"page","link":"http:\/\/recettes-gourmandes-de-joce.fr\/index.php\/index\/viandes\/volailles\/canard-pintade\/pintade-rotie-a-lail-sauce-cremee-a-lail\/","title":{"rendered":"Pintade r\u00f4tie \u00e0 l&rsquo;ail, sauce cr\u00e9m\u00e9e \u00e0 l&rsquo;ail."},"content":{"rendered":"<p style=\"text-align: center;\"><span style=\"text-decoration: underline; color: #d4720b;\"><span style=\"font-size: 18pt; font-family: georgia, palatino, serif;\"><em>Une de mes recettes<\/em><\/span><\/span><\/p>\n<p style=\"text-align: center;\"><span style=\"color: #d4720b;\"><img loading=\"lazy\" decoding=\"async\" class=\"alignnone wp-image-58086\" src=\"http:\/\/recettes-gourmandes-de-joce.fr\/wp-content\/uploads\/2023\/11\/20231129_210835.jpg\" alt=\"\" width=\"230\" height=\"180\" srcset=\"http:\/\/recettes-gourmandes-de-joce.fr\/wp-content\/uploads\/2023\/11\/20231129_210835.jpg 800w, http:\/\/recettes-gourmandes-de-joce.fr\/wp-content\/uploads\/2023\/11\/20231129_210835-768x601.jpg 768w, http:\/\/recettes-gourmandes-de-joce.fr\/wp-content\/uploads\/2023\/11\/20231129_210835-750x587.jpg 750w\" sizes=\"auto, (max-width: 230px) 100vw, 230px\" \/> <img loading=\"lazy\" decoding=\"async\" class=\"alignnone wp-image-58088\" src=\"http:\/\/recettes-gourmandes-de-joce.fr\/wp-content\/uploads\/2023\/11\/20231129_211021.jpg\" alt=\"\" width=\"240\" height=\"180\" srcset=\"http:\/\/recettes-gourmandes-de-joce.fr\/wp-content\/uploads\/2023\/11\/20231129_211021.jpg 800w, http:\/\/recettes-gourmandes-de-joce.fr\/wp-content\/uploads\/2023\/11\/20231129_211021-768x576.jpg 768w, http:\/\/recettes-gourmandes-de-joce.fr\/wp-content\/uploads\/2023\/11\/20231129_211021-750x563.jpg 750w\" sizes=\"auto, (max-width: 240px) 100vw, 240px\" \/> <img loading=\"lazy\" decoding=\"async\" class=\"alignnone wp-image-58084\" src=\"http:\/\/recettes-gourmandes-de-joce.fr\/wp-content\/uploads\/2023\/11\/20231129_210825.jpg\" alt=\"\" width=\"240\" height=\"180\" srcset=\"http:\/\/recettes-gourmandes-de-joce.fr\/wp-content\/uploads\/2023\/11\/20231129_210825.jpg 800w, http:\/\/recettes-gourmandes-de-joce.fr\/wp-content\/uploads\/2023\/11\/20231129_210825-768x576.jpg 768w, http:\/\/recettes-gourmandes-de-joce.fr\/wp-content\/uploads\/2023\/11\/20231129_210825-750x563.jpg 750w\" sizes=\"auto, (max-width: 240px) 100vw, 240px\" \/> <img loading=\"lazy\" decoding=\"async\" class=\"alignnone wp-image-58063\" src=\"http:\/\/recettes-gourmandes-de-joce.fr\/wp-content\/uploads\/2023\/11\/20231129_211027.jpg\" alt=\"\" width=\"240\" height=\"180\" srcset=\"http:\/\/recettes-gourmandes-de-joce.fr\/wp-content\/uploads\/2023\/11\/20231129_211027.jpg 800w, http:\/\/recettes-gourmandes-de-joce.fr\/wp-content\/uploads\/2023\/11\/20231129_211027-768x576.jpg 768w, http:\/\/recettes-gourmandes-de-joce.fr\/wp-content\/uploads\/2023\/11\/20231129_211027-750x563.jpg 750w\" sizes=\"auto, (max-width: 240px) 100vw, 240px\" \/><\/span><\/p>\n<p style=\"text-align: center;\"><span style=\"text-decoration: underline; color: #d4720b;\"><span style=\"font-size: 18pt; font-family: georgia, palatino, serif;\"><em> Ingr\u00e9dients pour 3 personnes<\/em><\/span><\/span><\/p>\n<p style=\"text-align: center;\"><span style=\"color: #d4720b;\"><img loading=\"lazy\" decoding=\"async\" class=\"alignnone wp-image-58064\" src=\"http:\/\/recettes-gourmandes-de-joce.fr\/wp-content\/uploads\/2023\/11\/20231129_191746-Copie.jpg\" alt=\"\" width=\"194\" height=\"200\" srcset=\"http:\/\/recettes-gourmandes-de-joce.fr\/wp-content\/uploads\/2023\/11\/20231129_191746-Copie.jpg 774w, http:\/\/recettes-gourmandes-de-joce.fr\/wp-content\/uploads\/2023\/11\/20231129_191746-Copie-768x794.jpg 768w, http:\/\/recettes-gourmandes-de-joce.fr\/wp-content\/uploads\/2023\/11\/20231129_191746-Copie-750x775.jpg 750w\" sizes=\"auto, (max-width: 194px) 100vw, 194px\" \/><\/span><\/p>\n<p style=\"text-align: center;\"><span style=\"font-family: georgia, palatino, serif; color: #d4720b;\"><em><span style=\"font-size: 14pt;\">1 pintade <\/span><\/em><\/span><\/p>\n<p style=\"text-align: center;\"><span style=\"font-family: georgia, palatino, serif; color: #d4720b;\"><em><span style=\"font-size: 14pt;\">2 c \u00e0 s de cr\u00e8me fra\u00eeche <\/span><\/em><\/span><\/p>\n<p style=\"text-align: center;\"><span style=\"font-family: georgia, palatino, serif; color: #d4720b;\"><em><span style=\"font-size: 14pt;\">10 gousses d&rsquo;ail (les miennes sont tr\u00e8s grosses donc j&rsquo;en ai mis 5) <\/span><\/em><\/span><\/p>\n<p style=\"text-align: center;\"><span style=\"font-family: georgia, palatino, serif; color: #d4720b;\"><em><span style=\"font-size: 14pt;\">1 c \u00e0 d&rsquo;\u00e9pices pour poulet d\u00e9tails sur ce lien -&gt; \u00c9pic\u00e9too <\/span><\/em><\/span><\/p>\n<p style=\"text-align: center;\"><span style=\"font-family: georgia, palatino, serif; color: #d4720b;\"><em><span style=\"font-size: 14pt;\">Huile de tournesol \u00e0 l&rsquo;ail <\/span><\/em><\/span><\/p>\n<p style=\"text-align: center;\"><span style=\"font-family: georgia, palatino, serif; color: #d4720b;\"><em><span style=\"font-size: 14pt;\">1 petit bouquet de persil<\/span><\/em><\/span><\/p>\n<p style=\"text-align: center;\"><span style=\"font-family: georgia, palatino, serif; color: #d4720b;\"><em><span style=\"font-size: 14pt;\">Sel et poivre <\/span><\/em><\/span><\/p>\n<p style=\"text-align: center;\"><span style=\"text-decoration: underline; color: #d4720b;\"><span style=\"font-family: georgia, palatino, serif;\"><em><span style=\"font-size: 14pt;\">Accompagnement <\/span><\/em><\/span><\/span><\/p>\n<p style=\"text-align: center;\"><span style=\"color: #d4720b;\"><span style=\"font-family: georgia, palatino, serif;\"><em><span style=\"font-size: 14pt;\">Frites<\/span><\/em><\/span><em><span style=\"font-size: 14pt; font-family: georgia, palatino, serif;\">\u00a0<\/span><\/em><\/span><\/p>\n<p style=\"text-align: center;\"><span style=\"color: #d4720b;\"><img loading=\"lazy\" decoding=\"async\" class=\"alignnone wp-image-58065\" src=\"http:\/\/recettes-gourmandes-de-joce.fr\/wp-content\/uploads\/2023\/11\/20231129_191922.jpg\" alt=\"\" width=\"263\" height=\"170\" srcset=\"http:\/\/recettes-gourmandes-de-joce.fr\/wp-content\/uploads\/2023\/11\/20231129_191922.jpg 800w, http:\/\/recettes-gourmandes-de-joce.fr\/wp-content\/uploads\/2023\/11\/20231129_191922-768x496.jpg 768w, http:\/\/recettes-gourmandes-de-joce.fr\/wp-content\/uploads\/2023\/11\/20231129_191922-750x485.jpg 750w\" sizes=\"auto, (max-width: 263px) 100vw, 263px\" \/> <img loading=\"lazy\" decoding=\"async\" class=\"alignnone wp-image-58044\" src=\"http:\/\/recettes-gourmandes-de-joce.fr\/wp-content\/uploads\/2023\/11\/pintade-cepes7.jpg\" alt=\"\" width=\"227\" height=\"170\" srcset=\"http:\/\/recettes-gourmandes-de-joce.fr\/wp-content\/uploads\/2023\/11\/pintade-cepes7.jpg 800w, http:\/\/recettes-gourmandes-de-joce.fr\/wp-content\/uploads\/2023\/11\/pintade-cepes7-768x576.jpg 768w, http:\/\/recettes-gourmandes-de-joce.fr\/wp-content\/uploads\/2023\/11\/pintade-cepes7-750x563.jpg 750w\" sizes=\"auto, (max-width: 227px) 100vw, 227px\" \/> <img loading=\"lazy\" decoding=\"async\" class=\"alignnone wp-image-58068\" src=\"http:\/\/recettes-gourmandes-de-joce.fr\/wp-content\/uploads\/2023\/11\/20231129_192055.jpg\" alt=\"\" width=\"207\" height=\"170\" srcset=\"http:\/\/recettes-gourmandes-de-joce.fr\/wp-content\/uploads\/2023\/11\/20231129_192055.jpg 800w, http:\/\/recettes-gourmandes-de-joce.fr\/wp-content\/uploads\/2023\/11\/20231129_192055-768x630.jpg 768w, http:\/\/recettes-gourmandes-de-joce.fr\/wp-content\/uploads\/2023\/11\/20231129_192055-750x615.jpg 750w\" sizes=\"auto, (max-width: 207px) 100vw, 207px\" \/><\/span><\/p>\n<p style=\"text-align: center;\"><em><span style=\"color: #d4720b; font-size: 14pt; font-family: georgia, palatino, serif;\">Peler, d\u00e9germer les gousses d&rsquo;ail les couper en deux. Laver et ciseler le persil. D\u00e9poser la pintade dans un plat allant au four, r\u00e9partir les gousses d&rsquo;ail autour <\/span><\/em><em><span style=\"color: #d4720b; font-size: 14pt; font-family: georgia, palatino, serif;\">(en gardez quelques-unes).<\/span><\/em><\/p>\n<p style=\"text-align: center;\"><em><span style=\"color: #d4720b; font-size: 14pt; font-family: georgia, palatino, serif;\"><img loading=\"lazy\" decoding=\"async\" class=\"alignnone wp-image-58066\" src=\"http:\/\/recettes-gourmandes-de-joce.fr\/wp-content\/uploads\/2023\/11\/20231129_191948.jpg\" alt=\"\" width=\"156\" height=\"170\" \/> <img loading=\"lazy\" decoding=\"async\" class=\"alignnone wp-image-58067\" src=\"http:\/\/recettes-gourmandes-de-joce.fr\/wp-content\/uploads\/2023\/11\/20231129_192022.jpg\" alt=\"\" width=\"128\" height=\"170\" \/> <img loading=\"lazy\" decoding=\"async\" class=\"alignnone wp-image-58069\" src=\"http:\/\/recettes-gourmandes-de-joce.fr\/wp-content\/uploads\/2023\/11\/20231129_192118.jpg\" alt=\"\" width=\"227\" height=\"170\" srcset=\"http:\/\/recettes-gourmandes-de-joce.fr\/wp-content\/uploads\/2023\/11\/20231129_192118.jpg 800w, http:\/\/recettes-gourmandes-de-joce.fr\/wp-content\/uploads\/2023\/11\/20231129_192118-768x576.jpg 768w, http:\/\/recettes-gourmandes-de-joce.fr\/wp-content\/uploads\/2023\/11\/20231129_192118-750x563.jpg 750w\" sizes=\"auto, (max-width: 227px) 100vw, 227px\" \/><\/span><\/em><\/p>\n<p style=\"text-align: center;\"><em><span style=\"color: #d4720b; font-size: 14pt; font-family: georgia, palatino, serif;\">Farcir la pintade avec les gousses d&rsquo;ail r\u00e9serv\u00e9es, le laurier et le thym. Saler et poivrer.<\/span><\/em><\/p>\n<p style=\"text-align: center;\"><em><span style=\"color: #d4720b; font-size: 14pt; font-family: georgia, palatino, serif;\"><img loading=\"lazy\" decoding=\"async\" class=\"alignnone wp-image-58070\" src=\"http:\/\/recettes-gourmandes-de-joce.fr\/wp-content\/uploads\/2023\/11\/20231129_192139.jpg\" alt=\"\" width=\"227\" height=\"170\" srcset=\"http:\/\/recettes-gourmandes-de-joce.fr\/wp-content\/uploads\/2023\/11\/20231129_192139.jpg 800w, http:\/\/recettes-gourmandes-de-joce.fr\/wp-content\/uploads\/2023\/11\/20231129_192139-768x576.jpg 768w, http:\/\/recettes-gourmandes-de-joce.fr\/wp-content\/uploads\/2023\/11\/20231129_192139-750x563.jpg 750w\" sizes=\"auto, (max-width: 227px) 100vw, 227px\" \/> <img loading=\"lazy\" decoding=\"async\" class=\"alignnone wp-image-58071\" src=\"http:\/\/recettes-gourmandes-de-joce.fr\/wp-content\/uploads\/2023\/11\/20231129_192206.jpg\" alt=\"\" width=\"227\" height=\"170\" srcset=\"http:\/\/recettes-gourmandes-de-joce.fr\/wp-content\/uploads\/2023\/11\/20231129_192206.jpg 800w, http:\/\/recettes-gourmandes-de-joce.fr\/wp-content\/uploads\/2023\/11\/20231129_192206-768x576.jpg 768w, http:\/\/recettes-gourmandes-de-joce.fr\/wp-content\/uploads\/2023\/11\/20231129_192206-750x563.jpg 750w\" sizes=\"auto, (max-width: 227px) 100vw, 227px\" \/> <img loading=\"lazy\" decoding=\"async\" class=\"alignnone wp-image-58072\" src=\"http:\/\/recettes-gourmandes-de-joce.fr\/wp-content\/uploads\/2023\/11\/20231129_192305.jpg\" alt=\"\" width=\"221\" height=\"170\" srcset=\"http:\/\/recettes-gourmandes-de-joce.fr\/wp-content\/uploads\/2023\/11\/20231129_192305.jpg 800w, http:\/\/recettes-gourmandes-de-joce.fr\/wp-content\/uploads\/2023\/11\/20231129_192305-768x589.jpg 768w, http:\/\/recettes-gourmandes-de-joce.fr\/wp-content\/uploads\/2023\/11\/20231129_192305-750x576.jpg 750w\" sizes=\"auto, (max-width: 221px) 100vw, 221px\" \/><\/span><\/em><\/p>\n<p style=\"text-align: center;\"><em><span style=\"color: #d4720b; font-size: 14pt; font-family: georgia, palatino, serif;\">R\u00e9partir l&rsquo;huile \u00e0 l&rsquo;ail et les \u00e9pices, ajouter le cube de bouillon de volaille \u00e9miett\u00e9 et verser l&rsquo;eau chaude. Enfourner 1h \u00e0 210\u00b0 environ selon les fours, surveiller la cuisson et la coloration, arroser la pintade avec le jus de pendant la cuisson.<\/span><\/em><\/p>\n<p style=\"text-align: center;\"><em><span style=\"color: #d4720b; font-size: 14pt; font-family: georgia, palatino, serif;\"><img loading=\"lazy\" decoding=\"async\" class=\"alignnone wp-image-58074\" src=\"http:\/\/recettes-gourmandes-de-joce.fr\/wp-content\/uploads\/2023\/11\/20231129_205118-001.jpg\" alt=\"\" width=\"158\" height=\"170\" \/>\u00a0<img loading=\"lazy\" decoding=\"async\" class=\"alignnone wp-image-58076\" src=\"http:\/\/recettes-gourmandes-de-joce.fr\/wp-content\/uploads\/2023\/11\/20231129_210422.jpg\" alt=\"\" width=\"227\" height=\"170\" srcset=\"http:\/\/recettes-gourmandes-de-joce.fr\/wp-content\/uploads\/2023\/11\/20231129_210422.jpg 800w, http:\/\/recettes-gourmandes-de-joce.fr\/wp-content\/uploads\/2023\/11\/20231129_210422-768x576.jpg 768w, http:\/\/recettes-gourmandes-de-joce.fr\/wp-content\/uploads\/2023\/11\/20231129_210422-750x563.jpg 750w\" sizes=\"auto, (max-width: 227px) 100vw, 227px\" \/>\u00a0<img loading=\"lazy\" decoding=\"async\" class=\"alignnone wp-image-58077\" src=\"http:\/\/recettes-gourmandes-de-joce.fr\/wp-content\/uploads\/2023\/11\/20231129_210424.jpg\" alt=\"\" width=\"200\" height=\"170\" srcset=\"http:\/\/recettes-gourmandes-de-joce.fr\/wp-content\/uploads\/2023\/11\/20231129_210424.jpg 800w, http:\/\/recettes-gourmandes-de-joce.fr\/wp-content\/uploads\/2023\/11\/20231129_210424-768x652.jpg 768w, http:\/\/recettes-gourmandes-de-joce.fr\/wp-content\/uploads\/2023\/11\/20231129_210424-750x637.jpg 750w\" sizes=\"auto, (max-width: 200px) 100vw, 200px\" \/><\/span><\/em><\/p>\n<p style=\"text-align: center;\"><em><span style=\"color: #d4720b; font-size: 14pt; font-family: georgia, palatino, serif;\">Lorsqu&rsquo;elle est cuite, la d\u00e9barrasser, la d\u00e9couper et la d\u00e9poser dans le plat de service, r\u00e9cup\u00e9rer tout le jus de cuisson.<\/span><\/em><\/p>\n<p style=\"text-align: center;\"><em><span style=\"color: #d4720b; font-size: 14pt; font-family: georgia, palatino, serif;\">\u00a0<img loading=\"lazy\" decoding=\"async\" class=\"alignnone wp-image-58078\" src=\"http:\/\/recettes-gourmandes-de-joce.fr\/wp-content\/uploads\/2023\/11\/20231129_210511.jpg\" alt=\"\" width=\"200\" height=\"170\" srcset=\"http:\/\/recettes-gourmandes-de-joce.fr\/wp-content\/uploads\/2023\/11\/20231129_210511.jpg 800w, http:\/\/recettes-gourmandes-de-joce.fr\/wp-content\/uploads\/2023\/11\/20231129_210511-768x653.jpg 768w, http:\/\/recettes-gourmandes-de-joce.fr\/wp-content\/uploads\/2023\/11\/20231129_210511-750x638.jpg 750w\" sizes=\"auto, (max-width: 200px) 100vw, 200px\" \/> <img loading=\"lazy\" decoding=\"async\" class=\"alignnone wp-image-58079\" src=\"http:\/\/recettes-gourmandes-de-joce.fr\/wp-content\/uploads\/2023\/11\/20231129_210628.jpg\" alt=\"\" width=\"184\" height=\"170\" srcset=\"http:\/\/recettes-gourmandes-de-joce.fr\/wp-content\/uploads\/2023\/11\/20231129_210628.jpg 800w, http:\/\/recettes-gourmandes-de-joce.fr\/wp-content\/uploads\/2023\/11\/20231129_210628-768x708.jpg 768w, http:\/\/recettes-gourmandes-de-joce.fr\/wp-content\/uploads\/2023\/11\/20231129_210628-750x692.jpg 750w\" sizes=\"auto, (max-width: 184px) 100vw, 184px\" \/> <img loading=\"lazy\" decoding=\"async\" class=\"alignnone wp-image-58080\" src=\"http:\/\/recettes-gourmandes-de-joce.fr\/wp-content\/uploads\/2023\/11\/20231129_210716.jpg\" alt=\"\" width=\"227\" height=\"170\" srcset=\"http:\/\/recettes-gourmandes-de-joce.fr\/wp-content\/uploads\/2023\/11\/20231129_210716.jpg 800w, http:\/\/recettes-gourmandes-de-joce.fr\/wp-content\/uploads\/2023\/11\/20231129_210716-768x576.jpg 768w, http:\/\/recettes-gourmandes-de-joce.fr\/wp-content\/uploads\/2023\/11\/20231129_210716-750x563.jpg 750w\" sizes=\"auto, (max-width: 227px) 100vw, 227px\" \/><\/span><\/em><\/p>\n<p style=\"text-align: center;\"><em><span style=\"color: #d4720b; font-size: 14pt; font-family: georgia, palatino, serif;\">Verser le jus dans le mixeur et le mixer finement, le verser ensuite dans une casserole. Ajouter la cr\u00e8me et m\u00e9langer, r\u00e9chauffer doucement.<\/span><\/em><\/p>\n<p style=\"text-align: center;\"><span style=\"color: #d4720b;\">\u00a0<img loading=\"lazy\" decoding=\"async\" class=\"alignnone wp-image-58081\" src=\"http:\/\/recettes-gourmandes-de-joce.fr\/wp-content\/uploads\/2023\/11\/20231129_210759.jpg\" alt=\"\" width=\"227\" height=\"170\" srcset=\"http:\/\/recettes-gourmandes-de-joce.fr\/wp-content\/uploads\/2023\/11\/20231129_210759.jpg 800w, http:\/\/recettes-gourmandes-de-joce.fr\/wp-content\/uploads\/2023\/11\/20231129_210759-768x576.jpg 768w, http:\/\/recettes-gourmandes-de-joce.fr\/wp-content\/uploads\/2023\/11\/20231129_210759-750x563.jpg 750w\" sizes=\"auto, (max-width: 227px) 100vw, 227px\" \/> <img loading=\"lazy\" decoding=\"async\" class=\"alignnone wp-image-58082\" src=\"http:\/\/recettes-gourmandes-de-joce.fr\/wp-content\/uploads\/2023\/11\/20231129_210809.jpg\" alt=\"\" width=\"227\" height=\"170\" srcset=\"http:\/\/recettes-gourmandes-de-joce.fr\/wp-content\/uploads\/2023\/11\/20231129_210809.jpg 800w, http:\/\/recettes-gourmandes-de-joce.fr\/wp-content\/uploads\/2023\/11\/20231129_210809-768x576.jpg 768w, http:\/\/recettes-gourmandes-de-joce.fr\/wp-content\/uploads\/2023\/11\/20231129_210809-750x563.jpg 750w\" sizes=\"auto, (max-width: 227px) 100vw, 227px\" \/> <img loading=\"lazy\" decoding=\"async\" class=\"alignnone wp-image-58083\" src=\"http:\/\/recettes-gourmandes-de-joce.fr\/wp-content\/uploads\/2023\/11\/20231129_210821.jpg\" alt=\"\" width=\"220\" height=\"170\" srcset=\"http:\/\/recettes-gourmandes-de-joce.fr\/wp-content\/uploads\/2023\/11\/20231129_210821.jpg 800w, http:\/\/recettes-gourmandes-de-joce.fr\/wp-content\/uploads\/2023\/11\/20231129_210821-768x592.jpg 768w, http:\/\/recettes-gourmandes-de-joce.fr\/wp-content\/uploads\/2023\/11\/20231129_210821-750x578.jpg 750w\" sizes=\"auto, (max-width: 220px) 100vw, 220px\" \/><\/span><\/p>\n<p style=\"text-align: center;\"><span style=\"color: #d4720b; font-size: 14pt;\"><span style=\"font-family: georgia, palatino, serif;\"><em>Lorsque la cr\u00e8me est bien incorpor\u00e9e, ajouter le persil, m\u00e9langer et verser sur la pintade, <\/em><\/span><\/span><\/p>\n<p style=\"text-align: center;\"><img loading=\"lazy\" decoding=\"async\" class=\"alignnone wp-image-58075\" style=\"color: #d4720b;\" src=\"http:\/\/recettes-gourmandes-de-joce.fr\/wp-content\/uploads\/2023\/11\/20231129_205118-002.jpg\" alt=\"\" width=\"149\" height=\"170\" \/><\/p>\n<p style=\"text-align: center;\"><span style=\"color: #d4720b; font-size: 14pt;\"><span style=\"font-family: georgia, palatino, serif;\"><em>Servir avec des frites par exemple.<\/em><\/span><\/span><\/p>\n<p style=\"text-align: center;\"><span style=\"color: #d4720b; font-size: 14pt;\"><span style=\"font-family: georgia, palatino, serif;\"><em>Bon app\u00e9tit!<\/em><\/span><\/span><\/p>\n<p style=\"text-align: center;\"><span style=\"color: #d4720b;\"><img loading=\"lazy\" decoding=\"async\" class=\"alignnone wp-image-58087\" src=\"http:\/\/recettes-gourmandes-de-joce.fr\/wp-content\/uploads\/2023\/11\/20231129_211019.jpg\" alt=\"\" width=\"266\" height=\"180\" srcset=\"http:\/\/recettes-gourmandes-de-joce.fr\/wp-content\/uploads\/2023\/11\/20231129_211019.jpg 800w, http:\/\/recettes-gourmandes-de-joce.fr\/wp-content\/uploads\/2023\/11\/20231129_211019-768x519.jpg 768w, http:\/\/recettes-gourmandes-de-joce.fr\/wp-content\/uploads\/2023\/11\/20231129_211019-750x507.jpg 750w\" sizes=\"auto, (max-width: 266px) 100vw, 266px\" \/><\/span><\/p>\n<p style=\"text-align: center;\"><span style=\"color: #d4720b;\"><img loading=\"lazy\" decoding=\"async\" class=\"alignnone wp-image-58085\" src=\"http:\/\/recettes-gourmandes-de-joce.fr\/wp-content\/uploads\/2023\/11\/20231129_210827.jpg\" alt=\"\" width=\"270\" height=\"180\" srcset=\"http:\/\/recettes-gourmandes-de-joce.fr\/wp-content\/uploads\/2023\/11\/20231129_210827.jpg 800w, http:\/\/recettes-gourmandes-de-joce.fr\/wp-content\/uploads\/2023\/11\/20231129_210827-768x513.jpg 768w, http:\/\/recettes-gourmandes-de-joce.fr\/wp-content\/uploads\/2023\/11\/20231129_210827-750x501.jpg 750w\" sizes=\"auto, (max-width: 270px) 100vw, 270px\" \/>\u00a0<img loading=\"lazy\" decoding=\"async\" class=\"alignnone wp-image-58083\" src=\"http:\/\/recettes-gourmandes-de-joce.fr\/wp-content\/uploads\/2023\/11\/20231129_210821.jpg\" alt=\"\" width=\"233\" height=\"180\" srcset=\"http:\/\/recettes-gourmandes-de-joce.fr\/wp-content\/uploads\/2023\/11\/20231129_210821.jpg 800w, http:\/\/recettes-gourmandes-de-joce.fr\/wp-content\/uploads\/2023\/11\/20231129_210821-768x592.jpg 768w, http:\/\/recettes-gourmandes-de-joce.fr\/wp-content\/uploads\/2023\/11\/20231129_210821-750x578.jpg 750w\" sizes=\"auto, (max-width: 233px) 100vw, 233px\" \/><\/span><\/p>\n<p style=\"text-align: center;\"><span style=\"color: #d4720b;\"><img loading=\"lazy\" decoding=\"async\" class=\"alignnone wp-image-37354 size-full\" src=\"http:\/\/recettes-gourmandes-de-joce.fr\/wp-content\/uploads\/2021\/06\/logitech-gaming-software-14112014-121223.jpg\" alt=\"\" width=\"640\" height=\"144\" srcset=\"http:\/\/recettes-gourmandes-de-joce.fr\/wp-content\/uploads\/2021\/06\/logitech-gaming-software-14112014-121223.jpg 640w, http:\/\/recettes-gourmandes-de-joce.fr\/wp-content\/uploads\/2021\/06\/logitech-gaming-software-14112014-121223-300x68.jpg 300w\" sizes=\"auto, (max-width: 640px) 100vw, 640px\" \/><\/span><\/p>\n","protected":false},"excerpt":{"rendered":"<p>Une de mes recettes Ingr\u00e9dients pour 3 personnes 1 pintade 2 c \u00e0 s de cr\u00e8me fra\u00eeche 10 gousses d&rsquo;ail (les miennes sont tr\u00e8s grosses donc j&rsquo;en ai mis 5) 1 c \u00e0 d&rsquo;\u00e9pices pour poulet d\u00e9tails sur ce lien -&gt; \u00c9pic\u00e9too Huile de tournesol \u00e0 l&rsquo;ail 1 petit bouquet de persil Sel et poivre &hellip; <\/p>\n<p><a class=\"more-link btn\" href=\"http:\/\/recettes-gourmandes-de-joce.fr\/index.php\/index\/viandes\/volailles\/canard-pintade\/pintade-rotie-a-lail-sauce-cremee-a-lail\/\">Lire la suite<\/a><\/p>\n","protected":false},"author":2,"featured_media":58091,"parent":988,"menu_order":0,"comment_status":"open","ping_status":"closed","template":"","meta":{"footnotes":""},"class_list":["post-58089","page","type-page","status-publish","has-post-thumbnail","hentry","nodate","item-wrap"],"_links":{"self":[{"href":"http:\/\/recettes-gourmandes-de-joce.fr\/index.php\/wp-json\/wp\/v2\/pages\/58089","targetHints":{"allow":["GET"]}}],"collection":[{"href":"http:\/\/recettes-gourmandes-de-joce.fr\/index.php\/wp-json\/wp\/v2\/pages"}],"about":[{"href":"http:\/\/recettes-gourmandes-de-joce.fr\/index.php\/wp-json\/wp\/v2\/types\/page"}],"author":[{"embeddable":true,"href":"http:\/\/recettes-gourmandes-de-joce.fr\/index.php\/wp-json\/wp\/v2\/users\/2"}],"replies":[{"embeddable":true,"href":"http:\/\/recettes-gourmandes-de-joce.fr\/index.php\/wp-json\/wp\/v2\/comments?post=58089"}],"version-history":[{"count":2,"href":"http:\/\/recettes-gourmandes-de-joce.fr\/index.php\/wp-json\/wp\/v2\/pages\/58089\/revisions"}],"predecessor-version":[{"id":89557,"href":"http:\/\/recettes-gourmandes-de-joce.fr\/index.php\/wp-json\/wp\/v2\/pages\/58089\/revisions\/89557"}],"up":[{"embeddable":true,"href":"http:\/\/recettes-gourmandes-de-joce.fr\/index.php\/wp-json\/wp\/v2\/pages\/988"}],"wp:featuredmedia":[{"embeddable":true,"href":"http:\/\/recettes-gourmandes-de-joce.fr\/index.php\/wp-json\/wp\/v2\/media\/58091"}],"wp:attachment":[{"href":"http:\/\/recettes-gourmandes-de-joce.fr\/index.php\/wp-json\/wp\/v2\/media?parent=58089"}],"curies":[{"name":"wp","href":"https:\/\/api.w.org\/{rel}","templated":true}]}}