{"id":57787,"date":"2023-11-17T09:02:01","date_gmt":"2023-11-17T09:02:01","guid":{"rendered":"https:\/\/recettes-gourmandes-de-joce.fr\/?page_id=57787"},"modified":"2026-03-15T02:14:16","modified_gmt":"2026-03-15T02:14:16","slug":"tenders-de-poulet-aux-epices-et-aux-biscuits-3d","status":"publish","type":"page","link":"http:\/\/recettes-gourmandes-de-joce.fr\/index.php\/index\/viandes\/volailles\/poulet\/tenders-de-poulet-aux-epices-et-aux-biscuits-3d\/","title":{"rendered":"Tenders de poulet aux \u00e9pices et aux biscuits 3D."},"content":{"rendered":"<p style=\"text-align: center;\"><span style=\"text-decoration: underline; color: #993b00;\"><span style=\"font-size: 18pt; font-family: georgia, palatino, serif;\"><em>Une de mes recettes<\/em><\/span><\/span><\/p>\n<p style=\"text-align: center;\"><span style=\"color: #993b00;\"><img loading=\"lazy\" decoding=\"async\" class=\"alignnone wp-image-57766\" src=\"http:\/\/recettes-gourmandes-de-joce.fr\/wp-content\/uploads\/2023\/11\/20231116_194153-001.jpg\" alt=\"\" width=\"240\" height=\"180\" srcset=\"http:\/\/recettes-gourmandes-de-joce.fr\/wp-content\/uploads\/2023\/11\/20231116_194153-001.jpg 800w, http:\/\/recettes-gourmandes-de-joce.fr\/wp-content\/uploads\/2023\/11\/20231116_194153-001-768x576.jpg 768w, http:\/\/recettes-gourmandes-de-joce.fr\/wp-content\/uploads\/2023\/11\/20231116_194153-001-750x563.jpg 750w\" sizes=\"auto, (max-width: 240px) 100vw, 240px\" \/> <img loading=\"lazy\" decoding=\"async\" class=\"alignnone wp-image-57767\" src=\"http:\/\/recettes-gourmandes-de-joce.fr\/wp-content\/uploads\/2023\/11\/20231116_194201.jpg\" alt=\"\" width=\"245\" height=\"180\" srcset=\"http:\/\/recettes-gourmandes-de-joce.fr\/wp-content\/uploads\/2023\/11\/20231116_194201.jpg 800w, http:\/\/recettes-gourmandes-de-joce.fr\/wp-content\/uploads\/2023\/11\/20231116_194201-768x564.jpg 768w, http:\/\/recettes-gourmandes-de-joce.fr\/wp-content\/uploads\/2023\/11\/20231116_194201-750x550.jpg 750w\" sizes=\"auto, (max-width: 245px) 100vw, 245px\" \/> <img loading=\"lazy\" decoding=\"async\" class=\"alignnone wp-image-57763\" src=\"http:\/\/recettes-gourmandes-de-joce.fr\/wp-content\/uploads\/2023\/11\/20231116_194146.jpg\" alt=\"\" width=\"206\" height=\"180\" srcset=\"http:\/\/recettes-gourmandes-de-joce.fr\/wp-content\/uploads\/2023\/11\/20231116_194146.jpg 800w, http:\/\/recettes-gourmandes-de-joce.fr\/wp-content\/uploads\/2023\/11\/20231116_194146-768x671.jpg 768w, http:\/\/recettes-gourmandes-de-joce.fr\/wp-content\/uploads\/2023\/11\/20231116_194146-750x655.jpg 750w\" sizes=\"auto, (max-width: 206px) 100vw, 206px\" \/><\/span><\/p>\n<p style=\"text-align: center;\"><span style=\"text-decoration: underline; color: #993b00;\"><span style=\"font-size: 18pt; font-family: georgia, palatino, serif;\"><em> Ingr\u00e9dients pour 3 personnes<\/em><\/span><\/span><\/p>\n<p style=\"text-align: center;\"><span style=\"color: #993b00;\"><img loading=\"lazy\" decoding=\"async\" class=\"alignnone wp-image-57758\" src=\"http:\/\/recettes-gourmandes-de-joce.fr\/wp-content\/uploads\/2023\/11\/20231117_083745.jpg\" alt=\"\" width=\"271\" height=\"200\" srcset=\"http:\/\/recettes-gourmandes-de-joce.fr\/wp-content\/uploads\/2023\/11\/20231117_083745.jpg 800w, http:\/\/recettes-gourmandes-de-joce.fr\/wp-content\/uploads\/2023\/11\/20231117_083745-768x567.jpg 768w, http:\/\/recettes-gourmandes-de-joce.fr\/wp-content\/uploads\/2023\/11\/20231117_083745-750x554.jpg 750w\" sizes=\"auto, (max-width: 271px) 100vw, 271px\" \/> <img loading=\"lazy\" decoding=\"async\" class=\"alignnone wp-image-39587\" src=\"http:\/\/recettes-gourmandes-de-joce.fr\/wp-content\/uploads\/2021\/09\/20210916_115319-300x241.jpg\" alt=\"\" width=\"249\" height=\"200\" srcset=\"http:\/\/recettes-gourmandes-de-joce.fr\/wp-content\/uploads\/2021\/09\/20210916_115319-300x241.jpg 300w, http:\/\/recettes-gourmandes-de-joce.fr\/wp-content\/uploads\/2021\/09\/20210916_115319-768x617.jpg 768w, http:\/\/recettes-gourmandes-de-joce.fr\/wp-content\/uploads\/2021\/09\/20210916_115319-750x603.jpg 750w, http:\/\/recettes-gourmandes-de-joce.fr\/wp-content\/uploads\/2021\/09\/20210916_115319.jpg 800w\" sizes=\"auto, (max-width: 249px) 100vw, 249px\" \/><\/span><\/p>\n<p style=\"text-align: center;\"><span style=\"font-family: georgia, palatino, serif; color: #993b00;\"><em><span style=\"font-size: 14pt;\">500 g d&rsquo;\u00e9minc\u00e9 de poulet <\/span><\/em><\/span><\/p>\n<p style=\"text-align: center;\"><span style=\"font-family: georgia, palatino, serif; color: #993b00;\"><em><span style=\"font-size: 14pt;\">2 \u0153ufs <\/span><\/em><\/span><\/p>\n<p style=\"text-align: center;\"><span style=\"font-family: georgia, palatino, serif; color: #993b00;\"><em><span style=\"font-size: 14pt;\">2 paquets de g\u00e2teaux ap\u00e9ritif 3D go\u00fbt bacon<\/span><\/em><\/span><\/p>\n<p style=\"text-align: center;\"><span style=\"font-family: georgia, palatino, serif; color: #993b00;\"><em><span style=\"font-size: 14pt;\"> 1 c \u00e0 s d&rsquo;\u00e9pices marocaines d\u00e9tails sur ce lien -&gt; <span style=\"color: #800080;\">\u00c9pic\u00e9too <\/span><\/span><\/em><\/span><\/p>\n<p style=\"text-align: center;\"><span style=\"font-family: georgia, palatino, serif; color: #993b00;\"><em><span style=\"font-size: 14pt;\">1 c \u00e0 c de piment d&rsquo;Espelette <\/span><\/em><\/span><\/p>\n<p style=\"text-align: center;\"><span style=\"font-family: georgia, palatino, serif; color: #993b00;\"><em><span style=\"font-size: 14pt;\">2 c \u00e0 s d&rsquo;huile de tournesol \u00e0 l&rsquo;ail <\/span><\/em><\/span><\/p>\n<p style=\"text-align: center;\"><span style=\"font-family: georgia, palatino, serif; color: #993b00;\"><em><span style=\"font-size: 14pt;\">Farine<\/span><\/em><\/span><\/p>\n<p style=\"text-align: center;\"><span style=\"font-family: georgia, palatino, serif; color: #993b00;\"><em><span style=\"font-size: 14pt;\">Sel et poivre <\/span><\/em><\/span><\/p>\n<p style=\"text-align: center;\"><span style=\"font-family: georgia, palatino, serif; color: #993b00;\"><em><span style=\"font-size: 14pt;\">Huile pour la friture<\/span><\/em><\/span><\/p>\n<p style=\"text-align: center;\"><span style=\"color: #993b00;\"><img loading=\"lazy\" decoding=\"async\" class=\"alignnone wp-image-57759\" src=\"http:\/\/recettes-gourmandes-de-joce.fr\/wp-content\/uploads\/2023\/11\/20231116_182134.jpg\" alt=\"\" width=\"259\" height=\"170\" srcset=\"http:\/\/recettes-gourmandes-de-joce.fr\/wp-content\/uploads\/2023\/11\/20231116_182134.jpg 800w, http:\/\/recettes-gourmandes-de-joce.fr\/wp-content\/uploads\/2023\/11\/20231116_182134-768x504.jpg 768w, http:\/\/recettes-gourmandes-de-joce.fr\/wp-content\/uploads\/2023\/11\/20231116_182134-750x492.jpg 750w\" sizes=\"auto, (max-width: 259px) 100vw, 259px\" \/> <img loading=\"lazy\" decoding=\"async\" class=\"alignnone wp-image-57760\" src=\"http:\/\/recettes-gourmandes-de-joce.fr\/wp-content\/uploads\/2023\/11\/20231116_182459.jpg\" alt=\"\" width=\"227\" height=\"170\" srcset=\"http:\/\/recettes-gourmandes-de-joce.fr\/wp-content\/uploads\/2023\/11\/20231116_182459.jpg 800w, http:\/\/recettes-gourmandes-de-joce.fr\/wp-content\/uploads\/2023\/11\/20231116_182459-768x576.jpg 768w, http:\/\/recettes-gourmandes-de-joce.fr\/wp-content\/uploads\/2023\/11\/20231116_182459-750x563.jpg 750w\" sizes=\"auto, (max-width: 227px) 100vw, 227px\" \/> <img loading=\"lazy\" decoding=\"async\" class=\"alignnone wp-image-57792\" src=\"http:\/\/recettes-gourmandes-de-joce.fr\/wp-content\/uploads\/2023\/11\/20231116_182544.jpg\" alt=\"\" width=\"227\" height=\"170\" srcset=\"http:\/\/recettes-gourmandes-de-joce.fr\/wp-content\/uploads\/2023\/11\/20231116_182544.jpg 800w, http:\/\/recettes-gourmandes-de-joce.fr\/wp-content\/uploads\/2023\/11\/20231116_182544-768x576.jpg 768w, http:\/\/recettes-gourmandes-de-joce.fr\/wp-content\/uploads\/2023\/11\/20231116_182544-750x563.jpg 750w\" sizes=\"auto, (max-width: 227px) 100vw, 227px\" \/><\/span><\/p>\n<p style=\"text-align: center;\"><span style=\"font-size: 14pt; font-family: georgia, palatino, serif; color: #993b00;\"><em>Mixer les g\u00e2teaux pour en faire de la chapelure, dans un plat, mettre l&rsquo;\u00e9minc\u00e9 de poulet, saler et poivrer, ajouter le piment d&rsquo;Espelette et les \u00e9pices.<\/em><\/span><\/p>\n<p style=\"text-align: center;\"><span style=\"font-size: 14pt; font-family: georgia, palatino, serif; color: #993b00;\"><em><img loading=\"lazy\" decoding=\"async\" class=\"alignnone wp-image-57793\" src=\"http:\/\/recettes-gourmandes-de-joce.fr\/wp-content\/uploads\/2023\/11\/20231116_182618.jpg\" alt=\"\" width=\"227\" height=\"170\" srcset=\"http:\/\/recettes-gourmandes-de-joce.fr\/wp-content\/uploads\/2023\/11\/20231116_182618.jpg 800w, http:\/\/recettes-gourmandes-de-joce.fr\/wp-content\/uploads\/2023\/11\/20231116_182618-768x576.jpg 768w, http:\/\/recettes-gourmandes-de-joce.fr\/wp-content\/uploads\/2023\/11\/20231116_182618-750x563.jpg 750w\" sizes=\"auto, (max-width: 227px) 100vw, 227px\" \/> <img loading=\"lazy\" decoding=\"async\" class=\"alignnone wp-image-57788\" src=\"http:\/\/recettes-gourmandes-de-joce.fr\/wp-content\/uploads\/2023\/11\/20231116_182651.jpg\" alt=\"\" width=\"227\" height=\"170\" srcset=\"http:\/\/recettes-gourmandes-de-joce.fr\/wp-content\/uploads\/2023\/11\/20231116_182651.jpg 800w, http:\/\/recettes-gourmandes-de-joce.fr\/wp-content\/uploads\/2023\/11\/20231116_182651-768x576.jpg 768w, http:\/\/recettes-gourmandes-de-joce.fr\/wp-content\/uploads\/2023\/11\/20231116_182651-750x563.jpg 750w\" sizes=\"auto, (max-width: 227px) 100vw, 227px\" \/>\u00a0<\/em><\/span><\/p>\n<p style=\"text-align: center;\"><span style=\"font-size: 14pt; font-family: georgia, palatino, serif; color: #993b00;\"><em>Ajouter l&rsquo;huile et m\u00e9langer, laisser mariner 1h au frais.\u00a0<\/em><\/span><\/p>\n<p style=\"text-align: center;\"><span style=\"font-size: 14pt; font-family: georgia, palatino, serif; color: #993b00;\"><em><img loading=\"lazy\" decoding=\"async\" class=\"alignnone wp-image-57789\" src=\"http:\/\/recettes-gourmandes-de-joce.fr\/wp-content\/uploads\/2023\/11\/20231116_191157.jpg\" alt=\"\" width=\"154\" height=\"170\" \/> <img loading=\"lazy\" decoding=\"async\" class=\"alignnone wp-image-57790\" src=\"http:\/\/recettes-gourmandes-de-joce.fr\/wp-content\/uploads\/2023\/11\/20231116_191237.jpg\" alt=\"\" width=\"121\" height=\"170\" \/> <img loading=\"lazy\" decoding=\"async\" class=\"alignnone wp-image-57791\" src=\"http:\/\/recettes-gourmandes-de-joce.fr\/wp-content\/uploads\/2023\/11\/20231116_191305.jpg\" alt=\"\" width=\"140\" height=\"170\" \/>\u00a0<\/em><\/span><\/p>\n<p style=\"text-align: center;\"><span style=\"font-size: 14pt; font-family: georgia, palatino, serif; color: #993b00;\"><em>Dans un plat mettre les deux \u0153ufs, et les battre en omelette, dans un autre plat mettre la farine, puis la chapelure dans un 3 -\u00e8me\u00a0plat.\u00a0Passer les morceaux d\u2019aiguillette de poulet dans la farine, bien enrober les morceaux.\u00a0Puis les mettre dans l\u2019\u0153uf battu et dans la chapelure, faire en sorte \u00e0 chaque fois de bien les enrober.\u00a0<\/em><\/span><\/p>\n<p style=\"text-align: center;\"><span style=\"color: #993b00;\"><img loading=\"lazy\" decoding=\"async\" class=\"alignnone wp-image-57761\" src=\"http:\/\/recettes-gourmandes-de-joce.fr\/wp-content\/uploads\/2023\/11\/20231116_192847.jpg\" alt=\"\" width=\"227\" height=\"170\" srcset=\"http:\/\/recettes-gourmandes-de-joce.fr\/wp-content\/uploads\/2023\/11\/20231116_192847.jpg 800w, http:\/\/recettes-gourmandes-de-joce.fr\/wp-content\/uploads\/2023\/11\/20231116_192847-768x576.jpg 768w, http:\/\/recettes-gourmandes-de-joce.fr\/wp-content\/uploads\/2023\/11\/20231116_192847-750x563.jpg 750w\" sizes=\"auto, (max-width: 227px) 100vw, 227px\" \/> <img loading=\"lazy\" decoding=\"async\" class=\"alignnone wp-image-57762\" src=\"http:\/\/recettes-gourmandes-de-joce.fr\/wp-content\/uploads\/2023\/11\/20231116_193446.jpg\" alt=\"\" width=\"230\" height=\"170\" srcset=\"http:\/\/recettes-gourmandes-de-joce.fr\/wp-content\/uploads\/2023\/11\/20231116_193446.jpg 800w, http:\/\/recettes-gourmandes-de-joce.fr\/wp-content\/uploads\/2023\/11\/20231116_193446-768x567.jpg 768w, http:\/\/recettes-gourmandes-de-joce.fr\/wp-content\/uploads\/2023\/11\/20231116_193446-750x554.jpg 750w\" sizes=\"auto, (max-width: 230px) 100vw, 230px\" \/> <img loading=\"lazy\" decoding=\"async\" class=\"alignnone wp-image-48866\" src=\"http:\/\/recettes-gourmandes-de-joce.fr\/wp-content\/uploads\/2023\/02\/PA180495-300x242.jpg\" alt=\"\" width=\"211\" height=\"170\" srcset=\"http:\/\/recettes-gourmandes-de-joce.fr\/wp-content\/uploads\/2023\/02\/PA180495-300x242.jpg 300w, http:\/\/recettes-gourmandes-de-joce.fr\/wp-content\/uploads\/2023\/02\/PA180495-1024x826.jpg 1024w, http:\/\/recettes-gourmandes-de-joce.fr\/wp-content\/uploads\/2023\/02\/PA180495-768x619.jpg 768w, http:\/\/recettes-gourmandes-de-joce.fr\/wp-content\/uploads\/2023\/02\/PA180495-750x605.jpg 750w, http:\/\/recettes-gourmandes-de-joce.fr\/wp-content\/uploads\/2023\/02\/PA180495.jpg 1075w\" sizes=\"auto, (max-width: 211px) 100vw, 211px\" \/><\/span><\/p>\n<p style=\"text-align: center;\"><span style=\"color: #993b00; font-size: 14pt;\"><span style=\"font-family: georgia, palatino, serif;\"><em style=\"font-family: Lato, sans-serif; font-size: 16px;\">Mettre la friteuse \u00e0 chauffer <\/em><em>et y frire les morceaux de poulet environ une bonne minute, attention ils cuisent tr\u00e8s vite surveiller la coloration. Servir avec une bonne salade verte et la sauce de votre choix<\/em><\/span><\/span><\/p>\n<p style=\"text-align: center;\"><span style=\"color: #993b00; font-size: 14pt;\"><span style=\"font-family: georgia, palatino, serif;\"><em>Bon app\u00e9tit!<\/em><\/span><\/span><\/p>\n<p style=\"text-align: center;\"><span style=\"color: #993b00;\"><img loading=\"lazy\" decoding=\"async\" class=\"alignnone wp-image-57765\" src=\"http:\/\/recettes-gourmandes-de-joce.fr\/wp-content\/uploads\/2023\/11\/20231116_194153.jpg\" alt=\"\" width=\"240\" height=\"180\" srcset=\"http:\/\/recettes-gourmandes-de-joce.fr\/wp-content\/uploads\/2023\/11\/20231116_194153.jpg 800w, http:\/\/recettes-gourmandes-de-joce.fr\/wp-content\/uploads\/2023\/11\/20231116_194153-768x576.jpg 768w, http:\/\/recettes-gourmandes-de-joce.fr\/wp-content\/uploads\/2023\/11\/20231116_194153-750x563.jpg 750w\" sizes=\"auto, (max-width: 240px) 100vw, 240px\" \/> <img loading=\"lazy\" decoding=\"async\" class=\"alignnone wp-image-57769\" src=\"http:\/\/recettes-gourmandes-de-joce.fr\/wp-content\/uploads\/2023\/11\/20231116_194226.jpg\" alt=\"\" width=\"170\" height=\"180\" srcset=\"http:\/\/recettes-gourmandes-de-joce.fr\/wp-content\/uploads\/2023\/11\/20231116_194226.jpg 757w, http:\/\/recettes-gourmandes-de-joce.fr\/wp-content\/uploads\/2023\/11\/20231116_194226-750x793.jpg 750w\" sizes=\"auto, (max-width: 170px) 100vw, 170px\" \/> <img loading=\"lazy\" decoding=\"async\" class=\"alignnone wp-image-57764\" src=\"http:\/\/recettes-gourmandes-de-joce.fr\/wp-content\/uploads\/2023\/11\/20231116_194149.jpg\" alt=\"\" width=\"240\" height=\"180\" srcset=\"http:\/\/recettes-gourmandes-de-joce.fr\/wp-content\/uploads\/2023\/11\/20231116_194149.jpg 800w, http:\/\/recettes-gourmandes-de-joce.fr\/wp-content\/uploads\/2023\/11\/20231116_194149-768x576.jpg 768w, http:\/\/recettes-gourmandes-de-joce.fr\/wp-content\/uploads\/2023\/11\/20231116_194149-750x563.jpg 750w\" sizes=\"auto, (max-width: 240px) 100vw, 240px\" \/><\/span><\/p>\n<p style=\"text-align: center;\"><span style=\"color: #993b00;\"><img loading=\"lazy\" decoding=\"async\" class=\"alignnone wp-image-37354 size-full\" src=\"http:\/\/recettes-gourmandes-de-joce.fr\/wp-content\/uploads\/2021\/06\/logitech-gaming-software-14112014-121223.jpg\" alt=\"\" width=\"640\" height=\"144\" srcset=\"http:\/\/recettes-gourmandes-de-joce.fr\/wp-content\/uploads\/2021\/06\/logitech-gaming-software-14112014-121223.jpg 640w, http:\/\/recettes-gourmandes-de-joce.fr\/wp-content\/uploads\/2021\/06\/logitech-gaming-software-14112014-121223-300x68.jpg 300w\" sizes=\"auto, (max-width: 640px) 100vw, 640px\" \/><\/span><\/p>\n","protected":false},"excerpt":{"rendered":"<p>Une de mes recettes Ingr\u00e9dients pour 3 personnes 500 g d&rsquo;\u00e9minc\u00e9 de poulet 2 \u0153ufs 2 paquets de g\u00e2teaux ap\u00e9ritif 3D go\u00fbt bacon 1 c \u00e0 s d&rsquo;\u00e9pices marocaines d\u00e9tails sur ce lien -&gt; \u00c9pic\u00e9too 1 c \u00e0 c de piment d&rsquo;Espelette 2 c \u00e0 s d&rsquo;huile de tournesol \u00e0 l&rsquo;ail Farine Sel et poivre &hellip; <\/p>\n<p><a class=\"more-link btn\" href=\"http:\/\/recettes-gourmandes-de-joce.fr\/index.php\/index\/viandes\/volailles\/poulet\/tenders-de-poulet-aux-epices-et-aux-biscuits-3d\/\">Lire la suite<\/a><\/p>\n","protected":false},"author":2,"featured_media":57767,"parent":979,"menu_order":0,"comment_status":"open","ping_status":"closed","template":"","meta":{"footnotes":""},"class_list":["post-57787","page","type-page","status-publish","has-post-thumbnail","hentry","nodate","item-wrap"],"_links":{"self":[{"href":"http:\/\/recettes-gourmandes-de-joce.fr\/index.php\/wp-json\/wp\/v2\/pages\/57787","targetHints":{"allow":["GET"]}}],"collection":[{"href":"http:\/\/recettes-gourmandes-de-joce.fr\/index.php\/wp-json\/wp\/v2\/pages"}],"about":[{"href":"http:\/\/recettes-gourmandes-de-joce.fr\/index.php\/wp-json\/wp\/v2\/types\/page"}],"author":[{"embeddable":true,"href":"http:\/\/recettes-gourmandes-de-joce.fr\/index.php\/wp-json\/wp\/v2\/users\/2"}],"replies":[{"embeddable":true,"href":"http:\/\/recettes-gourmandes-de-joce.fr\/index.php\/wp-json\/wp\/v2\/comments?post=57787"}],"version-history":[{"count":2,"href":"http:\/\/recettes-gourmandes-de-joce.fr\/index.php\/wp-json\/wp\/v2\/pages\/57787\/revisions"}],"predecessor-version":[{"id":89254,"href":"http:\/\/recettes-gourmandes-de-joce.fr\/index.php\/wp-json\/wp\/v2\/pages\/57787\/revisions\/89254"}],"up":[{"embeddable":true,"href":"http:\/\/recettes-gourmandes-de-joce.fr\/index.php\/wp-json\/wp\/v2\/pages\/979"}],"wp:featuredmedia":[{"embeddable":true,"href":"http:\/\/recettes-gourmandes-de-joce.fr\/index.php\/wp-json\/wp\/v2\/media\/57767"}],"wp:attachment":[{"href":"http:\/\/recettes-gourmandes-de-joce.fr\/index.php\/wp-json\/wp\/v2\/media?parent=57787"}],"curies":[{"name":"wp","href":"https:\/\/api.w.org\/{rel}","templated":true}]}}