{"id":575,"date":"2019-09-20T09:42:32","date_gmt":"2019-09-20T09:42:32","guid":{"rendered":"http:\/\/recettes-gourmandes-de-joce.fr\/?page_id=575"},"modified":"2025-03-25T10:06:02","modified_gmt":"2025-03-25T10:06:02","slug":"moussaka-grece","status":"publish","type":"page","link":"http:\/\/recettes-gourmandes-de-joce.fr\/index.php\/index\/recettes-regionales-mondiales\/recettes-du-monde-salees\/moussaka-grece\/","title":{"rendered":"Moussaka Gr\u00e8ce."},"content":{"rendered":"<p style=\"text-align: center;\"><span style=\"color: #008000;\"><em><u><span style=\"font-family: Georgia; font-size: x-large;\">D&rsquo;apr\u00e8s une recette du net revue \u00e0 ma fa\u00e7on<\/span><\/u><\/em><\/span><\/p>\n<p style=\"text-align: center;\"><img decoding=\"async\" src=\"http:\/\/jocelyne.debon.free.fr\/moussaka\/moussaka1.JPG\" alt=\"\" width=\"230\" \/> <img decoding=\"async\" src=\"http:\/\/jocelyne.debon.free.fr\/moussaka\/moussaka2.JPG\" alt=\"\" width=\"230\" \/> <img decoding=\"async\" src=\"http:\/\/jocelyne.debon.free.fr\/moussaka\/moussaka3.JPG\" alt=\"\" width=\"262\" \/><\/p>\n<p style=\"text-align: center;\"><span style=\"color: #008000;\"><span style=\"font-size: 24px;\"><span style=\"font-family: georgia,serif;\"><u><em>Ingr\u00e9dients pour 6 personnes<\/em><\/u><\/span><\/span><\/span><\/p>\n<p style=\"text-align: center;\"><img decoding=\"async\" class=\"\" src=\"http:\/\/jocelyne.debon.free.fr\/moussaka\/moussaka4.JPG\" alt=\"\" width=\"210\" \/><\/p>\n<p style=\"text-align: center;\"><span style=\"color: #008000; font-size: 14pt;\"><span style=\"font-family: georgia,serif;\"><em>1 kg d&rsquo;agneau<\/em><\/span><\/span><\/p>\n<p style=\"text-align: center;\"><span style=\"color: #008000; font-size: 14pt;\"><span style=\"font-family: georgia,serif;\"><em>3 tomates<\/em><\/span><\/span><\/p>\n<p style=\"text-align: center;\"><span style=\"color: #008000; font-size: 14pt;\"><span style=\"font-family: georgia,serif;\"><em>2 oignons rouges<\/em><\/span><\/span><\/p>\n<p style=\"text-align: center;\"><span style=\"color: #008000; font-size: 14pt;\"><span style=\"font-family: georgia,serif;\"><em>4 gousses d&rsquo;ail<\/em><\/span><\/span><\/p>\n<p style=\"text-align: center;\"><span style=\"color: #008000; font-size: 14pt;\"><span style=\"font-family: georgia,serif;\"><em>3 grosses aubergines<\/em><\/span><\/span><\/p>\n<p style=\"text-align: center;\"><span style=\"color: #008000; font-size: 14pt;\"><span style=\"font-family: georgia,serif;\"><em>2 bonnes c \u00e0 s de concentr\u00e9 de tomate<\/em><\/span><\/span><\/p>\n<p style=\"text-align: center;\"><span style=\"color: #008000; font-size: 14pt;\"><span style=\"font-family: georgia,serif;\"><em>2 feuilles de laurier<\/em><\/span><\/span><\/p>\n<p style=\"text-align: center;\"><span style=\"color: #008000; font-size: 14pt;\"><span style=\"font-family: georgia,serif;\"><em>1 belle branche de thym frais<\/em><\/span><\/span><\/p>\n<p style=\"text-align: center;\"><span style=\"color: #008000; font-size: 14pt;\"><span style=\"font-family: georgia,serif;\"><em>1 petit bouquet de persil plat<\/em><\/span><\/span><\/p>\n<p style=\"text-align: center;\"><span style=\"color: #008000; font-size: 14pt;\"><span style=\"font-family: georgia,serif;\"><em>Huile d&rsquo;olive<\/em><\/span><\/span><\/p>\n<p style=\"text-align: center;\"><span style=\"color: #008000; font-size: 14pt;\"><span style=\"font-family: georgia,serif;\"><em>1 morceau de fromage de Brebis<\/em><\/span><\/span><\/p>\n<p style=\"text-align: center;\"><span style=\"color: #008000; font-size: 14pt;\"><span style=\"font-family: georgia,serif;\"><em>Sel, poivre<\/em><\/span><\/span><\/p>\n<p style=\"text-align: center;\"><span style=\"color: #008000; font-size: 14pt;\"><span style=\"font-family: georgia,serif;\"><em><u>B\u00e9chamel<\/u><\/em><\/span><\/span><\/p>\n<p style=\"text-align: center;\"><span style=\"color: #008000; font-size: 14pt;\"><span style=\"font-family: georgia,serif;\"><em>50 g de beurre<\/em><\/span><\/span><\/p>\n<p style=\"text-align: center;\"><span style=\"color: #008000; font-size: 14pt;\"><span style=\"font-family: georgia,serif;\"><em>50 g de farine<\/em><\/span><\/span><\/p>\n<p style=\"text-align: center;\"><span style=\"color: #008000; font-size: 14pt;\"><span style=\"font-family: georgia,serif;\"><em>500 ml de lait<\/em><\/span><\/span><\/p>\n<p style=\"text-align: center;\"><span style=\"color: #008000; font-size: 14pt;\"><span style=\"font-family: georgia,serif;\"><em>1 c \u00e0 s de cr\u00e8me fra\u00eeche<\/em><\/span><\/span><\/p>\n<p style=\"text-align: center;\"><span style=\"color: #008000; font-size: 14pt;\"><span style=\"font-family: georgia,serif;\"><em>Sel et poivre<\/em><\/span><\/span><\/p>\n<p style=\"text-align: center;\"><span style=\"color: #008000; font-size: 14pt;\"><span style=\"font-family: georgia,serif;\"><em>Recette de la b\u00e9chamel sur ce lien -&gt;<a href=\"http:\/\/recettes-gourmandes-de-joce.fr\/index.php\/index\/sauces-assaisonnements\/sauces-chaudes\/bechamel-et-ses-variantes-sauces-mornay-soubise-aurore-blanche\/\"> B\u00e9chamel<\/a><\/em><\/span><\/span><\/p>\n<p style=\"text-align: center;\"><span style=\"font-size: 14pt;\"><img decoding=\"async\" src=\"http:\/\/jocelyne.debon.free.fr\/moussaka\/moussaka5.JPG\" alt=\"\" width=\"230\" \/> <img decoding=\"async\" src=\"http:\/\/jocelyne.debon.free.fr\/moussaka\/moussaka6.JPG\" alt=\"\" width=\"195\" \/> <img decoding=\"async\" src=\"http:\/\/jocelyne.debon.free.fr\/moussaka\/moussaka7.JPG\" alt=\"\" width=\"240\" \/><\/span><\/p>\n<p style=\"text-align: center;\"><span style=\"color: #008000; font-size: 14pt;\"><span style=\"font-family: georgia,serif;\"><em>Laver et couper les tomates en petits morceaux, peler et hacher les oignons et les gousses d&rsquo;ail d\u00e9germ\u00e9es, laver et ciseler le persil. Laver et couper les aubergines en tranches. Les d\u00e9poser dans une passoire, les saler et m\u00e9langer,\u00a0<\/em><\/span><\/span><em style=\"color: #008000; font-family: georgia, serif; font-size: 18.6667px;\">les <\/em><em style=\"font-family: georgia, serif; color: #008000; font-size: 14pt;\">laisser ainsi le temps de cuisiner l&rsquo;agneau.<\/em><\/p>\n<p style=\"text-align: center;\"><span style=\"font-size: 14pt;\"><span style=\"font-family: georgia,serif;\"><em><span style=\"color: #008000;\"><img decoding=\"async\" src=\"http:\/\/jocelyne.debon.free.fr\/moussaka\/moussaka8.JPG\" alt=\"\" width=\"230\" \/> <\/span><span style=\"color: #008000;\"> <img decoding=\"async\" src=\"http:\/\/jocelyne.debon.free.fr\/moussaka\/moussaka9.JPG\" alt=\"\" width=\"230\" \/> <\/span><span style=\"color: #008000;\"> <img decoding=\"async\" src=\"http:\/\/jocelyne.debon.free.fr\/moussaka\/moussaka10.JPG\" alt=\"\" width=\"230\" \/><\/span><\/em><\/span><\/span><\/p>\n<p style=\"text-align: center;\"><span style=\"color: #008000; font-size: 14pt;\"><span style=\"font-family: georgia,serif;\"><em>D\u00e9sosser et couper l&rsquo;agneau en petits morceaux, hacher le tout. Dans une sauteuse, mettre un filet d&rsquo;huile d&rsquo;olive \u00e0 chauffer,<\/em><\/span><\/span><\/p>\n<p style=\"text-align: center;\"><span style=\"font-size: 14pt;\"><span style=\"font-family: georgia,serif;\"><em><span style=\"color: #008000;\"><img decoding=\"async\" src=\"http:\/\/jocelyne.debon.free.fr\/moussaka\/moussaka11.JPG\" alt=\"\" width=\"230\" \/> <\/span><span style=\"color: #008000;\"> <img decoding=\"async\" src=\"http:\/\/jocelyne.debon.free.fr\/moussaka\/moussaka12.JPG\" alt=\"\" width=\"230\" \/> <\/span><span style=\"color: #008000;\"> <img decoding=\"async\" src=\"http:\/\/jocelyne.debon.free.fr\/moussaka\/moussaka13.JPG\" alt=\"\" width=\"230\" \/><\/span><\/em><\/span><\/span><\/p>\n<p style=\"text-align: center;\"><span style=\"color: #008000; font-size: 14pt;\"><span style=\"font-family: georgia,serif;\"><em>Ajouter les oignons et l&rsquo;ail et laisser suer le temps que les oignons deviennent translucides. Ajouter l&rsquo;agneau.<\/em><\/span><\/span><\/p>\n<p style=\"text-align: center;\"><span style=\"font-size: 14pt;\"><span style=\"font-family: georgia,serif;\"><em><span style=\"color: #008000;\"><img decoding=\"async\" src=\"http:\/\/jocelyne.debon.free.fr\/moussaka\/moussaka14.JPG\" alt=\"\" width=\"230\" \/> <\/span><span style=\"color: #008000;\"> <img decoding=\"async\" src=\"http:\/\/jocelyne.debon.free.fr\/moussaka\/moussaka15.JPG\" alt=\"\" width=\"230\" \/> <\/span><span style=\"color: #008000;\"> <img decoding=\"async\" src=\"http:\/\/jocelyne.debon.free.fr\/moussaka\/moussaka16.JPG\" alt=\"\" width=\"230\" \/><\/span><\/em><\/span><\/span><\/p>\n<p style=\"text-align: center;\"><span style=\"color: #008000; font-size: 14pt;\"><span style=\"font-family: georgia,serif;\"><em>Remuer pour \u00e9viter que la viande ne cuise en bloque, lorsqu&rsquo;elle change de couleur, ajouter les tomates et le concentr\u00e9 de tomates, saler et poivrer, m\u00e9langer.<\/em><\/span><\/span><\/p>\n<p style=\"text-align: center;\"><span style=\"font-size: 14pt;\"><span style=\"font-family: georgia,serif;\"><em><span style=\"color: #008000;\"><img decoding=\"async\" src=\"http:\/\/jocelyne.debon.free.fr\/moussaka\/moussaka17.JPG\" alt=\"\" width=\"230\" \/> <\/span><span style=\"color: #008000;\"> <img decoding=\"async\" src=\"http:\/\/jocelyne.debon.free.fr\/moussaka\/moussaka18.JPG\" alt=\"\" width=\"230\" \/> <\/span><span style=\"color: #008000;\"> <img decoding=\"async\" src=\"http:\/\/jocelyne.debon.free.fr\/moussaka\/moussaka19.JPG\" alt=\"\" width=\"230\" \/><\/span><\/em><\/span><\/span><\/p>\n<p style=\"text-align: center;\"><span style=\"color: #008000; font-size: 14pt;\"><span style=\"font-family: georgia,serif;\"><em>Ajouter le thym, le laurier, et la moiti\u00e9 du persil, m\u00e9langer et couvrir laisser mijoter \u00e0 feu doux en remuant de temps en temps pendant 15 minutes environ. Rincer les tranches d&rsquo;aubergines et bien les \u00e9ponger entre deux torchons.<\/em><\/span><\/span><\/p>\n<p style=\"text-align: center;\"><span style=\"font-size: 14pt;\"><span style=\"font-family: georgia,serif;\"><em><span style=\"color: #008000;\"><img decoding=\"async\" src=\"http:\/\/jocelyne.debon.free.fr\/moussaka\/moussaka20.JPG\" alt=\"\" width=\"230\" \/> <\/span><span style=\"color: #008000;\"> <img decoding=\"async\" src=\"http:\/\/jocelyne.debon.free.fr\/moussaka\/moussaka21.JPG\" alt=\"\" width=\"230\" \/> <\/span><span style=\"color: #008000;\"> <img decoding=\"async\" src=\"http:\/\/jocelyne.debon.free.fr\/moussaka\/moussaka22.JPG\" alt=\"\" width=\"230\" \/><\/span><\/em><\/span><\/span><\/p>\n<p style=\"text-align: center;\"><span style=\"color: #008000; font-size: 14pt;\"><span style=\"font-family: georgia,serif;\"><em>Les faire dorer dans une po\u00eale bien chaude en ajoutant \u00e0 chaque po\u00eal\u00e9e un peu d&rsquo;huile d&rsquo;olive. R\u00e9aliser ensuite votre b\u00e9chamel, saler et poivrer ajouter la cr\u00e8me, m\u00e9langer et r\u00e9server.<\/em><\/span><\/span><\/p>\n<p style=\"text-align: center;\"><span style=\"font-size: 14pt;\"><span style=\"font-family: georgia,serif;\"><em><span style=\"color: #008000;\"><img decoding=\"async\" src=\"http:\/\/jocelyne.debon.free.fr\/moussaka\/moussaka23.JPG\" alt=\"\" width=\"230\" \/> <\/span><span style=\"color: #008000;\"> <img decoding=\"async\" src=\"http:\/\/jocelyne.debon.free.fr\/moussaka\/moussaka24.JPG\" alt=\"\" width=\"258\" \/> <\/span><span style=\"color: #008000;\"> <img decoding=\"async\" src=\"http:\/\/jocelyne.debon.free.fr\/moussaka\/moussaka25.JPG\" alt=\"\" width=\"280\" \/><\/span><\/em><\/span><\/span><\/p>\n<p style=\"text-align: center;\"><span style=\"color: #008000; font-size: 14pt;\"><span style=\"font-family: georgia,serif;\"><em>Dans un plat \u00e0 gratin, d\u00e9poser une couche de tranches d&rsquo;aubergines, ajouter\u00a0 dessus une couche d&rsquo;agneau, r\u00e9partir un peu de b\u00e9chamel et de fromage de brebis r\u00e2p\u00e9.<\/em><\/span><\/span><\/p>\n<p style=\"text-align: center;\"><span style=\"font-size: 14pt;\"><span style=\"font-family: georgia,serif;\"><em><span style=\"color: #008000;\"><img decoding=\"async\" src=\"http:\/\/jocelyne.debon.free.fr\/moussaka\/moussaka26.JPG\" alt=\"\" width=\"230\" \/> <\/span><span style=\"color: #008000;\"> <img decoding=\"async\" src=\"http:\/\/jocelyne.debon.free.fr\/moussaka\/moussaka27.JPG\" alt=\"\" width=\"260\" \/> <\/span><span style=\"color: #008000;\"> <img decoding=\"async\" src=\"http:\/\/jocelyne.debon.free.fr\/moussaka\/moussaka28.JPG\" alt=\"\" width=\"230\" \/><\/span><\/em><\/span><\/span><\/p>\n<p style=\"text-align: center;\"><span style=\"color: #008000; font-size: 14pt;\"><span style=\"font-family: georgia,serif;\"><em>Recommencer jusqu&rsquo;\u00e0 \u00e9puisement des ingr\u00e9dients en terminant par des aubergines et la b\u00e9chamel.<\/em><\/span><\/span><\/p>\n<p style=\"text-align: center;\"><span style=\"font-size: 14pt;\"><span style=\"font-family: georgia,serif;\"><em><span style=\"color: #008000;\"><img decoding=\"async\" src=\"http:\/\/jocelyne.debon.free.fr\/moussaka\/moussaka29.JPG\" alt=\"\" width=\"230\" \/> <\/span><span style=\"color: #008000;\"> <img decoding=\"async\" src=\"http:\/\/jocelyne.debon.free.fr\/moussaka\/moussaka30.JPG\" alt=\"\" width=\"230\" \/><\/span><\/em><\/span><\/span><\/p>\n<p style=\"text-align: center;\"><span style=\"color: #008000; font-size: 14pt;\"><span style=\"font-family: georgia,serif;\"><em>Ajouter une derni\u00e8re couche de fromage de brebis et enfourner \u00e0 220\u00b0 environ 20\/25 minutes selon les fours, surveiller la coloration. Servir en r\u00e9partissant dessus le reste du persil cisel\u00e9.<\/em><\/span><\/span><\/p>\n<p style=\"text-align: center;\"><span style=\"color: #008000; font-size: 14pt;\"><span style=\"font-family: georgia,serif;\"><em>Bon app\u00e9tit!<\/em><\/span><\/span><\/p>\n<p style=\"text-align: center;\"><span style=\"font-size: 14pt;\"><img decoding=\"async\" src=\"http:\/\/jocelyne.debon.free.fr\/moussaka\/moussaka31.JPG\" alt=\"\" width=\"230\" \/> <img decoding=\"async\" src=\"http:\/\/jocelyne.debon.free.fr\/moussaka\/moussaka32.JPG\" alt=\"\" width=\"230\" \/> <img decoding=\"async\" src=\"http:\/\/jocelyne.debon.free.fr\/moussaka\/moussaka33.JPG\" alt=\"\" width=\"230\" \/><\/span><\/p>\n<p style=\"text-align: center;\"><img loading=\"lazy\" decoding=\"async\" class=\"alignnone wp-image-44943 size-full\" src=\"http:\/\/recettes-gourmandes-de-joce.fr\/wp-content\/uploads\/2022\/05\/logitech-gaming-software-14112014-121223.jpg\" alt=\"\" width=\"640\" height=\"144\" srcset=\"http:\/\/recettes-gourmandes-de-joce.fr\/wp-content\/uploads\/2022\/05\/logitech-gaming-software-14112014-121223.jpg 640w, http:\/\/recettes-gourmandes-de-joce.fr\/wp-content\/uploads\/2022\/05\/logitech-gaming-software-14112014-121223-300x68.jpg 300w\" sizes=\"auto, (max-width: 640px) 100vw, 640px\" \/><\/p>\n<p>&nbsp;<\/p>\n<p><span style=\"text-decoration: underline; color: #ff0000; font-size: 14pt;\"><strong><span style=\"font-family: georgia, palatino, serif;\">Commentaires de l&rsquo;ancien site<\/span><\/strong><\/span><\/p>\n<h3>Commentaires\u00a0<small>(4)<\/small><\/h3>\n<div class=\"items-container\">\n<div class=\"item item-comment media\">\n<div class=\"pull-left\">\n<p>&nbsp;<\/p>\n<\/div>\n<div class=\"media-body\">\n<ul class=\"inline item-infos\">\n<li><span class=\"comment-number\">1.<\/span>\u00a0<span class=\"comment-author\"><strong>BABETTE<\/strong><\/span>\u00a0<span class=\"comment-date\">| 30\/12\/2017<\/span><\/li>\n<\/ul>\n<div class=\"comment-content\">\n<p>J&rsquo;ai cuisin\u00e9 cette recette avec un reste de gigot cuit et du coulis de tomate du jardin st\u00e9rilis\u00e9.<\/p>\n<p>C&rsquo;\u00e9tait une r\u00e9ussite, et d\u00e9licieux<\/p>\n<\/div>\n<div class=\"item item-comment media by-webmaster\">\n<div class=\"pull-left\">\n<p>&nbsp;<\/p>\n<\/div>\n<div class=\"media-body\">\n<ul class=\"inline item-infos\">\n<li><span class=\"comment-author\"><strong>jocelyne debon<\/strong>\u00a0(site web)<\/span>\u00a0<span class=\"comment-date\">| 31\/12\/2017<\/span><\/li>\n<\/ul>\n<div class=\"comment-content\">Merciiii pour ton com, bonne id\u00e9e pour finir des restes de gigot effectivement et meilleur avec la sauce tomate du jardin<\/div>\n<div class=\"comment-content\">Gros bisousss<\/div>\n<div class=\"comment-content\">Amicalement Joce<\/div>\n<\/div>\n<\/div>\n<\/div>\n<\/div>\n<div class=\"item item-comment media\">\n<div class=\"pull-left\">\n<p>&nbsp;<\/p>\n<p><img decoding=\"async\" class=\"media-object\" src=\"https:\/\/www.gravatar.com\/avatar\/e2ac87a14f8ecda53a1d85bd0bde463a?d=https%3A%2F%2Fwww.recettes-gourmandes-de-joce.com%2Fmedias%2Fstatic%2Fmanager%2Fim%2Favatar.png?s=50&amp;d=mm\" alt=\"Chrystie\" width=\"50\" \/><\/p>\n<\/div>\n<div class=\"media-body\">\n<ul class=\"inline item-infos\">\n<li><span class=\"comment-number\">2.<\/span>\u00a0<span class=\"comment-author\"><strong>Chrystie<\/strong><\/span>\u00a0<span class=\"comment-date\">| 01\/08\/2016<\/span><\/li>\n<\/ul>\n<div class=\"comment-content\">Bonjour cette recette \u00e0 l&rsquo;air tout simplement g\u00e9niale et d\u00e9licieuse !! Merci<\/div>\n<div class=\"item item-comment media by-webmaster\">\n<div class=\"pull-left\">\n<p>&nbsp;<\/p>\n<\/div>\n<div class=\"media-body\">\n<ul class=\"inline item-infos\">\n<li><span class=\"comment-author\"><strong>jocelyne debon<\/strong>\u00a0(site web)<\/span>\u00a0<span class=\"comment-date\">| 01\/08\/2016<\/span><\/li>\n<\/ul>\n<div class=\"comment-content\">Merci beaucoup, effectivement on s&rsquo;est r\u00e9gal\u00e9<\/div>\n<div class=\"comment-content\">Au plaisir<\/div>\n<div class=\"comment-content\">Amicalement Joce<\/div>\n<\/div>\n<\/div>\n<\/div>\n<\/div>\n<\/div>\n<p>&nbsp;<\/p>\n<p>&nbsp;<\/p>\n","protected":false},"excerpt":{"rendered":"<p>D&rsquo;apr\u00e8s une recette du net revue \u00e0 ma fa\u00e7on Ingr\u00e9dients pour 6 personnes 1 kg d&rsquo;agneau 3 tomates 2 oignons rouges 4 gousses d&rsquo;ail 3 grosses aubergines 2 bonnes c \u00e0 s de concentr\u00e9 de tomate 2 feuilles de laurier 1 belle branche de thym frais 1 petit bouquet de persil plat Huile d&rsquo;olive 1 &hellip; <\/p>\n<p><a class=\"more-link btn\" href=\"http:\/\/recettes-gourmandes-de-joce.fr\/index.php\/index\/recettes-regionales-mondiales\/recettes-du-monde-salees\/moussaka-grece\/\">Lire la suite<\/a><\/p>\n","protected":false},"author":2,"featured_media":68146,"parent":206,"menu_order":0,"comment_status":"open","ping_status":"closed","template":"","meta":{"footnotes":""},"class_list":["post-575","page","type-page","status-publish","has-post-thumbnail","hentry","nodate","item-wrap"],"_links":{"self":[{"href":"http:\/\/recettes-gourmandes-de-joce.fr\/index.php\/wp-json\/wp\/v2\/pages\/575","targetHints":{"allow":["GET"]}}],"collection":[{"href":"http:\/\/recettes-gourmandes-de-joce.fr\/index.php\/wp-json\/wp\/v2\/pages"}],"about":[{"href":"http:\/\/recettes-gourmandes-de-joce.fr\/index.php\/wp-json\/wp\/v2\/types\/page"}],"author":[{"embeddable":true,"href":"http:\/\/recettes-gourmandes-de-joce.fr\/index.php\/wp-json\/wp\/v2\/users\/2"}],"replies":[{"embeddable":true,"href":"http:\/\/recettes-gourmandes-de-joce.fr\/index.php\/wp-json\/wp\/v2\/comments?post=575"}],"version-history":[{"count":8,"href":"http:\/\/recettes-gourmandes-de-joce.fr\/index.php\/wp-json\/wp\/v2\/pages\/575\/revisions"}],"predecessor-version":[{"id":93677,"href":"http:\/\/recettes-gourmandes-de-joce.fr\/index.php\/wp-json\/wp\/v2\/pages\/575\/revisions\/93677"}],"up":[{"embeddable":true,"href":"http:\/\/recettes-gourmandes-de-joce.fr\/index.php\/wp-json\/wp\/v2\/pages\/206"}],"wp:featuredmedia":[{"embeddable":true,"href":"http:\/\/recettes-gourmandes-de-joce.fr\/index.php\/wp-json\/wp\/v2\/media\/68146"}],"wp:attachment":[{"href":"http:\/\/recettes-gourmandes-de-joce.fr\/index.php\/wp-json\/wp\/v2\/media?parent=575"}],"curies":[{"name":"wp","href":"https:\/\/api.w.org\/{rel}","templated":true}]}}