{"id":57382,"date":"2023-11-01T11:38:45","date_gmt":"2023-11-01T11:38:45","guid":{"rendered":"https:\/\/recettes-gourmandes-de-joce.fr\/?page_id=57382"},"modified":"2024-10-25T10:54:37","modified_gmt":"2024-10-25T10:54:37","slug":"oeufs-marbres","status":"publish","type":"page","link":"http:\/\/recettes-gourmandes-de-joce.fr\/index.php\/index\/oeufs-fromages-yaourts-laitages\/oeufs\/oeufs-marbres\/","title":{"rendered":"\u0152ufs marbr\u00e9s."},"content":{"rendered":"<p style=\"text-align: center;\"><span style=\"text-decoration: underline; font-size: 14pt; color: #800080;\"><span style=\"font-family: georgia, palatino, serif;\"><em>D&rsquo;apr\u00e8s plusieurs recettes du net.<\/em><\/span><\/span><\/p>\n<p style=\"text-align: center;\"><span style=\"color: #800080;\"><img loading=\"lazy\" decoding=\"async\" class=\"alignnone wp-image-57379\" src=\"http:\/\/recettes-gourmandes-de-joce.fr\/wp-content\/uploads\/2023\/11\/20230628_194354.jpg\" alt=\"\" width=\"240\" height=\"180\" srcset=\"http:\/\/recettes-gourmandes-de-joce.fr\/wp-content\/uploads\/2023\/11\/20230628_194354.jpg 800w, http:\/\/recettes-gourmandes-de-joce.fr\/wp-content\/uploads\/2023\/11\/20230628_194354-768x576.jpg 768w, http:\/\/recettes-gourmandes-de-joce.fr\/wp-content\/uploads\/2023\/11\/20230628_194354-750x563.jpg 750w\" sizes=\"auto, (max-width: 240px) 100vw, 240px\" \/> <img loading=\"lazy\" decoding=\"async\" class=\"alignnone wp-image-57373\" src=\"http:\/\/recettes-gourmandes-de-joce.fr\/wp-content\/uploads\/2023\/11\/20231028_141837.jpg\" alt=\"\" width=\"226\" height=\"180\" srcset=\"http:\/\/recettes-gourmandes-de-joce.fr\/wp-content\/uploads\/2023\/11\/20231028_141837.jpg 800w, http:\/\/recettes-gourmandes-de-joce.fr\/wp-content\/uploads\/2023\/11\/20231028_141837-768x611.jpg 768w, http:\/\/recettes-gourmandes-de-joce.fr\/wp-content\/uploads\/2023\/11\/20231028_141837-750x596.jpg 750w\" sizes=\"auto, (max-width: 226px) 100vw, 226px\" \/> <img loading=\"lazy\" decoding=\"async\" class=\"alignnone wp-image-57377\" src=\"http:\/\/recettes-gourmandes-de-joce.fr\/wp-content\/uploads\/2023\/11\/20230628_194335-001.jpg\" alt=\"\" width=\"240\" height=\"180\" srcset=\"http:\/\/recettes-gourmandes-de-joce.fr\/wp-content\/uploads\/2023\/11\/20230628_194335-001.jpg 800w, http:\/\/recettes-gourmandes-de-joce.fr\/wp-content\/uploads\/2023\/11\/20230628_194335-001-768x576.jpg 768w, http:\/\/recettes-gourmandes-de-joce.fr\/wp-content\/uploads\/2023\/11\/20230628_194335-001-750x563.jpg 750w\" sizes=\"auto, (max-width: 240px) 100vw, 240px\" \/><\/span><\/p>\n<p style=\"text-align: center;\"><span style=\"text-decoration: underline; color: #800080;\"><span style=\"font-size: 18pt; font-family: georgia, palatino, serif;\"><em> Ingr\u00e9dients<\/em><\/span><\/span><\/p>\n<p style=\"text-align: center;\"><img loading=\"lazy\" decoding=\"async\" class=\"alignnone wp-image-57385\" src=\"http:\/\/recettes-gourmandes-de-joce.fr\/wp-content\/uploads\/2023\/11\/371546910_1037339234082482_2017474857653441725_n.jpg\" alt=\"\" width=\"286\" height=\"200\" srcset=\"http:\/\/recettes-gourmandes-de-joce.fr\/wp-content\/uploads\/2023\/11\/371546910_1037339234082482_2017474857653441725_n.jpg 800w, http:\/\/recettes-gourmandes-de-joce.fr\/wp-content\/uploads\/2023\/11\/371546910_1037339234082482_2017474857653441725_n-768x537.jpg 768w, http:\/\/recettes-gourmandes-de-joce.fr\/wp-content\/uploads\/2023\/11\/371546910_1037339234082482_2017474857653441725_n-750x524.jpg 750w\" sizes=\"auto, (max-width: 286px) 100vw, 286px\" \/><\/p>\n<p style=\"text-align: center;\"><span style=\"font-size: 14pt; color: #800080;\"><span style=\"font-family: georgia, palatino, serif;\"><em> Des \u0153ufs<\/em><\/span><\/span><\/p>\n<p style=\"text-align: center;\"><span style=\"font-size: 14pt; color: #800080;\"><span style=\"font-family: georgia, palatino, serif;\"><em> Jus de betterave pour les roses<\/em><\/span><\/span><\/p>\n<p style=\"text-align: center;\"><span style=\"font-size: 14pt; color: #800080;\"><span style=\"font-family: georgia, palatino, serif;\"><em> Colorant alimentaire violet en poudre<\/em><\/span><\/span><\/p>\n<p style=\"text-align: center;\"><span style=\"color: #800080;\"><img loading=\"lazy\" decoding=\"async\" class=\"alignnone wp-image-57383\" src=\"http:\/\/recettes-gourmandes-de-joce.fr\/wp-content\/uploads\/2023\/11\/20231028_135039.jpg\" alt=\"\" width=\"128\" height=\"170\" \/><\/span><\/p>\n<p style=\"text-align: center;\"><span style=\"font-family: georgia, palatino, serif; font-size: 14pt;\"><em><span style=\"color: #800080;\">Mettre les \u0153ufs \u00e0 cuire dans une casserole d&rsquo;eau 9 minutes pour obtenir des \u0153ufs durs.<\/span><\/em><\/span><\/p>\n<p style=\"text-align: center;\"><span style=\"font-family: georgia, palatino, serif; font-size: 14pt;\"><em><span style=\"color: #800080;\"><img loading=\"lazy\" decoding=\"async\" class=\"alignnone wp-image-57374\" src=\"http:\/\/recettes-gourmandes-de-joce.fr\/wp-content\/uploads\/2023\/11\/20230628_193516-001.jpg\" alt=\"\" width=\"227\" height=\"170\" srcset=\"http:\/\/recettes-gourmandes-de-joce.fr\/wp-content\/uploads\/2023\/11\/20230628_193516-001.jpg 800w, http:\/\/recettes-gourmandes-de-joce.fr\/wp-content\/uploads\/2023\/11\/20230628_193516-001-768x576.jpg 768w, http:\/\/recettes-gourmandes-de-joce.fr\/wp-content\/uploads\/2023\/11\/20230628_193516-001-750x563.jpg 750w\" sizes=\"auto, (max-width: 227px) 100vw, 227px\" \/> <img loading=\"lazy\" decoding=\"async\" class=\"alignnone wp-image-57375\" src=\"http:\/\/recettes-gourmandes-de-joce.fr\/wp-content\/uploads\/2023\/11\/20230628_193528-001.jpg\" alt=\"\" width=\"227\" height=\"170\" srcset=\"http:\/\/recettes-gourmandes-de-joce.fr\/wp-content\/uploads\/2023\/11\/20230628_193528-001.jpg 800w, http:\/\/recettes-gourmandes-de-joce.fr\/wp-content\/uploads\/2023\/11\/20230628_193528-001-768x576.jpg 768w, http:\/\/recettes-gourmandes-de-joce.fr\/wp-content\/uploads\/2023\/11\/20230628_193528-001-750x563.jpg 750w\" sizes=\"auto, (max-width: 227px) 100vw, 227px\" \/> <img loading=\"lazy\" decoding=\"async\" class=\"alignnone wp-image-57376\" src=\"http:\/\/recettes-gourmandes-de-joce.fr\/wp-content\/uploads\/2023\/11\/20230628_193708-001.jpg\" alt=\"\" width=\"227\" height=\"170\" srcset=\"http:\/\/recettes-gourmandes-de-joce.fr\/wp-content\/uploads\/2023\/11\/20230628_193708-001.jpg 800w, http:\/\/recettes-gourmandes-de-joce.fr\/wp-content\/uploads\/2023\/11\/20230628_193708-001-768x576.jpg 768w, http:\/\/recettes-gourmandes-de-joce.fr\/wp-content\/uploads\/2023\/11\/20230628_193708-001-750x563.jpg 750w\" sizes=\"auto, (max-width: 227px) 100vw, 227px\" \/><\/span><\/em><\/span><\/p>\n<p style=\"text-align: center;\"><span style=\"font-family: georgia, palatino, serif; font-size: 14pt;\"><em><span style=\"color: #800080;\">Lorsqu&rsquo;ils sont cuits, les rouler sur le plan de travail pour casser les coquilles mais SANS les \u00e9caler. Pour la version rose, j&rsquo;ai r\u00e9cup\u00e9r\u00e9 le jus de betteraves cuites, j&rsquo;ai mis les \u0153ufs dans le jus de betterave et j&rsquo;ai ajout\u00e9 un peu d&rsquo;eau pour les couvrir, laisser ainsi dix minutes.<\/span><\/em><\/span><\/p>\n<p style=\"text-align: center;\"><span style=\"font-family: georgia, palatino, serif; font-size: 14pt;\"><em><span style=\"color: #800080;\"><img loading=\"lazy\" decoding=\"async\" class=\"alignnone wp-image-57378\" src=\"http:\/\/recettes-gourmandes-de-joce.fr\/wp-content\/uploads\/2023\/11\/20230628_194348.jpg\" alt=\"\" width=\"227\" height=\"170\" srcset=\"http:\/\/recettes-gourmandes-de-joce.fr\/wp-content\/uploads\/2023\/11\/20230628_194348.jpg 800w, http:\/\/recettes-gourmandes-de-joce.fr\/wp-content\/uploads\/2023\/11\/20230628_194348-768x576.jpg 768w, http:\/\/recettes-gourmandes-de-joce.fr\/wp-content\/uploads\/2023\/11\/20230628_194348-750x563.jpg 750w\" sizes=\"auto, (max-width: 227px) 100vw, 227px\" \/><\/span><\/em><\/span><\/p>\n<p style=\"text-align: center;\"><span style=\"font-family: georgia, palatino, serif; font-size: 14pt;\"><em><span style=\"color: #800080;\">Au bout de dix minutes les \u00e9caler et les utiliser comme des \u0153ufs durs normaux.<\/span><\/em><\/span><\/p>\n<p style=\"text-align: center;\"><span style=\"font-family: georgia, palatino, serif; font-size: 14pt;\"><em><span style=\"color: #800080;\"><img loading=\"lazy\" decoding=\"async\" class=\"alignnone wp-image-57380\" src=\"http:\/\/recettes-gourmandes-de-joce.fr\/wp-content\/uploads\/2023\/11\/20231028_135854.jpg\" alt=\"\" width=\"227\" height=\"170\" srcset=\"http:\/\/recettes-gourmandes-de-joce.fr\/wp-content\/uploads\/2023\/11\/20231028_135854.jpg 800w, http:\/\/recettes-gourmandes-de-joce.fr\/wp-content\/uploads\/2023\/11\/20231028_135854-768x576.jpg 768w, http:\/\/recettes-gourmandes-de-joce.fr\/wp-content\/uploads\/2023\/11\/20231028_135854-750x563.jpg 750w\" sizes=\"auto, (max-width: 227px) 100vw, 227px\" \/> <img loading=\"lazy\" decoding=\"async\" class=\"alignnone wp-image-57381\" src=\"http:\/\/recettes-gourmandes-de-joce.fr\/wp-content\/uploads\/2023\/11\/20231028_135910.jpg\" alt=\"\" width=\"128\" height=\"170\" \/> <img loading=\"lazy\" decoding=\"async\" class=\"alignnone wp-image-57372\" src=\"http:\/\/recettes-gourmandes-de-joce.fr\/wp-content\/uploads\/2023\/11\/20231028_135930.jpg\" alt=\"\" width=\"154\" height=\"170\" \/><\/span><\/em><\/span><\/p>\n<p style=\"text-align: center;\"><span style=\"font-family: georgia, palatino, serif; font-size: 14pt;\"><em><span style=\"color: #800080;\">Lorsqu&rsquo;ils sont cuits, les rouler sur le plan de travail pour casser les coquilles mais SANS les \u00e9caler. Pour la version violette j&rsquo;ai mis les \u0153ufs dans la casserole avec une bonne pointe de couteau de colorant alimentaire en poudre violet, j&rsquo;ai couvert d&rsquo;eau et les ai laisser ainsi tremper 10 minutes.<\/span><\/em><\/span><\/p>\n<p style=\"text-align: center;\"><span style=\"color: #800080;\"><img loading=\"lazy\" decoding=\"async\" class=\"alignnone wp-image-57373\" src=\"http:\/\/recettes-gourmandes-de-joce.fr\/wp-content\/uploads\/2023\/11\/20231028_141837.jpg\" alt=\"\" width=\"214\" height=\"170\" srcset=\"http:\/\/recettes-gourmandes-de-joce.fr\/wp-content\/uploads\/2023\/11\/20231028_141837.jpg 800w, http:\/\/recettes-gourmandes-de-joce.fr\/wp-content\/uploads\/2023\/11\/20231028_141837-768x611.jpg 768w, http:\/\/recettes-gourmandes-de-joce.fr\/wp-content\/uploads\/2023\/11\/20231028_141837-750x596.jpg 750w\" sizes=\"auto, (max-width: 214px) 100vw, 214px\" \/><\/span><\/p>\n<p style=\"text-align: center;\"><em><span style=\"color: #800080; font-family: georgia, palatino, serif;\"><span style=\"font-size: 14pt;\">Au bout de dix minutes les \u00e9caler (Un conseil utilisez des gants car le colorant tache les mains \ud83d\ude41 ), puis remis dans le colorant pour <\/span><span style=\"font-size: 18.6667px;\">obtenir<\/span><span style=\"font-size: 14pt;\"> des \u0153ufs marbr\u00e9s et enti\u00e8rement violets recette pour Halloween \ud83d\ude09 , je les ai utilis\u00e9s pour faire des \u0153ufs mimosas d&rsquo;Halloween.\u00a0<\/span><\/span><\/em><\/p>\n<p style=\"text-align: center;\"><em><span style=\"color: #800080; font-family: georgia, palatino, serif;\"><span style=\"font-size: 14pt;\">J&rsquo;ai utilis\u00e9 ces \u0153ufs marbr\u00e9s dans ces deux recettes \u2193<\/span><\/span><\/em><\/p>\n<p><span style=\"font-size: 14pt; color: #800080;\"><em><span style=\"font-family: georgia, palatino, serif;\">-&gt;<a href=\"http:\/\/recettes-gourmandes-de-joce.fr\/index.php\/index\/oeufs-fromages-yaourts-laitages\/oeufs\/oeufs-mimosas-a-lavocat-ou-a-la-betterave-et-crudites\/\"> <span style=\"color: #008000;\">\u0152ufs mimosa \u00e0 l\u2019avocat ou \u00e0 la betterave et crudit\u00e9s.<\/span><\/a><\/span><\/em><\/span><img loading=\"lazy\" decoding=\"async\" class=\"alignnone wp-image-55296\" style=\"color: #800080;\" src=\"http:\/\/recettes-gourmandes-de-joce.fr\/wp-content\/uploads\/2023\/06\/20230628_200638-001.jpg\" alt=\"\" width=\"236\" height=\"170\" srcset=\"http:\/\/recettes-gourmandes-de-joce.fr\/wp-content\/uploads\/2023\/06\/20230628_200638-001.jpg 800w, http:\/\/recettes-gourmandes-de-joce.fr\/wp-content\/uploads\/2023\/06\/20230628_200638-001-768x553.jpg 768w, http:\/\/recettes-gourmandes-de-joce.fr\/wp-content\/uploads\/2023\/06\/20230628_200638-001-750x540.jpg 750w\" sizes=\"auto, (max-width: 236px) 100vw, 236px\" \/><\/p>\n<p style=\"text-align: center;\"><span style=\"color: #800080;\"><span style=\"font-size: 14pt; font-family: georgia, palatino, serif;\"><em>-&gt;<a href=\"http:\/\/recettes-gourmandes-de-joce.fr\/index.php\/index\/oeufs-fromages-yaourts-laitages\/oeufs\/oeufs-mimosa-marbres-dhalloween-aux-araignees-dolives-noires\/\"> <span style=\"color: #008000;\">\u0152ufs mimosas d&rsquo;Halloween<\/span><\/a><\/em> <\/span><img loading=\"lazy\" decoding=\"async\" class=\"alignnone wp-image-57384\" src=\"http:\/\/recettes-gourmandes-de-joce.fr\/wp-content\/uploads\/2023\/11\/20231028_144646.jpg\" alt=\"\" width=\"227\" height=\"170\" srcset=\"http:\/\/recettes-gourmandes-de-joce.fr\/wp-content\/uploads\/2023\/11\/20231028_144646.jpg 800w, http:\/\/recettes-gourmandes-de-joce.fr\/wp-content\/uploads\/2023\/11\/20231028_144646-768x576.jpg 768w, http:\/\/recettes-gourmandes-de-joce.fr\/wp-content\/uploads\/2023\/11\/20231028_144646-750x563.jpg 750w\" sizes=\"auto, (max-width: 227px) 100vw, 227px\" \/><\/span><\/p>\n<p style=\"text-align: center;\"><img loading=\"lazy\" decoding=\"async\" class=\"alignnone wp-image-57386\" src=\"http:\/\/recettes-gourmandes-de-joce.fr\/wp-content\/uploads\/2023\/11\/recettes-de-novembre-2023.jpg\" alt=\"\" width=\"513\" height=\"200\" srcset=\"http:\/\/recettes-gourmandes-de-joce.fr\/wp-content\/uploads\/2023\/11\/recettes-de-novembre-2023.jpg 800w, http:\/\/recettes-gourmandes-de-joce.fr\/wp-content\/uploads\/2023\/11\/recettes-de-novembre-2023-768x300.jpg 768w, http:\/\/recettes-gourmandes-de-joce.fr\/wp-content\/uploads\/2023\/11\/recettes-de-novembre-2023-750x293.jpg 750w\" sizes=\"auto, (max-width: 513px) 100vw, 513px\" \/><\/p>\n<p style=\"text-align: center;\"><img loading=\"lazy\" decoding=\"async\" class=\"alignnone wp-image-37354 size-full\" src=\"http:\/\/recettes-gourmandes-de-joce.fr\/wp-content\/uploads\/2021\/06\/logitech-gaming-software-14112014-121223.jpg\" alt=\"\" width=\"640\" height=\"144\" srcset=\"http:\/\/recettes-gourmandes-de-joce.fr\/wp-content\/uploads\/2021\/06\/logitech-gaming-software-14112014-121223.jpg 640w, http:\/\/recettes-gourmandes-de-joce.fr\/wp-content\/uploads\/2021\/06\/logitech-gaming-software-14112014-121223-300x68.jpg 300w\" sizes=\"auto, (max-width: 640px) 100vw, 640px\" \/><\/p>\n","protected":false},"excerpt":{"rendered":"<p>D&rsquo;apr\u00e8s plusieurs recettes du net. Ingr\u00e9dients Des \u0153ufs Jus de betterave pour les roses Colorant alimentaire violet en poudre Mettre les \u0153ufs \u00e0 cuire dans une casserole d&rsquo;eau 9 minutes pour obtenir des \u0153ufs durs. Lorsqu&rsquo;ils sont cuits, les rouler sur le plan de travail pour casser les coquilles mais SANS les \u00e9caler. Pour la &hellip; <\/p>\n<p><a class=\"more-link btn\" href=\"http:\/\/recettes-gourmandes-de-joce.fr\/index.php\/index\/oeufs-fromages-yaourts-laitages\/oeufs\/oeufs-marbres\/\">Lire la suite<\/a><\/p>\n","protected":false},"author":2,"featured_media":57386,"parent":239,"menu_order":0,"comment_status":"open","ping_status":"closed","template":"","meta":{"footnotes":""},"class_list":["post-57382","page","type-page","status-publish","has-post-thumbnail","hentry","nodate","item-wrap"],"_links":{"self":[{"href":"http:\/\/recettes-gourmandes-de-joce.fr\/index.php\/wp-json\/wp\/v2\/pages\/57382","targetHints":{"allow":["GET"]}}],"collection":[{"href":"http:\/\/recettes-gourmandes-de-joce.fr\/index.php\/wp-json\/wp\/v2\/pages"}],"about":[{"href":"http:\/\/recettes-gourmandes-de-joce.fr\/index.php\/wp-json\/wp\/v2\/types\/page"}],"author":[{"embeddable":true,"href":"http:\/\/recettes-gourmandes-de-joce.fr\/index.php\/wp-json\/wp\/v2\/users\/2"}],"replies":[{"embeddable":true,"href":"http:\/\/recettes-gourmandes-de-joce.fr\/index.php\/wp-json\/wp\/v2\/comments?post=57382"}],"version-history":[{"count":9,"href":"http:\/\/recettes-gourmandes-de-joce.fr\/index.php\/wp-json\/wp\/v2\/pages\/57382\/revisions"}],"predecessor-version":[{"id":90700,"href":"http:\/\/recettes-gourmandes-de-joce.fr\/index.php\/wp-json\/wp\/v2\/pages\/57382\/revisions\/90700"}],"up":[{"embeddable":true,"href":"http:\/\/recettes-gourmandes-de-joce.fr\/index.php\/wp-json\/wp\/v2\/pages\/239"}],"wp:featuredmedia":[{"embeddable":true,"href":"http:\/\/recettes-gourmandes-de-joce.fr\/index.php\/wp-json\/wp\/v2\/media\/57386"}],"wp:attachment":[{"href":"http:\/\/recettes-gourmandes-de-joce.fr\/index.php\/wp-json\/wp\/v2\/media?parent=57382"}],"curies":[{"name":"wp","href":"https:\/\/api.w.org\/{rel}","templated":true}]}}