{"id":565,"date":"2019-09-20T09:30:05","date_gmt":"2019-09-20T09:30:05","guid":{"rendered":"http:\/\/recettes-gourmandes-de-joce.fr\/?page_id=565"},"modified":"2024-07-01T19:10:06","modified_gmt":"2024-07-01T19:10:06","slug":"couscous-royal-algerien","status":"publish","type":"page","link":"http:\/\/recettes-gourmandes-de-joce.fr\/index.php\/index\/recettes-regionales-mondiales\/recettes-du-monde-salees\/couscous-royal-algerien\/","title":{"rendered":"Couscous royal Alg\u00e9rien."},"content":{"rendered":"<p style=\"text-align: center;\"><span style=\"font-size: 18px; color: #ff9900;\"><span style=\"font-family: georgia,serif;\"><u><em>D&rsquo;apr\u00e8s la recette de\u00a0<\/em><\/u><span style=\"color: #800080;\"><u><em><a style=\"color: #800080;\" href=\"https:\/\/www.auxdelicesdupalais.net\/couscous-royal-algerien-sans-couscoussier.html\">Aux d\u00e9lices du palais \u00ab\u00a0Couscous royale alg\u00e9rien\u00a0\u00bb<\/a><\/em><\/u><\/span><\/span><\/span><\/p>\n<p style=\"text-align: center;\"><img loading=\"lazy\" decoding=\"async\" class=\"alignnone wp-image-61719\" src=\"http:\/\/recettes-gourmandes-de-joce.fr\/wp-content\/uploads\/2024\/03\/couscous1.jpg\" alt=\"\" width=\"251\" height=\"180\" \/>\u00a0<img loading=\"lazy\" decoding=\"async\" class=\"alignnone wp-image-61721\" src=\"http:\/\/recettes-gourmandes-de-joce.fr\/wp-content\/uploads\/2024\/03\/couscous3.jpg\" alt=\"\" width=\"270\" height=\"180\" \/><img loading=\"lazy\" decoding=\"async\" class=\"alignnone wp-image-61720\" src=\"http:\/\/recettes-gourmandes-de-joce.fr\/wp-content\/uploads\/2024\/03\/couscous2.jpg\" alt=\"\" width=\"280\" height=\"180\" \/><\/p>\n<p style=\"text-align: center;\"><span style=\"color: #ff8c00;\"><span style=\"font-size: 24px;\"><span style=\"font-family: georgia,serif;\"><u><em>Ingr\u00e9dients pour 6 personnes<\/em><\/u><\/span><\/span><\/span><\/p>\n<p style=\"text-align: center;\"><img loading=\"lazy\" decoding=\"async\" class=\"alignnone wp-image-61722\" src=\"http:\/\/recettes-gourmandes-de-joce.fr\/wp-content\/uploads\/2024\/03\/couscous4.jpg\" alt=\"\" width=\"278\" height=\"200\" \/><\/p>\n<p style=\"text-align: center;\"><span style=\"color: #ff8c00; font-size: 14pt;\"><em><span style=\"font-family: georgia,serif;\">6 morceaux de collier d&rsquo;agneau ou de mouton<\/span><\/em><\/span><\/p>\n<p style=\"text-align: center;\"><span style=\"color: #ff8c00; font-size: 14pt;\"><em><span style=\"font-family: georgia,serif;\">6 morceaux de poulet (pilons ou hauts de cuisse)<\/span><\/em><\/span><\/p>\n<p style=\"text-align: center;\"><span style=\"color: #ff8c00; font-size: 14pt;\"><em><span style=\"font-family: georgia,serif;\">12 merguez<\/span><\/em><\/span><\/p>\n<p style=\"text-align: center;\"><span style=\"color: #ff8c00; font-size: 14pt;\"><em><span style=\"font-family: georgia,serif;\">3 tomates<\/span><\/em><\/span><\/p>\n<p style=\"text-align: center;\"><span style=\"color: #ff8c00; font-size: 14pt;\"><em><span style=\"font-family: georgia,serif;\">4 carottes (j&rsquo;ai mis une jaune)<\/span><\/em><\/span><\/p>\n<p style=\"text-align: center;\"><span style=\"color: #ff8c00; font-size: 14pt;\"><em><span style=\"font-family: georgia,serif;\">2 courgettes<\/span><\/em><\/span><\/p>\n<p style=\"text-align: center;\"><span style=\"color: #ff8c00; font-size: 14pt;\"><em><span style=\"font-family: georgia,serif;\"><span style=\"color: #ff8c00; font-family: georgia, serif;\">2 navets (j&rsquo;ai mis 1 boule\u00a0d&rsquo;or)<\/span><\/span><\/em><\/span><\/p>\n<p style=\"text-align: center;\"><span style=\"color: #ff8c00; font-size: 14pt;\"><em><span style=\"font-family: georgia,serif;\">1 branche de c\u00e9leri<\/span><\/em><\/span><\/p>\n<p style=\"text-align: center;\"><span style=\"color: #ff8c00; font-size: 14pt;\"><em><span style=\"font-family: georgia,serif;\">1 oignon<\/span><\/em><\/span><\/p>\n<p style=\"text-align: center;\"><span style=\"color: #ff8c00; font-size: 14pt;\"><em><span style=\"font-family: georgia,serif;\">2 gousses d&rsquo;ail<\/span><\/em><\/span><\/p>\n<p style=\"text-align: center;\"><span style=\"color: #ff8c00; font-size: 14pt;\"><em><span style=\"font-family: georgia,serif;\">1 c \u00e0 s de concentr\u00e9 de tomate<\/span><\/em><\/span><\/p>\n<p style=\"text-align: center;\"><span style=\"color: #ff8c00; font-size: 14pt;\"><em><span style=\"font-family: georgia,serif;\">1 morceau de beurre<\/span><\/em><\/span><\/p>\n<p style=\"text-align: center;\"><span style=\"color: #ff8c00; font-size: 14pt;\"><em><span style=\"font-family: georgia,serif;\">500 g de semoule moyenne<\/span><\/em><\/span><\/p>\n<p style=\"text-align: center;\"><span style=\"color: #ff8c00; font-size: 14pt;\"><em><span style=\"font-family: georgia,serif;\">1 c \u00e0 s rase de paprika<\/span><\/em><\/span><\/p>\n<p style=\"text-align: center;\"><span style=\"color: #ff8c00; font-size: 14pt;\"><em><span style=\"font-family: georgia,serif;\">1 c \u00e0 s rase de ras el hanout<\/span><\/em><\/span><\/p>\n<p style=\"text-align: center;\"><span style=\"color: #ff8c00; font-size: 14pt;\"><em><span style=\"font-family: georgia,serif;\">1 c \u00e0 s rase d&rsquo;\u00e9pices pour couscous<\/span><\/em><\/span><\/p>\n<p style=\"text-align: center;\"><span style=\"color: #ff8c00; font-size: 14pt;\"><em><span style=\"font-family: georgia,serif;\">1 c \u00e0 s de harissa<\/span><\/em><\/span><\/p>\n<p style=\"text-align: center;\"><span style=\"color: #ff8c00; font-size: 14pt;\"><em><span style=\"font-family: georgia,serif;\">1 petite boite de pois chiches<\/span><\/em><\/span><\/p>\n<p style=\"text-align: center;\"><span style=\"color: #ff8c00; font-size: 14pt;\"><em><span style=\"font-family: georgia,serif;\">1 petit bouquet de persil plat<\/span><\/em><\/span><\/p>\n<p style=\"text-align: center;\"><span style=\"color: #ff8c00; font-size: 14pt;\"><em><span style=\"font-family: georgia,serif;\">Sel\u00a0<\/span><\/em><\/span><\/p>\n<p style=\"text-align: center;\"><span style=\"color: #ff8c00; font-size: 14pt;\"><span style=\"font-family: georgia,serif;\"><em><span style=\"color: #ff8c00;\">Toutes les \u00e9pices viennent de chez mon partenaire tr\u00e8s s\u00e9rieux -&gt;\u00a0<\/span> <a href=\"https:\/\/www.epicetoo.fr\/\">\u00c9pic\u00e9too\u00a0<\/a><\/em><\/span><\/span><\/p>\n<p style=\"text-align: center;\"><span style=\"font-size: 14pt;\"><em><span style=\"font-family: georgia,serif;\"><span style=\"color: #ff8c00;\">Recette de la harissa sur ce lien -&gt;<\/span><a href=\"http:\/\/recettes-gourmandes-de-joce.fr\/index.php\/index\/recettes-regionales-mondiales\/recettes-du-monde-salees\/21212-2\/\"> Harissa <img loading=\"lazy\" decoding=\"async\" class=\"alignnone wp-image-6084\" src=\"http:\/\/recettes-gourmandes-de-joce.fr\/wp-content\/uploads\/2019\/10\/103_3118-300x225.jpg\" alt=\"\" width=\"200\" height=\"150\" srcset=\"http:\/\/recettes-gourmandes-de-joce.fr\/wp-content\/uploads\/2019\/10\/103_3118-300x225.jpg 300w, http:\/\/recettes-gourmandes-de-joce.fr\/wp-content\/uploads\/2019\/10\/103_3118.jpg 640w\" sizes=\"auto, (max-width: 200px) 100vw, 200px\" \/><\/a><\/span><\/em><\/span><\/p>\n<p style=\"text-align: center;\"><img loading=\"lazy\" decoding=\"async\" class=\"alignnone wp-image-61723\" src=\"http:\/\/recettes-gourmandes-de-joce.fr\/wp-content\/uploads\/2024\/03\/couscous5.jpg\" alt=\"\" width=\"242\" height=\"165\" \/> <img loading=\"lazy\" decoding=\"async\" class=\"alignnone wp-image-61724\" src=\"http:\/\/recettes-gourmandes-de-joce.fr\/wp-content\/uploads\/2024\/03\/couscous6.jpg\" alt=\"\" width=\"247\" height=\"165\" \/> <img loading=\"lazy\" decoding=\"async\" class=\"alignnone wp-image-61725\" src=\"http:\/\/recettes-gourmandes-de-joce.fr\/wp-content\/uploads\/2024\/03\/couscous7.jpg\" alt=\"\" width=\"247\" height=\"165\" \/><\/p>\n<p style=\"text-align: center;\"><span style=\"color: #ff8c00; font-size: 14pt;\"><em><span style=\"font-family: georgia,serif;\">Peler et laver les l\u00e9gumes, couper les courgettes et les carottes en tron\u00e7ons, les tomates et les navets en morceaux. Hacher grossi\u00e8rement le persil et les feuilles de c\u00e9leri, couper les c\u00f4tes de c\u00e9leri en morceaux. Peler et \u00e9mincer l&rsquo;oignon, hacher l&rsquo;ail d\u00e9germ\u00e9. \u00c9goutter les pois chiches. Dans un couscoussier ou une grande marmite, mettre un filet d&rsquo;huile d&rsquo;olive et y faire dorer les morceaux de poulet et de mouton ou d&rsquo;agneau. Saler et poivre.<\/span><\/em><\/span><\/p>\n<p style=\"text-align: center;\">\u00a0<img loading=\"lazy\" decoding=\"async\" class=\"alignnone wp-image-61726\" src=\"http:\/\/recettes-gourmandes-de-joce.fr\/wp-content\/uploads\/2024\/03\/couscous8.jpg\" alt=\"\" width=\"255\" height=\"170\" \/> <img loading=\"lazy\" decoding=\"async\" class=\"alignnone wp-image-61727\" src=\"http:\/\/recettes-gourmandes-de-joce.fr\/wp-content\/uploads\/2024\/03\/couscous9.jpg\" alt=\"\" width=\"206\" height=\"170\" \/> <img loading=\"lazy\" decoding=\"async\" class=\"alignnone wp-image-61728\" src=\"http:\/\/recettes-gourmandes-de-joce.fr\/wp-content\/uploads\/2024\/03\/couscous10.jpg\" alt=\"\" width=\"255\" height=\"170\" \/><\/p>\n<p style=\"text-align: center;\"><span style=\"color: #ff8c00; font-size: 14pt;\"><em><span style=\"font-family: georgia,serif;\">Lorsque les morceaux sont dor\u00e9s, les d\u00e9barrasser, faire dorer les merguez et les d\u00e9barrasser. Remettre les morceaux de mouton dans la marmite, ajouter les oignons.<\/span><\/em><\/span><\/p>\n<p style=\"text-align: center;\"><img loading=\"lazy\" decoding=\"async\" class=\"alignnone wp-image-61729\" src=\"http:\/\/recettes-gourmandes-de-joce.fr\/wp-content\/uploads\/2024\/03\/couscous11.jpg\" alt=\"\" width=\"247\" height=\"165\" \/> <img loading=\"lazy\" decoding=\"async\" class=\"alignnone wp-image-61730\" src=\"http:\/\/recettes-gourmandes-de-joce.fr\/wp-content\/uploads\/2024\/03\/couscous12.jpg\" alt=\"\" width=\"247\" height=\"165\" \/> <img loading=\"lazy\" decoding=\"async\" class=\"alignnone wp-image-61731\" src=\"http:\/\/recettes-gourmandes-de-joce.fr\/wp-content\/uploads\/2024\/03\/couscous13.jpg\" alt=\"\" width=\"247\" height=\"165\" \/><\/p>\n<p style=\"text-align: center;\"><span style=\"color: #ff8c00; font-size: 14pt;\"><em><span style=\"font-family: georgia,serif;\">Ajouter les \u00e9pices, le c\u00e9leri, le persil et bien m\u00e9langer, faire suer quelques instants. Couvrir d&rsquo;eau et\u00a0porter \u00e0 \u00e9bullition. Laisser ensuite mijoter.<\/span><\/em><\/span><\/p>\n<p style=\"text-align: center;\"><img loading=\"lazy\" decoding=\"async\" class=\"alignnone wp-image-61732\" src=\"http:\/\/recettes-gourmandes-de-joce.fr\/wp-content\/uploads\/2024\/03\/couscous14.jpg\" alt=\"\" width=\"247\" height=\"165\" \/> <img loading=\"lazy\" decoding=\"async\" class=\"alignnone wp-image-61733\" src=\"http:\/\/recettes-gourmandes-de-joce.fr\/wp-content\/uploads\/2024\/03\/couscous15.jpg\" alt=\"\" width=\"218\" height=\"165\" \/> <img loading=\"lazy\" decoding=\"async\" class=\"alignnone wp-image-61734\" src=\"http:\/\/recettes-gourmandes-de-joce.fr\/wp-content\/uploads\/2024\/03\/couscous16.jpg\" alt=\"\" width=\"215\" height=\"165\" \/><\/p>\n<p style=\"text-align: center;\"><span style=\"color: #ff8c00; font-size: 14pt;\"><em><span style=\"font-family: georgia,serif;\">\u00c0 mi-cuisson de la viande, ajouter les carottes, les navets, les tomates, le concentr\u00e9 de tomate et l&rsquo;ail. M\u00e9langer.<\/span><\/em><\/span><\/p>\n<p style=\"text-align: center;\"><img loading=\"lazy\" decoding=\"async\" class=\"alignnone wp-image-61735\" src=\"http:\/\/recettes-gourmandes-de-joce.fr\/wp-content\/uploads\/2024\/03\/couscous17.jpg\" alt=\"\" width=\"247\" height=\"165\" \/> <img loading=\"lazy\" decoding=\"async\" class=\"alignnone wp-image-61736\" src=\"http:\/\/recettes-gourmandes-de-joce.fr\/wp-content\/uploads\/2024\/03\/couscous18.jpg\" alt=\"\" width=\"247\" height=\"165\" \/> <img loading=\"lazy\" decoding=\"async\" class=\"alignnone wp-image-61737\" src=\"http:\/\/recettes-gourmandes-de-joce.fr\/wp-content\/uploads\/2024\/03\/couscous19.jpg\" alt=\"\" width=\"247\" height=\"165\" \/><\/p>\n<p style=\"text-align: center;\"><span style=\"color: #ff8c00; font-size: 14pt;\"><em><span style=\"font-family: georgia,serif;\">Ajouter les morceaux de poulet et poursuivre la cuisson. Cinq minutes avant la fin de la cuisson ajouter les courgettes, les merguez pour qu&rsquo;elles terminent de cuire ou\u00a0<\/span><\/em><\/span><em style=\"color: #ff8c00; font-size: 18.6667px;\"><span style=\"font-family: georgia,serif;\">les <\/span><\/em><em style=\"color: #ff8c00; font-size: 14pt;\"><span style=\"font-family: georgia,serif;\">passer \u00e0 la po\u00eale si vous pr\u00e9f\u00e9rez. Terminer la cuisson.<\/span><\/em><\/p>\n<p style=\"text-align: center;\"><img loading=\"lazy\" decoding=\"async\" class=\"alignnone wp-image-61738\" src=\"http:\/\/recettes-gourmandes-de-joce.fr\/wp-content\/uploads\/2024\/03\/couscous20.jpg\" alt=\"\" width=\"247\" height=\"165\" \/> <img loading=\"lazy\" decoding=\"async\" class=\"alignnone wp-image-61739\" src=\"http:\/\/recettes-gourmandes-de-joce.fr\/wp-content\/uploads\/2024\/03\/couscous21.jpg\" alt=\"\" width=\"234\" height=\"165\" \/> <img loading=\"lazy\" decoding=\"async\" class=\"alignnone wp-image-61740\" src=\"http:\/\/recettes-gourmandes-de-joce.fr\/wp-content\/uploads\/2024\/03\/couscous22.jpg\" alt=\"\" width=\"204\" height=\"165\" \/><\/p>\n<p style=\"text-align: center;\"><span style=\"color: #ff8c00; font-size: 14pt;\"><em><span style=\"font-family: georgia,serif;\">Pr\u00e9parer la semoule si vous n&rsquo;avez pas de couscoussier,\u00a0<\/span><\/em><\/span><em style=\"color: #ff8c00; font-size: 18.6667px;\"><span style=\"font-family: georgia,serif;\">la <\/span><\/em><span style=\"color: #ff8c00; font-size: 14pt;\"><em><span style=\"font-family: georgia,serif;\">mettre dans un saladier, saler et ajouter l&rsquo;eau bouillante, laisser gonfler 5\/10 minutes, puis ajouter le beurre et l&rsquo;\u00e9grainer dans vos mains (attention c&rsquo;est chaud), utilisez \u00e9ventuellement une fourchette. R\u00e9cup\u00e9rer un peu de bouillon du couscous et y ajouter les pois chiches, <\/span><\/em><\/span><em style=\"color: #ff8c00; font-size: 18.6667px;\"><span style=\"font-family: georgia,serif;\">les <\/span><\/em><em style=\"color: #ff8c00; font-size: 14pt;\"><span style=\"font-family: georgia,serif;\">r\u00e9chauffer au micro-ondes (je ne les ajouter pas au couscous pendant la cuisson car si il en reste ils font tourner le couscous).<\/span><\/em><\/p>\n<p style=\"text-align: center;\"><img loading=\"lazy\" decoding=\"async\" class=\"alignnone wp-image-61741\" src=\"http:\/\/recettes-gourmandes-de-joce.fr\/wp-content\/uploads\/2024\/03\/couscous23.jpg\" alt=\"\" width=\"215\" height=\"165\" \/><\/p>\n<p style=\"text-align: center;\"><span style=\"color: #ff8c00; font-size: 14pt;\"><em><span style=\"font-family: georgia,serif;\">D\u00e9layez la harissa dans un bol de bouillon que vous servirez \u00e0 part avec la semoule, les l\u00e9gumes et les morceaux de viande.<\/span><\/em><\/span><\/p>\n<p style=\"text-align: center;\"><span style=\"color: #ff8c00; font-size: 14pt;\"><span style=\"font-family: georgia,serif;\"><em>Bon app\u00e9tit!<\/em><\/span><\/span><\/p>\n<p style=\"text-align: center;\"><img loading=\"lazy\" decoding=\"async\" class=\"alignnone wp-image-61717\" src=\"http:\/\/recettes-gourmandes-de-joce.fr\/wp-content\/uploads\/2024\/03\/couscous25.jpg\" alt=\"\" width=\"247\" height=\"180\" \/><\/p>\n<p style=\"text-align: center;\"><img loading=\"lazy\" decoding=\"async\" class=\"alignnone wp-image-61718\" src=\"http:\/\/recettes-gourmandes-de-joce.fr\/wp-content\/uploads\/2024\/03\/couscous26.jpg\" alt=\"\" width=\"249\" height=\"180\" \/> <img loading=\"lazy\" decoding=\"async\" class=\"alignnone wp-image-61716\" src=\"http:\/\/recettes-gourmandes-de-joce.fr\/wp-content\/uploads\/2024\/03\/couscous24.jpg\" alt=\"\" width=\"270\" height=\"180\" \/><\/p>\n<p style=\"text-align: center;\"><img loading=\"lazy\" decoding=\"async\" class=\"alignnone wp-image-44943 size-full\" src=\"http:\/\/recettes-gourmandes-de-joce.fr\/wp-content\/uploads\/2022\/05\/logitech-gaming-software-14112014-121223.jpg\" alt=\"\" width=\"640\" height=\"144\" srcset=\"http:\/\/recettes-gourmandes-de-joce.fr\/wp-content\/uploads\/2022\/05\/logitech-gaming-software-14112014-121223.jpg 640w, http:\/\/recettes-gourmandes-de-joce.fr\/wp-content\/uploads\/2022\/05\/logitech-gaming-software-14112014-121223-300x68.jpg 300w\" sizes=\"auto, (max-width: 640px) 100vw, 640px\" \/><\/p>\n","protected":false},"excerpt":{"rendered":"<p>D&rsquo;apr\u00e8s la recette de\u00a0Aux d\u00e9lices du palais \u00ab\u00a0Couscous royale alg\u00e9rien\u00a0\u00bb \u00a0 Ingr\u00e9dients pour 6 personnes 6 morceaux de collier d&rsquo;agneau ou de mouton 6 morceaux de poulet (pilons ou hauts de cuisse) 12 merguez 3 tomates 4 carottes (j&rsquo;ai mis une jaune) 2 courgettes 2 navets (j&rsquo;ai mis 1 boule\u00a0d&rsquo;or) 1 branche de c\u00e9leri 1 &hellip; <\/p>\n<p><a class=\"more-link btn\" href=\"http:\/\/recettes-gourmandes-de-joce.fr\/index.php\/index\/recettes-regionales-mondiales\/recettes-du-monde-salees\/couscous-royal-algerien\/\">Lire la suite<\/a><\/p>\n","protected":false},"author":2,"featured_media":86113,"parent":206,"menu_order":0,"comment_status":"open","ping_status":"closed","template":"","meta":{"footnotes":""},"class_list":["post-565","page","type-page","status-publish","has-post-thumbnail","hentry","nodate","item-wrap"],"_links":{"self":[{"href":"http:\/\/recettes-gourmandes-de-joce.fr\/index.php\/wp-json\/wp\/v2\/pages\/565","targetHints":{"allow":["GET"]}}],"collection":[{"href":"http:\/\/recettes-gourmandes-de-joce.fr\/index.php\/wp-json\/wp\/v2\/pages"}],"about":[{"href":"http:\/\/recettes-gourmandes-de-joce.fr\/index.php\/wp-json\/wp\/v2\/types\/page"}],"author":[{"embeddable":true,"href":"http:\/\/recettes-gourmandes-de-joce.fr\/index.php\/wp-json\/wp\/v2\/users\/2"}],"replies":[{"embeddable":true,"href":"http:\/\/recettes-gourmandes-de-joce.fr\/index.php\/wp-json\/wp\/v2\/comments?post=565"}],"version-history":[{"count":7,"href":"http:\/\/recettes-gourmandes-de-joce.fr\/index.php\/wp-json\/wp\/v2\/pages\/565\/revisions"}],"predecessor-version":[{"id":86114,"href":"http:\/\/recettes-gourmandes-de-joce.fr\/index.php\/wp-json\/wp\/v2\/pages\/565\/revisions\/86114"}],"up":[{"embeddable":true,"href":"http:\/\/recettes-gourmandes-de-joce.fr\/index.php\/wp-json\/wp\/v2\/pages\/206"}],"wp:featuredmedia":[{"embeddable":true,"href":"http:\/\/recettes-gourmandes-de-joce.fr\/index.php\/wp-json\/wp\/v2\/media\/86113"}],"wp:attachment":[{"href":"http:\/\/recettes-gourmandes-de-joce.fr\/index.php\/wp-json\/wp\/v2\/media?parent=565"}],"curies":[{"name":"wp","href":"https:\/\/api.w.org\/{rel}","templated":true}]}}