{"id":55947,"date":"2023-08-17T11:41:14","date_gmt":"2023-08-17T11:41:14","guid":{"rendered":"http:\/\/recettes-gourmandes-de-joce.fr\/?page_id=55947"},"modified":"2024-08-16T12:50:47","modified_gmt":"2024-08-16T12:50:47","slug":"lasagnes-aux-courgettes-et-tomates","status":"publish","type":"page","link":"http:\/\/recettes-gourmandes-de-joce.fr\/index.php\/index\/legumes\/courgette\/lasagnes-aux-courgettes-et-tomates\/","title":{"rendered":"Lasagnes aux courgettes et tomates."},"content":{"rendered":"<p style=\"text-align: center;\"><span style=\"color: #008000; text-decoration: underline; font-family: georgia, palatino, serif;\"><em><span style=\"font-size: x-large;\">Une de mes recettes<\/span><\/em><\/span><\/p>\n<p style=\"text-align: center;\"><span style=\"font-family: georgia, palatino, serif;\"><a title=\"titre de l'image\" href=\"http:\/\/jocelyne.debon.free.fr\/lasagnes-legumes\/lasagnes-l%e9gumes1.JPG\" rel=\"iframe\"><img decoding=\"async\" src=\"http:\/\/jocelyne.debon.free.fr\/lasagnes-legumes\/lasagnes-l%e9gumes1.JPG\" alt=\"\" width=\"238\" \/> <\/a><a title=\"titre de l'image\" href=\"http:\/\/jocelyne.debon.free.fr\/lasagnes-legumes\/lasagnes-l%e9gumes2.JPG\" rel=\"iframe\"><span style=\"color: #0066cc;\"> <img decoding=\"async\" src=\"http:\/\/jocelyne.debon.free.fr\/lasagnes-legumes\/lasagnes-l%e9gumes2.JPG\" alt=\"\" width=\"230\" \/> <\/span><\/a><a title=\"titre de l'image\" href=\"http:\/\/jocelyne.debon.free.fr\/lasagnes-legumes\/lasagnes-l%e9gumes3.JPG\" rel=\"iframe\"><span style=\"color: #0066cc;\"> <img decoding=\"async\" src=\"http:\/\/jocelyne.debon.free.fr\/lasagnes-legumes\/lasagnes-l%e9gumes3.JPG\" alt=\"\" width=\"230\" \/><\/span><\/a><\/span><\/p>\n<p style=\"text-align: center;\"><span style=\"color: #008000; font-size: x-large; text-decoration: underline; font-family: georgia, palatino, serif;\"><em>Ingr\u00e9dients pour 3 personnes<\/em><\/span><\/p>\n<p style=\"text-align: center;\"><span style=\"font-family: georgia, palatino, serif;\"><a title=\"titre de l'image\" href=\"http:\/\/jocelyne.debon.free.fr\/lasagnes-legumes\/lasagnes-l%e9gumes4.JPG\" rel=\"iframe\"><img decoding=\"async\" src=\"http:\/\/jocelyne.debon.free.fr\/lasagnes-legumes\/lasagnes-l%e9gumes4.JPG\" alt=\"\" width=\"250\" \/><\/a><\/span><\/p>\n<p style=\"text-align: center;\"><span style=\"color: #008000; font-family: georgia, palatino, serif; font-size: 14pt;\"><em>12 feuilles de lasagnes<\/em><\/span><\/p>\n<p style=\"text-align: center;\"><span style=\"color: #008000; font-family: georgia, palatino, serif; font-size: 14pt;\"><em>5 tomates<\/em><\/span><\/p>\n<p style=\"text-align: center;\"><span style=\"color: #008000; font-family: georgia, palatino, serif; font-size: 14pt;\"><em>2 petites courgettes ou un morceau d&rsquo;une grosse<\/em><\/span><\/p>\n<p style=\"text-align: center;\"><span style=\"color: #008000; font-family: georgia, palatino, serif; font-size: 14pt;\"><em>100 g de lardons fum\u00e9s<\/em><\/span><\/p>\n<p style=\"text-align: center;\"><span style=\"color: #008000; font-family: georgia, palatino, serif; font-size: 14pt;\"><em>4 petites gousses d&rsquo;ail ou 2 belles<\/em><\/span><\/p>\n<p style=\"text-align: center;\"><span style=\"color: #008000; font-family: georgia, palatino, serif; font-size: 14pt;\"><em>1 petit bouquet de persil plat<\/em><\/span><\/p>\n<p style=\"text-align: center;\"><span style=\"color: #008000; font-family: georgia, palatino, serif; font-size: 14pt;\"><em>3\u00a0tranches d&#8217;emmental<\/em><\/span><\/p>\n<p style=\"text-align: center;\"><span style=\"color: #008000; font-family: georgia, palatino, serif; font-size: 14pt;\"><em>Des \u00e9pices type ratatouille d\u00e9tail sur ce lien -&gt; \u00c9pic\u00e9too<\/em><\/span><\/p>\n<p style=\"text-align: center;\"><span style=\"color: #008000; font-family: georgia, palatino, serif; font-size: 14pt;\"><em><u>Facultatif<\/u> -&gt; oignons rissol\u00e9s \u00e0 d\u00e9faut une fondue d&rsquo;oignon<\/em><\/span><\/p>\n<p style=\"text-align: center;\"><span style=\"font-size: 14pt; font-family: georgia, palatino, serif;\"><span style=\"color: #008000;\"><em><u>B\u00e9chamel<\/u><\/em><\/span><\/span><\/p>\n<p style=\"text-align: center;\"><span style=\"color: #008000; font-family: georgia, palatino, serif; font-size: 14pt;\"><em>50 g de beurre<\/em><\/span><\/p>\n<p style=\"text-align: center;\"><span style=\"color: #008000; font-family: georgia, palatino, serif; font-size: 14pt;\"><em>50 g de farine<\/em><\/span><\/p>\n<p style=\"text-align: center;\"><span style=\"color: #008000; font-family: georgia, palatino, serif; font-size: 14pt;\"><em>500 ml de lait<\/em><\/span><\/p>\n<p style=\"text-align: center;\"><span style=\"color: #008000; font-family: georgia, palatino, serif; font-size: 14pt;\"><em>Sel et poivre<\/em><\/span><\/p>\n<p style=\"text-align: center;\"><span style=\"color: #008000; font-family: georgia, palatino, serif; font-size: 14pt;\"><em>3\u00a0tranches d&#8217;emmental<\/em><\/span><\/p>\n<p style=\"text-align: center;\"><span style=\"color: #008000; font-family: georgia, palatino, serif; font-size: 14pt;\"><em>2 c \u00e0 s de cr\u00e8me fra\u00eeche<\/em><\/span><\/p>\n<p style=\"text-align: center;\"><span style=\"color: #008000; font-family: georgia, palatino, serif; font-size: 14pt;\"><em>Recette de la b\u00e9chamel sur ce lien -&gt; <a href=\"http:\/\/recettes-gourmandes-de-joce.fr\/index.php\/index\/sauces-assaisonnements\/sauces-chaudes\/bechamel-et-ses-variantes-sauces-mornay-soubise-aurore-blanche\/\">B\u00e9chamel<\/a><\/em><\/span><\/p>\n<p style=\"text-align: center;\"><span style=\"font-family: georgia, palatino, serif; font-size: 14pt;\"><a title=\"titre de l'image\" href=\"http:\/\/jocelyne.debon.free.fr\/lasagnes-legumes\/lasagnes-l%e9gumes5.JPG\" rel=\"iframe\"><img decoding=\"async\" src=\"http:\/\/jocelyne.debon.free.fr\/lasagnes-legumes\/lasagnes-l%e9gumes5.JPG\" alt=\"\" width=\"253\" \/> <\/a><a title=\"titre de l'image\" href=\"http:\/\/jocelyne.debon.free.fr\/lasagnes-legumes\/lasagnes-l%e9gumes6.JPG\" rel=\"iframe\"><span style=\"color: #0066cc;\"> <img decoding=\"async\" src=\"http:\/\/jocelyne.debon.free.fr\/lasagnes-legumes\/lasagnes-l%e9gumes6.JPG\" alt=\"\" width=\"210\" \/> <\/span><\/a><a title=\"titre de l'image\" href=\"http:\/\/jocelyne.debon.free.fr\/lasagnes-legumes\/lasagnes-l%e9gumes7.JPG\" rel=\"iframe\"><span style=\"color: #0066cc;\"> <img decoding=\"async\" src=\"http:\/\/jocelyne.debon.free.fr\/lasagnes-legumes\/lasagnes-l%e9gumes7.JPG\" alt=\"\" width=\"180\" \/><\/span><\/a><\/span><\/p>\n<p style=\"text-align: center;\"><span style=\"color: #008000; font-family: georgia, palatino, serif; font-size: 14pt;\"><em>Laver et ciseler le persil, peler et \u00e9mincer les gousses d&rsquo;ail d\u00e9germ\u00e9es, laver et couper en tranches tr\u00e8s fines les tomates et les courgettes. Saler les courgettes et les laisser rendre leur eau le temps de pr\u00e9parer la b\u00e9chamel (photo oubli\u00e9e).\u00a0 R\u00e9aliser la b\u00e9chamel, la saler et poivrer, ajouter la cr\u00e8me et m\u00e9langer, ajouter ensuite 3 tranches d&#8217;emmental coup\u00e9es en petits morceaux et m\u00e9langer \u00e0 nouveau, r\u00e9server.<\/em><\/span><\/p>\n<p style=\"text-align: center;\"><span style=\"font-size: 14pt; font-family: georgia, palatino, serif;\"><em><a title=\"titre de l'image\" href=\"http:\/\/jocelyne.debon.free.fr\/lasagnes-legumes\/lasagnes-l%e9gumes8.JPG\" rel=\"iframe\"><span style=\"color: #008000;\"><img decoding=\"async\" src=\"http:\/\/jocelyne.debon.free.fr\/lasagnes-legumes\/lasagnes-l%e9gumes8.JPG\" alt=\"\" width=\"198\" \/> <\/span><\/a><a title=\"titre de l'image\" href=\"http:\/\/jocelyne.debon.free.fr\/lasagnes-legumes\/lasagnes-l%e9gumes9.JPG\" rel=\"iframe\"><span style=\"color: #008000;\"> <img decoding=\"async\" src=\"http:\/\/jocelyne.debon.free.fr\/lasagnes-legumes\/lasagnes-l%e9gumes9.JPG\" alt=\"\" width=\"230\" \/> <\/span><\/a><a title=\"titre de l'image\" href=\"http:\/\/jocelyne.debon.free.fr\/lasagnes-legumes\/lasagnes-l%e9gumes10.JPG\" rel=\"iframe\"><span style=\"color: #008000;\"> <img decoding=\"async\" src=\"http:\/\/jocelyne.debon.free.fr\/lasagnes-legumes\/lasagnes-l%e9gumes10.JPG\" alt=\"\" width=\"230\" \/><\/span><\/a><\/em><\/span><\/p>\n<p style=\"text-align: center;\"><span style=\"color: #008000; font-family: georgia, palatino, serif; font-size: 14pt;\"><em>Mettre une marmite d&rsquo;eau \u00e0 chauffer, \u00e0 l&rsquo;\u00e9bullition, \u00a0y faire pr\u00e9cuire les feuilles de lasagne environ 5 minutes, les \u00e9goutter sans les casser. Dans un plat \u00e0 gratin \u00e9taler 2 c \u00e0 s de b\u00e9chamel, tapissez le de \u00a03 \u00e0 4 feuilles de lasagne selon la taille du plat.<\/em><\/span><\/p>\n<p style=\"text-align: center;\"><span style=\"font-size: 14pt; font-family: georgia, palatino, serif;\"><em><a title=\"titre de l'image\" href=\"http:\/\/jocelyne.debon.free.fr\/lasagnes-legumes\/lasagnes-l%e9gumes11.JPG\" rel=\"iframe\"><span style=\"color: #008000;\"><img decoding=\"async\" src=\"http:\/\/jocelyne.debon.free.fr\/lasagnes-legumes\/lasagnes-l%e9gumes11.JPG\" alt=\"\" width=\"250\" \/> <\/span><\/a><a title=\"titre de l'image\" href=\"http:\/\/jocelyne.debon.free.fr\/lasagnes-legumes\/lasagnes-l%e9gumes12.JPG\" rel=\"iframe\"><span style=\"color: #008000;\"> <img decoding=\"async\" src=\"http:\/\/jocelyne.debon.free.fr\/lasagnes-legumes\/lasagnes-l%e9gumes12.JPG\" alt=\"\" width=\"230\" \/> <\/span><\/a><a title=\"titre de l'image\" href=\"http:\/\/jocelyne.debon.free.fr\/lasagnes-legumes\/lasagnes-l%e9gumes13.JPG\" rel=\"iframe\"><span style=\"color: #008000;\"> <img decoding=\"async\" src=\"http:\/\/jocelyne.debon.free.fr\/lasagnes-legumes\/lasagnes-l%e9gumes13.JPG\" alt=\"\" width=\"230\" \/><\/span><\/a><\/em><\/span><\/p>\n<p style=\"text-align: center;\"><span style=\"color: #008000; font-family: georgia, palatino, serif; font-size: 14pt;\"><em>R\u00e9partir\u00a0\u00e0 nouveau 2 c \u00e0 s de b\u00e9chamel, ajouter la moiti\u00e9 des tranches de tomate, un peu de persil et la moiti\u00e9 de l&rsquo;ail, saler et poivrer, parsemer un peu d&rsquo;\u00e9pices.<\/em><\/span><\/p>\n<p style=\"text-align: center;\"><span style=\"font-size: 14pt; font-family: georgia, palatino, serif;\"><em><a title=\"titre de l'image\" href=\"http:\/\/jocelyne.debon.free.fr\/lasagnes-legumes\/lasagnes-l%e9gumes14.JPG\" rel=\"iframe\"><span style=\"color: #008000;\"><img decoding=\"async\" src=\"http:\/\/jocelyne.debon.free.fr\/lasagnes-legumes\/lasagnes-l%e9gumes14.JPG\" alt=\"\" width=\"230\" \/> <\/span><\/a><a title=\"titre de l'image\" href=\"http:\/\/jocelyne.debon.free.fr\/lasagnes-legumes\/lasagnes-l%e9gumes15.JPG\" rel=\"iframe\"><span style=\"color: #008000;\"> <img decoding=\"async\" src=\"http:\/\/jocelyne.debon.free.fr\/lasagnes-legumes\/lasagnes-l%e9gumes15.JPG\" alt=\"\" width=\"243\" \/> <\/span><\/a><a title=\"titre de l'image\" href=\"http:\/\/jocelyne.debon.free.fr\/lasagnes-legumes\/lasagnes-l%e9gumes16.JPG\" rel=\"iframe\"><span style=\"color: #008000;\"> <img decoding=\"async\" src=\"http:\/\/jocelyne.debon.free.fr\/lasagnes-legumes\/lasagnes-l%e9gumes16.JPG\" alt=\"\" width=\"230\" \/><\/span><\/a><\/em><\/span><\/p>\n<p style=\"text-align: center;\"><span style=\"color: #008000; font-family: georgia, palatino, serif; font-size: 14pt;\"><em>Ajouter un peu de b\u00e9chamel. Ajouter la moiti\u00e9 des tranches de courgette que vous aurez \u00e9pong\u00e9es, saler et poivrer, r\u00e9partir la moiti\u00e9 des lardons, un peu de persil et d&rsquo;\u00e9pices.<\/em><\/span><\/p>\n<p style=\"text-align: center;\"><span style=\"font-size: 14pt; font-family: georgia, palatino, serif;\"><em><a title=\"titre de l'image\" href=\"http:\/\/jocelyne.debon.free.fr\/lasagnes-legumes\/lasagnes-l%e9gumes17.JPG\" rel=\"iframe\"><span style=\"color: #008000;\"><img decoding=\"async\" src=\"http:\/\/jocelyne.debon.free.fr\/lasagnes-legumes\/lasagnes-l%e9gumes17.JPG\" alt=\"\" width=\"230\" \/> <\/span><\/a><a title=\"titre de l'image\" href=\"http:\/\/jocelyne.debon.free.fr\/lasagnes-legumes\/lasagnes-l%e9gumes18.JPG\" rel=\"iframe\"><span style=\"color: #008000;\"> <img decoding=\"async\" src=\"http:\/\/jocelyne.debon.free.fr\/lasagnes-legumes\/lasagnes-l%e9gumes18.JPG\" alt=\"\" width=\"230\" \/> <\/span><\/a><a title=\"titre de l'image\" href=\"http:\/\/jocelyne.debon.free.fr\/lasagnes-legumes\/lasagnes-l%e9gumes19.JPG\" rel=\"iframe\"><span style=\"color: #008000;\"> <img decoding=\"async\" src=\"http:\/\/jocelyne.debon.free.fr\/lasagnes-legumes\/lasagnes-l%e9gumes19.JPG\" alt=\"\" width=\"215\" \/><\/span><\/a><\/em><\/span><\/p>\n<p style=\"text-align: center;\"><span style=\"color: #008000; font-family: georgia, palatino, serif; font-size: 14pt;\"><em>Ajouter un peu de b\u00e9chamel puis une couche de feuilles de lasagnes, reprenez depuis le d\u00e9but en utilisant les restes des ingr\u00e9dients et en terminant par les lasagnes, les 3 tranches d&#8217;emmental. <\/em><\/span><\/p>\n<p style=\"text-align: center;\"><span style=\"font-size: 14pt; font-family: georgia, palatino, serif;\"><em><a title=\"titre de l'image\" href=\"http:\/\/jocelyne.debon.free.fr\/lasagnes-legumes\/lasagnes-l%e9gumes20.JPG\" rel=\"iframe\"><span style=\"color: #008000;\"><img decoding=\"async\" src=\"http:\/\/jocelyne.debon.free.fr\/lasagnes-legumes\/lasagnes-l%e9gumes20.JPG\" alt=\"\" width=\"240\" \/> <\/span><\/a><a title=\"titre de l'image\" href=\"http:\/\/jocelyne.debon.free.fr\/lasagnes-legumes\/lasagnes-l%e9gumes21.JPG\" rel=\"iframe\"><span style=\"color: #008000;\"> <img decoding=\"async\" src=\"http:\/\/jocelyne.debon.free.fr\/lasagnes-legumes\/lasagnes-l%e9gumes21.JPG\" alt=\"\" width=\"230\" \/><\/span><\/a><\/em><\/span><\/p>\n<p style=\"text-align: center;\"><span style=\"color: #008000; font-family: georgia, palatino, serif; font-size: 14pt;\"><em>Et\u00a0le reste de la b\u00e9chamel. J&rsquo;ai aussi ajouter une petite poign\u00e9e d&rsquo;oignons rissol\u00e9s mais c&rsquo;est\u00a0facultatif. Enfourner 1h \u00e0 200\u00b0 environ selon les fours, surveiller la cuisson et la coloration. <\/em><\/span><\/p>\n<p style=\"text-align: center;\"><span style=\"color: #008000; font-family: georgia, palatino, serif; font-size: 14pt;\"><em>J&rsquo;ai accompagn\u00e9 ces lasagnes d&rsquo;un filet de merlu juste cuit 2 minutes au micro-onde (sal\u00e9 et poivr\u00e9, un peu d&rsquo;\u00e9pices \u00e0 poisson, quelques noisettes de beurre, un peu de ciboulette cisel\u00e9e).<\/em><\/span><\/p>\n<p style=\"text-align: center;\"><span style=\"color: #008000; font-family: georgia, palatino, serif; font-size: 14pt;\"><em>Bon app\u00e9tit!<\/em><\/span><\/p>\n<p style=\"text-align: center;\"><span style=\"font-family: georgia, palatino, serif;\"><span style=\"font-size: 14pt;\"><a title=\"titre de l'image\" href=\"http:\/\/jocelyne.debon.free.fr\/lasagnes-legumes\/lasagnes-l%e9gumes22.JPG\" rel=\"iframe\"><img decoding=\"async\" src=\"http:\/\/jocelyne.debon.free.fr\/lasagnes-legumes\/lasagnes-l%e9gumes22.JPG\" alt=\"\" width=\"263\" \/> <\/a><\/span><a title=\"titre de l'image\" href=\"http:\/\/jocelyne.debon.free.fr\/lasagnes-legumes\/lasagnes-l%e9gumes23.JPG\" rel=\"iframe\"><span style=\"color: #0066cc;\"> <img decoding=\"async\" src=\"http:\/\/jocelyne.debon.free.fr\/lasagnes-legumes\/lasagnes-l%e9gumes23.JPG\" alt=\"\" width=\"230\" \/> <\/span><\/a><a title=\"titre de l'image\" href=\"http:\/\/jocelyne.debon.free.fr\/lasagnes-legumes\/lasagnes-l%e9gumes24.JPG\" rel=\"iframe\"><span style=\"color: #0066cc;\"> <img decoding=\"async\" src=\"http:\/\/jocelyne.debon.free.fr\/lasagnes-legumes\/lasagnes-l%e9gumes24.JPG\" alt=\"\" width=\"230\" \/><\/span><\/a><\/span><\/p>\n<p style=\"text-align: center;\"><img loading=\"lazy\" decoding=\"async\" class=\"alignnone wp-image-44943 size-full\" src=\"http:\/\/recettes-gourmandes-de-joce.fr\/wp-content\/uploads\/2022\/05\/logitech-gaming-software-14112014-121223.jpg\" alt=\"\" width=\"640\" height=\"144\" srcset=\"http:\/\/recettes-gourmandes-de-joce.fr\/wp-content\/uploads\/2022\/05\/logitech-gaming-software-14112014-121223.jpg 640w, http:\/\/recettes-gourmandes-de-joce.fr\/wp-content\/uploads\/2022\/05\/logitech-gaming-software-14112014-121223-300x68.jpg 300w\" sizes=\"auto, (max-width: 640px) 100vw, 640px\" \/><\/p>\n","protected":false},"excerpt":{"rendered":"<p>Une de mes recettes Ingr\u00e9dients pour 3 personnes 12 feuilles de lasagnes 5 tomates 2 petites courgettes ou un morceau d&rsquo;une grosse 100 g de lardons fum\u00e9s 4 petites gousses d&rsquo;ail ou 2 belles 1 petit bouquet de persil plat 3\u00a0tranches d&#8217;emmental Des \u00e9pices type ratatouille d\u00e9tail sur ce lien -&gt; \u00c9pic\u00e9too Facultatif -&gt; oignons &hellip; <\/p>\n<p><a class=\"more-link btn\" href=\"http:\/\/recettes-gourmandes-de-joce.fr\/index.php\/index\/legumes\/courgette\/lasagnes-aux-courgettes-et-tomates\/\">Lire la suite<\/a><\/p>\n","protected":false},"author":2,"featured_media":55948,"parent":996,"menu_order":0,"comment_status":"open","ping_status":"closed","template":"","meta":{"footnotes":""},"class_list":["post-55947","page","type-page","status-publish","has-post-thumbnail","hentry","nodate","item-wrap"],"_links":{"self":[{"href":"http:\/\/recettes-gourmandes-de-joce.fr\/index.php\/wp-json\/wp\/v2\/pages\/55947","targetHints":{"allow":["GET"]}}],"collection":[{"href":"http:\/\/recettes-gourmandes-de-joce.fr\/index.php\/wp-json\/wp\/v2\/pages"}],"about":[{"href":"http:\/\/recettes-gourmandes-de-joce.fr\/index.php\/wp-json\/wp\/v2\/types\/page"}],"author":[{"embeddable":true,"href":"http:\/\/recettes-gourmandes-de-joce.fr\/index.php\/wp-json\/wp\/v2\/users\/2"}],"replies":[{"embeddable":true,"href":"http:\/\/recettes-gourmandes-de-joce.fr\/index.php\/wp-json\/wp\/v2\/comments?post=55947"}],"version-history":[{"count":3,"href":"http:\/\/recettes-gourmandes-de-joce.fr\/index.php\/wp-json\/wp\/v2\/pages\/55947\/revisions"}],"predecessor-version":[{"id":88728,"href":"http:\/\/recettes-gourmandes-de-joce.fr\/index.php\/wp-json\/wp\/v2\/pages\/55947\/revisions\/88728"}],"up":[{"embeddable":true,"href":"http:\/\/recettes-gourmandes-de-joce.fr\/index.php\/wp-json\/wp\/v2\/pages\/996"}],"wp:featuredmedia":[{"embeddable":true,"href":"http:\/\/recettes-gourmandes-de-joce.fr\/index.php\/wp-json\/wp\/v2\/media\/55948"}],"wp:attachment":[{"href":"http:\/\/recettes-gourmandes-de-joce.fr\/index.php\/wp-json\/wp\/v2\/media?parent=55947"}],"curies":[{"name":"wp","href":"https:\/\/api.w.org\/{rel}","templated":true}]}}