{"id":55637,"date":"2023-07-27T11:12:11","date_gmt":"2023-07-27T11:12:11","guid":{"rendered":"http:\/\/recettes-gourmandes-de-joce.fr\/?page_id=55637"},"modified":"2024-10-25T11:07:02","modified_gmt":"2024-10-25T11:07:02","slug":"mini-club-sandwichs-a-la-tartinade-de-chorizo-concombre-et-fromage-frais","status":"publish","type":"page","link":"http:\/\/recettes-gourmandes-de-joce.fr\/index.php\/index\/aperitifs-amuses-bouches\/amuses-bouches\/mini-club-sandwichs-a-la-tartinade-de-chorizo-concombre-et-fromage-frais\/","title":{"rendered":"Mini club sandwichs \u00e0 la tartinade de chorizo, concombre et fromage frais."},"content":{"rendered":"<p style=\"text-align: center;\"><span style=\"text-decoration: underline; color: #ff6600; font-size: 14pt;\"><span style=\"font-family: georgia, palatino, serif;\"><em>D&rsquo;apr\u00e8s une recette vue sur le net revue \u00e0 ma fa\u00e7on!<\/em><\/span><\/span><\/p>\n<p style=\"text-align: center;\"><span style=\"color: #ff6600;\">\u00a0<img loading=\"lazy\" decoding=\"async\" class=\"alignnone wp-image-55638\" src=\"http:\/\/recettes-gourmandes-de-joce.fr\/wp-content\/uploads\/2023\/07\/20230723_113736-001.jpg\" alt=\"\" width=\"240\" height=\"180\" srcset=\"http:\/\/recettes-gourmandes-de-joce.fr\/wp-content\/uploads\/2023\/07\/20230723_113736-001.jpg 800w, http:\/\/recettes-gourmandes-de-joce.fr\/wp-content\/uploads\/2023\/07\/20230723_113736-001-768x576.jpg 768w, http:\/\/recettes-gourmandes-de-joce.fr\/wp-content\/uploads\/2023\/07\/20230723_113736-001-750x563.jpg 750w\" sizes=\"auto, (max-width: 240px) 100vw, 240px\" \/> <img loading=\"lazy\" decoding=\"async\" class=\"alignnone wp-image-55635\" src=\"http:\/\/recettes-gourmandes-de-joce.fr\/wp-content\/uploads\/2023\/07\/20230723_113754.jpg\" alt=\"\" width=\"214\" height=\"180\" srcset=\"http:\/\/recettes-gourmandes-de-joce.fr\/wp-content\/uploads\/2023\/07\/20230723_113754.jpg 800w, http:\/\/recettes-gourmandes-de-joce.fr\/wp-content\/uploads\/2023\/07\/20230723_113754-768x647.jpg 768w, http:\/\/recettes-gourmandes-de-joce.fr\/wp-content\/uploads\/2023\/07\/20230723_113754-750x632.jpg 750w\" sizes=\"auto, (max-width: 214px) 100vw, 214px\" \/> <img loading=\"lazy\" decoding=\"async\" class=\"alignnone wp-image-55639\" src=\"http:\/\/recettes-gourmandes-de-joce.fr\/wp-content\/uploads\/2023\/07\/20230723_113742-001.jpg\" alt=\"\" width=\"274\" height=\"180\" srcset=\"http:\/\/recettes-gourmandes-de-joce.fr\/wp-content\/uploads\/2023\/07\/20230723_113742-001.jpg 800w, http:\/\/recettes-gourmandes-de-joce.fr\/wp-content\/uploads\/2023\/07\/20230723_113742-001-768x505.jpg 768w, http:\/\/recettes-gourmandes-de-joce.fr\/wp-content\/uploads\/2023\/07\/20230723_113742-001-750x493.jpg 750w\" sizes=\"auto, (max-width: 274px) 100vw, 274px\" \/><\/span><\/p>\n<p style=\"text-align: center;\"><img loading=\"lazy\" decoding=\"async\" class=\"alignnone wp-image-58216\" src=\"http:\/\/recettes-gourmandes-de-joce.fr\/wp-content\/uploads\/2023\/12\/20231202_180146.jpg\" alt=\"\" width=\"283\" height=\"180\" srcset=\"http:\/\/recettes-gourmandes-de-joce.fr\/wp-content\/uploads\/2023\/12\/20231202_180146.jpg 800w, http:\/\/recettes-gourmandes-de-joce.fr\/wp-content\/uploads\/2023\/12\/20231202_180146-768x489.jpg 768w, http:\/\/recettes-gourmandes-de-joce.fr\/wp-content\/uploads\/2023\/12\/20231202_180146-750x477.jpg 750w\" sizes=\"auto, (max-width: 283px) 100vw, 283px\" \/><\/p>\n<p style=\"text-align: center;\"><span style=\"text-decoration: underline; color: #ff6600;\"><span style=\"font-size: 18pt; font-family: georgia, palatino, serif;\"><em> Ingr\u00e9dients pour 36 mini sandwichs<\/em><\/span><\/span><\/p>\n<p style=\"text-align: center;\"><span style=\"color: #ff6600;\"><img loading=\"lazy\" decoding=\"async\" class=\"alignnone wp-image-55636\" src=\"http:\/\/recettes-gourmandes-de-joce.fr\/wp-content\/uploads\/2023\/07\/20230724_010834.jpg\" alt=\"\" width=\"237\" height=\"200\" srcset=\"http:\/\/recettes-gourmandes-de-joce.fr\/wp-content\/uploads\/2023\/07\/20230724_010834.jpg 800w, http:\/\/recettes-gourmandes-de-joce.fr\/wp-content\/uploads\/2023\/07\/20230724_010834-768x648.jpg 768w, http:\/\/recettes-gourmandes-de-joce.fr\/wp-content\/uploads\/2023\/07\/20230724_010834-750x633.jpg 750w\" sizes=\"auto, (max-width: 237px) 100vw, 237px\" \/><\/span><\/p>\n<p style=\"text-align: center;\"><span style=\"font-family: georgia, palatino, serif; color: #ff6600;\"><em><span style=\"font-size: 14pt;\">18 tranches de pain de mie <\/span><\/em><\/span><\/p>\n<p style=\"text-align: center;\"><span style=\"font-family: georgia, palatino, serif; color: #ff6600;\"><em><span style=\"font-size: 14pt;\">1 concombre<\/span><\/em><\/span><\/p>\n<p style=\"text-align: center;\"><span style=\"color: #ff6600;\"><span style=\"font-family: georgia, palatino, serif;\"><span style=\"font-size: 18.6667px;\"><i>150 g de fromage frais type St Mor\u00eat<\/i><\/span><\/span><\/span><\/p>\n<p style=\"text-align: center;\"><span style=\"font-family: georgia, palatino, serif; color: #ff6600;\"><em><span style=\"font-size: 14pt;\">\u00bd bol de tartinade au chorizo<\/span><\/em><\/span><\/p>\n<p style=\"text-align: center;\"><span style=\"color: #ff6600;\"><em><span style=\"font-size: 14pt; font-family: georgia, palatino, serif;\">Recette de la tartinade au chorizo <\/span><\/em><\/span><\/p>\n<p style=\"text-align: center;\"><span style=\"color: #ff6600;\"><em><span style=\"font-size: 14pt; font-family: georgia, palatino, serif;\">sur ce lien -&gt;<\/span><\/em><a href=\"http:\/\/recettes-gourmandes-de-joce.fr\/index.php\/index\/aperitifs-amuses-bouches\/amuses-bouches\/tartinade-au-chorizo-oignon-et-fromage-frais\/\"><em><span style=\"font-family: georgia, palatino, serif; font-size: 14pt;\"><span style=\"color: #800080;\">Tartinade au chorizo, oignon et fromage frais<\/span> <img loading=\"lazy\" decoding=\"async\" class=\"alignnone wp-image-1396\" src=\"http:\/\/recettes-gourmandes-de-joce.fr\/wp-content\/uploads\/2019\/09\/tartinade-chorizo1-300x189.jpg\" alt=\"\" width=\"238\" height=\"150\" srcset=\"http:\/\/recettes-gourmandes-de-joce.fr\/wp-content\/uploads\/2019\/09\/tartinade-chorizo1-300x189.jpg 300w, http:\/\/recettes-gourmandes-de-joce.fr\/wp-content\/uploads\/2019\/09\/tartinade-chorizo1-768x485.jpg 768w, http:\/\/recettes-gourmandes-de-joce.fr\/wp-content\/uploads\/2019\/09\/tartinade-chorizo1.jpg 800w\" sizes=\"auto, (max-width: 238px) 100vw, 238px\" \/><\/span><\/em><\/a><\/span><\/p>\n<p style=\"text-align: center;\"><span style=\"color: #ff6600;\"><em><span style=\"font-size: 14pt; font-family: georgia, palatino, serif;\">Recette du pain de mie sur ce lien -&gt;\u00a0<span style=\"color: #800080;\"><a style=\"color: #800080;\" href=\"http:\/\/recettes-gourmandes-de-joce.fr\/index.php\/index\/pains-viennoiseries-map\/pains-pains-speciaux\/pain-de-mie\/\">Pain de mie<\/a><\/span> <a href=\"http:\/\/recettes-gourmandes-de-joce.fr\/index.php\/index\/pains-viennoiseries-map\/pains-pains-speciaux\/pain-de-mie\/\"><img loading=\"lazy\" decoding=\"async\" class=\"alignnone wp-image-9482\" src=\"http:\/\/recettes-gourmandes-de-joce.fr\/wp-content\/uploads\/2019\/11\/pain-de-mie-9-300x218.jpg\" alt=\"\" width=\"220\" height=\"160\" srcset=\"http:\/\/recettes-gourmandes-de-joce.fr\/wp-content\/uploads\/2019\/11\/pain-de-mie-9-300x218.jpg 300w, http:\/\/recettes-gourmandes-de-joce.fr\/wp-content\/uploads\/2019\/11\/pain-de-mie-9.jpg 640w\" sizes=\"auto, (max-width: 220px) 100vw, 220px\" \/><\/a><\/span><\/em><\/span><\/p>\n<p style=\"text-align: center;\"><span style=\"color: #ff6600;\"><img loading=\"lazy\" decoding=\"async\" class=\"alignnone wp-image-55627\" src=\"http:\/\/recettes-gourmandes-de-joce.fr\/wp-content\/uploads\/2023\/07\/20230723_111236.jpg\" alt=\"\" width=\"227\" height=\"170\" srcset=\"http:\/\/recettes-gourmandes-de-joce.fr\/wp-content\/uploads\/2023\/07\/20230723_111236.jpg 800w, http:\/\/recettes-gourmandes-de-joce.fr\/wp-content\/uploads\/2023\/07\/20230723_111236-768x576.jpg 768w, http:\/\/recettes-gourmandes-de-joce.fr\/wp-content\/uploads\/2023\/07\/20230723_111236-750x563.jpg 750w\" sizes=\"auto, (max-width: 227px) 100vw, 227px\" \/> <img loading=\"lazy\" decoding=\"async\" class=\"alignnone wp-image-41606\" src=\"http:\/\/recettes-gourmandes-de-joce.fr\/wp-content\/uploads\/2022\/01\/20220110_212511-279x300.jpg\" alt=\"\" width=\"158\" height=\"170\" srcset=\"http:\/\/recettes-gourmandes-de-joce.fr\/wp-content\/uploads\/2022\/01\/20220110_212511-279x300.jpg 279w, http:\/\/recettes-gourmandes-de-joce.fr\/wp-content\/uploads\/2022\/01\/20220110_212511.jpg 743w\" sizes=\"auto, (max-width: 158px) 100vw, 158px\" \/>\u00a0<img loading=\"lazy\" decoding=\"async\" class=\"alignnone wp-image-55629\" src=\"http:\/\/recettes-gourmandes-de-joce.fr\/wp-content\/uploads\/2023\/07\/20230723_111250.jpg\" alt=\"\" width=\"220\" height=\"170\" srcset=\"http:\/\/recettes-gourmandes-de-joce.fr\/wp-content\/uploads\/2023\/07\/20230723_111250.jpg 800w, http:\/\/recettes-gourmandes-de-joce.fr\/wp-content\/uploads\/2023\/07\/20230723_111250-768x592.jpg 768w, http:\/\/recettes-gourmandes-de-joce.fr\/wp-content\/uploads\/2023\/07\/20230723_111250-750x578.jpg 750w\" sizes=\"auto, (max-width: 220px) 100vw, 220px\" \/><\/span><\/p>\n<p style=\"text-align: center;\"><span style=\"color: #ff6600;\"><em><span style=\"font-family: georgia, palatino, serif; font-size: 14pt;\">R\u00e9aliser votre tartinade selon la recette donn\u00e9e ci-dessus \u2191 , toaster les tranches de pain de mie, \u00e9taler la tartinade au chorizo sur 9 tranches de pain de mie, r\u00e9server les autres.<\/span><\/em><\/span><\/p>\n<p style=\"text-align: center;\"><span style=\"color: #ff6600;\">\u00a0<img loading=\"lazy\" decoding=\"async\" class=\"alignnone wp-image-55428\" src=\"http:\/\/recettes-gourmandes-de-joce.fr\/wp-content\/uploads\/2023\/07\/20230708_200452.jpg\" alt=\"\" width=\"256\" height=\"170\" srcset=\"http:\/\/recettes-gourmandes-de-joce.fr\/wp-content\/uploads\/2023\/07\/20230708_200452.jpg 800w, http:\/\/recettes-gourmandes-de-joce.fr\/wp-content\/uploads\/2023\/07\/20230708_200452-768x511.jpg 768w, http:\/\/recettes-gourmandes-de-joce.fr\/wp-content\/uploads\/2023\/07\/20230708_200452-750x499.jpg 750w\" sizes=\"auto, (max-width: 256px) 100vw, 256px\" \/> <img loading=\"lazy\" decoding=\"async\" class=\"alignnone wp-image-55429\" src=\"http:\/\/recettes-gourmandes-de-joce.fr\/wp-content\/uploads\/2023\/07\/20230708_200638.jpg\" alt=\"\" width=\"267\" height=\"170\" srcset=\"http:\/\/recettes-gourmandes-de-joce.fr\/wp-content\/uploads\/2023\/07\/20230708_200638.jpg 800w, http:\/\/recettes-gourmandes-de-joce.fr\/wp-content\/uploads\/2023\/07\/20230708_200638-768x490.jpg 768w, http:\/\/recettes-gourmandes-de-joce.fr\/wp-content\/uploads\/2023\/07\/20230708_200638-750x478.jpg 750w\" sizes=\"auto, (max-width: 267px) 100vw, 267px\" \/><\/span><\/p>\n<p style=\"text-align: center;\" align=\"center\"><span style=\"color: #ff6600;\"><em><span style=\"font-size: 14pt; font-family: Georgia, serif;\">\u00a0Laver et s\u00e9cher le concombre, faire des tranches \u00e0 la mandoline <u>sans l&rsquo;\u00e9plucher.<\/u> Puis les <\/span><\/em><em><span style=\"font-family: Georgia, serif;\"><span style=\"font-size: 14pt;\">couper de la longueur des tranches de pain de mie.<\/span><\/span><\/em><\/span><\/p>\n<p style=\"text-align: center;\"><span style=\"color: #ff6600;\"><img loading=\"lazy\" decoding=\"async\" class=\"alignnone wp-image-55628\" src=\"http:\/\/recettes-gourmandes-de-joce.fr\/wp-content\/uploads\/2023\/07\/20230723_111246.jpg\" alt=\"\" width=\"227\" height=\"170\" srcset=\"http:\/\/recettes-gourmandes-de-joce.fr\/wp-content\/uploads\/2023\/07\/20230723_111246.jpg 800w, http:\/\/recettes-gourmandes-de-joce.fr\/wp-content\/uploads\/2023\/07\/20230723_111246-768x576.jpg 768w, http:\/\/recettes-gourmandes-de-joce.fr\/wp-content\/uploads\/2023\/07\/20230723_111246-750x563.jpg 750w\" sizes=\"auto, (max-width: 227px) 100vw, 227px\" \/> <img loading=\"lazy\" decoding=\"async\" class=\"alignnone wp-image-55630\" src=\"http:\/\/recettes-gourmandes-de-joce.fr\/wp-content\/uploads\/2023\/07\/20230723_112244.jpg\" alt=\"\" width=\"264\" height=\"170\" srcset=\"http:\/\/recettes-gourmandes-de-joce.fr\/wp-content\/uploads\/2023\/07\/20230723_112244.jpg 800w, http:\/\/recettes-gourmandes-de-joce.fr\/wp-content\/uploads\/2023\/07\/20230723_112244-768x494.jpg 768w, http:\/\/recettes-gourmandes-de-joce.fr\/wp-content\/uploads\/2023\/07\/20230723_112244-750x483.jpg 750w\" sizes=\"auto, (max-width: 264px) 100vw, 264px\" \/>\u00a0<img loading=\"lazy\" decoding=\"async\" class=\"alignnone wp-image-55631\" src=\"http:\/\/recettes-gourmandes-de-joce.fr\/wp-content\/uploads\/2023\/07\/20230723_112418.jpg\" alt=\"\" width=\"177\" height=\"170\" srcset=\"http:\/\/recettes-gourmandes-de-joce.fr\/wp-content\/uploads\/2023\/07\/20230723_112418.jpg 800w, http:\/\/recettes-gourmandes-de-joce.fr\/wp-content\/uploads\/2023\/07\/20230723_112418-768x737.jpg 768w, http:\/\/recettes-gourmandes-de-joce.fr\/wp-content\/uploads\/2023\/07\/20230723_112418-750x720.jpg 750w\" sizes=\"auto, (max-width: 177px) 100vw, 177px\" \/>\u00a0<\/span><\/p>\n<p style=\"text-align: center;\" align=\"center\"><span style=\"color: #ff6600;\"><em><span style=\"font-family: Georgia, serif;\"><span style=\"font-size: 14pt;\">Tartiner les 9 tranches de pain de mie r\u00e9serv\u00e9es de <\/span><span style=\"font-size: 18.6667px;\">fromage<\/span><span style=\"font-size: 14pt;\">\u00a0frais pour faire <\/span><span style=\"font-size: 18.6667px;\">adh\u00e9rer<\/span><span style=\"font-size: 14pt;\"> les tranches de concombre, a<\/span><\/span><\/em><em><span style=\"font-family: Georgia, serif;\"><span style=\"font-size: 14pt;\">jouter ensuite les tranches de concombre en les faisant se chevaucher.\u00a0 Puis d\u00e9poser les tranches de pain de mie sur celles au chorizo (concombre vers l&rsquo;<\/span><span style=\"font-size: 18.6667px;\">ext\u00e9rieur<\/span><span style=\"font-size: 14pt;\">).<\/span><\/span><\/em><\/span><\/p>\n<p style=\"text-align: center;\"><span style=\"color: #ff6600;\">\u00a0<img loading=\"lazy\" decoding=\"async\" class=\"alignnone wp-image-55632\" src=\"http:\/\/recettes-gourmandes-de-joce.fr\/wp-content\/uploads\/2023\/07\/20230723_112504.jpg\" alt=\"\" width=\"192\" height=\"170\" srcset=\"http:\/\/recettes-gourmandes-de-joce.fr\/wp-content\/uploads\/2023\/07\/20230723_112504.jpg 800w, http:\/\/recettes-gourmandes-de-joce.fr\/wp-content\/uploads\/2023\/07\/20230723_112504-768x679.jpg 768w, http:\/\/recettes-gourmandes-de-joce.fr\/wp-content\/uploads\/2023\/07\/20230723_112504-750x663.jpg 750w\" sizes=\"auto, (max-width: 192px) 100vw, 192px\" \/><\/span><\/p>\n<p style=\"text-align: center;\"><span style=\"color: #ff6600;\"><em><span style=\"font-family: georgia, palatino, serif; font-size: 14pt;\">Ajouter 4 cure-dent comme sur la photo pour maintenir les tranches entre elles.<\/span><\/em> <em><span style=\"font-size: 14pt; font-family: Georgia, serif;\">Couper chaque sandwich en quatre dans la diagonale pour obtenir 4 mini sandwichs et r\u00e9servez les au frais jusqu&rsquo;\u00e0 la d\u00e9gustation. Excellents \u00e0 l\u2019ap\u00e9ritif !<\/span><\/em><\/span><\/p>\n<p style=\"text-align: center;\" align=\"center\"><span style=\"color: #ff6600;\"><em><span style=\"font-size: 14pt; font-family: Georgia, serif;\">Bon app\u00e9tit !<\/span><\/em> \u00a0<\/span><\/p>\n<p align=\"center\"><img loading=\"lazy\" decoding=\"async\" class=\"alignnone wp-image-58217\" src=\"http:\/\/recettes-gourmandes-de-joce.fr\/wp-content\/uploads\/2023\/12\/20231202_180155.jpg\" alt=\"\" width=\"258\" height=\"180\" srcset=\"http:\/\/recettes-gourmandes-de-joce.fr\/wp-content\/uploads\/2023\/12\/20231202_180155.jpg 800w, http:\/\/recettes-gourmandes-de-joce.fr\/wp-content\/uploads\/2023\/12\/20231202_180155-768x536.jpg 768w, http:\/\/recettes-gourmandes-de-joce.fr\/wp-content\/uploads\/2023\/12\/20231202_180155-750x523.jpg 750w\" sizes=\"auto, (max-width: 258px) 100vw, 258px\" \/><\/p>\n<p align=\"center\"><span style=\"color: #ff6600;\"><img loading=\"lazy\" decoding=\"async\" class=\"alignnone wp-image-55638\" src=\"http:\/\/recettes-gourmandes-de-joce.fr\/wp-content\/uploads\/2023\/07\/20230723_113736-001.jpg\" alt=\"\" width=\"240\" height=\"180\" srcset=\"http:\/\/recettes-gourmandes-de-joce.fr\/wp-content\/uploads\/2023\/07\/20230723_113736-001.jpg 800w, http:\/\/recettes-gourmandes-de-joce.fr\/wp-content\/uploads\/2023\/07\/20230723_113736-001-768x576.jpg 768w, http:\/\/recettes-gourmandes-de-joce.fr\/wp-content\/uploads\/2023\/07\/20230723_113736-001-750x563.jpg 750w\" sizes=\"auto, (max-width: 240px) 100vw, 240px\" \/> <img loading=\"lazy\" decoding=\"async\" class=\"alignnone wp-image-55635\" src=\"http:\/\/recettes-gourmandes-de-joce.fr\/wp-content\/uploads\/2023\/07\/20230723_113754.jpg\" alt=\"\" width=\"214\" height=\"180\" srcset=\"http:\/\/recettes-gourmandes-de-joce.fr\/wp-content\/uploads\/2023\/07\/20230723_113754.jpg 800w, http:\/\/recettes-gourmandes-de-joce.fr\/wp-content\/uploads\/2023\/07\/20230723_113754-768x647.jpg 768w, http:\/\/recettes-gourmandes-de-joce.fr\/wp-content\/uploads\/2023\/07\/20230723_113754-750x632.jpg 750w\" sizes=\"auto, (max-width: 214px) 100vw, 214px\" \/> <img loading=\"lazy\" decoding=\"async\" class=\"alignnone wp-image-55639\" src=\"http:\/\/recettes-gourmandes-de-joce.fr\/wp-content\/uploads\/2023\/07\/20230723_113742-001.jpg\" alt=\"\" width=\"274\" height=\"180\" srcset=\"http:\/\/recettes-gourmandes-de-joce.fr\/wp-content\/uploads\/2023\/07\/20230723_113742-001.jpg 800w, http:\/\/recettes-gourmandes-de-joce.fr\/wp-content\/uploads\/2023\/07\/20230723_113742-001-768x505.jpg 768w, http:\/\/recettes-gourmandes-de-joce.fr\/wp-content\/uploads\/2023\/07\/20230723_113742-001-750x493.jpg 750w\" sizes=\"auto, (max-width: 274px) 100vw, 274px\" \/><\/span><\/p>\n<p style=\"text-align: center;\"><span style=\"color: #ff6600;\"><img loading=\"lazy\" decoding=\"async\" class=\"alignnone wp-image-37354 size-full\" src=\"http:\/\/recettes-gourmandes-de-joce.fr\/wp-content\/uploads\/2021\/06\/logitech-gaming-software-14112014-121223.jpg\" alt=\"\" width=\"640\" height=\"144\" srcset=\"http:\/\/recettes-gourmandes-de-joce.fr\/wp-content\/uploads\/2021\/06\/logitech-gaming-software-14112014-121223.jpg 640w, http:\/\/recettes-gourmandes-de-joce.fr\/wp-content\/uploads\/2021\/06\/logitech-gaming-software-14112014-121223-300x68.jpg 300w\" sizes=\"auto, (max-width: 640px) 100vw, 640px\" \/><\/span><\/p>\n","protected":false},"excerpt":{"rendered":"<p>D&rsquo;apr\u00e8s une recette vue sur le net revue \u00e0 ma fa\u00e7on! \u00a0 Ingr\u00e9dients pour 36 mini sandwichs 18 tranches de pain de mie 1 concombre 150 g de fromage frais type St Mor\u00eat \u00bd bol de tartinade au chorizo Recette de la tartinade au chorizo sur ce lien -&gt;Tartinade au chorizo, oignon et fromage frais &hellip; <\/p>\n<p><a class=\"more-link btn\" href=\"http:\/\/recettes-gourmandes-de-joce.fr\/index.php\/index\/aperitifs-amuses-bouches\/amuses-bouches\/mini-club-sandwichs-a-la-tartinade-de-chorizo-concombre-et-fromage-frais\/\">Lire la suite<\/a><\/p>\n","protected":false},"author":2,"featured_media":55639,"parent":195,"menu_order":0,"comment_status":"open","ping_status":"closed","template":"","meta":{"footnotes":""},"class_list":["post-55637","page","type-page","status-publish","has-post-thumbnail","hentry","nodate","item-wrap"],"_links":{"self":[{"href":"http:\/\/recettes-gourmandes-de-joce.fr\/index.php\/wp-json\/wp\/v2\/pages\/55637","targetHints":{"allow":["GET"]}}],"collection":[{"href":"http:\/\/recettes-gourmandes-de-joce.fr\/index.php\/wp-json\/wp\/v2\/pages"}],"about":[{"href":"http:\/\/recettes-gourmandes-de-joce.fr\/index.php\/wp-json\/wp\/v2\/types\/page"}],"author":[{"embeddable":true,"href":"http:\/\/recettes-gourmandes-de-joce.fr\/index.php\/wp-json\/wp\/v2\/users\/2"}],"replies":[{"embeddable":true,"href":"http:\/\/recettes-gourmandes-de-joce.fr\/index.php\/wp-json\/wp\/v2\/comments?post=55637"}],"version-history":[{"count":8,"href":"http:\/\/recettes-gourmandes-de-joce.fr\/index.php\/wp-json\/wp\/v2\/pages\/55637\/revisions"}],"predecessor-version":[{"id":90719,"href":"http:\/\/recettes-gourmandes-de-joce.fr\/index.php\/wp-json\/wp\/v2\/pages\/55637\/revisions\/90719"}],"up":[{"embeddable":true,"href":"http:\/\/recettes-gourmandes-de-joce.fr\/index.php\/wp-json\/wp\/v2\/pages\/195"}],"wp:featuredmedia":[{"embeddable":true,"href":"http:\/\/recettes-gourmandes-de-joce.fr\/index.php\/wp-json\/wp\/v2\/media\/55639"}],"wp:attachment":[{"href":"http:\/\/recettes-gourmandes-de-joce.fr\/index.php\/wp-json\/wp\/v2\/media?parent=55637"}],"curies":[{"name":"wp","href":"https:\/\/api.w.org\/{rel}","templated":true}]}}