{"id":55228,"date":"2023-06-25T12:26:05","date_gmt":"2023-06-25T12:26:05","guid":{"rendered":"http:\/\/recettes-gourmandes-de-joce.fr\/?page_id=55228"},"modified":"2024-10-25T11:22:14","modified_gmt":"2024-10-25T11:22:14","slug":"saucisses-de-strasbourg-et-francfort-en-salade","status":"publish","type":"page","link":"http:\/\/recettes-gourmandes-de-joce.fr\/index.php\/index\/viandes\/saucisses-chipolatas-merguez-andouille-etc\/saucisses-de-strasbourg-et-francfort-en-salade\/","title":{"rendered":"Saucisses de Strasbourg et Francfort en salade."},"content":{"rendered":"<p style=\"text-align: center;\"><span style=\"text-decoration: underline; color: #000080;\"><span style=\"font-size: 18pt; font-family: georgia, palatino, serif;\"><em>Une de mes recettes<\/em><\/span><\/span><\/p>\n<p style=\"text-align: center;\"><span style=\"color: #000080;\"><img loading=\"lazy\" decoding=\"async\" class=\"alignnone wp-image-55200\" src=\"http:\/\/recettes-gourmandes-de-joce.fr\/wp-content\/uploads\/2023\/06\/20230624_210131.jpg\" alt=\"\" width=\"240\" height=\"180\" srcset=\"http:\/\/recettes-gourmandes-de-joce.fr\/wp-content\/uploads\/2023\/06\/20230624_210131.jpg 800w, http:\/\/recettes-gourmandes-de-joce.fr\/wp-content\/uploads\/2023\/06\/20230624_210131-768x576.jpg 768w, http:\/\/recettes-gourmandes-de-joce.fr\/wp-content\/uploads\/2023\/06\/20230624_210131-750x563.jpg 750w\" sizes=\"auto, (max-width: 240px) 100vw, 240px\" \/> <img loading=\"lazy\" decoding=\"async\" class=\"alignnone wp-image-55198\" src=\"http:\/\/recettes-gourmandes-de-joce.fr\/wp-content\/uploads\/2023\/06\/20230624_210127.jpg\" alt=\"\" width=\"240\" height=\"180\" srcset=\"http:\/\/recettes-gourmandes-de-joce.fr\/wp-content\/uploads\/2023\/06\/20230624_210127.jpg 800w, http:\/\/recettes-gourmandes-de-joce.fr\/wp-content\/uploads\/2023\/06\/20230624_210127-768x576.jpg 768w, http:\/\/recettes-gourmandes-de-joce.fr\/wp-content\/uploads\/2023\/06\/20230624_210127-750x563.jpg 750w\" sizes=\"auto, (max-width: 240px) 100vw, 240px\" \/> <img loading=\"lazy\" decoding=\"async\" class=\"alignnone wp-image-55197\" src=\"http:\/\/recettes-gourmandes-de-joce.fr\/wp-content\/uploads\/2023\/06\/20230624_210126.jpg\" alt=\"\" width=\"240\" height=\"180\" srcset=\"http:\/\/recettes-gourmandes-de-joce.fr\/wp-content\/uploads\/2023\/06\/20230624_210126.jpg 800w, http:\/\/recettes-gourmandes-de-joce.fr\/wp-content\/uploads\/2023\/06\/20230624_210126-768x576.jpg 768w, http:\/\/recettes-gourmandes-de-joce.fr\/wp-content\/uploads\/2023\/06\/20230624_210126-750x563.jpg 750w\" sizes=\"auto, (max-width: 240px) 100vw, 240px\" \/> <img loading=\"lazy\" decoding=\"async\" class=\"alignnone wp-image-55201\" src=\"http:\/\/recettes-gourmandes-de-joce.fr\/wp-content\/uploads\/2023\/06\/20230624_210141.jpg\" alt=\"\" width=\"240\" height=\"180\" srcset=\"http:\/\/recettes-gourmandes-de-joce.fr\/wp-content\/uploads\/2023\/06\/20230624_210141.jpg 800w, http:\/\/recettes-gourmandes-de-joce.fr\/wp-content\/uploads\/2023\/06\/20230624_210141-768x576.jpg 768w, http:\/\/recettes-gourmandes-de-joce.fr\/wp-content\/uploads\/2023\/06\/20230624_210141-750x563.jpg 750w\" sizes=\"auto, (max-width: 240px) 100vw, 240px\" \/><\/span><\/p>\n<p style=\"text-align: center;\"><span style=\"text-decoration: underline; color: #000080;\"><span style=\"font-size: 18pt; font-family: georgia, palatino, serif;\"><em> Ingr\u00e9dients pour 3 personnes<\/em><\/span><\/span><\/p>\n<p style=\"text-align: center;\"><span style=\"color: #000080;\"><img loading=\"lazy\" decoding=\"async\" class=\"alignnone wp-image-55202\" src=\"http:\/\/recettes-gourmandes-de-joce.fr\/wp-content\/uploads\/2023\/06\/20230624_203643.jpg\" alt=\"\" width=\"200\" height=\"200\" srcset=\"http:\/\/recettes-gourmandes-de-joce.fr\/wp-content\/uploads\/2023\/06\/20230624_203643.jpg 800w, http:\/\/recettes-gourmandes-de-joce.fr\/wp-content\/uploads\/2023\/06\/20230624_203643-160x160.jpg 160w, http:\/\/recettes-gourmandes-de-joce.fr\/wp-content\/uploads\/2023\/06\/20230624_203643-768x768.jpg 768w, http:\/\/recettes-gourmandes-de-joce.fr\/wp-content\/uploads\/2023\/06\/20230624_203643-750x750.jpg 750w\" sizes=\"auto, (max-width: 200px) 100vw, 200px\" \/><\/span><\/p>\n<p style=\"text-align: center;\"><span style=\"color: #000080;\"><em><span style=\"font-family: georgia, palatino, serif;\"><span style=\"font-size: 14pt;\">4 saucisses de <\/span><span style=\"font-size: 18.6667px;\">Strasbourg<\/span><\/span><\/em><\/span><\/p>\n<p style=\"text-align: center;\"><span style=\"color: #000080;\"><em><span style=\"font-family: georgia, palatino, serif;\"><span style=\"font-size: 14pt;\"> 4 saucisses de Francfort <\/span><\/span><\/em><\/span><\/p>\n<p style=\"text-align: center;\"><span style=\"color: #000080;\"><em><span style=\"font-family: georgia, palatino, serif;\"><span style=\"font-size: 14pt;\">2 gros cornichons <\/span><\/span><\/em><\/span><\/p>\n<p style=\"text-align: center;\"><span style=\"color: #000080;\"><em><span style=\"font-family: georgia, palatino, serif;\"><span style=\"font-size: 14pt;\">1 petit piments fort (facultatif)<\/span><\/span><\/em><\/span><\/p>\n<p style=\"text-align: center;\"><span style=\"color: #000080;\"><em><span style=\"font-family: georgia, palatino, serif;\"><span style=\"font-size: 14pt;\"> 1 petit bouquet de persil <\/span><\/span><\/em><\/span><\/p>\n<p style=\"text-align: center;\"><span style=\"color: #000080;\"><em><span style=\"font-family: georgia, palatino, serif;\"><span style=\"font-size: 14pt;\">1 petite \u00e9ch<\/span><\/span><\/em><em><span style=\"font-family: georgia, palatino, serif;\"><span style=\"font-size: 14pt;\">alote (oubli\u00e9e sur la photo) <\/span><\/span><\/em><\/span><\/p>\n<p style=\"text-align: center;\"><span style=\"color: #000080;\"><em><span style=\"font-family: georgia, palatino, serif;\"><span style=\"font-size: 14pt;\">1 c \u00e0 s de vinaigre de vin <\/span><\/span><\/em><\/span><\/p>\n<p style=\"text-align: center;\"><span style=\"color: #000080;\"><em><span style=\"font-family: georgia, palatino, serif;\"><span style=\"font-size: 14pt;\">3 c \u00e0 s d&rsquo;huile de tournesol <\/span><\/span><\/em><\/span><\/p>\n<p style=\"text-align: center;\"><span style=\"color: #000080;\"><em><span style=\"font-family: georgia, palatino, serif;\"><span style=\"font-size: 14pt;\">1 c \u00e0 s de moutarde forte<\/span><\/span><\/em><\/span><\/p>\n<p style=\"text-align: center;\"><span style=\"font-family: georgia, palatino, serif; color: #000080;\"><em><span style=\"font-size: 14pt;\">Sel et poivre<\/span><\/em><\/span><\/p>\n<p style=\"text-align: center;\"><span style=\"font-family: georgia, palatino, serif; color: #000080;\"><em><span style=\"font-size: 14pt;\">Recette des piments sur <\/span><\/em><\/span><\/p>\n<p style=\"text-align: center;\"><span style=\"color: #000080;\"><span style=\"font-family: georgia, palatino, serif;\"><em><span style=\"font-size: 14pt;\">ce lien -&gt;<span style=\"color: #800080;\"><a style=\"color: #800080;\" href=\"http:\/\/recettes-gourmandes-de-joce.fr\/index.php\/index\/conserves-paniers-gourmands\/confitures\/piments-forts-marines-a-lhuile-dolive-et-a-lail\/\"> Piments forts marin\u00e9s \u00e0 l\u2019huile d\u2019olive et \u00e0 l\u2019ail.<\/a><\/span><\/span><\/em><\/span> <img loading=\"lazy\" decoding=\"async\" class=\"alignnone wp-image-54764\" src=\"http:\/\/recettes-gourmandes-de-joce.fr\/wp-content\/uploads\/2023\/05\/20230520_191524-scaled.jpg\" alt=\"\" width=\"212\" height=\"150\" srcset=\"http:\/\/recettes-gourmandes-de-joce.fr\/wp-content\/uploads\/2023\/05\/20230520_191524-scaled.jpg 2560w, http:\/\/recettes-gourmandes-de-joce.fr\/wp-content\/uploads\/2023\/05\/20230520_191524-768x544.jpg 768w, http:\/\/recettes-gourmandes-de-joce.fr\/wp-content\/uploads\/2023\/05\/20230520_191524-1536x1088.jpg 1536w, http:\/\/recettes-gourmandes-de-joce.fr\/wp-content\/uploads\/2023\/05\/20230520_191524-2048x1451.jpg 2048w, http:\/\/recettes-gourmandes-de-joce.fr\/wp-content\/uploads\/2023\/05\/20230520_191524-750x531.jpg 750w\" sizes=\"auto, (max-width: 212px) 100vw, 212px\" \/><\/span><\/p>\n<p style=\"text-align: center;\"><span style=\"color: #000080;\"><img loading=\"lazy\" decoding=\"async\" class=\"alignnone wp-image-55203\" src=\"http:\/\/recettes-gourmandes-de-joce.fr\/wp-content\/uploads\/2023\/06\/20230624_204741.jpg\" alt=\"\" width=\"275\" height=\"170\" srcset=\"http:\/\/recettes-gourmandes-de-joce.fr\/wp-content\/uploads\/2023\/06\/20230624_204741.jpg 800w, http:\/\/recettes-gourmandes-de-joce.fr\/wp-content\/uploads\/2023\/06\/20230624_204741-768x475.jpg 768w, http:\/\/recettes-gourmandes-de-joce.fr\/wp-content\/uploads\/2023\/06\/20230624_204741-750x464.jpg 750w\" sizes=\"auto, (max-width: 275px) 100vw, 275px\" \/> <img loading=\"lazy\" decoding=\"async\" class=\"alignnone wp-image-55204\" src=\"http:\/\/recettes-gourmandes-de-joce.fr\/wp-content\/uploads\/2023\/06\/20230624_204826.jpg\" alt=\"\" width=\"227\" height=\"170\" srcset=\"http:\/\/recettes-gourmandes-de-joce.fr\/wp-content\/uploads\/2023\/06\/20230624_204826.jpg 800w, http:\/\/recettes-gourmandes-de-joce.fr\/wp-content\/uploads\/2023\/06\/20230624_204826-768x576.jpg 768w, http:\/\/recettes-gourmandes-de-joce.fr\/wp-content\/uploads\/2023\/06\/20230624_204826-750x563.jpg 750w\" sizes=\"auto, (max-width: 227px) 100vw, 227px\" \/> <img loading=\"lazy\" decoding=\"async\" class=\"alignnone wp-image-55205\" src=\"http:\/\/recettes-gourmandes-de-joce.fr\/wp-content\/uploads\/2023\/06\/20230624_204855.jpg\" alt=\"\" width=\"227\" height=\"170\" srcset=\"http:\/\/recettes-gourmandes-de-joce.fr\/wp-content\/uploads\/2023\/06\/20230624_204855.jpg 800w, http:\/\/recettes-gourmandes-de-joce.fr\/wp-content\/uploads\/2023\/06\/20230624_204855-768x576.jpg 768w, http:\/\/recettes-gourmandes-de-joce.fr\/wp-content\/uploads\/2023\/06\/20230624_204855-750x563.jpg 750w\" sizes=\"auto, (max-width: 227px) 100vw, 227px\" \/><\/span><\/p>\n<p style=\"text-align: center;\"><span style=\"color: #000080;\"><em><span style=\"font-size: 14pt; font-family: georgia, palatino, serif;\">Couper les saucisses et les cornichons en fines rondelles, peler et hacher l&rsquo;\u00e9chalote, laver et ciseler finement le persil, couper le piment en petits morceaux. Dans un saladier, mettre les saucisses, les cornichons, le persil et l&rsquo;\u00e9chalote.<\/span><\/em><\/span><\/p>\n<p style=\"text-align: center;\"><span style=\"color: #000080;\"><em><span style=\"font-size: 14pt; font-family: georgia, palatino, serif;\"><img loading=\"lazy\" decoding=\"async\" class=\"alignnone wp-image-55206\" src=\"http:\/\/recettes-gourmandes-de-joce.fr\/wp-content\/uploads\/2023\/06\/20230624_204918.jpg\" alt=\"\" width=\"227\" height=\"170\" srcset=\"http:\/\/recettes-gourmandes-de-joce.fr\/wp-content\/uploads\/2023\/06\/20230624_204918.jpg 800w, http:\/\/recettes-gourmandes-de-joce.fr\/wp-content\/uploads\/2023\/06\/20230624_204918-768x576.jpg 768w, http:\/\/recettes-gourmandes-de-joce.fr\/wp-content\/uploads\/2023\/06\/20230624_204918-750x563.jpg 750w\" sizes=\"auto, (max-width: 227px) 100vw, 227px\" \/><\/span><\/em><\/span><\/p>\n<p style=\"text-align: center;\"><span style=\"color: #000080;\"><em><span style=\"font-size: 14pt; font-family: georgia, palatino, serif;\">Bien m\u00e9langer.<\/span><\/em><\/span><\/p>\n<p style=\"text-align: center;\"><span style=\"color: #000080;\"><em><span style=\"font-size: 14pt; font-family: georgia, palatino, serif;\"><img loading=\"lazy\" decoding=\"async\" class=\"alignnone wp-image-55123\" src=\"http:\/\/recettes-gourmandes-de-joce.fr\/wp-content\/uploads\/2023\/06\/20230622_202404.jpg\" alt=\"\" width=\"227\" height=\"170\" srcset=\"http:\/\/recettes-gourmandes-de-joce.fr\/wp-content\/uploads\/2023\/06\/20230622_202404.jpg 800w, http:\/\/recettes-gourmandes-de-joce.fr\/wp-content\/uploads\/2023\/06\/20230622_202404-768x576.jpg 768w, http:\/\/recettes-gourmandes-de-joce.fr\/wp-content\/uploads\/2023\/06\/20230622_202404-750x563.jpg 750w\" sizes=\"auto, (max-width: 227px) 100vw, 227px\" \/> <img loading=\"lazy\" decoding=\"async\" class=\"alignnone wp-image-55192\" src=\"http:\/\/recettes-gourmandes-de-joce.fr\/wp-content\/uploads\/2023\/06\/20230624_205918.jpg\" alt=\"\" width=\"227\" height=\"170\" srcset=\"http:\/\/recettes-gourmandes-de-joce.fr\/wp-content\/uploads\/2023\/06\/20230624_205918.jpg 800w, http:\/\/recettes-gourmandes-de-joce.fr\/wp-content\/uploads\/2023\/06\/20230624_205918-768x576.jpg 768w, http:\/\/recettes-gourmandes-de-joce.fr\/wp-content\/uploads\/2023\/06\/20230624_205918-750x563.jpg 750w\" sizes=\"auto, (max-width: 227px) 100vw, 227px\" \/> <img loading=\"lazy\" decoding=\"async\" class=\"alignnone wp-image-55193\" src=\"http:\/\/recettes-gourmandes-de-joce.fr\/wp-content\/uploads\/2023\/06\/20230624_205934.jpg\" alt=\"\" width=\"228\" height=\"170\" srcset=\"http:\/\/recettes-gourmandes-de-joce.fr\/wp-content\/uploads\/2023\/06\/20230624_205934.jpg 800w, http:\/\/recettes-gourmandes-de-joce.fr\/wp-content\/uploads\/2023\/06\/20230624_205934-768x572.jpg 768w, http:\/\/recettes-gourmandes-de-joce.fr\/wp-content\/uploads\/2023\/06\/20230624_205934-750x559.jpg 750w\" sizes=\"auto, (max-width: 228px) 100vw, 228px\" \/><\/span><\/em><\/span><\/p>\n<p style=\"text-align: center;\"><span style=\"color: #000080;\"><em><span style=\"font-size: 14pt; font-family: georgia, palatino, serif;\">R\u00e9aliser la vinaigrette, dans un bol mettre le sel et le poivre, ajouter le vinaigre et m\u00e9langer, puis ajouter l\u2019huile et la moutarde et m\u00e9langer \u00e0 nouveau.<\/span><\/em><\/span><\/p>\n<p style=\"text-align: center;\"><span style=\"color: #000080;\"><em><span style=\"font-size: 14pt; font-family: georgia, palatino, serif;\"><img loading=\"lazy\" decoding=\"async\" class=\"alignnone wp-image-55194\" src=\"http:\/\/recettes-gourmandes-de-joce.fr\/wp-content\/uploads\/2023\/06\/20230624_205952.jpg\" alt=\"\" width=\"227\" height=\"170\" srcset=\"http:\/\/recettes-gourmandes-de-joce.fr\/wp-content\/uploads\/2023\/06\/20230624_205952.jpg 800w, http:\/\/recettes-gourmandes-de-joce.fr\/wp-content\/uploads\/2023\/06\/20230624_205952-768x576.jpg 768w, http:\/\/recettes-gourmandes-de-joce.fr\/wp-content\/uploads\/2023\/06\/20230624_205952-750x563.jpg 750w\" sizes=\"auto, (max-width: 227px) 100vw, 227px\" \/><\/span><\/em><\/span><\/p>\n<p style=\"text-align: center;\"><span style=\"color: #000080; font-size: 14pt;\"><span style=\"font-family: georgia, palatino, serif;\"><em>Verser la vinaigrette dans les saucisses et m\u00e9langer, r\u00e9server au frais environ 30 minutes. <\/em><\/span><\/span><\/p>\n<p style=\"text-align: center;\"><span style=\"color: #000080; font-size: 14pt;\"><span style=\"font-family: georgia, palatino, serif;\"><em>Un accompagnement id\u00e9al d&rsquo;une salade de pommes de terre par exemple!<\/em><\/span><\/span><\/p>\n<p style=\"text-align: center;\"><span style=\"color: #000080; font-size: 14pt;\"><span style=\"font-family: georgia, palatino, serif;\"><em>Bon app\u00e9tit!<\/em><\/span><\/span><\/p>\n<p style=\"text-align: center;\"><span style=\"color: #000080;\"><img loading=\"lazy\" decoding=\"async\" class=\"alignnone wp-image-55196\" src=\"http:\/\/recettes-gourmandes-de-joce.fr\/wp-content\/uploads\/2023\/06\/20230624_210123.jpg\" alt=\"\" width=\"240\" height=\"180\" srcset=\"http:\/\/recettes-gourmandes-de-joce.fr\/wp-content\/uploads\/2023\/06\/20230624_210123.jpg 800w, http:\/\/recettes-gourmandes-de-joce.fr\/wp-content\/uploads\/2023\/06\/20230624_210123-768x576.jpg 768w, http:\/\/recettes-gourmandes-de-joce.fr\/wp-content\/uploads\/2023\/06\/20230624_210123-750x563.jpg 750w\" sizes=\"auto, (max-width: 240px) 100vw, 240px\" \/> <img loading=\"lazy\" decoding=\"async\" class=\"alignnone wp-image-55199\" src=\"http:\/\/recettes-gourmandes-de-joce.fr\/wp-content\/uploads\/2023\/06\/20230624_210129.jpg\" alt=\"\" width=\"240\" height=\"180\" srcset=\"http:\/\/recettes-gourmandes-de-joce.fr\/wp-content\/uploads\/2023\/06\/20230624_210129.jpg 800w, http:\/\/recettes-gourmandes-de-joce.fr\/wp-content\/uploads\/2023\/06\/20230624_210129-768x576.jpg 768w, http:\/\/recettes-gourmandes-de-joce.fr\/wp-content\/uploads\/2023\/06\/20230624_210129-750x563.jpg 750w\" sizes=\"auto, (max-width: 240px) 100vw, 240px\" \/> <img loading=\"lazy\" decoding=\"async\" class=\"alignnone wp-image-55195\" src=\"http:\/\/recettes-gourmandes-de-joce.fr\/wp-content\/uploads\/2023\/06\/20230624_210122.jpg\" alt=\"\" width=\"240\" height=\"180\" srcset=\"http:\/\/recettes-gourmandes-de-joce.fr\/wp-content\/uploads\/2023\/06\/20230624_210122.jpg 800w, http:\/\/recettes-gourmandes-de-joce.fr\/wp-content\/uploads\/2023\/06\/20230624_210122-768x576.jpg 768w, http:\/\/recettes-gourmandes-de-joce.fr\/wp-content\/uploads\/2023\/06\/20230624_210122-750x563.jpg 750w\" sizes=\"auto, (max-width: 240px) 100vw, 240px\" \/><\/span><\/p>\n<p style=\"text-align: center;\"><span style=\"color: #000080;\"><img loading=\"lazy\" decoding=\"async\" class=\"alignnone wp-image-37354 size-full\" src=\"http:\/\/recettes-gourmandes-de-joce.fr\/wp-content\/uploads\/2021\/06\/logitech-gaming-software-14112014-121223.jpg\" alt=\"\" width=\"640\" height=\"144\" srcset=\"http:\/\/recettes-gourmandes-de-joce.fr\/wp-content\/uploads\/2021\/06\/logitech-gaming-software-14112014-121223.jpg 640w, http:\/\/recettes-gourmandes-de-joce.fr\/wp-content\/uploads\/2021\/06\/logitech-gaming-software-14112014-121223-300x68.jpg 300w\" sizes=\"auto, (max-width: 640px) 100vw, 640px\" \/><\/span><\/p>\n","protected":false},"excerpt":{"rendered":"<p>Une de mes recettes Ingr\u00e9dients pour 3 personnes 4 saucisses de Strasbourg 4 saucisses de Francfort 2 gros cornichons 1 petit piments fort (facultatif) 1 petit bouquet de persil 1 petite \u00e9chalote (oubli\u00e9e sur la photo) 1 c \u00e0 s de vinaigre de vin 3 c \u00e0 s d&rsquo;huile de tournesol 1 c \u00e0 s &hellip; <\/p>\n<p><a class=\"more-link btn\" href=\"http:\/\/recettes-gourmandes-de-joce.fr\/index.php\/index\/viandes\/saucisses-chipolatas-merguez-andouille-etc\/saucisses-de-strasbourg-et-francfort-en-salade\/\">Lire la suite<\/a><\/p>\n","protected":false},"author":2,"featured_media":55200,"parent":138,"menu_order":0,"comment_status":"open","ping_status":"closed","template":"","meta":{"footnotes":""},"class_list":["post-55228","page","type-page","status-publish","has-post-thumbnail","hentry","nodate","item-wrap"],"_links":{"self":[{"href":"http:\/\/recettes-gourmandes-de-joce.fr\/index.php\/wp-json\/wp\/v2\/pages\/55228","targetHints":{"allow":["GET"]}}],"collection":[{"href":"http:\/\/recettes-gourmandes-de-joce.fr\/index.php\/wp-json\/wp\/v2\/pages"}],"about":[{"href":"http:\/\/recettes-gourmandes-de-joce.fr\/index.php\/wp-json\/wp\/v2\/types\/page"}],"author":[{"embeddable":true,"href":"http:\/\/recettes-gourmandes-de-joce.fr\/index.php\/wp-json\/wp\/v2\/users\/2"}],"replies":[{"embeddable":true,"href":"http:\/\/recettes-gourmandes-de-joce.fr\/index.php\/wp-json\/wp\/v2\/comments?post=55228"}],"version-history":[{"count":3,"href":"http:\/\/recettes-gourmandes-de-joce.fr\/index.php\/wp-json\/wp\/v2\/pages\/55228\/revisions"}],"predecessor-version":[{"id":90775,"href":"http:\/\/recettes-gourmandes-de-joce.fr\/index.php\/wp-json\/wp\/v2\/pages\/55228\/revisions\/90775"}],"up":[{"embeddable":true,"href":"http:\/\/recettes-gourmandes-de-joce.fr\/index.php\/wp-json\/wp\/v2\/pages\/138"}],"wp:featuredmedia":[{"embeddable":true,"href":"http:\/\/recettes-gourmandes-de-joce.fr\/index.php\/wp-json\/wp\/v2\/media\/55200"}],"wp:attachment":[{"href":"http:\/\/recettes-gourmandes-de-joce.fr\/index.php\/wp-json\/wp\/v2\/media?parent=55228"}],"curies":[{"name":"wp","href":"https:\/\/api.w.org\/{rel}","templated":true}]}}