{"id":54949,"date":"2023-06-09T12:44:21","date_gmt":"2023-06-09T12:44:21","guid":{"rendered":"http:\/\/recettes-gourmandes-de-joce.fr\/?page_id=54949"},"modified":"2023-06-09T12:44:21","modified_gmt":"2023-06-09T12:44:21","slug":"oeufs-sur-le-plat-au-chorizo-echalote-et-fromage","status":"publish","type":"page","link":"http:\/\/recettes-gourmandes-de-joce.fr\/index.php\/index\/oeufs-fromages-yaourts-laitages\/oeufs\/oeufs-sur-le-plat-au-chorizo-echalote-et-fromage\/","title":{"rendered":"\u0152ufs sur le plat au chorizo, \u00e9chalote et fromage."},"content":{"rendered":"<p style=\"text-align: center;\"><span style=\"text-decoration: underline; color: #821414;\"><span style=\"font-size: 18pt; font-family: georgia, palatino, serif;\"><em>Une de mes recettes<\/em><\/span><\/span><\/p>\n<p style=\"text-align: center;\"><span style=\"color: #821414;\"><img loading=\"lazy\" decoding=\"async\" class=\"alignnone wp-image-54935\" src=\"http:\/\/recettes-gourmandes-de-joce.fr\/wp-content\/uploads\/2023\/06\/20230509_133947-scaled.jpg\" alt=\"\" width=\"251\" height=\"180\" srcset=\"http:\/\/recettes-gourmandes-de-joce.fr\/wp-content\/uploads\/2023\/06\/20230509_133947-scaled.jpg 2560w, http:\/\/recettes-gourmandes-de-joce.fr\/wp-content\/uploads\/2023\/06\/20230509_133947-768x551.jpg 768w, http:\/\/recettes-gourmandes-de-joce.fr\/wp-content\/uploads\/2023\/06\/20230509_133947-1536x1103.jpg 1536w, http:\/\/recettes-gourmandes-de-joce.fr\/wp-content\/uploads\/2023\/06\/20230509_133947-2048x1471.jpg 2048w, http:\/\/recettes-gourmandes-de-joce.fr\/wp-content\/uploads\/2023\/06\/20230509_133947-750x539.jpg 750w\" sizes=\"auto, (max-width: 251px) 100vw, 251px\" \/> <img loading=\"lazy\" decoding=\"async\" class=\"alignnone wp-image-54946\" src=\"http:\/\/recettes-gourmandes-de-joce.fr\/wp-content\/uploads\/2023\/06\/20230509_133935-scaled.jpg\" alt=\"\" width=\"240\" height=\"180\" srcset=\"http:\/\/recettes-gourmandes-de-joce.fr\/wp-content\/uploads\/2023\/06\/20230509_133935-scaled.jpg 2560w, http:\/\/recettes-gourmandes-de-joce.fr\/wp-content\/uploads\/2023\/06\/20230509_133935-768x576.jpg 768w, http:\/\/recettes-gourmandes-de-joce.fr\/wp-content\/uploads\/2023\/06\/20230509_133935-1536x1152.jpg 1536w, http:\/\/recettes-gourmandes-de-joce.fr\/wp-content\/uploads\/2023\/06\/20230509_133935-2048x1536.jpg 2048w, http:\/\/recettes-gourmandes-de-joce.fr\/wp-content\/uploads\/2023\/06\/20230509_133935-750x563.jpg 750w\" sizes=\"auto, (max-width: 240px) 100vw, 240px\" \/> <img loading=\"lazy\" decoding=\"async\" class=\"alignnone wp-image-54945\" src=\"http:\/\/recettes-gourmandes-de-joce.fr\/wp-content\/uploads\/2023\/06\/20230509_133932-scaled.jpg\" alt=\"\" width=\"240\" height=\"180\" srcset=\"http:\/\/recettes-gourmandes-de-joce.fr\/wp-content\/uploads\/2023\/06\/20230509_133932-scaled.jpg 2560w, http:\/\/recettes-gourmandes-de-joce.fr\/wp-content\/uploads\/2023\/06\/20230509_133932-768x576.jpg 768w, http:\/\/recettes-gourmandes-de-joce.fr\/wp-content\/uploads\/2023\/06\/20230509_133932-1536x1152.jpg 1536w, http:\/\/recettes-gourmandes-de-joce.fr\/wp-content\/uploads\/2023\/06\/20230509_133932-2048x1536.jpg 2048w, http:\/\/recettes-gourmandes-de-joce.fr\/wp-content\/uploads\/2023\/06\/20230509_133932-750x563.jpg 750w\" sizes=\"auto, (max-width: 240px) 100vw, 240px\" \/><\/span><\/p>\n<p style=\"text-align: center;\"><span style=\"text-decoration: underline; color: #821414;\"><span style=\"font-size: 18pt; font-family: georgia, palatino, serif;\"><em> Ingr\u00e9dients pour 1 personne<\/em><\/span><\/span><\/p>\n<p style=\"text-align: center;\"><span style=\"color: #821414;\"><img loading=\"lazy\" decoding=\"async\" class=\"alignnone wp-image-54936\" src=\"http:\/\/recettes-gourmandes-de-joce.fr\/wp-content\/uploads\/2023\/06\/20230509_132212-scaled.jpg\" alt=\"\" width=\"209\" height=\"200\" srcset=\"http:\/\/recettes-gourmandes-de-joce.fr\/wp-content\/uploads\/2023\/06\/20230509_132212-scaled.jpg 2560w, http:\/\/recettes-gourmandes-de-joce.fr\/wp-content\/uploads\/2023\/06\/20230509_132212-768x733.jpg 768w, http:\/\/recettes-gourmandes-de-joce.fr\/wp-content\/uploads\/2023\/06\/20230509_132212-1536x1466.jpg 1536w, http:\/\/recettes-gourmandes-de-joce.fr\/wp-content\/uploads\/2023\/06\/20230509_132212-2048x1955.jpg 2048w, http:\/\/recettes-gourmandes-de-joce.fr\/wp-content\/uploads\/2023\/06\/20230509_132212-750x716.jpg 750w\" sizes=\"auto, (max-width: 209px) 100vw, 209px\" \/><\/span><\/p>\n<p style=\"text-align: center;\"><span style=\"font-family: georgia, palatino, serif; color: #821414;\"><em><span style=\"font-size: 14pt;\">3 \u0152ufs <\/span><\/em><\/span><\/p>\n<p style=\"text-align: center;\"><span style=\"font-family: georgia, palatino, serif; color: #821414;\"><em><span style=\"font-size: 14pt;\">50g de chorizo doux <\/span><\/em><\/span><\/p>\n<p style=\"text-align: center;\"><span style=\"font-family: georgia, palatino, serif; color: #821414;\"><em><span style=\"font-size: 14pt;\">1 grosse \u00e9chalote <\/span><\/em><\/span><\/p>\n<p style=\"text-align: center;\"><span style=\"color: #821414;\"><span style=\"font-family: georgia, palatino, serif;\"><em><span style=\"font-size: 14pt;\">1<\/span><\/em><\/span><span style=\"font-family: georgia, palatino, serif;\"><em><span style=\"font-size: 14pt;\"> morceau de beurre <\/span><\/em><\/span><\/span><\/p>\n<p style=\"text-align: center;\"><span style=\"font-family: georgia, palatino, serif; color: #821414;\"><em><span style=\"font-size: 14pt;\">2 tranches de fromage \u00e0 croque-monsieur ou de votre choix <\/span><\/em><\/span><\/p>\n<p style=\"text-align: center;\"><span style=\"font-family: georgia, palatino, serif; color: #821414;\"><em><span style=\"font-size: 14pt;\">Sel et poivre<\/span><\/em><\/span><\/p>\n<p style=\"text-align: center;\"><span style=\"color: #821414;\"><img loading=\"lazy\" decoding=\"async\" class=\"alignnone wp-image-45134\" src=\"http:\/\/recettes-gourmandes-de-joce.fr\/wp-content\/uploads\/2022\/06\/p1010074-2-1-300x232.jpg\" alt=\"\" width=\"219\" height=\"170\" srcset=\"http:\/\/recettes-gourmandes-de-joce.fr\/wp-content\/uploads\/2022\/06\/p1010074-2-1-300x232.jpg 300w, http:\/\/recettes-gourmandes-de-joce.fr\/wp-content\/uploads\/2022\/06\/p1010074-2-1.jpg 684w\" sizes=\"auto, (max-width: 219px) 100vw, 219px\" \/> <img loading=\"lazy\" decoding=\"async\" class=\"alignnone wp-image-54937\" src=\"http:\/\/recettes-gourmandes-de-joce.fr\/wp-content\/uploads\/2023\/06\/20230509_133036-scaled.jpg\" alt=\"\" width=\"227\" height=\"170\" srcset=\"http:\/\/recettes-gourmandes-de-joce.fr\/wp-content\/uploads\/2023\/06\/20230509_133036-scaled.jpg 2560w, http:\/\/recettes-gourmandes-de-joce.fr\/wp-content\/uploads\/2023\/06\/20230509_133036-768x576.jpg 768w, http:\/\/recettes-gourmandes-de-joce.fr\/wp-content\/uploads\/2023\/06\/20230509_133036-1536x1152.jpg 1536w, http:\/\/recettes-gourmandes-de-joce.fr\/wp-content\/uploads\/2023\/06\/20230509_133036-2048x1536.jpg 2048w, http:\/\/recettes-gourmandes-de-joce.fr\/wp-content\/uploads\/2023\/06\/20230509_133036-750x563.jpg 750w\" sizes=\"auto, (max-width: 227px) 100vw, 227px\" \/> <img loading=\"lazy\" decoding=\"async\" class=\"alignnone wp-image-49497\" src=\"http:\/\/recettes-gourmandes-de-joce.fr\/wp-content\/uploads\/2023\/03\/20230325_141351-300x214.jpg\" alt=\"\" width=\"239\" height=\"170\" srcset=\"http:\/\/recettes-gourmandes-de-joce.fr\/wp-content\/uploads\/2023\/03\/20230325_141351-300x214.jpg 300w, http:\/\/recettes-gourmandes-de-joce.fr\/wp-content\/uploads\/2023\/03\/20230325_141351-1024x730.jpg 1024w, http:\/\/recettes-gourmandes-de-joce.fr\/wp-content\/uploads\/2023\/03\/20230325_141351-768x547.jpg 768w, http:\/\/recettes-gourmandes-de-joce.fr\/wp-content\/uploads\/2023\/03\/20230325_141351-1536x1094.jpg 1536w, http:\/\/recettes-gourmandes-de-joce.fr\/wp-content\/uploads\/2023\/03\/20230325_141351-2048x1459.jpg 2048w, http:\/\/recettes-gourmandes-de-joce.fr\/wp-content\/uploads\/2023\/03\/20230325_141351-750x534.jpg 750w\" sizes=\"auto, (max-width: 239px) 100vw, 239px\" \/><\/span><\/p>\n<p style=\"text-align: center;\"><em><span style=\"font-size: 14pt; font-family: georgia, palatino, serif;\"><span style=\"color: #821414;\">\u00d4ter la peau du chorizo et coupez-le en petits d\u00e9s. Peler et hacher l\u2019\u00e9chalote. Couper le fromage en\u00a0<\/span><span style=\"color: #821414;\">laini\u00e8res<\/span><\/span><\/em><\/p>\n<p style=\"text-align: center;\"><em><span style=\"color: #821414; font-size: 14pt; font-family: georgia, palatino, serif;\"><img loading=\"lazy\" decoding=\"async\" class=\"alignnone wp-image-54938\" src=\"http:\/\/recettes-gourmandes-de-joce.fr\/wp-content\/uploads\/2023\/06\/20230509_133526-scaled.jpg\" alt=\"\" width=\"227\" height=\"170\" srcset=\"http:\/\/recettes-gourmandes-de-joce.fr\/wp-content\/uploads\/2023\/06\/20230509_133526-scaled.jpg 2560w, http:\/\/recettes-gourmandes-de-joce.fr\/wp-content\/uploads\/2023\/06\/20230509_133526-768x576.jpg 768w, http:\/\/recettes-gourmandes-de-joce.fr\/wp-content\/uploads\/2023\/06\/20230509_133526-1536x1152.jpg 1536w, http:\/\/recettes-gourmandes-de-joce.fr\/wp-content\/uploads\/2023\/06\/20230509_133526-2048x1536.jpg 2048w, http:\/\/recettes-gourmandes-de-joce.fr\/wp-content\/uploads\/2023\/06\/20230509_133526-750x563.jpg 750w\" sizes=\"auto, (max-width: 227px) 100vw, 227px\" \/> <img loading=\"lazy\" decoding=\"async\" class=\"alignnone wp-image-54939\" src=\"http:\/\/recettes-gourmandes-de-joce.fr\/wp-content\/uploads\/2023\/06\/20230509_133551-scaled.jpg\" alt=\"\" width=\"227\" height=\"170\" srcset=\"http:\/\/recettes-gourmandes-de-joce.fr\/wp-content\/uploads\/2023\/06\/20230509_133551-scaled.jpg 2560w, http:\/\/recettes-gourmandes-de-joce.fr\/wp-content\/uploads\/2023\/06\/20230509_133551-768x576.jpg 768w, http:\/\/recettes-gourmandes-de-joce.fr\/wp-content\/uploads\/2023\/06\/20230509_133551-1536x1152.jpg 1536w, http:\/\/recettes-gourmandes-de-joce.fr\/wp-content\/uploads\/2023\/06\/20230509_133551-2048x1536.jpg 2048w, http:\/\/recettes-gourmandes-de-joce.fr\/wp-content\/uploads\/2023\/06\/20230509_133551-750x563.jpg 750w\" sizes=\"auto, (max-width: 227px) 100vw, 227px\" \/> <img loading=\"lazy\" decoding=\"async\" class=\"alignnone wp-image-54940\" src=\"http:\/\/recettes-gourmandes-de-joce.fr\/wp-content\/uploads\/2023\/06\/20230509_133610-scaled.jpg\" alt=\"\" width=\"227\" height=\"170\" srcset=\"http:\/\/recettes-gourmandes-de-joce.fr\/wp-content\/uploads\/2023\/06\/20230509_133610-scaled.jpg 2560w, http:\/\/recettes-gourmandes-de-joce.fr\/wp-content\/uploads\/2023\/06\/20230509_133610-768x576.jpg 768w, http:\/\/recettes-gourmandes-de-joce.fr\/wp-content\/uploads\/2023\/06\/20230509_133610-1536x1152.jpg 1536w, http:\/\/recettes-gourmandes-de-joce.fr\/wp-content\/uploads\/2023\/06\/20230509_133610-2048x1536.jpg 2048w, http:\/\/recettes-gourmandes-de-joce.fr\/wp-content\/uploads\/2023\/06\/20230509_133610-750x563.jpg 750w\" sizes=\"auto, (max-width: 227px) 100vw, 227px\" \/>\u00a0<\/span><\/em><\/p>\n<p style=\"text-align: center;\"><em><span style=\"color: #821414; font-size: 14pt; font-family: georgia, palatino, serif;\">Dans une po\u00eale anti adh\u00e9sive, mettre le beurre \u00e0 fondre. Ajouter les \u00e9chalotes et les faire suer sans coloration.\u00a0<\/span><\/em><\/p>\n<p style=\"text-align: center;\"><em><span style=\"color: #821414; font-size: 14pt; font-family: georgia, palatino, serif;\"><img loading=\"lazy\" decoding=\"async\" class=\"alignnone wp-image-54941\" src=\"http:\/\/recettes-gourmandes-de-joce.fr\/wp-content\/uploads\/2023\/06\/20230509_133649-scaled.jpg\" alt=\"\" width=\"227\" height=\"170\" srcset=\"http:\/\/recettes-gourmandes-de-joce.fr\/wp-content\/uploads\/2023\/06\/20230509_133649-scaled.jpg 2560w, http:\/\/recettes-gourmandes-de-joce.fr\/wp-content\/uploads\/2023\/06\/20230509_133649-768x576.jpg 768w, http:\/\/recettes-gourmandes-de-joce.fr\/wp-content\/uploads\/2023\/06\/20230509_133649-1536x1152.jpg 1536w, http:\/\/recettes-gourmandes-de-joce.fr\/wp-content\/uploads\/2023\/06\/20230509_133649-2048x1536.jpg 2048w, http:\/\/recettes-gourmandes-de-joce.fr\/wp-content\/uploads\/2023\/06\/20230509_133649-750x563.jpg 750w\" sizes=\"auto, (max-width: 227px) 100vw, 227px\" \/> <img loading=\"lazy\" decoding=\"async\" class=\"alignnone wp-image-54942\" src=\"http:\/\/recettes-gourmandes-de-joce.fr\/wp-content\/uploads\/2023\/06\/20230509_133730-scaled.jpg\" alt=\"\" width=\"227\" height=\"170\" srcset=\"http:\/\/recettes-gourmandes-de-joce.fr\/wp-content\/uploads\/2023\/06\/20230509_133730-scaled.jpg 2560w, http:\/\/recettes-gourmandes-de-joce.fr\/wp-content\/uploads\/2023\/06\/20230509_133730-768x576.jpg 768w, http:\/\/recettes-gourmandes-de-joce.fr\/wp-content\/uploads\/2023\/06\/20230509_133730-1536x1152.jpg 1536w, http:\/\/recettes-gourmandes-de-joce.fr\/wp-content\/uploads\/2023\/06\/20230509_133730-2048x1536.jpg 2048w, http:\/\/recettes-gourmandes-de-joce.fr\/wp-content\/uploads\/2023\/06\/20230509_133730-750x563.jpg 750w\" sizes=\"auto, (max-width: 227px) 100vw, 227px\" \/> <img loading=\"lazy\" decoding=\"async\" class=\"alignnone wp-image-54943\" src=\"http:\/\/recettes-gourmandes-de-joce.fr\/wp-content\/uploads\/2023\/06\/20230509_133804-scaled.jpg\" alt=\"\" width=\"227\" height=\"170\" srcset=\"http:\/\/recettes-gourmandes-de-joce.fr\/wp-content\/uploads\/2023\/06\/20230509_133804-scaled.jpg 2560w, http:\/\/recettes-gourmandes-de-joce.fr\/wp-content\/uploads\/2023\/06\/20230509_133804-768x576.jpg 768w, http:\/\/recettes-gourmandes-de-joce.fr\/wp-content\/uploads\/2023\/06\/20230509_133804-1536x1152.jpg 1536w, http:\/\/recettes-gourmandes-de-joce.fr\/wp-content\/uploads\/2023\/06\/20230509_133804-2048x1536.jpg 2048w, http:\/\/recettes-gourmandes-de-joce.fr\/wp-content\/uploads\/2023\/06\/20230509_133804-750x563.jpg 750w\" sizes=\"auto, (max-width: 227px) 100vw, 227px\" \/><\/span><\/em><\/p>\n<p style=\"text-align: center;\"><span style=\"color: #821414; font-size: 14pt;\"><span style=\"font-family: georgia, palatino, serif;\"><em><span style=\"font-size: 14pt;\">Casser dessus les 3 \u0153ufs. <\/span>Saler et poivrer, r\u00e9partir sur le blanc des \u0153ufs le chorizo et le fromage, cuire les \u0153ufs selon vos go\u00fbts.<\/em><\/span><\/span><\/p>\n<p style=\"text-align: center;\"><span style=\"color: #821414;\"><img loading=\"lazy\" decoding=\"async\" class=\"alignnone wp-image-48866\" src=\"http:\/\/recettes-gourmandes-de-joce.fr\/wp-content\/uploads\/2023\/02\/PA180495-300x242.jpg\" alt=\"\" width=\"211\" height=\"170\" srcset=\"http:\/\/recettes-gourmandes-de-joce.fr\/wp-content\/uploads\/2023\/02\/PA180495-300x242.jpg 300w, http:\/\/recettes-gourmandes-de-joce.fr\/wp-content\/uploads\/2023\/02\/PA180495-1024x826.jpg 1024w, http:\/\/recettes-gourmandes-de-joce.fr\/wp-content\/uploads\/2023\/02\/PA180495-768x619.jpg 768w, http:\/\/recettes-gourmandes-de-joce.fr\/wp-content\/uploads\/2023\/02\/PA180495-750x605.jpg 750w, http:\/\/recettes-gourmandes-de-joce.fr\/wp-content\/uploads\/2023\/02\/PA180495.jpg 1075w\" sizes=\"auto, (max-width: 211px) 100vw, 211px\" \/><\/span><\/p>\n<p style=\"text-align: center;\"><span style=\"color: #821414; font-size: 14pt;\"><span style=\"font-family: georgia, palatino, serif;\"><em> Servir avec une bonne salade verte.<\/em><\/span><\/span><\/p>\n<p style=\"text-align: center;\"><span style=\"color: #821414; font-size: 14pt;\"><span style=\"font-family: georgia, palatino, serif;\"><em>Bon app\u00e9tit!<\/em><\/span><\/span><\/p>\n<p style=\"text-align: center;\"><span style=\"color: #821414;\"><img loading=\"lazy\" decoding=\"async\" class=\"alignnone wp-image-54944\" src=\"http:\/\/recettes-gourmandes-de-joce.fr\/wp-content\/uploads\/2023\/06\/20230509_133930-scaled.jpg\" alt=\"\" width=\"240\" height=\"180\" srcset=\"http:\/\/recettes-gourmandes-de-joce.fr\/wp-content\/uploads\/2023\/06\/20230509_133930-scaled.jpg 2560w, http:\/\/recettes-gourmandes-de-joce.fr\/wp-content\/uploads\/2023\/06\/20230509_133930-768x576.jpg 768w, http:\/\/recettes-gourmandes-de-joce.fr\/wp-content\/uploads\/2023\/06\/20230509_133930-1536x1152.jpg 1536w, http:\/\/recettes-gourmandes-de-joce.fr\/wp-content\/uploads\/2023\/06\/20230509_133930-2048x1536.jpg 2048w, http:\/\/recettes-gourmandes-de-joce.fr\/wp-content\/uploads\/2023\/06\/20230509_133930-750x563.jpg 750w\" sizes=\"auto, (max-width: 240px) 100vw, 240px\" \/> <img loading=\"lazy\" decoding=\"async\" class=\"alignnone wp-image-54946\" src=\"http:\/\/recettes-gourmandes-de-joce.fr\/wp-content\/uploads\/2023\/06\/20230509_133935-scaled.jpg\" alt=\"\" width=\"240\" height=\"180\" srcset=\"http:\/\/recettes-gourmandes-de-joce.fr\/wp-content\/uploads\/2023\/06\/20230509_133935-scaled.jpg 2560w, http:\/\/recettes-gourmandes-de-joce.fr\/wp-content\/uploads\/2023\/06\/20230509_133935-768x576.jpg 768w, http:\/\/recettes-gourmandes-de-joce.fr\/wp-content\/uploads\/2023\/06\/20230509_133935-1536x1152.jpg 1536w, http:\/\/recettes-gourmandes-de-joce.fr\/wp-content\/uploads\/2023\/06\/20230509_133935-2048x1536.jpg 2048w, http:\/\/recettes-gourmandes-de-joce.fr\/wp-content\/uploads\/2023\/06\/20230509_133935-750x563.jpg 750w\" sizes=\"auto, (max-width: 240px) 100vw, 240px\" \/> <img loading=\"lazy\" decoding=\"async\" class=\"alignnone wp-image-54947\" src=\"http:\/\/recettes-gourmandes-de-joce.fr\/wp-content\/uploads\/2023\/06\/20230509_133937-scaled.jpg\" alt=\"\" width=\"240\" height=\"180\" srcset=\"http:\/\/recettes-gourmandes-de-joce.fr\/wp-content\/uploads\/2023\/06\/20230509_133937-scaled.jpg 2560w, http:\/\/recettes-gourmandes-de-joce.fr\/wp-content\/uploads\/2023\/06\/20230509_133937-768x576.jpg 768w, http:\/\/recettes-gourmandes-de-joce.fr\/wp-content\/uploads\/2023\/06\/20230509_133937-1536x1152.jpg 1536w, http:\/\/recettes-gourmandes-de-joce.fr\/wp-content\/uploads\/2023\/06\/20230509_133937-2048x1536.jpg 2048w, http:\/\/recettes-gourmandes-de-joce.fr\/wp-content\/uploads\/2023\/06\/20230509_133937-750x563.jpg 750w\" sizes=\"auto, (max-width: 240px) 100vw, 240px\" \/><\/span><\/p>\n<p style=\"text-align: center;\"><span style=\"color: #821414;\"><img loading=\"lazy\" decoding=\"async\" class=\"alignnone wp-image-37354 size-full\" src=\"http:\/\/recettes-gourmandes-de-joce.fr\/wp-content\/uploads\/2021\/06\/logitech-gaming-software-14112014-121223.jpg\" alt=\"\" width=\"640\" height=\"144\" srcset=\"http:\/\/recettes-gourmandes-de-joce.fr\/wp-content\/uploads\/2021\/06\/logitech-gaming-software-14112014-121223.jpg 640w, http:\/\/recettes-gourmandes-de-joce.fr\/wp-content\/uploads\/2021\/06\/logitech-gaming-software-14112014-121223-300x68.jpg 300w\" sizes=\"auto, (max-width: 640px) 100vw, 640px\" \/><\/span><\/p>\n","protected":false},"excerpt":{"rendered":"<p>Une de mes recettes Ingr\u00e9dients pour 1 personne 3 \u0152ufs 50g de chorizo doux 1 grosse \u00e9chalote 1 morceau de beurre 2 tranches de fromage \u00e0 croque-monsieur ou de votre choix Sel et poivre \u00d4ter la peau du chorizo et coupez-le en petits d\u00e9s. Peler et hacher l\u2019\u00e9chalote. Couper le fromage en\u00a0laini\u00e8res \u00a0 Dans une &hellip; <\/p>\n<p><a class=\"more-link btn\" href=\"http:\/\/recettes-gourmandes-de-joce.fr\/index.php\/index\/oeufs-fromages-yaourts-laitages\/oeufs\/oeufs-sur-le-plat-au-chorizo-echalote-et-fromage\/\">Lire la suite<\/a><\/p>\n","protected":false},"author":2,"featured_media":54947,"parent":239,"menu_order":0,"comment_status":"closed","ping_status":"closed","template":"","meta":{"footnotes":""},"class_list":["post-54949","page","type-page","status-publish","has-post-thumbnail","hentry","nodate","item-wrap"],"_links":{"self":[{"href":"http:\/\/recettes-gourmandes-de-joce.fr\/index.php\/wp-json\/wp\/v2\/pages\/54949","targetHints":{"allow":["GET"]}}],"collection":[{"href":"http:\/\/recettes-gourmandes-de-joce.fr\/index.php\/wp-json\/wp\/v2\/pages"}],"about":[{"href":"http:\/\/recettes-gourmandes-de-joce.fr\/index.php\/wp-json\/wp\/v2\/types\/page"}],"author":[{"embeddable":true,"href":"http:\/\/recettes-gourmandes-de-joce.fr\/index.php\/wp-json\/wp\/v2\/users\/2"}],"replies":[{"embeddable":true,"href":"http:\/\/recettes-gourmandes-de-joce.fr\/index.php\/wp-json\/wp\/v2\/comments?post=54949"}],"version-history":[{"count":1,"href":"http:\/\/recettes-gourmandes-de-joce.fr\/index.php\/wp-json\/wp\/v2\/pages\/54949\/revisions"}],"predecessor-version":[{"id":54950,"href":"http:\/\/recettes-gourmandes-de-joce.fr\/index.php\/wp-json\/wp\/v2\/pages\/54949\/revisions\/54950"}],"up":[{"embeddable":true,"href":"http:\/\/recettes-gourmandes-de-joce.fr\/index.php\/wp-json\/wp\/v2\/pages\/239"}],"wp:featuredmedia":[{"embeddable":true,"href":"http:\/\/recettes-gourmandes-de-joce.fr\/index.php\/wp-json\/wp\/v2\/media\/54947"}],"wp:attachment":[{"href":"http:\/\/recettes-gourmandes-de-joce.fr\/index.php\/wp-json\/wp\/v2\/media?parent=54949"}],"curies":[{"name":"wp","href":"https:\/\/api.w.org\/{rel}","templated":true}]}}