{"id":54771,"date":"2023-05-27T22:19:45","date_gmt":"2023-05-27T22:19:45","guid":{"rendered":"http:\/\/recettes-gourmandes-de-joce.fr\/?page_id=54771"},"modified":"2024-08-11T10:31:22","modified_gmt":"2024-08-11T10:31:22","slug":"piments-forts-marines-a-lhuile-dolive-et-a-lail","status":"publish","type":"page","link":"http:\/\/recettes-gourmandes-de-joce.fr\/index.php\/index\/sauces-assaisonnements\/condiments\/piments-forts-marines-a-lhuile-dolive-et-a-lail\/","title":{"rendered":"Piments forts marin\u00e9s \u00e0 l&rsquo;huile d&rsquo;olive et \u00e0 l&rsquo;ail."},"content":{"rendered":"<p style=\"text-align: center;\"><span style=\"text-decoration: underline; color: #008000;\"><span style=\"font-size: 18pt; font-family: georgia, palatino, serif;\"><em>Une de mes recettes<\/em><\/span><\/span><\/p>\n<p style=\"text-align: center;\"><img loading=\"lazy\" decoding=\"async\" class=\"alignnone wp-image-54768\" src=\"http:\/\/recettes-gourmandes-de-joce.fr\/wp-content\/uploads\/2023\/05\/20230525_191445-001-scaled.jpg\" alt=\"\" width=\"240\" height=\"180\" srcset=\"http:\/\/recettes-gourmandes-de-joce.fr\/wp-content\/uploads\/2023\/05\/20230525_191445-001-scaled.jpg 2560w, http:\/\/recettes-gourmandes-de-joce.fr\/wp-content\/uploads\/2023\/05\/20230525_191445-001-768x576.jpg 768w, http:\/\/recettes-gourmandes-de-joce.fr\/wp-content\/uploads\/2023\/05\/20230525_191445-001-1536x1152.jpg 1536w, http:\/\/recettes-gourmandes-de-joce.fr\/wp-content\/uploads\/2023\/05\/20230525_191445-001-2048x1536.jpg 2048w, http:\/\/recettes-gourmandes-de-joce.fr\/wp-content\/uploads\/2023\/05\/20230525_191445-001-750x563.jpg 750w\" sizes=\"auto, (max-width: 240px) 100vw, 240px\" \/> <img loading=\"lazy\" decoding=\"async\" class=\"alignnone wp-image-54769\" src=\"http:\/\/recettes-gourmandes-de-joce.fr\/wp-content\/uploads\/2023\/05\/20230525_191923-001-scaled.jpg\" alt=\"\" width=\"254\" height=\"180\" srcset=\"http:\/\/recettes-gourmandes-de-joce.fr\/wp-content\/uploads\/2023\/05\/20230525_191923-001-scaled.jpg 2560w, http:\/\/recettes-gourmandes-de-joce.fr\/wp-content\/uploads\/2023\/05\/20230525_191923-001-768x544.jpg 768w, http:\/\/recettes-gourmandes-de-joce.fr\/wp-content\/uploads\/2023\/05\/20230525_191923-001-1536x1089.jpg 1536w, http:\/\/recettes-gourmandes-de-joce.fr\/wp-content\/uploads\/2023\/05\/20230525_191923-001-2048x1452.jpg 2048w, http:\/\/recettes-gourmandes-de-joce.fr\/wp-content\/uploads\/2023\/05\/20230525_191923-001-750x532.jpg 750w\" sizes=\"auto, (max-width: 254px) 100vw, 254px\" \/> <img loading=\"lazy\" decoding=\"async\" class=\"alignnone wp-image-54767\" src=\"http:\/\/recettes-gourmandes-de-joce.fr\/wp-content\/uploads\/2023\/05\/20230525_191442-001-scaled.jpg\" alt=\"\" width=\"240\" height=\"180\" srcset=\"http:\/\/recettes-gourmandes-de-joce.fr\/wp-content\/uploads\/2023\/05\/20230525_191442-001-scaled.jpg 2560w, http:\/\/recettes-gourmandes-de-joce.fr\/wp-content\/uploads\/2023\/05\/20230525_191442-001-768x576.jpg 768w, http:\/\/recettes-gourmandes-de-joce.fr\/wp-content\/uploads\/2023\/05\/20230525_191442-001-1536x1152.jpg 1536w, http:\/\/recettes-gourmandes-de-joce.fr\/wp-content\/uploads\/2023\/05\/20230525_191442-001-2048x1536.jpg 2048w, http:\/\/recettes-gourmandes-de-joce.fr\/wp-content\/uploads\/2023\/05\/20230525_191442-001-750x563.jpg 750w\" sizes=\"auto, (max-width: 240px) 100vw, 240px\" \/> <img loading=\"lazy\" decoding=\"async\" class=\"alignnone wp-image-54762\" src=\"http:\/\/recettes-gourmandes-de-joce.fr\/wp-content\/uploads\/2023\/05\/20230520_191441-scaled.jpg\" alt=\"\" width=\"178\" height=\"180\" srcset=\"http:\/\/recettes-gourmandes-de-joce.fr\/wp-content\/uploads\/2023\/05\/20230520_191441-scaled.jpg 2538w, http:\/\/recettes-gourmandes-de-joce.fr\/wp-content\/uploads\/2023\/05\/20230520_191441-768x775.jpg 768w, http:\/\/recettes-gourmandes-de-joce.fr\/wp-content\/uploads\/2023\/05\/20230520_191441-1523x1536.jpg 1523w, http:\/\/recettes-gourmandes-de-joce.fr\/wp-content\/uploads\/2023\/05\/20230520_191441-2030x2048.jpg 2030w, http:\/\/recettes-gourmandes-de-joce.fr\/wp-content\/uploads\/2023\/05\/20230520_191441-750x757.jpg 750w\" sizes=\"auto, (max-width: 178px) 100vw, 178px\" \/><\/p>\n<p style=\"text-align: center;\"><span style=\"text-decoration: underline; color: #008000;\"><span style=\"font-size: 18pt; font-family: georgia, palatino, serif;\"><em> Ingr\u00e9dients<\/em><\/span><\/span><\/p>\n<p style=\"text-align: center;\"><img loading=\"lazy\" decoding=\"async\" class=\"alignnone wp-image-54752\" src=\"http:\/\/recettes-gourmandes-de-joce.fr\/wp-content\/uploads\/2023\/05\/20230520_190325-scaled.jpg\" alt=\"\" width=\"181\" height=\"200\" srcset=\"http:\/\/recettes-gourmandes-de-joce.fr\/wp-content\/uploads\/2023\/05\/20230520_190325-scaled.jpg 2323w, http:\/\/recettes-gourmandes-de-joce.fr\/wp-content\/uploads\/2023\/05\/20230520_190325-768x846.jpg 768w, http:\/\/recettes-gourmandes-de-joce.fr\/wp-content\/uploads\/2023\/05\/20230520_190325-1394x1536.jpg 1394w, http:\/\/recettes-gourmandes-de-joce.fr\/wp-content\/uploads\/2023\/05\/20230520_190325-1858x2048.jpg 1858w, http:\/\/recettes-gourmandes-de-joce.fr\/wp-content\/uploads\/2023\/05\/20230520_190325-750x827.jpg 750w\" sizes=\"auto, (max-width: 181px) 100vw, 181px\" \/><\/p>\n<p style=\"text-align: center;\"><span style=\"font-family: georgia, palatino, serif; color: #008000;\"><em><span style=\"font-size: 14pt;\">1 sachet de 50 g de piments forts (6 piments environ) Lidl<\/span><\/em><\/span><\/p>\n<p style=\"text-align: center;\"><span style=\"font-family: georgia, palatino, serif; color: #008000;\"><em><span style=\"font-size: 14pt;\">4 gousses d&rsquo;ail<\/span><\/em><\/span><\/p>\n<p style=\"text-align: center;\"><span style=\"font-family: georgia, palatino, serif; color: #008000;\"><em><span style=\"font-size: 14pt;\"> 1 branche de thym <\/span><\/em><\/span><\/p>\n<p style=\"text-align: center;\"><span style=\"font-family: georgia, palatino, serif; color: #008000;\"><em><span style=\"font-size: 14pt;\">1 branche de romarin<\/span><\/em><\/span><\/p>\n<p style=\"text-align: center;\"><span style=\"font-family: georgia, palatino, serif; color: #008000;\"><em><span style=\"font-size: 14pt;\">1 c \u00e0 s de vinaigre de vin blanc<\/span><\/em><\/span><\/p>\n<p style=\"text-align: center;\"><span style=\"font-family: georgia, palatino, serif; color: #008000;\"><em><span style=\"font-size: 14pt;\">Huile d&rsquo;olive <\/span><\/em><\/span><\/p>\n<p style=\"text-align: center;\"><span style=\"font-family: georgia, palatino, serif; color: #008000;\"><em><span style=\"font-size: 14pt;\">Sel\u00a0<\/span><\/em><\/span><\/p>\n<p style=\"text-align: center;\"><img loading=\"lazy\" decoding=\"async\" class=\"alignnone wp-image-54753\" src=\"http:\/\/recettes-gourmandes-de-joce.fr\/wp-content\/uploads\/2023\/05\/20230520_190902-scaled.jpg\" alt=\"\" width=\"243\" height=\"170\" srcset=\"http:\/\/recettes-gourmandes-de-joce.fr\/wp-content\/uploads\/2023\/05\/20230520_190902-scaled.jpg 2560w, http:\/\/recettes-gourmandes-de-joce.fr\/wp-content\/uploads\/2023\/05\/20230520_190902-768x537.jpg 768w, http:\/\/recettes-gourmandes-de-joce.fr\/wp-content\/uploads\/2023\/05\/20230520_190902-1536x1073.jpg 1536w, http:\/\/recettes-gourmandes-de-joce.fr\/wp-content\/uploads\/2023\/05\/20230520_190902-2048x1431.jpg 2048w, http:\/\/recettes-gourmandes-de-joce.fr\/wp-content\/uploads\/2023\/05\/20230520_190902-750x524.jpg 750w\" sizes=\"auto, (max-width: 243px) 100vw, 243px\" \/> <img loading=\"lazy\" decoding=\"async\" class=\"alignnone wp-image-54754\" src=\"http:\/\/recettes-gourmandes-de-joce.fr\/wp-content\/uploads\/2023\/05\/20230520_190949-scaled.jpg\" alt=\"\" width=\"152\" height=\"170\" srcset=\"http:\/\/recettes-gourmandes-de-joce.fr\/wp-content\/uploads\/2023\/05\/20230520_190949-scaled.jpg 2288w, http:\/\/recettes-gourmandes-de-joce.fr\/wp-content\/uploads\/2023\/05\/20230520_190949-768x859.jpg 768w, http:\/\/recettes-gourmandes-de-joce.fr\/wp-content\/uploads\/2023\/05\/20230520_190949-1373x1536.jpg 1373w, http:\/\/recettes-gourmandes-de-joce.fr\/wp-content\/uploads\/2023\/05\/20230520_190949-1831x2048.jpg 1831w, http:\/\/recettes-gourmandes-de-joce.fr\/wp-content\/uploads\/2023\/05\/20230520_190949-750x839.jpg 750w\" sizes=\"auto, (max-width: 152px) 100vw, 152px\" \/> <img loading=\"lazy\" decoding=\"async\" class=\"alignnone wp-image-54755\" src=\"http:\/\/recettes-gourmandes-de-joce.fr\/wp-content\/uploads\/2023\/05\/20230520_191003-scaled.jpg\" alt=\"\" width=\"128\" height=\"170\" srcset=\"http:\/\/recettes-gourmandes-de-joce.fr\/wp-content\/uploads\/2023\/05\/20230520_191003-scaled.jpg 1920w, http:\/\/recettes-gourmandes-de-joce.fr\/wp-content\/uploads\/2023\/05\/20230520_191003-768x1024.jpg 768w, http:\/\/recettes-gourmandes-de-joce.fr\/wp-content\/uploads\/2023\/05\/20230520_191003-1152x1536.jpg 1152w, http:\/\/recettes-gourmandes-de-joce.fr\/wp-content\/uploads\/2023\/05\/20230520_191003-1536x2048.jpg 1536w, http:\/\/recettes-gourmandes-de-joce.fr\/wp-content\/uploads\/2023\/05\/20230520_191003-750x1000.jpg 750w\" sizes=\"auto, (max-width: 128px) 100vw, 128px\" \/><\/p>\n<p style=\"text-align: center;\"><span style=\"font-size: 14pt; font-family: georgia, palatino, serif; color: #008000;\"><em>Peler, couper en deux et d\u00e9germer les gousses d&rsquo;ail. Laver les piments, les fendre en deux et \u00f4ter les graines. Laver les herbes aromatiques et les s\u00e9cher. Dans un bocal, mettre les herbes aromatiques, ajouter la moiti\u00e9 des gousses d&rsquo;ail.<\/em><\/span><\/p>\n<p style=\"text-align: center;\"><span style=\"font-size: 14pt; font-family: georgia, palatino, serif; color: #008000;\"><em><img loading=\"lazy\" decoding=\"async\" class=\"alignnone wp-image-54756\" src=\"http:\/\/recettes-gourmandes-de-joce.fr\/wp-content\/uploads\/2023\/05\/20230520_191045-scaled.jpg\" alt=\"\" width=\"129\" height=\"170\" srcset=\"http:\/\/recettes-gourmandes-de-joce.fr\/wp-content\/uploads\/2023\/05\/20230520_191045-scaled.jpg 1939w, http:\/\/recettes-gourmandes-de-joce.fr\/wp-content\/uploads\/2023\/05\/20230520_191045-768x1014.jpg 768w, http:\/\/recettes-gourmandes-de-joce.fr\/wp-content\/uploads\/2023\/05\/20230520_191045-1163x1536.jpg 1163w, http:\/\/recettes-gourmandes-de-joce.fr\/wp-content\/uploads\/2023\/05\/20230520_191045-1551x2048.jpg 1551w, http:\/\/recettes-gourmandes-de-joce.fr\/wp-content\/uploads\/2023\/05\/20230520_191045-750x990.jpg 750w\" sizes=\"auto, (max-width: 129px) 100vw, 129px\" \/> <img loading=\"lazy\" decoding=\"async\" class=\"alignnone wp-image-54757\" src=\"http:\/\/recettes-gourmandes-de-joce.fr\/wp-content\/uploads\/2023\/05\/20230520_191112-scaled.jpg\" alt=\"\" width=\"115\" height=\"170\" srcset=\"http:\/\/recettes-gourmandes-de-joce.fr\/wp-content\/uploads\/2023\/05\/20230520_191112-scaled.jpg 1725w, http:\/\/recettes-gourmandes-de-joce.fr\/wp-content\/uploads\/2023\/05\/20230520_191112-768x1139.jpg 768w, http:\/\/recettes-gourmandes-de-joce.fr\/wp-content\/uploads\/2023\/05\/20230520_191112-1035x1536.jpg 1035w, http:\/\/recettes-gourmandes-de-joce.fr\/wp-content\/uploads\/2023\/05\/20230520_191112-1380x2048.jpg 1380w, http:\/\/recettes-gourmandes-de-joce.fr\/wp-content\/uploads\/2023\/05\/20230520_191112-750x1113.jpg 750w\" sizes=\"auto, (max-width: 115px) 100vw, 115px\" \/> <img loading=\"lazy\" decoding=\"async\" class=\"alignnone wp-image-54758\" src=\"http:\/\/recettes-gourmandes-de-joce.fr\/wp-content\/uploads\/2023\/05\/20230520_191126-scaled.jpg\" alt=\"\" width=\"169\" height=\"170\" srcset=\"http:\/\/recettes-gourmandes-de-joce.fr\/wp-content\/uploads\/2023\/05\/20230520_191126-scaled.jpg 2550w, http:\/\/recettes-gourmandes-de-joce.fr\/wp-content\/uploads\/2023\/05\/20230520_191126-160x160.jpg 160w, http:\/\/recettes-gourmandes-de-joce.fr\/wp-content\/uploads\/2023\/05\/20230520_191126-768x771.jpg 768w, http:\/\/recettes-gourmandes-de-joce.fr\/wp-content\/uploads\/2023\/05\/20230520_191126-1530x1536.jpg 1530w, http:\/\/recettes-gourmandes-de-joce.fr\/wp-content\/uploads\/2023\/05\/20230520_191126-2040x2048.jpg 2040w, http:\/\/recettes-gourmandes-de-joce.fr\/wp-content\/uploads\/2023\/05\/20230520_191126-750x753.jpg 750w\" sizes=\"auto, (max-width: 169px) 100vw, 169px\" \/><\/em><\/span><\/p>\n<p style=\"text-align: center;\"><span style=\"font-size: 14pt; font-family: georgia, palatino, serif; color: #008000;\"><em>Ajouter ensuite les piments, le reste de l&rsquo;ail et saler l\u00e9g\u00e8rement.<\/em><\/span><\/p>\n<p style=\"text-align: center;\"><img loading=\"lazy\" decoding=\"async\" class=\"alignnone wp-image-54759\" src=\"http:\/\/recettes-gourmandes-de-joce.fr\/wp-content\/uploads\/2023\/05\/20230520_191207-scaled.jpg\" alt=\"\" width=\"147\" height=\"170\" srcset=\"http:\/\/recettes-gourmandes-de-joce.fr\/wp-content\/uploads\/2023\/05\/20230520_191207-scaled.jpg 2217w, http:\/\/recettes-gourmandes-de-joce.fr\/wp-content\/uploads\/2023\/05\/20230520_191207-768x887.jpg 768w, http:\/\/recettes-gourmandes-de-joce.fr\/wp-content\/uploads\/2023\/05\/20230520_191207-1330x1536.jpg 1330w, http:\/\/recettes-gourmandes-de-joce.fr\/wp-content\/uploads\/2023\/05\/20230520_191207-1774x2048.jpg 1774w, http:\/\/recettes-gourmandes-de-joce.fr\/wp-content\/uploads\/2023\/05\/20230520_191207-750x866.jpg 750w\" sizes=\"auto, (max-width: 147px) 100vw, 147px\" \/> <img loading=\"lazy\" decoding=\"async\" class=\"alignnone wp-image-54760\" src=\"http:\/\/recettes-gourmandes-de-joce.fr\/wp-content\/uploads\/2023\/05\/20230520_191240-scaled.jpg\" alt=\"\" width=\"142\" height=\"170\" srcset=\"http:\/\/recettes-gourmandes-de-joce.fr\/wp-content\/uploads\/2023\/05\/20230520_191240-scaled.jpg 2134w, http:\/\/recettes-gourmandes-de-joce.fr\/wp-content\/uploads\/2023\/05\/20230520_191240-768x921.jpg 768w, http:\/\/recettes-gourmandes-de-joce.fr\/wp-content\/uploads\/2023\/05\/20230520_191240-1280x1536.jpg 1280w, http:\/\/recettes-gourmandes-de-joce.fr\/wp-content\/uploads\/2023\/05\/20230520_191240-1707x2048.jpg 1707w, http:\/\/recettes-gourmandes-de-joce.fr\/wp-content\/uploads\/2023\/05\/20230520_191240-750x900.jpg 750w\" sizes=\"auto, (max-width: 142px) 100vw, 142px\" \/> <img loading=\"lazy\" decoding=\"async\" class=\"alignnone wp-image-54761\" src=\"http:\/\/recettes-gourmandes-de-joce.fr\/wp-content\/uploads\/2023\/05\/20230520_191308-scaled.jpg\" alt=\"\" width=\"138\" height=\"170\" srcset=\"http:\/\/recettes-gourmandes-de-joce.fr\/wp-content\/uploads\/2023\/05\/20230520_191308-scaled.jpg 2083w, http:\/\/recettes-gourmandes-de-joce.fr\/wp-content\/uploads\/2023\/05\/20230520_191308-768x944.jpg 768w, http:\/\/recettes-gourmandes-de-joce.fr\/wp-content\/uploads\/2023\/05\/20230520_191308-1250x1536.jpg 1250w, http:\/\/recettes-gourmandes-de-joce.fr\/wp-content\/uploads\/2023\/05\/20230520_191308-1666x2048.jpg 1666w, http:\/\/recettes-gourmandes-de-joce.fr\/wp-content\/uploads\/2023\/05\/20230520_191308-750x922.jpg 750w\" sizes=\"auto, (max-width: 138px) 100vw, 138px\" \/><\/p>\n<p style=\"text-align: center;\"><span style=\"color: #008000; font-size: 14pt;\"><span style=\"font-family: georgia, palatino, serif;\"><em>Ajouter ensuite le vinaigre, couvrir d&rsquo;huile d&rsquo;olive et fermer le bocal, entreposer au r\u00e9frig\u00e9rateur et attendre au minimum 48 h avant de d\u00e9guster. Ils sont un peu piquants et remplacent tr\u00e8s bien les cornichons dans les recettes ou vous en utilisez. <\/em><\/span><\/span><\/p>\n<p style=\"text-align: center;\"><span style=\"color: #008000; font-size: 14pt;\"><span style=\"font-family: georgia, palatino, serif;\"><em>Ils se conservent environ 3 mois au r\u00e9frig\u00e9rateur. Apr\u00e8s avoir test\u00e9 10 mois au frais ils sont impec <span class=\"x1xsqp64 xiy17q3 x1o6pynw x19co3pv xdj266r xcwd3tp xat24cr x39eecv x2b8uid\" data-testid=\"emoji\"><span class=\"xexx8yu xn5pp95 x18d9i69 x2fxd7x x3jgonx x1bhl96m\">\ud83d\udc4d<\/span><\/span><\/em><\/span><\/span><\/p>\n<p style=\"text-align: center;\"><span style=\"color: #008000; font-size: 14pt;\"><span style=\"font-family: georgia, palatino, serif;\"><em>Bon app\u00e9tit!<\/em><\/span><\/span><\/p>\n<p style=\"text-align: center;\"><img loading=\"lazy\" decoding=\"async\" class=\"alignnone wp-image-54770\" src=\"http:\/\/recettes-gourmandes-de-joce.fr\/wp-content\/uploads\/2023\/05\/20230525_191927-001-scaled.jpg\" alt=\"\" width=\"268\" height=\"180\" srcset=\"http:\/\/recettes-gourmandes-de-joce.fr\/wp-content\/uploads\/2023\/05\/20230525_191927-001-scaled.jpg 2560w, http:\/\/recettes-gourmandes-de-joce.fr\/wp-content\/uploads\/2023\/05\/20230525_191927-001-768x517.jpg 768w, http:\/\/recettes-gourmandes-de-joce.fr\/wp-content\/uploads\/2023\/05\/20230525_191927-001-1536x1033.jpg 1536w, http:\/\/recettes-gourmandes-de-joce.fr\/wp-content\/uploads\/2023\/05\/20230525_191927-001-2048x1378.jpg 2048w, http:\/\/recettes-gourmandes-de-joce.fr\/wp-content\/uploads\/2023\/05\/20230525_191927-001-750x504.jpg 750w\" sizes=\"auto, (max-width: 268px) 100vw, 268px\" \/> <img loading=\"lazy\" decoding=\"async\" class=\"alignnone wp-image-54766\" src=\"http:\/\/recettes-gourmandes-de-joce.fr\/wp-content\/uploads\/2023\/05\/20230525_191437-001-scaled.jpg\" alt=\"\" width=\"238\" height=\"180\" srcset=\"http:\/\/recettes-gourmandes-de-joce.fr\/wp-content\/uploads\/2023\/05\/20230525_191437-001-scaled.jpg 2560w, http:\/\/recettes-gourmandes-de-joce.fr\/wp-content\/uploads\/2023\/05\/20230525_191437-001-768x581.jpg 768w, http:\/\/recettes-gourmandes-de-joce.fr\/wp-content\/uploads\/2023\/05\/20230525_191437-001-1536x1162.jpg 1536w, http:\/\/recettes-gourmandes-de-joce.fr\/wp-content\/uploads\/2023\/05\/20230525_191437-001-2048x1550.jpg 2048w, http:\/\/recettes-gourmandes-de-joce.fr\/wp-content\/uploads\/2023\/05\/20230525_191437-001-750x568.jpg 750w\" sizes=\"auto, (max-width: 238px) 100vw, 238px\" \/><\/p>\n<p style=\"text-align: center;\">\u00a0<img loading=\"lazy\" decoding=\"async\" class=\"alignnone wp-image-54764\" src=\"http:\/\/recettes-gourmandes-de-joce.fr\/wp-content\/uploads\/2023\/05\/20230520_191524-scaled.jpg\" alt=\"\" width=\"254\" height=\"180\" srcset=\"http:\/\/recettes-gourmandes-de-joce.fr\/wp-content\/uploads\/2023\/05\/20230520_191524-scaled.jpg 2560w, http:\/\/recettes-gourmandes-de-joce.fr\/wp-content\/uploads\/2023\/05\/20230520_191524-768x544.jpg 768w, http:\/\/recettes-gourmandes-de-joce.fr\/wp-content\/uploads\/2023\/05\/20230520_191524-1536x1088.jpg 1536w, http:\/\/recettes-gourmandes-de-joce.fr\/wp-content\/uploads\/2023\/05\/20230520_191524-2048x1451.jpg 2048w, http:\/\/recettes-gourmandes-de-joce.fr\/wp-content\/uploads\/2023\/05\/20230520_191524-750x531.jpg 750w\" sizes=\"auto, (max-width: 254px) 100vw, 254px\" \/>\u00a0<img loading=\"lazy\" decoding=\"async\" class=\"alignnone wp-image-54751\" src=\"http:\/\/recettes-gourmandes-de-joce.fr\/wp-content\/uploads\/2023\/05\/20230525_191935-001-scaled.jpg\" alt=\"\" width=\"240\" height=\"180\" srcset=\"http:\/\/recettes-gourmandes-de-joce.fr\/wp-content\/uploads\/2023\/05\/20230525_191935-001-scaled.jpg 2560w, http:\/\/recettes-gourmandes-de-joce.fr\/wp-content\/uploads\/2023\/05\/20230525_191935-001-768x576.jpg 768w, http:\/\/recettes-gourmandes-de-joce.fr\/wp-content\/uploads\/2023\/05\/20230525_191935-001-1536x1152.jpg 1536w, http:\/\/recettes-gourmandes-de-joce.fr\/wp-content\/uploads\/2023\/05\/20230525_191935-001-2048x1536.jpg 2048w, http:\/\/recettes-gourmandes-de-joce.fr\/wp-content\/uploads\/2023\/05\/20230525_191935-001-750x563.jpg 750w\" sizes=\"auto, (max-width: 240px) 100vw, 240px\" \/> <img loading=\"lazy\" decoding=\"async\" class=\"alignnone wp-image-54763\" src=\"http:\/\/recettes-gourmandes-de-joce.fr\/wp-content\/uploads\/2023\/05\/20230520_191510-scaled.jpg\" alt=\"\" width=\"242\" height=\"180\" srcset=\"http:\/\/recettes-gourmandes-de-joce.fr\/wp-content\/uploads\/2023\/05\/20230520_191510-scaled.jpg 2560w, http:\/\/recettes-gourmandes-de-joce.fr\/wp-content\/uploads\/2023\/05\/20230520_191510-768x572.jpg 768w, http:\/\/recettes-gourmandes-de-joce.fr\/wp-content\/uploads\/2023\/05\/20230520_191510-1536x1144.jpg 1536w, http:\/\/recettes-gourmandes-de-joce.fr\/wp-content\/uploads\/2023\/05\/20230520_191510-2048x1526.jpg 2048w, http:\/\/recettes-gourmandes-de-joce.fr\/wp-content\/uploads\/2023\/05\/20230520_191510-750x559.jpg 750w\" sizes=\"auto, (max-width: 242px) 100vw, 242px\" \/><\/p>\n<p style=\"text-align: center;\"><img loading=\"lazy\" decoding=\"async\" class=\"alignnone wp-image-37354 size-full\" src=\"http:\/\/recettes-gourmandes-de-joce.fr\/wp-content\/uploads\/2021\/06\/logitech-gaming-software-14112014-121223.jpg\" alt=\"\" width=\"640\" height=\"144\" srcset=\"http:\/\/recettes-gourmandes-de-joce.fr\/wp-content\/uploads\/2021\/06\/logitech-gaming-software-14112014-121223.jpg 640w, http:\/\/recettes-gourmandes-de-joce.fr\/wp-content\/uploads\/2021\/06\/logitech-gaming-software-14112014-121223-300x68.jpg 300w\" sizes=\"auto, (max-width: 640px) 100vw, 640px\" \/><\/p>\n","protected":false},"excerpt":{"rendered":"<p>Une de mes recettes Ingr\u00e9dients 1 sachet de 50 g de piments forts (6 piments environ) Lidl 4 gousses d&rsquo;ail 1 branche de thym 1 branche de romarin 1 c \u00e0 s de vinaigre de vin blanc Huile d&rsquo;olive Sel\u00a0 Peler, couper en deux et d\u00e9germer les gousses d&rsquo;ail. Laver les piments, les fendre en &hellip; <\/p>\n<p><a class=\"more-link btn\" href=\"http:\/\/recettes-gourmandes-de-joce.fr\/index.php\/index\/sauces-assaisonnements\/condiments\/piments-forts-marines-a-lhuile-dolive-et-a-lail\/\">Lire la suite<\/a><\/p>\n","protected":false},"author":2,"featured_media":54772,"parent":433,"menu_order":0,"comment_status":"open","ping_status":"closed","template":"","meta":{"footnotes":""},"class_list":["post-54771","page","type-page","status-publish","has-post-thumbnail","hentry","nodate","item-wrap"],"_links":{"self":[{"href":"http:\/\/recettes-gourmandes-de-joce.fr\/index.php\/wp-json\/wp\/v2\/pages\/54771","targetHints":{"allow":["GET"]}}],"collection":[{"href":"http:\/\/recettes-gourmandes-de-joce.fr\/index.php\/wp-json\/wp\/v2\/pages"}],"about":[{"href":"http:\/\/recettes-gourmandes-de-joce.fr\/index.php\/wp-json\/wp\/v2\/types\/page"}],"author":[{"embeddable":true,"href":"http:\/\/recettes-gourmandes-de-joce.fr\/index.php\/wp-json\/wp\/v2\/users\/2"}],"replies":[{"embeddable":true,"href":"http:\/\/recettes-gourmandes-de-joce.fr\/index.php\/wp-json\/wp\/v2\/comments?post=54771"}],"version-history":[{"count":3,"href":"http:\/\/recettes-gourmandes-de-joce.fr\/index.php\/wp-json\/wp\/v2\/pages\/54771\/revisions"}],"predecessor-version":[{"id":88427,"href":"http:\/\/recettes-gourmandes-de-joce.fr\/index.php\/wp-json\/wp\/v2\/pages\/54771\/revisions\/88427"}],"up":[{"embeddable":true,"href":"http:\/\/recettes-gourmandes-de-joce.fr\/index.php\/wp-json\/wp\/v2\/pages\/433"}],"wp:featuredmedia":[{"embeddable":true,"href":"http:\/\/recettes-gourmandes-de-joce.fr\/index.php\/wp-json\/wp\/v2\/media\/54772"}],"wp:attachment":[{"href":"http:\/\/recettes-gourmandes-de-joce.fr\/index.php\/wp-json\/wp\/v2\/media?parent=54771"}],"curies":[{"name":"wp","href":"https:\/\/api.w.org\/{rel}","templated":true}]}}