{"id":53479,"date":"2023-04-17T13:56:43","date_gmt":"2023-04-17T13:56:43","guid":{"rendered":"http:\/\/recettes-gourmandes-de-joce.fr\/?page_id=53479"},"modified":"2024-06-16T22:48:53","modified_gmt":"2024-06-16T22:48:53","slug":"cassolettes-terre-mer-aux-st-jacques-fruits-de-mer-truite-et-champignons","status":"publish","type":"page","link":"http:\/\/recettes-gourmandes-de-joce.fr\/index.php\/index\/poissons-coquillages\/coquillages-crustaces\/cassolettes-terre-mer-aux-st-jacques-fruits-de-mer-truite-et-champignons\/","title":{"rendered":"Cassolettes terre\/mer aux St Jacques, fruits de mer, truite et champignons."},"content":{"rendered":"<p style=\"text-align: center;\"><span style=\"color: #8b4513;\"><span style=\"font-family: georgia,serif;\"><span style=\"text-decoration: underline;\"><em><span style=\"font-size: x-large;\">Une de mes recettes<\/span><\/em><\/span><\/span><\/span><\/p>\n<p style=\"text-align: center;\"><span style=\"font-family: georgia,serif;\"><span style=\"color: #8b4513;\"><img loading=\"lazy\" decoding=\"async\" class=\"alignnone wp-image-53374\" src=\"http:\/\/recettes-gourmandes-de-joce.fr\/wp-content\/uploads\/2023\/04\/cassolettes-terre-mer3-300x225.jpg\" alt=\"\" width=\"240\" height=\"180\" srcset=\"http:\/\/recettes-gourmandes-de-joce.fr\/wp-content\/uploads\/2023\/04\/cassolettes-terre-mer3-300x225.jpg 300w, http:\/\/recettes-gourmandes-de-joce.fr\/wp-content\/uploads\/2023\/04\/cassolettes-terre-mer3-768x576.jpg 768w, http:\/\/recettes-gourmandes-de-joce.fr\/wp-content\/uploads\/2023\/04\/cassolettes-terre-mer3-750x563.jpg 750w, http:\/\/recettes-gourmandes-de-joce.fr\/wp-content\/uploads\/2023\/04\/cassolettes-terre-mer3.jpg 1024w\" sizes=\"auto, (max-width: 240px) 100vw, 240px\" \/> <\/span><span style=\"color: #8b4513;\"><img loading=\"lazy\" decoding=\"async\" class=\"alignnone wp-image-53373\" src=\"http:\/\/recettes-gourmandes-de-joce.fr\/wp-content\/uploads\/2023\/04\/cassolettes-terre-mer2-300x218.jpg\" alt=\"\" width=\"248\" height=\"180\" srcset=\"http:\/\/recettes-gourmandes-de-joce.fr\/wp-content\/uploads\/2023\/04\/cassolettes-terre-mer2-300x218.jpg 300w, http:\/\/recettes-gourmandes-de-joce.fr\/wp-content\/uploads\/2023\/04\/cassolettes-terre-mer2-768x558.jpg 768w, http:\/\/recettes-gourmandes-de-joce.fr\/wp-content\/uploads\/2023\/04\/cassolettes-terre-mer2-750x545.jpg 750w, http:\/\/recettes-gourmandes-de-joce.fr\/wp-content\/uploads\/2023\/04\/cassolettes-terre-mer2.jpg 1024w\" sizes=\"auto, (max-width: 248px) 100vw, 248px\" \/> <img loading=\"lazy\" decoding=\"async\" class=\"alignnone wp-image-53372\" src=\"http:\/\/recettes-gourmandes-de-joce.fr\/wp-content\/uploads\/2023\/04\/cassolettes-terre-mer1-300x225.jpg\" alt=\"\" width=\"240\" height=\"180\" srcset=\"http:\/\/recettes-gourmandes-de-joce.fr\/wp-content\/uploads\/2023\/04\/cassolettes-terre-mer1-300x225.jpg 300w, http:\/\/recettes-gourmandes-de-joce.fr\/wp-content\/uploads\/2023\/04\/cassolettes-terre-mer1-768x576.jpg 768w, http:\/\/recettes-gourmandes-de-joce.fr\/wp-content\/uploads\/2023\/04\/cassolettes-terre-mer1-750x563.jpg 750w, http:\/\/recettes-gourmandes-de-joce.fr\/wp-content\/uploads\/2023\/04\/cassolettes-terre-mer1.jpg 1024w\" sizes=\"auto, (max-width: 240px) 100vw, 240px\" \/><\/span><\/span><\/p>\n<p style=\"text-align: center;\"><span style=\"color: #8b4513;\"><span style=\"font-family: georgia,serif;\"><span style=\"font-size: x-large; text-decoration: underline;\"><em>Ingr\u00e9dients pour 4 personnes<\/em><\/span><\/span><\/span><\/p>\n<p style=\"text-align: center;\"><img loading=\"lazy\" decoding=\"async\" class=\"alignnone wp-image-53375\" src=\"http:\/\/recettes-gourmandes-de-joce.fr\/wp-content\/uploads\/2023\/04\/cassolettes-terre-mer4-300x194.jpg\" alt=\"\" width=\"309\" height=\"200\" srcset=\"http:\/\/recettes-gourmandes-de-joce.fr\/wp-content\/uploads\/2023\/04\/cassolettes-terre-mer4-300x194.jpg 300w, http:\/\/recettes-gourmandes-de-joce.fr\/wp-content\/uploads\/2023\/04\/cassolettes-terre-mer4-768x497.jpg 768w, http:\/\/recettes-gourmandes-de-joce.fr\/wp-content\/uploads\/2023\/04\/cassolettes-terre-mer4-750x485.jpg 750w, http:\/\/recettes-gourmandes-de-joce.fr\/wp-content\/uploads\/2023\/04\/cassolettes-terre-mer4.jpg 1024w\" sizes=\"auto, (max-width: 309px) 100vw, 309px\" \/><\/p>\n<p style=\"text-align: center;\"><span style=\"color: #8b4513; font-size: 14pt;\"><span style=\"font-family: georgia,serif;\"><em>8 St Jacques<\/em><\/span><\/span><\/p>\n<p style=\"text-align: center;\"><span style=\"color: #8b4513; font-size: 14pt;\"><span style=\"font-family: georgia,serif;\"><em>100 g de moules cuites d\u00e9coquill\u00e9es<\/em><\/span><\/span><\/p>\n<p style=\"text-align: center;\"><span style=\"color: #8b4513; font-size: 14pt;\"><span style=\"font-family: georgia,serif;\"><em>100 g de petites crevettes roses<\/em><\/span><\/span><\/p>\n<p style=\"text-align: center;\"><span style=\"color: #8b4513; font-size: 14pt;\"><span style=\"font-family: georgia,serif;\"><em>100 g de Girolles<\/em><\/span><\/span><\/p>\n<p style=\"text-align: center;\"><span style=\"color: #8b4513; font-size: 14pt;\"><span style=\"font-family: georgia,serif;\"><em>50 g de trompettes des morts<\/em><\/span><\/span><\/p>\n<p style=\"text-align: center;\"><span style=\"color: #8b4513; font-size: 14pt;\"><span style=\"font-family: georgia,serif;\"><em>2 filets de truites fum\u00e9es cuites (Lidl)<\/em><\/span><\/span><\/p>\n<p style=\"text-align: center;\"><span style=\"color: #8b4513; font-size: 14pt;\"><span style=\"font-family: georgia,serif;\"><em>2 gousses d&rsquo;ail<\/em><\/span><\/span><\/p>\n<p style=\"text-align: center;\"><span style=\"color: #8b4513; font-size: 14pt;\"><span style=\"font-family: georgia,serif;\"><em>1 blanc d&rsquo;un petit poireau<\/em><\/span><\/span><\/p>\n<p style=\"text-align: center;\"><span style=\"color: #8b4513; font-size: 14pt;\"><span style=\"font-family: georgia,serif;\"><em>1 petit bouquet de persil<\/em><\/span><\/span><\/p>\n<p style=\"text-align: center;\"><span style=\"color: #8b4513; font-size: 14pt;\"><span style=\"font-family: georgia,serif;\"><em>1 c \u00e0 c d&rsquo;\u00e9pices pour poisson<\/em><\/span><\/span><\/p>\n<p style=\"text-align: center;\"><span style=\"color: #8b4513; font-size: 14pt;\"><span style=\"font-family: georgia,serif;\"><em>1 morceau de beurre<\/em><\/span><\/span><\/p>\n<p style=\"text-align: center;\"><span style=\"color: #8b4513; font-size: 14pt;\"><span style=\"font-family: georgia,serif;\"><em>Sel et poivre<\/em><\/span><\/span><\/p>\n<p style=\"text-align: center;\"><span style=\"color: #8b4513; font-size: 14pt;\"><span style=\"font-family: georgia,serif;\"><em><u><strong>Pour la sauce<\/strong><\/u><\/em><\/span><\/span><\/p>\n<p style=\"text-align: center;\"><span style=\"color: #8b4513; font-size: 14pt;\"><span style=\"font-family: georgia,serif;\"><em>30 g de beurre<\/em><\/span><\/span><\/p>\n<p style=\"text-align: center;\"><span style=\"color: #8b4513; font-size: 14pt;\"><span style=\"font-family: georgia,serif;\"><em>30 g de farine<\/em><\/span><\/span><\/p>\n<p style=\"text-align: center;\"><span style=\"color: #8b4513; font-size: 14pt;\"><span style=\"font-family: georgia,serif;\"><em>300 ml de lait<\/em><\/span><\/span><\/p>\n<p style=\"text-align: center;\"><span style=\"color: #8b4513; font-size: 14pt;\"><span style=\"font-family: georgia,serif;\"><em>2 c \u00e0 s de cr\u00e8me fra\u00eeche<\/em><\/span><\/span><\/p>\n<p style=\"text-align: center;\"><span style=\"color: #8b4513; font-size: 14pt;\"><span style=\"font-family: georgia,serif;\"><em>Sel et poivre<\/em><\/span><\/span><\/p>\n<p style=\"text-align: center;\"><span style=\"color: #8b4513; font-size: 14pt;\"><span style=\"font-family: georgia,serif;\"><em>Recette de la b\u00e9chamel sur ce lien -&gt; <a href=\"http:\/\/recettes-gourmandes-de-joce.fr\/index.php\/index\/sauces-assaisonnements\/sauces-chaudes\/bechamel-et-ses-variantes-sauces-mornay-soubise-aurore-blanche\/\">B\u00e9chamel<\/a><\/em><\/span><\/span><\/p>\n<p style=\"text-align: center;\"><span style=\"color: #8b4513; font-size: 14pt;\"><span style=\"font-family: georgia,serif;\"><em>J&rsquo;ai utilis\u00e9 des champignons congel\u00e9s de ma r\u00e9colte, vous pouvez r\u00e9aliser cette recette avec les champignons de votre choix frais ou congel\u00e9s de pr\u00e9f\u00e9rence.<\/em><\/span><\/span><\/p>\n<p style=\"text-align: center;\"><img loading=\"lazy\" decoding=\"async\" class=\"alignnone wp-image-53376\" src=\"http:\/\/recettes-gourmandes-de-joce.fr\/wp-content\/uploads\/2023\/04\/cassolettes-terre-mer5-300x203.jpg\" alt=\"\" width=\"251\" height=\"170\" srcset=\"http:\/\/recettes-gourmandes-de-joce.fr\/wp-content\/uploads\/2023\/04\/cassolettes-terre-mer5-300x203.jpg 300w, http:\/\/recettes-gourmandes-de-joce.fr\/wp-content\/uploads\/2023\/04\/cassolettes-terre-mer5-768x520.jpg 768w, http:\/\/recettes-gourmandes-de-joce.fr\/wp-content\/uploads\/2023\/04\/cassolettes-terre-mer5-750x508.jpg 750w, http:\/\/recettes-gourmandes-de-joce.fr\/wp-content\/uploads\/2023\/04\/cassolettes-terre-mer5.jpg 1024w\" sizes=\"auto, (max-width: 251px) 100vw, 251px\" \/> <img loading=\"lazy\" decoding=\"async\" class=\"alignnone wp-image-53377\" src=\"http:\/\/recettes-gourmandes-de-joce.fr\/wp-content\/uploads\/2023\/04\/cassolettes-terre-mer6-300x219.jpg\" alt=\"\" width=\"232\" height=\"170\" srcset=\"http:\/\/recettes-gourmandes-de-joce.fr\/wp-content\/uploads\/2023\/04\/cassolettes-terre-mer6-300x219.jpg 300w, http:\/\/recettes-gourmandes-de-joce.fr\/wp-content\/uploads\/2023\/04\/cassolettes-terre-mer6-768x562.jpg 768w, http:\/\/recettes-gourmandes-de-joce.fr\/wp-content\/uploads\/2023\/04\/cassolettes-terre-mer6-750x549.jpg 750w, http:\/\/recettes-gourmandes-de-joce.fr\/wp-content\/uploads\/2023\/04\/cassolettes-terre-mer6.jpg 1024w\" sizes=\"auto, (max-width: 232px) 100vw, 232px\" \/> <img loading=\"lazy\" decoding=\"async\" class=\"alignnone wp-image-53378\" src=\"http:\/\/recettes-gourmandes-de-joce.fr\/wp-content\/uploads\/2023\/04\/cassolettes-terre-mer7-300x225.jpg\" alt=\"\" width=\"227\" height=\"170\" srcset=\"http:\/\/recettes-gourmandes-de-joce.fr\/wp-content\/uploads\/2023\/04\/cassolettes-terre-mer7-300x225.jpg 300w, http:\/\/recettes-gourmandes-de-joce.fr\/wp-content\/uploads\/2023\/04\/cassolettes-terre-mer7-768x576.jpg 768w, http:\/\/recettes-gourmandes-de-joce.fr\/wp-content\/uploads\/2023\/04\/cassolettes-terre-mer7-750x563.jpg 750w, http:\/\/recettes-gourmandes-de-joce.fr\/wp-content\/uploads\/2023\/04\/cassolettes-terre-mer7.jpg 1024w\" sizes=\"auto, (max-width: 227px) 100vw, 227px\" \/><\/p>\n<p style=\"text-align: center;\"><span style=\"color: #8b4513; font-size: 14pt;\"><em><span style=\"font-family: georgia,serif;\">Fendre et laver le blanc de poireau, puis l&rsquo;\u00e9mincer. nettoyer les champignons. Laver et ciseler le persil. Peler, d\u00e9germer et hacher l&rsquo;ail. Dans une po\u00eale, mettre \u00e0 fondre le beurre, y faire suer les blancs de poireau et les champignons, saler et poivrer l\u00e9g\u00e8rement.<\/span><\/em><\/span><\/p>\n<p style=\"text-align: center;\"><img loading=\"lazy\" decoding=\"async\" class=\"alignnone wp-image-53357\" src=\"http:\/\/recettes-gourmandes-de-joce.fr\/wp-content\/uploads\/2023\/04\/cassolettes-terre-mer8-300x245.jpg\" alt=\"\" width=\"208\" height=\"170\" srcset=\"http:\/\/recettes-gourmandes-de-joce.fr\/wp-content\/uploads\/2023\/04\/cassolettes-terre-mer8-300x245.jpg 300w, http:\/\/recettes-gourmandes-de-joce.fr\/wp-content\/uploads\/2023\/04\/cassolettes-terre-mer8-768x627.jpg 768w, http:\/\/recettes-gourmandes-de-joce.fr\/wp-content\/uploads\/2023\/04\/cassolettes-terre-mer8-750x612.jpg 750w, http:\/\/recettes-gourmandes-de-joce.fr\/wp-content\/uploads\/2023\/04\/cassolettes-terre-mer8.jpg 1024w\" sizes=\"auto, (max-width: 208px) 100vw, 208px\" \/> <img loading=\"lazy\" decoding=\"async\" class=\"alignnone wp-image-53358\" src=\"http:\/\/recettes-gourmandes-de-joce.fr\/wp-content\/uploads\/2023\/04\/cassolettes-terre-mer9-300x225.jpg\" alt=\"\" width=\"227\" height=\"170\" srcset=\"http:\/\/recettes-gourmandes-de-joce.fr\/wp-content\/uploads\/2023\/04\/cassolettes-terre-mer9-300x225.jpg 300w, http:\/\/recettes-gourmandes-de-joce.fr\/wp-content\/uploads\/2023\/04\/cassolettes-terre-mer9-768x576.jpg 768w, http:\/\/recettes-gourmandes-de-joce.fr\/wp-content\/uploads\/2023\/04\/cassolettes-terre-mer9-750x563.jpg 750w, http:\/\/recettes-gourmandes-de-joce.fr\/wp-content\/uploads\/2023\/04\/cassolettes-terre-mer9.jpg 1024w\" sizes=\"auto, (max-width: 227px) 100vw, 227px\" \/> <img loading=\"lazy\" decoding=\"async\" class=\"alignnone wp-image-53359\" src=\"http:\/\/recettes-gourmandes-de-joce.fr\/wp-content\/uploads\/2023\/04\/cassolettes-terre-mer10-300x240.jpg\" alt=\"\" width=\"213\" height=\"170\" srcset=\"http:\/\/recettes-gourmandes-de-joce.fr\/wp-content\/uploads\/2023\/04\/cassolettes-terre-mer10-300x240.jpg 300w, http:\/\/recettes-gourmandes-de-joce.fr\/wp-content\/uploads\/2023\/04\/cassolettes-terre-mer10-768x614.jpg 768w, http:\/\/recettes-gourmandes-de-joce.fr\/wp-content\/uploads\/2023\/04\/cassolettes-terre-mer10-750x600.jpg 750w, http:\/\/recettes-gourmandes-de-joce.fr\/wp-content\/uploads\/2023\/04\/cassolettes-terre-mer10.jpg 1024w\" sizes=\"auto, (max-width: 213px) 100vw, 213px\" \/><\/p>\n<p style=\"text-align: center;\"><span style=\"color: #8b4513; font-size: 14pt;\"><em><span style=\"font-family: georgia,serif;\">Ajouter ensuite le persil et l&rsquo;ail, poursuivre la cuisson en remuant, ajouter les moules et les crevettes, m\u00e9langer et ajouter les \u00e9pices.<\/span><\/em><\/span><\/p>\n<p style=\"text-align: center;\"><img loading=\"lazy\" decoding=\"async\" class=\"alignnone wp-image-53360\" src=\"http:\/\/recettes-gourmandes-de-joce.fr\/wp-content\/uploads\/2023\/04\/cassolettes-terre-mer11-300x225.jpg\" alt=\"\" width=\"227\" height=\"170\" srcset=\"http:\/\/recettes-gourmandes-de-joce.fr\/wp-content\/uploads\/2023\/04\/cassolettes-terre-mer11-300x225.jpg 300w, http:\/\/recettes-gourmandes-de-joce.fr\/wp-content\/uploads\/2023\/04\/cassolettes-terre-mer11-768x576.jpg 768w, http:\/\/recettes-gourmandes-de-joce.fr\/wp-content\/uploads\/2023\/04\/cassolettes-terre-mer11-750x563.jpg 750w, http:\/\/recettes-gourmandes-de-joce.fr\/wp-content\/uploads\/2023\/04\/cassolettes-terre-mer11.jpg 1024w\" sizes=\"auto, (max-width: 227px) 100vw, 227px\" \/> <img loading=\"lazy\" decoding=\"async\" class=\"alignnone wp-image-53361\" src=\"http:\/\/recettes-gourmandes-de-joce.fr\/wp-content\/uploads\/2023\/04\/cassolettes-terre-mer12-300x225.jpg\" alt=\"\" width=\"227\" height=\"170\" srcset=\"http:\/\/recettes-gourmandes-de-joce.fr\/wp-content\/uploads\/2023\/04\/cassolettes-terre-mer12-300x225.jpg 300w, http:\/\/recettes-gourmandes-de-joce.fr\/wp-content\/uploads\/2023\/04\/cassolettes-terre-mer12-768x576.jpg 768w, http:\/\/recettes-gourmandes-de-joce.fr\/wp-content\/uploads\/2023\/04\/cassolettes-terre-mer12-750x563.jpg 750w, http:\/\/recettes-gourmandes-de-joce.fr\/wp-content\/uploads\/2023\/04\/cassolettes-terre-mer12.jpg 1024w\" sizes=\"auto, (max-width: 227px) 100vw, 227px\" \/> <img loading=\"lazy\" decoding=\"async\" class=\"alignnone wp-image-53362\" src=\"http:\/\/recettes-gourmandes-de-joce.fr\/wp-content\/uploads\/2023\/04\/cassolettes-terre-mer13-300x237.jpg\" alt=\"\" width=\"215\" height=\"170\" srcset=\"http:\/\/recettes-gourmandes-de-joce.fr\/wp-content\/uploads\/2023\/04\/cassolettes-terre-mer13-300x237.jpg 300w, http:\/\/recettes-gourmandes-de-joce.fr\/wp-content\/uploads\/2023\/04\/cassolettes-terre-mer13-768x608.jpg 768w, http:\/\/recettes-gourmandes-de-joce.fr\/wp-content\/uploads\/2023\/04\/cassolettes-terre-mer13-750x593.jpg 750w, http:\/\/recettes-gourmandes-de-joce.fr\/wp-content\/uploads\/2023\/04\/cassolettes-terre-mer13.jpg 1024w\" sizes=\"auto, (max-width: 215px) 100vw, 215px\" \/><\/p>\n<p style=\"text-align: center;\"><span style=\"color: #8b4513; font-size: 14pt;\"><em><span style=\"font-family: georgia,serif;\">Au bout de quelques minutes lorsque les champignons sont cuits, ajouter 1 filet de truite en de d\u00e9faisant en petits morceaux, m\u00e9langer et r\u00e9server. Dans une po\u00eale, mettre un peu de beurre \u00e0 fondre, lorsqu&rsquo;il est couleur noisette, saisir rapidement les St Jacques sur les deux faces, les saler et poivrer. R\u00e9server.<\/span><\/em><\/span><\/p>\n<p style=\"text-align: center;\"><img loading=\"lazy\" decoding=\"async\" class=\"alignnone wp-image-53363\" src=\"http:\/\/recettes-gourmandes-de-joce.fr\/wp-content\/uploads\/2023\/04\/cassolettes-terre-mer14-300x225.jpg\" alt=\"\" width=\"227\" height=\"170\" srcset=\"http:\/\/recettes-gourmandes-de-joce.fr\/wp-content\/uploads\/2023\/04\/cassolettes-terre-mer14-300x225.jpg 300w, http:\/\/recettes-gourmandes-de-joce.fr\/wp-content\/uploads\/2023\/04\/cassolettes-terre-mer14-768x576.jpg 768w, http:\/\/recettes-gourmandes-de-joce.fr\/wp-content\/uploads\/2023\/04\/cassolettes-terre-mer14-750x563.jpg 750w, http:\/\/recettes-gourmandes-de-joce.fr\/wp-content\/uploads\/2023\/04\/cassolettes-terre-mer14.jpg 1024w\" sizes=\"auto, (max-width: 227px) 100vw, 227px\" \/> <img loading=\"lazy\" decoding=\"async\" class=\"alignnone wp-image-53364\" src=\"http:\/\/recettes-gourmandes-de-joce.fr\/wp-content\/uploads\/2023\/04\/cassolettes-terre-mer15-300x225.jpg\" alt=\"\" width=\"227\" height=\"170\" srcset=\"http:\/\/recettes-gourmandes-de-joce.fr\/wp-content\/uploads\/2023\/04\/cassolettes-terre-mer15-300x225.jpg 300w, http:\/\/recettes-gourmandes-de-joce.fr\/wp-content\/uploads\/2023\/04\/cassolettes-terre-mer15-768x576.jpg 768w, http:\/\/recettes-gourmandes-de-joce.fr\/wp-content\/uploads\/2023\/04\/cassolettes-terre-mer15-750x563.jpg 750w, http:\/\/recettes-gourmandes-de-joce.fr\/wp-content\/uploads\/2023\/04\/cassolettes-terre-mer15.jpg 1024w\" sizes=\"auto, (max-width: 227px) 100vw, 227px\" \/> <img loading=\"lazy\" decoding=\"async\" class=\"alignnone wp-image-53365\" src=\"http:\/\/recettes-gourmandes-de-joce.fr\/wp-content\/uploads\/2023\/04\/cassolettes-terre-mer16-300x257.jpg\" alt=\"\" width=\"198\" height=\"170\" srcset=\"http:\/\/recettes-gourmandes-de-joce.fr\/wp-content\/uploads\/2023\/04\/cassolettes-terre-mer16-300x257.jpg 300w, http:\/\/recettes-gourmandes-de-joce.fr\/wp-content\/uploads\/2023\/04\/cassolettes-terre-mer16-768x659.jpg 768w, http:\/\/recettes-gourmandes-de-joce.fr\/wp-content\/uploads\/2023\/04\/cassolettes-terre-mer16-750x643.jpg 750w, http:\/\/recettes-gourmandes-de-joce.fr\/wp-content\/uploads\/2023\/04\/cassolettes-terre-mer16.jpg 1024w\" sizes=\"auto, (max-width: 198px) 100vw, 198px\" \/><\/p>\n<p style=\"text-align: center;\"><span style=\"color: #8b4513; font-size: 14pt;\"><em><span style=\"font-family: georgia,serif;\">R\u00e9aliser votre b\u00e9chamel, puis ajouter la cr\u00e8me, le sel et le poivre, m\u00e9langer, versez-la dans la po\u00eale des champignons et m\u00e9langer.<\/span><\/em><\/span><\/p>\n<p style=\"text-align: center;\"><img loading=\"lazy\" decoding=\"async\" class=\"alignnone wp-image-53366\" src=\"http:\/\/recettes-gourmandes-de-joce.fr\/wp-content\/uploads\/2023\/04\/cassolettes-terre-mer17-300x225.jpg\" alt=\"\" width=\"227\" height=\"170\" srcset=\"http:\/\/recettes-gourmandes-de-joce.fr\/wp-content\/uploads\/2023\/04\/cassolettes-terre-mer17-300x225.jpg 300w, http:\/\/recettes-gourmandes-de-joce.fr\/wp-content\/uploads\/2023\/04\/cassolettes-terre-mer17-768x576.jpg 768w, http:\/\/recettes-gourmandes-de-joce.fr\/wp-content\/uploads\/2023\/04\/cassolettes-terre-mer17-750x563.jpg 750w, http:\/\/recettes-gourmandes-de-joce.fr\/wp-content\/uploads\/2023\/04\/cassolettes-terre-mer17.jpg 1024w\" sizes=\"auto, (max-width: 227px) 100vw, 227px\" \/> <img loading=\"lazy\" decoding=\"async\" class=\"alignnone wp-image-53367\" src=\"http:\/\/recettes-gourmandes-de-joce.fr\/wp-content\/uploads\/2023\/04\/cassolettes-terre-mer18-300x244.jpg\" alt=\"\" width=\"209\" height=\"170\" srcset=\"http:\/\/recettes-gourmandes-de-joce.fr\/wp-content\/uploads\/2023\/04\/cassolettes-terre-mer18-300x244.jpg 300w, http:\/\/recettes-gourmandes-de-joce.fr\/wp-content\/uploads\/2023\/04\/cassolettes-terre-mer18-768x624.jpg 768w, http:\/\/recettes-gourmandes-de-joce.fr\/wp-content\/uploads\/2023\/04\/cassolettes-terre-mer18-750x609.jpg 750w, http:\/\/recettes-gourmandes-de-joce.fr\/wp-content\/uploads\/2023\/04\/cassolettes-terre-mer18.jpg 1024w\" sizes=\"auto, (max-width: 209px) 100vw, 209px\" \/> <img loading=\"lazy\" decoding=\"async\" class=\"alignnone wp-image-53368\" src=\"http:\/\/recettes-gourmandes-de-joce.fr\/wp-content\/uploads\/2023\/04\/cassolettes-terre-mer19-300x222.jpg\" alt=\"\" width=\"229\" height=\"170\" srcset=\"http:\/\/recettes-gourmandes-de-joce.fr\/wp-content\/uploads\/2023\/04\/cassolettes-terre-mer19-300x222.jpg 300w, http:\/\/recettes-gourmandes-de-joce.fr\/wp-content\/uploads\/2023\/04\/cassolettes-terre-mer19-768x569.jpg 768w, http:\/\/recettes-gourmandes-de-joce.fr\/wp-content\/uploads\/2023\/04\/cassolettes-terre-mer19-750x556.jpg 750w, http:\/\/recettes-gourmandes-de-joce.fr\/wp-content\/uploads\/2023\/04\/cassolettes-terre-mer19.jpg 1024w\" sizes=\"auto, (max-width: 229px) 100vw, 229px\" \/><\/p>\n<p style=\"text-align: center;\"><span style=\"color: #8b4513; font-size: 14pt;\"><em><span style=\"font-family: georgia,serif;\">R\u00e9partir dans des cassolettes, ajouter 2 St Jacques par cassolettes, Couper le dernier filet de truite en 4 morceaux et en ajouter un morceau sur chaque cassolette. Saupoudrer de chapelure, ajouter une noisette de beurre et enfourner \u00e0 200\u00b0 pendant environ 30 minutes selon les fours, le temps de gratiner et r\u00e9chauffer le tout. Surveiller la cuisson et la coloration.<\/span><\/em><\/span><\/p>\n<p style=\"text-align: center;\"><span style=\"color: #8b4513; font-size: 14pt;\"><em><span style=\"font-family: georgia,serif;\">Bon app\u00e9tit!<\/span><\/em><\/span><\/p>\n<p style=\"text-align: center;\"><img loading=\"lazy\" decoding=\"async\" class=\"alignnone wp-image-53370\" src=\"http:\/\/recettes-gourmandes-de-joce.fr\/wp-content\/uploads\/2023\/04\/cassolettes-terre-mer21-300x225.jpg\" alt=\"\" width=\"240\" height=\"180\" srcset=\"http:\/\/recettes-gourmandes-de-joce.fr\/wp-content\/uploads\/2023\/04\/cassolettes-terre-mer21-300x225.jpg 300w, http:\/\/recettes-gourmandes-de-joce.fr\/wp-content\/uploads\/2023\/04\/cassolettes-terre-mer21-768x576.jpg 768w, http:\/\/recettes-gourmandes-de-joce.fr\/wp-content\/uploads\/2023\/04\/cassolettes-terre-mer21-750x563.jpg 750w, http:\/\/recettes-gourmandes-de-joce.fr\/wp-content\/uploads\/2023\/04\/cassolettes-terre-mer21.jpg 1024w\" sizes=\"auto, (max-width: 240px) 100vw, 240px\" \/><\/p>\n<p style=\"text-align: center;\"><img loading=\"lazy\" decoding=\"async\" class=\"alignnone wp-image-53369\" src=\"http:\/\/recettes-gourmandes-de-joce.fr\/wp-content\/uploads\/2023\/04\/cassolettes-terre-mer20-300x213.jpg\" alt=\"\" width=\"254\" height=\"180\" srcset=\"http:\/\/recettes-gourmandes-de-joce.fr\/wp-content\/uploads\/2023\/04\/cassolettes-terre-mer20-300x213.jpg 300w, http:\/\/recettes-gourmandes-de-joce.fr\/wp-content\/uploads\/2023\/04\/cassolettes-terre-mer20-768x545.jpg 768w, http:\/\/recettes-gourmandes-de-joce.fr\/wp-content\/uploads\/2023\/04\/cassolettes-terre-mer20-750x532.jpg 750w, http:\/\/recettes-gourmandes-de-joce.fr\/wp-content\/uploads\/2023\/04\/cassolettes-terre-mer20.jpg 1024w\" sizes=\"auto, (max-width: 254px) 100vw, 254px\" \/>\u00a0<img loading=\"lazy\" decoding=\"async\" class=\"alignnone wp-image-53371\" src=\"http:\/\/recettes-gourmandes-de-joce.fr\/wp-content\/uploads\/2023\/04\/cassolettes-terre-mer22-300x201.jpg\" alt=\"\" width=\"269\" height=\"180\" srcset=\"http:\/\/recettes-gourmandes-de-joce.fr\/wp-content\/uploads\/2023\/04\/cassolettes-terre-mer22-300x201.jpg 300w, http:\/\/recettes-gourmandes-de-joce.fr\/wp-content\/uploads\/2023\/04\/cassolettes-terre-mer22-768x515.jpg 768w, http:\/\/recettes-gourmandes-de-joce.fr\/wp-content\/uploads\/2023\/04\/cassolettes-terre-mer22-750x502.jpg 750w, http:\/\/recettes-gourmandes-de-joce.fr\/wp-content\/uploads\/2023\/04\/cassolettes-terre-mer22.jpg 1024w\" sizes=\"auto, (max-width: 269px) 100vw, 269px\" \/><\/p>\n<p style=\"text-align: center;\"><img loading=\"lazy\" decoding=\"async\" class=\"alignnone wp-image-44943 size-full\" src=\"http:\/\/recettes-gourmandes-de-joce.fr\/wp-content\/uploads\/2022\/05\/logitech-gaming-software-14112014-121223.jpg\" alt=\"\" width=\"640\" height=\"144\" srcset=\"http:\/\/recettes-gourmandes-de-joce.fr\/wp-content\/uploads\/2022\/05\/logitech-gaming-software-14112014-121223.jpg 640w, http:\/\/recettes-gourmandes-de-joce.fr\/wp-content\/uploads\/2022\/05\/logitech-gaming-software-14112014-121223-300x68.jpg 300w\" sizes=\"auto, (max-width: 640px) 100vw, 640px\" \/><\/p>\n","protected":false},"excerpt":{"rendered":"<p>Une de mes recettes Ingr\u00e9dients pour 4 personnes 8 St Jacques 100 g de moules cuites d\u00e9coquill\u00e9es 100 g de petites crevettes roses 100 g de Girolles 50 g de trompettes des morts 2 filets de truites fum\u00e9es cuites (Lidl) 2 gousses d&rsquo;ail 1 blanc d&rsquo;un petit poireau 1 petit bouquet de persil 1 c &hellip; <\/p>\n<p><a class=\"more-link btn\" href=\"http:\/\/recettes-gourmandes-de-joce.fr\/index.php\/index\/poissons-coquillages\/coquillages-crustaces\/cassolettes-terre-mer-aux-st-jacques-fruits-de-mer-truite-et-champignons\/\">Lire la suite<\/a><\/p>\n","protected":false},"author":2,"featured_media":83910,"parent":158,"menu_order":0,"comment_status":"open","ping_status":"closed","template":"","meta":{"footnotes":""},"class_list":["post-53479","page","type-page","status-publish","has-post-thumbnail","hentry","nodate","item-wrap"],"_links":{"self":[{"href":"http:\/\/recettes-gourmandes-de-joce.fr\/index.php\/wp-json\/wp\/v2\/pages\/53479","targetHints":{"allow":["GET"]}}],"collection":[{"href":"http:\/\/recettes-gourmandes-de-joce.fr\/index.php\/wp-json\/wp\/v2\/pages"}],"about":[{"href":"http:\/\/recettes-gourmandes-de-joce.fr\/index.php\/wp-json\/wp\/v2\/types\/page"}],"author":[{"embeddable":true,"href":"http:\/\/recettes-gourmandes-de-joce.fr\/index.php\/wp-json\/wp\/v2\/users\/2"}],"replies":[{"embeddable":true,"href":"http:\/\/recettes-gourmandes-de-joce.fr\/index.php\/wp-json\/wp\/v2\/comments?post=53479"}],"version-history":[{"count":2,"href":"http:\/\/recettes-gourmandes-de-joce.fr\/index.php\/wp-json\/wp\/v2\/pages\/53479\/revisions"}],"predecessor-version":[{"id":83912,"href":"http:\/\/recettes-gourmandes-de-joce.fr\/index.php\/wp-json\/wp\/v2\/pages\/53479\/revisions\/83912"}],"up":[{"embeddable":true,"href":"http:\/\/recettes-gourmandes-de-joce.fr\/index.php\/wp-json\/wp\/v2\/pages\/158"}],"wp:featuredmedia":[{"embeddable":true,"href":"http:\/\/recettes-gourmandes-de-joce.fr\/index.php\/wp-json\/wp\/v2\/media\/83910"}],"wp:attachment":[{"href":"http:\/\/recettes-gourmandes-de-joce.fr\/index.php\/wp-json\/wp\/v2\/media?parent=53479"}],"curies":[{"name":"wp","href":"https:\/\/api.w.org\/{rel}","templated":true}]}}