{"id":531,"date":"2019-09-19T20:55:37","date_gmt":"2019-09-19T20:55:37","guid":{"rendered":"http:\/\/recettes-gourmandes-de-joce.fr\/?page_id=531"},"modified":"2025-04-08T22:45:22","modified_gmt":"2025-04-08T22:45:22","slug":"cuisse-de-chevreuil-sauce-au-foie-gras-et-cepes","status":"publish","type":"page","link":"http:\/\/recettes-gourmandes-de-joce.fr\/index.php\/index\/viandes\/gibier\/cuisse-de-chevreuil-sauce-au-foie-gras-et-cepes\/","title":{"rendered":"Cuisse de chevreuil sauce au foie gras et c\u00e8pes."},"content":{"rendered":"<p style=\"text-align: center;\"><span style=\"color: #cc6600;\"><span style=\"font-size: 24px;\"><span style=\"font-family: georgia,serif;\"><u><em>Une de mes recettes<\/em><\/u><\/span><\/span><\/span><\/p>\n<p style=\"text-align: center;\"><span style=\"color: #cc6600;\"><img loading=\"lazy\" decoding=\"async\" class=\"alignnone wp-image-53687\" src=\"http:\/\/recettes-gourmandes-de-joce.fr\/wp-content\/uploads\/2023\/04\/chevreuil-foie-gras1-300x225.jpg\" alt=\"\" width=\"240\" height=\"180\" srcset=\"http:\/\/recettes-gourmandes-de-joce.fr\/wp-content\/uploads\/2023\/04\/chevreuil-foie-gras1-300x225.jpg 300w, http:\/\/recettes-gourmandes-de-joce.fr\/wp-content\/uploads\/2023\/04\/chevreuil-foie-gras1-768x576.jpg 768w, http:\/\/recettes-gourmandes-de-joce.fr\/wp-content\/uploads\/2023\/04\/chevreuil-foie-gras1-750x563.jpg 750w, http:\/\/recettes-gourmandes-de-joce.fr\/wp-content\/uploads\/2023\/04\/chevreuil-foie-gras1.jpg 1024w\" sizes=\"auto, (max-width: 240px) 100vw, 240px\" \/> <img loading=\"lazy\" decoding=\"async\" class=\"alignnone wp-image-53688\" src=\"http:\/\/recettes-gourmandes-de-joce.fr\/wp-content\/uploads\/2023\/04\/chevreuil-foie-gras2-300x225.jpg\" alt=\"\" width=\"240\" height=\"180\" srcset=\"http:\/\/recettes-gourmandes-de-joce.fr\/wp-content\/uploads\/2023\/04\/chevreuil-foie-gras2-300x225.jpg 300w, http:\/\/recettes-gourmandes-de-joce.fr\/wp-content\/uploads\/2023\/04\/chevreuil-foie-gras2-768x576.jpg 768w, http:\/\/recettes-gourmandes-de-joce.fr\/wp-content\/uploads\/2023\/04\/chevreuil-foie-gras2-750x563.jpg 750w, http:\/\/recettes-gourmandes-de-joce.fr\/wp-content\/uploads\/2023\/04\/chevreuil-foie-gras2.jpg 1024w\" sizes=\"auto, (max-width: 240px) 100vw, 240px\" \/> <\/span><span style=\"color: #cc6600;\"><img loading=\"lazy\" decoding=\"async\" class=\"alignnone wp-image-53686\" src=\"http:\/\/recettes-gourmandes-de-joce.fr\/wp-content\/uploads\/2023\/04\/chevreuil-foie-gras13-300x226.jpg\" alt=\"\" width=\"239\" height=\"180\" srcset=\"http:\/\/recettes-gourmandes-de-joce.fr\/wp-content\/uploads\/2023\/04\/chevreuil-foie-gras13-300x226.jpg 300w, http:\/\/recettes-gourmandes-de-joce.fr\/wp-content\/uploads\/2023\/04\/chevreuil-foie-gras13-768x578.jpg 768w, http:\/\/recettes-gourmandes-de-joce.fr\/wp-content\/uploads\/2023\/04\/chevreuil-foie-gras13-750x564.jpg 750w, http:\/\/recettes-gourmandes-de-joce.fr\/wp-content\/uploads\/2023\/04\/chevreuil-foie-gras13.jpg 1024w\" sizes=\"auto, (max-width: 239px) 100vw, 239px\" \/><\/span><\/p>\n<p style=\"text-align: center;\"><span style=\"color: #cc6600;\"><span style=\"font-size: 24px;\"><span style=\"font-family: georgia,serif;\"><u><em>Ingr\u00e9dients pour 12 personnes<\/em><\/u><\/span><\/span><\/span><\/p>\n<p style=\"text-align: center;\"><img loading=\"lazy\" decoding=\"async\" class=\"alignnone wp-image-53690\" src=\"http:\/\/recettes-gourmandes-de-joce.fr\/wp-content\/uploads\/2023\/04\/chevreuil-foie-gras4-300x224.jpg\" alt=\"\" width=\"268\" height=\"200\" srcset=\"http:\/\/recettes-gourmandes-de-joce.fr\/wp-content\/uploads\/2023\/04\/chevreuil-foie-gras4-300x224.jpg 300w, http:\/\/recettes-gourmandes-de-joce.fr\/wp-content\/uploads\/2023\/04\/chevreuil-foie-gras4-768x574.jpg 768w, http:\/\/recettes-gourmandes-de-joce.fr\/wp-content\/uploads\/2023\/04\/chevreuil-foie-gras4-750x560.jpg 750w, http:\/\/recettes-gourmandes-de-joce.fr\/wp-content\/uploads\/2023\/04\/chevreuil-foie-gras4.jpg 1024w\" sizes=\"auto, (max-width: 268px) 100vw, 268px\" \/> <img loading=\"lazy\" decoding=\"async\" class=\"alignnone wp-image-53691\" src=\"http:\/\/recettes-gourmandes-de-joce.fr\/wp-content\/uploads\/2023\/04\/chevreuil-foie-gras4a-001-300x215.jpg\" alt=\"\" width=\"279\" height=\"200\" srcset=\"http:\/\/recettes-gourmandes-de-joce.fr\/wp-content\/uploads\/2023\/04\/chevreuil-foie-gras4a-001-300x215.jpg 300w, http:\/\/recettes-gourmandes-de-joce.fr\/wp-content\/uploads\/2023\/04\/chevreuil-foie-gras4a-001.jpg 668w\" sizes=\"auto, (max-width: 279px) 100vw, 279px\" \/> <img loading=\"lazy\" decoding=\"async\" class=\"alignnone wp-image-94375\" src=\"http:\/\/recettes-gourmandes-de-joce.fr\/wp-content\/uploads\/2025\/04\/chevreuil-1.jpg\" alt=\"\" width=\"178\" height=\"200\" \/><\/p>\n<p style=\"text-align: center;\"><span style=\"font-size: 14pt;\"><span style=\"color: #cc6600;\"><span style=\"font-family: georgia,serif;\"><em>2 kg de cuisse de chevreuil\u00a0<\/em><\/span><\/span><span style=\"color: #cc6600; font-family: georgia, serif;\"><i>d\u00e9soss\u00e9e ou 1 belle cuisse enti\u00e8re<\/i><\/span><\/span><\/p>\n<p style=\"text-align: center;\"><span style=\"color: #cc6600; font-size: 14pt;\"><span style=\"font-family: georgia,serif;\"><em>4 \u00e9chalotes ou 2 oignons<\/em><\/span><\/span><\/p>\n<p style=\"text-align: center;\"><span style=\"color: #cc6600; font-size: 14pt;\"><span style=\"font-family: georgia,serif;\"><em>2 feuilles de laurier<\/em><\/span><\/span><\/p>\n<p style=\"text-align: center;\"><span style=\"color: #cc6600; font-size: 14pt;\"><span style=\"font-family: georgia,serif;\"><em>Huile d&rsquo;olive<\/em><\/span><\/span><\/p>\n<p style=\"text-align: center;\"><span style=\"color: #cc6600; font-size: 14pt;\"><span style=\"font-family: georgia,serif;\"><em>1 morceau de beurre <\/em><\/span><\/span><\/p>\n<p style=\"text-align: center;\"><span style=\"color: #cc6600; font-size: 14pt;\"><span style=\"font-family: georgia,serif;\"><em>Sel et poivre<\/em><\/span><\/span><\/p>\n<p style=\"text-align: center;\"><span style=\"color: #cc6600; font-size: 14pt;\"><u><span style=\"font-family: georgia,serif;\"><em>Pour la sauce<\/em><\/span><\/u><\/span><\/p>\n<p style=\"text-align: center;\"><span style=\"color: #cc6600; font-size: 14pt;\"><span style=\"font-family: georgia,serif;\"><em>20 g de c\u00e8pes d\u00e9shydrat\u00e9s<\/em><\/span><\/span><\/p>\n<p style=\"text-align: center;\"><span style=\"color: #cc6600; font-size: 14pt;\"><span style=\"font-family: georgia,serif;\"><em>30 g de foie gras en terrine<\/em><\/span><\/span><\/p>\n<p style=\"text-align: center;\"><span style=\"color: #cc6600; font-size: 14pt;\"><span style=\"font-family: georgia,serif;\"><em>2 c \u00e0 s de fond de veau<\/em><\/span><\/span><\/p>\n<p style=\"text-align: center;\"><span style=\"color: #cc6600; font-size: 14pt;\"><span style=\"font-family: georgia,serif;\"><em>2 bonnes c \u00e0 s de cr\u00e8me fra\u00eeche<\/em><\/span><\/span><\/p>\n<p style=\"text-align: center;\"><span style=\"color: #cc6600; font-size: 14pt;\"><span style=\"font-family: georgia,serif;\"><em>Sel et poivre<\/em><\/span><\/span><\/p>\n<p style=\"text-align: center;\"><span style=\"font-size: 14pt;\"><span style=\"color: #cc6600;\"><span style=\"font-family: georgia,serif;\"><em><u>Cuisson du chevreuil<\/u><\/em><\/span><\/span><\/span><\/p>\n<p style=\"text-align: center;\"><img loading=\"lazy\" decoding=\"async\" class=\"alignnone wp-image-94378\" src=\"http:\/\/recettes-gourmandes-de-joce.fr\/wp-content\/uploads\/2025\/04\/echalote-5-002.jpg\" alt=\"\" width=\"197\" height=\"170\" \/> <img loading=\"lazy\" decoding=\"async\" class=\"alignnone wp-image-94361\" src=\"http:\/\/recettes-gourmandes-de-joce.fr\/wp-content\/uploads\/2025\/04\/chevreuil-2.jpg\" alt=\"\" width=\"241\" height=\"170\" srcset=\"http:\/\/recettes-gourmandes-de-joce.fr\/wp-content\/uploads\/2025\/04\/chevreuil-2.jpg 800w, http:\/\/recettes-gourmandes-de-joce.fr\/wp-content\/uploads\/2025\/04\/chevreuil-2-768x541.jpg 768w, http:\/\/recettes-gourmandes-de-joce.fr\/wp-content\/uploads\/2025\/04\/chevreuil-2-750x529.jpg 750w\" sizes=\"auto, (max-width: 241px) 100vw, 241px\" \/> <img loading=\"lazy\" decoding=\"async\" class=\"alignnone wp-image-94362\" src=\"http:\/\/recettes-gourmandes-de-joce.fr\/wp-content\/uploads\/2025\/04\/chevreuil-7.jpg\" alt=\"\" width=\"263\" height=\"170\" srcset=\"http:\/\/recettes-gourmandes-de-joce.fr\/wp-content\/uploads\/2025\/04\/chevreuil-7.jpg 800w, http:\/\/recettes-gourmandes-de-joce.fr\/wp-content\/uploads\/2025\/04\/chevreuil-7-768x497.jpg 768w, http:\/\/recettes-gourmandes-de-joce.fr\/wp-content\/uploads\/2025\/04\/chevreuil-7-750x486.jpg 750w\" sizes=\"auto, (max-width: 263px) 100vw, 263px\" \/><\/p>\n<p style=\"text-align: center;\"><span style=\"color: #cc6600; font-size: 14pt;\"><span style=\"font-family: georgia,serif;\"><em>Peler et \u00e9mincer les \u00e9chalotes ou les oignons. D\u00e9poser le chevreuil dans un plat allant au four, r\u00e9partir autour les \u00e9chalotes ou les oignons, ajouter les feuilles de laurier, 250 ml d&rsquo;eau, saler et poivrer, ajouter un filet d&rsquo;huile d&rsquo;olive et quelques noisettes de beurre sur le chevreuil et enfourner 1 h environ selon le poids \u00e0 220\u00b0 et selon les fours, la cuisson sera ros\u00e9e.<\/em><\/span><\/span><\/p>\n<p style=\"text-align: center;\"><img loading=\"lazy\" decoding=\"async\" class=\"alignnone wp-image-53692\" src=\"http:\/\/recettes-gourmandes-de-joce.fr\/wp-content\/uploads\/2023\/04\/chevreuil-foie-gras5-300x208.jpg\" alt=\"\" width=\"238\" height=\"165\" srcset=\"http:\/\/recettes-gourmandes-de-joce.fr\/wp-content\/uploads\/2023\/04\/chevreuil-foie-gras5-300x208.jpg 300w, http:\/\/recettes-gourmandes-de-joce.fr\/wp-content\/uploads\/2023\/04\/chevreuil-foie-gras5-768x533.jpg 768w, http:\/\/recettes-gourmandes-de-joce.fr\/wp-content\/uploads\/2023\/04\/chevreuil-foie-gras5-750x521.jpg 750w, http:\/\/recettes-gourmandes-de-joce.fr\/wp-content\/uploads\/2023\/04\/chevreuil-foie-gras5.jpg 1024w\" sizes=\"auto, (max-width: 238px) 100vw, 238px\" \/> <img loading=\"lazy\" decoding=\"async\" class=\"alignnone wp-image-53693\" src=\"http:\/\/recettes-gourmandes-de-joce.fr\/wp-content\/uploads\/2023\/04\/chevreuil-foie-gras5a-300x195.jpg\" alt=\"\" width=\"253\" height=\"165\" srcset=\"http:\/\/recettes-gourmandes-de-joce.fr\/wp-content\/uploads\/2023\/04\/chevreuil-foie-gras5a-300x195.jpg 300w, http:\/\/recettes-gourmandes-de-joce.fr\/wp-content\/uploads\/2023\/04\/chevreuil-foie-gras5a-768x500.jpg 768w, http:\/\/recettes-gourmandes-de-joce.fr\/wp-content\/uploads\/2023\/04\/chevreuil-foie-gras5a-750x488.jpg 750w, http:\/\/recettes-gourmandes-de-joce.fr\/wp-content\/uploads\/2023\/04\/chevreuil-foie-gras5a.jpg 817w\" sizes=\"auto, (max-width: 253px) 100vw, 253px\" \/> <img loading=\"lazy\" decoding=\"async\" class=\"alignnone wp-image-53694\" src=\"http:\/\/recettes-gourmandes-de-joce.fr\/wp-content\/uploads\/2023\/04\/chevreuil-foie-gras6-300x212.jpg\" alt=\"\" width=\"233\" height=\"165\" srcset=\"http:\/\/recettes-gourmandes-de-joce.fr\/wp-content\/uploads\/2023\/04\/chevreuil-foie-gras6-300x212.jpg 300w, http:\/\/recettes-gourmandes-de-joce.fr\/wp-content\/uploads\/2023\/04\/chevreuil-foie-gras6.jpg 671w\" sizes=\"auto, (max-width: 233px) 100vw, 233px\" \/><\/p>\n<p style=\"text-align: center;\"><span style=\"color: #cc6600; font-size: 14pt;\"><u><span style=\"font-family: georgia,serif;\"><em>R\u00e9alisation de la sauce<\/em><\/span><\/u><span style=\"font-family: georgia,serif;\"><em>.<\/em><\/span><\/span><\/p>\n<p style=\"text-align: center;\"><span style=\"color: #cc6600; font-size: 14pt;\"><span style=\"font-family: georgia,serif;\"><em>Mettre les c\u00e8pes \u00e0 r\u00e9hydrater dans un bol d&rsquo;eau chaude.\u00a0 Filtrer le jus de cuisson du chevreuil et <\/em><\/span><\/span><em style=\"color: #cc6600; font-family: georgia, serif; font-size: 18.6667px;\">lui <\/em><em style=\"font-family: georgia, serif; color: #cc6600; font-size: 14pt;\">ajouter l&rsquo;eau de r\u00e9hydratation des c\u00e8pes.\u00a0 Ajouter le fond de veau et m\u00e9langer, <\/em><em style=\"font-family: georgia, serif; color: #cc6600; font-size: 14pt;\">laisser chauffer \u00e0 feu doux quelques instants\u00a0<\/em><em style=\"font-family: georgia, serif; color: #cc6600; font-size: 14pt;\">.<\/em><\/p>\n<p style=\"text-align: center;\"><img loading=\"lazy\" decoding=\"async\" class=\"alignnone wp-image-53695\" src=\"http:\/\/recettes-gourmandes-de-joce.fr\/wp-content\/uploads\/2023\/04\/chevreuil-foie-gras7-001-300x214.jpg\" alt=\"\" width=\"231\" height=\"165\" srcset=\"http:\/\/recettes-gourmandes-de-joce.fr\/wp-content\/uploads\/2023\/04\/chevreuil-foie-gras7-001-300x214.jpg 300w, http:\/\/recettes-gourmandes-de-joce.fr\/wp-content\/uploads\/2023\/04\/chevreuil-foie-gras7-001.jpg 676w\" sizes=\"auto, (max-width: 231px) 100vw, 231px\" \/> <img loading=\"lazy\" decoding=\"async\" class=\"alignnone wp-image-53696\" src=\"http:\/\/recettes-gourmandes-de-joce.fr\/wp-content\/uploads\/2023\/04\/chevreuil-foie-gras8-300x211.jpg\" alt=\"\" width=\"235\" height=\"165\" srcset=\"http:\/\/recettes-gourmandes-de-joce.fr\/wp-content\/uploads\/2023\/04\/chevreuil-foie-gras8-300x211.jpg 300w, http:\/\/recettes-gourmandes-de-joce.fr\/wp-content\/uploads\/2023\/04\/chevreuil-foie-gras8.jpg 677w\" sizes=\"auto, (max-width: 235px) 100vw, 235px\" \/> <img loading=\"lazy\" decoding=\"async\" class=\"alignnone wp-image-53697\" src=\"http:\/\/recettes-gourmandes-de-joce.fr\/wp-content\/uploads\/2023\/04\/chevreuil-foie-gras9-300x213.jpg\" alt=\"\" width=\"233\" height=\"165\" srcset=\"http:\/\/recettes-gourmandes-de-joce.fr\/wp-content\/uploads\/2023\/04\/chevreuil-foie-gras9-300x213.jpg 300w, http:\/\/recettes-gourmandes-de-joce.fr\/wp-content\/uploads\/2023\/04\/chevreuil-foie-gras9.jpg 680w\" sizes=\"auto, (max-width: 233px) 100vw, 233px\" \/><\/p>\n<p style=\"text-align: center;\"><span style=\"color: #cc6600; font-size: 14pt;\"><span style=\"font-family: georgia,serif;\"><em>Ajouter ensuite les c\u00e8pes, m\u00e9langer et ajouter la cr\u00e8me, remuer, <em style=\"font-family: georgia, serif; color: #cc6600; font-size: 14pt;\">puis ajouter le foie gras coup\u00e9 en petits d\u00e9s, m\u00e9langer et laisser chauffer \u00e0 feu doux quelques instants afin de faire fondre le foie gras. <\/em>Go\u00fbter et rectifier l&rsquo;assaisonnement en sel et poivre.<\/em><\/span><\/span><\/p>\n<p style=\"text-align: center;\"><img loading=\"lazy\" decoding=\"async\" class=\"alignnone wp-image-53698\" src=\"http:\/\/recettes-gourmandes-de-joce.fr\/wp-content\/uploads\/2023\/04\/chevreuil-foie-gras10-300x197.jpg\" alt=\"\" width=\"252\" height=\"165\" srcset=\"http:\/\/recettes-gourmandes-de-joce.fr\/wp-content\/uploads\/2023\/04\/chevreuil-foie-gras10-300x197.jpg 300w, http:\/\/recettes-gourmandes-de-joce.fr\/wp-content\/uploads\/2023\/04\/chevreuil-foie-gras10.jpg 694w\" sizes=\"auto, (max-width: 252px) 100vw, 252px\" \/> <img loading=\"lazy\" decoding=\"async\" class=\"alignnone wp-image-94373\" src=\"http:\/\/recettes-gourmandes-de-joce.fr\/wp-content\/uploads\/2025\/04\/chevreuil-37.jpg\" alt=\"\" width=\"213\" height=\"170\" srcset=\"http:\/\/recettes-gourmandes-de-joce.fr\/wp-content\/uploads\/2025\/04\/chevreuil-37.jpg 800w, http:\/\/recettes-gourmandes-de-joce.fr\/wp-content\/uploads\/2025\/04\/chevreuil-37-768x613.jpg 768w, http:\/\/recettes-gourmandes-de-joce.fr\/wp-content\/uploads\/2025\/04\/chevreuil-37-750x599.jpg 750w\" sizes=\"auto, (max-width: 213px) 100vw, 213px\" \/><\/p>\n<p style=\"text-align: center;\"><span style=\"color: #cc6600; font-size: 14pt;\"><span style=\"font-family: georgia,serif;\"><em>Trancher le chevreuil, servir avec la sauce au foie gras, une pur\u00e9e de carottes et c\u00e9leri et quelques marrons r\u00e9chauff\u00e9s.<\/em><\/span><\/span><\/p>\n<p style=\"text-align: center;\"><span style=\"color: #cc6600; font-size: 14pt;\"><span style=\"font-family: georgia,serif;\"><em>Recettes des pur\u00e9es sur ces liens\u2193 <\/em><\/span><\/span><\/p>\n<p style=\"text-align: center;\"><span style=\"color: #cc6600; font-size: 14pt;\"><span style=\"font-family: georgia,serif;\"><em>-&gt; <a href=\"http:\/\/recettes-gourmandes-de-joce.fr\/index.php\/index\/legumes\/purees-diverses\/puree-de-carottes\/\">Pur\u00e9e de carottes <img loading=\"lazy\" decoding=\"async\" class=\"alignnone wp-image-4549\" src=\"http:\/\/recettes-gourmandes-de-joce.fr\/wp-content\/uploads\/2019\/10\/P3220764-300x174.jpg\" alt=\"\" width=\"276\" height=\"160\" srcset=\"http:\/\/recettes-gourmandes-de-joce.fr\/wp-content\/uploads\/2019\/10\/P3220764-300x174.jpg 300w, http:\/\/recettes-gourmandes-de-joce.fr\/wp-content\/uploads\/2019\/10\/P3220764.jpg 640w\" sizes=\"auto, (max-width: 276px) 100vw, 276px\" \/><\/a><\/em><\/span><\/span><\/p>\n<p style=\"text-align: center;\"><span style=\"color: #cc6600; font-size: 14pt;\"><span style=\"font-family: georgia,serif;\"><em>-&gt; <a href=\"http:\/\/recettes-gourmandes-de-joce.fr\/index.php\/index\/legumes\/purees-diverses\/puree-au-celeri-branche\/\">Pur\u00e9e de C\u00e9leri<img loading=\"lazy\" decoding=\"async\" class=\"alignnone wp-image-33515\" src=\"http:\/\/recettes-gourmandes-de-joce.fr\/wp-content\/uploads\/2021\/06\/pb110066-300x213.jpg\" alt=\"\" width=\"225\" height=\"160\" srcset=\"http:\/\/recettes-gourmandes-de-joce.fr\/wp-content\/uploads\/2021\/06\/pb110066-300x213.jpg 300w, http:\/\/recettes-gourmandes-de-joce.fr\/wp-content\/uploads\/2021\/06\/pb110066-768x545.jpg 768w, http:\/\/recettes-gourmandes-de-joce.fr\/wp-content\/uploads\/2021\/06\/pb110066-750x533.jpg 750w, http:\/\/recettes-gourmandes-de-joce.fr\/wp-content\/uploads\/2021\/06\/pb110066.jpg 800w\" sizes=\"auto, (max-width: 225px) 100vw, 225px\" \/><\/a><\/em><\/span><\/span><\/p>\n<p style=\"text-align: center;\"><span style=\"color: #cc6600;\"><span style=\"font-size: 20px;\"><span style=\"font-family: georgia,serif;\"><em>Bon app\u00e9tit!<\/em><\/span><\/span><\/span><\/p>\n<p style=\"text-align: center;\"><img loading=\"lazy\" decoding=\"async\" class=\"alignnone wp-image-53699\" src=\"http:\/\/recettes-gourmandes-de-joce.fr\/wp-content\/uploads\/2023\/04\/chevreuil-foie-gras11-300x211.jpg\" alt=\"\" width=\"256\" height=\"180\" srcset=\"http:\/\/recettes-gourmandes-de-joce.fr\/wp-content\/uploads\/2023\/04\/chevreuil-foie-gras11-300x211.jpg 300w, http:\/\/recettes-gourmandes-de-joce.fr\/wp-content\/uploads\/2023\/04\/chevreuil-foie-gras11-768x540.jpg 768w, http:\/\/recettes-gourmandes-de-joce.fr\/wp-content\/uploads\/2023\/04\/chevreuil-foie-gras11-750x527.jpg 750w, http:\/\/recettes-gourmandes-de-joce.fr\/wp-content\/uploads\/2023\/04\/chevreuil-foie-gras11.jpg 1024w\" sizes=\"auto, (max-width: 256px) 100vw, 256px\" \/> <img loading=\"lazy\" decoding=\"async\" class=\"alignnone wp-image-53686\" src=\"http:\/\/recettes-gourmandes-de-joce.fr\/wp-content\/uploads\/2023\/04\/chevreuil-foie-gras13-300x226.jpg\" alt=\"\" width=\"239\" height=\"180\" srcset=\"http:\/\/recettes-gourmandes-de-joce.fr\/wp-content\/uploads\/2023\/04\/chevreuil-foie-gras13-300x226.jpg 300w, http:\/\/recettes-gourmandes-de-joce.fr\/wp-content\/uploads\/2023\/04\/chevreuil-foie-gras13-768x578.jpg 768w, http:\/\/recettes-gourmandes-de-joce.fr\/wp-content\/uploads\/2023\/04\/chevreuil-foie-gras13-750x564.jpg 750w, http:\/\/recettes-gourmandes-de-joce.fr\/wp-content\/uploads\/2023\/04\/chevreuil-foie-gras13.jpg 1024w\" sizes=\"auto, (max-width: 239px) 100vw, 239px\" \/> <img loading=\"lazy\" decoding=\"async\" class=\"alignnone wp-image-53700\" src=\"http:\/\/recettes-gourmandes-de-joce.fr\/wp-content\/uploads\/2023\/04\/chevreuil-foie-gras12-300x225.jpg\" alt=\"\" width=\"240\" height=\"180\" srcset=\"http:\/\/recettes-gourmandes-de-joce.fr\/wp-content\/uploads\/2023\/04\/chevreuil-foie-gras12-300x225.jpg 300w, http:\/\/recettes-gourmandes-de-joce.fr\/wp-content\/uploads\/2023\/04\/chevreuil-foie-gras12-768x576.jpg 768w, http:\/\/recettes-gourmandes-de-joce.fr\/wp-content\/uploads\/2023\/04\/chevreuil-foie-gras12-750x563.jpg 750w, http:\/\/recettes-gourmandes-de-joce.fr\/wp-content\/uploads\/2023\/04\/chevreuil-foie-gras12.jpg 1024w\" sizes=\"auto, (max-width: 240px) 100vw, 240px\" \/><\/p>\n<p style=\"text-align: center;\"><img loading=\"lazy\" decoding=\"async\" class=\"alignnone wp-image-44943 size-full\" src=\"http:\/\/recettes-gourmandes-de-joce.fr\/wp-content\/uploads\/2022\/05\/logitech-gaming-software-14112014-121223.jpg\" alt=\"\" width=\"640\" height=\"144\" srcset=\"http:\/\/recettes-gourmandes-de-joce.fr\/wp-content\/uploads\/2022\/05\/logitech-gaming-software-14112014-121223.jpg 640w, http:\/\/recettes-gourmandes-de-joce.fr\/wp-content\/uploads\/2022\/05\/logitech-gaming-software-14112014-121223-300x68.jpg 300w\" sizes=\"auto, (max-width: 640px) 100vw, 640px\" \/><\/p>\n","protected":false},"excerpt":{"rendered":"<p>Une de mes recettes Ingr\u00e9dients pour 12 personnes 2 kg de cuisse de chevreuil\u00a0d\u00e9soss\u00e9e ou 1 belle cuisse enti\u00e8re 4 \u00e9chalotes ou 2 oignons 2 feuilles de laurier Huile d&rsquo;olive 1 morceau de beurre Sel et poivre Pour la sauce 20 g de c\u00e8pes d\u00e9shydrat\u00e9s 30 g de foie gras en terrine 2 c \u00e0 &hellip; <\/p>\n<p><a class=\"more-link btn\" href=\"http:\/\/recettes-gourmandes-de-joce.fr\/index.php\/index\/viandes\/gibier\/cuisse-de-chevreuil-sauce-au-foie-gras-et-cepes\/\">Lire la suite<\/a><\/p>\n","protected":false},"author":2,"featured_media":84764,"parent":249,"menu_order":0,"comment_status":"open","ping_status":"closed","template":"","meta":{"footnotes":""},"class_list":["post-531","page","type-page","status-publish","has-post-thumbnail","hentry","nodate","item-wrap"],"_links":{"self":[{"href":"http:\/\/recettes-gourmandes-de-joce.fr\/index.php\/wp-json\/wp\/v2\/pages\/531","targetHints":{"allow":["GET"]}}],"collection":[{"href":"http:\/\/recettes-gourmandes-de-joce.fr\/index.php\/wp-json\/wp\/v2\/pages"}],"about":[{"href":"http:\/\/recettes-gourmandes-de-joce.fr\/index.php\/wp-json\/wp\/v2\/types\/page"}],"author":[{"embeddable":true,"href":"http:\/\/recettes-gourmandes-de-joce.fr\/index.php\/wp-json\/wp\/v2\/users\/2"}],"replies":[{"embeddable":true,"href":"http:\/\/recettes-gourmandes-de-joce.fr\/index.php\/wp-json\/wp\/v2\/comments?post=531"}],"version-history":[{"count":6,"href":"http:\/\/recettes-gourmandes-de-joce.fr\/index.php\/wp-json\/wp\/v2\/pages\/531\/revisions"}],"predecessor-version":[{"id":94379,"href":"http:\/\/recettes-gourmandes-de-joce.fr\/index.php\/wp-json\/wp\/v2\/pages\/531\/revisions\/94379"}],"up":[{"embeddable":true,"href":"http:\/\/recettes-gourmandes-de-joce.fr\/index.php\/wp-json\/wp\/v2\/pages\/249"}],"wp:featuredmedia":[{"embeddable":true,"href":"http:\/\/recettes-gourmandes-de-joce.fr\/index.php\/wp-json\/wp\/v2\/media\/84764"}],"wp:attachment":[{"href":"http:\/\/recettes-gourmandes-de-joce.fr\/index.php\/wp-json\/wp\/v2\/media?parent=531"}],"curies":[{"name":"wp","href":"https:\/\/api.w.org\/{rel}","templated":true}]}}