{"id":510,"date":"2019-09-19T15:38:59","date_gmt":"2019-09-19T15:38:59","guid":{"rendered":"http:\/\/recettes-gourmandes-de-joce.fr\/?page_id=510"},"modified":"2024-04-10T16:01:58","modified_gmt":"2024-04-10T16:01:58","slug":"magret-de-canard-seche-au-gros-sel","status":"publish","type":"page","link":"http:\/\/recettes-gourmandes-de-joce.fr\/index.php\/index\/viandes\/charcuterie\/magret-de-canard-seche-au-gros-sel\/","title":{"rendered":"Magret de canard s\u00e9ch\u00e9 au gros sel."},"content":{"rendered":"<p style=\"text-align: center;\"><em><span style=\"font-family: georgia, palatino, serif;\"><span style=\"font-size: large;\"><span style=\"color: #ff0000;\"><span style=\"color: #808000; text-decoration: underline;\"><span style=\"font-size: x-large;\">Une de mes recettes<\/span><\/span><\/span><\/span><\/span><\/em><\/p>\n<p style=\"text-align: center;\"><img loading=\"lazy\" decoding=\"async\" class=\"alignnone wp-image-67412\" src=\"http:\/\/recettes-gourmandes-de-joce.fr\/wp-content\/uploads\/2024\/04\/magrets-secs1.jpg\" alt=\"\" width=\"265\" height=\"180\" srcset=\"http:\/\/recettes-gourmandes-de-joce.fr\/wp-content\/uploads\/2024\/04\/magrets-secs1.jpg 1024w, http:\/\/recettes-gourmandes-de-joce.fr\/wp-content\/uploads\/2024\/04\/magrets-secs1-768x521.jpg 768w, http:\/\/recettes-gourmandes-de-joce.fr\/wp-content\/uploads\/2024\/04\/magrets-secs1-750x509.jpg 750w\" sizes=\"auto, (max-width: 265px) 100vw, 265px\" \/>\u00a0<img loading=\"lazy\" decoding=\"async\" class=\"alignnone wp-image-67414\" src=\"http:\/\/recettes-gourmandes-de-joce.fr\/wp-content\/uploads\/2024\/04\/magrets-secs3.jpg\" alt=\"\" width=\"281\" height=\"180\" srcset=\"http:\/\/recettes-gourmandes-de-joce.fr\/wp-content\/uploads\/2024\/04\/magrets-secs3.jpg 1024w, http:\/\/recettes-gourmandes-de-joce.fr\/wp-content\/uploads\/2024\/04\/magrets-secs3-768x492.jpg 768w, http:\/\/recettes-gourmandes-de-joce.fr\/wp-content\/uploads\/2024\/04\/magrets-secs3-750x480.jpg 750w\" sizes=\"auto, (max-width: 281px) 100vw, 281px\" \/><img loading=\"lazy\" decoding=\"async\" class=\"alignnone wp-image-67413\" src=\"http:\/\/recettes-gourmandes-de-joce.fr\/wp-content\/uploads\/2024\/04\/magrets-secs2.jpg\" alt=\"\" width=\"278\" height=\"180\" srcset=\"http:\/\/recettes-gourmandes-de-joce.fr\/wp-content\/uploads\/2024\/04\/magrets-secs2.jpg 1024w, http:\/\/recettes-gourmandes-de-joce.fr\/wp-content\/uploads\/2024\/04\/magrets-secs2-768x498.jpg 768w, http:\/\/recettes-gourmandes-de-joce.fr\/wp-content\/uploads\/2024\/04\/magrets-secs2-750x486.jpg 750w\" sizes=\"auto, (max-width: 278px) 100vw, 278px\" \/><\/p>\n<p style=\"text-align: center;\"><em><span style=\"font-family: georgia, palatino, serif;\"><span style=\"font-size: large;\"><span style=\"color: #ff0000;\"><span style=\"color: #808000; text-decoration: underline;\"><span style=\"font-size: x-large;\">Ingr\u00e9dients pour 1 magret<\/span><\/span><\/span><\/span><\/span><\/em><\/p>\n<p style=\"text-align: center;\"><img loading=\"lazy\" decoding=\"async\" class=\"alignnone wp-image-67393\" src=\"http:\/\/recettes-gourmandes-de-joce.fr\/wp-content\/uploads\/2024\/04\/magret-sec4.jpg\" alt=\"\" width=\"253\" height=\"200\" \/><\/p>\n<p style=\"text-align: center;\"><em><span style=\"font-family: georgia, palatino, serif;\"><span style=\"font-size: large;\"><span style=\"color: #ff0000;\"><span style=\"color: #808000;\">500g de gros sel environ<\/span><\/span><\/span><\/span><\/em><\/p>\n<p style=\"text-align: center;\"><em><span style=\"font-family: georgia, palatino, serif;\"><span style=\"font-size: large;\"><span style=\"color: #ff0000;\"><span style=\"color: #808000;\">1 magret de canard frais<\/span><\/span><\/span><\/span><\/em><\/p>\n<p style=\"text-align: center;\"><em><span style=\"font-family: georgia, palatino, serif;\"><span style=\"font-size: large;\"><span style=\"color: #ff0000;\"><span style=\"color: #808000;\">du poivre<\/span><\/span><\/span><\/span><\/em><\/p>\n<p style=\"text-align: center;\"><em><span style=\"font-family: georgia, palatino, serif;\"><span style=\"font-size: large;\"><span style=\"color: #ff0000;\"><span style=\"color: #808000;\">herbes de Provence<\/span><\/span><\/span><\/span><\/em><\/p>\n<p style=\"text-align: center;\"><img loading=\"lazy\" decoding=\"async\" class=\"alignnone wp-image-67394\" src=\"http:\/\/recettes-gourmandes-de-joce.fr\/wp-content\/uploads\/2024\/04\/magret-sec5.jpg\" alt=\"\" width=\"227\" height=\"170\" \/> <img loading=\"lazy\" decoding=\"async\" class=\"alignnone wp-image-67395\" src=\"http:\/\/recettes-gourmandes-de-joce.fr\/wp-content\/uploads\/2024\/04\/magret-sec6.jpg\" alt=\"\" width=\"255\" height=\"170\" \/> <img loading=\"lazy\" decoding=\"async\" class=\"alignnone wp-image-67396\" src=\"http:\/\/recettes-gourmandes-de-joce.fr\/wp-content\/uploads\/2024\/04\/magret-sec7.jpg\" alt=\"\" width=\"227\" height=\"170\" \/><\/p>\n<p style=\"text-align: center;\"><em><span style=\"font-family: georgia, palatino, serif;\"><span style=\"color: #808000;\"><span style=\"font-size: large;\">Mettre dans un plat de la grandeur de votre magret une couche de gros sel, d\u00e9poser dessus votre magret cot\u00e9 chair sur le sel,le recouvrir de gros sel enti\u00e8rement et l&rsquo;entreposer au r\u00e9frig\u00e9rateur 24h.<\/span><\/span><\/span><\/em><\/p>\n<p style=\"text-align: center;\"><img loading=\"lazy\" decoding=\"async\" class=\"alignnone wp-image-67397\" src=\"http:\/\/recettes-gourmandes-de-joce.fr\/wp-content\/uploads\/2024\/04\/magret-sec8.jpg\" alt=\"\" width=\"135\" height=\"200\" \/>\u00a0<img loading=\"lazy\" decoding=\"async\" class=\"alignnone wp-image-67398\" src=\"http:\/\/recettes-gourmandes-de-joce.fr\/wp-content\/uploads\/2024\/04\/magret-sec9.jpg\" alt=\"\" width=\"133\" height=\"200\" \/> <img loading=\"lazy\" decoding=\"async\" class=\"alignnone wp-image-67399\" src=\"http:\/\/recettes-gourmandes-de-joce.fr\/wp-content\/uploads\/2024\/04\/magret-sec10.jpg\" alt=\"\" width=\"150\" height=\"200\" \/><\/p>\n<p style=\"text-align: center;\"><em><span style=\"font-family: georgia, palatino, serif;\"><span style=\"color: #808000;\"><span style=\"font-size: large;\">\u00a0Au bout de 24h le sortir du r\u00e9frig\u00e9rateur et le d\u00e9barrasser du gros sel, bien l&rsquo;essuyer.<\/span><\/span><\/span><\/em><\/p>\n<p style=\"text-align: center;\"><img loading=\"lazy\" decoding=\"async\" class=\"alignnone wp-image-67391\" src=\"http:\/\/recettes-gourmandes-de-joce.fr\/wp-content\/uploads\/2024\/04\/magret-sec12.jpg\" alt=\"\" width=\"227\" height=\"170\" \/> <img loading=\"lazy\" decoding=\"async\" class=\"alignnone wp-image-67390\" src=\"http:\/\/recettes-gourmandes-de-joce.fr\/wp-content\/uploads\/2024\/04\/magret-sec11.jpg\" alt=\"\" width=\"227\" height=\"170\" \/> \u00a0<img loading=\"lazy\" decoding=\"async\" class=\"alignnone wp-image-67392\" src=\"http:\/\/recettes-gourmandes-de-joce.fr\/wp-content\/uploads\/2024\/04\/magret-sec13.jpg\" alt=\"\" width=\"227\" height=\"170\" \/><\/p>\n<p style=\"text-align: center;\"><em><span style=\"font-family: georgia, palatino, serif;\"><span style=\"color: #808000;\"><span style=\"font-size: large;\">Le poivrer et le parsemer d&rsquo;herbes s\u00e9ch\u00e9es selon les go\u00fbts sur les deux faces.<\/span><\/span><\/span><\/em><\/p>\n<p style=\"text-align: center;\"><em><span style=\"font-family: georgia, palatino, serif;\"><span style=\"color: #808000;\"><span style=\"font-size: large;\">Le mettre dans un linge propre (photo oubli\u00e9e \ud83d\ude41 ) et l&rsquo;entreposer soit dans une cave, soit dans le bac \u00e0 l\u00e9gumes de votre r\u00e9frig\u00e9rateur, laisser le 15 jours avant de l&rsquo;utiliser, id\u00e9al dans des salades par exemple.<\/span><\/span><\/span><\/em><\/p>\n<p style=\"text-align: center;\"><em><span style=\"font-family: georgia, palatino, serif;\"><span style=\"color: #808000;\"><span style=\"font-size: large;\">Bon app\u00e9tit!<\/span><\/span><\/span><\/em><\/p>\n<p style=\"text-align: center;\"><img loading=\"lazy\" decoding=\"async\" class=\"alignnone wp-image-67413\" src=\"http:\/\/recettes-gourmandes-de-joce.fr\/wp-content\/uploads\/2024\/04\/magrets-secs2.jpg\" alt=\"\" width=\"278\" height=\"180\" srcset=\"http:\/\/recettes-gourmandes-de-joce.fr\/wp-content\/uploads\/2024\/04\/magrets-secs2.jpg 1024w, http:\/\/recettes-gourmandes-de-joce.fr\/wp-content\/uploads\/2024\/04\/magrets-secs2-768x498.jpg 768w, http:\/\/recettes-gourmandes-de-joce.fr\/wp-content\/uploads\/2024\/04\/magrets-secs2-750x486.jpg 750w\" sizes=\"auto, (max-width: 278px) 100vw, 278px\" \/><\/p>\n<p style=\"text-align: center;\"><img loading=\"lazy\" decoding=\"async\" class=\"alignnone wp-image-67412\" src=\"http:\/\/recettes-gourmandes-de-joce.fr\/wp-content\/uploads\/2024\/04\/magrets-secs1.jpg\" alt=\"\" width=\"265\" height=\"180\" srcset=\"http:\/\/recettes-gourmandes-de-joce.fr\/wp-content\/uploads\/2024\/04\/magrets-secs1.jpg 1024w, http:\/\/recettes-gourmandes-de-joce.fr\/wp-content\/uploads\/2024\/04\/magrets-secs1-768x521.jpg 768w, http:\/\/recettes-gourmandes-de-joce.fr\/wp-content\/uploads\/2024\/04\/magrets-secs1-750x509.jpg 750w\" sizes=\"auto, (max-width: 265px) 100vw, 265px\" \/>\u00a0<img loading=\"lazy\" decoding=\"async\" class=\"alignnone wp-image-67414\" src=\"http:\/\/recettes-gourmandes-de-joce.fr\/wp-content\/uploads\/2024\/04\/magrets-secs3.jpg\" alt=\"\" width=\"281\" height=\"180\" srcset=\"http:\/\/recettes-gourmandes-de-joce.fr\/wp-content\/uploads\/2024\/04\/magrets-secs3.jpg 1024w, http:\/\/recettes-gourmandes-de-joce.fr\/wp-content\/uploads\/2024\/04\/magrets-secs3-768x492.jpg 768w, http:\/\/recettes-gourmandes-de-joce.fr\/wp-content\/uploads\/2024\/04\/magrets-secs3-750x480.jpg 750w\" sizes=\"auto, (max-width: 281px) 100vw, 281px\" \/><\/p>\n<p style=\"text-align: center;\"><img loading=\"lazy\" decoding=\"async\" class=\"alignnone size-full wp-image-59803\" src=\"http:\/\/recettes-gourmandes-de-joce.fr\/wp-content\/uploads\/2024\/01\/logitech-gaming-software-14112014-121223.jpg\" alt=\"\" width=\"640\" height=\"144\" \/><\/p>\n","protected":false},"excerpt":{"rendered":"<p>Une de mes recettes \u00a0 Ingr\u00e9dients pour 1 magret 500g de gros sel environ 1 magret de canard frais du poivre herbes de Provence Mettre dans un plat de la grandeur de votre magret une couche de gros sel, d\u00e9poser dessus votre magret cot\u00e9 chair sur le sel,le recouvrir de gros sel enti\u00e8rement et l&rsquo;entreposer &hellip; <\/p>\n<p><a class=\"more-link btn\" href=\"http:\/\/recettes-gourmandes-de-joce.fr\/index.php\/index\/viandes\/charcuterie\/magret-de-canard-seche-au-gros-sel\/\">Lire la suite<\/a><\/p>\n","protected":false},"author":2,"featured_media":67414,"parent":514,"menu_order":0,"comment_status":"open","ping_status":"closed","template":"","meta":{"footnotes":""},"class_list":["post-510","page","type-page","status-publish","has-post-thumbnail","hentry","nodate","item-wrap"],"_links":{"self":[{"href":"http:\/\/recettes-gourmandes-de-joce.fr\/index.php\/wp-json\/wp\/v2\/pages\/510","targetHints":{"allow":["GET"]}}],"collection":[{"href":"http:\/\/recettes-gourmandes-de-joce.fr\/index.php\/wp-json\/wp\/v2\/pages"}],"about":[{"href":"http:\/\/recettes-gourmandes-de-joce.fr\/index.php\/wp-json\/wp\/v2\/types\/page"}],"author":[{"embeddable":true,"href":"http:\/\/recettes-gourmandes-de-joce.fr\/index.php\/wp-json\/wp\/v2\/users\/2"}],"replies":[{"embeddable":true,"href":"http:\/\/recettes-gourmandes-de-joce.fr\/index.php\/wp-json\/wp\/v2\/comments?post=510"}],"version-history":[{"count":3,"href":"http:\/\/recettes-gourmandes-de-joce.fr\/index.php\/wp-json\/wp\/v2\/pages\/510\/revisions"}],"predecessor-version":[{"id":67550,"href":"http:\/\/recettes-gourmandes-de-joce.fr\/index.php\/wp-json\/wp\/v2\/pages\/510\/revisions\/67550"}],"up":[{"embeddable":true,"href":"http:\/\/recettes-gourmandes-de-joce.fr\/index.php\/wp-json\/wp\/v2\/pages\/514"}],"wp:featuredmedia":[{"embeddable":true,"href":"http:\/\/recettes-gourmandes-de-joce.fr\/index.php\/wp-json\/wp\/v2\/media\/67414"}],"wp:attachment":[{"href":"http:\/\/recettes-gourmandes-de-joce.fr\/index.php\/wp-json\/wp\/v2\/media?parent=510"}],"curies":[{"name":"wp","href":"https:\/\/api.w.org\/{rel}","templated":true}]}}