{"id":47871,"date":"2022-12-14T01:05:33","date_gmt":"2022-12-14T01:05:33","guid":{"rendered":"http:\/\/recettes-gourmandes-de-joce.fr\/?page_id=47871"},"modified":"2024-06-14T16:44:59","modified_gmt":"2024-06-14T16:44:59","slug":"mini-millefeuilles-de-saumon-fume-aux-pommes-de-terre-et-creme-citronnee","status":"publish","type":"page","link":"http:\/\/recettes-gourmandes-de-joce.fr\/index.php\/index\/aperitifs-amuses-bouches\/amuses-bouches\/mini-millefeuilles-de-saumon-fume-aux-pommes-de-terre-et-creme-citronnee\/","title":{"rendered":"Mini millefeuilles de saumon fum\u00e9 aux pommes de terre  et cr\u00e8me citronn\u00e9e."},"content":{"rendered":"<p style=\"text-align: center;\"><span style=\"text-decoration: underline; color: #ff6600; font-size: 18pt; font-family: georgia, palatino, serif;\"><em>Une de mes recettes<\/em><\/span><\/p>\n<p style=\"text-align: center;\"><span style=\"color: #ff6600;\"><img loading=\"lazy\" decoding=\"async\" class=\"alignnone wp-image-47882\" src=\"http:\/\/recettes-gourmandes-de-joce.fr\/wp-content\/uploads\/2022\/12\/mini_millefeuilles_de_saumon_fume_au_pommes_d16-001-300x187.jpg\" alt=\"\" width=\"289\" height=\"180\" srcset=\"http:\/\/recettes-gourmandes-de-joce.fr\/wp-content\/uploads\/2022\/12\/mini_millefeuilles_de_saumon_fume_au_pommes_d16-001-300x187.jpg 300w, http:\/\/recettes-gourmandes-de-joce.fr\/wp-content\/uploads\/2022\/12\/mini_millefeuilles_de_saumon_fume_au_pommes_d16-001.jpg 482w\" sizes=\"auto, (max-width: 289px) 100vw, 289px\" \/>\u00a0<img loading=\"lazy\" decoding=\"async\" class=\"alignnone wp-image-47880\" src=\"http:\/\/recettes-gourmandes-de-joce.fr\/wp-content\/uploads\/2022\/12\/mini_millefeuilles_de_saumon_fume_au_pommes_d14-300x187.jpg\" alt=\"\" width=\"288\" height=\"180\" srcset=\"http:\/\/recettes-gourmandes-de-joce.fr\/wp-content\/uploads\/2022\/12\/mini_millefeuilles_de_saumon_fume_au_pommes_d14-300x187.jpg 300w, http:\/\/recettes-gourmandes-de-joce.fr\/wp-content\/uploads\/2022\/12\/mini_millefeuilles_de_saumon_fume_au_pommes_d14.jpg 549w\" sizes=\"auto, (max-width: 288px) 100vw, 288px\" \/><img loading=\"lazy\" decoding=\"async\" class=\"alignnone wp-image-47881\" src=\"http:\/\/recettes-gourmandes-de-joce.fr\/wp-content\/uploads\/2022\/12\/mini_millefeuilles_de_saumon_fume_au_pommes_d16-300x225.jpg\" alt=\"\" width=\"240\" height=\"180\" srcset=\"http:\/\/recettes-gourmandes-de-joce.fr\/wp-content\/uploads\/2022\/12\/mini_millefeuilles_de_saumon_fume_au_pommes_d16-300x225.jpg 300w, http:\/\/recettes-gourmandes-de-joce.fr\/wp-content\/uploads\/2022\/12\/mini_millefeuilles_de_saumon_fume_au_pommes_d16.jpg 550w\" sizes=\"auto, (max-width: 240px) 100vw, 240px\" \/><\/span><\/p>\n<p style=\"text-align: center;\"><span style=\"text-decoration: underline; color: #ff6600; font-size: 18pt; font-family: georgia, palatino, serif;\"><em>Ingr\u00e9dients pour 15 mini millefeuilles<\/em><\/span><\/p>\n<p style=\"text-align: center;\"><span style=\"font-size: 14pt; font-family: georgia, palatino, serif; color: #ff6600;\"><img loading=\"lazy\" decoding=\"async\" class=\"alignnone wp-image-47883\" src=\"http:\/\/recettes-gourmandes-de-joce.fr\/wp-content\/uploads\/2022\/12\/mini_millefeuilles_de_saumon_fume_au_pommes_d-300x249.jpg\" alt=\"\" width=\"241\" height=\"200\" srcset=\"http:\/\/recettes-gourmandes-de-joce.fr\/wp-content\/uploads\/2022\/12\/mini_millefeuilles_de_saumon_fume_au_pommes_d-300x249.jpg 300w, http:\/\/recettes-gourmandes-de-joce.fr\/wp-content\/uploads\/2022\/12\/mini_millefeuilles_de_saumon_fume_au_pommes_d.jpg 550w\" sizes=\"auto, (max-width: 241px) 100vw, 241px\" \/>\u00a0\u00a0<\/span><\/p>\n<p style=\"text-align: center;\"><span style=\"font-size: 14pt; font-family: georgia, palatino, serif; color: #ff6600;\"><em>15 petite pommes de terre rattes ou \u00e0 chair ferme<\/em><\/span><\/p>\n<p style=\"text-align: center;\"><span style=\"font-size: 14pt; font-family: georgia, palatino, serif; color: #ff6600;\"><em>200 g de saumon fum\u00e9<\/em><\/span><\/p>\n<p style=\"text-align: center;\"><span style=\"font-size: 14pt; font-family: georgia, palatino, serif; color: #ff6600;\"><em>1 laitue<\/em><\/span><\/p>\n<p style=\"text-align: center;\"><span style=\"font-size: 14pt; font-family: georgia, palatino, serif; color: #ff6600;\"><em>1 citron vert<\/em><\/span><\/p>\n<p style=\"text-align: center;\"><span style=\"font-size: 14pt; font-family: georgia, palatino, serif; color: #ff6600;\"><em>2 \u00e9chalotes<\/em><\/span><\/p>\n<p style=\"text-align: center;\"><span style=\"color: #ff6600;\"><em><span style=\"font-family: georgia, palatino, serif;\"><span style=\"font-size: 14pt;\">2 c \u00e0 s d&rsquo;<\/span><span style=\"font-size: 18.6667px;\">\u0153ufs<\/span><span style=\"font-size: 14pt;\">\u00a0de lump noirs<\/span><\/span><\/em><\/span><\/p>\n<p style=\"text-align: center;\"><span style=\"font-size: 14pt; font-family: georgia, palatino, serif; color: #ff6600;\"><em>1 \u00e0 c s de ciboulette cisel\u00e9e<\/em><\/span><\/p>\n<p style=\"text-align: center;\"><span style=\"font-size: 14pt; font-family: georgia, palatino, serif; color: #ff6600;\"><em>2 c \u00e0 s de cr\u00e8me fra\u00eeche<\/em><\/span><\/p>\n<p style=\"text-align: center;\"><span style=\"font-size: 14pt; font-family: georgia, palatino, serif; color: #ff6600;\"><em>sel et poivre<\/em><\/span><\/p>\n<p style=\"text-align: center;\"><span style=\"color: #ff6600;\"><em><span style=\"font-family: georgia, palatino, serif;\"><span style=\"font-size: 14pt;\">15 <\/span><span style=\"font-size: 18.6667px;\">cure-dents<\/span><span style=\"font-size: 14pt;\">\u00a0en bois<\/span><\/span><\/em><\/span><\/p>\n<p style=\"text-align: center;\"><span style=\"color: #ff6600;\"><span style=\"font-size: 14pt; font-family: georgia, palatino, serif;\"><img loading=\"lazy\" decoding=\"async\" class=\"alignnone wp-image-47890\" src=\"http:\/\/recettes-gourmandes-de-joce.fr\/wp-content\/uploads\/2022\/12\/P5060246-Copie-300x224.jpg\" alt=\"\" width=\"228\" height=\"170\" srcset=\"http:\/\/recettes-gourmandes-de-joce.fr\/wp-content\/uploads\/2022\/12\/P5060246-Copie-300x224.jpg 300w, http:\/\/recettes-gourmandes-de-joce.fr\/wp-content\/uploads\/2022\/12\/P5060246-Copie-768x573.jpg 768w, http:\/\/recettes-gourmandes-de-joce.fr\/wp-content\/uploads\/2022\/12\/P5060246-Copie-750x560.jpg 750w, http:\/\/recettes-gourmandes-de-joce.fr\/wp-content\/uploads\/2022\/12\/P5060246-Copie.jpg 800w\" sizes=\"auto, (max-width: 228px) 100vw, 228px\" \/> <img loading=\"lazy\" decoding=\"async\" class=\"alignnone wp-image-47889\" src=\"http:\/\/recettes-gourmandes-de-joce.fr\/wp-content\/uploads\/2022\/12\/salade-pdt-coeur7-300x254.jpg\" alt=\"\" width=\"201\" height=\"170\" srcset=\"http:\/\/recettes-gourmandes-de-joce.fr\/wp-content\/uploads\/2022\/12\/salade-pdt-coeur7-300x254.jpg 300w, http:\/\/recettes-gourmandes-de-joce.fr\/wp-content\/uploads\/2022\/12\/salade-pdt-coeur7.jpg 460w\" sizes=\"auto, (max-width: 201px) 100vw, 201px\" \/>\u00a0<\/span><img loading=\"lazy\" decoding=\"async\" class=\"alignnone wp-image-47872\" src=\"http:\/\/recettes-gourmandes-de-joce.fr\/wp-content\/uploads\/2022\/12\/mini_millefeuilles_de_saumon_fume_au_pommes_d6-289x300.jpg\" alt=\"\" width=\"164\" height=\"170\" srcset=\"http:\/\/recettes-gourmandes-de-joce.fr\/wp-content\/uploads\/2022\/12\/mini_millefeuilles_de_saumon_fume_au_pommes_d6-289x300.jpg 289w, http:\/\/recettes-gourmandes-de-joce.fr\/wp-content\/uploads\/2022\/12\/mini_millefeuilles_de_saumon_fume_au_pommes_d6.jpg 429w\" sizes=\"auto, (max-width: 164px) 100vw, 164px\" \/><\/span><\/p>\n<p style=\"text-align: center;\"><span style=\"color: #ff6600;\"><em style=\"text-align: center;\"><span style=\"font-family: georgia, palatino, serif;\"><span style=\"font-size: 14pt;\">Mettre les pommes de terre \u00e0 cuire dans de l&rsquo;eau sal\u00e9e et les refroidir une fois cuites, les peler. <\/span><\/span><\/em><em style=\"text-align: center;\"><span style=\"font-family: georgia, palatino, serif;\"><span style=\"font-size: 18.6667px;\">Couper les pommes de terre en rondelles couper les arrondis des bases pour faire tenir votre millefeuille. <\/span><\/span><\/em><em style=\"font-family: georgia, palatino, serif; font-size: 18.6667px;\">Laver la salade et l&rsquo;essorer, d\u00e9tailler 15 morceaux de salade un peu plus grand que le diam\u00e8tre des pommes de terre.<\/em><\/span><\/p>\n<p style=\"text-align: center;\"><span style=\"color: #ff6600;\">\u00a0<img loading=\"lazy\" decoding=\"async\" class=\"alignnone wp-image-47888\" src=\"http:\/\/recettes-gourmandes-de-joce.fr\/wp-content\/uploads\/2022\/12\/mini_millefeuilles_de_saumon_fume_au_pommes_d5-300x225.jpg\" alt=\"\" width=\"227\" height=\"170\" srcset=\"http:\/\/recettes-gourmandes-de-joce.fr\/wp-content\/uploads\/2022\/12\/mini_millefeuilles_de_saumon_fume_au_pommes_d5-300x225.jpg 300w, http:\/\/recettes-gourmandes-de-joce.fr\/wp-content\/uploads\/2022\/12\/mini_millefeuilles_de_saumon_fume_au_pommes_d5.jpg 550w\" sizes=\"auto, (max-width: 227px) 100vw, 227px\" \/>\u00a0<img loading=\"lazy\" decoding=\"async\" class=\"alignnone wp-image-47743\" src=\"http:\/\/recettes-gourmandes-de-joce.fr\/wp-content\/uploads\/2022\/12\/20221206_192422-300x225.jpg\" alt=\"\" width=\"227\" height=\"170\" srcset=\"http:\/\/recettes-gourmandes-de-joce.fr\/wp-content\/uploads\/2022\/12\/20221206_192422-300x225.jpg 300w, http:\/\/recettes-gourmandes-de-joce.fr\/wp-content\/uploads\/2022\/12\/20221206_192422-1024x768.jpg 1024w, http:\/\/recettes-gourmandes-de-joce.fr\/wp-content\/uploads\/2022\/12\/20221206_192422-768x576.jpg 768w, http:\/\/recettes-gourmandes-de-joce.fr\/wp-content\/uploads\/2022\/12\/20221206_192422-1536x1152.jpg 1536w, http:\/\/recettes-gourmandes-de-joce.fr\/wp-content\/uploads\/2022\/12\/20221206_192422-2048x1536.jpg 2048w, http:\/\/recettes-gourmandes-de-joce.fr\/wp-content\/uploads\/2022\/12\/20221206_192422-750x563.jpg 750w\" sizes=\"auto, (max-width: 227px) 100vw, 227px\" \/> <img loading=\"lazy\" decoding=\"async\" class=\"alignnone wp-image-47891\" style=\"font-family: georgia, palatino, serif; font-size: 18.6667px;\" src=\"http:\/\/recettes-gourmandes-de-joce.fr\/wp-content\/uploads\/2022\/12\/IMG_0785-300x213.jpg\" alt=\"\" width=\"240\" height=\"170\" srcset=\"http:\/\/recettes-gourmandes-de-joce.fr\/wp-content\/uploads\/2022\/12\/IMG_0785-300x213.jpg 300w, http:\/\/recettes-gourmandes-de-joce.fr\/wp-content\/uploads\/2022\/12\/IMG_0785.jpg 607w\" sizes=\"auto, (max-width: 240px) 100vw, 240px\" \/><\/span><\/p>\n<p style=\"text-align: center;\"><span style=\"color: #ff6600;\"><em style=\"font-family: georgia, palatino, serif; font-size: 18.6667px;\">, couper 30 morceaux de saumon fum\u00e9 au diam\u00e8tre des pommes de terre, laver et ciseler la ciboulette. <\/em><em style=\"font-family: georgia, palatino, serif; font-size: 18.6667px;\">Peler et couper les \u00e9chalotes en rondelles.<\/em><\/span><\/p>\n<p style=\"text-align: center;\"><span style=\"font-size: 14pt; font-family: georgia, palatino, serif; color: #ff6600;\">\u00a0<img loading=\"lazy\" decoding=\"async\" class=\"alignnone wp-image-47884\" src=\"http:\/\/recettes-gourmandes-de-joce.fr\/wp-content\/uploads\/2022\/12\/mini_millefeuilles_de_saumon_fume_au_pommes_d1-300x225.jpg\" alt=\"\" width=\"227\" height=\"170\" srcset=\"http:\/\/recettes-gourmandes-de-joce.fr\/wp-content\/uploads\/2022\/12\/mini_millefeuilles_de_saumon_fume_au_pommes_d1-300x225.jpg 300w, http:\/\/recettes-gourmandes-de-joce.fr\/wp-content\/uploads\/2022\/12\/mini_millefeuilles_de_saumon_fume_au_pommes_d1.jpg 550w\" sizes=\"auto, (max-width: 227px) 100vw, 227px\" \/> <img loading=\"lazy\" decoding=\"async\" class=\"alignnone wp-image-47885\" src=\"http:\/\/recettes-gourmandes-de-joce.fr\/wp-content\/uploads\/2022\/12\/mini_millefeuilles_de_saumon_fume_au_pommes_d2-300x225.jpg\" alt=\"\" width=\"227\" height=\"170\" srcset=\"http:\/\/recettes-gourmandes-de-joce.fr\/wp-content\/uploads\/2022\/12\/mini_millefeuilles_de_saumon_fume_au_pommes_d2-300x225.jpg 300w, http:\/\/recettes-gourmandes-de-joce.fr\/wp-content\/uploads\/2022\/12\/mini_millefeuilles_de_saumon_fume_au_pommes_d2.jpg 550w\" sizes=\"auto, (max-width: 227px) 100vw, 227px\" \/>\u00a0<a class=\"mb\" style=\"color: #ff6600;\" href=\"http:\/\/s3.e-monsite.com\/2011\/03\/01\/11\/resize_550_550\/\/mini_millefeuilles_de_saumon_fume_au_pommes_d4.jpg\"><img loading=\"lazy\" decoding=\"async\" class=\"alignnone wp-image-47886\" src=\"http:\/\/recettes-gourmandes-de-joce.fr\/wp-content\/uploads\/2022\/12\/mini_millefeuilles_de_saumon_fume_au_pommes_d3-300x225.jpg\" alt=\"\" width=\"227\" height=\"170\" srcset=\"http:\/\/recettes-gourmandes-de-joce.fr\/wp-content\/uploads\/2022\/12\/mini_millefeuilles_de_saumon_fume_au_pommes_d3-300x225.jpg 300w, http:\/\/recettes-gourmandes-de-joce.fr\/wp-content\/uploads\/2022\/12\/mini_millefeuilles_de_saumon_fume_au_pommes_d3.jpg 550w\" sizes=\"auto, (max-width: 227px) 100vw, 227px\" \/><\/a><\/span><\/p>\n<p style=\"text-align: center;\"><span style=\"color: #ff6600;\"><em><span style=\"font-family: georgia, palatino, serif;\"><span style=\"font-size: 14pt;\">\u00a0Pr\u00e9parer la sauce en m\u00e9langeant la cr\u00e8me fra\u00eeche avec du sel et poivre, la ciboulette,<\/span><span style=\"font-size: 14pt;\"> m\u00e9langer. <\/span><\/span><\/em><em><span style=\"font-family: georgia, palatino, serif;\"><span style=\"font-size: 14pt;\">Ajouter le jus du citron vert.<\/span><\/span><\/em><\/span><\/p>\n<p style=\"text-align: center;\"><span style=\"font-size: 14pt; font-family: georgia, palatino, serif; color: #ff6600;\"> <a class=\"mb\" style=\"color: #ff6600;\" href=\"http:\/\/s3.e-monsite.com\/2011\/03\/01\/11\/resize_550_550\/\/mini_millefeuilles_de_saumon_fume_au_pommes_d4.jpg\"><span style=\"text-decoration: underline;\"><img loading=\"lazy\" decoding=\"async\" class=\"alignnone wp-image-47887\" src=\"http:\/\/recettes-gourmandes-de-joce.fr\/wp-content\/uploads\/2022\/12\/mini_millefeuilles_de_saumon_fume_au_pommes_d4-300x225.jpg\" alt=\"\" width=\"227\" height=\"170\" srcset=\"http:\/\/recettes-gourmandes-de-joce.fr\/wp-content\/uploads\/2022\/12\/mini_millefeuilles_de_saumon_fume_au_pommes_d4-300x225.jpg 300w, http:\/\/recettes-gourmandes-de-joce.fr\/wp-content\/uploads\/2022\/12\/mini_millefeuilles_de_saumon_fume_au_pommes_d4.jpg 550w\" sizes=\"auto, (max-width: 227px) 100vw, 227px\" \/><\/span> <\/a><a class=\"mb\" style=\"color: #ff6600;\" href=\"http:\/\/s3.e-monsite.com\/2011\/03\/01\/11\/resize_550_550\/\/mini_millefeuilles_de_saumon_fume_au_pommes_d4.jpg\"><img loading=\"lazy\" decoding=\"async\" class=\"alignnone wp-image-47873\" src=\"http:\/\/recettes-gourmandes-de-joce.fr\/wp-content\/uploads\/2022\/12\/mini_millefeuilles_de_saumon_fume_au_pommes_d7-300x225.jpg\" alt=\"\" width=\"227\" height=\"170\" srcset=\"http:\/\/recettes-gourmandes-de-joce.fr\/wp-content\/uploads\/2022\/12\/mini_millefeuilles_de_saumon_fume_au_pommes_d7-300x225.jpg 300w, http:\/\/recettes-gourmandes-de-joce.fr\/wp-content\/uploads\/2022\/12\/mini_millefeuilles_de_saumon_fume_au_pommes_d7.jpg 550w\" sizes=\"auto, (max-width: 227px) 100vw, 227px\" \/><\/a><a class=\"mb\" style=\"color: #ff6600;\" href=\"http:\/\/s3.e-monsite.com\/2011\/03\/01\/11\/resize_550_550\/\/mini_millefeuilles_de_saumon_fume_au_pommes_d4.jpg\">\u00a0<\/a><a class=\"mb\" style=\"color: #ff6600;\" href=\"http:\/\/s3.e-monsite.com\/2011\/03\/01\/11\/resize_550_550\/\/mini_millefeuilles_de_saumon_fume_au_pommes_d4.jpg\"><img loading=\"lazy\" decoding=\"async\" class=\"alignnone wp-image-47874\" src=\"http:\/\/recettes-gourmandes-de-joce.fr\/wp-content\/uploads\/2022\/12\/mini_millefeuilles_de_saumon_fume_au_pommes_d8-300x197.jpg\" alt=\"\" width=\"260\" height=\"170\" srcset=\"http:\/\/recettes-gourmandes-de-joce.fr\/wp-content\/uploads\/2022\/12\/mini_millefeuilles_de_saumon_fume_au_pommes_d8-300x197.jpg 300w, http:\/\/recettes-gourmandes-de-joce.fr\/wp-content\/uploads\/2022\/12\/mini_millefeuilles_de_saumon_fume_au_pommes_d8.jpg 545w\" sizes=\"auto, (max-width: 260px) 100vw, 260px\" \/><\/a><\/span><\/p>\n<p style=\"text-align: center;\"><span style=\"color: #ff6600;\"><span style=\"font-size: 14pt; font-family: georgia, palatino, serif;\"><em style=\"font-family: Lato, sans-serif; font-size: 16px;\"><span style=\"font-family: georgia, palatino, serif;\"><span style=\"font-size: 14pt;\">Ajouter <\/span><\/span><\/em><\/span><em><span style=\"font-family: georgia, palatino, serif;\"><span style=\"font-size: 14pt;\">1 c \u00e0 s d&rsquo;<\/span><span style=\"font-size: 18.6667px;\">\u0153ufs<\/span><span style=\"font-size: 14pt;\">\u00a0de lump et<\/span><\/span><\/em><em style=\"font-family: georgia, palatino, serif; font-size: 18.6667px;\"> m\u00e9langer \u00e0 nouveau, <\/em><em><span style=\"font-family: georgia, palatino, serif;\"><span style=\"font-size: 14pt;\">r\u00e9serv\u00e9 au frais.\u00a0<\/span><\/span><\/em><em style=\"font-family: georgia, palatino, serif; font-size: 18.6667px;\">dans un plat r\u00e9partir 1 tiers des pommes de terre, saler et poivrer tr\u00e8s l\u00e9g\u00e8rement. <\/em><em style=\"font-family: georgia, palatino, serif; font-size: 14pt;\">Ajouter dessus un morceau de saumon et une rondelle d&rsquo;\u00e9chalote.\u00a0<\/em><\/span><\/p>\n<p style=\"text-align: center;\"><span style=\"font-size: 14pt; font-family: georgia, palatino, serif; color: #ff6600;\"><em><img loading=\"lazy\" decoding=\"async\" class=\"alignnone wp-image-47875\" src=\"http:\/\/recettes-gourmandes-de-joce.fr\/wp-content\/uploads\/2022\/12\/mini_millefeuilles_de_saumon_fume_au_pommes_d9-300x195.jpg\" alt=\"\" width=\"261\" height=\"170\" srcset=\"http:\/\/recettes-gourmandes-de-joce.fr\/wp-content\/uploads\/2022\/12\/mini_millefeuilles_de_saumon_fume_au_pommes_d9-300x195.jpg 300w, http:\/\/recettes-gourmandes-de-joce.fr\/wp-content\/uploads\/2022\/12\/mini_millefeuilles_de_saumon_fume_au_pommes_d9.jpg 548w\" sizes=\"auto, (max-width: 261px) 100vw, 261px\" \/> <img loading=\"lazy\" decoding=\"async\" class=\"alignnone wp-image-47876\" src=\"http:\/\/recettes-gourmandes-de-joce.fr\/wp-content\/uploads\/2022\/12\/mini_millefeuilles_de_saumon_fume_au_pommes_d10-300x170.jpg\" alt=\"\" width=\"300\" height=\"170\" srcset=\"http:\/\/recettes-gourmandes-de-joce.fr\/wp-content\/uploads\/2022\/12\/mini_millefeuilles_de_saumon_fume_au_pommes_d10-300x170.jpg 300w, http:\/\/recettes-gourmandes-de-joce.fr\/wp-content\/uploads\/2022\/12\/mini_millefeuilles_de_saumon_fume_au_pommes_d10.jpg 522w\" sizes=\"auto, (max-width: 300px) 100vw, 300px\" \/>\u00a0<\/em><\/span><\/p>\n<p style=\"text-align: center;\"><span style=\"font-size: 14pt; font-family: georgia, palatino, serif; color: #ff6600;\"><em style=\"font-size: 14pt;\">Ajouter une touche de cr\u00e8me citronn\u00e9e. <\/em><em>D\u00e9poser dessus la 2 -\u00e8me rondelle de pomme de terre, saler et poivrer tr\u00e8s l\u00e9g\u00e8rement les pommes de terre.<\/em><\/span><\/p>\n<p style=\"text-align: center;\"><span style=\"color: #ff6600;\"><em style=\"font-family: georgia, palatino, serif; font-size: 18.6667px;\"><img loading=\"lazy\" decoding=\"async\" class=\"alignnone wp-image-47877\" src=\"http:\/\/recettes-gourmandes-de-joce.fr\/wp-content\/uploads\/2022\/12\/mini_millefeuilles_de_saumon_fume_au_pommes_d11-300x199.jpg\" alt=\"\" width=\"257\" height=\"170\" srcset=\"http:\/\/recettes-gourmandes-de-joce.fr\/wp-content\/uploads\/2022\/12\/mini_millefeuilles_de_saumon_fume_au_pommes_d11-300x199.jpg 300w, http:\/\/recettes-gourmandes-de-joce.fr\/wp-content\/uploads\/2022\/12\/mini_millefeuilles_de_saumon_fume_au_pommes_d11.jpg 545w\" sizes=\"auto, (max-width: 257px) 100vw, 257px\" \/> <img loading=\"lazy\" decoding=\"async\" class=\"alignnone wp-image-47878\" src=\"http:\/\/recettes-gourmandes-de-joce.fr\/wp-content\/uploads\/2022\/12\/mini_millefeuilles_de_saumon_fume_au_pommes_d12-300x190.jpg\" alt=\"\" width=\"268\" height=\"170\" srcset=\"http:\/\/recettes-gourmandes-de-joce.fr\/wp-content\/uploads\/2022\/12\/mini_millefeuilles_de_saumon_fume_au_pommes_d12-300x190.jpg 300w, http:\/\/recettes-gourmandes-de-joce.fr\/wp-content\/uploads\/2022\/12\/mini_millefeuilles_de_saumon_fume_au_pommes_d12.jpg 547w\" sizes=\"auto, (max-width: 268px) 100vw, 268px\" \/><\/em><\/span><\/p>\n<p style=\"text-align: center;\"><span style=\"color: #ff6600;\"><em style=\"font-family: georgia, palatino, serif; font-size: 18.6667px; text-align: center;\">Ajouter ensuite un morceau de saumon et d&rsquo;\u00e9chalote, p<\/em><em style=\"font-family: georgia, palatino, serif; font-size: 18.6667px; text-align: center;\">uis de salade et \u00e0 nouveau une touche de cr\u00e8me citronn\u00e9e.<\/em><\/span><\/p>\n<p style=\"text-align: center;\"><span style=\"color: #ff6600;\"><em style=\"font-family: georgia, palatino, serif; font-size: 18.6667px;\"> <img loading=\"lazy\" decoding=\"async\" class=\"alignnone wp-image-47879\" src=\"http:\/\/recettes-gourmandes-de-joce.fr\/wp-content\/uploads\/2022\/12\/mini_millefeuilles_de_saumon_fume_au_pommes_d13-300x194.jpg\" alt=\"\" width=\"263\" height=\"170\" srcset=\"http:\/\/recettes-gourmandes-de-joce.fr\/wp-content\/uploads\/2022\/12\/mini_millefeuilles_de_saumon_fume_au_pommes_d13-300x194.jpg 300w, http:\/\/recettes-gourmandes-de-joce.fr\/wp-content\/uploads\/2022\/12\/mini_millefeuilles_de_saumon_fume_au_pommes_d13.jpg 483w\" sizes=\"auto, (max-width: 263px) 100vw, 263px\" \/> <img loading=\"lazy\" decoding=\"async\" class=\"alignnone wp-image-47880\" src=\"http:\/\/recettes-gourmandes-de-joce.fr\/wp-content\/uploads\/2022\/12\/mini_millefeuilles_de_saumon_fume_au_pommes_d14-300x187.jpg\" alt=\"\" width=\"272\" height=\"170\" srcset=\"http:\/\/recettes-gourmandes-de-joce.fr\/wp-content\/uploads\/2022\/12\/mini_millefeuilles_de_saumon_fume_au_pommes_d14-300x187.jpg 300w, http:\/\/recettes-gourmandes-de-joce.fr\/wp-content\/uploads\/2022\/12\/mini_millefeuilles_de_saumon_fume_au_pommes_d14.jpg 549w\" sizes=\"auto, (max-width: 272px) 100vw, 272px\" \/><\/em><\/span><\/p>\n<p style=\"text-align: center;\"><span style=\"color: #ff6600;\"><em><span style=\"font-family: georgia, palatino, serif;\"><span style=\"font-size: 14pt;\">D\u00e9poser la derni\u00e8re rondelle de pomme de terre, saler et poivrer tr\u00e8s l\u00e9g\u00e8rement et ajouter une touche de cr\u00e8me et un peu d&rsquo;<\/span><span style=\"font-size: 18.6667px;\">\u0153ufs<\/span><span style=\"font-size: 14pt;\"> de lump, maintenir le tout par un cure-dent en bois, parsemer d&rsquo;un peu de ciboulette.<\/span><\/span><\/em><\/span><\/p>\n<p style=\"text-align: center;\"><span style=\"font-size: 14pt; font-family: georgia, palatino, serif; color: #ff6600;\"><em>Bon ap\u00e9ritif!<\/em><\/span><\/p>\n<p style=\"text-align: center;\"><span style=\"color: #ff6600;\"><img loading=\"lazy\" decoding=\"async\" class=\"alignnone wp-image-47881\" src=\"http:\/\/recettes-gourmandes-de-joce.fr\/wp-content\/uploads\/2022\/12\/mini_millefeuilles_de_saumon_fume_au_pommes_d16-300x225.jpg\" alt=\"\" width=\"240\" height=\"180\" srcset=\"http:\/\/recettes-gourmandes-de-joce.fr\/wp-content\/uploads\/2022\/12\/mini_millefeuilles_de_saumon_fume_au_pommes_d16-300x225.jpg 300w, http:\/\/recettes-gourmandes-de-joce.fr\/wp-content\/uploads\/2022\/12\/mini_millefeuilles_de_saumon_fume_au_pommes_d16.jpg 550w\" sizes=\"auto, (max-width: 240px) 100vw, 240px\" \/> <\/span><\/p>\n<p style=\"text-align: center;\"><span style=\"color: #ff6600;\"><img loading=\"lazy\" decoding=\"async\" class=\"alignnone wp-image-47882\" src=\"http:\/\/recettes-gourmandes-de-joce.fr\/wp-content\/uploads\/2022\/12\/mini_millefeuilles_de_saumon_fume_au_pommes_d16-001-300x187.jpg\" alt=\"\" width=\"289\" height=\"180\" srcset=\"http:\/\/recettes-gourmandes-de-joce.fr\/wp-content\/uploads\/2022\/12\/mini_millefeuilles_de_saumon_fume_au_pommes_d16-001-300x187.jpg 300w, http:\/\/recettes-gourmandes-de-joce.fr\/wp-content\/uploads\/2022\/12\/mini_millefeuilles_de_saumon_fume_au_pommes_d16-001.jpg 482w\" sizes=\"auto, (max-width: 289px) 100vw, 289px\" \/> \u00a0<img loading=\"lazy\" decoding=\"async\" class=\"alignnone wp-image-47880\" src=\"http:\/\/recettes-gourmandes-de-joce.fr\/wp-content\/uploads\/2022\/12\/mini_millefeuilles_de_saumon_fume_au_pommes_d14-300x187.jpg\" alt=\"\" width=\"288\" height=\"180\" srcset=\"http:\/\/recettes-gourmandes-de-joce.fr\/wp-content\/uploads\/2022\/12\/mini_millefeuilles_de_saumon_fume_au_pommes_d14-300x187.jpg 300w, http:\/\/recettes-gourmandes-de-joce.fr\/wp-content\/uploads\/2022\/12\/mini_millefeuilles_de_saumon_fume_au_pommes_d14.jpg 549w\" sizes=\"auto, (max-width: 288px) 100vw, 288px\" \/><\/span><\/p>\n<p style=\"text-align: center;\"><span style=\"color: #ff6600;\"><img loading=\"lazy\" decoding=\"async\" class=\"alignnone wp-image-44943 size-full\" src=\"http:\/\/recettes-gourmandes-de-joce.fr\/wp-content\/uploads\/2022\/05\/logitech-gaming-software-14112014-121223.jpg\" alt=\"\" width=\"640\" height=\"144\" srcset=\"http:\/\/recettes-gourmandes-de-joce.fr\/wp-content\/uploads\/2022\/05\/logitech-gaming-software-14112014-121223.jpg 640w, http:\/\/recettes-gourmandes-de-joce.fr\/wp-content\/uploads\/2022\/05\/logitech-gaming-software-14112014-121223-300x68.jpg 300w\" sizes=\"auto, (max-width: 640px) 100vw, 640px\" \/><\/span><\/p>\n","protected":false},"excerpt":{"rendered":"<p>Une de mes recettes \u00a0 Ingr\u00e9dients pour 15 mini millefeuilles \u00a0\u00a0 15 petite pommes de terre rattes ou \u00e0 chair ferme 200 g de saumon fum\u00e9 1 laitue 1 citron vert 2 \u00e9chalotes 2 c \u00e0 s d&rsquo;\u0153ufs\u00a0de lump noirs 1 \u00e0 c s de ciboulette cisel\u00e9e 2 c \u00e0 s de cr\u00e8me fra\u00eeche sel &hellip; <\/p>\n<p><a class=\"more-link btn\" href=\"http:\/\/recettes-gourmandes-de-joce.fr\/index.php\/index\/aperitifs-amuses-bouches\/amuses-bouches\/mini-millefeuilles-de-saumon-fume-aux-pommes-de-terre-et-creme-citronnee\/\">Lire la suite<\/a><\/p>\n","protected":false},"author":2,"featured_media":83687,"parent":195,"menu_order":0,"comment_status":"open","ping_status":"closed","template":"","meta":{"footnotes":""},"class_list":["post-47871","page","type-page","status-publish","has-post-thumbnail","hentry","nodate","item-wrap"],"_links":{"self":[{"href":"http:\/\/recettes-gourmandes-de-joce.fr\/index.php\/wp-json\/wp\/v2\/pages\/47871","targetHints":{"allow":["GET"]}}],"collection":[{"href":"http:\/\/recettes-gourmandes-de-joce.fr\/index.php\/wp-json\/wp\/v2\/pages"}],"about":[{"href":"http:\/\/recettes-gourmandes-de-joce.fr\/index.php\/wp-json\/wp\/v2\/types\/page"}],"author":[{"embeddable":true,"href":"http:\/\/recettes-gourmandes-de-joce.fr\/index.php\/wp-json\/wp\/v2\/users\/2"}],"replies":[{"embeddable":true,"href":"http:\/\/recettes-gourmandes-de-joce.fr\/index.php\/wp-json\/wp\/v2\/comments?post=47871"}],"version-history":[{"count":4,"href":"http:\/\/recettes-gourmandes-de-joce.fr\/index.php\/wp-json\/wp\/v2\/pages\/47871\/revisions"}],"predecessor-version":[{"id":83686,"href":"http:\/\/recettes-gourmandes-de-joce.fr\/index.php\/wp-json\/wp\/v2\/pages\/47871\/revisions\/83686"}],"up":[{"embeddable":true,"href":"http:\/\/recettes-gourmandes-de-joce.fr\/index.php\/wp-json\/wp\/v2\/pages\/195"}],"wp:featuredmedia":[{"embeddable":true,"href":"http:\/\/recettes-gourmandes-de-joce.fr\/index.php\/wp-json\/wp\/v2\/media\/83687"}],"wp:attachment":[{"href":"http:\/\/recettes-gourmandes-de-joce.fr\/index.php\/wp-json\/wp\/v2\/media?parent=47871"}],"curies":[{"name":"wp","href":"https:\/\/api.w.org\/{rel}","templated":true}]}}