{"id":45702,"date":"2022-07-01T08:13:35","date_gmt":"2022-07-01T08:13:35","guid":{"rendered":"http:\/\/recettes-gourmandes-de-joce.fr\/?page_id=45702"},"modified":"2024-04-28T09:43:20","modified_gmt":"2024-04-28T09:43:20","slug":"irish-coffee","status":"publish","type":"page","link":"http:\/\/recettes-gourmandes-de-joce.fr\/index.php\/index\/aperitifs-amuses-bouches\/aperitifs\/irish-coffee\/","title":{"rendered":"Irish coffee."},"content":{"rendered":"<p style=\"text-align: center;\"><em><span style=\"text-decoration: underline; color: #993300; font-size: 14pt; font-family: georgia, palatino, serif;\">D&rsquo;apr\u00e8s une recette du net<\/span><\/em><\/p>\n<p style=\"text-align: center;\"><em><span style=\"color: #993300; font-size: 14pt; font-family: georgia, palatino, serif;\"><img loading=\"lazy\" decoding=\"async\" class=\"alignnone wp-image-45657\" src=\"http:\/\/recettes-gourmandes-de-joce.fr\/wp-content\/uploads\/2022\/06\/20220630_205704-244x300.jpg\" alt=\"\" width=\"147\" height=\"180\" srcset=\"http:\/\/recettes-gourmandes-de-joce.fr\/wp-content\/uploads\/2022\/06\/20220630_205704-244x300.jpg 244w, http:\/\/recettes-gourmandes-de-joce.fr\/wp-content\/uploads\/2022\/06\/20220630_205704-834x1024.jpg 834w, http:\/\/recettes-gourmandes-de-joce.fr\/wp-content\/uploads\/2022\/06\/20220630_205704-768x943.jpg 768w, http:\/\/recettes-gourmandes-de-joce.fr\/wp-content\/uploads\/2022\/06\/20220630_205704-1250x1536.jpg 1250w, http:\/\/recettes-gourmandes-de-joce.fr\/wp-content\/uploads\/2022\/06\/20220630_205704-1667x2048.jpg 1667w, http:\/\/recettes-gourmandes-de-joce.fr\/wp-content\/uploads\/2022\/06\/20220630_205704-750x921.jpg 750w\" sizes=\"auto, (max-width: 147px) 100vw, 147px\" \/> <img loading=\"lazy\" decoding=\"async\" class=\"alignnone wp-image-45666\" src=\"http:\/\/recettes-gourmandes-de-joce.fr\/wp-content\/uploads\/2022\/06\/20220630_205652-267x300.jpg\" alt=\"\" width=\"160\" height=\"180\" srcset=\"http:\/\/recettes-gourmandes-de-joce.fr\/wp-content\/uploads\/2022\/06\/20220630_205652-267x300.jpg 267w, http:\/\/recettes-gourmandes-de-joce.fr\/wp-content\/uploads\/2022\/06\/20220630_205652-910x1024.jpg 910w, http:\/\/recettes-gourmandes-de-joce.fr\/wp-content\/uploads\/2022\/06\/20220630_205652-768x864.jpg 768w, http:\/\/recettes-gourmandes-de-joce.fr\/wp-content\/uploads\/2022\/06\/20220630_205652-1365x1536.jpg 1365w, http:\/\/recettes-gourmandes-de-joce.fr\/wp-content\/uploads\/2022\/06\/20220630_205652-1820x2048.jpg 1820w, http:\/\/recettes-gourmandes-de-joce.fr\/wp-content\/uploads\/2022\/06\/20220630_205652-750x844.jpg 750w\" sizes=\"auto, (max-width: 160px) 100vw, 160px\" \/> <img loading=\"lazy\" decoding=\"async\" class=\"alignnone wp-image-45655\" src=\"http:\/\/recettes-gourmandes-de-joce.fr\/wp-content\/uploads\/2022\/06\/20220630_205700-265x300.jpg\" alt=\"\" width=\"159\" height=\"180\" srcset=\"http:\/\/recettes-gourmandes-de-joce.fr\/wp-content\/uploads\/2022\/06\/20220630_205700-265x300.jpg 265w, http:\/\/recettes-gourmandes-de-joce.fr\/wp-content\/uploads\/2022\/06\/20220630_205700-904x1024.jpg 904w, http:\/\/recettes-gourmandes-de-joce.fr\/wp-content\/uploads\/2022\/06\/20220630_205700-768x870.jpg 768w, http:\/\/recettes-gourmandes-de-joce.fr\/wp-content\/uploads\/2022\/06\/20220630_205700-1355x1536.jpg 1355w, http:\/\/recettes-gourmandes-de-joce.fr\/wp-content\/uploads\/2022\/06\/20220630_205700-1807x2048.jpg 1807w, http:\/\/recettes-gourmandes-de-joce.fr\/wp-content\/uploads\/2022\/06\/20220630_205700-750x850.jpg 750w\" sizes=\"auto, (max-width: 159px) 100vw, 159px\" \/><\/span><\/em><\/p>\n<p style=\"text-align: center;\"><span style=\"font-size: 18pt;\"><em><span style=\"text-decoration: underline; color: #993300; font-family: georgia, palatino, serif;\"> Ingr\u00e9dients pour 2 personnes<\/span><\/em><\/span><\/p>\n<p style=\"text-align: center;\"><em><span style=\"color: #993300; font-size: 14pt; font-family: georgia, palatino, serif;\"><img loading=\"lazy\" decoding=\"async\" class=\"alignnone wp-image-45659\" src=\"http:\/\/recettes-gourmandes-de-joce.fr\/wp-content\/uploads\/2022\/06\/20220630_204731-294x300.jpg\" alt=\"\" width=\"196\" height=\"200\" srcset=\"http:\/\/recettes-gourmandes-de-joce.fr\/wp-content\/uploads\/2022\/06\/20220630_204731-294x300.jpg 294w, http:\/\/recettes-gourmandes-de-joce.fr\/wp-content\/uploads\/2022\/06\/20220630_204731-1005x1024.jpg 1005w, http:\/\/recettes-gourmandes-de-joce.fr\/wp-content\/uploads\/2022\/06\/20220630_204731-768x783.jpg 768w, http:\/\/recettes-gourmandes-de-joce.fr\/wp-content\/uploads\/2022\/06\/20220630_204731-1507x1536.jpg 1507w, http:\/\/recettes-gourmandes-de-joce.fr\/wp-content\/uploads\/2022\/06\/20220630_204731-2010x2048.jpg 2010w, http:\/\/recettes-gourmandes-de-joce.fr\/wp-content\/uploads\/2022\/06\/20220630_204731-750x764.jpg 750w\" sizes=\"auto, (max-width: 196px) 100vw, 196px\" \/><\/span><\/em><\/p>\n<p style=\"text-align: center;\"><span style=\"color: #993300;\"><em><span style=\"font-size: 14pt; font-family: georgia, palatino, serif;\"><span style=\"font-family: georgia, palatino, serif;\">60 ml de whisky <\/span><\/span><\/em><\/span><\/p>\n<p style=\"text-align: center;\"><span style=\"color: #993300;\"><em><span style=\"font-size: 14pt; font-family: georgia, palatino, serif;\"><span style=\"font-family: georgia, palatino, serif;\">100 ml de caf\u00e9 fort<\/span><\/span><\/em><\/span><\/p>\n<p style=\"text-align: center;\"><span style=\"color: #993300;\"><em><span style=\"font-size: 14pt; font-family: georgia, palatino, serif;\"><span style=\"font-family: georgia, palatino, serif;\"> 2 c \u00e0 s de sucre de canne <\/span><\/span><\/em><\/span><\/p>\n<p style=\"text-align: center;\"><span style=\"color: #993300;\"><em><span style=\"font-size: 14pt; font-family: georgia, palatino, serif;\"><span style=\"font-family: georgia, palatino, serif;\">80 g de cr\u00e8me fra\u00eeche <\/span><\/span><\/em><\/span><\/p>\n<p style=\"text-align: center;\"><span style=\"color: #993300;\"><em><span style=\"font-size: 14pt; font-family: georgia, palatino, serif;\"><span style=\"font-family: georgia, palatino, serif;\">2 pailles<\/span><\/span><\/em><\/span><\/p>\n<p style=\"text-align: center;\"><em><span style=\"color: #993300; font-size: 14pt; font-family: georgia, palatino, serif;\"><img loading=\"lazy\" decoding=\"async\" class=\"alignnone wp-image-45661\" src=\"http:\/\/recettes-gourmandes-de-joce.fr\/wp-content\/uploads\/2022\/06\/20220630_204857-300x225.jpg\" alt=\"\" width=\"227\" height=\"170\" srcset=\"http:\/\/recettes-gourmandes-de-joce.fr\/wp-content\/uploads\/2022\/06\/20220630_204857-300x225.jpg 300w, http:\/\/recettes-gourmandes-de-joce.fr\/wp-content\/uploads\/2022\/06\/20220630_204857-1024x768.jpg 1024w, http:\/\/recettes-gourmandes-de-joce.fr\/wp-content\/uploads\/2022\/06\/20220630_204857-768x576.jpg 768w, http:\/\/recettes-gourmandes-de-joce.fr\/wp-content\/uploads\/2022\/06\/20220630_204857-1536x1152.jpg 1536w, http:\/\/recettes-gourmandes-de-joce.fr\/wp-content\/uploads\/2022\/06\/20220630_204857-2048x1536.jpg 2048w, http:\/\/recettes-gourmandes-de-joce.fr\/wp-content\/uploads\/2022\/06\/20220630_204857-750x563.jpg 750w\" sizes=\"auto, (max-width: 227px) 100vw, 227px\" \/> <img loading=\"lazy\" decoding=\"async\" class=\"alignnone wp-image-45663\" src=\"http:\/\/recettes-gourmandes-de-joce.fr\/wp-content\/uploads\/2022\/06\/20220630_204909-001-300x264.jpg\" alt=\"\" width=\"193\" height=\"170\" srcset=\"http:\/\/recettes-gourmandes-de-joce.fr\/wp-content\/uploads\/2022\/06\/20220630_204909-001-300x264.jpg 300w, http:\/\/recettes-gourmandes-de-joce.fr\/wp-content\/uploads\/2022\/06\/20220630_204909-001-1024x902.jpg 1024w, http:\/\/recettes-gourmandes-de-joce.fr\/wp-content\/uploads\/2022\/06\/20220630_204909-001-768x676.jpg 768w, http:\/\/recettes-gourmandes-de-joce.fr\/wp-content\/uploads\/2022\/06\/20220630_204909-001-1536x1352.jpg 1536w, http:\/\/recettes-gourmandes-de-joce.fr\/wp-content\/uploads\/2022\/06\/20220630_204909-001-2048x1803.jpg 2048w, http:\/\/recettes-gourmandes-de-joce.fr\/wp-content\/uploads\/2022\/06\/20220630_204909-001-750x660.jpg 750w\" sizes=\"auto, (max-width: 193px) 100vw, 193px\" \/> <img loading=\"lazy\" decoding=\"async\" class=\"alignnone wp-image-45664\" src=\"http:\/\/recettes-gourmandes-de-joce.fr\/wp-content\/uploads\/2022\/06\/20220630_205016-300x184.jpg\" alt=\"\" width=\"278\" height=\"170\" srcset=\"http:\/\/recettes-gourmandes-de-joce.fr\/wp-content\/uploads\/2022\/06\/20220630_205016-300x184.jpg 300w, http:\/\/recettes-gourmandes-de-joce.fr\/wp-content\/uploads\/2022\/06\/20220630_205016-1024x627.jpg 1024w, http:\/\/recettes-gourmandes-de-joce.fr\/wp-content\/uploads\/2022\/06\/20220630_205016-768x470.jpg 768w, http:\/\/recettes-gourmandes-de-joce.fr\/wp-content\/uploads\/2022\/06\/20220630_205016-1536x940.jpg 1536w, http:\/\/recettes-gourmandes-de-joce.fr\/wp-content\/uploads\/2022\/06\/20220630_205016-2048x1254.jpg 2048w, http:\/\/recettes-gourmandes-de-joce.fr\/wp-content\/uploads\/2022\/06\/20220630_205016-750x459.jpg 750w\" sizes=\"auto, (max-width: 278px) 100vw, 278px\" \/><\/span><\/em><\/p>\n<p style=\"text-align: center;\"><em><span style=\"color: #993300; font-size: 14pt; font-family: georgia, palatino, serif;\">Pr\u00e9parer le caf\u00e9. Dans des tasses ou verres de votre choix, mettre le sucre. Dans une casserole porter \u00e0 fr\u00e9missement le whisky, puis\u00a0<\/span><\/em><em><span style=\"color: #993300; font-size: 14pt; font-family: georgia, palatino, serif;\">le <\/span><\/em><em><span style=\"color: #993300; font-size: 14pt; font-family: georgia, palatino, serif;\">verser doucement dans les tasses.<\/span><\/em><\/p>\n<p style=\"text-align: center;\"><em><span style=\"color: #993300; font-size: 14pt; font-family: georgia, palatino, serif;\">\u00a0<img loading=\"lazy\" decoding=\"async\" class=\"alignnone wp-image-45665\" src=\"http:\/\/recettes-gourmandes-de-joce.fr\/wp-content\/uploads\/2022\/06\/20220630_205055-300x207.jpg\" alt=\"\" width=\"239\" height=\"165\" srcset=\"http:\/\/recettes-gourmandes-de-joce.fr\/wp-content\/uploads\/2022\/06\/20220630_205055-300x207.jpg 300w, http:\/\/recettes-gourmandes-de-joce.fr\/wp-content\/uploads\/2022\/06\/20220630_205055-1024x706.jpg 1024w, http:\/\/recettes-gourmandes-de-joce.fr\/wp-content\/uploads\/2022\/06\/20220630_205055-768x530.jpg 768w, http:\/\/recettes-gourmandes-de-joce.fr\/wp-content\/uploads\/2022\/06\/20220630_205055-1536x1059.jpg 1536w, http:\/\/recettes-gourmandes-de-joce.fr\/wp-content\/uploads\/2022\/06\/20220630_205055-2048x1413.jpg 2048w, http:\/\/recettes-gourmandes-de-joce.fr\/wp-content\/uploads\/2022\/06\/20220630_205055-750x517.jpg 750w\" sizes=\"auto, (max-width: 239px) 100vw, 239px\" \/> <img loading=\"lazy\" decoding=\"async\" class=\"alignnone wp-image-6424\" src=\"http:\/\/recettes-gourmandes-de-joce.fr\/wp-content\/uploads\/2019\/10\/100_8549-300x225.jpg\" alt=\"\" width=\"220\" height=\"165\" srcset=\"http:\/\/recettes-gourmandes-de-joce.fr\/wp-content\/uploads\/2019\/10\/100_8549-300x225.jpg 300w, http:\/\/recettes-gourmandes-de-joce.fr\/wp-content\/uploads\/2019\/10\/100_8549.jpg 640w\" sizes=\"auto, (max-width: 220px) 100vw, 220px\" \/><\/span><\/em><\/p>\n<p style=\"text-align: center;\"><em><span style=\"color: #993300; font-size: 14pt; font-family: georgia, palatino, serif;\">Verser ensuite le caf\u00e9 doucement \u00e9galement. Battre la cr\u00e8me mais pas en chantilly juste fouett\u00e9e, l&rsquo;ajouter en la faisant glisser lentement afin qu&rsquo;elle flotte sur le caf\u00e9, ajouter une paille et d\u00e9guster SANS m\u00e9langer.<\/span><\/em><\/p>\n<p style=\"text-align: center;\"><em><span style=\"color: #993300; font-size: 14pt; font-family: georgia, palatino, serif;\">Bonne d\u00e9gustation!<\/span><\/em><\/p>\n<p style=\"text-align: center;\"><span style=\"color: #ff0000;\"><em><span style=\"font-size: 14pt; font-family: georgia, palatino, serif;\"><strong>L\u2019abus d\u2019alcool est dangereux pour la sant\u00e9, servir avec mod\u00e9ration.<\/strong><\/span><\/em><\/span><\/p>\n<p style=\"text-align: center;\"><em><span style=\"color: #993300; font-size: 14pt; font-family: georgia, palatino, serif;\"><img loading=\"lazy\" decoding=\"async\" class=\"alignnone wp-image-45658\" src=\"http:\/\/recettes-gourmandes-de-joce.fr\/wp-content\/uploads\/2022\/06\/20220630_205709-248x300.jpg\" alt=\"\" width=\"149\" height=\"180\" srcset=\"http:\/\/recettes-gourmandes-de-joce.fr\/wp-content\/uploads\/2022\/06\/20220630_205709-248x300.jpg 248w, http:\/\/recettes-gourmandes-de-joce.fr\/wp-content\/uploads\/2022\/06\/20220630_205709-848x1024.jpg 848w, http:\/\/recettes-gourmandes-de-joce.fr\/wp-content\/uploads\/2022\/06\/20220630_205709-768x927.jpg 768w, http:\/\/recettes-gourmandes-de-joce.fr\/wp-content\/uploads\/2022\/06\/20220630_205709-1272x1536.jpg 1272w, http:\/\/recettes-gourmandes-de-joce.fr\/wp-content\/uploads\/2022\/06\/20220630_205709-1696x2048.jpg 1696w, http:\/\/recettes-gourmandes-de-joce.fr\/wp-content\/uploads\/2022\/06\/20220630_205709-750x906.jpg 750w\" sizes=\"auto, (max-width: 149px) 100vw, 149px\" \/> <img loading=\"lazy\" decoding=\"async\" class=\"alignnone wp-image-45656\" src=\"http:\/\/recettes-gourmandes-de-joce.fr\/wp-content\/uploads\/2022\/06\/20220630_205702-300x295.jpg\" alt=\"\" width=\"183\" height=\"180\" srcset=\"http:\/\/recettes-gourmandes-de-joce.fr\/wp-content\/uploads\/2022\/06\/20220630_205702-300x295.jpg 300w, http:\/\/recettes-gourmandes-de-joce.fr\/wp-content\/uploads\/2022\/06\/20220630_205702-1024x1007.jpg 1024w, http:\/\/recettes-gourmandes-de-joce.fr\/wp-content\/uploads\/2022\/06\/20220630_205702-768x756.jpg 768w, http:\/\/recettes-gourmandes-de-joce.fr\/wp-content\/uploads\/2022\/06\/20220630_205702-1536x1511.jpg 1536w, http:\/\/recettes-gourmandes-de-joce.fr\/wp-content\/uploads\/2022\/06\/20220630_205702-2048x2015.jpg 2048w, http:\/\/recettes-gourmandes-de-joce.fr\/wp-content\/uploads\/2022\/06\/20220630_205702-750x738.jpg 750w\" sizes=\"auto, (max-width: 183px) 100vw, 183px\" \/> <img loading=\"lazy\" decoding=\"async\" class=\"alignnone wp-image-45654\" src=\"http:\/\/recettes-gourmandes-de-joce.fr\/wp-content\/uploads\/2022\/06\/20220630_205655-251x300.jpg\" alt=\"\" width=\"151\" height=\"180\" srcset=\"http:\/\/recettes-gourmandes-de-joce.fr\/wp-content\/uploads\/2022\/06\/20220630_205655-251x300.jpg 251w, http:\/\/recettes-gourmandes-de-joce.fr\/wp-content\/uploads\/2022\/06\/20220630_205655-857x1024.jpg 857w, http:\/\/recettes-gourmandes-de-joce.fr\/wp-content\/uploads\/2022\/06\/20220630_205655-768x918.jpg 768w, http:\/\/recettes-gourmandes-de-joce.fr\/wp-content\/uploads\/2022\/06\/20220630_205655-1286x1536.jpg 1286w, http:\/\/recettes-gourmandes-de-joce.fr\/wp-content\/uploads\/2022\/06\/20220630_205655-1714x2048.jpg 1714w, http:\/\/recettes-gourmandes-de-joce.fr\/wp-content\/uploads\/2022\/06\/20220630_205655-750x896.jpg 750w\" sizes=\"auto, (max-width: 151px) 100vw, 151px\" \/><\/span><\/em><\/p>\n<p style=\"text-align: center;\"><img loading=\"lazy\" decoding=\"async\" class=\"alignnone wp-image-37354 size-full\" src=\"http:\/\/recettes-gourmandes-de-joce.fr\/wp-content\/uploads\/2021\/06\/logitech-gaming-software-14112014-121223.jpg\" alt=\"\" width=\"640\" height=\"144\" srcset=\"http:\/\/recettes-gourmandes-de-joce.fr\/wp-content\/uploads\/2021\/06\/logitech-gaming-software-14112014-121223.jpg 640w, http:\/\/recettes-gourmandes-de-joce.fr\/wp-content\/uploads\/2021\/06\/logitech-gaming-software-14112014-121223-300x68.jpg 300w\" sizes=\"auto, (max-width: 640px) 100vw, 640px\" \/><\/p>\n","protected":false},"excerpt":{"rendered":"<p>D&rsquo;apr\u00e8s une recette du net Ingr\u00e9dients pour 2 personnes 60 ml de whisky 100 ml de caf\u00e9 fort 2 c \u00e0 s de sucre de canne 80 g de cr\u00e8me fra\u00eeche 2 pailles Pr\u00e9parer le caf\u00e9. Dans des tasses ou verres de votre choix, mettre le sucre. Dans une casserole porter \u00e0 fr\u00e9missement le whisky, &hellip; <\/p>\n<p><a class=\"more-link btn\" href=\"http:\/\/recettes-gourmandes-de-joce.fr\/index.php\/index\/aperitifs-amuses-bouches\/aperitifs\/irish-coffee\/\">Lire la suite<\/a><\/p>\n","protected":false},"author":2,"featured_media":73858,"parent":191,"menu_order":0,"comment_status":"open","ping_status":"closed","template":"","meta":{"footnotes":""},"class_list":["post-45702","page","type-page","status-publish","has-post-thumbnail","hentry","nodate","item-wrap"],"_links":{"self":[{"href":"http:\/\/recettes-gourmandes-de-joce.fr\/index.php\/wp-json\/wp\/v2\/pages\/45702","targetHints":{"allow":["GET"]}}],"collection":[{"href":"http:\/\/recettes-gourmandes-de-joce.fr\/index.php\/wp-json\/wp\/v2\/pages"}],"about":[{"href":"http:\/\/recettes-gourmandes-de-joce.fr\/index.php\/wp-json\/wp\/v2\/types\/page"}],"author":[{"embeddable":true,"href":"http:\/\/recettes-gourmandes-de-joce.fr\/index.php\/wp-json\/wp\/v2\/users\/2"}],"replies":[{"embeddable":true,"href":"http:\/\/recettes-gourmandes-de-joce.fr\/index.php\/wp-json\/wp\/v2\/comments?post=45702"}],"version-history":[{"count":4,"href":"http:\/\/recettes-gourmandes-de-joce.fr\/index.php\/wp-json\/wp\/v2\/pages\/45702\/revisions"}],"predecessor-version":[{"id":73859,"href":"http:\/\/recettes-gourmandes-de-joce.fr\/index.php\/wp-json\/wp\/v2\/pages\/45702\/revisions\/73859"}],"up":[{"embeddable":true,"href":"http:\/\/recettes-gourmandes-de-joce.fr\/index.php\/wp-json\/wp\/v2\/pages\/191"}],"wp:featuredmedia":[{"embeddable":true,"href":"http:\/\/recettes-gourmandes-de-joce.fr\/index.php\/wp-json\/wp\/v2\/media\/73858"}],"wp:attachment":[{"href":"http:\/\/recettes-gourmandes-de-joce.fr\/index.php\/wp-json\/wp\/v2\/media?parent=45702"}],"curies":[{"name":"wp","href":"https:\/\/api.w.org\/{rel}","templated":true}]}}