{"id":4568,"date":"2019-10-14T10:03:26","date_gmt":"2019-10-14T10:03:26","guid":{"rendered":"http:\/\/recettes-gourmandes-de-joce.fr\/?page_id=4568"},"modified":"2026-03-15T01:04:15","modified_gmt":"2026-03-15T01:04:15","slug":"emince-de-poulet-aux-champignons-et-puree-de-carottes","status":"publish","type":"page","link":"http:\/\/recettes-gourmandes-de-joce.fr\/index.php\/index\/viandes\/volailles\/poulet-poule-poularde-coq-coquelet\/emince-de-poulet-aux-champignons-et-puree-de-carottes\/","title":{"rendered":"\u00c9minc\u00e9  de poulet aux champignons et pur\u00e9e de carottes."},"content":{"rendered":"<p style=\"text-align: center;\"><span style=\"font-family: georgia,serif;\"><span style=\"color: #ff9900;\"><em><span style=\"text-decoration: underline;\"><span style=\"font-size: x-large;\">Une de mes recettes<\/span><\/span><\/em><\/span><\/span><\/p>\n<p style=\"text-align: center;\"><img loading=\"lazy\" decoding=\"async\" class=\"alignnone wp-image-4554\" src=\"http:\/\/recettes-gourmandes-de-joce.fr\/wp-content\/uploads\/2019\/10\/P3100177-150x150.jpg\" alt=\"\" width=\"252\" height=\"180\" srcset=\"http:\/\/recettes-gourmandes-de-joce.fr\/wp-content\/uploads\/2019\/10\/P3100177-300x214.jpg 300w, http:\/\/recettes-gourmandes-de-joce.fr\/wp-content\/uploads\/2019\/10\/P3100177.jpg 640w\" sizes=\"auto, (max-width: 252px) 100vw, 252px\" \/> <img loading=\"lazy\" decoding=\"async\" class=\"alignnone wp-image-4565\" src=\"http:\/\/recettes-gourmandes-de-joce.fr\/wp-content\/uploads\/2019\/10\/P3100176-150x150.jpg\" alt=\"\" width=\"215\" height=\"180\" srcset=\"http:\/\/recettes-gourmandes-de-joce.fr\/wp-content\/uploads\/2019\/10\/P3100176-300x251.jpg 300w, http:\/\/recettes-gourmandes-de-joce.fr\/wp-content\/uploads\/2019\/10\/P3100176.jpg 640w\" sizes=\"auto, (max-width: 215px) 100vw, 215px\" \/> <img loading=\"lazy\" decoding=\"async\" class=\"alignnone wp-image-4564\" src=\"http:\/\/recettes-gourmandes-de-joce.fr\/wp-content\/uploads\/2019\/10\/P3100174-150x150.jpg\" alt=\"\" width=\"245\" height=\"180\" srcset=\"http:\/\/recettes-gourmandes-de-joce.fr\/wp-content\/uploads\/2019\/10\/P3100174-300x220.jpg 300w, http:\/\/recettes-gourmandes-de-joce.fr\/wp-content\/uploads\/2019\/10\/P3100174.jpg 640w\" sizes=\"auto, (max-width: 245px) 100vw, 245px\" \/><\/p>\n<div class=\"mceTemp\"><\/div>\n<p style=\"text-align: center;\"><span style=\"font-family: georgia,serif;\"><span style=\"color: #ff9900;\"><em><span style=\"text-decoration: underline;\"><span style=\"font-size: x-large;\">Ingr\u00e9dients pour 3 personnes<\/span><\/span><\/em><\/span><\/span><\/p>\n<p style=\"text-align: center;\"><img loading=\"lazy\" decoding=\"async\" class=\"alignnone wp-image-4566\" src=\"http:\/\/recettes-gourmandes-de-joce.fr\/wp-content\/uploads\/2019\/10\/Logitech-Gaming-Software-14102019-113903.bmp-150x150.jpg\" alt=\"\" width=\"252\" height=\"200\" srcset=\"http:\/\/recettes-gourmandes-de-joce.fr\/wp-content\/uploads\/2019\/10\/Logitech-Gaming-Software-14102019-113903.bmp-300x238.jpg 300w, http:\/\/recettes-gourmandes-de-joce.fr\/wp-content\/uploads\/2019\/10\/Logitech-Gaming-Software-14102019-113903.bmp.jpg 640w\" sizes=\"auto, (max-width: 252px) 100vw, 252px\" \/><\/p>\n<p style=\"text-align: center;\"><span style=\"font-family: georgia,serif;\"><em><span style=\"color: #ff9900; font-size: large;\">3 escalopes de poulet<\/span><\/em><\/span><\/p>\n<p style=\"text-align: center;\"><span style=\"font-family: georgia,serif;\"><em><span style=\"color: #ff9900; font-size: large;\">\u00bd boite de champignons<\/span><\/em><\/span><\/p>\n<p style=\"text-align: center;\"><span style=\"font-family: georgia,serif;\"><em><span style=\"color: #ff9900; font-size: large;\">2 c \u00e0 s de fond de volaille<\/span><\/em><\/span><\/p>\n<p style=\"text-align: center;\"><span style=\"font-family: georgia,serif;\"><em><span style=\"color: #ff9900; font-size: large;\">1 morceau de beurre<\/span><\/em><\/span><\/p>\n<p style=\"text-align: center;\"><span style=\"font-family: georgia,serif;\"><em><span style=\"color: #ff9900; font-size: large;\">1 bouquet de ciboulette<\/span><\/em><\/span><\/p>\n<p style=\"text-align: center;\"><span style=\"font-family: georgia,serif;\"><em><span style=\"color: #ff9900; font-size: large;\">1 petite c \u00e0 s de cr\u00e8me fra\u00eeche \u00e9paisse<\/span><\/em><\/span><\/p>\n<p style=\"text-align: center;\"><span style=\"font-family: georgia,serif;\"><em><span style=\"color: #ff9900; font-size: large;\">le jus des champignons<\/span><\/em><\/span><\/p>\n<p style=\"text-align: center;\"><span style=\"font-family: georgia,serif;\"><em><span style=\"color: #ff9900; font-size: large;\">1 petite c \u00e0 c d&rsquo;\u00e9pices Basques<\/span><\/em><\/span><\/p>\n<p style=\"text-align: center;\"><span style=\"font-family: georgia,serif;\"><em><span style=\"color: #ff9900; font-size: large;\">Sel et poivre<\/span><\/em><\/span><\/p>\n<p style=\"text-align: center;\"><span style=\"font-family: georgia,serif;\"><em><span style=\"color: #ff9900; font-size: large;\">Pour la pur\u00e9e de carottes cliquer sur ce lien pour <\/span><\/em><\/span><\/p>\n<p style=\"text-align: center;\"><span style=\"font-family: georgia,serif;\"><em><span style=\"color: #ff9900; font-size: large;\">trouver la recette -&gt; <a href=\"http:\/\/recettes-gourmandes-de-joce.fr\/index.php\/index\/legumes\/purees-diverses\/puree-de-carottes\/\">Pur\u00e9e de carottes <img loading=\"lazy\" decoding=\"async\" class=\"alignnone size-thumbnail wp-image-4549\" src=\"http:\/\/recettes-gourmandes-de-joce.fr\/wp-content\/uploads\/2019\/10\/P3220764-150x150.jpg\" alt=\"\" width=\"150\" height=\"150\" \/><\/a><\/span><\/em><\/span><\/p>\n<p style=\"text-align: center;\"><img loading=\"lazy\" decoding=\"async\" class=\"alignnone wp-image-4567\" src=\"http:\/\/recettes-gourmandes-de-joce.fr\/wp-content\/uploads\/2019\/10\/Logitech-Gaming-Software-14102019-113858.bmp-150x150.jpg\" alt=\"\" width=\"228\" height=\"170\" srcset=\"http:\/\/recettes-gourmandes-de-joce.fr\/wp-content\/uploads\/2019\/10\/Logitech-Gaming-Software-14102019-113858.bmp-300x224.jpg 300w, http:\/\/recettes-gourmandes-de-joce.fr\/wp-content\/uploads\/2019\/10\/Logitech-Gaming-Software-14102019-113858.bmp.jpg 640w\" sizes=\"auto, (max-width: 228px) 100vw, 228px\" \/> <img loading=\"lazy\" decoding=\"async\" class=\"alignnone wp-image-4555\" src=\"http:\/\/recettes-gourmandes-de-joce.fr\/wp-content\/uploads\/2019\/10\/P3100158-150x150.jpg\" alt=\"\" width=\"227\" height=\"170\" srcset=\"http:\/\/recettes-gourmandes-de-joce.fr\/wp-content\/uploads\/2019\/10\/P3100158-300x225.jpg 300w, http:\/\/recettes-gourmandes-de-joce.fr\/wp-content\/uploads\/2019\/10\/P3100158.jpg 640w\" sizes=\"auto, (max-width: 227px) 100vw, 227px\" \/> <img loading=\"lazy\" decoding=\"async\" class=\"alignnone wp-image-4556\" src=\"http:\/\/recettes-gourmandes-de-joce.fr\/wp-content\/uploads\/2019\/10\/P3100159-150x150.jpg\" alt=\"\" width=\"227\" height=\"170\" srcset=\"http:\/\/recettes-gourmandes-de-joce.fr\/wp-content\/uploads\/2019\/10\/P3100159-300x225.jpg 300w, http:\/\/recettes-gourmandes-de-joce.fr\/wp-content\/uploads\/2019\/10\/P3100159.jpg 640w\" sizes=\"auto, (max-width: 227px) 100vw, 227px\" \/><\/p>\n<p style=\"text-align: center;\"><span style=\"font-family: georgia,serif;\"><span style=\"color: #ff9900; font-size: large;\"><em>Couper les escalopes en lani\u00e8res, les saler et poivrer, mettre le beurre \u00e0 fondre dans une po\u00eale, y mettre le poulet \u00e0 dorer.<\/em><\/span><\/span><\/p>\n<p style=\"text-align: center;\"><img loading=\"lazy\" decoding=\"async\" class=\"alignnone wp-image-4557\" src=\"http:\/\/recettes-gourmandes-de-joce.fr\/wp-content\/uploads\/2019\/10\/P3100161-150x150.jpg\" alt=\"\" width=\"227\" height=\"170\" srcset=\"http:\/\/recettes-gourmandes-de-joce.fr\/wp-content\/uploads\/2019\/10\/P3100161-300x225.jpg 300w, http:\/\/recettes-gourmandes-de-joce.fr\/wp-content\/uploads\/2019\/10\/P3100161.jpg 640w\" sizes=\"auto, (max-width: 227px) 100vw, 227px\" \/> <img loading=\"lazy\" decoding=\"async\" class=\"alignnone wp-image-4558\" src=\"http:\/\/recettes-gourmandes-de-joce.fr\/wp-content\/uploads\/2019\/10\/P3100163-150x150.jpg\" alt=\"\" width=\"227\" height=\"170\" srcset=\"http:\/\/recettes-gourmandes-de-joce.fr\/wp-content\/uploads\/2019\/10\/P3100163-300x225.jpg 300w, http:\/\/recettes-gourmandes-de-joce.fr\/wp-content\/uploads\/2019\/10\/P3100163.jpg 640w\" sizes=\"auto, (max-width: 227px) 100vw, 227px\" \/> <img loading=\"lazy\" decoding=\"async\" class=\"alignnone wp-image-4569\" src=\"http:\/\/recettes-gourmandes-de-joce.fr\/wp-content\/uploads\/2019\/10\/P3100162-150x150.jpg\" alt=\"\" width=\"208\" height=\"170\" srcset=\"http:\/\/recettes-gourmandes-de-joce.fr\/wp-content\/uploads\/2019\/10\/P3100162-300x245.jpg 300w, http:\/\/recettes-gourmandes-de-joce.fr\/wp-content\/uploads\/2019\/10\/P3100162.jpg 640w\" sizes=\"auto, (max-width: 208px) 100vw, 208px\" \/><\/p>\n<p style=\"text-align: center;\"><span style=\"font-family: georgia,serif;\"><em><span style=\"color: #ff9900; font-size: large;\">Lorsque le poulet commence \u00e0 dorer ajouter les champignons coup\u00e9s en deux si ils sont gros, m\u00e9langer, ajouter un peu d&rsquo;\u00e9pices basques (facultatif) et m\u00e9langer \u00e0 nouveau, saupoudrer avec le fond de volaille et remuer.<\/span><\/em><\/span><\/p>\n<p style=\"text-align: center;\"><img loading=\"lazy\" decoding=\"async\" class=\"alignnone wp-image-4559\" src=\"http:\/\/recettes-gourmandes-de-joce.fr\/wp-content\/uploads\/2019\/10\/P3100164-150x150.jpg\" alt=\"\" width=\"227\" height=\"170\" srcset=\"http:\/\/recettes-gourmandes-de-joce.fr\/wp-content\/uploads\/2019\/10\/P3100164-300x225.jpg 300w, http:\/\/recettes-gourmandes-de-joce.fr\/wp-content\/uploads\/2019\/10\/P3100164.jpg 640w\" sizes=\"auto, (max-width: 227px) 100vw, 227px\" \/> <img loading=\"lazy\" decoding=\"async\" class=\"alignnone wp-image-4560\" src=\"http:\/\/recettes-gourmandes-de-joce.fr\/wp-content\/uploads\/2019\/10\/P3100166-150x150.jpg\" alt=\"\" width=\"213\" height=\"170\" srcset=\"http:\/\/recettes-gourmandes-de-joce.fr\/wp-content\/uploads\/2019\/10\/P3100166-300x240.jpg 300w, http:\/\/recettes-gourmandes-de-joce.fr\/wp-content\/uploads\/2019\/10\/P3100166.jpg 640w\" sizes=\"auto, (max-width: 213px) 100vw, 213px\" \/><\/p>\n<p style=\"text-align: center;\"><span style=\"font-family: georgia,serif;\"><em><span style=\"color: #ff9900; font-size: large;\"><span style=\"font-family: georgia, serif; color: #ff9900; font-size: large;\">Ajouter le jus des champignons et saupoudrer de ciboulette lav\u00e9e et cisel\u00e9e, m\u00e9langer et laisser \u00e9paissir la sauce, finir en ajoutant un peu de cr\u00e8me pour terminer la <\/span><span style=\"color: #ff9900; font-family: georgia, serif; font-size: large;\">liaison<\/span><span style=\"font-family: georgia, serif; color: #ff9900; font-size: large;\">, servir accompagn\u00e9 de la pur\u00e9e de carottes et d&rsquo;une bonne tranche de pain maison.<\/span><\/span><\/em><\/span><\/p>\n<p style=\"text-align: center;\"><span style=\"font-family: georgia,serif;\"><em><span style=\"color: #ff9900; font-size: large;\">Bon app\u00e9tit!<\/span><\/em><\/span><\/p>\n<p style=\"text-align: center;\"><img loading=\"lazy\" decoding=\"async\" class=\"alignnone wp-image-4562\" src=\"http:\/\/recettes-gourmandes-de-joce.fr\/wp-content\/uploads\/2019\/10\/P3100172-150x150.jpg\" alt=\"\" width=\"235\" height=\"180\" srcset=\"http:\/\/recettes-gourmandes-de-joce.fr\/wp-content\/uploads\/2019\/10\/P3100172-300x230.jpg 300w, http:\/\/recettes-gourmandes-de-joce.fr\/wp-content\/uploads\/2019\/10\/P3100172.jpg 640w\" sizes=\"auto, (max-width: 235px) 100vw, 235px\" \/> <img loading=\"lazy\" decoding=\"async\" class=\"alignnone wp-image-4563\" src=\"http:\/\/recettes-gourmandes-de-joce.fr\/wp-content\/uploads\/2019\/10\/P3100173-150x150.jpg\" alt=\"\" width=\"240\" height=\"180\" srcset=\"http:\/\/recettes-gourmandes-de-joce.fr\/wp-content\/uploads\/2019\/10\/P3100173-300x225.jpg 300w, http:\/\/recettes-gourmandes-de-joce.fr\/wp-content\/uploads\/2019\/10\/P3100173.jpg 640w\" sizes=\"auto, (max-width: 240px) 100vw, 240px\" \/> <img loading=\"lazy\" decoding=\"async\" class=\"alignnone wp-image-4561\" src=\"http:\/\/recettes-gourmandes-de-joce.fr\/wp-content\/uploads\/2019\/10\/P3100167-150x150.jpg\" alt=\"\" width=\"261\" height=\"180\" srcset=\"http:\/\/recettes-gourmandes-de-joce.fr\/wp-content\/uploads\/2019\/10\/P3100167-300x207.jpg 300w, http:\/\/recettes-gourmandes-de-joce.fr\/wp-content\/uploads\/2019\/10\/P3100167.jpg 640w\" sizes=\"auto, (max-width: 261px) 100vw, 261px\" \/><\/p>\n<p style=\"text-align: center;\"><img loading=\"lazy\" decoding=\"async\" class=\"alignnone size-full wp-image-59803\" src=\"http:\/\/recettes-gourmandes-de-joce.fr\/wp-content\/uploads\/2024\/01\/logitech-gaming-software-14112014-121223.jpg\" alt=\"\" width=\"640\" height=\"144\" \/><\/p>\n<h3>Commentaires\u00a0<small>(2)<\/small><\/h3>\n<div class=\"items-container\">\n<div class=\"item item-comment media\">\n<div class=\"pull-left\">\n<p>&nbsp;<\/p>\n<\/div>\n<div class=\"media-body\">\n<ul class=\"inline item-infos\">\n<li><span class=\"comment-number\">1.<\/span>\u00a0<span class=\"comment-author\">Am\u00e9ie<\/span>\u00a0<span class=\"comment-date\">| 01\/12\/2016<\/span><\/li>\n<\/ul>\n<div class=\"comment-content\">Coucou joce, elle est pour combien de personne cette recette stp ?<\/div>\n<div class=\"item item-comment media by-webmaster\">\n<div class=\"pull-left\">\n<p>&nbsp;<\/p>\n<p><img decoding=\"async\" class=\"media-object\" src=\"http:\/\/static.e-monsite.com\/manager\/im\/avatar.png?fx=c_50_50\" alt=\"jocelyne debon\" width=\"50\" \/><\/p>\n<\/div>\n<div class=\"media-body\">\n<ul class=\"inline item-infos\">\n<li><span class=\"comment-author\">jocelyne debon\u00a0(<a rel=\"nofollow\">site web<\/a>)<\/span>\u00a0<span class=\"comment-date\">| 01\/12\/2016<\/span><\/li>\n<\/ul>\n<div class=\"comment-content\">Coucou<\/div>\n<div class=\"comment-content\">Oupsss pour 3 je rectifie<\/div>\n<div class=\"comment-content\">Bisoussss<\/div>\n<div class=\"comment-content\">Amicalement Joce<\/div>\n<\/div>\n<\/div>\n<\/div>\n<\/div>\n<\/div>\n","protected":false},"excerpt":{"rendered":"<p>Une de mes recettes Ingr\u00e9dients pour 3 personnes 3 escalopes de poulet \u00bd boite de champignons 2 c \u00e0 s de fond de volaille 1 morceau de beurre 1 bouquet de ciboulette 1 petite c \u00e0 s de cr\u00e8me fra\u00eeche \u00e9paisse le jus des champignons 1 petite c \u00e0 c d&rsquo;\u00e9pices Basques Sel et poivre &hellip; <\/p>\n<p><a class=\"more-link btn\" href=\"http:\/\/recettes-gourmandes-de-joce.fr\/index.php\/index\/viandes\/volailles\/poulet-poule-poularde-coq-coquelet\/emince-de-poulet-aux-champignons-et-puree-de-carottes\/\">Lire la suite<\/a><\/p>\n","protected":false},"author":2,"featured_media":73651,"parent":99760,"menu_order":0,"comment_status":"open","ping_status":"closed","template":"","meta":{"footnotes":""},"class_list":["post-4568","page","type-page","status-publish","has-post-thumbnail","hentry","nodate","item-wrap"],"_links":{"self":[{"href":"http:\/\/recettes-gourmandes-de-joce.fr\/index.php\/wp-json\/wp\/v2\/pages\/4568","targetHints":{"allow":["GET"]}}],"collection":[{"href":"http:\/\/recettes-gourmandes-de-joce.fr\/index.php\/wp-json\/wp\/v2\/pages"}],"about":[{"href":"http:\/\/recettes-gourmandes-de-joce.fr\/index.php\/wp-json\/wp\/v2\/types\/page"}],"author":[{"embeddable":true,"href":"http:\/\/recettes-gourmandes-de-joce.fr\/index.php\/wp-json\/wp\/v2\/users\/2"}],"replies":[{"embeddable":true,"href":"http:\/\/recettes-gourmandes-de-joce.fr\/index.php\/wp-json\/wp\/v2\/comments?post=4568"}],"version-history":[{"count":6,"href":"http:\/\/recettes-gourmandes-de-joce.fr\/index.php\/wp-json\/wp\/v2\/pages\/4568\/revisions"}],"predecessor-version":[{"id":73650,"href":"http:\/\/recettes-gourmandes-de-joce.fr\/index.php\/wp-json\/wp\/v2\/pages\/4568\/revisions\/73650"}],"up":[{"embeddable":true,"href":"http:\/\/recettes-gourmandes-de-joce.fr\/index.php\/wp-json\/wp\/v2\/pages\/99760"}],"wp:featuredmedia":[{"embeddable":true,"href":"http:\/\/recettes-gourmandes-de-joce.fr\/index.php\/wp-json\/wp\/v2\/media\/73651"}],"wp:attachment":[{"href":"http:\/\/recettes-gourmandes-de-joce.fr\/index.php\/wp-json\/wp\/v2\/media?parent=4568"}],"curies":[{"name":"wp","href":"https:\/\/api.w.org\/{rel}","templated":true}]}}