{"id":45493,"date":"2022-06-20T15:33:44","date_gmt":"2022-06-20T15:33:44","guid":{"rendered":"http:\/\/recettes-gourmandes-de-joce.fr\/?page_id=45493"},"modified":"2024-06-28T14:33:25","modified_gmt":"2024-06-28T14:33:25","slug":"brochettes-de-saumon-et-chou-fleur-sauce-cremee-2","status":"publish","type":"page","link":"http:\/\/recettes-gourmandes-de-joce.fr\/index.php\/index\/poissons-coquillages\/barbecue-plancha\/brochettes-de-saumon-et-chou-fleur-sauce-cremee-2\/","title":{"rendered":"Brochettes de saumon et chou-fleur, sauce cr\u00e9m\u00e9e."},"content":{"rendered":"<p style=\"text-align: center;\"><span style=\"text-decoration: underline; color: #e64f3e;\"><span style=\"font-size: 18pt; font-family: georgia, palatino, serif;\"><em>Une de mes recettes<\/em><\/span><\/span><\/p>\n<p style=\"text-align: center;\"><span style=\"color: #e64f3e;\"><img loading=\"lazy\" decoding=\"async\" class=\"alignnone wp-image-19812\" src=\"http:\/\/recettes-gourmandes-de-joce.fr\/wp-content\/uploads\/2020\/04\/brochettes_de_saumon_au_chou_fleur_et_sauce_c15-300x225.jpg\" alt=\"\" width=\"240\" height=\"180\" srcset=\"http:\/\/recettes-gourmandes-de-joce.fr\/wp-content\/uploads\/2020\/04\/brochettes_de_saumon_au_chou_fleur_et_sauce_c15-300x225.jpg 300w, http:\/\/recettes-gourmandes-de-joce.fr\/wp-content\/uploads\/2020\/04\/brochettes_de_saumon_au_chou_fleur_et_sauce_c15.jpg 550w\" sizes=\"auto, (max-width: 240px) 100vw, 240px\" \/> <img loading=\"lazy\" decoding=\"async\" class=\"alignnone wp-image-19813\" src=\"http:\/\/recettes-gourmandes-de-joce.fr\/wp-content\/uploads\/2020\/04\/brochettes_de_saumon_au_chou_fleur_et_sauce_c16-300x225.jpg\" alt=\"\" width=\"240\" height=\"180\" srcset=\"http:\/\/recettes-gourmandes-de-joce.fr\/wp-content\/uploads\/2020\/04\/brochettes_de_saumon_au_chou_fleur_et_sauce_c16-300x225.jpg 300w, http:\/\/recettes-gourmandes-de-joce.fr\/wp-content\/uploads\/2020\/04\/brochettes_de_saumon_au_chou_fleur_et_sauce_c16.jpg 550w\" sizes=\"auto, (max-width: 240px) 100vw, 240px\" \/> <img loading=\"lazy\" decoding=\"async\" class=\"alignnone wp-image-19811\" src=\"http:\/\/recettes-gourmandes-de-joce.fr\/wp-content\/uploads\/2020\/04\/brochettes_de_saumon_au_chou_fleur_et_sauce_c14-300x225.jpg\" alt=\"\" width=\"240\" height=\"180\" srcset=\"http:\/\/recettes-gourmandes-de-joce.fr\/wp-content\/uploads\/2020\/04\/brochettes_de_saumon_au_chou_fleur_et_sauce_c14-300x225.jpg 300w, http:\/\/recettes-gourmandes-de-joce.fr\/wp-content\/uploads\/2020\/04\/brochettes_de_saumon_au_chou_fleur_et_sauce_c14.jpg 550w\" sizes=\"auto, (max-width: 240px) 100vw, 240px\" \/><\/span><\/p>\n<p style=\"text-align: center;\"><span style=\"text-decoration: underline; color: #e64f3e;\"><span style=\"font-size: 18pt; font-family: georgia, palatino, serif;\"><em> Ingr\u00e9dients pour 3 personnes<\/em><\/span><\/span><\/p>\n<p style=\"text-align: center;\"><span style=\"color: #e64f3e;\"><img loading=\"lazy\" decoding=\"async\" class=\"alignnone wp-image-19814\" src=\"http:\/\/recettes-gourmandes-de-joce.fr\/wp-content\/uploads\/2020\/04\/brochettes_de_saumon_au_chou_fleur_et_sauce_c1-257x300.jpg\" alt=\"\" width=\"171\" height=\"200\" srcset=\"http:\/\/recettes-gourmandes-de-joce.fr\/wp-content\/uploads\/2020\/04\/brochettes_de_saumon_au_chou_fleur_et_sauce_c1-257x300.jpg 257w, http:\/\/recettes-gourmandes-de-joce.fr\/wp-content\/uploads\/2020\/04\/brochettes_de_saumon_au_chou_fleur_et_sauce_c1.jpg 408w\" sizes=\"auto, (max-width: 171px) 100vw, 171px\" \/><\/span><\/p>\n<p style=\"text-align: center;\"><span style=\"font-size: 14pt; font-family: georgia, palatino, serif; color: #e64f3e;\"><em>500g de pav\u00e9s de saumon<\/em><\/span><\/p>\n<p style=\"text-align: center;\"><span style=\"font-size: 14pt; font-family: georgia, palatino, serif; color: #e64f3e;\"><em>\u00a01 chou-fleur<\/em><\/span><\/p>\n<p style=\"text-align: center;\"><span style=\"font-size: 14pt; font-family: georgia, palatino, serif; color: #e64f3e;\"><em>\u00a01 bouquet de persil plat<\/em><\/span><\/p>\n<p style=\"text-align: center;\"><span style=\"font-size: 14pt; font-family: georgia, palatino, serif; color: #e64f3e;\"><em>1 oignon<\/em><\/span><\/p>\n<p style=\"text-align: center;\"><span style=\"font-size: 14pt; font-family: georgia, palatino, serif; color: #e64f3e;\"><em>\u00a02 gros champignons de Paris<\/em><\/span><\/p>\n<p style=\"text-align: center;\"><span style=\"font-size: 14pt; font-family: georgia, palatino, serif; color: #e64f3e;\"><em>3 c \u00e0 s de cr\u00e8me fra\u00eeche \u00e9paisse<\/em><\/span><\/p>\n<p style=\"text-align: center;\"><span style=\"font-size: 14pt; font-family: georgia, palatino, serif; color: #e64f3e;\"><em>1 c \u00e0 s rase de fond de volaille<\/em><\/span><\/p>\n<p style=\"text-align: center;\"><span style=\"font-size: 14pt; font-family: georgia, palatino, serif; color: #e64f3e;\"><em>Sel et poivre<\/em><\/span><\/p>\n<p style=\"text-align: center;\"><span style=\"font-size: 14pt; font-family: georgia, palatino, serif; color: #e64f3e;\"><em>\u00a0Huile d\u2019olive<\/em><\/span><\/p>\n<p style=\"text-align: center;\"><span style=\"font-size: 14pt; font-family: georgia, palatino, serif; color: #e64f3e;\"><em>Piques \u00e0 brochettes en bois<\/em><\/span><\/p>\n<p style=\"text-align: center;\"><span style=\"text-decoration: underline; font-size: 14pt; font-family: georgia, palatino, serif; color: #0000ff;\"><em> Recette r\u00e9alisable \u00e9galement \u00e0 la plancha<\/em><em><span class=\"postbody\">\u00a0<\/span><\/em><\/span><\/p>\n<p style=\"text-align: center;\"><span style=\"color: #e64f3e;\"><img loading=\"lazy\" decoding=\"async\" class=\"alignnone wp-image-19815\" src=\"http:\/\/recettes-gourmandes-de-joce.fr\/wp-content\/uploads\/2020\/04\/brochettes_de_saumon_au_chou_fleur_et_sauce_c2-300x170.jpg\" alt=\"\" width=\"283\" height=\"160\" srcset=\"http:\/\/recettes-gourmandes-de-joce.fr\/wp-content\/uploads\/2020\/04\/brochettes_de_saumon_au_chou_fleur_et_sauce_c2-300x170.jpg 300w, http:\/\/recettes-gourmandes-de-joce.fr\/wp-content\/uploads\/2020\/04\/brochettes_de_saumon_au_chou_fleur_et_sauce_c2.jpg 550w\" sizes=\"auto, (max-width: 283px) 100vw, 283px\" \/> <img loading=\"lazy\" decoding=\"async\" class=\"alignnone wp-image-19827\" src=\"http:\/\/recettes-gourmandes-de-joce.fr\/wp-content\/uploads\/2020\/04\/brochettes_de_saumon_au_chou_fleur_et_sauce_c3-300x225.jpg\" alt=\"\" width=\"214\" height=\"160\" srcset=\"http:\/\/recettes-gourmandes-de-joce.fr\/wp-content\/uploads\/2020\/04\/brochettes_de_saumon_au_chou_fleur_et_sauce_c3-300x225.jpg 300w, http:\/\/recettes-gourmandes-de-joce.fr\/wp-content\/uploads\/2020\/04\/brochettes_de_saumon_au_chou_fleur_et_sauce_c3.jpg 550w\" sizes=\"auto, (max-width: 214px) 100vw, 214px\" \/>\u00a0<img loading=\"lazy\" decoding=\"async\" class=\"alignnone wp-image-19816\" src=\"http:\/\/recettes-gourmandes-de-joce.fr\/wp-content\/uploads\/2020\/04\/brochettes_de_saumon_au_chou_fleur_et_sauce_c4-300x225.jpg\" alt=\"\" width=\"214\" height=\"160\" srcset=\"http:\/\/recettes-gourmandes-de-joce.fr\/wp-content\/uploads\/2020\/04\/brochettes_de_saumon_au_chou_fleur_et_sauce_c4-300x225.jpg 300w, http:\/\/recettes-gourmandes-de-joce.fr\/wp-content\/uploads\/2020\/04\/brochettes_de_saumon_au_chou_fleur_et_sauce_c4.jpg 550w\" sizes=\"auto, (max-width: 214px) 100vw, 214px\" \/><\/span><\/p>\n<p style=\"text-align: center;\"><span style=\"font-family: georgia, palatino, serif; font-size: 14pt; color: #e64f3e;\"><em><span class=\"postbody\">Laver le chou-fleur et le mettre \u00e0 cuire dans de l\u2019eau sal\u00e9e, nettoyer les champignons et\u00a0<\/span><span class=\"postbody\">les\u00a0<\/span><span class=\"postbody\">hacher.\u00a0 Peler et \u00e9minc\u00e9 l\u2019oignon, laver et ciseler le persil, couper les pav\u00e9s de saumon en cubes. Lorsque le chou-fleur est au \u00be\u00a0cuit\u00a0l\u2019\u00e9goutter et\u00a0<\/span><span class=\"postbody\">le\u00a0<\/span><span class=\"postbody\">laisser refroidir.<\/span><\/em><\/span><\/p>\n<p style=\"text-align: center;\"><span style=\"color: #e64f3e;\"><img loading=\"lazy\" decoding=\"async\" class=\"alignnone wp-image-19817\" src=\"http:\/\/recettes-gourmandes-de-joce.fr\/wp-content\/uploads\/2020\/04\/brochettes_de_saumon_au_chou_fleur_et_sauce_c5-300x189.jpg\" alt=\"\" width=\"269\" height=\"170\" srcset=\"http:\/\/recettes-gourmandes-de-joce.fr\/wp-content\/uploads\/2020\/04\/brochettes_de_saumon_au_chou_fleur_et_sauce_c5-300x189.jpg 300w, http:\/\/recettes-gourmandes-de-joce.fr\/wp-content\/uploads\/2020\/04\/brochettes_de_saumon_au_chou_fleur_et_sauce_c5.jpg 550w\" sizes=\"auto, (max-width: 269px) 100vw, 269px\" \/> <img loading=\"lazy\" decoding=\"async\" class=\"alignnone wp-image-19818\" src=\"http:\/\/recettes-gourmandes-de-joce.fr\/wp-content\/uploads\/2020\/04\/brochettes_de_saumon_au_chou_fleur_et_sauce_c6-300x214.jpg\" alt=\"\" width=\"239\" height=\"170\" srcset=\"http:\/\/recettes-gourmandes-de-joce.fr\/wp-content\/uploads\/2020\/04\/brochettes_de_saumon_au_chou_fleur_et_sauce_c6-300x214.jpg 300w, http:\/\/recettes-gourmandes-de-joce.fr\/wp-content\/uploads\/2020\/04\/brochettes_de_saumon_au_chou_fleur_et_sauce_c6.jpg 550w\" sizes=\"auto, (max-width: 239px) 100vw, 239px\" \/> <img loading=\"lazy\" decoding=\"async\" class=\"alignnone wp-image-19819\" src=\"http:\/\/recettes-gourmandes-de-joce.fr\/wp-content\/uploads\/2020\/04\/brochettes_de_saumon_au_chou_fleur_et_sauce_c7-300x225.jpg\" alt=\"\" width=\"227\" height=\"170\" srcset=\"http:\/\/recettes-gourmandes-de-joce.fr\/wp-content\/uploads\/2020\/04\/brochettes_de_saumon_au_chou_fleur_et_sauce_c7-300x225.jpg 300w, http:\/\/recettes-gourmandes-de-joce.fr\/wp-content\/uploads\/2020\/04\/brochettes_de_saumon_au_chou_fleur_et_sauce_c7.jpg 550w\" sizes=\"auto, (max-width: 227px) 100vw, 227px\" \/><\/span><\/p>\n<p style=\"text-align: center;\"><span style=\"font-size: 14pt; font-family: georgia, palatino, serif; color: #e64f3e;\"><em><span class=\"postbody\">Mettre sur des piques \u00e0 brochette des morceaux de saumon intercal\u00e9s de chou-fleur, les saler et poivrer sur toutes les faces.\u00a0 Dans une po\u00eale mettre \u00e0 chauffer un filet d\u2019huile d\u2019olive , y faire cuire les brochettes en parsemant un peu de persil,\u00a0 les retourner d\u00e9licatement, les r\u00e9server ensuite au chaud.\u00a0<\/span><\/em><\/span><\/p>\n<p style=\"text-align: center;\"><span style=\"color: #e64f3e;\"><img loading=\"lazy\" decoding=\"async\" class=\"alignnone wp-image-19820\" src=\"http:\/\/recettes-gourmandes-de-joce.fr\/wp-content\/uploads\/2020\/04\/brochettes_de_saumon_au_chou_fleur_et_sauce_c8-300x225.jpg\" alt=\"\" width=\"227\" height=\"170\" srcset=\"http:\/\/recettes-gourmandes-de-joce.fr\/wp-content\/uploads\/2020\/04\/brochettes_de_saumon_au_chou_fleur_et_sauce_c8-300x225.jpg 300w, http:\/\/recettes-gourmandes-de-joce.fr\/wp-content\/uploads\/2020\/04\/brochettes_de_saumon_au_chou_fleur_et_sauce_c8.jpg 550w\" sizes=\"auto, (max-width: 227px) 100vw, 227px\" \/> <img loading=\"lazy\" decoding=\"async\" class=\"alignnone wp-image-19821\" src=\"http:\/\/recettes-gourmandes-de-joce.fr\/wp-content\/uploads\/2020\/04\/brochettes_de_saumon_au_chou_fleur_et_sauce_c9-300x235.jpg\" alt=\"\" width=\"217\" height=\"170\" srcset=\"http:\/\/recettes-gourmandes-de-joce.fr\/wp-content\/uploads\/2020\/04\/brochettes_de_saumon_au_chou_fleur_et_sauce_c9-300x235.jpg 300w, http:\/\/recettes-gourmandes-de-joce.fr\/wp-content\/uploads\/2020\/04\/brochettes_de_saumon_au_chou_fleur_et_sauce_c9.jpg 550w\" sizes=\"auto, (max-width: 217px) 100vw, 217px\" \/> <img loading=\"lazy\" decoding=\"async\" class=\"alignnone wp-image-19822\" src=\"http:\/\/recettes-gourmandes-de-joce.fr\/wp-content\/uploads\/2020\/04\/brochettes_de_saumon_au_chou_fleur_et_sauce_c10-300x225.jpg\" alt=\"\" width=\"227\" height=\"170\" srcset=\"http:\/\/recettes-gourmandes-de-joce.fr\/wp-content\/uploads\/2020\/04\/brochettes_de_saumon_au_chou_fleur_et_sauce_c10-300x225.jpg 300w, http:\/\/recettes-gourmandes-de-joce.fr\/wp-content\/uploads\/2020\/04\/brochettes_de_saumon_au_chou_fleur_et_sauce_c10.jpg 550w\" sizes=\"auto, (max-width: 227px) 100vw, 227px\" \/><\/span><\/p>\n<p style=\"text-align: center;\"><span style=\"font-size: 14pt; font-family: georgia, palatino, serif; color: #e64f3e;\"><em><span class=\"postbody\">\u00c0 la place mettre les oignons \u00e0 dorer, ajouter ensuite les champignons et laisser suer quelques instants.\u00a0<\/span><span class=\"postbody\">Ajouter le fond de volaille, m\u00e9langer.<\/span><\/em><\/span><\/p>\n<p style=\"text-align: center;\"><span style=\"color: #e64f3e;\"><img loading=\"lazy\" decoding=\"async\" class=\"alignnone wp-image-19823\" src=\"http:\/\/recettes-gourmandes-de-joce.fr\/wp-content\/uploads\/2020\/04\/brochettes_de_saumon_au_chou_fleur_et_sauce_c11-300x225.jpg\" alt=\"\" width=\"227\" height=\"170\" srcset=\"http:\/\/recettes-gourmandes-de-joce.fr\/wp-content\/uploads\/2020\/04\/brochettes_de_saumon_au_chou_fleur_et_sauce_c11-300x225.jpg 300w, http:\/\/recettes-gourmandes-de-joce.fr\/wp-content\/uploads\/2020\/04\/brochettes_de_saumon_au_chou_fleur_et_sauce_c11.jpg 550w\" sizes=\"auto, (max-width: 227px) 100vw, 227px\" \/> <img loading=\"lazy\" decoding=\"async\" class=\"alignnone wp-image-19824\" src=\"http:\/\/recettes-gourmandes-de-joce.fr\/wp-content\/uploads\/2020\/04\/brochettes_de_saumon_au_chou_fleur_et_sauce_c12-300x225.jpg\" alt=\"\" width=\"227\" height=\"170\" srcset=\"http:\/\/recettes-gourmandes-de-joce.fr\/wp-content\/uploads\/2020\/04\/brochettes_de_saumon_au_chou_fleur_et_sauce_c12-300x225.jpg 300w, http:\/\/recettes-gourmandes-de-joce.fr\/wp-content\/uploads\/2020\/04\/brochettes_de_saumon_au_chou_fleur_et_sauce_c12.jpg 550w\" sizes=\"auto, (max-width: 227px) 100vw, 227px\" \/> <img loading=\"lazy\" decoding=\"async\" class=\"alignnone wp-image-19825\" src=\"http:\/\/recettes-gourmandes-de-joce.fr\/wp-content\/uploads\/2020\/04\/brochettes_de_saumon_au_chou_fleur_et_sauce_c13-300x225.jpg\" alt=\"\" width=\"227\" height=\"170\" srcset=\"http:\/\/recettes-gourmandes-de-joce.fr\/wp-content\/uploads\/2020\/04\/brochettes_de_saumon_au_chou_fleur_et_sauce_c13-300x225.jpg 300w, http:\/\/recettes-gourmandes-de-joce.fr\/wp-content\/uploads\/2020\/04\/brochettes_de_saumon_au_chou_fleur_et_sauce_c13.jpg 550w\" sizes=\"auto, (max-width: 227px) 100vw, 227px\" \/><\/span><\/p>\n<p style=\"text-align: center;\"><span style=\"font-family: georgia, palatino, serif; font-size: 14pt; color: #e64f3e;\"><em><span class=\"postbody\">Ajouter la cr\u00e8me fra\u00eeche parsemer du persil restant et m\u00e9langer, arr\u00eater la cuisson<br \/>\nServir les brochettes accompagn\u00e9es de sauce, je les ai servies avec un bouquet de chou-fleur et une pur\u00e9e de pommes de terre au c\u00e9leri branche, oignon et persil en accompagnement.<\/span><\/em><\/span><\/p>\n<p style=\"text-align: center;\"><span style=\"color: #e64f3e; font-size: 14pt;\"><span style=\"font-family: georgia, palatino, serif;\"><em>Bon app\u00e9tit!<\/em><\/span><\/span><\/p>\n<p style=\"text-align: center;\"><span style=\"color: #e64f3e;\"><img loading=\"lazy\" decoding=\"async\" class=\"alignnone wp-image-19811\" src=\"http:\/\/recettes-gourmandes-de-joce.fr\/wp-content\/uploads\/2020\/04\/brochettes_de_saumon_au_chou_fleur_et_sauce_c14-300x225.jpg\" alt=\"\" width=\"240\" height=\"180\" srcset=\"http:\/\/recettes-gourmandes-de-joce.fr\/wp-content\/uploads\/2020\/04\/brochettes_de_saumon_au_chou_fleur_et_sauce_c14-300x225.jpg 300w, http:\/\/recettes-gourmandes-de-joce.fr\/wp-content\/uploads\/2020\/04\/brochettes_de_saumon_au_chou_fleur_et_sauce_c14.jpg 550w\" sizes=\"auto, (max-width: 240px) 100vw, 240px\" \/> <img loading=\"lazy\" decoding=\"async\" class=\"alignnone wp-image-19813\" src=\"http:\/\/recettes-gourmandes-de-joce.fr\/wp-content\/uploads\/2020\/04\/brochettes_de_saumon_au_chou_fleur_et_sauce_c16-300x225.jpg\" alt=\"\" width=\"240\" height=\"180\" srcset=\"http:\/\/recettes-gourmandes-de-joce.fr\/wp-content\/uploads\/2020\/04\/brochettes_de_saumon_au_chou_fleur_et_sauce_c16-300x225.jpg 300w, http:\/\/recettes-gourmandes-de-joce.fr\/wp-content\/uploads\/2020\/04\/brochettes_de_saumon_au_chou_fleur_et_sauce_c16.jpg 550w\" sizes=\"auto, (max-width: 240px) 100vw, 240px\" \/> <img loading=\"lazy\" decoding=\"async\" class=\"alignnone wp-image-19812\" src=\"http:\/\/recettes-gourmandes-de-joce.fr\/wp-content\/uploads\/2020\/04\/brochettes_de_saumon_au_chou_fleur_et_sauce_c15-300x225.jpg\" alt=\"\" width=\"240\" height=\"180\" srcset=\"http:\/\/recettes-gourmandes-de-joce.fr\/wp-content\/uploads\/2020\/04\/brochettes_de_saumon_au_chou_fleur_et_sauce_c15-300x225.jpg 300w, http:\/\/recettes-gourmandes-de-joce.fr\/wp-content\/uploads\/2020\/04\/brochettes_de_saumon_au_chou_fleur_et_sauce_c15.jpg 550w\" sizes=\"auto, (max-width: 240px) 100vw, 240px\" \/><\/span><\/p>\n<p style=\"text-align: center;\"><span style=\"color: #e64f3e;\"><img loading=\"lazy\" decoding=\"async\" class=\"alignnone wp-image-37354 size-full\" src=\"http:\/\/recettes-gourmandes-de-joce.fr\/wp-content\/uploads\/2021\/06\/logitech-gaming-software-14112014-121223.jpg\" alt=\"\" width=\"640\" height=\"144\" srcset=\"http:\/\/recettes-gourmandes-de-joce.fr\/wp-content\/uploads\/2021\/06\/logitech-gaming-software-14112014-121223.jpg 640w, http:\/\/recettes-gourmandes-de-joce.fr\/wp-content\/uploads\/2021\/06\/logitech-gaming-software-14112014-121223-300x68.jpg 300w\" sizes=\"auto, (max-width: 640px) 100vw, 640px\" \/><\/span><\/p>\n","protected":false},"excerpt":{"rendered":"<p>Une de mes recettes Ingr\u00e9dients pour 3 personnes 500g de pav\u00e9s de saumon \u00a01 chou-fleur \u00a01 bouquet de persil plat 1 oignon \u00a02 gros champignons de Paris 3 c \u00e0 s de cr\u00e8me fra\u00eeche \u00e9paisse 1 c \u00e0 s rase de fond de volaille Sel et poivre \u00a0Huile d\u2019olive Piques \u00e0 brochettes en bois Recette &hellip; <\/p>\n<p><a class=\"more-link btn\" href=\"http:\/\/recettes-gourmandes-de-joce.fr\/index.php\/index\/poissons-coquillages\/barbecue-plancha\/brochettes-de-saumon-et-chou-fleur-sauce-cremee-2\/\">Lire la suite<\/a><\/p>\n","protected":false},"author":2,"featured_media":85325,"parent":156,"menu_order":0,"comment_status":"open","ping_status":"closed","template":"","meta":{"footnotes":""},"class_list":["post-45493","page","type-page","status-publish","has-post-thumbnail","hentry","nodate","item-wrap"],"_links":{"self":[{"href":"http:\/\/recettes-gourmandes-de-joce.fr\/index.php\/wp-json\/wp\/v2\/pages\/45493","targetHints":{"allow":["GET"]}}],"collection":[{"href":"http:\/\/recettes-gourmandes-de-joce.fr\/index.php\/wp-json\/wp\/v2\/pages"}],"about":[{"href":"http:\/\/recettes-gourmandes-de-joce.fr\/index.php\/wp-json\/wp\/v2\/types\/page"}],"author":[{"embeddable":true,"href":"http:\/\/recettes-gourmandes-de-joce.fr\/index.php\/wp-json\/wp\/v2\/users\/2"}],"replies":[{"embeddable":true,"href":"http:\/\/recettes-gourmandes-de-joce.fr\/index.php\/wp-json\/wp\/v2\/comments?post=45493"}],"version-history":[{"count":1,"href":"http:\/\/recettes-gourmandes-de-joce.fr\/index.php\/wp-json\/wp\/v2\/pages\/45493\/revisions"}],"predecessor-version":[{"id":45494,"href":"http:\/\/recettes-gourmandes-de-joce.fr\/index.php\/wp-json\/wp\/v2\/pages\/45493\/revisions\/45494"}],"up":[{"embeddable":true,"href":"http:\/\/recettes-gourmandes-de-joce.fr\/index.php\/wp-json\/wp\/v2\/pages\/156"}],"wp:featuredmedia":[{"embeddable":true,"href":"http:\/\/recettes-gourmandes-de-joce.fr\/index.php\/wp-json\/wp\/v2\/media\/85325"}],"wp:attachment":[{"href":"http:\/\/recettes-gourmandes-de-joce.fr\/index.php\/wp-json\/wp\/v2\/media?parent=45493"}],"curies":[{"name":"wp","href":"https:\/\/api.w.org\/{rel}","templated":true}]}}