{"id":45133,"date":"2022-06-06T14:47:59","date_gmt":"2022-06-06T14:47:59","guid":{"rendered":"http:\/\/recettes-gourmandes-de-joce.fr\/?page_id=45133"},"modified":"2024-06-20T12:16:45","modified_gmt":"2024-06-20T12:16:45","slug":"tomates-salade-et-concombre-a-la-creme-des-de-chorizo-et-jambon","status":"publish","type":"page","link":"http:\/\/recettes-gourmandes-de-joce.fr\/index.php\/index\/entrees\/salades-crudites\/tomates-salade-et-concombre-a-la-creme-des-de-chorizo-et-jambon\/","title":{"rendered":"Tomates, salade et concombre \u00e0 la cr\u00e8me, d\u00e9s de chorizo et jambon."},"content":{"rendered":"<p style=\"text-align: center;\"><span style=\"text-decoration: underline; color: #008000;\"><span style=\"font-size: 18pt; font-family: georgia, palatino, serif;\"><em>Une de mes recettes<\/em><\/span><\/span><\/p>\n<p style=\"text-align: center;\"><img loading=\"lazy\" decoding=\"async\" class=\"alignnone wp-image-45046\" src=\"http:\/\/recettes-gourmandes-de-joce.fr\/wp-content\/uploads\/2022\/06\/20200619_192920-300x225.jpg\" alt=\"\" width=\"240\" height=\"180\" srcset=\"http:\/\/recettes-gourmandes-de-joce.fr\/wp-content\/uploads\/2022\/06\/20200619_192920-300x225.jpg 300w, http:\/\/recettes-gourmandes-de-joce.fr\/wp-content\/uploads\/2022\/06\/20200619_192920-1024x768.jpg 1024w, http:\/\/recettes-gourmandes-de-joce.fr\/wp-content\/uploads\/2022\/06\/20200619_192920-768x576.jpg 768w, http:\/\/recettes-gourmandes-de-joce.fr\/wp-content\/uploads\/2022\/06\/20200619_192920-1536x1153.jpg 1536w, http:\/\/recettes-gourmandes-de-joce.fr\/wp-content\/uploads\/2022\/06\/20200619_192920-2048x1537.jpg 2048w, http:\/\/recettes-gourmandes-de-joce.fr\/wp-content\/uploads\/2022\/06\/20200619_192920-750x563.jpg 750w\" sizes=\"auto, (max-width: 240px) 100vw, 240px\" \/> <img loading=\"lazy\" decoding=\"async\" class=\"alignnone wp-image-45047\" src=\"http:\/\/recettes-gourmandes-de-joce.fr\/wp-content\/uploads\/2022\/06\/20200619_192927-300x242.jpg\" alt=\"\" width=\"223\" height=\"180\" srcset=\"http:\/\/recettes-gourmandes-de-joce.fr\/wp-content\/uploads\/2022\/06\/20200619_192927-300x242.jpg 300w, http:\/\/recettes-gourmandes-de-joce.fr\/wp-content\/uploads\/2022\/06\/20200619_192927-1024x827.jpg 1024w, http:\/\/recettes-gourmandes-de-joce.fr\/wp-content\/uploads\/2022\/06\/20200619_192927-768x620.jpg 768w, http:\/\/recettes-gourmandes-de-joce.fr\/wp-content\/uploads\/2022\/06\/20200619_192927-1536x1241.jpg 1536w, http:\/\/recettes-gourmandes-de-joce.fr\/wp-content\/uploads\/2022\/06\/20200619_192927-2048x1654.jpg 2048w, http:\/\/recettes-gourmandes-de-joce.fr\/wp-content\/uploads\/2022\/06\/20200619_192927-750x606.jpg 750w\" sizes=\"auto, (max-width: 223px) 100vw, 223px\" \/> <img loading=\"lazy\" decoding=\"async\" class=\"alignnone wp-image-45048\" src=\"http:\/\/recettes-gourmandes-de-joce.fr\/wp-content\/uploads\/2022\/06\/20200619_192939-300x268.jpg\" alt=\"\" width=\"202\" height=\"180\" srcset=\"http:\/\/recettes-gourmandes-de-joce.fr\/wp-content\/uploads\/2022\/06\/20200619_192939-300x268.jpg 300w, http:\/\/recettes-gourmandes-de-joce.fr\/wp-content\/uploads\/2022\/06\/20200619_192939-1024x914.jpg 1024w, http:\/\/recettes-gourmandes-de-joce.fr\/wp-content\/uploads\/2022\/06\/20200619_192939-768x686.jpg 768w, http:\/\/recettes-gourmandes-de-joce.fr\/wp-content\/uploads\/2022\/06\/20200619_192939-1536x1371.jpg 1536w, http:\/\/recettes-gourmandes-de-joce.fr\/wp-content\/uploads\/2022\/06\/20200619_192939-2048x1828.jpg 2048w, http:\/\/recettes-gourmandes-de-joce.fr\/wp-content\/uploads\/2022\/06\/20200619_192939-750x670.jpg 750w\" sizes=\"auto, (max-width: 202px) 100vw, 202px\" \/><\/p>\n<p style=\"text-align: center;\"><span style=\"text-decoration: underline; color: #008000;\"><span style=\"font-size: 18pt; font-family: georgia, palatino, serif;\"><em> Ingr\u00e9dients pour 4 personnes<\/em><\/span><\/span><\/p>\n<p style=\"text-align: center;\"><img loading=\"lazy\" decoding=\"async\" class=\"alignnone wp-image-45052\" src=\"http:\/\/recettes-gourmandes-de-joce.fr\/wp-content\/uploads\/2022\/06\/20200619_190239-266x300.jpg\" alt=\"\" width=\"177\" height=\"200\" srcset=\"http:\/\/recettes-gourmandes-de-joce.fr\/wp-content\/uploads\/2022\/06\/20200619_190239-266x300.jpg 266w, http:\/\/recettes-gourmandes-de-joce.fr\/wp-content\/uploads\/2022\/06\/20200619_190239-908x1024.jpg 908w, http:\/\/recettes-gourmandes-de-joce.fr\/wp-content\/uploads\/2022\/06\/20200619_190239-768x866.jpg 768w, http:\/\/recettes-gourmandes-de-joce.fr\/wp-content\/uploads\/2022\/06\/20200619_190239-1362x1536.jpg 1362w, http:\/\/recettes-gourmandes-de-joce.fr\/wp-content\/uploads\/2022\/06\/20200619_190239-1815x2048.jpg 1815w, http:\/\/recettes-gourmandes-de-joce.fr\/wp-content\/uploads\/2022\/06\/20200619_190239-750x846.jpg 750w\" sizes=\"auto, (max-width: 177px) 100vw, 177px\" \/><\/p>\n<p style=\"text-align: center;\"><em><span style=\"color: #008000; font-family: georgia, palatino, serif;\"><span style=\"font-size: 14pt;\">\u00bd batavia ou salade de votre choix <\/span><\/span><\/em><\/p>\n<p style=\"text-align: center;\"><em><span style=\"color: #008000; font-family: georgia, palatino, serif;\"><span style=\"font-size: 14pt;\">1 concombre <\/span><\/span><\/em><\/p>\n<p style=\"text-align: center;\"><em><span style=\"color: #008000; font-family: georgia, palatino, serif;\"><span style=\"font-size: 14pt;\">1 oignon blanc et ses tiges <\/span><\/span><\/em><\/p>\n<p style=\"text-align: center;\"><em><span style=\"color: #008000; font-family: georgia, palatino, serif;\"><span style=\"font-size: 14pt;\">1 barquette de tomates <\/span><span style=\"font-size: 18.6667px;\">cocktail<\/span><\/span><\/em><\/p>\n<p style=\"text-align: center;\"><em><span style=\"color: #008000; font-family: georgia, palatino, serif;\"><span style=\"font-size: 14pt;\"> 100g de d\u00e9s de jambon <\/span><\/span><\/em><\/p>\n<p style=\"text-align: center;\"><em><span style=\"color: #008000; font-family: georgia, palatino, serif;\"><span style=\"font-size: 14pt;\">50 de chorizo doux <\/span><\/span><\/em><\/p>\n<p style=\"text-align: center;\"><em><span style=\"color: #008000; font-family: georgia, palatino, serif;\"><span style=\"font-size: 14pt;\">1 c \u00e0 s de cr\u00e8me fra\u00eeche <\/span><\/span><\/em><\/p>\n<p style=\"text-align: center;\"><em><span style=\"color: #008000; font-family: georgia, palatino, serif;\"><span style=\"font-size: 14pt;\">1 c \u00e0 s d&rsquo;\u00e9pices pour vinaigrette d\u00e9tails sur ce lien -&gt; <a href=\"https:\/\/lesrecoltesdumonde.com\/epices\/525-special-vinaigrette.html\">Les r\u00e9coltes du monde<\/a><\/span><\/span><\/em><\/p>\n<p style=\"text-align: center;\"><span style=\"font-family: georgia, palatino, serif; color: #008000;\"><em><span style=\"font-size: 14pt;\">3 c \u00e0 s d&rsquo;huile de tournesol ou de votre choix <\/span><\/em><\/span><\/p>\n<p style=\"text-align: center;\"><span style=\"font-family: georgia, palatino, serif; color: #008000;\"><em><span style=\"font-size: 14pt;\">2 c \u00e0 s de vinaigre de vin (1 c \u00e0 s pour les concombres 1 c \u00e0 s pour la vinaigrette)<\/span><\/em><\/span><\/p>\n<p style=\"text-align: center;\"><span style=\"font-family: georgia, palatino, serif; color: #008000;\"><em><span style=\"font-size: 14pt;\">Sel et poivre<\/span><\/em><\/span><\/p>\n<p style=\"text-align: center;\"><em><span style=\"font-size: 14pt; font-family: georgia, palatino, serif;\"><span style=\"color: #008000;\">Recette de la vinaigrette sur ce lien -&gt;<\/span> <a href=\"http:\/\/recettes-gourmandes-de-joce.fr\/index.php\/index\/sauces-assaisonnements\/marinades\/vinaigrette-de-base-et-variantes\/\">Vinaigrette <img loading=\"lazy\" decoding=\"async\" class=\"alignnone wp-image-12219\" src=\"http:\/\/recettes-gourmandes-de-joce.fr\/wp-content\/uploads\/2019\/12\/P3140205-300x253.jpg\" alt=\"\" width=\"178\" height=\"150\" srcset=\"http:\/\/recettes-gourmandes-de-joce.fr\/wp-content\/uploads\/2019\/12\/P3140205-300x253.jpg 300w, http:\/\/recettes-gourmandes-de-joce.fr\/wp-content\/uploads\/2019\/12\/P3140205.jpg 519w\" sizes=\"auto, (max-width: 178px) 100vw, 178px\" \/><\/a><\/span><\/em><\/p>\n<p style=\"text-align: center;\"><img loading=\"lazy\" decoding=\"async\" class=\"alignnone wp-image-45053\" src=\"http:\/\/recettes-gourmandes-de-joce.fr\/wp-content\/uploads\/2022\/06\/20200619_190609-300x193.jpg\" alt=\"\" width=\"264\" height=\"170\" srcset=\"http:\/\/recettes-gourmandes-de-joce.fr\/wp-content\/uploads\/2022\/06\/20200619_190609-300x193.jpg 300w, http:\/\/recettes-gourmandes-de-joce.fr\/wp-content\/uploads\/2022\/06\/20200619_190609-1024x659.jpg 1024w, http:\/\/recettes-gourmandes-de-joce.fr\/wp-content\/uploads\/2022\/06\/20200619_190609-768x494.jpg 768w, http:\/\/recettes-gourmandes-de-joce.fr\/wp-content\/uploads\/2022\/06\/20200619_190609-1536x988.jpg 1536w, http:\/\/recettes-gourmandes-de-joce.fr\/wp-content\/uploads\/2022\/06\/20200619_190609-2048x1318.jpg 2048w, http:\/\/recettes-gourmandes-de-joce.fr\/wp-content\/uploads\/2022\/06\/20200619_190609-750x483.jpg 750w\" sizes=\"auto, (max-width: 264px) 100vw, 264px\" \/> <img loading=\"lazy\" decoding=\"async\" class=\"alignnone wp-image-45054\" src=\"http:\/\/recettes-gourmandes-de-joce.fr\/wp-content\/uploads\/2022\/06\/20200619_191007-300x225.jpg\" alt=\"\" width=\"227\" height=\"170\" srcset=\"http:\/\/recettes-gourmandes-de-joce.fr\/wp-content\/uploads\/2022\/06\/20200619_191007-300x225.jpg 300w, http:\/\/recettes-gourmandes-de-joce.fr\/wp-content\/uploads\/2022\/06\/20200619_191007-1024x768.jpg 1024w, http:\/\/recettes-gourmandes-de-joce.fr\/wp-content\/uploads\/2022\/06\/20200619_191007-768x576.jpg 768w, http:\/\/recettes-gourmandes-de-joce.fr\/wp-content\/uploads\/2022\/06\/20200619_191007-1536x1152.jpg 1536w, http:\/\/recettes-gourmandes-de-joce.fr\/wp-content\/uploads\/2022\/06\/20200619_191007-2048x1536.jpg 2048w, http:\/\/recettes-gourmandes-de-joce.fr\/wp-content\/uploads\/2022\/06\/20200619_191007-750x563.jpg 750w\" sizes=\"auto, (max-width: 227px) 100vw, 227px\" \/>\u00a0<img loading=\"lazy\" decoding=\"async\" class=\"alignnone wp-image-45134\" src=\"http:\/\/recettes-gourmandes-de-joce.fr\/wp-content\/uploads\/2022\/06\/p1010074-2-1-300x232.jpg\" alt=\"\" width=\"219\" height=\"170\" srcset=\"http:\/\/recettes-gourmandes-de-joce.fr\/wp-content\/uploads\/2022\/06\/p1010074-2-1-300x232.jpg 300w, http:\/\/recettes-gourmandes-de-joce.fr\/wp-content\/uploads\/2022\/06\/p1010074-2-1.jpg 684w\" sizes=\"auto, (max-width: 219px) 100vw, 219px\" \/><\/p>\n<p style=\"text-align: center;\"><span style=\"color: #008000;\"><em><span style=\"font-size: 14pt; font-family: georgia, palatino, serif;\">Laver les tomates et coupez l\u00e8s en deux, nettoyer et ciseler finement l&rsquo;oignon et ses tiges, laver, essorer et hacher la salade, \u00f4ter la peau du chorizo et coupez le en petits d\u00e9s.<\/span><\/em><\/span><\/p>\n<p style=\"text-align: center;\"><span style=\"color: #008000;\"><em><span style=\"font-size: 14pt; font-family: georgia, palatino, serif;\"><img loading=\"lazy\" decoding=\"async\" class=\"alignnone wp-image-44458\" src=\"http:\/\/recettes-gourmandes-de-joce.fr\/wp-content\/uploads\/2022\/05\/P5040065-300x177.jpg\" alt=\"\" width=\"271\" height=\"160\" srcset=\"http:\/\/recettes-gourmandes-de-joce.fr\/wp-content\/uploads\/2022\/05\/P5040065-300x177.jpg 300w, http:\/\/recettes-gourmandes-de-joce.fr\/wp-content\/uploads\/2022\/05\/P5040065.jpg 479w\" sizes=\"auto, (max-width: 271px) 100vw, 271px\" \/> <img loading=\"lazy\" decoding=\"async\" class=\"alignnone wp-image-45037\" src=\"http:\/\/recettes-gourmandes-de-joce.fr\/wp-content\/uploads\/2022\/06\/20200619_191357-300x211.jpg\" alt=\"\" width=\"227\" height=\"160\" srcset=\"http:\/\/recettes-gourmandes-de-joce.fr\/wp-content\/uploads\/2022\/06\/20200619_191357-300x211.jpg 300w, http:\/\/recettes-gourmandes-de-joce.fr\/wp-content\/uploads\/2022\/06\/20200619_191357-1024x720.jpg 1024w, http:\/\/recettes-gourmandes-de-joce.fr\/wp-content\/uploads\/2022\/06\/20200619_191357-768x540.jpg 768w, http:\/\/recettes-gourmandes-de-joce.fr\/wp-content\/uploads\/2022\/06\/20200619_191357-1536x1081.jpg 1536w, http:\/\/recettes-gourmandes-de-joce.fr\/wp-content\/uploads\/2022\/06\/20200619_191357-2048x1441.jpg 2048w, http:\/\/recettes-gourmandes-de-joce.fr\/wp-content\/uploads\/2022\/06\/20200619_191357-750x528.jpg 750w\" sizes=\"auto, (max-width: 227px) 100vw, 227px\" \/> <img loading=\"lazy\" decoding=\"async\" class=\"alignnone wp-image-45038\" src=\"http:\/\/recettes-gourmandes-de-joce.fr\/wp-content\/uploads\/2022\/06\/20200619_191418-300x225.jpg\" alt=\"\" width=\"213\" height=\"160\" srcset=\"http:\/\/recettes-gourmandes-de-joce.fr\/wp-content\/uploads\/2022\/06\/20200619_191418-300x225.jpg 300w, http:\/\/recettes-gourmandes-de-joce.fr\/wp-content\/uploads\/2022\/06\/20200619_191418-1024x768.jpg 1024w, http:\/\/recettes-gourmandes-de-joce.fr\/wp-content\/uploads\/2022\/06\/20200619_191418-768x576.jpg 768w, http:\/\/recettes-gourmandes-de-joce.fr\/wp-content\/uploads\/2022\/06\/20200619_191418-1536x1152.jpg 1536w, http:\/\/recettes-gourmandes-de-joce.fr\/wp-content\/uploads\/2022\/06\/20200619_191418-2048x1536.jpg 2048w, http:\/\/recettes-gourmandes-de-joce.fr\/wp-content\/uploads\/2022\/06\/20200619_191418-750x563.jpg 750w\" sizes=\"auto, (max-width: 213px) 100vw, 213px\" \/>\u00a0<\/span><\/em><\/span><\/p>\n<p style=\"text-align: center;\"><span style=\"color: #008000;\"><em><span style=\"font-size: 14pt; font-family: georgia, palatino, serif;\">Laver le concombre et\u00a0<\/span><\/em><\/span><em style=\"color: #008000;\"><span style=\"font-size: 14pt; font-family: georgia, palatino, serif;\">le\u00a0<\/span><\/em><em style=\"color: #008000;\"><span style=\"font-size: 14pt; font-family: georgia, palatino, serif;\">peler une bande sur deux, coupez le en tranches fines, ajouter la moiti\u00e9 de l&rsquo;oignon et ses tiges.<\/span><\/em><\/p>\n<p style=\"text-align: center;\"><span style=\"color: #008000;\"><em><span style=\"font-size: 14pt; font-family: georgia, palatino, serif;\"><img loading=\"lazy\" decoding=\"async\" class=\"alignnone wp-image-45039\" src=\"http:\/\/recettes-gourmandes-de-joce.fr\/wp-content\/uploads\/2022\/06\/20200619_191700-300x225.jpg\" alt=\"\" width=\"227\" height=\"170\" srcset=\"http:\/\/recettes-gourmandes-de-joce.fr\/wp-content\/uploads\/2022\/06\/20200619_191700-300x225.jpg 300w, http:\/\/recettes-gourmandes-de-joce.fr\/wp-content\/uploads\/2022\/06\/20200619_191700-1024x768.jpg 1024w, http:\/\/recettes-gourmandes-de-joce.fr\/wp-content\/uploads\/2022\/06\/20200619_191700-768x576.jpg 768w, http:\/\/recettes-gourmandes-de-joce.fr\/wp-content\/uploads\/2022\/06\/20200619_191700-1536x1152.jpg 1536w, http:\/\/recettes-gourmandes-de-joce.fr\/wp-content\/uploads\/2022\/06\/20200619_191700-2048x1536.jpg 2048w, http:\/\/recettes-gourmandes-de-joce.fr\/wp-content\/uploads\/2022\/06\/20200619_191700-750x563.jpg 750w\" sizes=\"auto, (max-width: 227px) 100vw, 227px\" \/> <img loading=\"lazy\" decoding=\"async\" class=\"alignnone wp-image-45040\" src=\"http:\/\/recettes-gourmandes-de-joce.fr\/wp-content\/uploads\/2022\/06\/20200619_191723-300x225.jpg\" alt=\"\" width=\"227\" height=\"170\" srcset=\"http:\/\/recettes-gourmandes-de-joce.fr\/wp-content\/uploads\/2022\/06\/20200619_191723-300x225.jpg 300w, http:\/\/recettes-gourmandes-de-joce.fr\/wp-content\/uploads\/2022\/06\/20200619_191723-1024x768.jpg 1024w, http:\/\/recettes-gourmandes-de-joce.fr\/wp-content\/uploads\/2022\/06\/20200619_191723-768x576.jpg 768w, http:\/\/recettes-gourmandes-de-joce.fr\/wp-content\/uploads\/2022\/06\/20200619_191723-1536x1152.jpg 1536w, http:\/\/recettes-gourmandes-de-joce.fr\/wp-content\/uploads\/2022\/06\/20200619_191723-2048x1536.jpg 2048w, http:\/\/recettes-gourmandes-de-joce.fr\/wp-content\/uploads\/2022\/06\/20200619_191723-750x563.jpg 750w\" sizes=\"auto, (max-width: 227px) 100vw, 227px\" \/> <img loading=\"lazy\" decoding=\"async\" class=\"alignnone wp-image-45041\" src=\"http:\/\/recettes-gourmandes-de-joce.fr\/wp-content\/uploads\/2022\/06\/20200619_191904-300x225.jpg\" alt=\"\" width=\"227\" height=\"170\" srcset=\"http:\/\/recettes-gourmandes-de-joce.fr\/wp-content\/uploads\/2022\/06\/20200619_191904-300x225.jpg 300w, http:\/\/recettes-gourmandes-de-joce.fr\/wp-content\/uploads\/2022\/06\/20200619_191904-1024x768.jpg 1024w, http:\/\/recettes-gourmandes-de-joce.fr\/wp-content\/uploads\/2022\/06\/20200619_191904-768x576.jpg 768w, http:\/\/recettes-gourmandes-de-joce.fr\/wp-content\/uploads\/2022\/06\/20200619_191904-1536x1152.jpg 1536w, http:\/\/recettes-gourmandes-de-joce.fr\/wp-content\/uploads\/2022\/06\/20200619_191904-2048x1536.jpg 2048w, http:\/\/recettes-gourmandes-de-joce.fr\/wp-content\/uploads\/2022\/06\/20200619_191904-750x563.jpg 750w\" sizes=\"auto, (max-width: 227px) 100vw, 227px\" \/>\u00a0<\/span><\/em><\/span><\/p>\n<p style=\"text-align: center;\"><span style=\"color: #008000;\"><em><span style=\"font-size: 14pt; font-family: georgia, palatino, serif;\">Saler et poivrer, ajouter le vinaigre, m\u00e9langer, ajouter la cr\u00e8me.<\/span><\/em><\/span><\/p>\n<p style=\"text-align: center;\"><span style=\"color: #008000;\"><em><span style=\"font-size: 14pt; font-family: georgia, palatino, serif;\"><img loading=\"lazy\" decoding=\"async\" class=\"alignnone wp-image-45042\" src=\"http:\/\/recettes-gourmandes-de-joce.fr\/wp-content\/uploads\/2022\/06\/20200619_192003-300x225.jpg\" alt=\"\" width=\"227\" height=\"170\" srcset=\"http:\/\/recettes-gourmandes-de-joce.fr\/wp-content\/uploads\/2022\/06\/20200619_192003-300x225.jpg 300w, http:\/\/recettes-gourmandes-de-joce.fr\/wp-content\/uploads\/2022\/06\/20200619_192003-1024x768.jpg 1024w, http:\/\/recettes-gourmandes-de-joce.fr\/wp-content\/uploads\/2022\/06\/20200619_192003-768x576.jpg 768w, http:\/\/recettes-gourmandes-de-joce.fr\/wp-content\/uploads\/2022\/06\/20200619_192003-1536x1152.jpg 1536w, http:\/\/recettes-gourmandes-de-joce.fr\/wp-content\/uploads\/2022\/06\/20200619_192003-2048x1536.jpg 2048w, http:\/\/recettes-gourmandes-de-joce.fr\/wp-content\/uploads\/2022\/06\/20200619_192003-750x563.jpg 750w\" sizes=\"auto, (max-width: 227px) 100vw, 227px\" \/> <img loading=\"lazy\" decoding=\"async\" class=\"alignnone wp-image-45043\" src=\"http:\/\/recettes-gourmandes-de-joce.fr\/wp-content\/uploads\/2022\/06\/20200619_192123-300x225.jpg\" alt=\"\" width=\"227\" height=\"170\" srcset=\"http:\/\/recettes-gourmandes-de-joce.fr\/wp-content\/uploads\/2022\/06\/20200619_192123-300x225.jpg 300w, http:\/\/recettes-gourmandes-de-joce.fr\/wp-content\/uploads\/2022\/06\/20200619_192123-1024x768.jpg 1024w, http:\/\/recettes-gourmandes-de-joce.fr\/wp-content\/uploads\/2022\/06\/20200619_192123-768x576.jpg 768w, http:\/\/recettes-gourmandes-de-joce.fr\/wp-content\/uploads\/2022\/06\/20200619_192123-1536x1152.jpg 1536w, http:\/\/recettes-gourmandes-de-joce.fr\/wp-content\/uploads\/2022\/06\/20200619_192123-2048x1536.jpg 2048w, http:\/\/recettes-gourmandes-de-joce.fr\/wp-content\/uploads\/2022\/06\/20200619_192123-750x563.jpg 750w\" sizes=\"auto, (max-width: 227px) 100vw, 227px\" \/> <img loading=\"lazy\" decoding=\"async\" class=\"alignnone wp-image-45044\" src=\"http:\/\/recettes-gourmandes-de-joce.fr\/wp-content\/uploads\/2022\/06\/20200619_192348-300x224.jpg\" alt=\"\" width=\"228\" height=\"170\" srcset=\"http:\/\/recettes-gourmandes-de-joce.fr\/wp-content\/uploads\/2022\/06\/20200619_192348-300x224.jpg 300w, http:\/\/recettes-gourmandes-de-joce.fr\/wp-content\/uploads\/2022\/06\/20200619_192348-1024x764.jpg 1024w, http:\/\/recettes-gourmandes-de-joce.fr\/wp-content\/uploads\/2022\/06\/20200619_192348-768x573.jpg 768w, http:\/\/recettes-gourmandes-de-joce.fr\/wp-content\/uploads\/2022\/06\/20200619_192348-1536x1146.jpg 1536w, http:\/\/recettes-gourmandes-de-joce.fr\/wp-content\/uploads\/2022\/06\/20200619_192348-2048x1527.jpg 2048w, http:\/\/recettes-gourmandes-de-joce.fr\/wp-content\/uploads\/2022\/06\/20200619_192348-750x559.jpg 750w\" sizes=\"auto, (max-width: 228px) 100vw, 228px\" \/><\/span><\/em><\/span><\/p>\n<p><span style=\"color: #008000;\"><em><span style=\"font-size: 14pt; font-family: georgia, palatino, serif;\">M\u00e9langer. Sur le plat de service, mettre la salade, ajouter au centre les concombres, r\u00e9partir autour des concombres, les d\u00e9s de jambon puis les d\u00e9s de chorizo.<\/span><\/em><\/span><\/p>\n<p style=\"text-align: center;\"><span style=\"color: #008000;\"><em><span style=\"font-size: 14pt; font-family: georgia, palatino, serif;\"><img loading=\"lazy\" decoding=\"async\" class=\"alignnone wp-image-45045\" src=\"http:\/\/recettes-gourmandes-de-joce.fr\/wp-content\/uploads\/2022\/06\/20200619_192553-300x225.jpg\" alt=\"\" width=\"227\" height=\"170\" srcset=\"http:\/\/recettes-gourmandes-de-joce.fr\/wp-content\/uploads\/2022\/06\/20200619_192553-300x225.jpg 300w, http:\/\/recettes-gourmandes-de-joce.fr\/wp-content\/uploads\/2022\/06\/20200619_192553-1024x768.jpg 1024w, http:\/\/recettes-gourmandes-de-joce.fr\/wp-content\/uploads\/2022\/06\/20200619_192553-768x576.jpg 768w, http:\/\/recettes-gourmandes-de-joce.fr\/wp-content\/uploads\/2022\/06\/20200619_192553-1536x1152.jpg 1536w, http:\/\/recettes-gourmandes-de-joce.fr\/wp-content\/uploads\/2022\/06\/20200619_192553-2048x1536.jpg 2048w, http:\/\/recettes-gourmandes-de-joce.fr\/wp-content\/uploads\/2022\/06\/20200619_192553-750x563.jpg 750w\" sizes=\"auto, (max-width: 227px) 100vw, 227px\" \/><\/span><\/em><\/span><\/p>\n<p style=\"text-align: center;\"><span style=\"color: #008000;\"><em><span style=\"font-size: 14pt; font-family: georgia, palatino, serif;\">R\u00e9aliser la vinaigrette et ajoutez l\u00e8s les \u00e9pices, r\u00e9partir sur la salade le reste des oignons et ses tiges, puis la vinaigrette aux \u00e9pices. Servir frais.<\/span><\/em><\/span><\/p>\n<p style=\"text-align: center;\"><span style=\"color: #008000; font-size: 14pt;\"><span style=\"font-family: georgia, palatino, serif;\"><em>Bon app\u00e9tit!<\/em><\/span><\/span><\/p>\n<p style=\"text-align: center;\"><img loading=\"lazy\" decoding=\"async\" class=\"alignnone wp-image-45051\" src=\"http:\/\/recettes-gourmandes-de-joce.fr\/wp-content\/uploads\/2022\/06\/20200619_193004-300x248.jpg\" alt=\"\" width=\"218\" height=\"180\" srcset=\"http:\/\/recettes-gourmandes-de-joce.fr\/wp-content\/uploads\/2022\/06\/20200619_193004-300x248.jpg 300w, http:\/\/recettes-gourmandes-de-joce.fr\/wp-content\/uploads\/2022\/06\/20200619_193004-1024x845.jpg 1024w, http:\/\/recettes-gourmandes-de-joce.fr\/wp-content\/uploads\/2022\/06\/20200619_193004-768x634.jpg 768w, http:\/\/recettes-gourmandes-de-joce.fr\/wp-content\/uploads\/2022\/06\/20200619_193004-1536x1267.jpg 1536w, http:\/\/recettes-gourmandes-de-joce.fr\/wp-content\/uploads\/2022\/06\/20200619_193004-2048x1690.jpg 2048w, http:\/\/recettes-gourmandes-de-joce.fr\/wp-content\/uploads\/2022\/06\/20200619_193004-750x619.jpg 750w\" sizes=\"auto, (max-width: 218px) 100vw, 218px\" \/> <img loading=\"lazy\" decoding=\"async\" class=\"alignnone wp-image-45049\" src=\"http:\/\/recettes-gourmandes-de-joce.fr\/wp-content\/uploads\/2022\/06\/20200619_192943-300x225.jpg\" alt=\"\" width=\"240\" height=\"180\" srcset=\"http:\/\/recettes-gourmandes-de-joce.fr\/wp-content\/uploads\/2022\/06\/20200619_192943-300x225.jpg 300w, http:\/\/recettes-gourmandes-de-joce.fr\/wp-content\/uploads\/2022\/06\/20200619_192943-1024x768.jpg 1024w, http:\/\/recettes-gourmandes-de-joce.fr\/wp-content\/uploads\/2022\/06\/20200619_192943-768x576.jpg 768w, http:\/\/recettes-gourmandes-de-joce.fr\/wp-content\/uploads\/2022\/06\/20200619_192943-1536x1152.jpg 1536w, http:\/\/recettes-gourmandes-de-joce.fr\/wp-content\/uploads\/2022\/06\/20200619_192943-2048x1536.jpg 2048w, http:\/\/recettes-gourmandes-de-joce.fr\/wp-content\/uploads\/2022\/06\/20200619_192943-750x563.jpg 750w\" sizes=\"auto, (max-width: 240px) 100vw, 240px\" \/> <img loading=\"lazy\" decoding=\"async\" class=\"alignnone wp-image-45050\" src=\"http:\/\/recettes-gourmandes-de-joce.fr\/wp-content\/uploads\/2022\/06\/20200619_192955-300x242.jpg\" alt=\"\" width=\"223\" height=\"180\" srcset=\"http:\/\/recettes-gourmandes-de-joce.fr\/wp-content\/uploads\/2022\/06\/20200619_192955-300x242.jpg 300w, http:\/\/recettes-gourmandes-de-joce.fr\/wp-content\/uploads\/2022\/06\/20200619_192955-1024x825.jpg 1024w, http:\/\/recettes-gourmandes-de-joce.fr\/wp-content\/uploads\/2022\/06\/20200619_192955-768x619.jpg 768w, http:\/\/recettes-gourmandes-de-joce.fr\/wp-content\/uploads\/2022\/06\/20200619_192955-1536x1238.jpg 1536w, http:\/\/recettes-gourmandes-de-joce.fr\/wp-content\/uploads\/2022\/06\/20200619_192955-2048x1650.jpg 2048w, http:\/\/recettes-gourmandes-de-joce.fr\/wp-content\/uploads\/2022\/06\/20200619_192955-750x604.jpg 750w\" sizes=\"auto, (max-width: 223px) 100vw, 223px\" \/><\/p>\n<p style=\"text-align: center;\"><img loading=\"lazy\" decoding=\"async\" class=\"alignnone wp-image-37354 size-full\" src=\"http:\/\/recettes-gourmandes-de-joce.fr\/wp-content\/uploads\/2021\/06\/logitech-gaming-software-14112014-121223.jpg\" alt=\"\" width=\"640\" height=\"144\" srcset=\"http:\/\/recettes-gourmandes-de-joce.fr\/wp-content\/uploads\/2021\/06\/logitech-gaming-software-14112014-121223.jpg 640w, http:\/\/recettes-gourmandes-de-joce.fr\/wp-content\/uploads\/2021\/06\/logitech-gaming-software-14112014-121223-300x68.jpg 300w\" sizes=\"auto, (max-width: 640px) 100vw, 640px\" \/><\/p>\n","protected":false},"excerpt":{"rendered":"<p>Une de mes recettes Ingr\u00e9dients pour 4 personnes \u00bd batavia ou salade de votre choix 1 concombre 1 oignon blanc et ses tiges 1 barquette de tomates cocktail 100g de d\u00e9s de jambon 50 de chorizo doux 1 c \u00e0 s de cr\u00e8me fra\u00eeche 1 c \u00e0 s d&rsquo;\u00e9pices pour vinaigrette d\u00e9tails sur ce lien &hellip; <\/p>\n<p><a class=\"more-link btn\" href=\"http:\/\/recettes-gourmandes-de-joce.fr\/index.php\/index\/entrees\/salades-crudites\/tomates-salade-et-concombre-a-la-creme-des-de-chorizo-et-jambon\/\">Lire la suite<\/a><\/p>\n","protected":false},"author":2,"featured_media":84450,"parent":165,"menu_order":0,"comment_status":"open","ping_status":"closed","template":"","meta":{"footnotes":""},"class_list":["post-45133","page","type-page","status-publish","has-post-thumbnail","hentry","nodate","item-wrap"],"_links":{"self":[{"href":"http:\/\/recettes-gourmandes-de-joce.fr\/index.php\/wp-json\/wp\/v2\/pages\/45133","targetHints":{"allow":["GET"]}}],"collection":[{"href":"http:\/\/recettes-gourmandes-de-joce.fr\/index.php\/wp-json\/wp\/v2\/pages"}],"about":[{"href":"http:\/\/recettes-gourmandes-de-joce.fr\/index.php\/wp-json\/wp\/v2\/types\/page"}],"author":[{"embeddable":true,"href":"http:\/\/recettes-gourmandes-de-joce.fr\/index.php\/wp-json\/wp\/v2\/users\/2"}],"replies":[{"embeddable":true,"href":"http:\/\/recettes-gourmandes-de-joce.fr\/index.php\/wp-json\/wp\/v2\/comments?post=45133"}],"version-history":[{"count":4,"href":"http:\/\/recettes-gourmandes-de-joce.fr\/index.php\/wp-json\/wp\/v2\/pages\/45133\/revisions"}],"predecessor-version":[{"id":84451,"href":"http:\/\/recettes-gourmandes-de-joce.fr\/index.php\/wp-json\/wp\/v2\/pages\/45133\/revisions\/84451"}],"up":[{"embeddable":true,"href":"http:\/\/recettes-gourmandes-de-joce.fr\/index.php\/wp-json\/wp\/v2\/pages\/165"}],"wp:featuredmedia":[{"embeddable":true,"href":"http:\/\/recettes-gourmandes-de-joce.fr\/index.php\/wp-json\/wp\/v2\/media\/84450"}],"wp:attachment":[{"href":"http:\/\/recettes-gourmandes-de-joce.fr\/index.php\/wp-json\/wp\/v2\/media?parent=45133"}],"curies":[{"name":"wp","href":"https:\/\/api.w.org\/{rel}","templated":true}]}}