{"id":4494,"date":"2019-10-13T21:56:05","date_gmt":"2019-10-13T21:56:05","guid":{"rendered":"http:\/\/recettes-gourmandes-de-joce.fr\/?page_id=4494"},"modified":"2024-06-27T12:21:52","modified_gmt":"2024-06-27T12:21:52","slug":"aiguillettes-de-canard-et-risotto-aux-cepes-et-trompettes-de-la-mort","status":"publish","type":"page","link":"http:\/\/recettes-gourmandes-de-joce.fr\/index.php\/index\/viandes\/volailles\/canard-pintade\/aiguillettes-de-canard-et-risotto-aux-cepes-et-trompettes-de-la-mort\/","title":{"rendered":"Aiguillettes de canard et risotto aux c\u00e8pes et trompettes de la mort."},"content":{"rendered":"<p style=\"text-align: center;\"><em><span style=\"text-decoration: underline; color: #993300; font-family: georgia, palatino, serif;\"><span style=\"font-size: x-large;\">Une des mes recettes<\/span><\/span><\/em><\/p>\n<p style=\"text-align: center;\"><em><span style=\"font-family: georgia, palatino, serif;\"><img loading=\"lazy\" decoding=\"async\" class=\"alignnone wp-image-4468\" src=\"http:\/\/recettes-gourmandes-de-joce.fr\/wp-content\/uploads\/2019\/10\/PC180072.jpg\" alt=\"\" width=\"247\" height=\"185\" srcset=\"http:\/\/recettes-gourmandes-de-joce.fr\/wp-content\/uploads\/2019\/10\/PC180072.jpg 640w, http:\/\/recettes-gourmandes-de-joce.fr\/wp-content\/uploads\/2019\/10\/PC180072-300x225.jpg 300w\" sizes=\"auto, (max-width: 247px) 100vw, 247px\" \/>\u00a0<\/span><\/em><img loading=\"lazy\" decoding=\"async\" class=\"alignnone wp-image-4465\" src=\"http:\/\/recettes-gourmandes-de-joce.fr\/wp-content\/uploads\/2019\/10\/PC180069-150x150.jpg\" alt=\"\" width=\"222\" height=\"185\" srcset=\"http:\/\/recettes-gourmandes-de-joce.fr\/wp-content\/uploads\/2019\/10\/PC180069-300x250.jpg 300w, http:\/\/recettes-gourmandes-de-joce.fr\/wp-content\/uploads\/2019\/10\/PC180069.jpg 640w\" sizes=\"auto, (max-width: 222px) 100vw, 222px\" \/><em><span style=\"font-family: georgia, palatino, serif;\">\u00a0<\/span><\/em><em><span style=\"font-family: georgia, palatino, serif;\"><img loading=\"lazy\" decoding=\"async\" class=\"alignnone wp-image-4467\" src=\"http:\/\/recettes-gourmandes-de-joce.fr\/wp-content\/uploads\/2019\/10\/PC180071-300x225.jpg\" alt=\"\" width=\"247\" height=\"185\" srcset=\"http:\/\/recettes-gourmandes-de-joce.fr\/wp-content\/uploads\/2019\/10\/PC180071-300x225.jpg 300w, http:\/\/recettes-gourmandes-de-joce.fr\/wp-content\/uploads\/2019\/10\/PC180071.jpg 640w\" sizes=\"auto, (max-width: 247px) 100vw, 247px\" \/><\/span><\/em><\/p>\n<p style=\"text-align: center;\"><em><span style=\"text-decoration: underline; color: #993300; font-family: georgia, palatino, serif;\"><span style=\"font-size: x-large;\">Ingr\u00e9dients pour 5 personnes<\/span><\/span><\/em><\/p>\n<p><em><span style=\"font-family: georgia, palatino, serif;\"><img loading=\"lazy\" decoding=\"async\" class=\"aligncenter wp-image-4448\" src=\"http:\/\/recettes-gourmandes-de-joce.fr\/wp-content\/uploads\/2019\/10\/PC180037-150x150.jpg\" alt=\"\" width=\"272\" height=\"200\" srcset=\"http:\/\/recettes-gourmandes-de-joce.fr\/wp-content\/uploads\/2019\/10\/PC180037-300x221.jpg 300w, http:\/\/recettes-gourmandes-de-joce.fr\/wp-content\/uploads\/2019\/10\/PC180037.jpg 640w\" sizes=\"auto, (max-width: 272px) 100vw, 272px\" \/><\/span><\/em><\/p>\n<p style=\"text-align: center;\"><em><span style=\"font-size: large; font-family: georgia, palatino, serif;\"><span style=\"color: #993300;\">10 aiguillettes de canard<\/span><\/span><\/em><\/p>\n<p style=\"text-align: center;\"><em><span style=\"font-size: large; font-family: georgia, palatino, serif;\"><span style=\"color: #993300;\">500 g de riz arborio sp\u00e9cial risotto<\/span><\/span><\/em><\/p>\n<p style=\"text-align: center;\"><em><span style=\"font-size: large; font-family: georgia, palatino, serif;\"><span style=\"color: #993300;\">1 grosse \u00e9chalote<\/span><\/span><\/em><\/p>\n<p style=\"text-align: center;\"><em><span style=\"font-size: large; font-family: georgia, palatino, serif;\"><span style=\"color: #993300;\">20 g de c\u00e8pes d\u00e9shydrat\u00e9s<\/span><\/span><\/em><\/p>\n<p style=\"text-align: center;\"><em><span style=\"font-size: large; font-family: georgia, palatino, serif;\"><span style=\"color: #993300;\">20 g d trompettes de la mort d\u00e9shydrat\u00e9es<\/span><\/span><\/em><\/p>\n<p style=\"text-align: center;\"><em><span style=\"font-size: large; font-family: georgia, palatino, serif;\"><span style=\"color: #993300;\">1 cube de bouillon de volaille<\/span><\/span><\/em><\/p>\n<p style=\"text-align: center;\"><em><span style=\"font-size: large; font-family: georgia, palatino, serif;\"><span style=\"color: #993300;\">3 c \u00e0 s de mascarpone<\/span><\/span><\/em><\/p>\n<p style=\"text-align: center;\"><em><span style=\"font-size: large; font-family: georgia, palatino, serif;\"><span style=\"color: #993300;\">1 morceau de beurre<\/span><\/span><\/em><\/p>\n<p style=\"text-align: center;\"><em><span style=\"font-size: large; font-family: georgia, palatino, serif;\"><span style=\"color: #993300;\">1 c \u00e0 s herbes aromatiques s\u00e8ches<\/span><\/span><\/em><\/p>\n<p style=\"text-align: center;\"><em><span style=\"font-size: large; font-family: georgia, palatino, serif;\"><span style=\"color: #993300;\">Sel et poivre<\/span><\/span><\/em><\/p>\n<p style=\"text-align: center;\"><em><span style=\"font-size: large; font-family: georgia, palatino, serif;\"><span style=\"color: #993300;\">Piment d&rsquo;Espelette<\/span><\/span><\/em><\/p>\n<p style=\"text-align: center;\"><em><span style=\"font-size: large; font-family: georgia, palatino, serif;\"><span style=\"color: #993300;\">Pecorino ou parmesan<\/span><\/span><\/em><\/p>\n<p style=\"text-align: center;\"><em><span style=\"font-family: georgia, palatino, serif;\"><img loading=\"lazy\" decoding=\"async\" class=\"alignnone wp-image-4449\" src=\"http:\/\/recettes-gourmandes-de-joce.fr\/wp-content\/uploads\/2019\/10\/PC180038-150x150.jpg\" alt=\"\" width=\"231\" height=\"165\" srcset=\"http:\/\/recettes-gourmandes-de-joce.fr\/wp-content\/uploads\/2019\/10\/PC180038-300x215.jpg 300w, http:\/\/recettes-gourmandes-de-joce.fr\/wp-content\/uploads\/2019\/10\/PC180038.jpg 640w\" sizes=\"auto, (max-width: 231px) 100vw, 231px\" \/> <img loading=\"lazy\" decoding=\"async\" class=\"alignnone wp-image-4450\" src=\"http:\/\/recettes-gourmandes-de-joce.fr\/wp-content\/uploads\/2019\/10\/PC180042-150x150.jpg\" alt=\"\" width=\"220\" height=\"165\" srcset=\"http:\/\/recettes-gourmandes-de-joce.fr\/wp-content\/uploads\/2019\/10\/PC180042-300x225.jpg 300w, http:\/\/recettes-gourmandes-de-joce.fr\/wp-content\/uploads\/2019\/10\/PC180042.jpg 640w\" sizes=\"auto, (max-width: 220px) 100vw, 220px\" \/> <img loading=\"lazy\" decoding=\"async\" class=\"alignnone wp-image-4451\" src=\"http:\/\/recettes-gourmandes-de-joce.fr\/wp-content\/uploads\/2019\/10\/PC180043-150x150.jpg\" alt=\"\" width=\"220\" height=\"165\" srcset=\"http:\/\/recettes-gourmandes-de-joce.fr\/wp-content\/uploads\/2019\/10\/PC180043-300x225.jpg 300w, http:\/\/recettes-gourmandes-de-joce.fr\/wp-content\/uploads\/2019\/10\/PC180043.jpg 640w\" sizes=\"auto, (max-width: 220px) 100vw, 220px\" \/><\/span><\/em><\/p>\n<p style=\"text-align: center;\"><em><span style=\"font-size: large; font-family: georgia, palatino, serif;\"><span style=\"color: #993300;\">Peler et hacher l&rsquo;\u00e9chalote, mettre le beurre \u00e0 fondre dans la cocotte et mettre \u00e0 suer l&rsquo;\u00e9chalote. Ajouter ensuite le riz et bien m\u00e9langer pour qu&rsquo;il devienne translucide.<\/span><\/span><\/em><\/p>\n<p style=\"text-align: center;\"><em><span style=\"font-family: georgia, palatino, serif;\"><img loading=\"lazy\" decoding=\"async\" class=\"alignnone wp-image-4495\" src=\"http:\/\/recettes-gourmandes-de-joce.fr\/wp-content\/uploads\/2019\/10\/Logitech-Gaming-Software-13102019-234518-150x150.jpg\" alt=\"\" width=\"121\" height=\"165\" srcset=\"http:\/\/recettes-gourmandes-de-joce.fr\/wp-content\/uploads\/2019\/10\/Logitech-Gaming-Software-13102019-234518-219x300.jpg 219w, http:\/\/recettes-gourmandes-de-joce.fr\/wp-content\/uploads\/2019\/10\/Logitech-Gaming-Software-13102019-234518.jpg 444w\" sizes=\"auto, (max-width: 121px) 100vw, 121px\" \/> <img loading=\"lazy\" decoding=\"async\" class=\"alignnone wp-image-4455\" src=\"http:\/\/recettes-gourmandes-de-joce.fr\/wp-content\/uploads\/2019\/10\/PC180049-150x150.jpg\" alt=\"\" width=\"228\" height=\"165\" srcset=\"http:\/\/recettes-gourmandes-de-joce.fr\/wp-content\/uploads\/2019\/10\/PC180049-300x217.jpg 300w, http:\/\/recettes-gourmandes-de-joce.fr\/wp-content\/uploads\/2019\/10\/PC180049.jpg 640w\" sizes=\"auto, (max-width: 228px) 100vw, 228px\" \/> <img loading=\"lazy\" decoding=\"async\" class=\"alignnone wp-image-4453\" src=\"http:\/\/recettes-gourmandes-de-joce.fr\/wp-content\/uploads\/2019\/10\/PC180046-150x150.jpg\" alt=\"\" width=\"220\" height=\"165\" srcset=\"http:\/\/recettes-gourmandes-de-joce.fr\/wp-content\/uploads\/2019\/10\/PC180046-300x225.jpg 300w, http:\/\/recettes-gourmandes-de-joce.fr\/wp-content\/uploads\/2019\/10\/PC180046.jpg 640w\" sizes=\"auto, (max-width: 220px) 100vw, 220px\" \/><\/span><\/em><\/p>\n<div class=\"mceTemp\"><\/div>\n<p style=\"text-align: center;\"><em><span style=\"font-size: large; font-family: georgia, palatino, serif;\"><span style=\"color: #993300;\">Ajouter les herbes aromatiques et saler. Diluer le cube de bouillon de volaille dans 1 l d&rsquo;eau ti\u00e8de. Mettre les champignons \u00e0 r\u00e9hydrater dans de l&rsquo;eau ti\u00e8de.<\/span><\/span><\/em><\/p>\n<p style=\"text-align: center;\"><em><span style=\"font-family: georgia, palatino, serif;\"><img loading=\"lazy\" decoding=\"async\" class=\"alignnone wp-image-4454\" src=\"http:\/\/recettes-gourmandes-de-joce.fr\/wp-content\/uploads\/2019\/10\/PC180048-150x150.jpg\" alt=\"\" width=\"220\" height=\"165\" srcset=\"http:\/\/recettes-gourmandes-de-joce.fr\/wp-content\/uploads\/2019\/10\/PC180048-300x225.jpg 300w, http:\/\/recettes-gourmandes-de-joce.fr\/wp-content\/uploads\/2019\/10\/PC180048.jpg 640w\" sizes=\"auto, (max-width: 220px) 100vw, 220px\" \/> <img loading=\"lazy\" decoding=\"async\" class=\"alignnone wp-image-4456\" src=\"http:\/\/recettes-gourmandes-de-joce.fr\/wp-content\/uploads\/2019\/10\/PC180051-2-150x150.jpg\" alt=\"\" width=\"220\" height=\"165\" srcset=\"http:\/\/recettes-gourmandes-de-joce.fr\/wp-content\/uploads\/2019\/10\/PC180051-2-300x225.jpg 300w, http:\/\/recettes-gourmandes-de-joce.fr\/wp-content\/uploads\/2019\/10\/PC180051-2.jpg 640w\" sizes=\"auto, (max-width: 220px) 100vw, 220px\" \/> <img loading=\"lazy\" decoding=\"async\" class=\"alignnone wp-image-4457\" src=\"http:\/\/recettes-gourmandes-de-joce.fr\/wp-content\/uploads\/2019\/10\/PC180052-2-150x150.jpg\" alt=\"\" width=\"220\" height=\"165\" srcset=\"http:\/\/recettes-gourmandes-de-joce.fr\/wp-content\/uploads\/2019\/10\/PC180052-2-300x225.jpg 300w, http:\/\/recettes-gourmandes-de-joce.fr\/wp-content\/uploads\/2019\/10\/PC180052-2.jpg 640w\" sizes=\"auto, (max-width: 220px) 100vw, 220px\" \/><\/span><\/em><\/p>\n<p style=\"text-align: center;\"><em><span style=\"font-size: large; font-family: georgia, palatino, serif;\"><span style=\"color: #993300;\">Verser \u00bc du bouillon de volaille, m\u00e9langer, ajouter le piment d&rsquo;Espelette et poursuivre la cuisson en remuant, ajouter les champignons et leur jus et m\u00e9langer \u00e0 nouveau.<\/span><\/span><\/em><\/p>\n<p style=\"text-align: center;\"><em><span style=\"font-family: georgia, palatino, serif;\"><img loading=\"lazy\" decoding=\"async\" class=\"alignnone wp-image-4459\" src=\"http:\/\/recettes-gourmandes-de-joce.fr\/wp-content\/uploads\/2019\/10\/PC180055-2-150x150.jpg\" alt=\"\" width=\"220\" height=\"165\" srcset=\"http:\/\/recettes-gourmandes-de-joce.fr\/wp-content\/uploads\/2019\/10\/PC180055-2-300x225.jpg 300w, http:\/\/recettes-gourmandes-de-joce.fr\/wp-content\/uploads\/2019\/10\/PC180055-2.jpg 640w\" sizes=\"auto, (max-width: 220px) 100vw, 220px\" \/> <img loading=\"lazy\" decoding=\"async\" class=\"alignnone wp-image-4460\" src=\"http:\/\/recettes-gourmandes-de-joce.fr\/wp-content\/uploads\/2019\/10\/PC180057-150x150.jpg\" alt=\"\" width=\"220\" height=\"165\" srcset=\"http:\/\/recettes-gourmandes-de-joce.fr\/wp-content\/uploads\/2019\/10\/PC180057-300x225.jpg 300w, http:\/\/recettes-gourmandes-de-joce.fr\/wp-content\/uploads\/2019\/10\/PC180057.jpg 640w\" sizes=\"auto, (max-width: 220px) 100vw, 220px\" \/> <img loading=\"lazy\" decoding=\"async\" class=\"alignnone wp-image-4461\" src=\"http:\/\/recettes-gourmandes-de-joce.fr\/wp-content\/uploads\/2019\/10\/PC180058-2-150x150.jpg\" alt=\"\" width=\"220\" height=\"165\" srcset=\"http:\/\/recettes-gourmandes-de-joce.fr\/wp-content\/uploads\/2019\/10\/PC180058-2-300x225.jpg 300w, http:\/\/recettes-gourmandes-de-joce.fr\/wp-content\/uploads\/2019\/10\/PC180058-2.jpg 640w\" sizes=\"auto, (max-width: 220px) 100vw, 220px\" \/><\/span><\/em><\/p>\n<p style=\"text-align: center;\"><em><span style=\"font-size: large; font-family: georgia, palatino, serif;\"><span style=\"color: #993300;\"><span style=\"color: #993300; font-family: georgia, palatino, serif; font-size: large;\">Continuer au fur et \u00e0 mesure que le riz absorbe le bouillon d&rsquo;en rajouter jusqu&rsquo;\u00e0 la cuisson compl\u00e8te qui demande en g\u00e9n\u00e9rale 18 minutes. R\u00e2per du pecorino la quantit\u00e9 d\u00e9pend de vos go\u00fbts, ajouter la mascarpone et le pecorino sur le riz d\u00e8s la fin de la cuisson et couvrir 2 minutes sans m\u00e9langer.<\/span><\/span><\/span><\/em><\/p>\n<p style=\"text-align: center;\"><em><span style=\"font-family: georgia, palatino, serif;\"><img loading=\"lazy\" decoding=\"async\" class=\"alignnone wp-image-4462\" src=\"http:\/\/recettes-gourmandes-de-joce.fr\/wp-content\/uploads\/2019\/10\/PC180061-2-150x150.jpg\" alt=\"\" width=\"220\" height=\"165\" srcset=\"http:\/\/recettes-gourmandes-de-joce.fr\/wp-content\/uploads\/2019\/10\/PC180061-2-300x225.jpg 300w, http:\/\/recettes-gourmandes-de-joce.fr\/wp-content\/uploads\/2019\/10\/PC180061-2.jpg 640w\" sizes=\"auto, (max-width: 220px) 100vw, 220px\" \/> <img loading=\"lazy\" decoding=\"async\" class=\"alignnone wp-image-4463\" src=\"http:\/\/recettes-gourmandes-de-joce.fr\/wp-content\/uploads\/2019\/10\/PC180064-150x150.jpg\" alt=\"\" width=\"220\" height=\"165\" srcset=\"http:\/\/recettes-gourmandes-de-joce.fr\/wp-content\/uploads\/2019\/10\/PC180064-300x225.jpg 300w, http:\/\/recettes-gourmandes-de-joce.fr\/wp-content\/uploads\/2019\/10\/PC180064.jpg 640w\" sizes=\"auto, (max-width: 220px) 100vw, 220px\" \/> <img loading=\"lazy\" decoding=\"async\" class=\"alignnone wp-image-4464\" src=\"http:\/\/recettes-gourmandes-de-joce.fr\/wp-content\/uploads\/2019\/10\/PC180066-150x150.jpg\" alt=\"\" width=\"227\" height=\"165\" srcset=\"http:\/\/recettes-gourmandes-de-joce.fr\/wp-content\/uploads\/2019\/10\/PC180066-300x218.jpg 300w, http:\/\/recettes-gourmandes-de-joce.fr\/wp-content\/uploads\/2019\/10\/PC180066.jpg 640w\" sizes=\"auto, (max-width: 227px) 100vw, 227px\" \/><\/span><\/em><\/p>\n<p style=\"text-align: center;\"><em><span style=\"font-size: large; font-family: georgia, palatino, serif;\"><span style=\"color: #993300;\">Pendant ce temps po\u00ealer les aiguillettes de canard, les saler et poivrer cela prend 2\/3 minutes selon le degr\u00e9 de la cuisson d\u00e9sir\u00e9e. M\u00e9langer votre riz, le dresser dans vos assiettes et ajouter dessus les aiguillettes de canard, servir imm\u00e9diatement, le risotto n&rsquo;attend pas!<\/span><\/span><\/em><\/p>\n<p style=\"text-align: center;\"><em><span style=\"font-size: large; font-family: georgia, palatino, serif;\"><span style=\"color: #993300;\">Bon app\u00e9tit!<\/span><\/span><\/em><\/p>\n<p style=\"text-align: center;\"><em><span style=\"font-family: georgia, palatino, serif;\"><img loading=\"lazy\" decoding=\"async\" class=\"alignnone wp-image-4467\" src=\"http:\/\/recettes-gourmandes-de-joce.fr\/wp-content\/uploads\/2019\/10\/PC180071-150x150.jpg\" alt=\"\" width=\"247\" height=\"185\" srcset=\"http:\/\/recettes-gourmandes-de-joce.fr\/wp-content\/uploads\/2019\/10\/PC180071-300x225.jpg 300w, http:\/\/recettes-gourmandes-de-joce.fr\/wp-content\/uploads\/2019\/10\/PC180071.jpg 640w\" sizes=\"auto, (max-width: 247px) 100vw, 247px\" \/> <img loading=\"lazy\" decoding=\"async\" class=\"alignnone wp-image-4465\" src=\"http:\/\/recettes-gourmandes-de-joce.fr\/wp-content\/uploads\/2019\/10\/PC180069-150x150.jpg\" alt=\"\" width=\"222\" height=\"185\" srcset=\"http:\/\/recettes-gourmandes-de-joce.fr\/wp-content\/uploads\/2019\/10\/PC180069-300x250.jpg 300w, http:\/\/recettes-gourmandes-de-joce.fr\/wp-content\/uploads\/2019\/10\/PC180069.jpg 640w\" sizes=\"auto, (max-width: 222px) 100vw, 222px\" \/> <img loading=\"lazy\" decoding=\"async\" class=\"alignnone wp-image-4469\" src=\"http:\/\/recettes-gourmandes-de-joce.fr\/wp-content\/uploads\/2019\/10\/PC180073-150x150.jpg\" alt=\"\" width=\"247\" height=\"185\" srcset=\"http:\/\/recettes-gourmandes-de-joce.fr\/wp-content\/uploads\/2019\/10\/PC180073-300x225.jpg 300w, http:\/\/recettes-gourmandes-de-joce.fr\/wp-content\/uploads\/2019\/10\/PC180073.jpg 640w\" sizes=\"auto, (max-width: 247px) 100vw, 247px\" \/><\/span><\/em><\/p>\n<p style=\"text-align: center;\"><em><span style=\"font-family: georgia, palatino, serif;\"><img loading=\"lazy\" decoding=\"async\" class=\"alignnone size-full wp-image-557\" src=\"http:\/\/recettes-gourmandes-de-joce.fr\/wp-content\/uploads\/2019\/09\/logitech-gaming-software-14112014-121223.jpg\" alt=\"\" width=\"800\" height=\"180\" srcset=\"http:\/\/recettes-gourmandes-de-joce.fr\/wp-content\/uploads\/2019\/09\/logitech-gaming-software-14112014-121223.jpg 800w, http:\/\/recettes-gourmandes-de-joce.fr\/wp-content\/uploads\/2019\/09\/logitech-gaming-software-14112014-121223-300x68.jpg 300w, http:\/\/recettes-gourmandes-de-joce.fr\/wp-content\/uploads\/2019\/09\/logitech-gaming-software-14112014-121223-768x173.jpg 768w\" sizes=\"auto, (max-width: 800px) 100vw, 800px\" \/><\/span><\/em><\/p>\n","protected":false},"excerpt":{"rendered":"<p>Une des mes recettes \u00a0\u00a0 Ingr\u00e9dients pour 5 personnes 10 aiguillettes de canard 500 g de riz arborio sp\u00e9cial risotto 1 grosse \u00e9chalote 20 g de c\u00e8pes d\u00e9shydrat\u00e9s 20 g d trompettes de la mort d\u00e9shydrat\u00e9es 1 cube de bouillon de volaille 3 c \u00e0 s de mascarpone 1 morceau de beurre 1 c \u00e0 &hellip; <\/p>\n<p><a class=\"more-link btn\" href=\"http:\/\/recettes-gourmandes-de-joce.fr\/index.php\/index\/viandes\/volailles\/canard-pintade\/aiguillettes-de-canard-et-risotto-aux-cepes-et-trompettes-de-la-mort\/\">Lire la suite<\/a><\/p>\n","protected":false},"author":2,"featured_media":85081,"parent":988,"menu_order":0,"comment_status":"open","ping_status":"closed","template":"","meta":{"footnotes":""},"class_list":["post-4494","page","type-page","status-publish","has-post-thumbnail","hentry","nodate","item-wrap"],"_links":{"self":[{"href":"http:\/\/recettes-gourmandes-de-joce.fr\/index.php\/wp-json\/wp\/v2\/pages\/4494","targetHints":{"allow":["GET"]}}],"collection":[{"href":"http:\/\/recettes-gourmandes-de-joce.fr\/index.php\/wp-json\/wp\/v2\/pages"}],"about":[{"href":"http:\/\/recettes-gourmandes-de-joce.fr\/index.php\/wp-json\/wp\/v2\/types\/page"}],"author":[{"embeddable":true,"href":"http:\/\/recettes-gourmandes-de-joce.fr\/index.php\/wp-json\/wp\/v2\/users\/2"}],"replies":[{"embeddable":true,"href":"http:\/\/recettes-gourmandes-de-joce.fr\/index.php\/wp-json\/wp\/v2\/comments?post=4494"}],"version-history":[{"count":3,"href":"http:\/\/recettes-gourmandes-de-joce.fr\/index.php\/wp-json\/wp\/v2\/pages\/4494\/revisions"}],"predecessor-version":[{"id":85082,"href":"http:\/\/recettes-gourmandes-de-joce.fr\/index.php\/wp-json\/wp\/v2\/pages\/4494\/revisions\/85082"}],"up":[{"embeddable":true,"href":"http:\/\/recettes-gourmandes-de-joce.fr\/index.php\/wp-json\/wp\/v2\/pages\/988"}],"wp:featuredmedia":[{"embeddable":true,"href":"http:\/\/recettes-gourmandes-de-joce.fr\/index.php\/wp-json\/wp\/v2\/media\/85081"}],"wp:attachment":[{"href":"http:\/\/recettes-gourmandes-de-joce.fr\/index.php\/wp-json\/wp\/v2\/media?parent=4494"}],"curies":[{"name":"wp","href":"https:\/\/api.w.org\/{rel}","templated":true}]}}