{"id":43963,"date":"2022-04-12T13:12:55","date_gmt":"2022-04-12T13:12:55","guid":{"rendered":"http:\/\/recettes-gourmandes-de-joce.fr\/?page_id=43963"},"modified":"2024-07-30T22:25:11","modified_gmt":"2024-07-30T22:25:11","slug":"menu-de-paques-n5","status":"publish","type":"page","link":"http:\/\/recettes-gourmandes-de-joce.fr\/index.php\/index\/menus-buffet-courses\/menu-a-theme\/menu-de-paques-n5\/","title":{"rendered":"Menu de P\u00e2ques N\u00b05."},"content":{"rendered":"<p style=\"text-align: center;\"><span style=\"text-decoration: underline; color: #339966;\"><span style=\"font-family: georgia, palatino, serif; font-size: 18pt;\"><em>Menu de P\u00e2ques N\u00b05.<\/em><\/span><\/span><\/p>\n<p style=\"text-align: center;\"><span style=\"font-family: georgia, palatino, serif; font-size: 14pt; color: #339966;\"><img loading=\"lazy\" decoding=\"async\" class=\"alignnone wp-image-43952\" src=\"http:\/\/recettes-gourmandes-de-joce.fr\/wp-content\/uploads\/2022\/04\/recettes-de-avril-20221-001-300x181.jpg\" alt=\"\" width=\"497\" height=\"300\" srcset=\"http:\/\/recettes-gourmandes-de-joce.fr\/wp-content\/uploads\/2022\/04\/recettes-de-avril-20221-001-300x181.jpg 300w, http:\/\/recettes-gourmandes-de-joce.fr\/wp-content\/uploads\/2022\/04\/recettes-de-avril-20221-001-768x464.jpg 768w, http:\/\/recettes-gourmandes-de-joce.fr\/wp-content\/uploads\/2022\/04\/recettes-de-avril-20221-001-750x453.jpg 750w, http:\/\/recettes-gourmandes-de-joce.fr\/wp-content\/uploads\/2022\/04\/recettes-de-avril-20221-001.jpg 800w\" sizes=\"auto, (max-width: 497px) 100vw, 497px\" \/><\/span><\/p>\n<p style=\"text-align: center;\"><span style=\"font-family: georgia, palatino, serif; font-size: 14pt; color: #ff9900;\"><em>Cliquez sur le photos ou les titres des recettes pour vous rendre sur les recettes.<\/em><\/span><\/p>\n<p style=\"text-align: center;\"><span style=\"font-family: georgia, palatino, serif; font-size: 14pt; color: #ff9900;\"><em>Trois autres menus de P\u00e2ques sont disponibles sur ces liens<\/em><\/span><\/p>\n<p style=\"text-align: center;\"><span style=\"font-size: 18pt;\"><span style=\"font-family: georgia, palatino, serif; color: #339966;\"><u><em>Ap\u00e9ritif<\/em><\/u><\/span><\/span><\/p>\n<p style=\"text-align: center;\"><a href=\"http:\/\/recettes-gourmandes-de-joce.fr\/index.php\/index\/aperitifs-amuses-bouches\/aperitifs\/rose-pamplemousse\/\"><img loading=\"lazy\" decoding=\"async\" class=\"alignnone wp-image-43961\" src=\"http:\/\/recettes-gourmandes-de-joce.fr\/wp-content\/uploads\/2022\/04\/P9080149-300x290.jpg\" alt=\"\" width=\"207\" height=\"200\" srcset=\"http:\/\/recettes-gourmandes-de-joce.fr\/wp-content\/uploads\/2022\/04\/P9080149-300x290.jpg 300w, http:\/\/recettes-gourmandes-de-joce.fr\/wp-content\/uploads\/2022\/04\/P9080149.jpg 555w\" sizes=\"auto, (max-width: 207px) 100vw, 207px\" \/><\/a><\/p>\n<ul>\n<li><a href=\"http:\/\/recettes-gourmandes-de-joce.fr\/index.php\/index\/aperitifs-amuses-bouches\/aperitifs\/rose-pamplemousse\/\"><span style=\"color: #800080;\"><span style=\"font-size: 14pt;\"><em><span style=\"color: #800080; font-family: georgia, palatino, serif;\">Ros\u00e9 Pamplemousse\u00a0<\/span><\/em><\/span><\/span><\/a><\/li>\n<\/ul>\n<p style=\"text-align: center;\"><span style=\"color: #ff9900;\"><span style=\"text-decoration: underline;\"><span style=\"font-size: 18pt; font-family: georgia, palatino, serif;\"><em>Amuses bouches<\/em><\/span><\/span><\/span><\/p>\n<p style=\"text-align: center;\"><a href=\"http:\/\/recettes-gourmandes-de-joce.fr\/index.php\/index\/aperitifs-amuses-bouches\/amuses-bouches\/buchettes-aperitives-a-la-truite-fumee-piment-despelette-et-citron-vert\/\"><img loading=\"lazy\" decoding=\"async\" class=\"alignnone wp-image-43956\" src=\"http:\/\/recettes-gourmandes-de-joce.fr\/wp-content\/uploads\/2022\/04\/20211212_161739-300x225.jpg\" alt=\"\" width=\"227\" height=\"170\" srcset=\"http:\/\/recettes-gourmandes-de-joce.fr\/wp-content\/uploads\/2022\/04\/20211212_161739-300x225.jpg 300w, http:\/\/recettes-gourmandes-de-joce.fr\/wp-content\/uploads\/2022\/04\/20211212_161739-768x576.jpg 768w, http:\/\/recettes-gourmandes-de-joce.fr\/wp-content\/uploads\/2022\/04\/20211212_161739-750x563.jpg 750w, http:\/\/recettes-gourmandes-de-joce.fr\/wp-content\/uploads\/2022\/04\/20211212_161739.jpg 800w\" sizes=\"auto, (max-width: 227px) 100vw, 227px\" \/><\/a> <a href=\"http:\/\/recettes-gourmandes-de-joce.fr\/index.php\/index\/aperitifs-amuses-bouches\/verrines-froides\/verrines-aperitives-tomate-olives-chevre-frais-aux-saveurs-provencales\/\"><img loading=\"lazy\" decoding=\"async\" class=\"alignnone wp-image-43954\" src=\"http:\/\/recettes-gourmandes-de-joce.fr\/wp-content\/uploads\/2022\/04\/20200724_143249-300x201.jpg\" alt=\"\" width=\"254\" height=\"170\" srcset=\"http:\/\/recettes-gourmandes-de-joce.fr\/wp-content\/uploads\/2022\/04\/20200724_143249-300x201.jpg 300w, http:\/\/recettes-gourmandes-de-joce.fr\/wp-content\/uploads\/2022\/04\/20200724_143249-768x514.jpg 768w, http:\/\/recettes-gourmandes-de-joce.fr\/wp-content\/uploads\/2022\/04\/20200724_143249-750x502.jpg 750w, http:\/\/recettes-gourmandes-de-joce.fr\/wp-content\/uploads\/2022\/04\/20200724_143249.jpg 800w\" sizes=\"auto, (max-width: 254px) 100vw, 254px\" \/><\/a> <a href=\"http:\/\/recettes-gourmandes-de-joce.fr\/index.php\/index\/aperitifs-amuses-bouches\/feuilletes-aperitifs\/feuilletes-aperitifs-au-jambon-et-a-lemmental\/\"><img loading=\"lazy\" decoding=\"async\" class=\"alignnone wp-image-43965\" src=\"http:\/\/recettes-gourmandes-de-joce.fr\/wp-content\/uploads\/2022\/04\/feuilletes-jambon16-300x200.jpg\" alt=\"\" width=\"255\" height=\"170\" srcset=\"http:\/\/recettes-gourmandes-de-joce.fr\/wp-content\/uploads\/2022\/04\/feuilletes-jambon16-300x200.jpg 300w, http:\/\/recettes-gourmandes-de-joce.fr\/wp-content\/uploads\/2022\/04\/feuilletes-jambon16-768x513.jpg 768w, http:\/\/recettes-gourmandes-de-joce.fr\/wp-content\/uploads\/2022\/04\/feuilletes-jambon16-750x501.jpg 750w, http:\/\/recettes-gourmandes-de-joce.fr\/wp-content\/uploads\/2022\/04\/feuilletes-jambon16.jpg 800w\" sizes=\"auto, (max-width: 255px) 100vw, 255px\" \/><\/a><\/p>\n<ul>\n<li>\n<p class=\"post-title entry-title\"><a href=\"http:\/\/recettes-gourmandes-de-joce.fr\/index.php\/index\/aperitifs-amuses-bouches\/amuses-bouches\/buchettes-aperitives-a-la-truite-fumee-piment-despelette-et-citron-vert\/\"><span style=\"color: #800080;\"><span style=\"font-family: georgia, palatino, serif; font-size: 14pt;\"><em>B\u00fbchettes ap\u00e9ritives \u00e0 la truite fum\u00e9e, piment d\u2019Espelette et citron vert<\/em><\/span><\/span><\/a><\/p>\n<\/li>\n<li>\n<p class=\"post-title entry-title\"><a href=\"http:\/\/recettes-gourmandes-de-joce.fr\/index.php\/index\/aperitifs-amuses-bouches\/verrines-froides\/verrines-aperitives-tomate-olives-chevre-frais-aux-saveurs-provencales\/\"><span style=\"color: #800080;\"><span style=\"font-size: 14pt; font-family: georgia, palatino, serif;\"><em>Verrines ap\u00e9ritives tomate, olives, ch\u00e8vre frais aux saveurs proven\u00e7ales<\/em><\/span><\/span><\/a><\/p>\n<\/li>\n<li>\n<p class=\"post-title entry-title\"><a href=\"http:\/\/recettes-gourmandes-de-joce.fr\/index.php\/index\/aperitifs-amuses-bouches\/feuilletes-aperitifs\/feuilletes-aperitifs-au-jambon-et-a-lemmental\/\"><span style=\"color: #800080;\"><span style=\"font-size: 14pt; font-family: georgia, palatino, serif;\"><em>Feuillet\u00e9s ap\u00e9ritifs au jambon et \u00e0 l\u2019emmental<\/em><\/span><\/span><\/a><\/p>\n<\/li>\n<\/ul>\n<p style=\"text-align: center;\"><span style=\"text-decoration: underline; color: #339966;\"><span style=\"font-size: 18pt; font-family: georgia, palatino, serif;\"><em>Entr\u00e9es<\/em><\/span><\/span><\/p>\n<p style=\"text-align: center;\"><a href=\"http:\/\/recettes-gourmandes-de-joce.fr\/index.php\/index\/entrees\/entrees-chaudes\/saucisse-de-morteau-briochee\/\"><img loading=\"lazy\" decoding=\"async\" class=\"alignnone wp-image-43962\" src=\"http:\/\/recettes-gourmandes-de-joce.fr\/wp-content\/uploads\/2022\/04\/saucisse-brioche22-300x185.jpg\" alt=\"\" width=\"283\" height=\"175\" srcset=\"http:\/\/recettes-gourmandes-de-joce.fr\/wp-content\/uploads\/2022\/04\/saucisse-brioche22-300x185.jpg 300w, http:\/\/recettes-gourmandes-de-joce.fr\/wp-content\/uploads\/2022\/04\/saucisse-brioche22.jpg 731w\" sizes=\"auto, (max-width: 283px) 100vw, 283px\" \/><\/a> <a href=\"http:\/\/recettes-gourmandes-de-joce.fr\/index.php\/index\/poissons-coquillages\/coquillages-crustaces\/st-jacques-et-crevettes-aux-asperges\/\"><img loading=\"lazy\" decoding=\"async\" class=\"alignnone wp-image-43947\" src=\"http:\/\/recettes-gourmandes-de-joce.fr\/wp-content\/uploads\/2022\/04\/st-jacques-asperges27-300x225.jpg\" alt=\"\" width=\"233\" height=\"175\" srcset=\"http:\/\/recettes-gourmandes-de-joce.fr\/wp-content\/uploads\/2022\/04\/st-jacques-asperges27-300x225.jpg 300w, http:\/\/recettes-gourmandes-de-joce.fr\/wp-content\/uploads\/2022\/04\/st-jacques-asperges27-768x576.jpg 768w, http:\/\/recettes-gourmandes-de-joce.fr\/wp-content\/uploads\/2022\/04\/st-jacques-asperges27-750x563.jpg 750w, http:\/\/recettes-gourmandes-de-joce.fr\/wp-content\/uploads\/2022\/04\/st-jacques-asperges27.jpg 800w\" sizes=\"auto, (max-width: 233px) 100vw, 233px\" \/><\/a><\/p>\n<ul>\n<li>\n<p class=\"post-title entry-title\"><a href=\"http:\/\/recettes-gourmandes-de-joce.fr\/index.php\/index\/entrees\/entrees-chaudes\/saucisse-de-morteau-briochee\/\"><span style=\"color: #800080;\"><em><span style=\"font-size: 14pt; font-family: georgia, palatino, serif;\">Saucisse de Morteau brioch\u00e9e<\/span><\/em><\/span><\/a><\/p>\n<\/li>\n<li>\n<p class=\"post-title entry-title\"><a href=\"http:\/\/recettes-gourmandes-de-joce.fr\/index.php\/index\/poissons-coquillages\/coquillages-crustaces\/st-jacques-et-crevettes-aux-asperges\/\"><span style=\"color: #800080;\"><span style=\"font-size: 14pt; font-family: georgia, palatino, serif;\"><em>St Jacques et crevettes aux asperges<\/em><\/span><\/span><\/a><\/p>\n<\/li>\n<\/ul>\n<p style=\"text-align: center;\"><span style=\"font-family: georgia, palatino, serif; color: #ff9900;\"><em><span style=\"text-decoration: underline; font-size: 18pt;\">Plats<\/span><\/em><\/span><\/p>\n<p style=\"text-align: center;\"><a href=\"http:\/\/recettes-gourmandes-de-joce.fr\/index.php\/index\/viandes\/agneau-mouton\/epaule-dagneau-aux-oignons-confits-et-romarin\/\"><img loading=\"lazy\" decoding=\"async\" class=\"alignnone wp-image-43964\" src=\"http:\/\/recettes-gourmandes-de-joce.fr\/wp-content\/uploads\/2022\/04\/epaule-d-agneau-32-002-300x212.jpg\" alt=\"\" width=\"255\" height=\"180\" srcset=\"http:\/\/recettes-gourmandes-de-joce.fr\/wp-content\/uploads\/2022\/04\/epaule-d-agneau-32-002-300x212.jpg 300w, http:\/\/recettes-gourmandes-de-joce.fr\/wp-content\/uploads\/2022\/04\/epaule-d-agneau-32-002-768x542.jpg 768w, http:\/\/recettes-gourmandes-de-joce.fr\/wp-content\/uploads\/2022\/04\/epaule-d-agneau-32-002-750x529.jpg 750w, http:\/\/recettes-gourmandes-de-joce.fr\/wp-content\/uploads\/2022\/04\/epaule-d-agneau-32-002.jpg 787w\" sizes=\"auto, (max-width: 255px) 100vw, 255px\" \/><\/a> <a href=\"http:\/\/recettes-gourmandes-de-joce.fr\/index.php\/index\/poissons-coquillages\/coquillages-crustaces\/st-jacques-et-son-risotto-aux-cepes-sauce-cremee\/\"><img loading=\"lazy\" decoding=\"async\" class=\"alignnone wp-image-43953\" src=\"http:\/\/recettes-gourmandes-de-joce.fr\/wp-content\/uploads\/2022\/04\/st-jacques-cepes2-300x182.jpg\" alt=\"\" width=\"296\" height=\"180\" srcset=\"http:\/\/recettes-gourmandes-de-joce.fr\/wp-content\/uploads\/2022\/04\/st-jacques-cepes2-300x182.jpg 300w, http:\/\/recettes-gourmandes-de-joce.fr\/wp-content\/uploads\/2022\/04\/st-jacques-cepes2-768x467.jpg 768w, http:\/\/recettes-gourmandes-de-joce.fr\/wp-content\/uploads\/2022\/04\/st-jacques-cepes2-750x456.jpg 750w, http:\/\/recettes-gourmandes-de-joce.fr\/wp-content\/uploads\/2022\/04\/st-jacques-cepes2.jpg 800w\" sizes=\"auto, (max-width: 296px) 100vw, 296px\" \/><\/a><\/p>\n<ul>\n<li>\n<p class=\"post-title entry-title\"><a href=\"http:\/\/recettes-gourmandes-de-joce.fr\/index.php\/index\/viandes\/agneau-mouton\/epaule-dagneau-aux-oignons-confits-et-romarin\/\"><span style=\"color: #800080;\"><span style=\"font-size: 14pt; font-family: georgia, palatino, serif;\"><em>Epaule d\u2019agneau aux oignons confits et romarin, accompagn\u00e9e de flageolets<\/em><\/span><\/span><\/a><\/p>\n<\/li>\n<li>\n<p class=\"post-title entry-title\"><a href=\"http:\/\/recettes-gourmandes-de-joce.fr\/index.php\/index\/poissons-coquillages\/coquillages-crustaces\/st-jacques-et-son-risotto-aux-cepes-sauce-cremee\/\"><span style=\"color: #800080;\"><span style=\"font-size: 14pt; font-family: georgia, palatino, serif;\"><em>St Jacques et son risotto aux c\u00e8pes, sauce cr\u00e9m\u00e9e<\/em><\/span><\/span><\/a><\/p>\n<\/li>\n<\/ul>\n<p style=\"text-align: center;\"><span style=\"text-decoration: underline; color: #339966;\"><span style=\"font-size: 18pt; font-family: georgia, palatino, serif;\"><em>Pain<\/em><\/span><\/span><\/p>\n<p style=\"text-align: center;\"><a href=\"http:\/\/recettes-gourmandes-de-joce.fr\/index.php\/index\/pains-viennoiseries-map\/map-machine-a-pain\/pain-baguettes-petits-pains\/\"><img loading=\"lazy\" decoding=\"async\" class=\"alignnone wp-image-43957\" src=\"http:\/\/recettes-gourmandes-de-joce.fr\/wp-content\/uploads\/2022\/04\/Logitech-Gaming-Software-19102019-222404-229x300.jpg\" alt=\"\" width=\"153\" height=\"200\" srcset=\"http:\/\/recettes-gourmandes-de-joce.fr\/wp-content\/uploads\/2022\/04\/Logitech-Gaming-Software-19102019-222404-229x300.jpg 229w, http:\/\/recettes-gourmandes-de-joce.fr\/wp-content\/uploads\/2022\/04\/Logitech-Gaming-Software-19102019-222404.jpg 489w\" sizes=\"auto, (max-width: 153px) 100vw, 153px\" \/><\/a><\/p>\n<ul>\n<li><a href=\"http:\/\/recettes-gourmandes-de-joce.fr\/index.php\/index\/pains-viennoiseries-map\/map-machine-a-pain\/pain-baguettes-petits-pains\/\"><span style=\"color: #800080;\"><span style=\"font-size: 14pt; font-family: georgia, palatino, serif;\"><em>Pain, baguettes, petits pains<\/em><\/span><\/span><\/a><\/li>\n<\/ul>\n<p style=\"text-align: center;\"><span style=\"text-decoration: underline; color: #ff9900;\"><span style=\"font-size: 18pt; font-family: georgia, palatino, serif;\"><em> Desserts<\/em><\/span><\/span><\/p>\n<p style=\"text-align: center;\"><a href=\"http:\/\/recettes-gourmandes-de-joce.fr\/index.php\/index\/desserts\/tartes-gateaux\/cheesecake-aux-speculos-sans-oeufs\/\"><img loading=\"lazy\" decoding=\"async\" class=\"alignnone wp-image-43955\" src=\"http:\/\/recettes-gourmandes-de-joce.fr\/wp-content\/uploads\/2022\/04\/20210620_131205-300x225.jpg\" alt=\"\" width=\"240\" height=\"180\" srcset=\"http:\/\/recettes-gourmandes-de-joce.fr\/wp-content\/uploads\/2022\/04\/20210620_131205-300x225.jpg 300w, http:\/\/recettes-gourmandes-de-joce.fr\/wp-content\/uploads\/2022\/04\/20210620_131205-768x576.jpg 768w, http:\/\/recettes-gourmandes-de-joce.fr\/wp-content\/uploads\/2022\/04\/20210620_131205-750x563.jpg 750w, http:\/\/recettes-gourmandes-de-joce.fr\/wp-content\/uploads\/2022\/04\/20210620_131205.jpg 800w\" sizes=\"auto, (max-width: 240px) 100vw, 240px\" \/><\/a> \u00a0<a href=\"http:\/\/recettes-gourmandes-de-joce.fr\/index.php\/index\/desserts\/cremes-mousses-flan\/verrines-de-mousse-de-fraises-aux-fruits-rouges\/\"><img loading=\"lazy\" decoding=\"async\" class=\"alignnone wp-image-43958\" src=\"http:\/\/recettes-gourmandes-de-joce.fr\/wp-content\/uploads\/2022\/04\/mousse-fraise1-300x225.jpg\" alt=\"\" width=\"240\" height=\"180\" srcset=\"http:\/\/recettes-gourmandes-de-joce.fr\/wp-content\/uploads\/2022\/04\/mousse-fraise1-300x225.jpg 300w, http:\/\/recettes-gourmandes-de-joce.fr\/wp-content\/uploads\/2022\/04\/mousse-fraise1-768x576.jpg 768w, http:\/\/recettes-gourmandes-de-joce.fr\/wp-content\/uploads\/2022\/04\/mousse-fraise1-750x563.jpg 750w, http:\/\/recettes-gourmandes-de-joce.fr\/wp-content\/uploads\/2022\/04\/mousse-fraise1.jpg 800w\" sizes=\"auto, (max-width: 240px) 100vw, 240px\" \/><\/a><\/p>\n<ul>\n<li>\n<p class=\"post-title entry-title\"><a href=\"http:\/\/recettes-gourmandes-de-joce.fr\/index.php\/index\/desserts\/tartes-gateaux\/cheesecake-aux-speculos-sans-oeufs\/\"><span style=\"color: #800080;\"><span style=\"font-size: 14pt; font-family: georgia, palatino, serif;\"><em>Cheesecake aux sp\u00e9culos sans cuisson<\/em><\/span><\/span><\/a><\/p>\n<\/li>\n<li>\n<p class=\"post-title entry-title\"><a href=\"http:\/\/recettes-gourmandes-de-joce.fr\/index.php\/index\/desserts\/cremes-mousses-flan\/verrines-de-mousse-de-fraises-aux-fruits-rouges\/\"><span style=\"color: #800080;\"><em><span style=\"font-family: georgia, palatino, serif; font-size: 14pt;\">Verrines de mousse de fraises aux fruits rouges<\/span><\/em><\/span><\/a><\/p>\n<\/li>\n<\/ul>\n<p style=\"text-align: center;\"><span style=\"text-decoration: underline; color: #339966;\"><span style=\"font-size: 18pt; font-family: georgia, palatino, serif;\"><em>D\u00e9coration de table et pliage de serviette<\/em><\/span><\/span><\/p>\n<p style=\"text-align: center;\"><a href=\"http:\/\/recettes-gourmandes-de-joce.fr\/index.php\/index-divers\/decorations-de-table\/decorations-de-table\/decoration-de-table-de-paques-n4\/\"><img loading=\"lazy\" decoding=\"async\" class=\"alignnone wp-image-43959\" src=\"http:\/\/recettes-gourmandes-de-joce.fr\/wp-content\/uploads\/2022\/04\/P4130266-300x225.jpg\" alt=\"\" width=\"267\" height=\"200\" srcset=\"http:\/\/recettes-gourmandes-de-joce.fr\/wp-content\/uploads\/2022\/04\/P4130266-300x225.jpg 300w, http:\/\/recettes-gourmandes-de-joce.fr\/wp-content\/uploads\/2022\/04\/P4130266.jpg 550w\" sizes=\"auto, (max-width: 267px) 100vw, 267px\" \/><\/a> <a href=\"http:\/\/recettes-gourmandes-de-joce.fr\/index.php\/index-divers\/decorations-de-table\/pliage-de-serviette-de-table\/pliage-de-serviette-de-table-en-forme-de-coquetier\/\"><img loading=\"lazy\" decoding=\"async\" class=\"alignnone wp-image-43960\" src=\"http:\/\/recettes-gourmandes-de-joce.fr\/wp-content\/uploads\/2022\/04\/P4220142-244x300.jpg\" alt=\"\" width=\"163\" height=\"200\" srcset=\"http:\/\/recettes-gourmandes-de-joce.fr\/wp-content\/uploads\/2022\/04\/P4220142-244x300.jpg 244w, http:\/\/recettes-gourmandes-de-joce.fr\/wp-content\/uploads\/2022\/04\/P4220142.jpg 396w\" sizes=\"auto, (max-width: 163px) 100vw, 163px\" \/><\/a><\/p>\n<ul>\n<li>\n<p class=\"post-title entry-title\"><a href=\"http:\/\/recettes-gourmandes-de-joce.fr\/index.php\/index-divers\/decorations-de-table\/decorations-de-table\/decoration-de-table-de-paques-n4\/\"><span style=\"color: #800080;\"><em><span style=\"font-family: georgia, palatino, serif; font-size: 14pt;\">D\u00e9coration de table de P\u00e2ques N\u00b04<\/span><\/em><\/span><\/a><\/p>\n<\/li>\n<li>\n<p class=\"post-title entry-title\"><a href=\"http:\/\/recettes-gourmandes-de-joce.fr\/index.php\/index-divers\/decorations-de-table\/pliage-de-serviette-de-table\/pliage-de-serviette-de-table-en-forme-de-coquetier\/\"><span style=\"color: #800080;\"><span style=\"font-size: 14pt; font-family: georgia, palatino, serif;\"><em>Pliage de serviette de table en forme de coquetier<\/em><\/span><\/span><\/a><\/p>\n<\/li>\n<\/ul>\n<p style=\"text-align: center;\"><span style=\"color: #ff9900;\"><em><span style=\"text-decoration: underline; font-size: 18pt; font-family: georgia, palatino, serif;\">Joyeuses f\u00eates de P\u00e2ques<\/span><\/em><\/span><\/p>\n<p style=\"text-align: center;\"><img loading=\"lazy\" decoding=\"async\" class=\"alignnone wp-image-37354 size-full\" src=\"http:\/\/recettes-gourmandes-de-joce.fr\/wp-content\/uploads\/2021\/06\/logitech-gaming-software-14112014-121223.jpg\" alt=\"\" width=\"640\" height=\"144\" srcset=\"http:\/\/recettes-gourmandes-de-joce.fr\/wp-content\/uploads\/2021\/06\/logitech-gaming-software-14112014-121223.jpg 640w, http:\/\/recettes-gourmandes-de-joce.fr\/wp-content\/uploads\/2021\/06\/logitech-gaming-software-14112014-121223-300x68.jpg 300w\" sizes=\"auto, (max-width: 640px) 100vw, 640px\" \/><\/p>\n<p>&nbsp;<\/p>\n<p>&nbsp;<\/p>\n<p>&nbsp;<\/p>\n<p>&nbsp;<\/p>\n","protected":false},"excerpt":{"rendered":"<p>Menu de P\u00e2ques N\u00b05. Cliquez sur le photos ou les titres des recettes pour vous rendre sur les recettes. Trois autres menus de P\u00e2ques sont disponibles sur ces liens Ap\u00e9ritif Ros\u00e9 Pamplemousse\u00a0 Amuses bouches B\u00fbchettes ap\u00e9ritives \u00e0 la truite fum\u00e9e, piment d\u2019Espelette et citron vert Verrines ap\u00e9ritives tomate, olives, ch\u00e8vre frais aux saveurs proven\u00e7ales Feuillet\u00e9s &hellip; <\/p>\n<p><a class=\"more-link btn\" href=\"http:\/\/recettes-gourmandes-de-joce.fr\/index.php\/index\/menus-buffet-courses\/menu-a-theme\/menu-de-paques-n5\/\">Lire la suite<\/a><\/p>\n","protected":false},"author":2,"featured_media":88195,"parent":253,"menu_order":0,"comment_status":"open","ping_status":"closed","template":"","meta":{"footnotes":""},"class_list":["post-43963","page","type-page","status-publish","has-post-thumbnail","hentry","nodate","item-wrap"],"_links":{"self":[{"href":"http:\/\/recettes-gourmandes-de-joce.fr\/index.php\/wp-json\/wp\/v2\/pages\/43963","targetHints":{"allow":["GET"]}}],"collection":[{"href":"http:\/\/recettes-gourmandes-de-joce.fr\/index.php\/wp-json\/wp\/v2\/pages"}],"about":[{"href":"http:\/\/recettes-gourmandes-de-joce.fr\/index.php\/wp-json\/wp\/v2\/types\/page"}],"author":[{"embeddable":true,"href":"http:\/\/recettes-gourmandes-de-joce.fr\/index.php\/wp-json\/wp\/v2\/users\/2"}],"replies":[{"embeddable":true,"href":"http:\/\/recettes-gourmandes-de-joce.fr\/index.php\/wp-json\/wp\/v2\/comments?post=43963"}],"version-history":[{"count":8,"href":"http:\/\/recettes-gourmandes-de-joce.fr\/index.php\/wp-json\/wp\/v2\/pages\/43963\/revisions"}],"predecessor-version":[{"id":88196,"href":"http:\/\/recettes-gourmandes-de-joce.fr\/index.php\/wp-json\/wp\/v2\/pages\/43963\/revisions\/88196"}],"up":[{"embeddable":true,"href":"http:\/\/recettes-gourmandes-de-joce.fr\/index.php\/wp-json\/wp\/v2\/pages\/253"}],"wp:featuredmedia":[{"embeddable":true,"href":"http:\/\/recettes-gourmandes-de-joce.fr\/index.php\/wp-json\/wp\/v2\/media\/88195"}],"wp:attachment":[{"href":"http:\/\/recettes-gourmandes-de-joce.fr\/index.php\/wp-json\/wp\/v2\/media?parent=43963"}],"curies":[{"name":"wp","href":"https:\/\/api.w.org\/{rel}","templated":true}]}}