{"id":4384,"date":"2019-10-13T14:21:13","date_gmt":"2019-10-13T14:21:13","guid":{"rendered":"http:\/\/recettes-gourmandes-de-joce.fr\/?page_id=4384"},"modified":"2025-03-25T10:06:05","modified_gmt":"2025-03-25T10:06:05","slug":"roses-des-sables-au-chocolat-noir-blanc-au-lait","status":"publish","type":"page","link":"http:\/\/recettes-gourmandes-de-joce.fr\/index.php\/index\/desserts\/chocolats-friandises\/roses-des-sables-au-chocolat-noir-blanc-au-lait\/","title":{"rendered":"Roses des sables au chocolat noir, blanc, au lait."},"content":{"rendered":"<p style=\"text-align: center;\"><span style=\"text-decoration: underline; color: #993300;\"><span style=\"font-size: 18pt; font-family: georgia, palatino, serif;\"><em>Une de mes recettes<\/em><\/span><\/span><\/p>\n<p style=\"text-align: center;\"><strong><img loading=\"lazy\" decoding=\"async\" class=\"alignnone wp-image-4280\" src=\"http:\/\/recettes-gourmandes-de-joce.fr\/wp-content\/uploads\/2019\/10\/pa311002-1-150x150.jpg\" alt=\"\" width=\"227\" height=\"170\" srcset=\"http:\/\/recettes-gourmandes-de-joce.fr\/wp-content\/uploads\/2019\/10\/pa311002-1-300x225.jpg 300w, http:\/\/recettes-gourmandes-de-joce.fr\/wp-content\/uploads\/2019\/10\/pa311002-1.jpg 640w\" sizes=\"auto, (max-width: 227px) 100vw, 227px\" \/> <img loading=\"lazy\" decoding=\"async\" class=\"alignnone wp-image-4282\" src=\"http:\/\/recettes-gourmandes-de-joce.fr\/wp-content\/uploads\/2019\/10\/pa311007-1-150x150.jpg\" alt=\"\" width=\"227\" height=\"170\" srcset=\"http:\/\/recettes-gourmandes-de-joce.fr\/wp-content\/uploads\/2019\/10\/pa311007-1-300x225.jpg 300w, http:\/\/recettes-gourmandes-de-joce.fr\/wp-content\/uploads\/2019\/10\/pa311007-1.jpg 640w\" sizes=\"auto, (max-width: 227px) 100vw, 227px\" \/><\/strong><span style=\"font-family: georgia, palatino, serif;\">\u00a0<img loading=\"lazy\" decoding=\"async\" class=\"alignnone wp-image-4279\" src=\"http:\/\/recettes-gourmandes-de-joce.fr\/wp-content\/uploads\/2019\/10\/pa311000-1-150x150.jpg\" alt=\"\" width=\"227\" height=\"170\" srcset=\"http:\/\/recettes-gourmandes-de-joce.fr\/wp-content\/uploads\/2019\/10\/pa311000-1-300x225.jpg 300w, http:\/\/recettes-gourmandes-de-joce.fr\/wp-content\/uploads\/2019\/10\/pa311000-1.jpg 640w\" sizes=\"auto, (max-width: 227px) 100vw, 227px\" \/><\/span><\/p>\n<p style=\"text-align: center;\"><span style=\"font-family: georgia, palatino, serif;\"><img loading=\"lazy\" decoding=\"async\" class=\"alignnone wp-image-4281\" src=\"http:\/\/recettes-gourmandes-de-joce.fr\/wp-content\/uploads\/2019\/10\/pa311004-1-150x150.jpg\" alt=\"\" width=\"295\" height=\"170\" srcset=\"http:\/\/recettes-gourmandes-de-joce.fr\/wp-content\/uploads\/2019\/10\/pa311004-1-300x173.jpg 300w, http:\/\/recettes-gourmandes-de-joce.fr\/wp-content\/uploads\/2019\/10\/pa311004-1.jpg 640w\" sizes=\"auto, (max-width: 295px) 100vw, 295px\" \/> <img loading=\"lazy\" decoding=\"async\" class=\"alignnone wp-image-4246\" src=\"http:\/\/recettes-gourmandes-de-joce.fr\/wp-content\/uploads\/2019\/10\/100-2355-1-150x150.jpg\" alt=\"\" width=\"259\" height=\"170\" srcset=\"http:\/\/recettes-gourmandes-de-joce.fr\/wp-content\/uploads\/2019\/10\/100-2355-1-300x197.jpg 300w, http:\/\/recettes-gourmandes-de-joce.fr\/wp-content\/uploads\/2019\/10\/100-2355-1.jpg 640w\" sizes=\"auto, (max-width: 259px) 100vw, 259px\" \/><\/span><\/p>\n<p style=\"text-align: center;\"><span style=\"font-family: georgia, palatino, serif;\"><span style=\"color: #993300; font-size: x-large; text-decoration: underline;\"><em><span style=\"text-decoration: underline;\">Ingr\u00e9dients pour 12 roses au chocolat au lait ou noir<\/span><\/em><\/span><\/span><\/p>\n<p style=\"text-align: center;\"><span style=\"font-family: georgia, palatino, serif;\"><img loading=\"lazy\" decoding=\"async\" class=\"alignnone wp-image-4259\" src=\"http:\/\/recettes-gourmandes-de-joce.fr\/wp-content\/uploads\/2019\/10\/pa310973-1-150x150.jpg\" alt=\"\" width=\"281\" height=\"170\" srcset=\"http:\/\/recettes-gourmandes-de-joce.fr\/wp-content\/uploads\/2019\/10\/pa310973-1-300x181.jpg 300w, http:\/\/recettes-gourmandes-de-joce.fr\/wp-content\/uploads\/2019\/10\/pa310973-1.jpg 640w\" sizes=\"auto, (max-width: 281px) 100vw, 281px\" \/><\/span><\/p>\n<p style=\"text-align: center;\"><span style=\"font-family: georgia, palatino, serif;\"><span style=\"color: #993300; font-size: large;\"><em>100 g de chocolat noir ou 150 g de chocolat au lait<\/em><\/span><\/span><\/p>\n<p style=\"text-align: center;\"><span style=\"font-family: georgia, palatino, serif;\"><span style=\"color: #993300; font-size: large;\"><em>(Le chocolat au lait couvre moins donc il faut en mettre plus)<\/em><\/span><\/span><\/p>\n<p style=\"text-align: center;\"><span style=\"font-family: georgia, palatino, serif;\"><span style=\"color: #993300; font-size: large;\"><em>Ou pour varier les go\u00fbts de la pralinoise, du chocolat \u00e0 p\u00e2tisser au caramel ou caf\u00e9 etc&#8230;<\/em><\/span><\/span><\/p>\n<p style=\"text-align: center;\"><span style=\"font-family: georgia, palatino, serif;\"><span style=\"color: #993300; font-size: large;\"><em>\u00a050 g de beurre <\/em><\/span><\/span><\/p>\n<p style=\"text-align: center;\"><span style=\"font-family: georgia, palatino, serif;\"><span style=\"color: #993300; font-size: large;\"><em>25 g de sucre <\/em><\/span><span style=\"color: #993300; font-size: large;\"><em>glace <\/em><\/span><\/span><\/p>\n<p style=\"text-align: center;\"><span style=\"font-family: georgia, palatino, serif;\"><span style=\"color: #993300; font-size: large;\"><em>100 g de corn flakes <\/em><\/span><\/span><\/p>\n<p style=\"text-align: center;\"><span style=\"font-family: georgia, palatino, serif;\"><span style=\"color: #993300; font-size: large;\"><em><span style=\"text-decoration: underline;\">Pour 12 roses au chocolat blanc<\/span> <\/em><\/span><\/span><\/p>\n<p style=\"text-align: center;\"><span style=\"font-family: georgia, palatino, serif;\"><span style=\"color: #993300; font-size: large;\"><em>100 g de chocolat blanc<\/em><\/span><\/span><\/p>\n<p style=\"text-align: center;\"><span style=\"font-family: georgia, palatino, serif;\"><span style=\"color: #993300; font-size: large;\"><em>\u00a0\u00a025 g de beurre <\/em><\/span><\/span><\/p>\n<p style=\"text-align: center;\"><span style=\"font-family: georgia, palatino, serif;\"><span style=\"color: #993300; font-size: large;\"><em><span style=\"color: #993300; font-size: large;\"><em>25 g de sucre <\/em><\/span><span style=\"color: #993300; font-size: large;\"><em>glace <\/em><\/span><\/em><\/span><\/span><\/p>\n<p style=\"text-align: center;\"><span style=\"font-family: georgia, palatino, serif;\"><span style=\"color: #993300;\"><em><span style=\"font-size: 12pt;\"><span style=\"font-size: large;\">100 g de corn-flakes <\/span><\/span><\/em><\/span><\/span><\/p>\n<p style=\"text-align: center;\"><span style=\"font-family: georgia, palatino, serif;\"><span style=\"color: #993300;\"><em><span style=\"font-size: 12pt;\"><span style=\"font-size: large;\">2 cuill\u00e8res \u00e0 soupe de lait<\/span> <\/span><\/em><\/span><\/span><\/p>\n<p style=\"text-align: center;\"><span style=\"font-family: georgia, palatino, serif;\"><img loading=\"lazy\" decoding=\"async\" class=\"alignnone wp-image-4270\" src=\"http:\/\/recettes-gourmandes-de-joce.fr\/wp-content\/uploads\/2019\/10\/pa310987-1-150x150.jpg\" alt=\"\" width=\"227\" height=\"170\" srcset=\"http:\/\/recettes-gourmandes-de-joce.fr\/wp-content\/uploads\/2019\/10\/pa310987-1-300x225.jpg 300w, http:\/\/recettes-gourmandes-de-joce.fr\/wp-content\/uploads\/2019\/10\/pa310987-1.jpg 640w\" sizes=\"auto, (max-width: 227px) 100vw, 227px\" \/> <img loading=\"lazy\" decoding=\"async\" class=\"alignnone wp-image-4271\" src=\"http:\/\/recettes-gourmandes-de-joce.fr\/wp-content\/uploads\/2019\/10\/pa310989-1-150x150.jpg\" alt=\"\" width=\"227\" height=\"170\" srcset=\"http:\/\/recettes-gourmandes-de-joce.fr\/wp-content\/uploads\/2019\/10\/pa310989-1-300x225.jpg 300w, http:\/\/recettes-gourmandes-de-joce.fr\/wp-content\/uploads\/2019\/10\/pa310989-1.jpg 640w\" sizes=\"auto, (max-width: 227px) 100vw, 227px\" \/> <img loading=\"lazy\" decoding=\"async\" class=\"alignnone wp-image-4272\" src=\"http:\/\/recettes-gourmandes-de-joce.fr\/wp-content\/uploads\/2019\/10\/pa310990-1-150x150.jpg\" alt=\"\" width=\"227\" height=\"170\" srcset=\"http:\/\/recettes-gourmandes-de-joce.fr\/wp-content\/uploads\/2019\/10\/pa310990-1-300x225.jpg 300w, http:\/\/recettes-gourmandes-de-joce.fr\/wp-content\/uploads\/2019\/10\/pa310990-1.jpg 640w\" sizes=\"auto, (max-width: 227px) 100vw, 227px\" \/><\/span><\/p>\n<p style=\"text-align: center;\"><span style=\"font-family: georgia, palatino, serif;\"><span style=\"color: #993300; font-size: large;\"><em>Dans un saladier, mettre le beurre. Y casser le chocolat blanc puis ajouter les 2 cuill\u00e8res \u00e0 soupe de lait, le sucre glace. Faire fondre au micro-ondes 1 mn 30 \u00e0 pleine puissance ou au bain marie.<\/em><\/span><\/span><\/p>\n<p style=\"text-align: center;\"><span style=\"font-family: georgia, palatino, serif;\"><img loading=\"lazy\" decoding=\"async\" class=\"alignnone wp-image-4273\" src=\"http:\/\/recettes-gourmandes-de-joce.fr\/wp-content\/uploads\/2019\/10\/pa310991-1-150x150.jpg\" alt=\"\" width=\"173\" height=\"170\" srcset=\"http:\/\/recettes-gourmandes-de-joce.fr\/wp-content\/uploads\/2019\/10\/pa310991-1-300x295.jpg 300w, http:\/\/recettes-gourmandes-de-joce.fr\/wp-content\/uploads\/2019\/10\/pa310991-1.jpg 610w\" sizes=\"auto, (max-width: 173px) 100vw, 173px\" \/> <img loading=\"lazy\" decoding=\"async\" class=\"alignnone wp-image-4274\" src=\"http:\/\/recettes-gourmandes-de-joce.fr\/wp-content\/uploads\/2019\/10\/pa310992-1-150x150.jpg\" alt=\"\" width=\"196\" height=\"170\" srcset=\"http:\/\/recettes-gourmandes-de-joce.fr\/wp-content\/uploads\/2019\/10\/pa310992-1-300x260.jpg 300w, http:\/\/recettes-gourmandes-de-joce.fr\/wp-content\/uploads\/2019\/10\/pa310992-1.jpg 640w\" sizes=\"auto, (max-width: 196px) 100vw, 196px\" \/> <img loading=\"lazy\" decoding=\"async\" class=\"alignnone wp-image-4275\" src=\"http:\/\/recettes-gourmandes-de-joce.fr\/wp-content\/uploads\/2019\/10\/pa310993-1-150x150.jpg\" alt=\"\" width=\"227\" height=\"170\" srcset=\"http:\/\/recettes-gourmandes-de-joce.fr\/wp-content\/uploads\/2019\/10\/pa310993-1-300x225.jpg 300w, http:\/\/recettes-gourmandes-de-joce.fr\/wp-content\/uploads\/2019\/10\/pa310993-1.jpg 640w\" sizes=\"auto, (max-width: 227px) 100vw, 227px\" \/><\/span><\/p>\n<p style=\"text-align: center;\"><span style=\"font-family: georgia, palatino, serif;\"><span style=\"color: #993300; font-size: large;\"><em><em><span style=\"color: #808080; font-size: 12pt;\"><span style=\"color: #993300; font-size: large;\">\u00a0Bien m\u00e9langer les ingr\u00e9dients et ajouter les corn-flakes. Dans une plaque \u00e0 mini tartelettes en silicone ou sur du papier sulfuris\u00e9, faire des petits tas. R\u00e9server et laisser durcir. <\/span><\/span><\/em><\/em><\/span><\/span><\/p>\n<p style=\"text-align: center;\"><span style=\"font-family: georgia, palatino, serif;\"><span style=\"font-size: x-large; text-decoration: underline;\"><em><span style=\"color: #808080;\"><span style=\"color: #993300; text-decoration: underline;\">Au chocolat au lait<\/span><\/span><\/em><\/span><\/span><\/p>\n<p style=\"text-align: center;\"><span style=\"font-family: georgia, palatino, serif;\"><img loading=\"lazy\" decoding=\"async\" class=\"alignnone wp-image-4265\" src=\"http:\/\/recettes-gourmandes-de-joce.fr\/wp-content\/uploads\/2019\/10\/pa310983-1-150x150.jpg\" alt=\"\" width=\"218\" height=\"170\" srcset=\"http:\/\/recettes-gourmandes-de-joce.fr\/wp-content\/uploads\/2019\/10\/pa310983-1-300x234.jpg 300w, http:\/\/recettes-gourmandes-de-joce.fr\/wp-content\/uploads\/2019\/10\/pa310983-1.jpg 640w\" sizes=\"auto, (max-width: 218px) 100vw, 218px\" \/> <img loading=\"lazy\" decoding=\"async\" class=\"alignnone wp-image-4266\" src=\"http:\/\/recettes-gourmandes-de-joce.fr\/wp-content\/uploads\/2019\/10\/pa310984-1-150x150.jpg\" alt=\"\" width=\"227\" height=\"170\" srcset=\"http:\/\/recettes-gourmandes-de-joce.fr\/wp-content\/uploads\/2019\/10\/pa310984-1-300x225.jpg 300w, http:\/\/recettes-gourmandes-de-joce.fr\/wp-content\/uploads\/2019\/10\/pa310984-1.jpg 640w\" sizes=\"auto, (max-width: 227px) 100vw, 227px\" \/> <img loading=\"lazy\" decoding=\"async\" class=\"alignnone wp-image-4268\" src=\"http:\/\/recettes-gourmandes-de-joce.fr\/wp-content\/uploads\/2019\/10\/pa310985-001-1-150x150.jpg\" alt=\"\" width=\"156\" height=\"170\" srcset=\"http:\/\/recettes-gourmandes-de-joce.fr\/wp-content\/uploads\/2019\/10\/pa310985-001-1-276x300.jpg 276w, http:\/\/recettes-gourmandes-de-joce.fr\/wp-content\/uploads\/2019\/10\/pa310985-001-1.jpg 551w\" sizes=\"auto, (max-width: 156px) 100vw, 156px\" \/><\/span><\/p>\n<p style=\"text-align: center;\"><span style=\"font-family: georgia, palatino, serif;\"><em><span style=\"color: #808080; font-size: 12pt;\"><span style=\"color: #993300; font-size: large;\"><span style=\"color: #993300; font-size: large;\"><em>Dans un saladier, mettre le beurre et\u00a0casser le chocolat au lait, ajouter le sucre glace. Faire fondre au micro-ondes 1 mn 30 \u00e0 pleine puissance ou au bain marie.<\/em><\/span><\/span><\/span><\/em><\/span><\/p>\n<p style=\"text-align: center;\"><span style=\"font-family: georgia, palatino, serif;\"><img loading=\"lazy\" decoding=\"async\" class=\"alignnone wp-image-4269\" src=\"http:\/\/recettes-gourmandes-de-joce.fr\/wp-content\/uploads\/2019\/10\/pa310986-1-150x150.jpg\" alt=\"\" width=\"227\" height=\"170\" srcset=\"http:\/\/recettes-gourmandes-de-joce.fr\/wp-content\/uploads\/2019\/10\/pa310986-1-300x225.jpg 300w, http:\/\/recettes-gourmandes-de-joce.fr\/wp-content\/uploads\/2019\/10\/pa310986-1.jpg 640w\" sizes=\"auto, (max-width: 227px) 100vw, 227px\" \/> <img loading=\"lazy\" decoding=\"async\" class=\"alignnone wp-image-4276\" src=\"http:\/\/recettes-gourmandes-de-joce.fr\/wp-content\/uploads\/2019\/10\/pa310994-1-150x150.jpg\" alt=\"\" width=\"254\" height=\"170\" srcset=\"http:\/\/recettes-gourmandes-de-joce.fr\/wp-content\/uploads\/2019\/10\/pa310994-1-300x201.jpg 300w, http:\/\/recettes-gourmandes-de-joce.fr\/wp-content\/uploads\/2019\/10\/pa310994-1.jpg 640w\" sizes=\"auto, (max-width: 254px) 100vw, 254px\" \/><\/span><\/p>\n<p style=\"text-align: center;\"><span style=\"font-family: georgia, palatino, serif;\"><em><span style=\"color: #808080; font-size: 12pt;\"><span style=\"color: #993300; font-size: large;\"><em><span style=\"color: #808080; font-size: 12pt;\"><span style=\"color: #993300; font-size: large;\">\u00a0Bien m\u00e9langer les ingr\u00e9dients et ajouter les corn-flakes (j&rsquo;ai utilis\u00e9 pour celles au chocolat noir et lait un m\u00e9lange de c\u00e9r\u00e9ales natures et au chocolat). Dans une plaque \u00e0 mini tartelettes en silicone ou sur du papier sulfuris\u00e9, faire des petits tas. R\u00e9server et laisser durcir. <\/span><\/span><\/em><\/span><\/span><\/em><\/span><\/p>\n<p style=\"text-align: center;\"><span style=\"font-family: georgia, palatino, serif;\"><span style=\"font-size: x-large; text-decoration: underline;\"><em><span style=\"color: #808080;\"><span style=\"color: #993300; text-decoration: underline;\">Au chocolat noir<\/span><\/span><\/em><\/span><\/span><\/p>\n<p style=\"text-align: center;\"><span style=\"font-family: georgia, palatino, serif;\"><img loading=\"lazy\" decoding=\"async\" class=\"alignnone wp-image-4260\" src=\"http:\/\/recettes-gourmandes-de-joce.fr\/wp-content\/uploads\/2019\/10\/pa310977-1-150x150.jpg\" alt=\"\" width=\"227\" height=\"170\" srcset=\"http:\/\/recettes-gourmandes-de-joce.fr\/wp-content\/uploads\/2019\/10\/pa310977-1-300x225.jpg 300w, http:\/\/recettes-gourmandes-de-joce.fr\/wp-content\/uploads\/2019\/10\/pa310977-1.jpg 640w\" sizes=\"auto, (max-width: 227px) 100vw, 227px\" \/> <img loading=\"lazy\" decoding=\"async\" class=\"alignnone wp-image-4261\" src=\"http:\/\/recettes-gourmandes-de-joce.fr\/wp-content\/uploads\/2019\/10\/pa310978-1-150x150.jpg\" alt=\"\" width=\"191\" height=\"170\" srcset=\"http:\/\/recettes-gourmandes-de-joce.fr\/wp-content\/uploads\/2019\/10\/pa310978-1-300x267.jpg 300w, http:\/\/recettes-gourmandes-de-joce.fr\/wp-content\/uploads\/2019\/10\/pa310978-1.jpg 640w\" sizes=\"auto, (max-width: 191px) 100vw, 191px\" \/> <img loading=\"lazy\" decoding=\"async\" class=\"alignnone wp-image-4262\" src=\"http:\/\/recettes-gourmandes-de-joce.fr\/wp-content\/uploads\/2019\/10\/pa310979-1-150x150.jpg\" alt=\"\" width=\"227\" height=\"170\" srcset=\"http:\/\/recettes-gourmandes-de-joce.fr\/wp-content\/uploads\/2019\/10\/pa310979-1-300x225.jpg 300w, http:\/\/recettes-gourmandes-de-joce.fr\/wp-content\/uploads\/2019\/10\/pa310979-1.jpg 640w\" sizes=\"auto, (max-width: 227px) 100vw, 227px\" \/><\/span><\/p>\n<p style=\"text-align: center;\"><span style=\"font-family: georgia, palatino, serif;\"><em><span style=\"color: #808080; font-size: 12pt;\"><span style=\"color: #993300; font-size: large;\"><em><span style=\"color: #808080; font-size: 12pt;\"><span style=\"color: #993300; font-size: large;\"><span style=\"color: #993300; font-size: large;\"><em>Dans un saladier, mettre le beurre et casser le chocolat au lait, ajouter le sucre glace. Faire fondre au micro-ondes 1 mn 30 \u00e0 pleine puissance ou au bain marie.<\/em><\/span><\/span><\/span><\/em><\/span><\/span><\/em><\/span><\/p>\n<p style=\"text-align: center;\"><span style=\"font-family: georgia, palatino, serif;\"><img loading=\"lazy\" decoding=\"async\" class=\"alignnone wp-image-4263\" src=\"http:\/\/recettes-gourmandes-de-joce.fr\/wp-content\/uploads\/2019\/10\/pa310981-1-150x150.jpg\" alt=\"\" width=\"166\" height=\"170\" srcset=\"http:\/\/recettes-gourmandes-de-joce.fr\/wp-content\/uploads\/2019\/10\/pa310981-1-294x300.jpg 294w, http:\/\/recettes-gourmandes-de-joce.fr\/wp-content\/uploads\/2019\/10\/pa310981-1.jpg 587w\" sizes=\"auto, (max-width: 166px) 100vw, 166px\" \/> <img loading=\"lazy\" decoding=\"async\" class=\"alignnone wp-image-4264\" src=\"http:\/\/recettes-gourmandes-de-joce.fr\/wp-content\/uploads\/2019\/10\/pa310982-1-150x150.jpg\" alt=\"\" width=\"254\" height=\"170\" srcset=\"http:\/\/recettes-gourmandes-de-joce.fr\/wp-content\/uploads\/2019\/10\/pa310982-1-300x201.jpg 300w, http:\/\/recettes-gourmandes-de-joce.fr\/wp-content\/uploads\/2019\/10\/pa310982-1.jpg 640w\" sizes=\"auto, (max-width: 254px) 100vw, 254px\" \/><\/span><\/p>\n<p style=\"text-align: center;\"><span style=\"font-family: georgia, palatino, serif;\"><em><span style=\"color: #808080; font-size: 12pt;\"><span style=\"color: #993300; font-size: large;\">Bien m\u00e9langer les ingr\u00e9dients et ajouter les corn-flakes. Dans une plaque \u00e0 mini tartelettes en silicone ou sur du papier sulfuris\u00e9, faire des petits tas. R\u00e9server et laisser durcir. Se conservent 5 jours environ si elles ne sont pas mang\u00e9es avant <\/span><\/span><\/em><\/span><\/p>\n<p style=\"text-align: center;\"><span style=\"font-family: georgia, palatino, serif;\"><em><span style=\"color: #808080; font-size: 12pt;\"><span style=\"color: #993300; font-size: large;\">Bonne d\u00e9gustation!<\/span><\/span><\/em><\/span><\/p>\n<p style=\"text-align: center;\"><span style=\"font-family: georgia, palatino, serif;\"><img loading=\"lazy\" decoding=\"async\" class=\"alignnone wp-image-4278\" src=\"http:\/\/recettes-gourmandes-de-joce.fr\/wp-content\/uploads\/2019\/10\/pa310999-1-150x150.jpg\" alt=\"\" width=\"227\" height=\"170\" srcset=\"http:\/\/recettes-gourmandes-de-joce.fr\/wp-content\/uploads\/2019\/10\/pa310999-1-300x225.jpg 300w, http:\/\/recettes-gourmandes-de-joce.fr\/wp-content\/uploads\/2019\/10\/pa310999-1.jpg 640w\" sizes=\"auto, (max-width: 227px) 100vw, 227px\" \/> <img loading=\"lazy\" decoding=\"async\" class=\"alignnone wp-image-4282\" src=\"http:\/\/recettes-gourmandes-de-joce.fr\/wp-content\/uploads\/2019\/10\/pa311007-1-150x150.jpg\" alt=\"\" width=\"227\" height=\"170\" srcset=\"http:\/\/recettes-gourmandes-de-joce.fr\/wp-content\/uploads\/2019\/10\/pa311007-1-300x225.jpg 300w, http:\/\/recettes-gourmandes-de-joce.fr\/wp-content\/uploads\/2019\/10\/pa311007-1.jpg 640w\" sizes=\"auto, (max-width: 227px) 100vw, 227px\" \/>\u00a0<img loading=\"lazy\" decoding=\"async\" class=\"alignnone wp-image-4277\" src=\"http:\/\/recettes-gourmandes-de-joce.fr\/wp-content\/uploads\/2019\/10\/pa310998-1-150x150.jpg\" alt=\"\" width=\"280\" height=\"170\" srcset=\"http:\/\/recettes-gourmandes-de-joce.fr\/wp-content\/uploads\/2019\/10\/pa310998-1-300x182.jpg 300w, http:\/\/recettes-gourmandes-de-joce.fr\/wp-content\/uploads\/2019\/10\/pa310998-1.jpg 640w\" sizes=\"auto, (max-width: 280px) 100vw, 280px\" \/><\/span><\/p>\n<p style=\"text-align: center;\"><img loading=\"lazy\" decoding=\"async\" class=\"alignnone size-full wp-image-59803\" src=\"http:\/\/recettes-gourmandes-de-joce.fr\/wp-content\/uploads\/2024\/01\/logitech-gaming-software-14112014-121223.jpg\" alt=\"\" width=\"640\" height=\"144\" \/><\/p>\n<h3>Commentaires\u00a0<small>(2)<\/small><\/h3>\n<div class=\"items-container\">\n<div class=\"item item-comment media\">\n<div class=\"pull-left\">\n<p>&nbsp;<\/p>\n<p><img decoding=\"async\" class=\"media-object\" src=\"https:\/\/www.gravatar.com\/avatar\/a93b96256e5bb4fc96715df56e22e420?d=https%3A%2F%2Fwww.recettes-gourmandes-de-joce.com%2Fmedias%2Fstatic%2Fmanager%2Fim%2Favatar.png?s=50&amp;d=mm\" alt=\"Magali\" width=\"50\" \/><\/p>\n<\/div>\n<div class=\"media-body\">\n<ul class=\"inline item-infos\">\n<li><span class=\"comment-number\">1.<\/span>\u00a0<span class=\"comment-author\"><strong>Magali<\/strong><\/span>\u00a0<span class=\"comment-date\">| 02\/11\/2014<\/span><\/li>\n<\/ul>\n<div class=\"comment-content\">Superbes !!<\/div>\n<div class=\"item item-comment media by-webmaster\">\n<div class=\"pull-left\">\n<p>&nbsp;<\/p>\n<\/div>\n<div class=\"media-body\">\n<ul class=\"inline item-infos\">\n<li><span class=\"comment-author\"><strong>jocelyne debon<\/strong>\u00a0(<a rel=\"nofollow\">site web<\/a>)<\/span>\u00a0<span class=\"comment-date\">| 02\/11\/2014<\/span><\/li>\n<\/ul>\n<div class=\"comment-content\">Merci<\/div>\n<div class=\"comment-content\">Amicalement Joce<\/div>\n<\/div>\n<\/div>\n<\/div>\n<\/div>\n<\/div>\n","protected":false},"excerpt":{"rendered":"<p>Une de mes recettes \u00a0 Ingr\u00e9dients pour 12 roses au chocolat au lait ou noir 100 g de chocolat noir ou 150 g de chocolat au lait (Le chocolat au lait couvre moins donc il faut en mettre plus) Ou pour varier les go\u00fbts de la pralinoise, du chocolat \u00e0 p\u00e2tisser au caramel ou caf\u00e9 &hellip; <\/p>\n<p><a class=\"more-link btn\" href=\"http:\/\/recettes-gourmandes-de-joce.fr\/index.php\/index\/desserts\/chocolats-friandises\/roses-des-sables-au-chocolat-noir-blanc-au-lait\/\">Lire la suite<\/a><\/p>\n","protected":false},"author":2,"featured_media":87198,"parent":171,"menu_order":0,"comment_status":"open","ping_status":"closed","template":"","meta":{"footnotes":""},"class_list":["post-4384","page","type-page","status-publish","has-post-thumbnail","hentry","nodate","item-wrap"],"_links":{"self":[{"href":"http:\/\/recettes-gourmandes-de-joce.fr\/index.php\/wp-json\/wp\/v2\/pages\/4384","targetHints":{"allow":["GET"]}}],"collection":[{"href":"http:\/\/recettes-gourmandes-de-joce.fr\/index.php\/wp-json\/wp\/v2\/pages"}],"about":[{"href":"http:\/\/recettes-gourmandes-de-joce.fr\/index.php\/wp-json\/wp\/v2\/types\/page"}],"author":[{"embeddable":true,"href":"http:\/\/recettes-gourmandes-de-joce.fr\/index.php\/wp-json\/wp\/v2\/users\/2"}],"replies":[{"embeddable":true,"href":"http:\/\/recettes-gourmandes-de-joce.fr\/index.php\/wp-json\/wp\/v2\/comments?post=4384"}],"version-history":[{"count":10,"href":"http:\/\/recettes-gourmandes-de-joce.fr\/index.php\/wp-json\/wp\/v2\/pages\/4384\/revisions"}],"predecessor-version":[{"id":93910,"href":"http:\/\/recettes-gourmandes-de-joce.fr\/index.php\/wp-json\/wp\/v2\/pages\/4384\/revisions\/93910"}],"up":[{"embeddable":true,"href":"http:\/\/recettes-gourmandes-de-joce.fr\/index.php\/wp-json\/wp\/v2\/pages\/171"}],"wp:featuredmedia":[{"embeddable":true,"href":"http:\/\/recettes-gourmandes-de-joce.fr\/index.php\/wp-json\/wp\/v2\/media\/87198"}],"wp:attachment":[{"href":"http:\/\/recettes-gourmandes-de-joce.fr\/index.php\/wp-json\/wp\/v2\/media?parent=4384"}],"curies":[{"name":"wp","href":"https:\/\/api.w.org\/{rel}","templated":true}]}}