{"id":4382,"date":"2019-10-13T14:09:00","date_gmt":"2019-10-13T14:09:00","guid":{"rendered":"http:\/\/recettes-gourmandes-de-joce.fr\/?page_id=4382"},"modified":"2025-03-25T10:06:05","modified_gmt":"2025-03-25T10:06:05","slug":"chocolats-fourres-a-la-pate-de-speculos","status":"publish","type":"page","link":"http:\/\/recettes-gourmandes-de-joce.fr\/index.php\/index\/desserts\/chocolats-friandises\/chocolats-fourres-a-la-pate-de-speculos\/","title":{"rendered":"Chocolats fourr\u00e9s \u00e0 la p\u00e2te de sp\u00e9culos."},"content":{"rendered":"<p style=\"text-align: center;\"><span style=\"font-family: georgia,serif;\"><span style=\"text-decoration: underline; color: #993300; font-size: x-large;\"><em>Une de mes recettes<\/em><\/span><\/span><\/p>\n<p style=\"text-align: center;\"><img loading=\"lazy\" decoding=\"async\" class=\"alignnone wp-image-4329\" src=\"http:\/\/recettes-gourmandes-de-joce.fr\/wp-content\/uploads\/2019\/10\/pc170029-1-150x150.jpg\" alt=\"\" width=\"240\" height=\"180\" srcset=\"http:\/\/recettes-gourmandes-de-joce.fr\/wp-content\/uploads\/2019\/10\/pc170029-1-300x225.jpg 300w, http:\/\/recettes-gourmandes-de-joce.fr\/wp-content\/uploads\/2019\/10\/pc170029-1.jpg 640w\" sizes=\"auto, (max-width: 240px) 100vw, 240px\" \/> <img loading=\"lazy\" decoding=\"async\" class=\"alignnone wp-image-4330\" src=\"http:\/\/recettes-gourmandes-de-joce.fr\/wp-content\/uploads\/2019\/10\/pc170033-1-150x150.jpg\" alt=\"\" width=\"240\" height=\"180\" srcset=\"http:\/\/recettes-gourmandes-de-joce.fr\/wp-content\/uploads\/2019\/10\/pc170033-1-300x225.jpg 300w, http:\/\/recettes-gourmandes-de-joce.fr\/wp-content\/uploads\/2019\/10\/pc170033-1.jpg 640w\" sizes=\"auto, (max-width: 240px) 100vw, 240px\" \/> <img loading=\"lazy\" decoding=\"async\" class=\"alignnone wp-image-4328\" src=\"http:\/\/recettes-gourmandes-de-joce.fr\/wp-content\/uploads\/2019\/10\/pc170026-1-150x150.jpg\" alt=\"\" width=\"240\" height=\"180\" srcset=\"http:\/\/recettes-gourmandes-de-joce.fr\/wp-content\/uploads\/2019\/10\/pc170026-1-300x225.jpg 300w, http:\/\/recettes-gourmandes-de-joce.fr\/wp-content\/uploads\/2019\/10\/pc170026-1.jpg 640w\" sizes=\"auto, (max-width: 240px) 100vw, 240px\" \/><\/p>\n<p style=\"text-align: center;\"><span style=\"font-family: georgia,serif;\"><span style=\"text-decoration: underline; color: #993300; font-size: x-large;\"><em>Ingr\u00e9dients pour 30 chocolats environ <\/em><\/span><\/span><\/p>\n<p style=\"text-align: center;\"><img loading=\"lazy\" decoding=\"async\" class=\"alignnone wp-image-4321\" src=\"http:\/\/recettes-gourmandes-de-joce.fr\/wp-content\/uploads\/2019\/10\/pc160040-1-1-150x150.jpg\" alt=\"\" width=\"311\" height=\"200\" srcset=\"http:\/\/recettes-gourmandes-de-joce.fr\/wp-content\/uploads\/2019\/10\/pc160040-1-1-300x193.jpg 300w, http:\/\/recettes-gourmandes-de-joce.fr\/wp-content\/uploads\/2019\/10\/pc160040-1-1.jpg 640w\" sizes=\"auto, (max-width: 311px) 100vw, 311px\" \/><\/p>\n<p style=\"text-align: center;\"><span style=\"font-family: georgia,serif;\"><span style=\"font-size: large;\"><em><span style=\"color: #993300;\">1 plaque de 200 g de chocolat p\u00e2tissier<\/span><\/em><\/span><\/span><\/p>\n<p style=\"text-align: center;\"><span style=\"font-family: georgia,serif;\"><span style=\"font-size: large;\"><em><span style=\"color: #993300;\">1 pot de p\u00e2te de sp\u00e9culos<\/span><\/em><\/span><\/span><\/p>\n<p style=\"text-align: center;\"><span style=\"font-family: georgia,serif;\"><span style=\"font-size: large;\"><em><span style=\"color: #993300;\">des moules \u00e0 chocolat<\/span><\/em><\/span><\/span><\/p>\n<p style=\"text-align: center;\"><span style=\"font-family: georgia,serif;\"><span style=\"font-size: large;\"><em><span style=\"color: #993300;\">1 sac cong\u00e9lation<\/span><\/em><\/span><\/span><\/p>\n<p style=\"text-align: center;\"><img loading=\"lazy\" decoding=\"async\" class=\"alignnone wp-image-4331\" src=\"http:\/\/recettes-gourmandes-de-joce.fr\/wp-content\/uploads\/2019\/10\/pc170042-1-1-150x150.jpg\" alt=\"\" width=\"227\" height=\"170\" srcset=\"http:\/\/recettes-gourmandes-de-joce.fr\/wp-content\/uploads\/2019\/10\/pc170042-1-1-300x225.jpg 300w, http:\/\/recettes-gourmandes-de-joce.fr\/wp-content\/uploads\/2019\/10\/pc170042-1-1.jpg 640w\" sizes=\"auto, (max-width: 227px) 100vw, 227px\" \/> <img loading=\"lazy\" decoding=\"async\" class=\"alignnone wp-image-4324\" src=\"http:\/\/recettes-gourmandes-de-joce.fr\/wp-content\/uploads\/2019\/10\/pc170003-1-150x150.jpg\" alt=\"\" width=\"227\" height=\"170\" srcset=\"http:\/\/recettes-gourmandes-de-joce.fr\/wp-content\/uploads\/2019\/10\/pc170003-1-300x225.jpg 300w, http:\/\/recettes-gourmandes-de-joce.fr\/wp-content\/uploads\/2019\/10\/pc170003-1.jpg 640w\" sizes=\"auto, (max-width: 227px) 100vw, 227px\" \/> <img loading=\"lazy\" decoding=\"async\" class=\"alignnone wp-image-4325\" src=\"http:\/\/recettes-gourmandes-de-joce.fr\/wp-content\/uploads\/2019\/10\/pc170005-1-150x150.jpg\" alt=\"\" width=\"227\" height=\"170\" srcset=\"http:\/\/recettes-gourmandes-de-joce.fr\/wp-content\/uploads\/2019\/10\/pc170005-1-300x225.jpg 300w, http:\/\/recettes-gourmandes-de-joce.fr\/wp-content\/uploads\/2019\/10\/pc170005-1.jpg 640w\" sizes=\"auto, (max-width: 227px) 100vw, 227px\" \/><\/p>\n<p style=\"text-align: center;\"><span style=\"font-family: georgia,serif;\"><span style=\"font-size: large;\"><em><span style=\"color: #993300;\">Couper la moiti\u00e9 du chocolat en petits morceaux et les mettre \u00e0 fondre 1 minute 30 \u00e0 pleine puissance au micro-ondes, lorsque c&rsquo;est fondu, remuer et enduire \u00e0 l&rsquo;aide d&rsquo;un pinceau les alv\u00e9oles du moule, le mettre au r\u00e9frig\u00e9rateur 5 minutes.<\/span><\/em><\/span><\/span><\/p>\n<p style=\"text-align: center;\"><img loading=\"lazy\" decoding=\"async\" class=\"alignnone wp-image-4323\" src=\"http:\/\/recettes-gourmandes-de-joce.fr\/wp-content\/uploads\/2019\/10\/pc170002-1-150x150.jpg\" alt=\"\" width=\"227\" height=\"170\" srcset=\"http:\/\/recettes-gourmandes-de-joce.fr\/wp-content\/uploads\/2019\/10\/pc170002-1-300x225.jpg 300w, http:\/\/recettes-gourmandes-de-joce.fr\/wp-content\/uploads\/2019\/10\/pc170002-1.jpg 640w\" sizes=\"auto, (max-width: 227px) 100vw, 227px\" \/> <img loading=\"lazy\" decoding=\"async\" class=\"alignnone wp-image-4322\" src=\"http:\/\/recettes-gourmandes-de-joce.fr\/wp-content\/uploads\/2019\/10\/pc170001-1-150x150.jpg\" alt=\"\" width=\"227\" height=\"170\" srcset=\"http:\/\/recettes-gourmandes-de-joce.fr\/wp-content\/uploads\/2019\/10\/pc170001-1-300x225.jpg 300w, http:\/\/recettes-gourmandes-de-joce.fr\/wp-content\/uploads\/2019\/10\/pc170001-1.jpg 640w\" sizes=\"auto, (max-width: 227px) 100vw, 227px\" \/> <img loading=\"lazy\" decoding=\"async\" class=\"alignnone wp-image-4326\" src=\"http:\/\/recettes-gourmandes-de-joce.fr\/wp-content\/uploads\/2019\/10\/pc170011-1-150x150.jpg\" alt=\"\" width=\"227\" height=\"170\" srcset=\"http:\/\/recettes-gourmandes-de-joce.fr\/wp-content\/uploads\/2019\/10\/pc170011-1-300x225.jpg 300w, http:\/\/recettes-gourmandes-de-joce.fr\/wp-content\/uploads\/2019\/10\/pc170011-1.jpg 640w\" sizes=\"auto, (max-width: 227px) 100vw, 227px\" \/><\/p>\n<p style=\"text-align: center;\"><span style=\"font-family: georgia,serif;\"><span style=\"font-size: large;\"><em><span style=\"color: #993300;\">Mettre la p\u00e2te de sp\u00e9culos dans le sac cong\u00e9lation et couper le coin pour vous en servir comme d&rsquo;une poche \u00e0 douille. Sortir le moule du r\u00e9frig\u00e9rateur et remplir les alv\u00e9oles avec la p\u00e2te de sp\u00e9culos. <\/span><\/em><\/span><\/span><\/p>\n<p style=\"text-align: center;\"><img loading=\"lazy\" decoding=\"async\" class=\"alignnone wp-image-4327\" src=\"http:\/\/recettes-gourmandes-de-joce.fr\/wp-content\/uploads\/2019\/10\/pc170012-1-150x150.jpg\" alt=\"\" width=\"227\" height=\"170\" srcset=\"http:\/\/recettes-gourmandes-de-joce.fr\/wp-content\/uploads\/2019\/10\/pc170012-1-300x225.jpg 300w, http:\/\/recettes-gourmandes-de-joce.fr\/wp-content\/uploads\/2019\/10\/pc170012-1.jpg 640w\" sizes=\"auto, (max-width: 227px) 100vw, 227px\" \/><\/p>\n<p style=\"text-align: center;\"><span style=\"font-family: georgia,serif;\"><span style=\"font-size: large;\"><em><span style=\"color: #993300;\">Faire fondre le reste du chocolat au micro-ondes comme pr\u00e9c\u00e9demment et le r\u00e9partir sur le moule et le remettre au r\u00e9frig\u00e9rateur environ 2h avant de d\u00e9mouler d\u00e9licatement.<\/span><\/em><\/span><\/span><\/p>\n<p style=\"text-align: center;\"><span style=\"font-family: georgia,serif;\"><span style=\"font-size: large;\"><em><span style=\"color: #993300;\">L&rsquo;alliance chocolat sp\u00e9culos est un d\u00e9lice.<\/span><\/em><\/span><\/span><\/p>\n<p style=\"text-align: center;\"><span style=\"font-family: georgia,serif;\"><span style=\"font-size: large;\"><em><span style=\"color: #993300;\">Bonne d\u00e9gustation!<\/span><\/em><\/span><\/span><\/p>\n<p style=\"text-align: center;\"><img loading=\"lazy\" decoding=\"async\" class=\"alignnone wp-image-4328\" src=\"http:\/\/recettes-gourmandes-de-joce.fr\/wp-content\/uploads\/2019\/10\/pc170026-1-150x150.jpg\" alt=\"\" width=\"240\" height=\"180\" srcset=\"http:\/\/recettes-gourmandes-de-joce.fr\/wp-content\/uploads\/2019\/10\/pc170026-1-300x225.jpg 300w, http:\/\/recettes-gourmandes-de-joce.fr\/wp-content\/uploads\/2019\/10\/pc170026-1.jpg 640w\" sizes=\"auto, (max-width: 240px) 100vw, 240px\" \/> <img loading=\"lazy\" decoding=\"async\" class=\"alignnone wp-image-4330\" src=\"http:\/\/recettes-gourmandes-de-joce.fr\/wp-content\/uploads\/2019\/10\/pc170033-1-150x150.jpg\" alt=\"\" width=\"240\" height=\"180\" srcset=\"http:\/\/recettes-gourmandes-de-joce.fr\/wp-content\/uploads\/2019\/10\/pc170033-1-300x225.jpg 300w, http:\/\/recettes-gourmandes-de-joce.fr\/wp-content\/uploads\/2019\/10\/pc170033-1.jpg 640w\" sizes=\"auto, (max-width: 240px) 100vw, 240px\" \/> <img loading=\"lazy\" decoding=\"async\" class=\"alignnone wp-image-4329\" src=\"http:\/\/recettes-gourmandes-de-joce.fr\/wp-content\/uploads\/2019\/10\/pc170029-1-150x150.jpg\" alt=\"\" width=\"240\" height=\"180\" srcset=\"http:\/\/recettes-gourmandes-de-joce.fr\/wp-content\/uploads\/2019\/10\/pc170029-1-300x225.jpg 300w, http:\/\/recettes-gourmandes-de-joce.fr\/wp-content\/uploads\/2019\/10\/pc170029-1.jpg 640w\" sizes=\"auto, (max-width: 240px) 100vw, 240px\" \/><\/p>\n<p style=\"text-align: center;\"><img loading=\"lazy\" decoding=\"async\" class=\"alignnone size-full wp-image-59803\" src=\"http:\/\/recettes-gourmandes-de-joce.fr\/wp-content\/uploads\/2024\/01\/logitech-gaming-software-14112014-121223.jpg\" alt=\"\" width=\"640\" height=\"144\" \/><\/p>\n<h3>Commentaires\u00a0<small>(11)<\/small><\/h3>\n<div class=\"items-container\">\n<div class=\"item item-comment media by-member\">\n<div class=\"pull-left\">\n<p>&nbsp;<\/p>\n<p><img decoding=\"async\" class=\"media-object\" src=\"https:\/\/www.gravatar.com\/avatar\/84803d90542d17c2549bdf2b18ef50a3?d=https%3A%2F%2Fwww.recettes-gourmandes-de-joce.com%2Fmedias%2Fstatic%2Fmanager%2Fim%2Favatar.png?s=50&amp;d=mm\" alt=\"isa19\" width=\"50\" \/><\/p>\n<\/div>\n<div class=\"media-body\">\n<ul class=\"inline item-infos\">\n<li><span class=\"comment-number\">1.<\/span>\u00a0<span class=\"comment-author\">isa19<\/span>\u00a0<span class=\"comment-date\">| 30\/10\/2017<\/span><\/li>\n<\/ul>\n<div class=\"comment-content\">bonjour, je cherch\u00e9e une recette afin de pouvoir faire mes 1er chocolats et jocelyne m&rsquo;a gentiment propos\u00e9e ses recettes. Donc je me suis lanc\u00e9e et j&rsquo;ai fais avec mes ingr\u00e9dients tout en gardant les techniques de la recette. J&rsquo;ai donc remplacer le chocolat noir par du chocolat au lait car mes enfants pr\u00e9f\u00e8rent et j&rsquo;ai fais fondre de la pralinoise avec des cr\u00eapes gavottes \u00e9cras\u00e9es dedans et d&rsquo;aspect, pour des premiers, c&rsquo;est plut\u00f4t pas mal, donc merci beaucoup pour cette recette simple \u00e0 r\u00e9aliser. Je pense essayer pleins d&rsquo;autres recettes donc \u00e0 tr\u00e8s bient\u00f4t.<\/div>\n<div class=\"item item-comment media by-webmaster\">\n<div class=\"pull-left\">\n<p>&nbsp;<\/p>\n<\/div>\n<div class=\"media-body\">\n<ul class=\"inline item-infos\">\n<li><span class=\"comment-author\">jocelyne debon\u00a0(<a rel=\"nofollow\">site web<\/a>)<\/span>\u00a0<span class=\"comment-date\">| 30\/10\/2017<\/span><\/li>\n<\/ul>\n<div class=\"comment-content\">Merci beaucoup Isa pour ce gentil commentaire et tes variantes qui peuvent int\u00e9resser ceux qui n&rsquo;aiment pas le chocolat noir!<\/div>\n<div class=\"comment-content\">Au plaisir de ta visite<\/div>\n<div class=\"comment-content\">Bonne journ\u00e9e<\/div>\n<div class=\"comment-content\">Amicalement Joce<\/div>\n<\/div>\n<\/div>\n<\/div>\n<\/div>\n<div class=\"item item-comment media\">\n<div class=\"pull-left\">\n<p>&nbsp;<\/p>\n<\/div>\n<div class=\"media-body\">\n<ul class=\"inline item-infos\">\n<li><span class=\"comment-number\">2.<\/span>\u00a0<span class=\"comment-author\">olinad<\/span>\u00a0<span class=\"comment-date\">| 10\/12\/2012<\/span><\/li>\n<\/ul>\n<div class=\"comment-content\">bonsoir joce,<br \/>\n\u00e7a y est c&rsquo;est fait les chocolats \u00e0 la p\u00e2te de sp\u00e9culos<br \/>\net ma foi c&rsquo;est une r\u00e9ussite,j&rsquo;ai utilis\u00e9 du chocolat \u00e0 p\u00e2tissier au lait,<br \/>\nj&rsquo;avais pr\u00e9vu un peu trop de moule ou j&rsquo;avais d\u00e9j\u00e0 fais le fond,donc<br \/>\nau final pas assez de chocolat ,heureusement il me rester une tablette de pralinoise<br \/>\nque j&rsquo;ai ajout\u00e9 pour remplir tous mes moules et je dois dire que c&rsquo;est tr\u00e8s bons aussi.<br \/>\nje vais maintenant essayer une autre de tes variantes.je suis tr\u00e8s contente de mes premiers chocolats.un grand merci joce<br \/>\npour tes recettes et ta disponibilit\u00e9 \u00e0 r\u00e9pondre vite \u00e0 mes questions.<br \/>\nbisous.<br \/>\nolinad.<\/div>\n<div class=\"item item-comment media by-webmaster\">\n<div class=\"pull-left\">\n<p>&nbsp;<\/p>\n<\/div>\n<div class=\"media-body\">\n<ul class=\"inline item-infos\">\n<li><span class=\"comment-author\">jocelyne debon\u00a0(<a rel=\"nofollow\">site web<\/a>)<\/span>\u00a0<span class=\"comment-date\">| 11\/12\/2012<\/span><\/li>\n<\/ul>\n<div class=\"comment-content\">Coucou<\/div>\n<div class=\"comment-content\">Je suis ravie que tu aies r\u00e9ussi bravo, merciii beaucoup pour ton commentaire<\/div>\n<div class=\"comment-content\">Gros bisousss<\/div>\n<div class=\"comment-content\">Amicalement Joce<\/div>\n<\/div>\n<\/div>\n<\/div>\n<\/div>\n<div class=\"item item-comment media\">\n<div class=\"pull-left\">\n<p>&nbsp;<\/p>\n<p><img decoding=\"async\" class=\"media-object\" src=\"https:\/\/www.gravatar.com\/avatar\/7c36123ce8bddc5c13f4bd0c8305a919?d=https%3A%2F%2Fwww.recettes-gourmandes-de-joce.com%2Fmedias%2Fstatic%2Fmanager%2Fim%2Favatar.png?s=50&amp;d=mm\" alt=\"olinad\" width=\"50\" \/><\/p>\n<\/div>\n<div class=\"media-body\">\n<ul class=\"inline item-infos\">\n<li><span class=\"comment-number\">3.<\/span>\u00a0<span class=\"comment-author\">olinad<\/span>\u00a0<span class=\"comment-date\">| 22\/11\/2012<\/span><\/li>\n<\/ul>\n<div class=\"comment-content\">bonsoir joce,<br \/>\nmerci bcp pour ta r\u00e9ponse,h\u00e2te de voir tes autres recettes de<br \/>\nchocolat.bisous et bonne soir\u00e9e.<br \/>\nolinad.<\/div>\n<div class=\"item item-comment media by-webmaster\">\n<div class=\"pull-left\">\n<p>&nbsp;<\/p>\n<\/div>\n<div class=\"media-body\">\n<ul class=\"inline item-infos\">\n<li><span class=\"comment-author\">jocelyne debon\u00a0(<a rel=\"nofollow\">site web<\/a>)<\/span>\u00a0<span class=\"comment-date\">| 22\/11\/2012<\/span><\/li>\n<\/ul>\n<div class=\"comment-content\">D&rsquo;ici la fin du mois normalement \ud83d\ude42<\/div>\n<div class=\"comment-content\">Douce nuit bisousssssssss<\/div>\n<div class=\"comment-content\">Amicalement Joce<\/div>\n<\/div>\n<\/div>\n<\/div>\n<\/div>\n<div class=\"item item-comment media\">\n<div class=\"pull-left\">\n<p>&nbsp;<\/p>\n<p><img decoding=\"async\" class=\"media-object\" src=\"https:\/\/www.gravatar.com\/avatar\/7c36123ce8bddc5c13f4bd0c8305a919?d=https%3A%2F%2Fwww.recettes-gourmandes-de-joce.com%2Fmedias%2Fstatic%2Fmanager%2Fim%2Favatar.png?s=50&amp;d=mm\" alt=\"leterme nadia\" width=\"50\" \/><\/p>\n<\/div>\n<div class=\"media-body\">\n<ul class=\"inline item-infos\">\n<li><span class=\"comment-number\">4.<\/span>\u00a0<span class=\"comment-author\">leterme nadia<\/span>\u00a0<span class=\"comment-date\">| 20\/11\/2012<\/span><\/li>\n<\/ul>\n<div class=\"comment-content\">tr\u00e8s jolis les chocolats,justement je cherche des recettes de chocolat<br \/>\nmaison,j&rsquo;ai d\u00e9cid\u00e9 de me lancer,j&rsquo;aurai besoin d&rsquo;un petit conseil avant de m&rsquo;y<br \/>\nmettre apr\u00e8s avoir mis la p\u00e2te de sp\u00e9culos l&rsquo;autre couche de chocolat on la met<br \/>\n\u00e0 l&rsquo;aide d&rsquo;une cuill\u00e8re ou tjrs au pinceau.<br \/>\nsi il y a d&rsquo;autres recettes de chocolat pour noel je suis preneuse.<br \/>\nmerci bcp pour cette recette et \u00e0 bient\u00f4t.bisous.<br \/>\nolinad.<\/div>\n<div class=\"item item-comment media by-webmaster\">\n<div class=\"pull-left\">\n<p>&nbsp;<\/p>\n<\/div>\n<div class=\"media-body\">\n<ul class=\"inline item-infos\">\n<li><span class=\"comment-author\">jocelyne debon\u00a0(<a rel=\"nofollow\">site web<\/a>)<\/span>\u00a0<span class=\"comment-date\">| 20\/11\/2012<\/span><\/li>\n<\/ul>\n<div class=\"comment-content\">Coucou<\/div>\n<div class=\"comment-content\">Tu mets la derni\u00e8re couche avec une cuill\u00e8re qu&rsquo;elle soit assez \u00e9paisse environ 5mm j&rsquo;en mettrai d&rsquo;autre rapidement ,<\/div>\n<div class=\"comment-content\">bonne soir\u00e9e, bisousss<\/div>\n<div class=\"comment-content\">Amicalement Joce<\/div>\n<\/div>\n<\/div>\n<\/div>\n<\/div>\n<div class=\"item item-comment media\">\n<div class=\"pull-left\">\n<p>&nbsp;<\/p>\n<p><img decoding=\"async\" class=\"media-object\" src=\"https:\/\/www.gravatar.com\/avatar\/f2225ddd92536988ccfd84bf5f5fba06?d=https%3A%2F%2Fwww.recettes-gourmandes-de-joce.com%2Fmedias%2Fstatic%2Fmanager%2Fim%2Favatar.png?s=50&amp;d=mm\" alt=\"labiloutte\" width=\"50\" \/><\/p>\n<\/div>\n<div class=\"media-body\">\n<ul class=\"inline item-infos\">\n<li><span class=\"comment-number\">5.<\/span>\u00a0<span class=\"comment-author\">labiloutte<\/span>\u00a0<span class=\"comment-date\">| 21\/12\/2011<\/span><\/li>\n<\/ul>\n<div class=\"comment-content\">Bravo ! s&rsquo;il t&rsquo;en reste tu peux me faire un colis sans pblm lol !<br \/>\nJe suis une fine gourmande de p\u00e2te de sp\u00e9culos et surtout la Lotus (depuis mon passage en Belgique chez BBtop, de supertoinette) j&rsquo;en utilise \u00e0 toutes les sauces c&rsquo;est le cas de dire.<br \/>\nMais l\u00e0 ta recette faut j\u2019essaie vite vite hummmmmmm !<br \/>\nmerci pour tout le temsp que tu passe pour nous faire de bonnes recettes, moi j&rsquo;avoue mon blog est tomb\u00e9 \u00e0 l&rsquo;eau car il m&rsquo;ont perdu a fois mes photos et m\u00e9lang\u00e9 toutes mes recettes du coup je suis d\u00e9gout\u00e9.<br \/>\nBise et bonne f\u00eates de fin d&rsquo;ann\u00e9e<\/div>\n<div class=\"item item-comment media by-webmaster\">\n<div class=\"pull-left\">\n<p>&nbsp;<\/p>\n<\/div>\n<div class=\"media-body\">\n<ul class=\"inline item-infos\">\n<li><span class=\"comment-author\">jocelyne debon<\/span>\u00a0<span class=\"comment-date\">| 21\/12\/2011<\/span><\/li>\n<\/ul>\n<div class=\"comment-content\">Merciiii beaucoup pour ton gentil com<\/div>\n<div class=\"comment-content\">Essai tu verras chocolat et p\u00e2te de sp\u00e9culos hummmmmmm que c&rsquo;est bon<\/div>\n<div class=\"comment-content\">Tr\u00e8s bonne f\u00eates de fin d&rsquo;ann\u00e9e et merci pour ta fid\u00e9lit\u00e9<\/div>\n<div class=\"comment-content\">Gros bisousssssssss Joce<\/div>\n<\/div>\n<\/div>\n<\/div>\n<\/div>\n<div class=\"item item-comment media\">\n<div class=\"pull-left\">\n<p>&nbsp;<\/p>\n<\/div>\n<div class=\"media-body\">\n<ul class=\"inline item-infos\">\n<li><span class=\"comment-number\">6.<\/span>\u00a0<span class=\"comment-author\">zizi3<\/span>\u00a0<span class=\"comment-date\">| 20\/12\/2011<\/span><\/li>\n<\/ul>\n<div class=\"comment-content\">superbe mais moi j&rsquo;en veux avec une cerise \u00e0 l&rsquo;eau de vie dedans bisous<\/div>\n<\/div>\n<\/div>\n<\/div>\n","protected":false},"excerpt":{"rendered":"<p>Une de mes recettes Ingr\u00e9dients pour 30 chocolats environ 1 plaque de 200 g de chocolat p\u00e2tissier 1 pot de p\u00e2te de sp\u00e9culos des moules \u00e0 chocolat 1 sac cong\u00e9lation Couper la moiti\u00e9 du chocolat en petits morceaux et les mettre \u00e0 fondre 1 minute 30 \u00e0 pleine puissance au micro-ondes, lorsque c&rsquo;est fondu, remuer &hellip; <\/p>\n<p><a class=\"more-link btn\" href=\"http:\/\/recettes-gourmandes-de-joce.fr\/index.php\/index\/desserts\/chocolats-friandises\/chocolats-fourres-a-la-pate-de-speculos\/\">Lire la suite<\/a><\/p>\n","protected":false},"author":2,"featured_media":87234,"parent":171,"menu_order":0,"comment_status":"open","ping_status":"closed","template":"","meta":{"footnotes":""},"class_list":["post-4382","page","type-page","status-publish","has-post-thumbnail","hentry","nodate","item-wrap"],"_links":{"self":[{"href":"http:\/\/recettes-gourmandes-de-joce.fr\/index.php\/wp-json\/wp\/v2\/pages\/4382","targetHints":{"allow":["GET"]}}],"collection":[{"href":"http:\/\/recettes-gourmandes-de-joce.fr\/index.php\/wp-json\/wp\/v2\/pages"}],"about":[{"href":"http:\/\/recettes-gourmandes-de-joce.fr\/index.php\/wp-json\/wp\/v2\/types\/page"}],"author":[{"embeddable":true,"href":"http:\/\/recettes-gourmandes-de-joce.fr\/index.php\/wp-json\/wp\/v2\/users\/2"}],"replies":[{"embeddable":true,"href":"http:\/\/recettes-gourmandes-de-joce.fr\/index.php\/wp-json\/wp\/v2\/comments?post=4382"}],"version-history":[{"count":8,"href":"http:\/\/recettes-gourmandes-de-joce.fr\/index.php\/wp-json\/wp\/v2\/pages\/4382\/revisions"}],"predecessor-version":[{"id":93913,"href":"http:\/\/recettes-gourmandes-de-joce.fr\/index.php\/wp-json\/wp\/v2\/pages\/4382\/revisions\/93913"}],"up":[{"embeddable":true,"href":"http:\/\/recettes-gourmandes-de-joce.fr\/index.php\/wp-json\/wp\/v2\/pages\/171"}],"wp:featuredmedia":[{"embeddable":true,"href":"http:\/\/recettes-gourmandes-de-joce.fr\/index.php\/wp-json\/wp\/v2\/media\/87234"}],"wp:attachment":[{"href":"http:\/\/recettes-gourmandes-de-joce.fr\/index.php\/wp-json\/wp\/v2\/media?parent=4382"}],"curies":[{"name":"wp","href":"https:\/\/api.w.org\/{rel}","templated":true}]}}