{"id":4374,"date":"2019-10-13T13:51:54","date_gmt":"2019-10-13T13:51:54","guid":{"rendered":"http:\/\/recettes-gourmandes-de-joce.fr\/?page_id=4374"},"modified":"2025-06-12T14:04:40","modified_gmt":"2025-06-12T14:04:40","slug":"dattes-et-fruits-secs-deguises","status":"publish","type":"page","link":"http:\/\/recettes-gourmandes-de-joce.fr\/index.php\/index\/desserts\/chocolats-friandises\/dattes-et-fruits-secs-deguises\/","title":{"rendered":"Dattes et fruits secs d\u00e9guis\u00e9s."},"content":{"rendered":"<p style=\"text-align: center;\"><span style=\"font-family: georgia,serif;\"><span style=\"color: #ff6666;\"><img loading=\"lazy\" decoding=\"async\" class=\"alignnone wp-image-4613\" src=\"http:\/\/recettes-gourmandes-de-joce.fr\/wp-content\/uploads\/2019\/10\/PC220723-150x150.jpg\" alt=\"\" width=\"233\" height=\"175\" srcset=\"http:\/\/recettes-gourmandes-de-joce.fr\/wp-content\/uploads\/2019\/10\/PC220723-300x225.jpg 300w, http:\/\/recettes-gourmandes-de-joce.fr\/wp-content\/uploads\/2019\/10\/PC220723.jpg 640w\" sizes=\"auto, (max-width: 233px) 100vw, 233px\" \/>\u00a0<img loading=\"lazy\" decoding=\"async\" class=\"alignnone wp-image-4616\" src=\"http:\/\/recettes-gourmandes-de-joce.fr\/wp-content\/uploads\/2019\/10\/PC220722-150x150.jpg\" alt=\"\" width=\"233\" height=\"175\" srcset=\"http:\/\/recettes-gourmandes-de-joce.fr\/wp-content\/uploads\/2019\/10\/PC220722-300x225.jpg 300w, http:\/\/recettes-gourmandes-de-joce.fr\/wp-content\/uploads\/2019\/10\/PC220722.jpg 640w\" sizes=\"auto, (max-width: 233px) 100vw, 233px\" \/><img loading=\"lazy\" decoding=\"async\" class=\"alignnone wp-image-26549\" src=\"http:\/\/recettes-gourmandes-de-joce.fr\/wp-content\/uploads\/2020\/11\/Recettes-de-novembre-2020-150x150.jpg\" alt=\"\" width=\"302\" height=\"175\" srcset=\"http:\/\/recettes-gourmandes-de-joce.fr\/wp-content\/uploads\/2020\/11\/Recettes-de-novembre-2020-300x174.jpg 300w, http:\/\/recettes-gourmandes-de-joce.fr\/wp-content\/uploads\/2020\/11\/Recettes-de-novembre-2020-768x444.jpg 768w, http:\/\/recettes-gourmandes-de-joce.fr\/wp-content\/uploads\/2020\/11\/Recettes-de-novembre-2020-750x434.jpg 750w, http:\/\/recettes-gourmandes-de-joce.fr\/wp-content\/uploads\/2020\/11\/Recettes-de-novembre-2020.jpg 800w\" sizes=\"auto, (max-width: 302px) 100vw, 302px\" \/><\/span><\/span><\/p>\n<p style=\"text-align: center;\"><span style=\"color: #ff6666;\"><span style=\"font-family: georgia,serif;\"><span style=\"font-size: x-large; text-decoration: underline;\"><em>Ingr\u00e9dients pour les deux plateaux<\/em><\/span><\/span><\/span><\/p>\n<p style=\"text-align: center;\"><span style=\"font-family: georgia,serif;\"><em><span style=\"color: #ff6666;\"><span style=\"font-size: large;\"><img loading=\"lazy\" decoding=\"async\" class=\"alignnone wp-image-4357\" src=\"http:\/\/recettes-gourmandes-de-joce.fr\/wp-content\/uploads\/2019\/10\/dattes_et_fuits_secs_deguises_001-150x150.jpg\" alt=\"\" width=\"200\" height=\"239\" srcset=\"http:\/\/recettes-gourmandes-de-joce.fr\/wp-content\/uploads\/2019\/10\/dattes_et_fuits_secs_deguises_001-251x300.jpg 251w, http:\/\/recettes-gourmandes-de-joce.fr\/wp-content\/uploads\/2019\/10\/dattes_et_fuits_secs_deguises_001.jpg 460w\" sizes=\"auto, (max-width: 200px) 100vw, 200px\" \/>\u00a0<\/span><\/span><\/em><\/span><\/p>\n<p style=\"text-align: center;\"><span style=\"color: #ff6666;\"><span style=\"font-family: georgia,serif;\"><span style=\"font-size: large;\"><em>200 g de p\u00e2te d&rsquo;amande verte<\/em><\/span><\/span><\/span><\/p>\n<p style=\"text-align: center;\"><span style=\"color: #ff6666;\"><span style=\"font-family: georgia,serif;\"><span style=\"font-size: large;\"><em>200 g de p\u00e2te d&rsquo;amande rose<\/em><\/span><\/span><\/span><\/p>\n<p style=\"text-align: center;\"><span style=\"color: #ff6666;\"><span style=\"font-family: georgia,serif;\"><span style=\"font-size: large;\"><em>200 g de p\u00e2te d&rsquo;amande blanche<\/em><\/span><\/span><\/span><\/p>\n<p style=\"text-align: center;\"><span style=\"color: #ff6666;\"><span style=\"font-family: georgia,serif;\"><span style=\"font-size: large;\"><em>36 cerneaux de noix<\/em><\/span><\/span><\/span><\/p>\n<p style=\"text-align: center;\"><span style=\"color: #ff6666;\"><span style=\"font-family: georgia,serif;\"><span style=\"font-size: large;\"><em>46 noix de p\u00e9can<\/em><\/span><\/span><\/span><\/p>\n<p style=\"text-align: center;\"><span style=\"color: #ff6666;\"><span style=\"font-family: georgia,serif;\"><span style=\"font-size: large;\"><em>52 amandes enti\u00e8res<\/em><\/span><\/span><\/span><\/p>\n<p style=\"text-align: center;\"><span style=\"color: #ff6666;\"><span style=\"font-family: georgia,serif;\"><span style=\"font-size: large;\"><em>34 dattes<\/em><\/span><\/span><\/span><\/p>\n<p style=\"text-align: center;\"><span style=\"color: #ff6666;\"><span style=\"font-family: georgia,serif;\"><span style=\"font-size: large;\"><em>Mais aussi si vous aimez des pruneaux d&rsquo;Agen, des abricots secs etc. selon vos go\u00fbts \ud83d\ude42<\/em><\/span><\/span><\/span><\/p>\n<p style=\"text-align: center;\"><span style=\"font-family: georgia,serif;\"><span style=\"font-size: large;\"><em><span style=\"color: #ff6666;\">Recette de la p\u00e2te d&rsquo;amande en cliquant sur ce lien -&gt; <\/span><a href=\"http:\/\/recettes-gourmandes-de-joce.fr\/index.php\/index\/desserts\/pates-cremes-glacages\/pate-damande\/\"><span style=\"color: #ff6666;\">P\u00e2te d&rsquo;amande <img loading=\"lazy\" decoding=\"async\" class=\"alignnone size-thumbnail wp-image-4392\" src=\"http:\/\/recettes-gourmandes-de-joce.fr\/wp-content\/uploads\/2019\/10\/PC270130-150x150.jpg\" alt=\"\" width=\"150\" height=\"150\" \/><\/span><\/a><\/em><\/span><\/span><\/p>\n<p style=\"text-align: center;\"><img loading=\"lazy\" decoding=\"async\" class=\"alignnone wp-image-4358\" src=\"http:\/\/recettes-gourmandes-de-joce.fr\/wp-content\/uploads\/2019\/10\/PC220712-150x150.jpg\" alt=\"\" width=\"251\" height=\"170\" srcset=\"http:\/\/recettes-gourmandes-de-joce.fr\/wp-content\/uploads\/2019\/10\/PC220712-300x203.jpg 300w, http:\/\/recettes-gourmandes-de-joce.fr\/wp-content\/uploads\/2019\/10\/PC220712.jpg 550w\" sizes=\"auto, (max-width: 251px) 100vw, 251px\" \/> <img loading=\"lazy\" decoding=\"async\" class=\"alignnone wp-image-4359\" src=\"http:\/\/recettes-gourmandes-de-joce.fr\/wp-content\/uploads\/2019\/10\/PC220714-150x150.jpg\" alt=\"\" width=\"225\" height=\"170\" srcset=\"http:\/\/recettes-gourmandes-de-joce.fr\/wp-content\/uploads\/2019\/10\/PC220714-300x226.jpg 300w, http:\/\/recettes-gourmandes-de-joce.fr\/wp-content\/uploads\/2019\/10\/PC220714.jpg 550w\" sizes=\"auto, (max-width: 225px) 100vw, 225px\" \/><\/p>\n<p style=\"text-align: center;\"><span style=\"color: #ff6666;\"><span style=\"font-family: georgia,serif;\"><span style=\"font-size: large;\"><em>D\u00e9noyauter les datte en les coupant dans le sens de la <\/em><em>longueur mais pas enti\u00e8rement de fa\u00e7on \u00e0 ce que les deux <\/em><em>cot\u00e9s restent solidaires. <\/em><em>Couper la p\u00e2te d&rsquo;amande en petit rectangle.<\/em><\/span><\/span><\/span><\/p>\n<p style=\"text-align: center;\"><span style=\"color: #ff6666;\"><span style=\"font-family: georgia,serif;\"><span style=\"font-size: large;\"><em>Fourrer les dattes avec les rectangles de p\u00e2te.<\/em><\/span><\/span><\/span><\/p>\n<p style=\"text-align: center;\"><span style=\"color: #ff6666;\"><span style=\"font-family: georgia,serif;\"><span style=\"font-size: large;\"><em>Coller de <\/em><em>chaque cot\u00e9 des rectangles de p\u00e2te <\/em><em>restants soit de noix, <\/em><em>des noix de p\u00e9can ou des amandes enti\u00e8res. <\/em><\/span><\/span><\/span><\/p>\n<p style=\"text-align: center;\"><span style=\"color: #ff6666;\"><span style=\"font-family: georgia,serif;\"><span style=\"font-size: large;\"><em>Avec un couteau dessiner <\/em><em>des quadrillages sur la p\u00e2te.\u00a0<\/em><\/span><\/span><\/span><\/p>\n<p style=\"text-align: center;\"><span style=\"color: #ff6666;\"><span style=\"font-family: georgia,serif;\"><span style=\"font-size: large;\"><em>Bon App\u00e9tit!<\/em><\/span><\/span><\/span><\/p>\n<p style=\"text-align: center;\"><span style=\"font-family: georgia,serif;\"><em><span style=\"color: #ff6666;\"><img loading=\"lazy\" decoding=\"async\" class=\"alignnone wp-image-4616\" src=\"http:\/\/recettes-gourmandes-de-joce.fr\/wp-content\/uploads\/2019\/10\/PC220722-150x150.jpg\" alt=\"\" width=\"233\" height=\"175\" srcset=\"http:\/\/recettes-gourmandes-de-joce.fr\/wp-content\/uploads\/2019\/10\/PC220722-300x225.jpg 300w, http:\/\/recettes-gourmandes-de-joce.fr\/wp-content\/uploads\/2019\/10\/PC220722.jpg 640w\" sizes=\"auto, (max-width: 233px) 100vw, 233px\" \/>\u00a0<img loading=\"lazy\" decoding=\"async\" class=\"alignnone wp-image-4356\" src=\"http:\/\/recettes-gourmandes-de-joce.fr\/wp-content\/uploads\/2019\/10\/PC220724-150x150.jpg\" alt=\"\" width=\"234\" height=\"175\" srcset=\"http:\/\/recettes-gourmandes-de-joce.fr\/wp-content\/uploads\/2019\/10\/PC220724-300x225.jpg 300w, http:\/\/recettes-gourmandes-de-joce.fr\/wp-content\/uploads\/2019\/10\/PC220724.jpg 550w\" sizes=\"auto, (max-width: 234px) 100vw, 234px\" \/> <img loading=\"lazy\" decoding=\"async\" class=\"alignnone wp-image-4613\" src=\"http:\/\/recettes-gourmandes-de-joce.fr\/wp-content\/uploads\/2019\/10\/PC220723-150x150.jpg\" alt=\"\" width=\"233\" height=\"175\" srcset=\"http:\/\/recettes-gourmandes-de-joce.fr\/wp-content\/uploads\/2019\/10\/PC220723-300x225.jpg 300w, http:\/\/recettes-gourmandes-de-joce.fr\/wp-content\/uploads\/2019\/10\/PC220723.jpg 640w\" sizes=\"auto, (max-width: 233px) 100vw, 233px\" \/><\/span><\/em><\/span><\/p>\n<p style=\"text-align: center;\"><img loading=\"lazy\" decoding=\"async\" class=\"alignnone wp-image-24317 size-full\" src=\"http:\/\/recettes-gourmandes-de-joce.fr\/wp-content\/uploads\/2020\/07\/logitech-gaming-software-14112014-121223.jpg\" alt=\"\" width=\"640\" height=\"144\" srcset=\"http:\/\/recettes-gourmandes-de-joce.fr\/wp-content\/uploads\/2020\/07\/logitech-gaming-software-14112014-121223.jpg 640w, http:\/\/recettes-gourmandes-de-joce.fr\/wp-content\/uploads\/2020\/07\/logitech-gaming-software-14112014-121223-300x68.jpg 300w\" sizes=\"auto, (max-width: 640px) 100vw, 640px\" \/><\/p>\n","protected":false},"excerpt":{"rendered":"<p>\u00a0 Ingr\u00e9dients pour les deux plateaux \u00a0 200 g de p\u00e2te d&rsquo;amande verte 200 g de p\u00e2te d&rsquo;amande rose 200 g de p\u00e2te d&rsquo;amande blanche 36 cerneaux de noix 46 noix de p\u00e9can 52 amandes enti\u00e8res 34 dattes Mais aussi si vous aimez des pruneaux d&rsquo;Agen, des abricots secs etc. selon vos go\u00fbts \ud83d\ude42 Recette &hellip; <\/p>\n<p><a class=\"more-link btn\" href=\"http:\/\/recettes-gourmandes-de-joce.fr\/index.php\/index\/desserts\/chocolats-friandises\/dattes-et-fruits-secs-deguises\/\">Lire la suite<\/a><\/p>\n","protected":false},"author":2,"featured_media":87221,"parent":171,"menu_order":0,"comment_status":"open","ping_status":"closed","template":"","meta":{"footnotes":""},"class_list":["post-4374","page","type-page","status-publish","has-post-thumbnail","hentry","nodate","item-wrap"],"_links":{"self":[{"href":"http:\/\/recettes-gourmandes-de-joce.fr\/index.php\/wp-json\/wp\/v2\/pages\/4374","targetHints":{"allow":["GET"]}}],"collection":[{"href":"http:\/\/recettes-gourmandes-de-joce.fr\/index.php\/wp-json\/wp\/v2\/pages"}],"about":[{"href":"http:\/\/recettes-gourmandes-de-joce.fr\/index.php\/wp-json\/wp\/v2\/types\/page"}],"author":[{"embeddable":true,"href":"http:\/\/recettes-gourmandes-de-joce.fr\/index.php\/wp-json\/wp\/v2\/users\/2"}],"replies":[{"embeddable":true,"href":"http:\/\/recettes-gourmandes-de-joce.fr\/index.php\/wp-json\/wp\/v2\/comments?post=4374"}],"version-history":[{"count":12,"href":"http:\/\/recettes-gourmandes-de-joce.fr\/index.php\/wp-json\/wp\/v2\/pages\/4374\/revisions"}],"predecessor-version":[{"id":95613,"href":"http:\/\/recettes-gourmandes-de-joce.fr\/index.php\/wp-json\/wp\/v2\/pages\/4374\/revisions\/95613"}],"up":[{"embeddable":true,"href":"http:\/\/recettes-gourmandes-de-joce.fr\/index.php\/wp-json\/wp\/v2\/pages\/171"}],"wp:featuredmedia":[{"embeddable":true,"href":"http:\/\/recettes-gourmandes-de-joce.fr\/index.php\/wp-json\/wp\/v2\/media\/87221"}],"wp:attachment":[{"href":"http:\/\/recettes-gourmandes-de-joce.fr\/index.php\/wp-json\/wp\/v2\/media?parent=4374"}],"curies":[{"name":"wp","href":"https:\/\/api.w.org\/{rel}","templated":true}]}}