{"id":4364,"date":"2019-10-13T13:25:58","date_gmt":"2019-10-13T13:25:58","guid":{"rendered":"http:\/\/recettes-gourmandes-de-joce.fr\/?page_id=4364"},"modified":"2024-07-12T09:24:59","modified_gmt":"2024-07-12T09:24:59","slug":"sables-de-millionnaire-ou-ecossais","status":"publish","type":"page","link":"http:\/\/recettes-gourmandes-de-joce.fr\/index.php\/index\/desserts\/chocolats-friandises\/sables-de-millionnaire-ou-ecossais\/","title":{"rendered":"Sabl\u00e9s du millionnaire ou \u00e9cossais."},"content":{"rendered":"<p style=\"text-align: center;\"><span style=\"font-family: georgia, palatino, serif;\"><em style=\"color: #993300; font-size: x-large; text-decoration: underline;\">D&rsquo;apr\u00e8s une recette du net<\/em><\/span><\/p>\n<p style=\"text-align: center;\"><span style=\"font-family: georgia, palatino, serif;\"><img loading=\"lazy\" decoding=\"async\" class=\"alignnone wp-image-4353\" src=\"http:\/\/recettes-gourmandes-de-joce.fr\/wp-content\/uploads\/2019\/10\/sables_de_millionnaire_ou_ecossais_021-150x150.jpg\" alt=\"\" width=\"200\" height=\"143\" srcset=\"http:\/\/recettes-gourmandes-de-joce.fr\/wp-content\/uploads\/2019\/10\/sables_de_millionnaire_ou_ecossais_021-300x215.jpg 300w, http:\/\/recettes-gourmandes-de-joce.fr\/wp-content\/uploads\/2019\/10\/sables_de_millionnaire_ou_ecossais_021.jpg 640w\" sizes=\"auto, (max-width: 200px) 100vw, 200px\" \/> <img loading=\"lazy\" decoding=\"async\" class=\"alignnone wp-image-4362\" src=\"http:\/\/recettes-gourmandes-de-joce.fr\/wp-content\/uploads\/2019\/10\/sables_de_millionnaire_ou_ecossais_023-1-150x150.jpg\" alt=\"\" width=\"200\" height=\"150\" srcset=\"http:\/\/recettes-gourmandes-de-joce.fr\/wp-content\/uploads\/2019\/10\/sables_de_millionnaire_ou_ecossais_023-1-300x225.jpg 300w, http:\/\/recettes-gourmandes-de-joce.fr\/wp-content\/uploads\/2019\/10\/sables_de_millionnaire_ou_ecossais_023-1.jpg 640w\" sizes=\"auto, (max-width: 200px) 100vw, 200px\" \/> <img loading=\"lazy\" decoding=\"async\" class=\"alignnone wp-image-4354\" src=\"http:\/\/recettes-gourmandes-de-joce.fr\/wp-content\/uploads\/2019\/10\/sables_de_millionnaire_ou_ecossais_022-150x150.jpg\" alt=\"\" width=\"200\" height=\"150\" srcset=\"http:\/\/recettes-gourmandes-de-joce.fr\/wp-content\/uploads\/2019\/10\/sables_de_millionnaire_ou_ecossais_022-300x225.jpg 300w, http:\/\/recettes-gourmandes-de-joce.fr\/wp-content\/uploads\/2019\/10\/sables_de_millionnaire_ou_ecossais_022.jpg 640w\" sizes=\"auto, (max-width: 200px) 100vw, 200px\" \/><\/span><\/p>\n<p style=\"text-align: center;\"><span style=\"font-family: georgia, palatino, serif;\"><span style=\"color: #993300; font-size: x-large; text-decoration: underline;\"><em>Ingr\u00e9dients pour 30 sabl\u00e9s taille du commerce<\/em><\/span><\/span><\/p>\n<p style=\"text-align: center;\"><span style=\"font-family: georgia, palatino, serif;\"><img loading=\"lazy\" decoding=\"async\" class=\"alignnone wp-image-4333\" src=\"http:\/\/recettes-gourmandes-de-joce.fr\/wp-content\/uploads\/2019\/10\/sables_de_millionnaire_ou_ecossais_001-150x150.jpg\" alt=\"\" width=\"200\" height=\"135\" srcset=\"http:\/\/recettes-gourmandes-de-joce.fr\/wp-content\/uploads\/2019\/10\/sables_de_millionnaire_ou_ecossais_001-300x202.jpg 300w, http:\/\/recettes-gourmandes-de-joce.fr\/wp-content\/uploads\/2019\/10\/sables_de_millionnaire_ou_ecossais_001.jpg 640w\" sizes=\"auto, (max-width: 200px) 100vw, 200px\" \/><\/span><\/p>\n<p style=\"text-align: center;\"><span style=\"font-family: georgia, palatino, serif;\"><span style=\"color: #993300; font-size: x-large; text-decoration: underline;\">\u00a0<\/span><span style=\"color: #993300; font-size: x-large; text-decoration: underline;\"><em>P\u00e2te sabl\u00e9e<\/em><\/span><\/span><\/p>\n<p style=\"text-align: center;\"><span style=\"font-family: georgia, palatino, serif; font-size: 14pt;\"><em><span style=\"color: #993300;\">175 g de farine<\/span><\/em><\/span><\/p>\n<p style=\"text-align: center;\"><span style=\"font-family: georgia, palatino, serif; font-size: 14pt;\"><em><span style=\"color: #993300;\">50 g de cassonade<\/span><\/em><\/span><\/p>\n<p style=\"text-align: center;\"><span style=\"font-family: georgia, palatino, serif; font-size: 14pt;\"><em><span style=\"color: #993300;\">125 g de beurre<\/span><\/em><\/span><\/p>\n<p style=\"text-align: center;\"><span style=\"font-family: georgia, palatino, serif; font-size: 14pt;\"><em><span style=\"color: #993300;\">caramel<\/span><\/em><\/span><\/p>\n<p style=\"text-align: center;\"><span style=\"font-family: georgia, palatino, serif; font-size: 14pt;\"><em><span style=\"color: #993300;\">50 g de beurre<\/span><\/em><\/span><\/p>\n<p style=\"text-align: center;\"><span style=\"font-size: 14pt;\"><span style=\"font-family: georgia, palatino, serif;\"><em><span style=\"color: #993300;\">50 g de <\/span><\/em><\/span><span style=\"color: #993300; font-family: georgia, palatino, serif;\"><i>cassonade<\/i><\/span><\/span><\/p>\n<p style=\"text-align: center;\"><span style=\"font-family: georgia, palatino, serif; font-size: 14pt;\"><em><span style=\"color: #993300;\">400 g de lait concentr\u00e9 non sucr\u00e9<\/span><\/em><\/span><\/p>\n<p style=\"text-align: center;\"><span style=\"font-family: georgia, palatino, serif; font-size: 14pt;\"><em><span style=\"color: #993300;\">chocolat<\/span><\/em><\/span><\/p>\n<p style=\"text-align: center;\"><span style=\"font-family: georgia, palatino, serif; font-size: 14pt;\"><em><span style=\"color: #993300;\">150 g de chocolat au lait<\/span><\/em><\/span><\/p>\n<p style=\"text-align: center;\"><span style=\"font-family: georgia, palatino, serif; font-size: 14pt;\"><img loading=\"lazy\" decoding=\"async\" class=\"alignnone size-thumbnail wp-image-4334\" src=\"http:\/\/recettes-gourmandes-de-joce.fr\/wp-content\/uploads\/2019\/10\/sables_de_millionnaire_ou_ecossais_002-150x150.jpg\" alt=\"\" width=\"150\" height=\"150\" \/> <img loading=\"lazy\" decoding=\"async\" class=\"alignnone size-thumbnail wp-image-4335\" src=\"http:\/\/recettes-gourmandes-de-joce.fr\/wp-content\/uploads\/2019\/10\/sables_de_millionnaire_ou_ecossais_003-150x150.jpg\" alt=\"\" width=\"150\" height=\"150\" \/> <img loading=\"lazy\" decoding=\"async\" class=\"alignnone size-thumbnail wp-image-4336\" src=\"http:\/\/recettes-gourmandes-de-joce.fr\/wp-content\/uploads\/2019\/10\/sables_de_millionnaire_ou_ecossais_004-150x150.jpg\" alt=\"\" width=\"150\" height=\"150\" \/>\u00a0<\/span><\/p>\n<p style=\"text-align: center;\"><span style=\"font-family: georgia, palatino, serif; font-size: 14pt;\"><em><span style=\"color: #993300;\">Mettre la farine dans un saladier et ajouter le beurre mou <\/span><\/em><em><span style=\"color: #993300;\">m\u00e9langer au fouet pour obtenir un genre de sable.\u00a0<\/span><\/em><\/span><\/p>\n<p style=\"text-align: center;\"><span style=\"font-family: georgia, palatino, serif; font-size: 14pt;\"><img loading=\"lazy\" decoding=\"async\" class=\"alignnone size-thumbnail wp-image-4337\" src=\"http:\/\/recettes-gourmandes-de-joce.fr\/wp-content\/uploads\/2019\/10\/sables_de_millionnaire_ou_ecossais_005-150x150.jpg\" alt=\"\" width=\"150\" height=\"150\" \/> <img loading=\"lazy\" decoding=\"async\" class=\"alignnone size-thumbnail wp-image-4338\" src=\"http:\/\/recettes-gourmandes-de-joce.fr\/wp-content\/uploads\/2019\/10\/sables_de_millionnaire_ou_ecossais_006-150x150.jpg\" alt=\"\" width=\"150\" height=\"150\" \/> <img loading=\"lazy\" decoding=\"async\" class=\"alignnone size-thumbnail wp-image-4339\" src=\"http:\/\/recettes-gourmandes-de-joce.fr\/wp-content\/uploads\/2019\/10\/sables_de_millionnaire_ou_ecossais_007-150x150.jpg\" alt=\"\" width=\"150\" height=\"150\" \/>\u00a0<\/span><\/p>\n<p style=\"text-align: center;\"><span style=\"font-family: georgia, palatino, serif; font-size: 14pt;\"><em><span style=\"color: #993300;\">Ajouter ensuite le sucre et m\u00e9langer.\u00a0<\/span><\/em><em><span style=\"color: #993300;\">Pr\u00e9chauffer le four \u00e0 190\u00b0. <\/span><\/em><em><span style=\"color: #993300;\">P\u00e9trir \u00e0 la main pour former une boule de p\u00e2te.\u00a0<\/span><\/em><\/span><\/p>\n<p style=\"text-align: center;\"><span style=\"font-family: georgia, palatino, serif; font-size: 14pt;\"><img loading=\"lazy\" decoding=\"async\" class=\"alignnone size-thumbnail wp-image-4340\" src=\"http:\/\/recettes-gourmandes-de-joce.fr\/wp-content\/uploads\/2019\/10\/sables_de_millionnaire_ou_ecossais_008-150x150.jpg\" alt=\"\" width=\"150\" height=\"150\" \/> <img loading=\"lazy\" decoding=\"async\" class=\"alignnone size-thumbnail wp-image-4341\" src=\"http:\/\/recettes-gourmandes-de-joce.fr\/wp-content\/uploads\/2019\/10\/sables_de_millionnaire_ou_ecossais_009-150x150.jpg\" alt=\"\" width=\"150\" height=\"150\" \/><\/span><\/p>\n<p style=\"text-align: center;\"><span style=\"font-family: georgia, palatino, serif; font-size: 14pt;\"><em><span style=\"color: #993300;\">\u00c9taler cette <\/span><\/em><em><span style=\"color: #993300;\">p\u00e2te sur 5 mm d&rsquo;\u00e9paisseur environ dans un moule carr\u00e9\u00a0<\/span><\/em><em><span style=\"color: #993300;\">en silicone, dans un moule traditionnel mettre du papier\u00a0<\/span><\/em><em><span style=\"color: #993300;\">sulfuris\u00e9 au fond du moule. <\/span><\/em><em><span style=\"color: #993300;\">Enfourner \u00e0 190\u00b0 +ou- 20 minutes selon l&rsquo;\u00e9paisseur de la p\u00e2te et <\/span><\/em><em><span style=\"color: #993300;\">selon le four. <\/span><\/em><em><span style=\"color: #993300;\">La p\u00e2te doit \u00eatre une fois cuite tr\u00e8s l\u00e9g\u00e8rement dor\u00e9e. <\/span><\/em><em><span style=\"color: #993300;\">Lorsque votre p\u00e2te est cuite et froide.<\/span><\/em><\/span><\/p>\n<p style=\"text-align: center;\"><span style=\"font-family: georgia, palatino, serif; font-size: 18pt;\"><span style=\"color: #993300; text-decoration: underline;\"><em>Pr\u00e9parer le caramel<\/em><\/span><\/span><\/p>\n<p style=\"text-align: center;\"><span style=\"font-family: georgia, palatino, serif; font-size: 14pt;\"><img loading=\"lazy\" decoding=\"async\" class=\"alignnone size-thumbnail wp-image-4342\" src=\"http:\/\/recettes-gourmandes-de-joce.fr\/wp-content\/uploads\/2019\/10\/sables_de_millionnaire_ou_ecossais_010-150x150.jpg\" alt=\"\" width=\"150\" height=\"150\" \/> <img loading=\"lazy\" decoding=\"async\" class=\"alignnone size-thumbnail wp-image-4343\" src=\"http:\/\/recettes-gourmandes-de-joce.fr\/wp-content\/uploads\/2019\/10\/sables_de_millionnaire_ou_ecossais_011-150x150.jpg\" alt=\"\" width=\"150\" height=\"150\" \/> <img loading=\"lazy\" decoding=\"async\" class=\"alignnone size-thumbnail wp-image-4344\" src=\"http:\/\/recettes-gourmandes-de-joce.fr\/wp-content\/uploads\/2019\/10\/sables_de_millionnaire_ou_ecossais_012-150x150.jpg\" alt=\"\" width=\"150\" height=\"150\" \/><\/span><\/p>\n<p style=\"text-align: center;\"><span style=\"font-family: georgia, palatino, serif; font-size: 14pt;\"><em><span style=\"color: #993300;\">Mettre dans une casserole\u00a0<\/span><span style=\"color: #993300;\"><span style=\"color: #993300; font-family: georgia, palatino, serif;\"><span style=\"font-size: 18.6667px;\"><u>anti adh\u00e9sive<\/u><\/span><span style=\"font-size: 14pt;\">\u00a0le lait <\/span><\/span><\/span><\/em><em style=\"font-family: georgia, palatino, serif; font-size: 14pt;\"><span style=\"color: #993300;\">concentr\u00e9, ajouter le sucre et remuer, ajouter le beurre. <\/span><\/em><em style=\"font-family: georgia, palatino, serif; font-size: 14pt;\"><span style=\"color: #993300;\">Mettre \u00e0 chauffer en remuant sans cesse jusqu&rsquo;\u00e0 \u00e9bullition <\/span><\/em><em style=\"font-family: georgia, palatino, serif; font-size: 14pt;\"><span style=\"color: #993300;\">baisser ensuite le feu.<\/span><\/em><\/span><\/p>\n<p style=\"text-align: center;\"><span style=\"font-family: georgia, palatino, serif; font-size: 14pt;\"><img loading=\"lazy\" decoding=\"async\" class=\"alignnone size-thumbnail wp-image-4345\" src=\"http:\/\/recettes-gourmandes-de-joce.fr\/wp-content\/uploads\/2019\/10\/sables_de_millionnaire_ou_ecossais_013-150x150.jpg\" alt=\"\" width=\"150\" height=\"150\" \/> <img loading=\"lazy\" decoding=\"async\" class=\"alignnone size-thumbnail wp-image-4346\" src=\"http:\/\/recettes-gourmandes-de-joce.fr\/wp-content\/uploads\/2019\/10\/sables_de_millionnaire_ou_ecossais_014-150x150.jpg\" alt=\"\" width=\"150\" height=\"150\" \/> <img loading=\"lazy\" decoding=\"async\" class=\"alignnone size-thumbnail wp-image-4347\" src=\"http:\/\/recettes-gourmandes-de-joce.fr\/wp-content\/uploads\/2019\/10\/sables_de_millionnaire_ou_ecossais_015-150x150.jpg\" alt=\"\" width=\"150\" height=\"150\" \/><\/span><\/p>\n<p style=\"text-align: center;\"><span style=\"font-family: georgia, palatino, serif; font-size: 14pt;\"><em><span style=\"color: #993300;\">Continuer \u00e0 remuer jusqu&rsquo;\u00e0 obtention <\/span><\/em><em><span style=\"color: #993300;\">d&rsquo;un caramel \u00e9pais, \u00e7a prend au moins 1\/4h 20 mn. <\/span><\/em><em><span style=\"color: #993300;\">Etaler le caramel sur la p\u00e2te et mettre \u00e0 refroidir au r\u00e9frig\u00e9rateur.<\/span><\/em><\/span><\/p>\n<p style=\"text-align: center;\"><span style=\"font-family: georgia, palatino, serif; font-size: 14pt;\"><img loading=\"lazy\" decoding=\"async\" class=\"alignnone size-thumbnail wp-image-4348\" src=\"http:\/\/recettes-gourmandes-de-joce.fr\/wp-content\/uploads\/2019\/10\/sables_de_millionnaire_ou_ecossais_016-150x150.jpg\" alt=\"\" width=\"150\" height=\"150\" \/> <img loading=\"lazy\" decoding=\"async\" class=\"alignnone size-thumbnail wp-image-4349\" src=\"http:\/\/recettes-gourmandes-de-joce.fr\/wp-content\/uploads\/2019\/10\/sables_de_millionnaire_ou_ecossais_017-150x150.jpg\" alt=\"\" width=\"150\" height=\"150\" \/> <img loading=\"lazy\" decoding=\"async\" class=\"alignnone size-thumbnail wp-image-4350\" src=\"http:\/\/recettes-gourmandes-de-joce.fr\/wp-content\/uploads\/2019\/10\/sables_de_millionnaire_ou_ecossais_018-150x150.jpg\" alt=\"\" width=\"150\" height=\"150\" \/><\/span><\/p>\n<p style=\"text-align: center;\"><span style=\"font-family: georgia, palatino, serif; font-size: 14pt;\"><em><span style=\"color: #993300;\">Casser le chocolat en morceaux et le mettre \u00e0 fondre au <\/span><\/em><em><span style=\"color: #993300;\">micro-ondes, lorsque le chocolat est fondu l&rsquo;\u00e9taler sur le caramel <\/span><\/em><em><span style=\"color: #993300;\">bien froid. <\/span><\/em><em><span style=\"color: #993300;\">Remettre au r\u00e9frig\u00e9rateur pour faire durcir le chocolat.<\/span><\/em><\/span><\/p>\n<p style=\"text-align: center;\"><span style=\"font-family: georgia, palatino, serif; font-size: 14pt;\"><img loading=\"lazy\" decoding=\"async\" class=\"alignnone size-thumbnail wp-image-4350\" src=\"http:\/\/recettes-gourmandes-de-joce.fr\/wp-content\/uploads\/2019\/10\/sables_de_millionnaire_ou_ecossais_018-150x150.jpg\" alt=\"\" width=\"150\" height=\"150\" \/> <img loading=\"lazy\" decoding=\"async\" class=\"alignnone size-thumbnail wp-image-4351\" src=\"http:\/\/recettes-gourmandes-de-joce.fr\/wp-content\/uploads\/2019\/10\/sables_de_millionnaire_ou_ecossais_019-150x150.jpg\" alt=\"\" width=\"150\" height=\"150\" \/> <img loading=\"lazy\" decoding=\"async\" class=\"alignnone size-thumbnail wp-image-4352\" src=\"http:\/\/recettes-gourmandes-de-joce.fr\/wp-content\/uploads\/2019\/10\/sables_de_millionnaire_ou_ecossais_020-150x150.jpg\" alt=\"\" width=\"150\" height=\"150\" \/><\/span><\/p>\n<p style=\"text-align: center;\"><span style=\"font-family: georgia, palatino, serif; font-size: 14pt;\"><em><span style=\"color: #993300;\">Au bout de deux heures, couper en bandes puis en carr\u00e9s <\/span><\/em><em><span style=\"color: #993300;\">en passant la lame du couteau sous l&rsquo;eau chaude pour <\/span><\/em><em><span style=\"color: #993300;\">\u00e9viter de casser le chocolat. <\/span><\/em><em><span style=\"color: #993300;\">A gauche de la photo ceux que l&rsquo;on trouve en grandes surfaces <\/span><\/em><em><span style=\"color: #993300;\">\u00e0 droite les miens (un peu plus \u00e9pais en p\u00e2te sabl\u00e9e).<\/span><\/em><\/span><\/p>\n<p style=\"text-align: center;\"><span style=\"font-family: georgia, palatino, serif; font-size: 14pt;\"><em><span style=\"color: #993300;\">Excellent avec un caf\u00e9, un chocolat ou \u00e0 l&rsquo;heure du th\u00e9. <\/span><\/em><\/span><\/p>\n<p style=\"text-align: center;\"><span style=\"font-family: georgia, palatino, serif; font-size: 14pt;\"><em><span style=\"color: #993300;\">Bonne d\u00e9gustation!<\/span><\/em><\/span><\/p>\n<p style=\"text-align: center;\"><span style=\"font-family: georgia, palatino, serif;\"><em><span style=\"color: #993300; font-size: large;\"><img loading=\"lazy\" decoding=\"async\" class=\"alignnone wp-image-4353\" src=\"http:\/\/recettes-gourmandes-de-joce.fr\/wp-content\/uploads\/2019\/10\/sables_de_millionnaire_ou_ecossais_021-150x150.jpg\" alt=\"\" width=\"200\" height=\"143\" srcset=\"http:\/\/recettes-gourmandes-de-joce.fr\/wp-content\/uploads\/2019\/10\/sables_de_millionnaire_ou_ecossais_021-300x215.jpg 300w, http:\/\/recettes-gourmandes-de-joce.fr\/wp-content\/uploads\/2019\/10\/sables_de_millionnaire_ou_ecossais_021.jpg 640w\" sizes=\"auto, (max-width: 200px) 100vw, 200px\" \/> <img loading=\"lazy\" decoding=\"async\" class=\"alignnone wp-image-4362\" src=\"http:\/\/recettes-gourmandes-de-joce.fr\/wp-content\/uploads\/2019\/10\/sables_de_millionnaire_ou_ecossais_023-1-150x150.jpg\" alt=\"\" width=\"200\" height=\"150\" srcset=\"http:\/\/recettes-gourmandes-de-joce.fr\/wp-content\/uploads\/2019\/10\/sables_de_millionnaire_ou_ecossais_023-1-300x225.jpg 300w, http:\/\/recettes-gourmandes-de-joce.fr\/wp-content\/uploads\/2019\/10\/sables_de_millionnaire_ou_ecossais_023-1.jpg 640w\" sizes=\"auto, (max-width: 200px) 100vw, 200px\" \/> <img loading=\"lazy\" decoding=\"async\" class=\"alignnone wp-image-4353\" src=\"http:\/\/recettes-gourmandes-de-joce.fr\/wp-content\/uploads\/2019\/10\/sables_de_millionnaire_ou_ecossais_021-150x150.jpg\" alt=\"\" width=\"200\" height=\"143\" srcset=\"http:\/\/recettes-gourmandes-de-joce.fr\/wp-content\/uploads\/2019\/10\/sables_de_millionnaire_ou_ecossais_021-300x215.jpg 300w, http:\/\/recettes-gourmandes-de-joce.fr\/wp-content\/uploads\/2019\/10\/sables_de_millionnaire_ou_ecossais_021.jpg 640w\" sizes=\"auto, (max-width: 200px) 100vw, 200px\" \/><\/span><\/em><\/span><\/p>\n<p><img loading=\"lazy\" decoding=\"async\" class=\"alignnone size-full wp-image-557\" src=\"http:\/\/recettes-gourmandes-de-joce.fr\/wp-content\/uploads\/2019\/09\/logitech-gaming-software-14112014-121223.jpg\" alt=\"\" width=\"800\" height=\"180\" srcset=\"http:\/\/recettes-gourmandes-de-joce.fr\/wp-content\/uploads\/2019\/09\/logitech-gaming-software-14112014-121223.jpg 800w, http:\/\/recettes-gourmandes-de-joce.fr\/wp-content\/uploads\/2019\/09\/logitech-gaming-software-14112014-121223-300x68.jpg 300w, http:\/\/recettes-gourmandes-de-joce.fr\/wp-content\/uploads\/2019\/09\/logitech-gaming-software-14112014-121223-768x173.jpg 768w\" sizes=\"auto, (max-width: 800px) 100vw, 800px\" \/><\/p>\n<p style=\"text-align: center;\">\n","protected":false},"excerpt":{"rendered":"<p>D&rsquo;apr\u00e8s une recette du net Ingr\u00e9dients pour 30 sabl\u00e9s taille du commerce \u00a0P\u00e2te sabl\u00e9e 175 g de farine 50 g de cassonade 125 g de beurre caramel 50 g de beurre 50 g de cassonade 400 g de lait concentr\u00e9 non sucr\u00e9 chocolat 150 g de chocolat au lait \u00a0 Mettre la farine dans un &hellip; <\/p>\n<p><a class=\"more-link btn\" href=\"http:\/\/recettes-gourmandes-de-joce.fr\/index.php\/index\/desserts\/chocolats-friandises\/sables-de-millionnaire-ou-ecossais\/\">Lire la suite<\/a><\/p>\n","protected":false},"author":2,"featured_media":87196,"parent":171,"menu_order":0,"comment_status":"open","ping_status":"closed","template":"","meta":{"footnotes":""},"class_list":["post-4364","page","type-page","status-publish","has-post-thumbnail","hentry","nodate","item-wrap"],"_links":{"self":[{"href":"http:\/\/recettes-gourmandes-de-joce.fr\/index.php\/wp-json\/wp\/v2\/pages\/4364","targetHints":{"allow":["GET"]}}],"collection":[{"href":"http:\/\/recettes-gourmandes-de-joce.fr\/index.php\/wp-json\/wp\/v2\/pages"}],"about":[{"href":"http:\/\/recettes-gourmandes-de-joce.fr\/index.php\/wp-json\/wp\/v2\/types\/page"}],"author":[{"embeddable":true,"href":"http:\/\/recettes-gourmandes-de-joce.fr\/index.php\/wp-json\/wp\/v2\/users\/2"}],"replies":[{"embeddable":true,"href":"http:\/\/recettes-gourmandes-de-joce.fr\/index.php\/wp-json\/wp\/v2\/comments?post=4364"}],"version-history":[{"count":5,"href":"http:\/\/recettes-gourmandes-de-joce.fr\/index.php\/wp-json\/wp\/v2\/pages\/4364\/revisions"}],"predecessor-version":[{"id":56131,"href":"http:\/\/recettes-gourmandes-de-joce.fr\/index.php\/wp-json\/wp\/v2\/pages\/4364\/revisions\/56131"}],"up":[{"embeddable":true,"href":"http:\/\/recettes-gourmandes-de-joce.fr\/index.php\/wp-json\/wp\/v2\/pages\/171"}],"wp:featuredmedia":[{"embeddable":true,"href":"http:\/\/recettes-gourmandes-de-joce.fr\/index.php\/wp-json\/wp\/v2\/media\/87196"}],"wp:attachment":[{"href":"http:\/\/recettes-gourmandes-de-joce.fr\/index.php\/wp-json\/wp\/v2\/media?parent=4364"}],"curies":[{"name":"wp","href":"https:\/\/api.w.org\/{rel}","templated":true}]}}