{"id":435,"date":"2019-09-19T12:53:39","date_gmt":"2019-09-19T12:53:39","guid":{"rendered":"http:\/\/recettes-gourmandes-de-joce.fr\/?page_id=435"},"modified":"2024-07-04T13:22:30","modified_gmt":"2024-07-04T13:22:30","slug":"pesto-basilic-persil-a-ma-facon","status":"publish","type":"page","link":"http:\/\/recettes-gourmandes-de-joce.fr\/index.php\/index\/sauces-assaisonnements\/sauces-froides\/pesto-basilic-persil-a-ma-facon\/","title":{"rendered":"Pesto basilic\/persil \u00e0 ma fa\u00e7on."},"content":{"rendered":"<p style=\"text-align: center;\"><span style=\"font-family: georgia, serif; color: #008000;\"><span style=\"text-decoration: underline;\"><span style=\"font-size: x-large;\"><em>Une de mes recettes<\/em><\/span><\/span><\/span><\/p>\n<p style=\"text-align: center;\"><span style=\"font-family: georgia, serif; color: #008000;\"><span style=\"text-decoration: underline;\"><span style=\"font-size: x-large;\"><img loading=\"lazy\" decoding=\"async\" class=\"alignnone wp-image-86728\" src=\"http:\/\/recettes-gourmandes-de-joce.fr\/wp-content\/uploads\/2024\/07\/P6131526-2.jpg\" alt=\"\" width=\"251\" height=\"250\" \/><\/span><\/span><\/span><\/p>\n<p style=\"text-align: center;\"><span style=\"font-family: georgia, serif; color: #008000;\"><span style=\"text-decoration: underline;\"><span style=\"font-size: x-large;\"><em>Ingr\u00e9dients<\/em><\/span><\/span><\/span><\/p>\n<p style=\"text-align: center;\"><span style=\"font-family: georgia, serif; color: #008000;\"><span style=\"text-decoration: underline;\"><span style=\"font-size: x-large;\"><em><img loading=\"lazy\" decoding=\"async\" class=\"alignnone wp-image-86729\" src=\"http:\/\/recettes-gourmandes-de-joce.fr\/wp-content\/uploads\/2024\/07\/P6131510-1.jpg\" alt=\"\" width=\"244\" height=\"200\" \/> <\/em><\/span><\/span><\/span><\/p>\n<p style=\"text-align: center;\"><span style=\"font-family: georgia, serif; color: #008000;\"><span style=\"font-size: large;\"><em>100 ml d&rsquo;huile d&rsquo;olive<\/em><\/span><\/span><\/p>\n<p style=\"text-align: center;\"><span style=\"font-family: georgia, serif; color: #008000;\"><span style=\"font-size: large;\"><em>2 gousses d&rsquo;ail<\/em><\/span><\/span><\/p>\n<p style=\"text-align: center;\"><span style=\"font-family: georgia, serif; color: #008000;\"><span style=\"font-size: large;\"><em>1 bouquet de basilic frais<\/em><\/span><\/span><\/p>\n<p style=\"text-align: center;\"><span style=\"font-family: georgia, serif; color: #008000;\"><span style=\"font-size: large;\"><em>1 petit bouquet de persil frais<\/em><\/span><\/span><\/p>\n<p style=\"text-align: center;\"><span style=\"font-family: georgia, serif; color: #008000;\"><span style=\"font-size: large;\"><em>1 c \u00e0 s de pignons de pin<\/em><\/span><\/span><\/p>\n<p style=\"text-align: center;\"><span style=\"font-family: georgia, serif; color: #008000;\"><span style=\"font-size: large;\"><em>2 pinc\u00e9es de fleur de sel<\/em><\/span><\/span><\/p>\n<p style=\"text-align: center;\"><span style=\"font-family: georgia, serif; color: #008000;\"><span style=\"font-size: large;\"><em><span style=\"font-family: georgia, serif; font-size: large;\">2 c \u00e0 s de pecorino\u00a0r\u00e2p\u00e9<\/span><\/em><\/span><\/span><\/p>\n<p style=\"text-align: center;\"><span style=\"font-family: georgia, serif; color: #008000;\"><span style=\"font-size: large;\"><em><img loading=\"lazy\" decoding=\"async\" class=\"alignnone wp-image-86730\" src=\"http:\/\/recettes-gourmandes-de-joce.fr\/wp-content\/uploads\/2024\/07\/P6131512.jpg\" alt=\"\" width=\"227\" height=\"170\" \/> <img loading=\"lazy\" decoding=\"async\" class=\"alignnone wp-image-86731\" src=\"http:\/\/recettes-gourmandes-de-joce.fr\/wp-content\/uploads\/2024\/07\/P6131514.jpg\" alt=\"\" width=\"227\" height=\"170\" \/> <img loading=\"lazy\" decoding=\"async\" class=\"alignnone wp-image-86732\" src=\"http:\/\/recettes-gourmandes-de-joce.fr\/wp-content\/uploads\/2024\/07\/P6131515.jpg\" alt=\"\" width=\"227\" height=\"170\" \/><\/em><\/span><\/span><\/p>\n<p style=\"text-align: center;\"><span style=\"font-family: georgia, serif; color: #008000;\"><span style=\"font-size: large;\"><em>Laver les feuilles de basilic et le persil, bien l&rsquo;essorer et le mettre dans le mixeur, ajouter la fleur de sel et les gousses d&rsquo;ail coup\u00e9es en deux et d\u00e9germ\u00e9es, ajouter les pignons.<\/em><\/span><\/span><\/p>\n<p style=\"text-align: center;\"><span style=\"color: #008000;\"><img loading=\"lazy\" decoding=\"async\" class=\"alignnone wp-image-86733\" src=\"http:\/\/recettes-gourmandes-de-joce.fr\/wp-content\/uploads\/2024\/07\/P6131516.jpg\" alt=\"\" width=\"227\" height=\"170\" \/> <img loading=\"lazy\" decoding=\"async\" class=\"alignnone wp-image-86734\" src=\"http:\/\/recettes-gourmandes-de-joce.fr\/wp-content\/uploads\/2024\/07\/P6131517.jpg\" alt=\"\" width=\"227\" height=\"170\" \/> <img loading=\"lazy\" decoding=\"async\" class=\"alignnone wp-image-86726\" src=\"http:\/\/recettes-gourmandes-de-joce.fr\/wp-content\/uploads\/2024\/07\/P6131518-1.jpg\" alt=\"\" width=\"235\" height=\"170\" \/><\/span><\/p>\n<p style=\"text-align: center;\"><span style=\"font-family: georgia, serif; color: #008000;\"><span style=\"font-size: large;\"><em><span style=\"font-family: georgia, serif; font-size: large;\">Versez l&rsquo;huile et mixer le tout, r\u00e2p\u00e9 le pecorino et l&rsquo;ajouter \u00e0 la sauce.<\/span><\/em><\/span><span style=\"font-size: large;\"><em>\u00a0<\/em><\/span><\/span><\/p>\n<p style=\"text-align: center;\"><span style=\"font-family: georgia, serif; color: #008000;\"><span style=\"font-size: large;\"><em><img loading=\"lazy\" decoding=\"async\" class=\"alignnone wp-image-86727\" src=\"http:\/\/recettes-gourmandes-de-joce.fr\/wp-content\/uploads\/2024\/07\/P6131520.jpg\" alt=\"\" width=\"218\" height=\"170\" \/> <\/em><\/span><\/span><\/p>\n<p style=\"text-align: center;\"><span style=\"font-family: georgia, serif; color: #008000;\"><span style=\"font-size: large;\"><em>M\u00e9langer et l&rsquo;ajouter \u00e0 la sauce, m\u00e9langer , votre sauce est pr\u00eate.<\/em><\/span><\/span><\/p>\n<p style=\"text-align: center;\"><span style=\"font-family: georgia, serif; color: #008000;\"><span style=\"font-size: large;\"><em>Assaisonne bien les p\u00e2tes.<\/em><\/span><\/span><\/p>\n<p style=\"text-align: center;\"><span style=\"font-family: georgia, serif; color: #008000;\"><span style=\"font-size: large;\"><em><span style=\"font-family: georgia, serif; font-size: large;\">Bonne app\u00e9tit!<\/span><\/em><\/span><\/span><\/p>\n<p style=\"text-align: center;\"><span style=\"font-family: georgia, serif; color: #008000;\"><span style=\"font-size: large;\"><em><img loading=\"lazy\" decoding=\"async\" class=\"alignnone wp-image-86728\" src=\"http:\/\/recettes-gourmandes-de-joce.fr\/wp-content\/uploads\/2024\/07\/P6131526-2.jpg\" alt=\"\" width=\"251\" height=\"250\" \/> <\/em><\/span><\/span><\/p>\n<p style=\"text-align: center;\"><span style=\"color: #008000;\"><img loading=\"lazy\" decoding=\"async\" class=\"alignnone size-full wp-image-59803\" src=\"http:\/\/recettes-gourmandes-de-joce.fr\/wp-content\/uploads\/2024\/01\/logitech-gaming-software-14112014-121223.jpg\" alt=\"\" width=\"640\" height=\"144\" \/><\/span><\/p>\n<p style=\"text-align: center;\">\n","protected":false},"excerpt":{"rendered":"<p>Une de mes recettes Ingr\u00e9dients 100 ml d&rsquo;huile d&rsquo;olive 2 gousses d&rsquo;ail 1 bouquet de basilic frais 1 petit bouquet de persil frais 1 c \u00e0 s de pignons de pin 2 pinc\u00e9es de fleur de sel 2 c \u00e0 s de pecorino\u00a0r\u00e2p\u00e9 Laver les feuilles de basilic et le persil, bien l&rsquo;essorer et le &hellip; <\/p>\n<p><a class=\"more-link btn\" href=\"http:\/\/recettes-gourmandes-de-joce.fr\/index.php\/index\/sauces-assaisonnements\/sauces-froides\/pesto-basilic-persil-a-ma-facon\/\">Lire la suite<\/a><\/p>\n","protected":false},"author":2,"featured_media":86735,"parent":217,"menu_order":0,"comment_status":"open","ping_status":"closed","template":"","meta":{"footnotes":""},"class_list":["post-435","page","type-page","status-publish","has-post-thumbnail","hentry","nodate","item-wrap"],"_links":{"self":[{"href":"http:\/\/recettes-gourmandes-de-joce.fr\/index.php\/wp-json\/wp\/v2\/pages\/435","targetHints":{"allow":["GET"]}}],"collection":[{"href":"http:\/\/recettes-gourmandes-de-joce.fr\/index.php\/wp-json\/wp\/v2\/pages"}],"about":[{"href":"http:\/\/recettes-gourmandes-de-joce.fr\/index.php\/wp-json\/wp\/v2\/types\/page"}],"author":[{"embeddable":true,"href":"http:\/\/recettes-gourmandes-de-joce.fr\/index.php\/wp-json\/wp\/v2\/users\/2"}],"replies":[{"embeddable":true,"href":"http:\/\/recettes-gourmandes-de-joce.fr\/index.php\/wp-json\/wp\/v2\/comments?post=435"}],"version-history":[{"count":5,"href":"http:\/\/recettes-gourmandes-de-joce.fr\/index.php\/wp-json\/wp\/v2\/pages\/435\/revisions"}],"predecessor-version":[{"id":86736,"href":"http:\/\/recettes-gourmandes-de-joce.fr\/index.php\/wp-json\/wp\/v2\/pages\/435\/revisions\/86736"}],"up":[{"embeddable":true,"href":"http:\/\/recettes-gourmandes-de-joce.fr\/index.php\/wp-json\/wp\/v2\/pages\/217"}],"wp:featuredmedia":[{"embeddable":true,"href":"http:\/\/recettes-gourmandes-de-joce.fr\/index.php\/wp-json\/wp\/v2\/media\/86735"}],"wp:attachment":[{"href":"http:\/\/recettes-gourmandes-de-joce.fr\/index.php\/wp-json\/wp\/v2\/media?parent=435"}],"curies":[{"name":"wp","href":"https:\/\/api.w.org\/{rel}","templated":true}]}}