{"id":43493,"date":"2022-03-22T12:24:29","date_gmt":"2022-03-22T12:24:29","guid":{"rendered":"http:\/\/recettes-gourmandes-de-joce.fr\/?page_id=43493"},"modified":"2024-06-18T11:27:58","modified_gmt":"2024-06-18T11:27:58","slug":"concombre-farci-a-la-russe","status":"publish","type":"page","link":"http:\/\/recettes-gourmandes-de-joce.fr\/index.php\/index\/entrees\/salades-crudites\/concombre-farci-a-la-russe\/","title":{"rendered":"Concombre farci \u00e0 la russe."},"content":{"rendered":"<p style=\"text-align: center;\"><span style=\"font-size: 20px; font-family: georgia, palatino, serif; color: #53961d;\"><span style=\"text-decoration: underline;\"><em>Source: livre \u00ab\u00a0savoir cuisiner \u00e0 la russe\u00a0\u00bb<\/em><\/span><\/span><\/p>\n<p style=\"text-align: center;\"><span style=\"font-family: georgia, palatino, serif; color: #53961d;\"><img loading=\"lazy\" decoding=\"async\" class=\"alignnone wp-image-19979\" src=\"http:\/\/recettes-gourmandes-de-joce.fr\/wp-content\/uploads\/2020\/04\/concombre_farci_a_la_russe_011-150x150.jpg\" alt=\"\" width=\"240\" height=\"180\" srcset=\"http:\/\/recettes-gourmandes-de-joce.fr\/wp-content\/uploads\/2020\/04\/concombre_farci_a_la_russe_011-300x225.jpg 300w, http:\/\/recettes-gourmandes-de-joce.fr\/wp-content\/uploads\/2020\/04\/concombre_farci_a_la_russe_011.jpg 550w\" sizes=\"auto, (max-width: 240px) 100vw, 240px\" \/>\u00a0<img loading=\"lazy\" decoding=\"async\" class=\"alignnone wp-image-19978\" src=\"http:\/\/recettes-gourmandes-de-joce.fr\/wp-content\/uploads\/2020\/04\/concombre_farci_a_la_russe_010-150x150.jpg\" alt=\"\" width=\"240\" height=\"180\" srcset=\"http:\/\/recettes-gourmandes-de-joce.fr\/wp-content\/uploads\/2020\/04\/concombre_farci_a_la_russe_010-300x225.jpg 300w, http:\/\/recettes-gourmandes-de-joce.fr\/wp-content\/uploads\/2020\/04\/concombre_farci_a_la_russe_010.jpg 550w\" sizes=\"auto, (max-width: 240px) 100vw, 240px\" \/><img loading=\"lazy\" decoding=\"async\" class=\"alignnone wp-image-19977\" src=\"http:\/\/recettes-gourmandes-de-joce.fr\/wp-content\/uploads\/2020\/04\/concombre_farci_a_la_russe_009-150x150.jpg\" alt=\"\" width=\"315\" height=\"180\" srcset=\"http:\/\/recettes-gourmandes-de-joce.fr\/wp-content\/uploads\/2020\/04\/concombre_farci_a_la_russe_009-300x171.jpg 300w, http:\/\/recettes-gourmandes-de-joce.fr\/wp-content\/uploads\/2020\/04\/concombre_farci_a_la_russe_009.jpg 550w\" sizes=\"auto, (max-width: 315px) 100vw, 315px\" \/><\/span><\/p>\n<p style=\"text-align: center;\"><span style=\"color: #53961d; text-decoration: underline; font-family: georgia, palatino, serif;\"><span style=\"font-size: x-large;\"><em>Ingr\u00e9dients pour 4 personnes<\/em><\/span><\/span><\/p>\n<p style=\"text-align: center;\"><span style=\"font-family: georgia, palatino, serif; color: #53961d;\"><img loading=\"lazy\" decoding=\"async\" class=\"alignnone wp-image-19980\" src=\"http:\/\/recettes-gourmandes-de-joce.fr\/wp-content\/uploads\/2020\/04\/concombre_farci_a_la_russe_001-150x150.jpg\" alt=\"\" width=\"174\" height=\"200\" srcset=\"http:\/\/recettes-gourmandes-de-joce.fr\/wp-content\/uploads\/2020\/04\/concombre_farci_a_la_russe_001-262x300.jpg 262w, http:\/\/recettes-gourmandes-de-joce.fr\/wp-content\/uploads\/2020\/04\/concombre_farci_a_la_russe_001.jpg 457w\" sizes=\"auto, (max-width: 174px) 100vw, 174px\" \/>\u00a0\u00a0<\/span><\/p>\n<p style=\"text-align: center;\"><span style=\"font-family: georgia, palatino, serif; color: #53961d;\"><em><span style=\"font-size: large;\">1 beau concombre<\/span><\/em><\/span><\/p>\n<p style=\"text-align: center;\"><span style=\"font-family: georgia, palatino, serif; color: #53961d;\"><em><span style=\"font-size: large;\">1 c \u00e0 s de mayonnaise<\/span><\/em><\/span><\/p>\n<p style=\"text-align: center;\"><span style=\"font-family: georgia, palatino, serif; color: #53961d;\"><em><span style=\"font-size: large;\">2 c \u00e0 s de fromage blanc<\/span><\/em><\/span><\/p>\n<p style=\"text-align: center;\"><span style=\"font-family: georgia, palatino, serif; color: #53961d;\"><em><span style=\"font-size: large;\">1 c \u00e0 s de ciboulette cisel\u00e9e<\/span><\/em><\/span><\/p>\n<p style=\"text-align: center;\"><span style=\"font-family: georgia, palatino, serif; color: #53961d;\"><em><span style=\"font-size: large;\">1 c \u00e0 c d&rsquo;aneth s\u00e8che (si possible de la fra\u00eeche c&rsquo;est mieux)<\/span><\/em><\/span><\/p>\n<p style=\"text-align: center;\"><span style=\"font-family: georgia, palatino, serif; color: #53961d;\"><em><span style=\"font-size: large;\">100 g de saumon en boite ou de saumon frais cuit<\/span><\/em><\/span><\/p>\n<p style=\"text-align: center;\"><span style=\"font-family: georgia, palatino, serif; color: #53961d;\"><em><span style=\"font-size: large;\">2 \u0153ufs<\/span><\/em><\/span><\/p>\n<p style=\"text-align: center;\"><span style=\"font-family: georgia, palatino, serif; color: #53961d;\"><em><span style=\"font-size: large;\">Sel et poivre<\/span><\/em><\/span><\/p>\n<p style=\"text-align: center;\"><span style=\"font-family: georgia, palatino, serif; color: #53961d;\"><img loading=\"lazy\" decoding=\"async\" class=\"alignnone\" src=\"http:\/\/recettes-gourmandes-de-joce.fr\/wp-content\/uploads\/2019\/10\/100_9705-150x150.jpg\" alt=\"\" width=\"150\" height=\"150\" \/> <img loading=\"lazy\" decoding=\"async\" class=\"alignnone wp-image-19730\" src=\"http:\/\/recettes-gourmandes-de-joce.fr\/wp-content\/uploads\/2020\/04\/P5240909-150x150.jpg\" alt=\"\" width=\"200\" height=\"150\" srcset=\"http:\/\/recettes-gourmandes-de-joce.fr\/wp-content\/uploads\/2020\/04\/P5240909-300x225.jpg 300w, http:\/\/recettes-gourmandes-de-joce.fr\/wp-content\/uploads\/2020\/04\/P5240909.jpg 507w\" sizes=\"auto, (max-width: 200px) 100vw, 200px\" \/> <img loading=\"lazy\" decoding=\"async\" class=\"alignnone wp-image-19986\" src=\"http:\/\/recettes-gourmandes-de-joce.fr\/wp-content\/uploads\/2020\/04\/concombre_farci_a_la_russe_007-150x150.jpg\" alt=\"\" width=\"231\" height=\"150\" srcset=\"http:\/\/recettes-gourmandes-de-joce.fr\/wp-content\/uploads\/2020\/04\/concombre_farci_a_la_russe_007-300x195.jpg 300w, http:\/\/recettes-gourmandes-de-joce.fr\/wp-content\/uploads\/2020\/04\/concombre_farci_a_la_russe_007.jpg 550w\" sizes=\"auto, (max-width: 231px) 100vw, 231px\" \/>\u00a0<\/span><\/p>\n<p style=\"text-align: center;\"><span style=\"font-family: georgia, palatino, serif; color: #53961d;\"><em><span style=\"font-size: large;\">R\u00e9aliser la mayonnaise. Mettre les \u0153ufs \u00e0 cuire dans une casserole d&rsquo;eau environ 10 minutes. R<\/span><\/em><span style=\"font-size: 14pt;\"><em>efroidir les \u0153ufs sous l&rsquo;eau froide,\u00a0<\/em><\/span><\/span><em style=\"color: #53961d; font-family: georgia, palatino, serif; font-size: 18.6667px;\">les <\/em><em style=\"font-size: 14pt; color: #53961d; font-family: georgia, palatino, serif;\">\u00e9caler\u00a0 et\u00a0<\/em><em style=\"font-size: 14pt; color: #53961d; font-family: georgia, palatino, serif;\">les <\/em><em style=\"font-size: 14pt; color: #53961d; font-family: georgia, palatino, serif;\">couper en rondelles.<\/em><\/p>\n<p style=\"text-align: center;\"><span style=\"font-family: georgia, palatino, serif; color: #53961d;\"><img loading=\"lazy\" decoding=\"async\" class=\"alignnone wp-image-19981\" src=\"http:\/\/recettes-gourmandes-de-joce.fr\/wp-content\/uploads\/2020\/04\/concombre_farci_a_la_russe_002-150x150.jpg\" alt=\"\" width=\"214\" height=\"160\" srcset=\"http:\/\/recettes-gourmandes-de-joce.fr\/wp-content\/uploads\/2020\/04\/concombre_farci_a_la_russe_002-300x225.jpg 300w, http:\/\/recettes-gourmandes-de-joce.fr\/wp-content\/uploads\/2020\/04\/concombre_farci_a_la_russe_002.jpg 550w\" sizes=\"auto, (max-width: 214px) 100vw, 214px\" \/>\u00a0<img loading=\"lazy\" decoding=\"async\" class=\"alignnone wp-image-19982\" src=\"http:\/\/recettes-gourmandes-de-joce.fr\/wp-content\/uploads\/2020\/04\/concombre_farci_a_la_russe_003-150x150.jpg\" alt=\"\" width=\"264\" height=\"160\" srcset=\"http:\/\/recettes-gourmandes-de-joce.fr\/wp-content\/uploads\/2020\/04\/concombre_farci_a_la_russe_003-300x182.jpg 300w, http:\/\/recettes-gourmandes-de-joce.fr\/wp-content\/uploads\/2020\/04\/concombre_farci_a_la_russe_003.jpg 550w\" sizes=\"auto, (max-width: 264px) 100vw, 264px\" \/> <img loading=\"lazy\" decoding=\"async\" class=\"alignnone wp-image-19983\" src=\"http:\/\/recettes-gourmandes-de-joce.fr\/wp-content\/uploads\/2020\/04\/concombre_farci_a_la_russe_004-150x150.jpg\" alt=\"\" width=\"214\" height=\"160\" srcset=\"http:\/\/recettes-gourmandes-de-joce.fr\/wp-content\/uploads\/2020\/04\/concombre_farci_a_la_russe_004-300x225.jpg 300w, http:\/\/recettes-gourmandes-de-joce.fr\/wp-content\/uploads\/2020\/04\/concombre_farci_a_la_russe_004.jpg 550w\" sizes=\"auto, (max-width: 214px) 100vw, 214px\" \/>\u00a0<\/span><\/p>\n<p style=\"text-align: center;\"><span style=\"font-family: georgia, palatino, serif; color: #53961d;\"><em><span style=\"font-size: large;\">Peler le concombre couper le en 3 tron\u00e7ons de longueurs \u00e9gales, coupez en deux dans le sens de l&rsquo;\u00e9paisseur.<\/span><\/em><em><span style=\"font-size: large;\">\u00a0\u00d4ter les p\u00e9pins.\u00a0<\/span><\/em><em><span style=\"font-size: large;\">\u00d4ter les p\u00e9pins du 3\u00e8me tron\u00e7on et couper le en petits d\u00e9s. Mettre dans une petit saladier la mayonnaise et le fromage blanc.<\/span><\/em><\/span><\/p>\n<p style=\"text-align: center;\"><span style=\"font-family: georgia, palatino, serif; color: #53961d;\"><img loading=\"lazy\" decoding=\"async\" class=\"alignnone wp-image-19984\" src=\"http:\/\/recettes-gourmandes-de-joce.fr\/wp-content\/uploads\/2020\/04\/concombre_farci_a_la_russe_005-150x150.jpg\" alt=\"\" width=\"214\" height=\"160\" srcset=\"http:\/\/recettes-gourmandes-de-joce.fr\/wp-content\/uploads\/2020\/04\/concombre_farci_a_la_russe_005-300x225.jpg 300w, http:\/\/recettes-gourmandes-de-joce.fr\/wp-content\/uploads\/2020\/04\/concombre_farci_a_la_russe_005.jpg 550w\" sizes=\"auto, (max-width: 214px) 100vw, 214px\" \/> <img loading=\"lazy\" decoding=\"async\" class=\"alignnone wp-image-19985\" src=\"http:\/\/recettes-gourmandes-de-joce.fr\/wp-content\/uploads\/2020\/04\/concombre_farci_a_la_russe_006-150x150.jpg\" alt=\"\" width=\"214\" height=\"160\" srcset=\"http:\/\/recettes-gourmandes-de-joce.fr\/wp-content\/uploads\/2020\/04\/concombre_farci_a_la_russe_006-300x225.jpg 300w, http:\/\/recettes-gourmandes-de-joce.fr\/wp-content\/uploads\/2020\/04\/concombre_farci_a_la_russe_006.jpg 550w\" sizes=\"auto, (max-width: 214px) 100vw, 214px\" \/> <img loading=\"lazy\" decoding=\"async\" class=\"alignnone wp-image-19987\" src=\"http:\/\/recettes-gourmandes-de-joce.fr\/wp-content\/uploads\/2020\/04\/concombre_farci_a_la_russe_008-150x150.jpg\" alt=\"\" width=\"267\" height=\"160\" srcset=\"http:\/\/recettes-gourmandes-de-joce.fr\/wp-content\/uploads\/2020\/04\/concombre_farci_a_la_russe_008-300x179.jpg 300w, http:\/\/recettes-gourmandes-de-joce.fr\/wp-content\/uploads\/2020\/04\/concombre_farci_a_la_russe_008.jpg 550w\" sizes=\"auto, (max-width: 267px) 100vw, 267px\" \/><\/span><\/p>\n<p style=\"text-align: center;\"><span style=\"font-family: georgia, palatino, serif; color: #53961d;\"><span style=\"font-size: large;\"><em>Ajouter la ciboulette, les d\u00e9s de concombre et le saumon \u00e9miett\u00e9, <\/em><em>saler et poivrer,<\/em><em> m\u00e9langer.\u00a0<\/em><\/span><em><span style=\"font-size: large;\">Farcir les morceaux de concombre du m\u00e9lange, saupoudrer d&rsquo;aneth et disposer les rondelles d&rsquo;\u0153ufs durs dessus. Mettre au frais au moins 30 mn avant de servir.<\/span><\/em><\/span><\/p>\n<p style=\"text-align: center;\"><span style=\"font-family: georgia, palatino, serif; color: #53961d;\"><em><span style=\"font-size: large;\">Entr\u00e9e sympa qui change de la salade de concombre.<\/span><\/em><\/span><\/p>\n<p style=\"text-align: center;\"><span style=\"font-family: georgia, palatino, serif; color: #53961d;\"><em><span style=\"font-size: large;\">Bon app\u00e9tit !<\/span><\/em><\/span><\/p>\n<p style=\"text-align: center;\"><span style=\"font-family: georgia, palatino, serif; color: #53961d;\"><img loading=\"lazy\" decoding=\"async\" class=\"alignnone wp-image-19977\" src=\"http:\/\/recettes-gourmandes-de-joce.fr\/wp-content\/uploads\/2020\/04\/concombre_farci_a_la_russe_009-150x150.jpg\" alt=\"\" width=\"315\" height=\"180\" srcset=\"http:\/\/recettes-gourmandes-de-joce.fr\/wp-content\/uploads\/2020\/04\/concombre_farci_a_la_russe_009-300x171.jpg 300w, http:\/\/recettes-gourmandes-de-joce.fr\/wp-content\/uploads\/2020\/04\/concombre_farci_a_la_russe_009.jpg 550w\" sizes=\"auto, (max-width: 315px) 100vw, 315px\" \/><\/span><\/p>\n<p style=\"text-align: center;\"><span style=\"font-family: georgia, palatino, serif; color: #53961d;\"><img loading=\"lazy\" decoding=\"async\" class=\"alignnone wp-image-19979\" src=\"http:\/\/recettes-gourmandes-de-joce.fr\/wp-content\/uploads\/2020\/04\/concombre_farci_a_la_russe_011-150x150.jpg\" alt=\"\" width=\"240\" height=\"180\" srcset=\"http:\/\/recettes-gourmandes-de-joce.fr\/wp-content\/uploads\/2020\/04\/concombre_farci_a_la_russe_011-300x225.jpg 300w, http:\/\/recettes-gourmandes-de-joce.fr\/wp-content\/uploads\/2020\/04\/concombre_farci_a_la_russe_011.jpg 550w\" sizes=\"auto, (max-width: 240px) 100vw, 240px\" \/> <img loading=\"lazy\" decoding=\"async\" class=\"alignnone wp-image-19978\" src=\"http:\/\/recettes-gourmandes-de-joce.fr\/wp-content\/uploads\/2020\/04\/concombre_farci_a_la_russe_010-150x150.jpg\" alt=\"\" width=\"240\" height=\"180\" srcset=\"http:\/\/recettes-gourmandes-de-joce.fr\/wp-content\/uploads\/2020\/04\/concombre_farci_a_la_russe_010-300x225.jpg 300w, http:\/\/recettes-gourmandes-de-joce.fr\/wp-content\/uploads\/2020\/04\/concombre_farci_a_la_russe_010.jpg 550w\" sizes=\"auto, (max-width: 240px) 100vw, 240px\" \/><\/span><\/p>\n<p style=\"text-align: center;\"><span style=\"font-family: georgia, palatino, serif; color: #53961d;\"><img loading=\"lazy\" decoding=\"async\" class=\"alignnone wp-image-16654 size-full\" src=\"http:\/\/recettes-gourmandes-de-joce.fr\/wp-content\/uploads\/2020\/01\/logitech-gaming-software-14112014-121223.jpg\" alt=\"\" width=\"640\" height=\"144\" srcset=\"http:\/\/recettes-gourmandes-de-joce.fr\/wp-content\/uploads\/2020\/01\/logitech-gaming-software-14112014-121223.jpg 640w, http:\/\/recettes-gourmandes-de-joce.fr\/wp-content\/uploads\/2020\/01\/logitech-gaming-software-14112014-121223-300x68.jpg 300w\" sizes=\"auto, (max-width: 640px) 100vw, 640px\" \/><\/span><\/p>\n","protected":false},"excerpt":{"rendered":"<p>Source: livre \u00ab\u00a0savoir cuisiner \u00e0 la russe\u00a0\u00bb \u00a0 Ingr\u00e9dients pour 4 personnes \u00a0\u00a0 1 beau concombre 1 c \u00e0 s de mayonnaise 2 c \u00e0 s de fromage blanc 1 c \u00e0 s de ciboulette cisel\u00e9e 1 c \u00e0 c d&rsquo;aneth s\u00e8che (si possible de la fra\u00eeche c&rsquo;est mieux) 100 g de saumon en boite &hellip; <\/p>\n<p><a class=\"more-link btn\" href=\"http:\/\/recettes-gourmandes-de-joce.fr\/index.php\/index\/entrees\/salades-crudites\/concombre-farci-a-la-russe\/\">Lire la suite<\/a><\/p>\n","protected":false},"author":2,"featured_media":84196,"parent":165,"menu_order":0,"comment_status":"open","ping_status":"closed","template":"","meta":{"footnotes":""},"class_list":["post-43493","page","type-page","status-publish","has-post-thumbnail","hentry","nodate","item-wrap"],"_links":{"self":[{"href":"http:\/\/recettes-gourmandes-de-joce.fr\/index.php\/wp-json\/wp\/v2\/pages\/43493","targetHints":{"allow":["GET"]}}],"collection":[{"href":"http:\/\/recettes-gourmandes-de-joce.fr\/index.php\/wp-json\/wp\/v2\/pages"}],"about":[{"href":"http:\/\/recettes-gourmandes-de-joce.fr\/index.php\/wp-json\/wp\/v2\/types\/page"}],"author":[{"embeddable":true,"href":"http:\/\/recettes-gourmandes-de-joce.fr\/index.php\/wp-json\/wp\/v2\/users\/2"}],"replies":[{"embeddable":true,"href":"http:\/\/recettes-gourmandes-de-joce.fr\/index.php\/wp-json\/wp\/v2\/comments?post=43493"}],"version-history":[{"count":3,"href":"http:\/\/recettes-gourmandes-de-joce.fr\/index.php\/wp-json\/wp\/v2\/pages\/43493\/revisions"}],"predecessor-version":[{"id":84197,"href":"http:\/\/recettes-gourmandes-de-joce.fr\/index.php\/wp-json\/wp\/v2\/pages\/43493\/revisions\/84197"}],"up":[{"embeddable":true,"href":"http:\/\/recettes-gourmandes-de-joce.fr\/index.php\/wp-json\/wp\/v2\/pages\/165"}],"wp:featuredmedia":[{"embeddable":true,"href":"http:\/\/recettes-gourmandes-de-joce.fr\/index.php\/wp-json\/wp\/v2\/media\/84196"}],"wp:attachment":[{"href":"http:\/\/recettes-gourmandes-de-joce.fr\/index.php\/wp-json\/wp\/v2\/media?parent=43493"}],"curies":[{"name":"wp","href":"https:\/\/api.w.org\/{rel}","templated":true}]}}