{"id":43246,"date":"2022-03-15T15:07:16","date_gmt":"2022-03-15T15:07:16","guid":{"rendered":"http:\/\/recettes-gourmandes-de-joce.fr\/?page_id=43246"},"modified":"2024-06-29T15:54:49","modified_gmt":"2024-06-29T15:54:49","slug":"paves-saumon-et-chou-romanesco-sauce-cremee-aux-champignons-cuisson-micro-vap","status":"publish","type":"page","link":"http:\/\/recettes-gourmandes-de-joce.fr\/index.php\/index\/poissons-coquillages\/filets-paves\/paves-saumon-et-chou-romanesco-sauce-cremee-aux-champignons-cuisson-micro-vap\/","title":{"rendered":"Pav\u00e9s saumon et chou romanesco, sauce cr\u00e9m\u00e9e aux champignons, cuisson Micro Vap."},"content":{"rendered":"<p style=\"text-align: center;\"><span style=\"text-decoration: underline; color: #406e09;\"><span style=\"font-size: 18pt; font-family: georgia, palatino, serif;\"><em>Une de mes recettes<\/em><\/span><\/span><\/p>\n<p style=\"text-align: center;\"><span style=\"color: #406e09;\"><img loading=\"lazy\" decoding=\"async\" class=\"alignnone wp-image-43226\" src=\"http:\/\/recettes-gourmandes-de-joce.fr\/wp-content\/uploads\/2022\/03\/P7030280-300x210.jpg\" alt=\"\" width=\"258\" height=\"180\" srcset=\"http:\/\/recettes-gourmandes-de-joce.fr\/wp-content\/uploads\/2022\/03\/P7030280-300x210.jpg 300w, http:\/\/recettes-gourmandes-de-joce.fr\/wp-content\/uploads\/2022\/03\/P7030280-768x537.jpg 768w, http:\/\/recettes-gourmandes-de-joce.fr\/wp-content\/uploads\/2022\/03\/P7030280-750x524.jpg 750w, http:\/\/recettes-gourmandes-de-joce.fr\/wp-content\/uploads\/2022\/03\/P7030280.jpg 800w\" sizes=\"auto, (max-width: 258px) 100vw, 258px\" \/> <img loading=\"lazy\" decoding=\"async\" class=\"alignnone wp-image-43227\" src=\"http:\/\/recettes-gourmandes-de-joce.fr\/wp-content\/uploads\/2022\/03\/P7030281-300x209.jpg\" alt=\"\" width=\"258\" height=\"180\" srcset=\"http:\/\/recettes-gourmandes-de-joce.fr\/wp-content\/uploads\/2022\/03\/P7030281-300x209.jpg 300w, http:\/\/recettes-gourmandes-de-joce.fr\/wp-content\/uploads\/2022\/03\/P7030281-768x536.jpg 768w, http:\/\/recettes-gourmandes-de-joce.fr\/wp-content\/uploads\/2022\/03\/P7030281-750x523.jpg 750w, http:\/\/recettes-gourmandes-de-joce.fr\/wp-content\/uploads\/2022\/03\/P7030281.jpg 800w\" sizes=\"auto, (max-width: 258px) 100vw, 258px\" \/><img loading=\"lazy\" decoding=\"async\" class=\"alignnone wp-image-43228\" src=\"http:\/\/recettes-gourmandes-de-joce.fr\/wp-content\/uploads\/2022\/03\/P7030282-300x225.jpg\" alt=\"\" width=\"240\" height=\"180\" srcset=\"http:\/\/recettes-gourmandes-de-joce.fr\/wp-content\/uploads\/2022\/03\/P7030282-300x225.jpg 300w, http:\/\/recettes-gourmandes-de-joce.fr\/wp-content\/uploads\/2022\/03\/P7030282-768x576.jpg 768w, http:\/\/recettes-gourmandes-de-joce.fr\/wp-content\/uploads\/2022\/03\/P7030282-750x563.jpg 750w, http:\/\/recettes-gourmandes-de-joce.fr\/wp-content\/uploads\/2022\/03\/P7030282.jpg 800w\" sizes=\"auto, (max-width: 240px) 100vw, 240px\" \/><\/span><\/p>\n<p style=\"text-align: center;\"><span style=\"text-decoration: underline; color: #406e09;\"><span style=\"font-size: 18pt; font-family: georgia, palatino, serif;\"><em> Ingr\u00e9dients pour 2 personnes<\/em><\/span><\/span><\/p>\n<p style=\"text-align: center;\"><span style=\"color: #406e09;\"><img loading=\"lazy\" decoding=\"async\" class=\"alignnone wp-image-43213\" src=\"http:\/\/recettes-gourmandes-de-joce.fr\/wp-content\/uploads\/2022\/03\/P7030247-242x300.jpg\" alt=\"\" width=\"161\" height=\"200\" srcset=\"http:\/\/recettes-gourmandes-de-joce.fr\/wp-content\/uploads\/2022\/03\/P7030247-242x300.jpg 242w, http:\/\/recettes-gourmandes-de-joce.fr\/wp-content\/uploads\/2022\/03\/P7030247.jpg 645w\" sizes=\"auto, (max-width: 161px) 100vw, 161px\" \/><\/span><\/p>\n<p style=\"text-align: center;\"><span style=\"color: #406e09; font-size: 14pt;\"><span style=\"font-family: georgia, palatino, serif;\"><em>1 chou romanesco <\/em><\/span><\/span><\/p>\n<p style=\"text-align: center;\"><span style=\"color: #406e09; font-size: 14pt;\"><span style=\"font-family: georgia, palatino, serif;\"><em>2 pav\u00e9s de saumon<\/em><\/span><\/span><\/p>\n<p style=\"text-align: center;\"><span style=\"color: #406e09; font-size: 14pt;\"><span style=\"font-family: georgia, palatino, serif;\"><em> 3 champignons de Paris<\/em><\/span><\/span><\/p>\n<p style=\"text-align: center;\"><span style=\"color: #406e09; font-size: 14pt;\"><span style=\"font-family: georgia, palatino, serif;\"><em> 1 oignon blanc et ses tiges <\/em><\/span><\/span><\/p>\n<p style=\"text-align: center;\"><span style=\"color: #406e09; font-size: 14pt;\"><span style=\"font-family: georgia, palatino, serif;\"><em>1 petit bouquet de ciboulette <\/em><\/span><\/span><\/p>\n<p style=\"text-align: center;\"><span style=\"color: #406e09; font-size: 14pt;\"><span style=\"font-family: georgia, palatino, serif;\"><em>2 c \u00e0 s de cr\u00e8me fra\u00eeche <\/em><\/span><\/span><\/p>\n<p style=\"text-align: center;\"><span style=\"color: #406e09; font-size: 14pt;\"><span style=\"font-family: georgia, palatino, serif;\"><em>1 c \u00e0 s de fumet de poisson <\/em><\/span><\/span><\/p>\n<p style=\"text-align: center;\"><span style=\"color: #406e09; font-size: 14pt;\"><span style=\"font-family: georgia, palatino, serif;\"><em>2 morceaux de beurre<\/em><\/span><\/span><\/p>\n<p style=\"text-align: center;\"><em style=\"font-family: georgia, palatino, serif; color: #406e09; font-size: 14pt;\">Sel et poivre<\/em><\/p>\n<p style=\"text-align: center;\"><span style=\"color: #406e09;\"><img loading=\"lazy\" decoding=\"async\" class=\"alignnone wp-image-43214\" src=\"http:\/\/recettes-gourmandes-de-joce.fr\/wp-content\/uploads\/2022\/03\/P7030248-300x225.jpg\" alt=\"\" width=\"227\" height=\"170\" srcset=\"http:\/\/recettes-gourmandes-de-joce.fr\/wp-content\/uploads\/2022\/03\/P7030248-300x225.jpg 300w, http:\/\/recettes-gourmandes-de-joce.fr\/wp-content\/uploads\/2022\/03\/P7030248-768x576.jpg 768w, http:\/\/recettes-gourmandes-de-joce.fr\/wp-content\/uploads\/2022\/03\/P7030248-750x563.jpg 750w, http:\/\/recettes-gourmandes-de-joce.fr\/wp-content\/uploads\/2022\/03\/P7030248.jpg 800w\" sizes=\"auto, (max-width: 227px) 100vw, 227px\" \/> <img loading=\"lazy\" decoding=\"async\" class=\"alignnone wp-image-43215\" src=\"http:\/\/recettes-gourmandes-de-joce.fr\/wp-content\/uploads\/2022\/03\/P7030249-300x266.jpg\" alt=\"\" width=\"192\" height=\"170\" srcset=\"http:\/\/recettes-gourmandes-de-joce.fr\/wp-content\/uploads\/2022\/03\/P7030249-300x266.jpg 300w, http:\/\/recettes-gourmandes-de-joce.fr\/wp-content\/uploads\/2022\/03\/P7030249-768x680.jpg 768w, http:\/\/recettes-gourmandes-de-joce.fr\/wp-content\/uploads\/2022\/03\/P7030249-750x664.jpg 750w, http:\/\/recettes-gourmandes-de-joce.fr\/wp-content\/uploads\/2022\/03\/P7030249.jpg 800w\" sizes=\"auto, (max-width: 192px) 100vw, 192px\" \/> <img loading=\"lazy\" decoding=\"async\" class=\"alignnone wp-image-43216\" src=\"http:\/\/recettes-gourmandes-de-joce.fr\/wp-content\/uploads\/2022\/03\/P7030250-300x225.jpg\" alt=\"\" width=\"227\" height=\"170\" srcset=\"http:\/\/recettes-gourmandes-de-joce.fr\/wp-content\/uploads\/2022\/03\/P7030250-300x225.jpg 300w, http:\/\/recettes-gourmandes-de-joce.fr\/wp-content\/uploads\/2022\/03\/P7030250-768x576.jpg 768w, http:\/\/recettes-gourmandes-de-joce.fr\/wp-content\/uploads\/2022\/03\/P7030250-750x563.jpg 750w, http:\/\/recettes-gourmandes-de-joce.fr\/wp-content\/uploads\/2022\/03\/P7030250.jpg 800w\" sizes=\"auto, (max-width: 227px) 100vw, 227px\" \/><\/span><\/p>\n<p style=\"text-align: center;\"><span style=\"font-size: 14pt; font-family: georgia, palatino, serif; color: #406e09;\"><em>Mettre de l&rsquo;eau dans la base du Micro Vap selon le niveau indiqu\u00e9, dans le panier le plus profond d\u00e9poser le chou romanesco d\u00e9taill\u00e9 en petits bouquets, sur le panier plat ajouter les pav\u00e9s de saumon.<\/em><\/span><\/p>\n<p style=\"text-align: center;\"><span style=\"font-size: 14pt; font-family: georgia, palatino, serif; color: #406e09;\"><em><img loading=\"lazy\" decoding=\"async\" class=\"alignnone wp-image-43217\" src=\"http:\/\/recettes-gourmandes-de-joce.fr\/wp-content\/uploads\/2022\/03\/P7030253-300x236.jpg\" alt=\"\" width=\"217\" height=\"170\" srcset=\"http:\/\/recettes-gourmandes-de-joce.fr\/wp-content\/uploads\/2022\/03\/P7030253-300x236.jpg 300w, http:\/\/recettes-gourmandes-de-joce.fr\/wp-content\/uploads\/2022\/03\/P7030253-768x603.jpg 768w, http:\/\/recettes-gourmandes-de-joce.fr\/wp-content\/uploads\/2022\/03\/P7030253-750x589.jpg 750w, http:\/\/recettes-gourmandes-de-joce.fr\/wp-content\/uploads\/2022\/03\/P7030253.jpg 800w\" sizes=\"auto, (max-width: 217px) 100vw, 217px\" \/> <img loading=\"lazy\" decoding=\"async\" class=\"alignnone wp-image-43218\" src=\"http:\/\/recettes-gourmandes-de-joce.fr\/wp-content\/uploads\/2022\/03\/P7030254-300x211.jpg\" alt=\"\" width=\"242\" height=\"170\" srcset=\"http:\/\/recettes-gourmandes-de-joce.fr\/wp-content\/uploads\/2022\/03\/P7030254-300x211.jpg 300w, http:\/\/recettes-gourmandes-de-joce.fr\/wp-content\/uploads\/2022\/03\/P7030254-768x540.jpg 768w, http:\/\/recettes-gourmandes-de-joce.fr\/wp-content\/uploads\/2022\/03\/P7030254-750x528.jpg 750w, http:\/\/recettes-gourmandes-de-joce.fr\/wp-content\/uploads\/2022\/03\/P7030254.jpg 800w\" sizes=\"auto, (max-width: 242px) 100vw, 242px\" \/> <img loading=\"lazy\" decoding=\"async\" class=\"alignnone wp-image-43225\" src=\"http:\/\/recettes-gourmandes-de-joce.fr\/wp-content\/uploads\/2022\/03\/P7030277-300x199.jpg\" alt=\"\" width=\"257\" height=\"170\" srcset=\"http:\/\/recettes-gourmandes-de-joce.fr\/wp-content\/uploads\/2022\/03\/P7030277-300x199.jpg 300w, http:\/\/recettes-gourmandes-de-joce.fr\/wp-content\/uploads\/2022\/03\/P7030277-768x509.jpg 768w, http:\/\/recettes-gourmandes-de-joce.fr\/wp-content\/uploads\/2022\/03\/P7030277-750x497.jpg 750w, http:\/\/recettes-gourmandes-de-joce.fr\/wp-content\/uploads\/2022\/03\/P7030277.jpg 800w\" sizes=\"auto, (max-width: 257px) 100vw, 257px\" \/><\/em><\/span><\/p>\n<p style=\"text-align: center;\"><span style=\"font-size: 14pt; font-family: georgia, palatino, serif; color: #406e09;\"><em>Saler et poivrer le saumon sur les deux faces. Mettre le couvercle du Micro Vap et enfourner au micro-ondes environ 12 minutes \u00e0 pleine puissance, le temps d\u00e9pendra de la grosseur des pav\u00e9s de saumon et des bouquets de chou. Une fois cuits, r\u00e9serv\u00e9.<\/em><\/span><\/p>\n<p style=\"text-align: center;\"><span style=\"font-size: 14pt; font-family: georgia, palatino, serif; color: #406e09;\"><em><img loading=\"lazy\" decoding=\"async\" class=\"alignnone wp-image-43208\" src=\"http:\/\/recettes-gourmandes-de-joce.fr\/wp-content\/uploads\/2022\/03\/20210623_193743-001-300x215.jpg\" alt=\"\" width=\"237\" height=\"170\" srcset=\"http:\/\/recettes-gourmandes-de-joce.fr\/wp-content\/uploads\/2022\/03\/20210623_193743-001-300x215.jpg 300w, http:\/\/recettes-gourmandes-de-joce.fr\/wp-content\/uploads\/2022\/03\/20210623_193743-001.jpg 679w\" sizes=\"auto, (max-width: 237px) 100vw, 237px\" \/> <img loading=\"lazy\" decoding=\"async\" class=\"alignnone wp-image-42839\" src=\"http:\/\/recettes-gourmandes-de-joce.fr\/wp-content\/uploads\/2022\/03\/verrines-noel-2-300x213.jpg\" alt=\"\" width=\"240\" height=\"170\" srcset=\"http:\/\/recettes-gourmandes-de-joce.fr\/wp-content\/uploads\/2022\/03\/verrines-noel-2-300x213.jpg 300w, http:\/\/recettes-gourmandes-de-joce.fr\/wp-content\/uploads\/2022\/03\/verrines-noel-2.jpg 652w\" sizes=\"auto, (max-width: 240px) 100vw, 240px\" \/> <img loading=\"lazy\" decoding=\"async\" class=\"alignnone wp-image-42840\" src=\"http:\/\/recettes-gourmandes-de-joce.fr\/wp-content\/uploads\/2022\/03\/20201101_202426-300x197.jpg\" alt=\"\" width=\"259\" height=\"170\" srcset=\"http:\/\/recettes-gourmandes-de-joce.fr\/wp-content\/uploads\/2022\/03\/20201101_202426-300x197.jpg 300w, http:\/\/recettes-gourmandes-de-joce.fr\/wp-content\/uploads\/2022\/03\/20201101_202426-768x504.jpg 768w, http:\/\/recettes-gourmandes-de-joce.fr\/wp-content\/uploads\/2022\/03\/20201101_202426-750x492.jpg 750w, http:\/\/recettes-gourmandes-de-joce.fr\/wp-content\/uploads\/2022\/03\/20201101_202426.jpg 800w\" sizes=\"auto, (max-width: 259px) 100vw, 259px\" \/><\/em><\/span><\/p>\n<p style=\"text-align: center;\"><span style=\"font-size: 14pt; font-family: georgia, palatino, serif; color: #406e09;\"><em>Pendant la cuisson du chou et du saumon, laver et ciseler finement les tiges d&rsquo;oignon et la ciboulette, hacher l&rsquo;oignon, nettoyer et \u00e9mincer les champignons.<\/em><\/span><\/p>\n<p style=\"text-align: center;\"><span style=\"font-size: 14pt; font-family: georgia, palatino, serif; color: #406e09;\"><em><img loading=\"lazy\" decoding=\"async\" class=\"alignnone wp-image-43219\" src=\"http:\/\/recettes-gourmandes-de-joce.fr\/wp-content\/uploads\/2022\/03\/P7030263-300x225.jpg\" alt=\"\" width=\"227\" height=\"170\" srcset=\"http:\/\/recettes-gourmandes-de-joce.fr\/wp-content\/uploads\/2022\/03\/P7030263-300x225.jpg 300w, http:\/\/recettes-gourmandes-de-joce.fr\/wp-content\/uploads\/2022\/03\/P7030263-768x576.jpg 768w, http:\/\/recettes-gourmandes-de-joce.fr\/wp-content\/uploads\/2022\/03\/P7030263-750x563.jpg 750w, http:\/\/recettes-gourmandes-de-joce.fr\/wp-content\/uploads\/2022\/03\/P7030263.jpg 800w\" sizes=\"auto, (max-width: 227px) 100vw, 227px\" \/> <img loading=\"lazy\" decoding=\"async\" class=\"alignnone wp-image-43220\" src=\"http:\/\/recettes-gourmandes-de-joce.fr\/wp-content\/uploads\/2022\/03\/P7030265-300x225.jpg\" alt=\"\" width=\"227\" height=\"170\" srcset=\"http:\/\/recettes-gourmandes-de-joce.fr\/wp-content\/uploads\/2022\/03\/P7030265-300x225.jpg 300w, http:\/\/recettes-gourmandes-de-joce.fr\/wp-content\/uploads\/2022\/03\/P7030265-768x576.jpg 768w, http:\/\/recettes-gourmandes-de-joce.fr\/wp-content\/uploads\/2022\/03\/P7030265-750x563.jpg 750w, http:\/\/recettes-gourmandes-de-joce.fr\/wp-content\/uploads\/2022\/03\/P7030265.jpg 800w\" sizes=\"auto, (max-width: 227px) 100vw, 227px\" \/> <img loading=\"lazy\" decoding=\"async\" class=\"alignnone wp-image-43221\" src=\"http:\/\/recettes-gourmandes-de-joce.fr\/wp-content\/uploads\/2022\/03\/P7030266-300x225.jpg\" alt=\"\" width=\"227\" height=\"170\" srcset=\"http:\/\/recettes-gourmandes-de-joce.fr\/wp-content\/uploads\/2022\/03\/P7030266-300x225.jpg 300w, http:\/\/recettes-gourmandes-de-joce.fr\/wp-content\/uploads\/2022\/03\/P7030266-768x576.jpg 768w, http:\/\/recettes-gourmandes-de-joce.fr\/wp-content\/uploads\/2022\/03\/P7030266-750x563.jpg 750w, http:\/\/recettes-gourmandes-de-joce.fr\/wp-content\/uploads\/2022\/03\/P7030266.jpg 800w\" sizes=\"auto, (max-width: 227px) 100vw, 227px\" \/><\/em><\/span><\/p>\n<p style=\"text-align: center;\"><span style=\"font-size: 14pt; font-family: georgia, palatino, serif; color: #406e09;\"><em>Dans une po\u00eale, mettre un morceau de beurre, ajouter les champignons et les oignons, saler et poivrer. Faite cuire en m\u00e9langeant r\u00e9guli\u00e8rement.<\/em><\/span><\/p>\n<p style=\"text-align: center;\"><span style=\"font-size: 14pt; font-family: georgia, palatino, serif; color: #406e09;\"><em><img loading=\"lazy\" decoding=\"async\" class=\"alignnone wp-image-24092\" src=\"http:\/\/recettes-gourmandes-de-joce.fr\/wp-content\/uploads\/2020\/07\/P5060139-300x225.jpg\" alt=\"\" width=\"227\" height=\"170\" srcset=\"http:\/\/recettes-gourmandes-de-joce.fr\/wp-content\/uploads\/2020\/07\/P5060139-300x225.jpg 300w, http:\/\/recettes-gourmandes-de-joce.fr\/wp-content\/uploads\/2020\/07\/P5060139.jpg 550w\" sizes=\"auto, (max-width: 227px) 100vw, 227px\" \/> <img loading=\"lazy\" decoding=\"async\" class=\"alignnone wp-image-43222\" src=\"http:\/\/recettes-gourmandes-de-joce.fr\/wp-content\/uploads\/2022\/03\/P7030268-300x225.jpg\" alt=\"\" width=\"227\" height=\"170\" srcset=\"http:\/\/recettes-gourmandes-de-joce.fr\/wp-content\/uploads\/2022\/03\/P7030268-300x225.jpg 300w, http:\/\/recettes-gourmandes-de-joce.fr\/wp-content\/uploads\/2022\/03\/P7030268-768x576.jpg 768w, http:\/\/recettes-gourmandes-de-joce.fr\/wp-content\/uploads\/2022\/03\/P7030268-750x563.jpg 750w, http:\/\/recettes-gourmandes-de-joce.fr\/wp-content\/uploads\/2022\/03\/P7030268.jpg 800w\" sizes=\"auto, (max-width: 227px) 100vw, 227px\" \/> <img loading=\"lazy\" decoding=\"async\" class=\"alignnone wp-image-43223\" src=\"http:\/\/recettes-gourmandes-de-joce.fr\/wp-content\/uploads\/2022\/03\/P7030270-300x205.jpg\" alt=\"\" width=\"249\" height=\"170\" srcset=\"http:\/\/recettes-gourmandes-de-joce.fr\/wp-content\/uploads\/2022\/03\/P7030270-300x205.jpg 300w, http:\/\/recettes-gourmandes-de-joce.fr\/wp-content\/uploads\/2022\/03\/P7030270-768x524.jpg 768w, http:\/\/recettes-gourmandes-de-joce.fr\/wp-content\/uploads\/2022\/03\/P7030270-750x512.jpg 750w, http:\/\/recettes-gourmandes-de-joce.fr\/wp-content\/uploads\/2022\/03\/P7030270.jpg 800w\" sizes=\"auto, (max-width: 249px) 100vw, 249px\" \/><\/em><\/span><\/p>\n<p style=\"text-align: center;\"><span style=\"font-size: 14pt; font-family: georgia, palatino, serif; color: #406e09;\"><em>Une fois les champignons cuits, ajouter la cr\u00e8me, m\u00e9langer puis ajouter la ciboulette et les tiges d&rsquo;oignon. Ajouter le fumet de poisson.<\/em><\/span><\/p>\n<p style=\"text-align: center;\"><span style=\"font-size: 14pt; font-family: georgia, palatino, serif; color: #406e09;\"><em> <img loading=\"lazy\" decoding=\"async\" class=\"alignnone wp-image-43224\" src=\"http:\/\/recettes-gourmandes-de-joce.fr\/wp-content\/uploads\/2022\/03\/P7030271-300x225.jpg\" alt=\"\" width=\"227\" height=\"170\" srcset=\"http:\/\/recettes-gourmandes-de-joce.fr\/wp-content\/uploads\/2022\/03\/P7030271-300x225.jpg 300w, http:\/\/recettes-gourmandes-de-joce.fr\/wp-content\/uploads\/2022\/03\/P7030271-768x576.jpg 768w, http:\/\/recettes-gourmandes-de-joce.fr\/wp-content\/uploads\/2022\/03\/P7030271-750x563.jpg 750w, http:\/\/recettes-gourmandes-de-joce.fr\/wp-content\/uploads\/2022\/03\/P7030271.jpg 800w\" sizes=\"auto, (max-width: 227px) 100vw, 227px\" \/><\/em><\/span><\/p>\n<p style=\"text-align: center;\"><span style=\"font-size: 14pt; font-family: georgia, palatino, serif; color: #406e09;\"><em>M\u00e9langer et laisser mijoter \u00e0 feu doux environ 2 minutes. \u00c9craser le chou romanesco au presse pur\u00e9e et ajoutez-lui un petit morceau de beurre (photo oubli\u00e9e). Servir le saumon avec la sauce et l&rsquo;\u00e9cras\u00e9 de chou.<\/em><\/span><\/p>\n<p style=\"text-align: center;\"><span style=\"color: #406e09; font-size: 14pt;\"><span style=\"font-family: georgia, palatino, serif;\"><em>Bon app\u00e9tit!<\/em><\/span><\/span><\/p>\n<p style=\"text-align: center;\"><span style=\"color: #406e09;\"><img loading=\"lazy\" decoding=\"async\" class=\"alignnone wp-image-43211\" src=\"http:\/\/recettes-gourmandes-de-joce.fr\/wp-content\/uploads\/2022\/03\/P7030286-300x225.jpg\" alt=\"\" width=\"240\" height=\"180\" srcset=\"http:\/\/recettes-gourmandes-de-joce.fr\/wp-content\/uploads\/2022\/03\/P7030286-300x225.jpg 300w, http:\/\/recettes-gourmandes-de-joce.fr\/wp-content\/uploads\/2022\/03\/P7030286-768x576.jpg 768w, http:\/\/recettes-gourmandes-de-joce.fr\/wp-content\/uploads\/2022\/03\/P7030286-750x563.jpg 750w, http:\/\/recettes-gourmandes-de-joce.fr\/wp-content\/uploads\/2022\/03\/P7030286.jpg 800w\" sizes=\"auto, (max-width: 240px) 100vw, 240px\" \/> <img loading=\"lazy\" decoding=\"async\" class=\"alignnone wp-image-43212\" src=\"http:\/\/recettes-gourmandes-de-joce.fr\/wp-content\/uploads\/2022\/03\/P7030288-300x225.jpg\" alt=\"\" width=\"240\" height=\"180\" srcset=\"http:\/\/recettes-gourmandes-de-joce.fr\/wp-content\/uploads\/2022\/03\/P7030288-300x225.jpg 300w, http:\/\/recettes-gourmandes-de-joce.fr\/wp-content\/uploads\/2022\/03\/P7030288-768x576.jpg 768w, http:\/\/recettes-gourmandes-de-joce.fr\/wp-content\/uploads\/2022\/03\/P7030288-750x563.jpg 750w, http:\/\/recettes-gourmandes-de-joce.fr\/wp-content\/uploads\/2022\/03\/P7030288.jpg 800w\" sizes=\"auto, (max-width: 240px) 100vw, 240px\" \/> <img loading=\"lazy\" decoding=\"async\" class=\"alignnone wp-image-43226\" src=\"http:\/\/recettes-gourmandes-de-joce.fr\/wp-content\/uploads\/2022\/03\/P7030280-300x210.jpg\" alt=\"\" width=\"258\" height=\"180\" srcset=\"http:\/\/recettes-gourmandes-de-joce.fr\/wp-content\/uploads\/2022\/03\/P7030280-300x210.jpg 300w, http:\/\/recettes-gourmandes-de-joce.fr\/wp-content\/uploads\/2022\/03\/P7030280-768x537.jpg 768w, http:\/\/recettes-gourmandes-de-joce.fr\/wp-content\/uploads\/2022\/03\/P7030280-750x524.jpg 750w, http:\/\/recettes-gourmandes-de-joce.fr\/wp-content\/uploads\/2022\/03\/P7030280.jpg 800w\" sizes=\"auto, (max-width: 258px) 100vw, 258px\" \/><\/span><\/p>\n<p style=\"text-align: center;\"><span style=\"color: #406e09;\"><img loading=\"lazy\" decoding=\"async\" class=\"alignnone wp-image-37354 size-full\" src=\"http:\/\/recettes-gourmandes-de-joce.fr\/wp-content\/uploads\/2021\/06\/logitech-gaming-software-14112014-121223.jpg\" alt=\"\" width=\"640\" height=\"144\" srcset=\"http:\/\/recettes-gourmandes-de-joce.fr\/wp-content\/uploads\/2021\/06\/logitech-gaming-software-14112014-121223.jpg 640w, http:\/\/recettes-gourmandes-de-joce.fr\/wp-content\/uploads\/2021\/06\/logitech-gaming-software-14112014-121223-300x68.jpg 300w\" sizes=\"auto, (max-width: 640px) 100vw, 640px\" \/><\/span><\/p>\n","protected":false},"excerpt":{"rendered":"<p>Une de mes recettes Ingr\u00e9dients pour 2 personnes 1 chou romanesco 2 pav\u00e9s de saumon 3 champignons de Paris 1 oignon blanc et ses tiges 1 petit bouquet de ciboulette 2 c \u00e0 s de cr\u00e8me fra\u00eeche 1 c \u00e0 s de fumet de poisson 2 morceaux de beurre Sel et poivre Mettre de l&rsquo;eau &hellip; <\/p>\n<p><a class=\"more-link btn\" href=\"http:\/\/recettes-gourmandes-de-joce.fr\/index.php\/index\/poissons-coquillages\/filets-paves\/paves-saumon-et-chou-romanesco-sauce-cremee-aux-champignons-cuisson-micro-vap\/\">Lire la suite<\/a><\/p>\n","protected":false},"author":2,"featured_media":85641,"parent":189,"menu_order":0,"comment_status":"open","ping_status":"closed","template":"","meta":{"footnotes":""},"class_list":["post-43246","page","type-page","status-publish","has-post-thumbnail","hentry","nodate","item-wrap"],"_links":{"self":[{"href":"http:\/\/recettes-gourmandes-de-joce.fr\/index.php\/wp-json\/wp\/v2\/pages\/43246","targetHints":{"allow":["GET"]}}],"collection":[{"href":"http:\/\/recettes-gourmandes-de-joce.fr\/index.php\/wp-json\/wp\/v2\/pages"}],"about":[{"href":"http:\/\/recettes-gourmandes-de-joce.fr\/index.php\/wp-json\/wp\/v2\/types\/page"}],"author":[{"embeddable":true,"href":"http:\/\/recettes-gourmandes-de-joce.fr\/index.php\/wp-json\/wp\/v2\/users\/2"}],"replies":[{"embeddable":true,"href":"http:\/\/recettes-gourmandes-de-joce.fr\/index.php\/wp-json\/wp\/v2\/comments?post=43246"}],"version-history":[{"count":2,"href":"http:\/\/recettes-gourmandes-de-joce.fr\/index.php\/wp-json\/wp\/v2\/pages\/43246\/revisions"}],"predecessor-version":[{"id":85642,"href":"http:\/\/recettes-gourmandes-de-joce.fr\/index.php\/wp-json\/wp\/v2\/pages\/43246\/revisions\/85642"}],"up":[{"embeddable":true,"href":"http:\/\/recettes-gourmandes-de-joce.fr\/index.php\/wp-json\/wp\/v2\/pages\/189"}],"wp:featuredmedia":[{"embeddable":true,"href":"http:\/\/recettes-gourmandes-de-joce.fr\/index.php\/wp-json\/wp\/v2\/media\/85641"}],"wp:attachment":[{"href":"http:\/\/recettes-gourmandes-de-joce.fr\/index.php\/wp-json\/wp\/v2\/media?parent=43246"}],"curies":[{"name":"wp","href":"https:\/\/api.w.org\/{rel}","templated":true}]}}