{"id":43080,"date":"2022-03-08T14:56:50","date_gmt":"2022-03-08T14:56:50","guid":{"rendered":"http:\/\/recettes-gourmandes-de-joce.fr\/?page_id=43080"},"modified":"2024-07-31T12:34:27","modified_gmt":"2024-07-31T12:34:27","slug":"le-cresson-de-fontaine-des-cressonnieres-daquitaine","status":"publish","type":"page","link":"http:\/\/recettes-gourmandes-de-joce.fr\/index.php\/index\/produits-regionaux-decouverte-daliments\/le-cresson-de-fontaine-des-cressonnieres-daquitaine\/","title":{"rendered":"Le cresson de fontaine des cressonni\u00e8res d&rsquo;Aquitaine."},"content":{"rendered":"<p style=\"text-align: center;\"><span style=\"text-decoration: underline; color: #0d4d0d; font-size: 18pt;\"><span style=\"font-family: georgia, palatino, serif;\"><em>Le cresson de fontaine des cressonni\u00e8res d&rsquo;Aquitaine<\/em><\/span><\/span><\/p>\n<p style=\"text-align: center;\"><em style=\"color: #0d4d0d; font-family: georgia, palatino, serif; font-size: 24px; text-decoration-line: underline;\"><img loading=\"lazy\" decoding=\"async\" class=\"alignnone wp-image-43089\" src=\"http:\/\/recettes-gourmandes-de-joce.fr\/wp-content\/uploads\/2022\/03\/recettes-de-mars-2022-300x167.jpg\" alt=\"\" width=\"449\" height=\"250\" srcset=\"http:\/\/recettes-gourmandes-de-joce.fr\/wp-content\/uploads\/2022\/03\/recettes-de-mars-2022-300x167.jpg 300w, http:\/\/recettes-gourmandes-de-joce.fr\/wp-content\/uploads\/2022\/03\/recettes-de-mars-2022-768x427.jpg 768w, http:\/\/recettes-gourmandes-de-joce.fr\/wp-content\/uploads\/2022\/03\/recettes-de-mars-2022-750x417.jpg 750w, http:\/\/recettes-gourmandes-de-joce.fr\/wp-content\/uploads\/2022\/03\/recettes-de-mars-2022.jpg 800w\" sizes=\"auto, (max-width: 449px) 100vw, 449px\" \/><\/em><\/p>\n<p style=\"text-align: center;\"><span style=\"color: #0d4d0d; font-size: 18pt;\"><span style=\"font-family: georgia, palatino, serif;\"><em><img loading=\"lazy\" decoding=\"async\" class=\"alignnone wp-image-43081\" src=\"http:\/\/recettes-gourmandes-de-joce.fr\/wp-content\/uploads\/2022\/03\/20220308_142013-001-300x253.jpg\" alt=\"\" width=\"237\" height=\"200\" srcset=\"http:\/\/recettes-gourmandes-de-joce.fr\/wp-content\/uploads\/2022\/03\/20220308_142013-001-300x253.jpg 300w, http:\/\/recettes-gourmandes-de-joce.fr\/wp-content\/uploads\/2022\/03\/20220308_142013-001-768x648.jpg 768w, http:\/\/recettes-gourmandes-de-joce.fr\/wp-content\/uploads\/2022\/03\/20220308_142013-001-750x633.jpg 750w, http:\/\/recettes-gourmandes-de-joce.fr\/wp-content\/uploads\/2022\/03\/20220308_142013-001.jpg 800w\" sizes=\"auto, (max-width: 237px) 100vw, 237px\" \/>\u00a0<\/em><\/span><\/span><\/p>\n<p style=\"text-align: center;\"><span style=\"font-size: 14pt; font-family: georgia, palatino, serif; color: #0d4d0d;\"><em>Le cresson plante herbac\u00e9e, il appartient \u00e0 la famille des crucif\u00e8res tout comme le navet, les choux et la moutarde. Sa saveur piquante en salade, son go\u00fbt caract\u00e9ristique en soupe en font une plante exceptionnelle \u00e0 d\u00e9couvrir si vous n&rsquo;avez jamais oser la cuisiner. Il a \u00e9galement des tr\u00e9sors de bien faits sur la sant\u00e9 que je vous laisse d\u00e9couvrir sur le site <a href=\"https:\/\/www.cressonaquitaine.fr\/\">des cressonni\u00e8re d&rsquo;Aquitaine<\/a> \ud83d\ude42<\/em><\/span><\/p>\n<p style=\"text-align: center;\"><span style=\"font-size: 14pt; font-family: georgia, palatino, serif; color: #0d4d0d;\"><em>On trouve le cresson sur les \u00e9tals durant les mois d&rsquo;avril \u00e0 septembre. Le cresson primeur lui est disponible en f\u00e9vrier et mars.\u00a0<\/em><\/span><\/p>\n<p style=\"text-align: center;\"><span style=\"font-size: 18pt; font-family: georgia, palatino, serif; color: #0d4d0d;\"><em><span style=\"text-decoration: underline;\">Choisir le cresson et le conserver<\/span><\/em><\/span><\/p>\n<p dir=\"ltr\" style=\"text-align: center;\"><span style=\"font-size: 14pt; font-family: georgia, palatino, serif; color: #0d4d0d;\"><em>Choisissez le avec des feuilles bien vertes et serr\u00e9es, ne l&rsquo;achetez pas si, il est fl\u00e9tri ou jaune. Il est souvent propos\u00e9 trempant dans un peu d&rsquo;eau ou en sachet, j&rsquo;ai d&rsquo;ailleurs \u00e9t\u00e9 agr\u00e9ablement surprise de la qualit\u00e9 sous sachet de celui des cressonni\u00e8res d&rsquo;Aquitaine qui apr\u00e8s 5 jours dans le bac \u00e0 l\u00e9gumes et dans son sachet ferm\u00e9 est ressorti nickel c&rsquo;est celui de mes photos ! En g\u00e9n\u00e9ral garde-le que deux ou trois jours pour avoir un produit tr\u00e8s frais.<\/em><\/span><\/p>\n<p style=\"text-align: center;\"><span style=\"font-size: 14pt; font-family: georgia, palatino, serif; color: #0d4d0d;\"><em>Voici donc mon avis sur le cresson <a href=\"https:\/\/www.cressonaquitaine.fr\/\">des cressonni\u00e8res d&rsquo;Aquitaine.<\/a><\/em><\/span><\/p>\n<p style=\"text-align: center;\"><span style=\"font-size: 14pt; font-family: georgia, palatino, serif; color: #0d4d0d;\"><em><a style=\"color: #0d4d0d;\" href=\"https:\/\/www.cressonaquitaine.fr\/\"><img loading=\"lazy\" decoding=\"async\" class=\"alignnone wp-image-43073\" src=\"http:\/\/recettes-gourmandes-de-joce.fr\/wp-content\/uploads\/2022\/03\/20220308_141902-225x300.jpg\" alt=\"\" width=\"150\" height=\"200\" srcset=\"http:\/\/recettes-gourmandes-de-joce.fr\/wp-content\/uploads\/2022\/03\/20220308_141902-225x300.jpg 225w, http:\/\/recettes-gourmandes-de-joce.fr\/wp-content\/uploads\/2022\/03\/20220308_141902.jpg 600w\" sizes=\"auto, (max-width: 150px) 100vw, 150px\" \/><\/a> <a style=\"color: #0d4d0d;\" href=\"https:\/\/www.cressonaquitaine.fr\/\"><img loading=\"lazy\" decoding=\"async\" class=\"alignnone wp-image-43074\" src=\"http:\/\/recettes-gourmandes-de-joce.fr\/wp-content\/uploads\/2022\/03\/20220308_142013-186x300.jpg\" alt=\"\" width=\"124\" height=\"200\" srcset=\"http:\/\/recettes-gourmandes-de-joce.fr\/wp-content\/uploads\/2022\/03\/20220308_142013-186x300.jpg 186w, http:\/\/recettes-gourmandes-de-joce.fr\/wp-content\/uploads\/2022\/03\/20220308_142013.jpg 497w\" sizes=\"auto, (max-width: 124px) 100vw, 124px\" \/><\/a><\/em><\/span><\/p>\n<p style=\"text-align: center;\"><span style=\"font-size: 14pt; font-family: georgia, palatino, serif; color: #0d4d0d;\"><em>J&rsquo;adore cette plante depuis des ann\u00e9es. J&rsquo;ai d\u00e9couvert r\u00e9cemment celui des cressonni\u00e8res d&rsquo;Aquitaine dans mon Lidl.\u00a0<\/em><\/span><\/p>\n<p style=\"text-align: center;\"><em><span style=\"color: #0d4d0d; font-size: 14pt; font-family: georgia, palatino, serif;\"><strong>Lien vers leur site<\/strong> ou ils vous expliqueront mieux que moi<\/span><\/em><\/p>\n<p style=\"text-align: center;\"><em><span style=\"color: #0d4d0d; font-size: 14pt; font-family: georgia, palatino, serif;\"> les qualit\u00e9s du cresson-&gt;<\/span> <span style=\"font-size: 14pt; font-family: georgia, palatino, serif;\"><a href=\"https:\/\/www.cressonaquitaine.fr\/\">Les cressonni\u00e8res d&rsquo;Aquitaine<\/a><\/span><\/em><a href=\"https:\/\/www.cressonaquitaine.fr\/\"><img loading=\"lazy\" decoding=\"async\" class=\"alignnone wp-image-43082\" src=\"http:\/\/recettes-gourmandes-de-joce.fr\/wp-content\/uploads\/2022\/03\/logo-300x169.jpg\" alt=\"\" width=\"178\" height=\"100\" srcset=\"http:\/\/recettes-gourmandes-de-joce.fr\/wp-content\/uploads\/2022\/03\/logo-300x169.jpg 300w, http:\/\/recettes-gourmandes-de-joce.fr\/wp-content\/uploads\/2022\/03\/logo.jpg 554w\" sizes=\"auto, (max-width: 178px) 100vw, 178px\" \/><\/a><\/p>\n<p style=\"text-align: center;\"><span style=\"font-size: 14pt; font-family: georgia, palatino, serif; color: #0d4d0d;\"><em>Une entreprise qui n&rsquo;a plus besoin de faire ses preuves tant son cresson est de qualit\u00e9 et r\u00e9glement\u00e9, cultiv\u00e9 dans le respect des saisons et des cultures. Les feuilles comme le prouve mes photos sont tr\u00e8s grandes contrairement \u00e0 des bottes de cresson achet\u00e9es dans d&rsquo;autres grandes surfaces, l&rsquo;odeur est bien pr\u00e9sente et le go\u00fbt incomparable, j&rsquo;ai retrouv\u00e9 les saveurs de mon enfance \ud83d\ude42<\/em><\/span><\/p>\n<p style=\"text-align: center;\"><span style=\"font-size: 14pt; font-family: georgia, palatino, serif; color: #0d4d0d;\"><em>Voici quelques photos pour vous montrer la qualit\u00e9 du produit.<\/em><\/span><\/p>\n<p style=\"text-align: center;\"><img loading=\"lazy\" decoding=\"async\" class=\"alignnone wp-image-43075\" src=\"http:\/\/recettes-gourmandes-de-joce.fr\/wp-content\/uploads\/2022\/03\/20220308_142038-300x240.jpg\" alt=\"\" width=\"250\" height=\"200\" srcset=\"http:\/\/recettes-gourmandes-de-joce.fr\/wp-content\/uploads\/2022\/03\/20220308_142038-300x240.jpg 300w, http:\/\/recettes-gourmandes-de-joce.fr\/wp-content\/uploads\/2022\/03\/20220308_142038-768x615.jpg 768w, http:\/\/recettes-gourmandes-de-joce.fr\/wp-content\/uploads\/2022\/03\/20220308_142038-750x601.jpg 750w, http:\/\/recettes-gourmandes-de-joce.fr\/wp-content\/uploads\/2022\/03\/20220308_142038.jpg 800w\" sizes=\"auto, (max-width: 250px) 100vw, 250px\" \/> <img loading=\"lazy\" decoding=\"async\" class=\"alignnone wp-image-43076\" src=\"http:\/\/recettes-gourmandes-de-joce.fr\/wp-content\/uploads\/2022\/03\/20220308_142119-277x300.jpg\" alt=\"\" width=\"185\" height=\"200\" srcset=\"http:\/\/recettes-gourmandes-de-joce.fr\/wp-content\/uploads\/2022\/03\/20220308_142119-277x300.jpg 277w, http:\/\/recettes-gourmandes-de-joce.fr\/wp-content\/uploads\/2022\/03\/20220308_142119.jpg 739w\" sizes=\"auto, (max-width: 185px) 100vw, 185px\" \/><\/p>\n<p style=\"text-align: center;\"><span style=\"font-size: 14pt; font-family: georgia, palatino, serif; color: #0d4d0d;\"><em>Excellente en soupe ou velout\u00e9, avec le poisson ou les coquillages, mais aussi crue en salade, cuite en tourte, quiche, cake etc.<\/em><\/span><\/p>\n<p style=\"text-align: center;\"><span style=\"font-size: 14pt; font-family: georgia, palatino, serif; color: #0d4d0d;\"><em> Quelques-unes de <strong>mes recettes<\/strong> \u00e0 d\u00e9couvrir en cliquant sur les titres ou les photos <strong>\u2193<\/strong><\/em><\/span><\/p>\n<p style=\"text-align: center;\"><a href=\"http:\/\/recettes-gourmandes-de-joce.fr\/index.php\/index\/entrees\/soupes-veloutes\/veloute-de-cresson\/\"><img loading=\"lazy\" decoding=\"async\" class=\"alignnone wp-image-43079\" src=\"http:\/\/recettes-gourmandes-de-joce.fr\/wp-content\/uploads\/2022\/03\/20220308_142304-300x275.jpg\" alt=\"\" width=\"218\" height=\"200\" srcset=\"http:\/\/recettes-gourmandes-de-joce.fr\/wp-content\/uploads\/2022\/03\/20220308_142304-300x275.jpg 300w, http:\/\/recettes-gourmandes-de-joce.fr\/wp-content\/uploads\/2022\/03\/20220308_142304-768x705.jpg 768w, http:\/\/recettes-gourmandes-de-joce.fr\/wp-content\/uploads\/2022\/03\/20220308_142304-750x688.jpg 750w, http:\/\/recettes-gourmandes-de-joce.fr\/wp-content\/uploads\/2022\/03\/20220308_142304.jpg 800w\" sizes=\"auto, (max-width: 218px) 100vw, 218px\" \/> <img loading=\"lazy\" decoding=\"async\" class=\"alignnone wp-image-43077\" src=\"http:\/\/recettes-gourmandes-de-joce.fr\/wp-content\/uploads\/2022\/03\/20220308_142248-300x191.jpg\" alt=\"\" width=\"315\" height=\"200\" srcset=\"http:\/\/recettes-gourmandes-de-joce.fr\/wp-content\/uploads\/2022\/03\/20220308_142248-300x191.jpg 300w, http:\/\/recettes-gourmandes-de-joce.fr\/wp-content\/uploads\/2022\/03\/20220308_142248-768x488.jpg 768w, http:\/\/recettes-gourmandes-de-joce.fr\/wp-content\/uploads\/2022\/03\/20220308_142248-750x476.jpg 750w, http:\/\/recettes-gourmandes-de-joce.fr\/wp-content\/uploads\/2022\/03\/20220308_142248.jpg 800w\" sizes=\"auto, (max-width: 315px) 100vw, 315px\" \/> <img loading=\"lazy\" decoding=\"async\" class=\"alignnone wp-image-43078\" src=\"http:\/\/recettes-gourmandes-de-joce.fr\/wp-content\/uploads\/2022\/03\/20220308_142259-225x300.jpg\" alt=\"\" width=\"150\" height=\"200\" srcset=\"http:\/\/recettes-gourmandes-de-joce.fr\/wp-content\/uploads\/2022\/03\/20220308_142259-225x300.jpg 225w, http:\/\/recettes-gourmandes-de-joce.fr\/wp-content\/uploads\/2022\/03\/20220308_142259.jpg 600w\" sizes=\"auto, (max-width: 150px) 100vw, 150px\" \/><\/a><\/p>\n<p><span style=\"font-size: 14pt; font-family: georgia, palatino, serif;\"><em>-&gt;<a href=\"http:\/\/recettes-gourmandes-de-joce.fr\/index.php\/index\/entrees\/soupes-veloutes\/veloute-de-cresson\/\"> Velout\u00e9 de cresson<\/a><\/em><\/span><\/p>\n<p style=\"text-align: center;\"><span style=\"font-size: 14pt; font-family: georgia, palatino, serif;\"><em><a href=\"http:\/\/recettes-gourmandes-de-joce.fr\/index.php\/index\/aperitifs-amuses-bouches\/verrines-froides\/verrines-de-surimi-cresson-radis-thon\/\"><img loading=\"lazy\" decoding=\"async\" class=\"alignnone wp-image-33235\" src=\"http:\/\/recettes-gourmandes-de-joce.fr\/wp-content\/uploads\/2021\/06\/P4051058-001-300x226.jpg\" alt=\"\" width=\"219\" height=\"165\" srcset=\"http:\/\/recettes-gourmandes-de-joce.fr\/wp-content\/uploads\/2021\/06\/P4051058-001-300x226.jpg 300w, http:\/\/recettes-gourmandes-de-joce.fr\/wp-content\/uploads\/2021\/06\/P4051058-001-768x579.jpg 768w, http:\/\/recettes-gourmandes-de-joce.fr\/wp-content\/uploads\/2021\/06\/P4051058-001-750x565.jpg 750w, http:\/\/recettes-gourmandes-de-joce.fr\/wp-content\/uploads\/2021\/06\/P4051058-001.jpg 800w\" sizes=\"auto, (max-width: 219px) 100vw, 219px\" \/><\/a> <a href=\"http:\/\/recettes-gourmandes-de-joce.fr\/index.php\/index\/legumes\/pates\/coquillettes-au-cresson-et-chevre\/\"><img loading=\"lazy\" decoding=\"async\" class=\"alignnone wp-image-17853\" src=\"http:\/\/recettes-gourmandes-de-joce.fr\/wp-content\/uploads\/2020\/03\/P4220104-3-300x204.jpg\" alt=\"\" width=\"243\" height=\"165\" srcset=\"http:\/\/recettes-gourmandes-de-joce.fr\/wp-content\/uploads\/2020\/03\/P4220104-3-300x204.jpg 300w, http:\/\/recettes-gourmandes-de-joce.fr\/wp-content\/uploads\/2020\/03\/P4220104-3-768x521.jpg 768w, http:\/\/recettes-gourmandes-de-joce.fr\/wp-content\/uploads\/2020\/03\/P4220104-3.jpg 800w\" sizes=\"auto, (max-width: 243px) 100vw, 243px\" \/><\/a> <a href=\"http:\/\/recettes-gourmandes-de-joce.fr\/index.php\/index\/poissons-coquillages\/filets-paves\/saumon-a-la-creme-de-cresson-et-crevettes\/\"><img loading=\"lazy\" decoding=\"async\" class=\"alignnone wp-image-15920\" src=\"http:\/\/recettes-gourmandes-de-joce.fr\/wp-content\/uploads\/2020\/01\/P2130598-300x192.jpg\" alt=\"\" width=\"258\" height=\"165\" srcset=\"http:\/\/recettes-gourmandes-de-joce.fr\/wp-content\/uploads\/2020\/01\/P2130598-300x192.jpg 300w, http:\/\/recettes-gourmandes-de-joce.fr\/wp-content\/uploads\/2020\/01\/P2130598.jpg 640w\" sizes=\"auto, (max-width: 258px) 100vw, 258px\" \/><\/a><\/em><\/span><\/p>\n<p><span style=\"font-size: 14pt; font-family: georgia, palatino, serif;\"><em>-&gt;<\/em><\/span><a href=\"http:\/\/recettes-gourmandes-de-joce.fr\/index.php\/index\/aperitifs-amuses-bouches\/verrines-froides\/verrines-de-surimi-cresson-radis-thon\/\"><span style=\"font-size: 14pt; font-family: georgia, palatino, serif;\"><em> Verrines de surimi, cresson, radis, thon<\/em><\/span><\/a><\/p>\n<p><span style=\"font-size: 14pt; font-family: georgia, palatino, serif;\"><em>-&gt; <a href=\"http:\/\/recettes-gourmandes-de-joce.fr\/index.php\/index\/legumes\/pates\/coquillettes-au-cresson-et-chevre\/\">Coquillettes au cresson et ch\u00e8vre<\/a><\/em><\/span><\/p>\n<p><span style=\"font-size: 14pt; font-family: georgia, palatino, serif;\"><em>-&gt; <a href=\"http:\/\/recettes-gourmandes-de-joce.fr\/index.php\/index\/poissons-coquillages\/filets-paves\/saumon-a-la-creme-de-cresson-et-crevettes\/\">Saumon \u00e0 la cr\u00e8me de cresson et crevettes<\/a><\/em><\/span><\/p>\n<p><span style=\"font-size: 14pt; font-family: georgia, palatino, serif;\"><em><a href=\"http:\/\/recettes-gourmandes-de-joce.fr\/index.php\/index\/entrees\/entrees-chaudes\/poissons-feuilletes-au-thon-cresson-et-st-moret\/\"><img loading=\"lazy\" decoding=\"async\" class=\"alignnone wp-image-10113\" src=\"http:\/\/recettes-gourmandes-de-joce.fr\/wp-content\/uploads\/2019\/11\/P4051049-300x225.jpg\" alt=\"\" width=\"227\" height=\"170\" srcset=\"http:\/\/recettes-gourmandes-de-joce.fr\/wp-content\/uploads\/2019\/11\/P4051049-300x225.jpg 300w, http:\/\/recettes-gourmandes-de-joce.fr\/wp-content\/uploads\/2019\/11\/P4051049.jpg 640w\" sizes=\"auto, (max-width: 227px) 100vw, 227px\" \/><\/a> <a href=\"http:\/\/recettes-gourmandes-de-joce.fr\/index.php\/index\/poissons-coquillages\/filets-paves\/filets-de-sabre-roules-aux-epices-et-gouda-sauce-au-cresson-de-fontaine\/\"><img loading=\"lazy\" decoding=\"async\" class=\"alignnone wp-image-43083\" src=\"http:\/\/recettes-gourmandes-de-joce.fr\/wp-content\/uploads\/2022\/03\/sabre-cresson1-300x213.jpg\" alt=\"\" width=\"240\" height=\"170\" srcset=\"http:\/\/recettes-gourmandes-de-joce.fr\/wp-content\/uploads\/2022\/03\/sabre-cresson1-300x213.jpg 300w, http:\/\/recettes-gourmandes-de-joce.fr\/wp-content\/uploads\/2022\/03\/sabre-cresson1-768x544.jpg 768w, http:\/\/recettes-gourmandes-de-joce.fr\/wp-content\/uploads\/2022\/03\/sabre-cresson1-750x532.jpg 750w, http:\/\/recettes-gourmandes-de-joce.fr\/wp-content\/uploads\/2022\/03\/sabre-cresson1.jpg 800w\" sizes=\"auto, (max-width: 240px) 100vw, 240px\" \/><\/a> <a href=\"http:\/\/recettes-gourmandes-de-joce.fr\/index.php\/index\/poissons-coquillages\/filets-paves\/filet-de-merlan-roule-sauce-au-cresson-et-moules\/\"><img loading=\"lazy\" decoding=\"async\" class=\"alignnone wp-image-43085\" src=\"http:\/\/recettes-gourmandes-de-joce.fr\/wp-content\/uploads\/2022\/03\/merlan-cresson3a-300x200.jpg\" alt=\"\" width=\"255\" height=\"170\" srcset=\"http:\/\/recettes-gourmandes-de-joce.fr\/wp-content\/uploads\/2022\/03\/merlan-cresson3a-300x200.jpg 300w, http:\/\/recettes-gourmandes-de-joce.fr\/wp-content\/uploads\/2022\/03\/merlan-cresson3a-768x513.jpg 768w, http:\/\/recettes-gourmandes-de-joce.fr\/wp-content\/uploads\/2022\/03\/merlan-cresson3a-750x501.jpg 750w, http:\/\/recettes-gourmandes-de-joce.fr\/wp-content\/uploads\/2022\/03\/merlan-cresson3a.jpg 800w\" sizes=\"auto, (max-width: 255px) 100vw, 255px\" \/><\/a><\/em><\/span><\/p>\n<p><span style=\"font-size: 14pt; font-family: georgia, palatino, serif;\"><em>-&gt; <a href=\"http:\/\/recettes-gourmandes-de-joce.fr\/index.php\/index\/entrees\/entrees-chaudes\/poissons-feuilletes-au-thon-cresson-et-st-moret\/\">Poissons feuillet\u00e9s au thon, au cresson et st-Mor\u00eat<\/a><\/em><\/span><\/p>\n<p><span style=\"font-size: 14pt; font-family: georgia, palatino, serif;\"><em>-&gt; <a href=\"http:\/\/recettes-gourmandes-de-joce.fr\/index.php\/index\/poissons-coquillages\/filets-paves\/filets-de-sabre-roules-aux-epices-et-gouda-sauce-au-cresson-de-fontaine\/\">Filets de sabre roul\u00e9s aux \u00e9pices et gouda, sauce au cresson de fontaine<\/a><\/em><\/span><\/p>\n<p><span style=\"font-size: 14pt; font-family: georgia, palatino, serif;\"><em>-&gt; <a href=\"http:\/\/recettes-gourmandes-de-joce.fr\/index.php\/index\/poissons-coquillages\/filets-paves\/filet-de-merlan-roule-sauce-au-cresson-et-moules\/\">Filet de merlan roul\u00e9, sauce au cresson et moules<\/a><\/em><\/span><\/p>\n<p><span style=\"font-size: 14pt; font-family: georgia, palatino, serif;\"><em><a href=\"http:\/\/recettes-gourmandes-de-joce.fr\/index.php\/index\/aperitifs-amuses-bouches\/verrines-chaudes\/verrines-de-creme-de-cresson-aux-coques\/\"><img loading=\"lazy\" decoding=\"async\" class=\"alignnone wp-image-43084\" src=\"http:\/\/recettes-gourmandes-de-joce.fr\/wp-content\/uploads\/2022\/03\/cresson-coques2-300x225.jpg\" alt=\"\" width=\"227\" height=\"170\" srcset=\"http:\/\/recettes-gourmandes-de-joce.fr\/wp-content\/uploads\/2022\/03\/cresson-coques2-300x225.jpg 300w, http:\/\/recettes-gourmandes-de-joce.fr\/wp-content\/uploads\/2022\/03\/cresson-coques2-768x576.jpg 768w, http:\/\/recettes-gourmandes-de-joce.fr\/wp-content\/uploads\/2022\/03\/cresson-coques2-750x563.jpg 750w, http:\/\/recettes-gourmandes-de-joce.fr\/wp-content\/uploads\/2022\/03\/cresson-coques2.jpg 800w\" sizes=\"auto, (max-width: 227px) 100vw, 227px\" \/><\/a> <a href=\"http:\/\/recettes-gourmandes-de-joce.fr\/index.php\/index\/legumes\/purees-diverses\/puree-de-pommes-de-terre-au-cresson\/\"><img loading=\"lazy\" decoding=\"async\" class=\"alignnone wp-image-43086\" src=\"http:\/\/recettes-gourmandes-de-joce.fr\/wp-content\/uploads\/2022\/03\/puree-cresson-4-300x200.jpg\" alt=\"\" width=\"255\" height=\"170\" srcset=\"http:\/\/recettes-gourmandes-de-joce.fr\/wp-content\/uploads\/2022\/03\/puree-cresson-4-300x200.jpg 300w, http:\/\/recettes-gourmandes-de-joce.fr\/wp-content\/uploads\/2022\/03\/puree-cresson-4-768x513.jpg 768w, http:\/\/recettes-gourmandes-de-joce.fr\/wp-content\/uploads\/2022\/03\/puree-cresson-4-750x501.jpg 750w, http:\/\/recettes-gourmandes-de-joce.fr\/wp-content\/uploads\/2022\/03\/puree-cresson-4.jpg 800w\" sizes=\"auto, (max-width: 255px) 100vw, 255px\" \/><\/a> <a href=\"http:\/\/recettes-gourmandes-de-joce.fr\/index.php\/index\/aperitifs-amuses-bouches\/amuses-bouches\/bouchees-au-merlu-et-cresson-mayonnaise-a-laillet\/\"><img loading=\"lazy\" decoding=\"async\" class=\"alignnone wp-image-43088\" src=\"http:\/\/recettes-gourmandes-de-joce.fr\/wp-content\/uploads\/2022\/03\/bouchees-merlu3-300x225.jpg\" alt=\"\" width=\"227\" height=\"170\" srcset=\"http:\/\/recettes-gourmandes-de-joce.fr\/wp-content\/uploads\/2022\/03\/bouchees-merlu3-300x225.jpg 300w, http:\/\/recettes-gourmandes-de-joce.fr\/wp-content\/uploads\/2022\/03\/bouchees-merlu3-768x576.jpg 768w, http:\/\/recettes-gourmandes-de-joce.fr\/wp-content\/uploads\/2022\/03\/bouchees-merlu3-750x563.jpg 750w, http:\/\/recettes-gourmandes-de-joce.fr\/wp-content\/uploads\/2022\/03\/bouchees-merlu3.jpg 800w\" sizes=\"auto, (max-width: 227px) 100vw, 227px\" \/><\/a><\/em><\/span><\/p>\n<p><span style=\"font-size: 14pt; font-family: georgia, palatino, serif;\"><em>-&gt; <a href=\"http:\/\/recettes-gourmandes-de-joce.fr\/index.php\/index\/aperitifs-amuses-bouches\/verrines-chaudes\/verrines-de-creme-de-cresson-aux-coques\/\">Verrines de cr\u00e8me de cresson aux coques<\/a><\/em><\/span><\/p>\n<p><span style=\"font-size: 14pt; font-family: georgia, palatino, serif;\"><em>-&gt; <a href=\"http:\/\/recettes-gourmandes-de-joce.fr\/index.php\/index\/legumes\/purees-diverses\/puree-de-pommes-de-terre-au-cresson\/\">Pur\u00e9e de pommes de terre au cresson<\/a><\/em><\/span><\/p>\n<p><span style=\"font-size: 14pt; font-family: georgia, palatino, serif;\"><em>-&gt; <a href=\"http:\/\/recettes-gourmandes-de-joce.fr\/index.php\/index\/aperitifs-amuses-bouches\/amuses-bouches\/bouchees-au-merlu-et-cresson-mayonnaise-a-laillet\/\">Bouch\u00e9es au merlu et cresson,<span style=\"font-family: georgia, palatino, serif;\"> m<\/span>ayonnaise \u00e0 l\u2019aillet<\/a><\/em><\/span><\/p>\n<p style=\"text-align: center;\"><em><span style=\"font-size: 14pt; font-family: georgia, palatino, serif; color: #0d4d0d;\">Bonne d\u00e9couverte et bonnes recettes!<\/span><\/em><\/p>\n<p><img loading=\"lazy\" decoding=\"async\" class=\"aligncenter wp-image-37354 size-full\" src=\"http:\/\/recettes-gourmandes-de-joce.fr\/wp-content\/uploads\/2021\/06\/logitech-gaming-software-14112014-121223.jpg\" alt=\"\" width=\"640\" height=\"144\" srcset=\"http:\/\/recettes-gourmandes-de-joce.fr\/wp-content\/uploads\/2021\/06\/logitech-gaming-software-14112014-121223.jpg 640w, http:\/\/recettes-gourmandes-de-joce.fr\/wp-content\/uploads\/2021\/06\/logitech-gaming-software-14112014-121223-300x68.jpg 300w\" sizes=\"auto, (max-width: 640px) 100vw, 640px\" \/><\/p>\n","protected":false},"excerpt":{"rendered":"<p>Le cresson de fontaine des cressonni\u00e8res d&rsquo;Aquitaine \u00a0 Le cresson plante herbac\u00e9e, il appartient \u00e0 la famille des crucif\u00e8res tout comme le navet, les choux et la moutarde. Sa saveur piquante en salade, son go\u00fbt caract\u00e9ristique en soupe en font une plante exceptionnelle \u00e0 d\u00e9couvrir si vous n&rsquo;avez jamais oser la cuisiner. Il a \u00e9galement &hellip; <\/p>\n<p><a class=\"more-link btn\" href=\"http:\/\/recettes-gourmandes-de-joce.fr\/index.php\/index\/produits-regionaux-decouverte-daliments\/le-cresson-de-fontaine-des-cressonnieres-daquitaine\/\">Lire la suite<\/a><\/p>\n","protected":false},"author":2,"featured_media":87701,"parent":326,"menu_order":0,"comment_status":"open","ping_status":"closed","template":"","meta":{"footnotes":""},"class_list":["post-43080","page","type-page","status-publish","has-post-thumbnail","hentry","nodate","item-wrap"],"_links":{"self":[{"href":"http:\/\/recettes-gourmandes-de-joce.fr\/index.php\/wp-json\/wp\/v2\/pages\/43080","targetHints":{"allow":["GET"]}}],"collection":[{"href":"http:\/\/recettes-gourmandes-de-joce.fr\/index.php\/wp-json\/wp\/v2\/pages"}],"about":[{"href":"http:\/\/recettes-gourmandes-de-joce.fr\/index.php\/wp-json\/wp\/v2\/types\/page"}],"author":[{"embeddable":true,"href":"http:\/\/recettes-gourmandes-de-joce.fr\/index.php\/wp-json\/wp\/v2\/users\/2"}],"replies":[{"embeddable":true,"href":"http:\/\/recettes-gourmandes-de-joce.fr\/index.php\/wp-json\/wp\/v2\/comments?post=43080"}],"version-history":[{"count":7,"href":"http:\/\/recettes-gourmandes-de-joce.fr\/index.php\/wp-json\/wp\/v2\/pages\/43080\/revisions"}],"predecessor-version":[{"id":88283,"href":"http:\/\/recettes-gourmandes-de-joce.fr\/index.php\/wp-json\/wp\/v2\/pages\/43080\/revisions\/88283"}],"up":[{"embeddable":true,"href":"http:\/\/recettes-gourmandes-de-joce.fr\/index.php\/wp-json\/wp\/v2\/pages\/326"}],"wp:featuredmedia":[{"embeddable":true,"href":"http:\/\/recettes-gourmandes-de-joce.fr\/index.php\/wp-json\/wp\/v2\/media\/87701"}],"wp:attachment":[{"href":"http:\/\/recettes-gourmandes-de-joce.fr\/index.php\/wp-json\/wp\/v2\/media?parent=43080"}],"curies":[{"name":"wp","href":"https:\/\/api.w.org\/{rel}","templated":true}]}}