{"id":41791,"date":"2022-01-18T16:27:40","date_gmt":"2022-01-18T16:27:40","guid":{"rendered":"http:\/\/recettes-gourmandes-de-joce.fr\/?page_id=41791"},"modified":"2024-07-04T18:15:28","modified_gmt":"2024-07-04T18:15:28","slug":"oeufs-brouilles-au-lardons-et-fromage-a-raclette","status":"publish","type":"page","link":"http:\/\/recettes-gourmandes-de-joce.fr\/index.php\/index\/oeufs-fromages-yaourts-laitages\/oeufs\/oeufs-brouilles-au-lardons-et-fromage-a-raclette\/","title":{"rendered":"\u0152ufs brouill\u00e9s aux lardons et fromage \u00e0 raclette."},"content":{"rendered":"<p style=\"text-align: center;\"><span style=\"text-decoration: underline; color: #000080;\"><span style=\"font-size: 18pt; font-family: georgia, palatino, serif;\"><em>Une de mes recettes<\/em><\/span><\/span><\/p>\n<p style=\"text-align: center;\"><span style=\"color: #000080;\"><img loading=\"lazy\" decoding=\"async\" class=\"alignnone wp-image-41776\" src=\"http:\/\/recettes-gourmandes-de-joce.fr\/wp-content\/uploads\/2022\/01\/20220118_154127-300x210.jpg\" alt=\"\" width=\"258\" height=\"180\" srcset=\"http:\/\/recettes-gourmandes-de-joce.fr\/wp-content\/uploads\/2022\/01\/20220118_154127-300x210.jpg 300w, http:\/\/recettes-gourmandes-de-joce.fr\/wp-content\/uploads\/2022\/01\/20220118_154127-768x537.jpg 768w, http:\/\/recettes-gourmandes-de-joce.fr\/wp-content\/uploads\/2022\/01\/20220118_154127-750x524.jpg 750w, http:\/\/recettes-gourmandes-de-joce.fr\/wp-content\/uploads\/2022\/01\/20220118_154127.jpg 800w\" sizes=\"auto, (max-width: 258px) 100vw, 258px\" \/>\u00a0<img loading=\"lazy\" decoding=\"async\" class=\"alignnone wp-image-41780\" src=\"http:\/\/recettes-gourmandes-de-joce.fr\/wp-content\/uploads\/2022\/01\/20220118_154140-300x225.jpg\" alt=\"\" width=\"240\" height=\"180\" srcset=\"http:\/\/recettes-gourmandes-de-joce.fr\/wp-content\/uploads\/2022\/01\/20220118_154140-300x225.jpg 300w, http:\/\/recettes-gourmandes-de-joce.fr\/wp-content\/uploads\/2022\/01\/20220118_154140-768x576.jpg 768w, http:\/\/recettes-gourmandes-de-joce.fr\/wp-content\/uploads\/2022\/01\/20220118_154140-750x563.jpg 750w, http:\/\/recettes-gourmandes-de-joce.fr\/wp-content\/uploads\/2022\/01\/20220118_154140.jpg 800w\" sizes=\"auto, (max-width: 240px) 100vw, 240px\" \/> <img loading=\"lazy\" decoding=\"async\" class=\"alignnone wp-image-41774\" src=\"http:\/\/recettes-gourmandes-de-joce.fr\/wp-content\/uploads\/2022\/01\/20220118_154124-300x225.jpg\" alt=\"\" width=\"240\" height=\"180\" srcset=\"http:\/\/recettes-gourmandes-de-joce.fr\/wp-content\/uploads\/2022\/01\/20220118_154124-300x225.jpg 300w, http:\/\/recettes-gourmandes-de-joce.fr\/wp-content\/uploads\/2022\/01\/20220118_154124-768x576.jpg 768w, http:\/\/recettes-gourmandes-de-joce.fr\/wp-content\/uploads\/2022\/01\/20220118_154124-750x563.jpg 750w, http:\/\/recettes-gourmandes-de-joce.fr\/wp-content\/uploads\/2022\/01\/20220118_154124.jpg 800w\" sizes=\"auto, (max-width: 240px) 100vw, 240px\" \/>\u00a0 \u00a0 \u00a0<img loading=\"lazy\" decoding=\"async\" class=\"alignnone wp-image-41778\" src=\"http:\/\/recettes-gourmandes-de-joce.fr\/wp-content\/uploads\/2022\/01\/20220118_154132-300x201.jpg\" alt=\"\" width=\"269\" height=\"180\" srcset=\"http:\/\/recettes-gourmandes-de-joce.fr\/wp-content\/uploads\/2022\/01\/20220118_154132-300x201.jpg 300w, http:\/\/recettes-gourmandes-de-joce.fr\/wp-content\/uploads\/2022\/01\/20220118_154132-768x515.jpg 768w, http:\/\/recettes-gourmandes-de-joce.fr\/wp-content\/uploads\/2022\/01\/20220118_154132-750x503.jpg 750w, http:\/\/recettes-gourmandes-de-joce.fr\/wp-content\/uploads\/2022\/01\/20220118_154132.jpg 800w\" sizes=\"auto, (max-width: 269px) 100vw, 269px\" \/><\/span><\/p>\n<p style=\"text-align: center;\"><span style=\"text-decoration: underline; color: #000080;\"><span style=\"font-size: 18pt; font-family: georgia, palatino, serif;\"><em> Ingr\u00e9dients pour 1 personnes<\/em><\/span><\/span><\/p>\n<p style=\"text-align: center;\"><span style=\"color: #000080;\"><img loading=\"lazy\" decoding=\"async\" class=\"alignnone wp-image-41781\" src=\"http:\/\/recettes-gourmandes-de-joce.fr\/wp-content\/uploads\/2022\/01\/20220118_153112-300x273.jpg\" alt=\"\" width=\"220\" height=\"200\" srcset=\"http:\/\/recettes-gourmandes-de-joce.fr\/wp-content\/uploads\/2022\/01\/20220118_153112-300x273.jpg 300w, http:\/\/recettes-gourmandes-de-joce.fr\/wp-content\/uploads\/2022\/01\/20220118_153112-768x698.jpg 768w, http:\/\/recettes-gourmandes-de-joce.fr\/wp-content\/uploads\/2022\/01\/20220118_153112-750x682.jpg 750w, http:\/\/recettes-gourmandes-de-joce.fr\/wp-content\/uploads\/2022\/01\/20220118_153112.jpg 800w\" sizes=\"auto, (max-width: 220px) 100vw, 220px\" \/><\/span><\/p>\n<p style=\"text-align: center;\"><span style=\"color: #000080; font-size: 14pt;\"><span style=\"font-family: georgia, palatino, serif;\"><em>3 \u0153ufs <\/em><\/span><\/span><\/p>\n<p style=\"text-align: center;\"><span style=\"color: #000080; font-size: 14pt;\"><span style=\"font-family: georgia, palatino, serif;\"><em>50 g de lardons fum\u00e9s <\/em><\/span><\/span><\/p>\n<p style=\"text-align: center;\"><span style=\"color: #000080; font-size: 14pt;\"><span style=\"font-family: georgia, palatino, serif;\"><em>3 tranches de fromage \u00e0 raclette <\/em><\/span><\/span><\/p>\n<p style=\"text-align: center;\"><span style=\"color: #000080; font-size: 14pt;\"><span style=\"font-family: georgia, palatino, serif;\"><em>1 c \u00e0 s de persil cisel\u00e9 <\/em><\/span><\/span><\/p>\n<p style=\"text-align: center;\"><span style=\"color: #000080; font-size: 14pt;\"><span style=\"font-family: georgia, palatino, serif;\"><em>2 pinc\u00e9es de piment d&rsquo;Espelette <\/em><\/span><\/span><\/p>\n<p style=\"text-align: center;\"><span style=\"color: #000080; font-size: 14pt;\"><span style=\"font-family: georgia, palatino, serif;\"><em>1 morceau de beurre\u00a0<\/em><\/span><\/span><\/p>\n<p style=\"text-align: center;\"><span style=\"color: #000080; font-size: 14pt;\"><span style=\"font-family: georgia, palatino, serif;\"><em>1 c \u00e0 s d&rsquo;huile d&rsquo;olive<\/em><\/span><\/span><\/p>\n<p style=\"text-align: center;\"><span style=\"color: #000080; font-size: 14pt;\"><span style=\"font-family: georgia, palatino, serif;\"><em> Sel et poivre <\/em><\/span><\/span><\/p>\n<p style=\"text-align: center;\"><span style=\"color: #000080;\"><img loading=\"lazy\" decoding=\"async\" class=\"alignnone wp-image-41782\" src=\"http:\/\/recettes-gourmandes-de-joce.fr\/wp-content\/uploads\/2022\/01\/20220118_153503-300x178.jpg\" alt=\"\" width=\"287\" height=\"170\" srcset=\"http:\/\/recettes-gourmandes-de-joce.fr\/wp-content\/uploads\/2022\/01\/20220118_153503-300x178.jpg 300w, http:\/\/recettes-gourmandes-de-joce.fr\/wp-content\/uploads\/2022\/01\/20220118_153503-768x455.jpg 768w, http:\/\/recettes-gourmandes-de-joce.fr\/wp-content\/uploads\/2022\/01\/20220118_153503-750x444.jpg 750w, http:\/\/recettes-gourmandes-de-joce.fr\/wp-content\/uploads\/2022\/01\/20220118_153503.jpg 800w\" sizes=\"auto, (max-width: 287px) 100vw, 287px\" \/> <img loading=\"lazy\" decoding=\"async\" class=\"alignnone wp-image-41783\" src=\"http:\/\/recettes-gourmandes-de-joce.fr\/wp-content\/uploads\/2022\/01\/20220118_153533-300x225.jpg\" alt=\"\" width=\"227\" height=\"170\" srcset=\"http:\/\/recettes-gourmandes-de-joce.fr\/wp-content\/uploads\/2022\/01\/20220118_153533-300x225.jpg 300w, http:\/\/recettes-gourmandes-de-joce.fr\/wp-content\/uploads\/2022\/01\/20220118_153533-768x576.jpg 768w, http:\/\/recettes-gourmandes-de-joce.fr\/wp-content\/uploads\/2022\/01\/20220118_153533-750x563.jpg 750w, http:\/\/recettes-gourmandes-de-joce.fr\/wp-content\/uploads\/2022\/01\/20220118_153533.jpg 800w\" sizes=\"auto, (max-width: 227px) 100vw, 227px\" \/> <img loading=\"lazy\" decoding=\"async\" class=\"alignnone wp-image-41784\" src=\"http:\/\/recettes-gourmandes-de-joce.fr\/wp-content\/uploads\/2022\/01\/20220118_153548-300x225.jpg\" alt=\"\" width=\"227\" height=\"170\" srcset=\"http:\/\/recettes-gourmandes-de-joce.fr\/wp-content\/uploads\/2022\/01\/20220118_153548-300x225.jpg 300w, http:\/\/recettes-gourmandes-de-joce.fr\/wp-content\/uploads\/2022\/01\/20220118_153548-768x576.jpg 768w, http:\/\/recettes-gourmandes-de-joce.fr\/wp-content\/uploads\/2022\/01\/20220118_153548-750x563.jpg 750w, http:\/\/recettes-gourmandes-de-joce.fr\/wp-content\/uploads\/2022\/01\/20220118_153548.jpg 800w\" sizes=\"auto, (max-width: 227px) 100vw, 227px\" \/><\/span><\/p>\n<p style=\"text-align: center;\"><span style=\"font-size: 14pt; font-family: georgia, palatino, serif; color: #000080;\"><em>Couper les lardons en petits d\u00e9s, couper le fromage \u00e0 raclette en petits morceaux, laver et ciseler le persil. Dans un saladier, mettre le fromage, les lardons et le persil, ajouter le piment d&rsquo;Espelette, saler et poivrer.<\/em><\/span><\/p>\n<p style=\"text-align: center;\"><span style=\"font-size: 14pt; font-family: georgia, palatino, serif; color: #000080;\"><em><img loading=\"lazy\" decoding=\"async\" class=\"alignnone wp-image-41785\" src=\"http:\/\/recettes-gourmandes-de-joce.fr\/wp-content\/uploads\/2022\/01\/20220118_153605-300x225.jpg\" alt=\"\" width=\"227\" height=\"170\" srcset=\"http:\/\/recettes-gourmandes-de-joce.fr\/wp-content\/uploads\/2022\/01\/20220118_153605-300x225.jpg 300w, http:\/\/recettes-gourmandes-de-joce.fr\/wp-content\/uploads\/2022\/01\/20220118_153605-768x576.jpg 768w, http:\/\/recettes-gourmandes-de-joce.fr\/wp-content\/uploads\/2022\/01\/20220118_153605-750x563.jpg 750w, http:\/\/recettes-gourmandes-de-joce.fr\/wp-content\/uploads\/2022\/01\/20220118_153605.jpg 800w\" sizes=\"auto, (max-width: 227px) 100vw, 227px\" \/> <img loading=\"lazy\" decoding=\"async\" class=\"alignnone wp-image-41786\" src=\"http:\/\/recettes-gourmandes-de-joce.fr\/wp-content\/uploads\/2022\/01\/20220118_153624-300x225.jpg\" alt=\"\" width=\"227\" height=\"170\" srcset=\"http:\/\/recettes-gourmandes-de-joce.fr\/wp-content\/uploads\/2022\/01\/20220118_153624-300x225.jpg 300w, http:\/\/recettes-gourmandes-de-joce.fr\/wp-content\/uploads\/2022\/01\/20220118_153624-768x576.jpg 768w, http:\/\/recettes-gourmandes-de-joce.fr\/wp-content\/uploads\/2022\/01\/20220118_153624-750x563.jpg 750w, http:\/\/recettes-gourmandes-de-joce.fr\/wp-content\/uploads\/2022\/01\/20220118_153624.jpg 800w\" sizes=\"auto, (max-width: 227px) 100vw, 227px\" \/> <img loading=\"lazy\" decoding=\"async\" class=\"alignnone wp-image-41787\" src=\"http:\/\/recettes-gourmandes-de-joce.fr\/wp-content\/uploads\/2022\/01\/20220118_153644-300x225.jpg\" alt=\"\" width=\"227\" height=\"170\" srcset=\"http:\/\/recettes-gourmandes-de-joce.fr\/wp-content\/uploads\/2022\/01\/20220118_153644-300x225.jpg 300w, http:\/\/recettes-gourmandes-de-joce.fr\/wp-content\/uploads\/2022\/01\/20220118_153644-768x576.jpg 768w, http:\/\/recettes-gourmandes-de-joce.fr\/wp-content\/uploads\/2022\/01\/20220118_153644-750x563.jpg 750w, http:\/\/recettes-gourmandes-de-joce.fr\/wp-content\/uploads\/2022\/01\/20220118_153644.jpg 800w\" sizes=\"auto, (max-width: 227px) 100vw, 227px\" \/><\/em><\/span><\/p>\n<p style=\"text-align: center;\"><span style=\"font-size: 14pt; font-family: georgia, palatino, serif; color: #000080;\"><em>M\u00e9langer le tout, ajouter ensuite les 3 \u0153ufs, m\u00e9langer \u00e0 nouveau.<\/em><\/span><\/p>\n<p style=\"text-align: center;\"><span style=\"font-size: 14pt; font-family: georgia, palatino, serif; color: #000080;\"><em><img loading=\"lazy\" decoding=\"async\" class=\"alignnone wp-image-41788\" src=\"http:\/\/recettes-gourmandes-de-joce.fr\/wp-content\/uploads\/2022\/01\/20220118_153737-300x213.jpg\" alt=\"\" width=\"239\" height=\"170\" srcset=\"http:\/\/recettes-gourmandes-de-joce.fr\/wp-content\/uploads\/2022\/01\/20220118_153737-300x213.jpg 300w, http:\/\/recettes-gourmandes-de-joce.fr\/wp-content\/uploads\/2022\/01\/20220118_153737-768x546.jpg 768w, http:\/\/recettes-gourmandes-de-joce.fr\/wp-content\/uploads\/2022\/01\/20220118_153737-750x533.jpg 750w, http:\/\/recettes-gourmandes-de-joce.fr\/wp-content\/uploads\/2022\/01\/20220118_153737.jpg 800w\" sizes=\"auto, (max-width: 239px) 100vw, 239px\" \/> <img loading=\"lazy\" decoding=\"async\" class=\"alignnone wp-image-41789\" src=\"http:\/\/recettes-gourmandes-de-joce.fr\/wp-content\/uploads\/2022\/01\/20220118_153903-300x225.jpg\" alt=\"\" width=\"227\" height=\"170\" srcset=\"http:\/\/recettes-gourmandes-de-joce.fr\/wp-content\/uploads\/2022\/01\/20220118_153903-300x225.jpg 300w, http:\/\/recettes-gourmandes-de-joce.fr\/wp-content\/uploads\/2022\/01\/20220118_153903-768x576.jpg 768w, http:\/\/recettes-gourmandes-de-joce.fr\/wp-content\/uploads\/2022\/01\/20220118_153903-750x563.jpg 750w, http:\/\/recettes-gourmandes-de-joce.fr\/wp-content\/uploads\/2022\/01\/20220118_153903.jpg 800w\" sizes=\"auto, (max-width: 227px) 100vw, 227px\" \/> <img loading=\"lazy\" decoding=\"async\" class=\"alignnone wp-image-41790\" src=\"http:\/\/recettes-gourmandes-de-joce.fr\/wp-content\/uploads\/2022\/01\/20220118_154002-300x225.jpg\" alt=\"\" width=\"227\" height=\"170\" srcset=\"http:\/\/recettes-gourmandes-de-joce.fr\/wp-content\/uploads\/2022\/01\/20220118_154002-300x225.jpg 300w, http:\/\/recettes-gourmandes-de-joce.fr\/wp-content\/uploads\/2022\/01\/20220118_154002-768x576.jpg 768w, http:\/\/recettes-gourmandes-de-joce.fr\/wp-content\/uploads\/2022\/01\/20220118_154002-750x563.jpg 750w, http:\/\/recettes-gourmandes-de-joce.fr\/wp-content\/uploads\/2022\/01\/20220118_154002.jpg 800w\" sizes=\"auto, (max-width: 227px) 100vw, 227px\" \/><\/em><\/span><\/p>\n<p style=\"text-align: center;\"><span style=\"font-size: 14pt; font-family: georgia, palatino, serif; color: #000080;\"><em>Dans une po\u00eale, mettre le beurre et l&rsquo;huile d&rsquo;olive, ajouter le m\u00e9langer et mettre \u00e0 cuire en remuant continuellement jusqu&rsquo;\u00e0 la cuisson d\u00e9sir\u00e9e, les \u0153ufs doivent rester fondant et ne pas trop cuire. <\/em><\/span><\/p>\n<p style=\"text-align: center;\"><span style=\"font-size: 14pt; font-family: georgia, palatino, serif; color: #000080;\"><em><img loading=\"lazy\" decoding=\"async\" class=\"alignnone wp-image-21380\" src=\"http:\/\/recettes-gourmandes-de-joce.fr\/wp-content\/uploads\/2020\/04\/20200429_173605-300x225.jpg\" alt=\"\" width=\"226\" height=\"170\" srcset=\"http:\/\/recettes-gourmandes-de-joce.fr\/wp-content\/uploads\/2020\/04\/20200429_173605-300x225.jpg 300w, http:\/\/recettes-gourmandes-de-joce.fr\/wp-content\/uploads\/2020\/04\/20200429_173605-768x577.jpg 768w, http:\/\/recettes-gourmandes-de-joce.fr\/wp-content\/uploads\/2020\/04\/20200429_173605.jpg 800w\" sizes=\"auto, (max-width: 226px) 100vw, 226px\" \/><\/em><\/span><\/p>\n<p style=\"text-align: center;\"><span style=\"font-size: 14pt; font-family: georgia, palatino, serif; color: #000080;\"><em>Servir avec une bonne salade verte.<\/em><\/span><\/p>\n<p style=\"text-align: center;\"><span style=\"color: #000080; font-size: 14pt;\"><span style=\"font-family: georgia, palatino, serif;\"><em>Bon app\u00e9tit!<\/em><\/span><\/span><\/p>\n<p style=\"text-align: center;\"><span style=\"color: #000080;\"><img loading=\"lazy\" decoding=\"async\" class=\"alignnone wp-image-41779\" src=\"http:\/\/recettes-gourmandes-de-joce.fr\/wp-content\/uploads\/2022\/01\/20220118_154135-300x225.jpg\" alt=\"\" width=\"240\" height=\"180\" srcset=\"http:\/\/recettes-gourmandes-de-joce.fr\/wp-content\/uploads\/2022\/01\/20220118_154135-300x225.jpg 300w, http:\/\/recettes-gourmandes-de-joce.fr\/wp-content\/uploads\/2022\/01\/20220118_154135-768x576.jpg 768w, http:\/\/recettes-gourmandes-de-joce.fr\/wp-content\/uploads\/2022\/01\/20220118_154135-750x563.jpg 750w, http:\/\/recettes-gourmandes-de-joce.fr\/wp-content\/uploads\/2022\/01\/20220118_154135.jpg 800w\" sizes=\"auto, (max-width: 240px) 100vw, 240px\" \/> <img loading=\"lazy\" decoding=\"async\" class=\"alignnone wp-image-41777\" src=\"http:\/\/recettes-gourmandes-de-joce.fr\/wp-content\/uploads\/2022\/01\/20220118_154130-300x225.jpg\" alt=\"\" width=\"240\" height=\"180\" srcset=\"http:\/\/recettes-gourmandes-de-joce.fr\/wp-content\/uploads\/2022\/01\/20220118_154130-300x225.jpg 300w, http:\/\/recettes-gourmandes-de-joce.fr\/wp-content\/uploads\/2022\/01\/20220118_154130-768x576.jpg 768w, http:\/\/recettes-gourmandes-de-joce.fr\/wp-content\/uploads\/2022\/01\/20220118_154130-750x563.jpg 750w, http:\/\/recettes-gourmandes-de-joce.fr\/wp-content\/uploads\/2022\/01\/20220118_154130.jpg 800w\" sizes=\"auto, (max-width: 240px) 100vw, 240px\" \/> <img loading=\"lazy\" decoding=\"async\" class=\"alignnone wp-image-41775\" src=\"http:\/\/recettes-gourmandes-de-joce.fr\/wp-content\/uploads\/2022\/01\/20220118_154126-300x225.jpg\" alt=\"\" width=\"240\" height=\"180\" srcset=\"http:\/\/recettes-gourmandes-de-joce.fr\/wp-content\/uploads\/2022\/01\/20220118_154126-300x225.jpg 300w, http:\/\/recettes-gourmandes-de-joce.fr\/wp-content\/uploads\/2022\/01\/20220118_154126-768x576.jpg 768w, http:\/\/recettes-gourmandes-de-joce.fr\/wp-content\/uploads\/2022\/01\/20220118_154126-750x563.jpg 750w, http:\/\/recettes-gourmandes-de-joce.fr\/wp-content\/uploads\/2022\/01\/20220118_154126.jpg 800w\" sizes=\"auto, (max-width: 240px) 100vw, 240px\" \/><\/span><\/p>\n<p style=\"text-align: center;\"><span style=\"color: #000080;\"><img loading=\"lazy\" decoding=\"async\" class=\"alignnone wp-image-37354 size-full\" src=\"http:\/\/recettes-gourmandes-de-joce.fr\/wp-content\/uploads\/2021\/06\/logitech-gaming-software-14112014-121223.jpg\" alt=\"\" width=\"640\" height=\"144\" srcset=\"http:\/\/recettes-gourmandes-de-joce.fr\/wp-content\/uploads\/2021\/06\/logitech-gaming-software-14112014-121223.jpg 640w, http:\/\/recettes-gourmandes-de-joce.fr\/wp-content\/uploads\/2021\/06\/logitech-gaming-software-14112014-121223-300x68.jpg 300w\" sizes=\"auto, (max-width: 640px) 100vw, 640px\" \/><\/span><\/p>\n","protected":false},"excerpt":{"rendered":"<p>Une de mes recettes \u00a0 \u00a0 \u00a0 \u00a0 Ingr\u00e9dients pour 1 personnes 3 \u0153ufs 50 g de lardons fum\u00e9s 3 tranches de fromage \u00e0 raclette 1 c \u00e0 s de persil cisel\u00e9 2 pinc\u00e9es de piment d&rsquo;Espelette 1 morceau de beurre\u00a0 1 c \u00e0 s d&rsquo;huile d&rsquo;olive Sel et poivre Couper les lardons en petits &hellip; <\/p>\n<p><a class=\"more-link btn\" href=\"http:\/\/recettes-gourmandes-de-joce.fr\/index.php\/index\/oeufs-fromages-yaourts-laitages\/oeufs\/oeufs-brouilles-au-lardons-et-fromage-a-raclette\/\">Lire la suite<\/a><\/p>\n","protected":false},"author":2,"featured_media":86800,"parent":239,"menu_order":0,"comment_status":"open","ping_status":"closed","template":"","meta":{"footnotes":""},"class_list":["post-41791","page","type-page","status-publish","has-post-thumbnail","hentry","nodate","item-wrap"],"_links":{"self":[{"href":"http:\/\/recettes-gourmandes-de-joce.fr\/index.php\/wp-json\/wp\/v2\/pages\/41791","targetHints":{"allow":["GET"]}}],"collection":[{"href":"http:\/\/recettes-gourmandes-de-joce.fr\/index.php\/wp-json\/wp\/v2\/pages"}],"about":[{"href":"http:\/\/recettes-gourmandes-de-joce.fr\/index.php\/wp-json\/wp\/v2\/types\/page"}],"author":[{"embeddable":true,"href":"http:\/\/recettes-gourmandes-de-joce.fr\/index.php\/wp-json\/wp\/v2\/users\/2"}],"replies":[{"embeddable":true,"href":"http:\/\/recettes-gourmandes-de-joce.fr\/index.php\/wp-json\/wp\/v2\/comments?post=41791"}],"version-history":[{"count":4,"href":"http:\/\/recettes-gourmandes-de-joce.fr\/index.php\/wp-json\/wp\/v2\/pages\/41791\/revisions"}],"predecessor-version":[{"id":86801,"href":"http:\/\/recettes-gourmandes-de-joce.fr\/index.php\/wp-json\/wp\/v2\/pages\/41791\/revisions\/86801"}],"up":[{"embeddable":true,"href":"http:\/\/recettes-gourmandes-de-joce.fr\/index.php\/wp-json\/wp\/v2\/pages\/239"}],"wp:featuredmedia":[{"embeddable":true,"href":"http:\/\/recettes-gourmandes-de-joce.fr\/index.php\/wp-json\/wp\/v2\/media\/86800"}],"wp:attachment":[{"href":"http:\/\/recettes-gourmandes-de-joce.fr\/index.php\/wp-json\/wp\/v2\/media?parent=41791"}],"curies":[{"name":"wp","href":"https:\/\/api.w.org\/{rel}","templated":true}]}}