{"id":4132,"date":"2019-10-13T10:20:57","date_gmt":"2019-10-13T10:20:57","guid":{"rendered":"http:\/\/recettes-gourmandes-de-joce.fr\/?page_id=4132"},"modified":"2024-08-16T12:51:58","modified_gmt":"2024-08-16T12:51:58","slug":"kit-soupe-lentilles-corail-revue-a-ma-facon","status":"publish","type":"page","link":"http:\/\/recettes-gourmandes-de-joce.fr\/index.php\/index\/conserves-paniers-gourmands\/paniers-gourmands\/kit-soupe-lentilles-corail-revue-a-ma-facon\/","title":{"rendered":"Kit soupe lentilles corail revue \u00e0 ma fa\u00e7on."},"content":{"rendered":"<p style=\"text-align: center;\"><span style=\"color: #e54b38; font-size: medium; text-decoration: underline; font-family: georgia, palatino, serif;\"><em>D&rsquo;apr\u00e8s une id\u00e9e du blog de <a href=\"http:\/\/cricrilespetitesdouceurs.com\/2013\/12\/sos-soupe-de-lentilles-corail.html\">\u00ab\u00a0<span style=\"color: #e54b38; text-decoration: underline;\"><span style=\"color: #000080; text-decoration: underline;\">Les petites douceurs de Cricri<\/span><\/span>\u00ab\u00a0<\/a><\/em><\/span><\/p>\n<p style=\"text-align: center;\"><span style=\"color: #e54b38; font-family: georgia, palatino, serif;\"><span style=\"color: #e54b38;\"><img loading=\"lazy\" decoding=\"async\" class=\"alignnone wp-image-66369\" src=\"http:\/\/recettes-gourmandes-de-joce.fr\/wp-content\/uploads\/2024\/04\/kit-soupe-lentilles1.jpg\" alt=\"\" width=\"156\" height=\"200\" \/><\/span><\/span><\/p>\n<p style=\"text-align: center;\"><span style=\"color: #e54b38; font-size: x-large; text-decoration: underline; font-family: georgia, palatino, serif;\"><em>Ingr\u00e9dients pour 2 personnes<\/em><\/span><\/p>\n<p style=\"text-align: center;\"><img loading=\"lazy\" decoding=\"async\" class=\"alignnone wp-image-66370\" src=\"http:\/\/recettes-gourmandes-de-joce.fr\/wp-content\/uploads\/2024\/04\/kit-soupe-lentilles3.jpg\" alt=\"\" width=\"295\" height=\"200\" srcset=\"http:\/\/recettes-gourmandes-de-joce.fr\/wp-content\/uploads\/2024\/04\/kit-soupe-lentilles3.jpg 800w, http:\/\/recettes-gourmandes-de-joce.fr\/wp-content\/uploads\/2024\/04\/kit-soupe-lentilles3-768x520.jpg 768w, http:\/\/recettes-gourmandes-de-joce.fr\/wp-content\/uploads\/2024\/04\/kit-soupe-lentilles3-750x508.jpg 750w\" sizes=\"auto, (max-width: 295px) 100vw, 295px\" \/><\/p>\n<p style=\"text-align: center;\"><span style=\"font-size: large; font-family: georgia, palatino, serif;\"><em><span style=\"color: #e54b38;\">135g de lentilles corail<\/span><\/em><\/span><\/p>\n<p style=\"text-align: center;\"><span style=\"font-size: large; font-family: georgia, palatino, serif;\"><em><span style=\"color: #e54b38;\">65g de riz basmati<\/span><\/em><\/span><\/p>\n<p style=\"text-align: center;\"><span style=\"font-size: large; font-family: georgia, palatino, serif;\"><em><span style=\"color: #e54b38;\">1 bonne c \u00e0 s d&rsquo;\u00e9pices pour ratatouille -&gt; \u00c9pic\u00e9too<\/span><\/em><\/span><\/p>\n<p style=\"text-align: center;\"><span style=\"font-size: large; font-family: georgia, palatino, serif;\"><em><span style=\"color: #e54b38;\">1 c \u00e0 c de cumin en poudre -&gt; \u00c9pic\u00e9too<\/span><\/em><\/span><\/p>\n<p style=\"text-align: center;\"><span style=\"font-size: large; font-family: georgia, palatino, serif;\"><em><span style=\"color: #e54b38;\">1 c \u00e0 c de Sel<\/span><\/em><\/span><\/p>\n<p style=\"text-align: center;\"><span style=\"font-size: large; font-family: georgia, palatino, serif;\"><em><span style=\"color: #e54b38;\"> 1 c \u00e0 c de poivre\u00a0\u00a0<\/span><\/em><\/span><\/p>\n<p style=\"text-align: center;\"><img loading=\"lazy\" decoding=\"async\" class=\"alignnone wp-image-66371\" src=\"http:\/\/recettes-gourmandes-de-joce.fr\/wp-content\/uploads\/2024\/04\/kit-soupe-lentilles4.jpg\" alt=\"\" width=\"178\" height=\"200\" \/> <img loading=\"lazy\" decoding=\"async\" class=\"alignnone wp-image-66372\" src=\"http:\/\/recettes-gourmandes-de-joce.fr\/wp-content\/uploads\/2024\/04\/kit-soupe-lentilles5.jpg\" alt=\"\" width=\"150\" height=\"200\" \/> <img loading=\"lazy\" decoding=\"async\" class=\"alignnone wp-image-66368\" src=\"http:\/\/recettes-gourmandes-de-joce.fr\/wp-content\/uploads\/2024\/04\/kit-soupe-lentilles6.jpg\" alt=\"\" width=\"176\" height=\"200\" \/><\/p>\n<p style=\"text-align: center;\"><span style=\"font-family: georgia, palatino, serif;\"><em><span style=\"color: #e54b38; font-size: large;\">Dans le bocal, mettre les lentilles corail ajouter le riz, les \u00e9pices, le sel et le poivre, ajouter un cube de bouillon de volaille, fermer et \u00e9tiqueter. Joignez la recette (avec la liste des ingr\u00e9dients frais) que vous roulerez et que vous glisserez dans le ruban.<\/span><\/em><\/span><\/p>\n<p style=\"text-align: center;\"><span style=\"font-size: x-large; text-decoration: underline; font-family: georgia, palatino, serif;\"><em><span style=\"color: #e54b38; text-decoration: underline;\">La recette<\/span><\/em><\/span><\/p>\n<p style=\"text-align: center;\"><span style=\"text-decoration: underline; font-family: georgia, palatino, serif;\"><em><span style=\"color: #e54b38; font-size: large; text-decoration: underline;\">Ingr\u00e9dients frais en plus<\/span><\/em><\/span><\/p>\n<p style=\"text-align: center;\"><span style=\"font-family: georgia, palatino, serif;\"><em><span style=\"color: #e54b38; font-size: large;\">1 carotte<\/span><\/em><\/span><\/p>\n<p style=\"text-align: center;\"><span style=\"font-family: georgia, palatino, serif;\"><em><span style=\"color: #e54b38; font-size: large;\">1 petit oignon<\/span><\/em><\/span><\/p>\n<p style=\"text-align: center;\"><span style=\"font-family: georgia, palatino, serif;\"><em><span style=\"color: #e54b38; font-size: large;\">1 petite branche de c\u00e9leri<\/span><\/em><\/span><\/p>\n<p style=\"text-align: center;\"><span style=\"font-family: georgia, palatino, serif;\"><em><span style=\"color: #e54b38; font-size: large;\">1 c \u00e0\u00a0c de concentr\u00e9 de tomate<\/span><\/em><\/span><\/p>\n<p style=\"text-align: center;\"><span style=\"font-family: georgia, palatino, serif;\"><em><span style=\"color: #e54b38; font-size: large;\">2 c \u00e0 s d&rsquo;huile d&rsquo;olive<\/span><\/em><\/span><\/p>\n<p style=\"text-align: center;\"><span style=\"font-family: georgia, palatino, serif;\"><em><span style=\"color: #e54b38; font-size: large;\"><span id=\"result_box\" lang=\"fr\"><span class=\"hps\">Dissoudre le cube de bouillon de volaille dans 1 l d&rsquo;eau chaude. Faire\u00a0suer l&rsquo;oignon\u00a0pel\u00e9 et hach\u00e9\u00a0dans l&rsquo;huile d&rsquo;olive\u00a0 \u00e0 feu doux. <\/span><\/span><span lang=\"fr\"><span class=\"hps\">Ajouter la carotte et la branche coup\u00e9es en petits d\u00e9s, faire suer quelques secondes et ajouter le contenu du bocal. M\u00e9langer et laisser\u00a0mijoter en remuant \u00a01 \u00e0 2 minutes.<br \/>\nAjouter ensuite le bouillon, porter \u00e0 \u00e9bullition, r\u00e9duire le feu et laisser mijoter environ 30 \u00e0 35 minutes\u00a0le temps que <\/span><span class=\"hps\">\u00a0le<\/span> <span class=\"hps\">riz<\/span> <span class=\"hps\">et les lentilles<\/span> soient <span class=\"hps\">cuites, ajouter un peu de bouillon si besoin.<\/span> <\/span><\/span><\/em><\/span><\/p>\n<p style=\"text-align: center;\"><img loading=\"lazy\" decoding=\"async\" class=\"alignnone wp-image-66369\" src=\"http:\/\/recettes-gourmandes-de-joce.fr\/wp-content\/uploads\/2024\/04\/kit-soupe-lentilles1.jpg\" alt=\"\" width=\"156\" height=\"200\" \/><\/p>\n<p style=\"text-align: center;\"><img loading=\"lazy\" decoding=\"async\" class=\"alignnone size-full wp-image-59803\" src=\"http:\/\/recettes-gourmandes-de-joce.fr\/wp-content\/uploads\/2024\/01\/logitech-gaming-software-14112014-121223.jpg\" alt=\"\" width=\"640\" height=\"144\" \/><\/p>\n","protected":false},"excerpt":{"rendered":"<p>D&rsquo;apr\u00e8s une id\u00e9e du blog de \u00ab\u00a0Les petites douceurs de Cricri\u00ab\u00a0 Ingr\u00e9dients pour 2 personnes 135g de lentilles corail 65g de riz basmati 1 bonne c \u00e0 s d&rsquo;\u00e9pices pour ratatouille -&gt; \u00c9pic\u00e9too 1 c \u00e0 c de cumin en poudre -&gt; \u00c9pic\u00e9too 1 c \u00e0 c de Sel 1 c \u00e0 c de poivre\u00a0\u00a0 &hellip; <\/p>\n<p><a class=\"more-link btn\" href=\"http:\/\/recettes-gourmandes-de-joce.fr\/index.php\/index\/conserves-paniers-gourmands\/paniers-gourmands\/kit-soupe-lentilles-corail-revue-a-ma-facon\/\">Lire la suite<\/a><\/p>\n","protected":false},"author":2,"featured_media":66643,"parent":272,"menu_order":0,"comment_status":"open","ping_status":"closed","template":"","meta":{"footnotes":""},"class_list":["post-4132","page","type-page","status-publish","has-post-thumbnail","hentry","nodate","item-wrap"],"_links":{"self":[{"href":"http:\/\/recettes-gourmandes-de-joce.fr\/index.php\/wp-json\/wp\/v2\/pages\/4132","targetHints":{"allow":["GET"]}}],"collection":[{"href":"http:\/\/recettes-gourmandes-de-joce.fr\/index.php\/wp-json\/wp\/v2\/pages"}],"about":[{"href":"http:\/\/recettes-gourmandes-de-joce.fr\/index.php\/wp-json\/wp\/v2\/types\/page"}],"author":[{"embeddable":true,"href":"http:\/\/recettes-gourmandes-de-joce.fr\/index.php\/wp-json\/wp\/v2\/users\/2"}],"replies":[{"embeddable":true,"href":"http:\/\/recettes-gourmandes-de-joce.fr\/index.php\/wp-json\/wp\/v2\/comments?post=4132"}],"version-history":[{"count":6,"href":"http:\/\/recettes-gourmandes-de-joce.fr\/index.php\/wp-json\/wp\/v2\/pages\/4132\/revisions"}],"predecessor-version":[{"id":89582,"href":"http:\/\/recettes-gourmandes-de-joce.fr\/index.php\/wp-json\/wp\/v2\/pages\/4132\/revisions\/89582"}],"up":[{"embeddable":true,"href":"http:\/\/recettes-gourmandes-de-joce.fr\/index.php\/wp-json\/wp\/v2\/pages\/272"}],"wp:featuredmedia":[{"embeddable":true,"href":"http:\/\/recettes-gourmandes-de-joce.fr\/index.php\/wp-json\/wp\/v2\/media\/66643"}],"wp:attachment":[{"href":"http:\/\/recettes-gourmandes-de-joce.fr\/index.php\/wp-json\/wp\/v2\/media?parent=4132"}],"curies":[{"name":"wp","href":"https:\/\/api.w.org\/{rel}","templated":true}]}}