{"id":40848,"date":"2021-11-28T15:45:37","date_gmt":"2021-11-28T15:45:37","guid":{"rendered":"http:\/\/recettes-gourmandes-de-joce.fr\/?page_id=40848"},"modified":"2026-03-15T00:25:59","modified_gmt":"2026-03-15T00:25:59","slug":"coquelet-roti-au-paprika-fume-persillade-pommes-de-terre-et-carottes","status":"publish","type":"page","link":"http:\/\/recettes-gourmandes-de-joce.fr\/index.php\/index\/viandes\/volailles\/poulet-poule-poularde-coq-coquelet\/coquelet-roti-au-paprika-fume-persillade-pommes-de-terre-et-carottes\/","title":{"rendered":"Coquelet r\u00f4ti au paprika fum\u00e9, persillade, pommes de terre et carottes."},"content":{"rendered":"<p style=\"text-align: center;\"><span style=\"text-decoration: underline; color: #ff6600;\"><span style=\"font-size: 18pt; font-family: georgia, palatino, serif;\"><em>Une de mes recettes<\/em><\/span><\/span><\/p>\n<p style=\"text-align: center;\"><span style=\"color: #ff6600;\">\u00a0<img loading=\"lazy\" decoding=\"async\" class=\"alignnone wp-image-40784\" src=\"http:\/\/recettes-gourmandes-de-joce.fr\/wp-content\/uploads\/2021\/11\/20211125_195834-300x203.jpg\" alt=\"\" width=\"266\" height=\"180\" srcset=\"http:\/\/recettes-gourmandes-de-joce.fr\/wp-content\/uploads\/2021\/11\/20211125_195834-300x203.jpg 300w, http:\/\/recettes-gourmandes-de-joce.fr\/wp-content\/uploads\/2021\/11\/20211125_195834-768x519.jpg 768w, http:\/\/recettes-gourmandes-de-joce.fr\/wp-content\/uploads\/2021\/11\/20211125_195834-750x507.jpg 750w, http:\/\/recettes-gourmandes-de-joce.fr\/wp-content\/uploads\/2021\/11\/20211125_195834.jpg 800w\" sizes=\"auto, (max-width: 266px) 100vw, 266px\" \/> <img loading=\"lazy\" decoding=\"async\" class=\"alignnone wp-image-40781\" src=\"http:\/\/recettes-gourmandes-de-joce.fr\/wp-content\/uploads\/2021\/11\/20211125_195822-300x188.jpg\" alt=\"\" width=\"287\" height=\"180\" srcset=\"http:\/\/recettes-gourmandes-de-joce.fr\/wp-content\/uploads\/2021\/11\/20211125_195822-300x188.jpg 300w, http:\/\/recettes-gourmandes-de-joce.fr\/wp-content\/uploads\/2021\/11\/20211125_195822-768x482.jpg 768w, http:\/\/recettes-gourmandes-de-joce.fr\/wp-content\/uploads\/2021\/11\/20211125_195822-750x471.jpg 750w, http:\/\/recettes-gourmandes-de-joce.fr\/wp-content\/uploads\/2021\/11\/20211125_195822.jpg 800w\" sizes=\"auto, (max-width: 287px) 100vw, 287px\" \/><img loading=\"lazy\" decoding=\"async\" class=\"alignnone wp-image-40785\" src=\"http:\/\/recettes-gourmandes-de-joce.fr\/wp-content\/uploads\/2021\/11\/20211125_195838-300x192.jpg\" alt=\"\" width=\"282\" height=\"180\" srcset=\"http:\/\/recettes-gourmandes-de-joce.fr\/wp-content\/uploads\/2021\/11\/20211125_195838-300x192.jpg 300w, http:\/\/recettes-gourmandes-de-joce.fr\/wp-content\/uploads\/2021\/11\/20211125_195838-768x491.jpg 768w, http:\/\/recettes-gourmandes-de-joce.fr\/wp-content\/uploads\/2021\/11\/20211125_195838-750x479.jpg 750w, http:\/\/recettes-gourmandes-de-joce.fr\/wp-content\/uploads\/2021\/11\/20211125_195838.jpg 800w\" sizes=\"auto, (max-width: 282px) 100vw, 282px\" \/>\u00a0<\/span><\/p>\n<p style=\"text-align: center;\"><span style=\"text-decoration: underline; color: #ff6600;\"><span style=\"font-size: 18pt; font-family: georgia, palatino, serif;\"><em> Ingr\u00e9dients pour 2 personnes<\/em><\/span><\/span><\/p>\n<p style=\"text-align: center;\"><span style=\"color: #ff6600;\"><img loading=\"lazy\" decoding=\"async\" class=\"alignnone wp-image-40787\" src=\"http:\/\/recettes-gourmandes-de-joce.fr\/wp-content\/uploads\/2021\/11\/20211125_174015-300x252.jpg\" alt=\"\" width=\"238\" height=\"200\" srcset=\"http:\/\/recettes-gourmandes-de-joce.fr\/wp-content\/uploads\/2021\/11\/20211125_174015-300x252.jpg 300w, http:\/\/recettes-gourmandes-de-joce.fr\/wp-content\/uploads\/2021\/11\/20211125_174015-768x645.jpg 768w, http:\/\/recettes-gourmandes-de-joce.fr\/wp-content\/uploads\/2021\/11\/20211125_174015-750x630.jpg 750w, http:\/\/recettes-gourmandes-de-joce.fr\/wp-content\/uploads\/2021\/11\/20211125_174015.jpg 800w\" sizes=\"auto, (max-width: 238px) 100vw, 238px\" \/><\/span><\/p>\n<p style=\"text-align: center;\"><span style=\"color: #ff6600; font-size: 14pt;\"><span style=\"font-family: georgia, palatino, serif;\"><em>1 coquelet <\/em><\/span><\/span><\/p>\n<p style=\"text-align: center;\"><span style=\"color: #ff6600; font-size: 14pt;\"><span style=\"font-family: georgia, palatino, serif;\"><em>3 pommes de terre<\/em><\/span><\/span><\/p>\n<p style=\"text-align: center;\"><span style=\"color: #ff6600; font-size: 14pt;\"><span style=\"font-family: georgia, palatino, serif;\"><em> 4 carottes<\/em><\/span><\/span><\/p>\n<p style=\"text-align: center;\"><span style=\"color: #ff6600; font-size: 14pt;\"><span style=\"font-family: georgia, palatino, serif;\"><em> 1 belle \u00e9chalote<\/em><\/span><\/span><\/p>\n<p style=\"text-align: center;\"><span style=\"color: #ff6600; font-size: 14pt;\"><span style=\"font-family: georgia, palatino, serif;\"><em> 4 gousses d&rsquo;ail<\/em><\/span><\/span><\/p>\n<p style=\"text-align: center;\"><span style=\"color: #ff6600; font-size: 14pt;\"><span style=\"font-family: georgia, palatino, serif;\"><em>1 petit bouquet de persil plat <\/em><\/span><\/span><\/p>\n<p style=\"text-align: center;\"><span style=\"color: #ff6600; font-size: 14pt;\"><span style=\"font-family: georgia, palatino, serif;\"><em>1 cube de bouillon de volaille <\/em><\/span><\/span><\/p>\n<p style=\"text-align: center;\"><span style=\"color: #ff6600; font-size: 14pt;\"><span style=\"font-family: georgia, palatino, serif;\"><em>1 c \u00e0 s de paprika fum\u00e9 doux d\u00e9tails sur ce lien -&gt; \u00c9pic\u00e9too<\/em><\/span><\/span><\/p>\n<p style=\"text-align: center;\"><span style=\"color: #ff6600; font-size: 14pt;\"><span style=\"font-family: georgia, palatino, serif;\"><em>Huile d&rsquo;olive<\/em><\/span><\/span><\/p>\n<p style=\"text-align: center;\"><span style=\"color: #ff6600; font-size: 14pt;\"><span style=\"font-family: georgia, palatino, serif;\"><em> Sel et poivre <\/em><\/span><\/span><\/p>\n<p style=\"text-align: center;\"><span style=\"color: #ff6600;\"><img loading=\"lazy\" decoding=\"async\" class=\"alignnone wp-image-40788\" src=\"http:\/\/recettes-gourmandes-de-joce.fr\/wp-content\/uploads\/2021\/11\/20211125_175427-300x185.jpg\" alt=\"\" width=\"260\" height=\"160\" srcset=\"http:\/\/recettes-gourmandes-de-joce.fr\/wp-content\/uploads\/2021\/11\/20211125_175427-300x185.jpg 300w, http:\/\/recettes-gourmandes-de-joce.fr\/wp-content\/uploads\/2021\/11\/20211125_175427-768x473.jpg 768w, http:\/\/recettes-gourmandes-de-joce.fr\/wp-content\/uploads\/2021\/11\/20211125_175427-750x462.jpg 750w, http:\/\/recettes-gourmandes-de-joce.fr\/wp-content\/uploads\/2021\/11\/20211125_175427.jpg 800w\" sizes=\"auto, (max-width: 260px) 100vw, 260px\" \/><\/span><\/p>\n<p style=\"text-align: center;\"><span style=\"color: #ff6600;\"><em><span style=\"font-family: georgia, palatino, serif; font-size: 14pt;\">Peler, laver et couper les carottes en rondelles, les pommes de terre en tranches fines. Peler et \u00e9mincer l&rsquo;oignon et les gousses d&rsquo;ail d\u00e9germ\u00e9es. Laver et ciseler le persil.<\/span><\/em><\/span><\/p>\n<p style=\"text-align: center;\"><span style=\"color: #ff6600;\"><em><span style=\"font-family: georgia, palatino, serif; font-size: 14pt;\">\u00a0<img loading=\"lazy\" decoding=\"async\" class=\"alignnone wp-image-40770\" src=\"http:\/\/recettes-gourmandes-de-joce.fr\/wp-content\/uploads\/2021\/11\/20211125_175621-300x169.jpg\" alt=\"\" width=\"284\" height=\"160\" srcset=\"http:\/\/recettes-gourmandes-de-joce.fr\/wp-content\/uploads\/2021\/11\/20211125_175621-300x169.jpg 300w, http:\/\/recettes-gourmandes-de-joce.fr\/wp-content\/uploads\/2021\/11\/20211125_175621-768x432.jpg 768w, http:\/\/recettes-gourmandes-de-joce.fr\/wp-content\/uploads\/2021\/11\/20211125_175621-750x422.jpg 750w, http:\/\/recettes-gourmandes-de-joce.fr\/wp-content\/uploads\/2021\/11\/20211125_175621.jpg 800w\" sizes=\"auto, (max-width: 284px) 100vw, 284px\" \/> <img loading=\"lazy\" decoding=\"async\" class=\"alignnone wp-image-40771\" src=\"http:\/\/recettes-gourmandes-de-joce.fr\/wp-content\/uploads\/2021\/11\/20211125_175635-300x169.jpg\" alt=\"\" width=\"284\" height=\"160\" srcset=\"http:\/\/recettes-gourmandes-de-joce.fr\/wp-content\/uploads\/2021\/11\/20211125_175635-300x169.jpg 300w, http:\/\/recettes-gourmandes-de-joce.fr\/wp-content\/uploads\/2021\/11\/20211125_175635-768x432.jpg 768w, http:\/\/recettes-gourmandes-de-joce.fr\/wp-content\/uploads\/2021\/11\/20211125_175635-750x422.jpg 750w, http:\/\/recettes-gourmandes-de-joce.fr\/wp-content\/uploads\/2021\/11\/20211125_175635.jpg 800w\" sizes=\"auto, (max-width: 284px) 100vw, 284px\" \/><\/span><\/em><\/span><\/p>\n<p style=\"text-align: center;\"><span style=\"color: #ff6600;\"><em><span style=\"font-family: georgia, palatino, serif; font-size: 14pt;\">Dans un plat allant au four, mettre les pommes de terre, les carottes, les \u00e9chalotte et l&rsquo;ail, m\u00e9langer le tout.<\/span><\/em><\/span><\/p>\n<p style=\"text-align: center;\"><span style=\"color: #ff6600;\"><em><span style=\"font-family: georgia, palatino, serif; font-size: 14pt;\"><img loading=\"lazy\" decoding=\"async\" class=\"alignnone wp-image-40772\" src=\"http:\/\/recettes-gourmandes-de-joce.fr\/wp-content\/uploads\/2021\/11\/20211125_175708-300x169.jpg\" alt=\"\" width=\"284\" height=\"160\" srcset=\"http:\/\/recettes-gourmandes-de-joce.fr\/wp-content\/uploads\/2021\/11\/20211125_175708-300x169.jpg 300w, http:\/\/recettes-gourmandes-de-joce.fr\/wp-content\/uploads\/2021\/11\/20211125_175708-768x432.jpg 768w, http:\/\/recettes-gourmandes-de-joce.fr\/wp-content\/uploads\/2021\/11\/20211125_175708-750x422.jpg 750w, http:\/\/recettes-gourmandes-de-joce.fr\/wp-content\/uploads\/2021\/11\/20211125_175708.jpg 800w\" sizes=\"auto, (max-width: 284px) 100vw, 284px\" \/> <img loading=\"lazy\" decoding=\"async\" class=\"alignnone wp-image-40773\" src=\"http:\/\/recettes-gourmandes-de-joce.fr\/wp-content\/uploads\/2021\/11\/20211125_175754-300x169.jpg\" alt=\"\" width=\"284\" height=\"160\" srcset=\"http:\/\/recettes-gourmandes-de-joce.fr\/wp-content\/uploads\/2021\/11\/20211125_175754-300x169.jpg 300w, http:\/\/recettes-gourmandes-de-joce.fr\/wp-content\/uploads\/2021\/11\/20211125_175754-768x432.jpg 768w, http:\/\/recettes-gourmandes-de-joce.fr\/wp-content\/uploads\/2021\/11\/20211125_175754-750x422.jpg 750w, http:\/\/recettes-gourmandes-de-joce.fr\/wp-content\/uploads\/2021\/11\/20211125_175754.jpg 800w\" sizes=\"auto, (max-width: 284px) 100vw, 284px\" \/><\/span><\/em><\/span><\/p>\n<p style=\"text-align: center;\"><span style=\"color: #ff6600;\"><em><span style=\"font-family: georgia, palatino, serif; font-size: 14pt;\">Ajouter le persil, 1 c \u00e0 s rase de paprika, saler et poivrer, m\u00e9langer \u00e0 nouveau.<\/span><\/em><\/span><\/p>\n<p style=\"text-align: center;\"><span style=\"color: #ff6600;\"><em><span style=\"font-family: georgia, palatino, serif; font-size: 14pt;\"> <img loading=\"lazy\" decoding=\"async\" class=\"alignnone wp-image-40774\" src=\"http:\/\/recettes-gourmandes-de-joce.fr\/wp-content\/uploads\/2021\/11\/20211125_175828-300x169.jpg\" alt=\"\" width=\"284\" height=\"160\" srcset=\"http:\/\/recettes-gourmandes-de-joce.fr\/wp-content\/uploads\/2021\/11\/20211125_175828-300x169.jpg 300w, http:\/\/recettes-gourmandes-de-joce.fr\/wp-content\/uploads\/2021\/11\/20211125_175828-768x432.jpg 768w, http:\/\/recettes-gourmandes-de-joce.fr\/wp-content\/uploads\/2021\/11\/20211125_175828-750x422.jpg 750w, http:\/\/recettes-gourmandes-de-joce.fr\/wp-content\/uploads\/2021\/11\/20211125_175828.jpg 800w\" sizes=\"auto, (max-width: 284px) 100vw, 284px\" \/> <img loading=\"lazy\" decoding=\"async\" class=\"alignnone wp-image-40775\" src=\"http:\/\/recettes-gourmandes-de-joce.fr\/wp-content\/uploads\/2021\/11\/20211125_175915-300x169.jpg\" alt=\"\" width=\"284\" height=\"160\" srcset=\"http:\/\/recettes-gourmandes-de-joce.fr\/wp-content\/uploads\/2021\/11\/20211125_175915-300x169.jpg 300w, http:\/\/recettes-gourmandes-de-joce.fr\/wp-content\/uploads\/2021\/11\/20211125_175915-768x432.jpg 768w, http:\/\/recettes-gourmandes-de-joce.fr\/wp-content\/uploads\/2021\/11\/20211125_175915-750x422.jpg 750w, http:\/\/recettes-gourmandes-de-joce.fr\/wp-content\/uploads\/2021\/11\/20211125_175915.jpg 800w\" sizes=\"auto, (max-width: 284px) 100vw, 284px\" \/><\/span><\/em><\/span><\/p>\n<p style=\"text-align: center;\"><span style=\"color: #ff6600;\"><em><span style=\"font-family: georgia, palatino, serif; font-size: 14pt;\">Ajouter un filet d&rsquo;huile d&rsquo;olive et le cube de bouillon de volaille \u00e9miett\u00e9, m\u00e9langer.<\/span><\/em><\/span><\/p>\n<p style=\"text-align: center;\"><span style=\"color: #ff6600;\"><em><span style=\"font-family: georgia, palatino, serif; font-size: 14pt;\"> <img loading=\"lazy\" decoding=\"async\" class=\"alignnone wp-image-40776\" src=\"http:\/\/recettes-gourmandes-de-joce.fr\/wp-content\/uploads\/2021\/11\/20211125_180026-300x194.jpg\" alt=\"\" width=\"248\" height=\"160\" srcset=\"http:\/\/recettes-gourmandes-de-joce.fr\/wp-content\/uploads\/2021\/11\/20211125_180026-300x194.jpg 300w, http:\/\/recettes-gourmandes-de-joce.fr\/wp-content\/uploads\/2021\/11\/20211125_180026-768x495.jpg 768w, http:\/\/recettes-gourmandes-de-joce.fr\/wp-content\/uploads\/2021\/11\/20211125_180026-750x484.jpg 750w, http:\/\/recettes-gourmandes-de-joce.fr\/wp-content\/uploads\/2021\/11\/20211125_180026.jpg 800w\" sizes=\"auto, (max-width: 248px) 100vw, 248px\" \/> <img loading=\"lazy\" decoding=\"async\" class=\"alignnone wp-image-40777\" src=\"http:\/\/recettes-gourmandes-de-joce.fr\/wp-content\/uploads\/2021\/11\/20211125_180047-300x205.jpg\" alt=\"\" width=\"234\" height=\"160\" srcset=\"http:\/\/recettes-gourmandes-de-joce.fr\/wp-content\/uploads\/2021\/11\/20211125_180047-300x205.jpg 300w, http:\/\/recettes-gourmandes-de-joce.fr\/wp-content\/uploads\/2021\/11\/20211125_180047-768x524.jpg 768w, http:\/\/recettes-gourmandes-de-joce.fr\/wp-content\/uploads\/2021\/11\/20211125_180047-750x512.jpg 750w, http:\/\/recettes-gourmandes-de-joce.fr\/wp-content\/uploads\/2021\/11\/20211125_180047.jpg 800w\" sizes=\"auto, (max-width: 234px) 100vw, 234px\" \/>\u00a0<\/span><\/em><\/span><\/p>\n<p style=\"text-align: center;\"><span style=\"color: #ff6600;\"><em><span style=\"font-family: georgia, palatino, serif; font-size: 14pt;\">Verser de l&rsquo;eau chaude \u00e0 mi-hauteur des l\u00e9gumes et d\u00e9poser dessus le coquelet.<\/span><\/em><\/span><\/p>\n<p style=\"text-align: center;\"><span style=\"color: #ff6600;\"><em><span style=\"font-family: georgia, palatino, serif; font-size: 14pt;\"><img loading=\"lazy\" decoding=\"async\" class=\"alignnone wp-image-40778\" src=\"http:\/\/recettes-gourmandes-de-joce.fr\/wp-content\/uploads\/2021\/11\/20211125_180056-300x195.jpg\" alt=\"\" width=\"246\" height=\"160\" srcset=\"http:\/\/recettes-gourmandes-de-joce.fr\/wp-content\/uploads\/2021\/11\/20211125_180056-300x195.jpg 300w, http:\/\/recettes-gourmandes-de-joce.fr\/wp-content\/uploads\/2021\/11\/20211125_180056-768x500.jpg 768w, http:\/\/recettes-gourmandes-de-joce.fr\/wp-content\/uploads\/2021\/11\/20211125_180056-750x488.jpg 750w, http:\/\/recettes-gourmandes-de-joce.fr\/wp-content\/uploads\/2021\/11\/20211125_180056.jpg 800w\" sizes=\"auto, (max-width: 246px) 100vw, 246px\" \/> <img loading=\"lazy\" decoding=\"async\" class=\"alignnone wp-image-40779\" src=\"http:\/\/recettes-gourmandes-de-joce.fr\/wp-content\/uploads\/2021\/11\/20211125_180258-300x212.jpg\" alt=\"\" width=\"227\" height=\"160\" srcset=\"http:\/\/recettes-gourmandes-de-joce.fr\/wp-content\/uploads\/2021\/11\/20211125_180258-300x212.jpg 300w, http:\/\/recettes-gourmandes-de-joce.fr\/wp-content\/uploads\/2021\/11\/20211125_180258-768x542.jpg 768w, http:\/\/recettes-gourmandes-de-joce.fr\/wp-content\/uploads\/2021\/11\/20211125_180258-750x530.jpg 750w, http:\/\/recettes-gourmandes-de-joce.fr\/wp-content\/uploads\/2021\/11\/20211125_180258.jpg 800w\" sizes=\"auto, (max-width: 227px) 100vw, 227px\" \/><\/span><\/em><\/span><\/p>\n<p style=\"text-align: center;\"><span style=\"color: #ff6600;\"><em><span style=\"font-family: georgia, palatino, serif; font-size: 14pt;\">Le saler et poivrer, ajouter le reste du paprika dessus et un filet d&rsquo;huile d&rsquo;olive. Enfourner 45 minutes \u00e0 210\u00b0 environ selon les fours et la grosseur du coquelet. L&rsquo;arroser pendant la cuisson. Surveiller la coloration et la cuisson.<\/span><\/em><\/span><\/p>\n<p style=\"text-align: center;\"><span style=\"color: #ff6600; font-size: 14pt;\"><span style=\"font-family: georgia, palatino, serif;\"><em>Bon app\u00e9tit!<\/em><\/span><\/span><\/p>\n<p style=\"text-align: center;\"><span style=\"color: #ff6600;\"><img loading=\"lazy\" decoding=\"async\" class=\"alignnone wp-image-40782\" src=\"http:\/\/recettes-gourmandes-de-joce.fr\/wp-content\/uploads\/2021\/11\/20211125_195824-300x188.jpg\" alt=\"\" width=\"288\" height=\"180\" srcset=\"http:\/\/recettes-gourmandes-de-joce.fr\/wp-content\/uploads\/2021\/11\/20211125_195824-300x188.jpg 300w, http:\/\/recettes-gourmandes-de-joce.fr\/wp-content\/uploads\/2021\/11\/20211125_195824-768x480.jpg 768w, http:\/\/recettes-gourmandes-de-joce.fr\/wp-content\/uploads\/2021\/11\/20211125_195824-750x469.jpg 750w, http:\/\/recettes-gourmandes-de-joce.fr\/wp-content\/uploads\/2021\/11\/20211125_195824.jpg 800w\" sizes=\"auto, (max-width: 288px) 100vw, 288px\" \/> <img loading=\"lazy\" decoding=\"async\" class=\"alignnone wp-image-40780\" src=\"http:\/\/recettes-gourmandes-de-joce.fr\/wp-content\/uploads\/2021\/11\/20211125_195820-300x205.jpg\" alt=\"\" width=\"264\" height=\"180\" srcset=\"http:\/\/recettes-gourmandes-de-joce.fr\/wp-content\/uploads\/2021\/11\/20211125_195820-300x205.jpg 300w, http:\/\/recettes-gourmandes-de-joce.fr\/wp-content\/uploads\/2021\/11\/20211125_195820-768x524.jpg 768w, http:\/\/recettes-gourmandes-de-joce.fr\/wp-content\/uploads\/2021\/11\/20211125_195820-750x512.jpg 750w, http:\/\/recettes-gourmandes-de-joce.fr\/wp-content\/uploads\/2021\/11\/20211125_195820.jpg 800w\" sizes=\"auto, (max-width: 264px) 100vw, 264px\" \/><\/span><\/p>\n<p style=\"text-align: center;\"><span style=\"color: #ff6600;\"><img loading=\"lazy\" decoding=\"async\" class=\"alignnone wp-image-40783\" src=\"http:\/\/recettes-gourmandes-de-joce.fr\/wp-content\/uploads\/2021\/11\/20211125_195831-300x192.jpg\" alt=\"\" width=\"281\" height=\"180\" srcset=\"http:\/\/recettes-gourmandes-de-joce.fr\/wp-content\/uploads\/2021\/11\/20211125_195831-300x192.jpg 300w, http:\/\/recettes-gourmandes-de-joce.fr\/wp-content\/uploads\/2021\/11\/20211125_195831-768x492.jpg 768w, http:\/\/recettes-gourmandes-de-joce.fr\/wp-content\/uploads\/2021\/11\/20211125_195831-750x481.jpg 750w, http:\/\/recettes-gourmandes-de-joce.fr\/wp-content\/uploads\/2021\/11\/20211125_195831.jpg 800w\" sizes=\"auto, (max-width: 281px) 100vw, 281px\" \/> <img loading=\"lazy\" decoding=\"async\" class=\"alignnone wp-image-40786\" src=\"http:\/\/recettes-gourmandes-de-joce.fr\/wp-content\/uploads\/2021\/11\/20211125_195844-300x196.jpg\" alt=\"\" width=\"275\" height=\"180\" srcset=\"http:\/\/recettes-gourmandes-de-joce.fr\/wp-content\/uploads\/2021\/11\/20211125_195844-300x196.jpg 300w, http:\/\/recettes-gourmandes-de-joce.fr\/wp-content\/uploads\/2021\/11\/20211125_195844-768x502.jpg 768w, http:\/\/recettes-gourmandes-de-joce.fr\/wp-content\/uploads\/2021\/11\/20211125_195844-750x490.jpg 750w, http:\/\/recettes-gourmandes-de-joce.fr\/wp-content\/uploads\/2021\/11\/20211125_195844.jpg 800w\" sizes=\"auto, (max-width: 275px) 100vw, 275px\" \/>\u00a0<\/span><\/p>\n<p style=\"text-align: center;\"><span style=\"color: #ff6600;\"><img loading=\"lazy\" decoding=\"async\" class=\"alignnone wp-image-37354 size-full\" src=\"http:\/\/recettes-gourmandes-de-joce.fr\/wp-content\/uploads\/2021\/06\/logitech-gaming-software-14112014-121223.jpg\" alt=\"\" width=\"640\" height=\"144\" srcset=\"http:\/\/recettes-gourmandes-de-joce.fr\/wp-content\/uploads\/2021\/06\/logitech-gaming-software-14112014-121223.jpg 640w, http:\/\/recettes-gourmandes-de-joce.fr\/wp-content\/uploads\/2021\/06\/logitech-gaming-software-14112014-121223-300x68.jpg 300w\" sizes=\"auto, (max-width: 640px) 100vw, 640px\" \/><\/span><\/p>\n","protected":false},"excerpt":{"rendered":"<p>Une de mes recettes \u00a0 \u00a0 Ingr\u00e9dients pour 2 personnes 1 coquelet 3 pommes de terre 4 carottes 1 belle \u00e9chalote 4 gousses d&rsquo;ail 1 petit bouquet de persil plat 1 cube de bouillon de volaille 1 c \u00e0 s de paprika fum\u00e9 doux d\u00e9tails sur ce lien -&gt; \u00c9pic\u00e9too Huile d&rsquo;olive Sel et poivre &hellip; <\/p>\n<p><a class=\"more-link btn\" href=\"http:\/\/recettes-gourmandes-de-joce.fr\/index.php\/index\/viandes\/volailles\/poulet-poule-poularde-coq-coquelet\/coquelet-roti-au-paprika-fume-persillade-pommes-de-terre-et-carottes\/\">Lire la suite<\/a><\/p>\n","protected":false},"author":2,"featured_media":73553,"parent":99760,"menu_order":0,"comment_status":"open","ping_status":"closed","template":"","meta":{"footnotes":""},"class_list":["post-40848","page","type-page","status-publish","has-post-thumbnail","hentry","nodate","item-wrap"],"_links":{"self":[{"href":"http:\/\/recettes-gourmandes-de-joce.fr\/index.php\/wp-json\/wp\/v2\/pages\/40848","targetHints":{"allow":["GET"]}}],"collection":[{"href":"http:\/\/recettes-gourmandes-de-joce.fr\/index.php\/wp-json\/wp\/v2\/pages"}],"about":[{"href":"http:\/\/recettes-gourmandes-de-joce.fr\/index.php\/wp-json\/wp\/v2\/types\/page"}],"author":[{"embeddable":true,"href":"http:\/\/recettes-gourmandes-de-joce.fr\/index.php\/wp-json\/wp\/v2\/users\/2"}],"replies":[{"embeddable":true,"href":"http:\/\/recettes-gourmandes-de-joce.fr\/index.php\/wp-json\/wp\/v2\/comments?post=40848"}],"version-history":[{"count":3,"href":"http:\/\/recettes-gourmandes-de-joce.fr\/index.php\/wp-json\/wp\/v2\/pages\/40848\/revisions"}],"predecessor-version":[{"id":88775,"href":"http:\/\/recettes-gourmandes-de-joce.fr\/index.php\/wp-json\/wp\/v2\/pages\/40848\/revisions\/88775"}],"up":[{"embeddable":true,"href":"http:\/\/recettes-gourmandes-de-joce.fr\/index.php\/wp-json\/wp\/v2\/pages\/99760"}],"wp:featuredmedia":[{"embeddable":true,"href":"http:\/\/recettes-gourmandes-de-joce.fr\/index.php\/wp-json\/wp\/v2\/media\/73553"}],"wp:attachment":[{"href":"http:\/\/recettes-gourmandes-de-joce.fr\/index.php\/wp-json\/wp\/v2\/media?parent=40848"}],"curies":[{"name":"wp","href":"https:\/\/api.w.org\/{rel}","templated":true}]}}