{"id":4043,"date":"2019-10-10T22:55:50","date_gmt":"2019-10-10T22:55:50","guid":{"rendered":"http:\/\/recettes-gourmandes-de-joce.fr\/?page_id=4043"},"modified":"2025-03-25T10:06:07","modified_gmt":"2025-03-25T10:06:07","slug":"macaroni-au-boursin-poivron-et-oignons","status":"publish","type":"page","link":"http:\/\/recettes-gourmandes-de-joce.fr\/index.php\/index\/legumes\/pates\/macaroni-au-boursin-poivron-et-oignons\/","title":{"rendered":"Macaroni au Boursin, poivron et oignons."},"content":{"rendered":"<p style=\"text-align: center;\"><em><span style=\"color: #008000;\"><span style=\"font-family: georgia,serif;\"><span style=\"text-decoration: underline;\"><span style=\"font-size: x-large;\">Une de mes recettes<\/span><\/span><\/span><\/span><\/em><\/p>\n<p style=\"text-align: center;\">\u00a0<img loading=\"lazy\" decoding=\"async\" class=\"alignnone wp-image-67260\" src=\"http:\/\/recettes-gourmandes-de-joce.fr\/wp-content\/uploads\/2024\/04\/macaroni-boursin17.jpg\" alt=\"\" width=\"240\" height=\"180\" srcset=\"http:\/\/recettes-gourmandes-de-joce.fr\/wp-content\/uploads\/2024\/04\/macaroni-boursin17.jpg 800w, http:\/\/recettes-gourmandes-de-joce.fr\/wp-content\/uploads\/2024\/04\/macaroni-boursin17-768x576.jpg 768w, http:\/\/recettes-gourmandes-de-joce.fr\/wp-content\/uploads\/2024\/04\/macaroni-boursin17-750x563.jpg 750w\" sizes=\"auto, (max-width: 240px) 100vw, 240px\" \/> <img loading=\"lazy\" decoding=\"async\" class=\"alignnone wp-image-67263\" src=\"http:\/\/recettes-gourmandes-de-joce.fr\/wp-content\/uploads\/2024\/04\/macaroni-boursin3.jpg\" alt=\"\" width=\"240\" height=\"180\" srcset=\"http:\/\/recettes-gourmandes-de-joce.fr\/wp-content\/uploads\/2024\/04\/macaroni-boursin3.jpg 800w, http:\/\/recettes-gourmandes-de-joce.fr\/wp-content\/uploads\/2024\/04\/macaroni-boursin3-768x576.jpg 768w, http:\/\/recettes-gourmandes-de-joce.fr\/wp-content\/uploads\/2024\/04\/macaroni-boursin3-750x563.jpg 750w\" sizes=\"auto, (max-width: 240px) 100vw, 240px\" \/> <img loading=\"lazy\" decoding=\"async\" class=\"alignnone wp-image-67261\" src=\"http:\/\/recettes-gourmandes-de-joce.fr\/wp-content\/uploads\/2024\/04\/macaroni-boursin1.jpg\" alt=\"\" width=\"240\" height=\"180\" srcset=\"http:\/\/recettes-gourmandes-de-joce.fr\/wp-content\/uploads\/2024\/04\/macaroni-boursin1.jpg 800w, http:\/\/recettes-gourmandes-de-joce.fr\/wp-content\/uploads\/2024\/04\/macaroni-boursin1-768x576.jpg 768w, http:\/\/recettes-gourmandes-de-joce.fr\/wp-content\/uploads\/2024\/04\/macaroni-boursin1-750x563.jpg 750w\" sizes=\"auto, (max-width: 240px) 100vw, 240px\" \/><\/p>\n<p style=\"text-align: center;\"><em><span style=\"color: #008000;\"><span style=\"font-family: georgia,serif;\"><span style=\"font-size: x-large; text-decoration: underline;\">Ingr\u00e9dients pour 2 personnes<\/span><\/span><\/span><\/em><\/p>\n<p style=\"text-align: center;\"><img loading=\"lazy\" decoding=\"async\" class=\"alignnone wp-image-67264\" src=\"http:\/\/recettes-gourmandes-de-joce.fr\/wp-content\/uploads\/2024\/04\/macaroni-boursin4.jpg\" alt=\"\" width=\"313\" height=\"200\" srcset=\"http:\/\/recettes-gourmandes-de-joce.fr\/wp-content\/uploads\/2024\/04\/macaroni-boursin4.jpg 800w, http:\/\/recettes-gourmandes-de-joce.fr\/wp-content\/uploads\/2024\/04\/macaroni-boursin4-768x492.jpg 768w, http:\/\/recettes-gourmandes-de-joce.fr\/wp-content\/uploads\/2024\/04\/macaroni-boursin4-750x480.jpg 750w\" sizes=\"auto, (max-width: 313px) 100vw, 313px\" \/><\/p>\n<p style=\"text-align: center;\"><em><span style=\"color: #008000;\"><span style=\"font-family: georgia,serif;\"><span style=\"font-size: large;\">300 g de macaroni j&rsquo;ai mis un reste de fusilli avec\u00a0<\/span><\/span><\/span><\/em><\/p>\n<p style=\"text-align: center;\"><em><span style=\"color: #008000;\"><span style=\"font-family: georgia,serif;\"><span style=\"font-size: large;\">1 reste d&rsquo;escalope de poulet cuite<\/span><\/span><\/span><\/em><\/p>\n<p style=\"text-align: center;\"><em><span style=\"color: #008000;\"><span style=\"font-family: georgia,serif;\"><span style=\"font-size: large;\">\u00bd poivron jaune<\/span><\/span><\/span><\/em><\/p>\n<p style=\"text-align: center;\"><em><span style=\"color: #008000;\"><span style=\"font-family: georgia,serif;\"><span style=\"font-size: large;\">1 oignon<\/span><\/span><\/span><\/em><\/p>\n<p style=\"text-align: center;\"><em><span style=\"font-family: georgia,serif;\"><span style=\"font-size: large;\"><span style=\"color: #008000;\">1 c \u00e0 s de persillade -&gt; <\/span><span style=\"color: #ff6600;\">\u00c9pic\u00e9too<\/span><\/span><\/span><\/em><\/p>\n<p style=\"text-align: center;\"><em><span style=\"color: #008000;\"><span style=\"font-family: georgia,serif;\"><span style=\"font-size: large;\">1 kub&rsquo;or<\/span><\/span><\/span><\/em><\/p>\n<p style=\"text-align: center;\"><em><span style=\"color: #008000;\"><span style=\"font-family: georgia,serif;\"><span style=\"font-size: large;\">\u00be d&rsquo;un Boursin \u00e9chalote\/ciboulette<\/span><\/span><\/span><\/em><\/p>\n<p style=\"text-align: center;\"><em><span style=\"color: #008000;\"><span style=\"font-family: georgia,serif;\"><span style=\"font-size: large;\">3 c \u00e0 s d&rsquo;eau<\/span><\/span><\/span><\/em><\/p>\n<p style=\"text-align: center;\"><em><span style=\"color: #008000;\"><span style=\"font-family: georgia,serif;\"><span style=\"font-size: large;\">Huile d&rsquo;olive<\/span><\/span><\/span><\/em><\/p>\n<p style=\"text-align: center;\"><em><span style=\"color: #008000;\"><span style=\"font-family: georgia,serif;\"><span style=\"font-size: large;\">Sel et poivre\u00a0<\/span><\/span><\/span><\/em><\/p>\n<p style=\"text-align: center;\"><em><span style=\"color: #008000;\"><span style=\"font-family: georgia,serif;\"><span style=\"font-size: large;\">Je n&rsquo;ai pas utilis\u00e9 de cr\u00e8me contrairement \u00e0 la photo mais du Boursin<\/span><\/span><\/span><\/em><\/p>\n<p style=\"text-align: center;\"><img loading=\"lazy\" decoding=\"async\" class=\"alignnone wp-image-67268\" src=\"http:\/\/recettes-gourmandes-de-joce.fr\/wp-content\/uploads\/2024\/04\/macaroni-crevettes8.jpg\" alt=\"\" width=\"209\" height=\"170\" srcset=\"http:\/\/recettes-gourmandes-de-joce.fr\/wp-content\/uploads\/2024\/04\/macaroni-crevettes8.jpg 1024w, http:\/\/recettes-gourmandes-de-joce.fr\/wp-content\/uploads\/2024\/04\/macaroni-crevettes8-768x626.jpg 768w, http:\/\/recettes-gourmandes-de-joce.fr\/wp-content\/uploads\/2024\/04\/macaroni-crevettes8-750x611.jpg 750w\" sizes=\"auto, (max-width: 209px) 100vw, 209px\" \/> <img loading=\"lazy\" decoding=\"async\" class=\"alignnone wp-image-67265\" src=\"http:\/\/recettes-gourmandes-de-joce.fr\/wp-content\/uploads\/2024\/04\/macaroni-boursin5.jpg\" alt=\"\" width=\"206\" height=\"170\" srcset=\"http:\/\/recettes-gourmandes-de-joce.fr\/wp-content\/uploads\/2024\/04\/macaroni-boursin5.jpg 800w, http:\/\/recettes-gourmandes-de-joce.fr\/wp-content\/uploads\/2024\/04\/macaroni-boursin5-768x635.jpg 768w, http:\/\/recettes-gourmandes-de-joce.fr\/wp-content\/uploads\/2024\/04\/macaroni-boursin5-750x620.jpg 750w\" sizes=\"auto, (max-width: 206px) 100vw, 206px\" \/>\u00a0<img loading=\"lazy\" decoding=\"async\" class=\"alignnone wp-image-67267\" src=\"http:\/\/recettes-gourmandes-de-joce.fr\/wp-content\/uploads\/2024\/04\/macaroni-boursin7.jpg\" alt=\"\" width=\"205\" height=\"170\" srcset=\"http:\/\/recettes-gourmandes-de-joce.fr\/wp-content\/uploads\/2024\/04\/macaroni-boursin7.jpg 800w, http:\/\/recettes-gourmandes-de-joce.fr\/wp-content\/uploads\/2024\/04\/macaroni-boursin7-768x637.jpg 768w, http:\/\/recettes-gourmandes-de-joce.fr\/wp-content\/uploads\/2024\/04\/macaroni-boursin7-750x623.jpg 750w\" sizes=\"auto, (max-width: 205px) 100vw, 205px\" \/><\/p>\n<p style=\"text-align: center;\"><em><span style=\"color: #008000;\"><span style=\"font-family: georgia,serif;\"><span style=\"font-size: large;\">\u00a0Mettre les p\u00e2tes \u00e0 cuire dans une marmite d&rsquo;eau sal\u00e9e \u00e0 \u00e9bullition avec le kub&rsquo;or selon le temps indiqu\u00e9 sur le paquet et selon vs go\u00fbts.\u00a0<\/span><\/span><\/span><\/em><\/p>\n<p style=\"text-align: center;\"><img loading=\"lazy\" decoding=\"async\" class=\"alignnone wp-image-67266\" src=\"http:\/\/recettes-gourmandes-de-joce.fr\/wp-content\/uploads\/2024\/04\/macaroni-boursin6.jpg\" alt=\"\" width=\"227\" height=\"170\" srcset=\"http:\/\/recettes-gourmandes-de-joce.fr\/wp-content\/uploads\/2024\/04\/macaroni-boursin6.jpg 800w, http:\/\/recettes-gourmandes-de-joce.fr\/wp-content\/uploads\/2024\/04\/macaroni-boursin6-768x576.jpg 768w, http:\/\/recettes-gourmandes-de-joce.fr\/wp-content\/uploads\/2024\/04\/macaroni-boursin6-750x563.jpg 750w\" sizes=\"auto, (max-width: 227px) 100vw, 227px\" \/> <img loading=\"lazy\" decoding=\"async\" class=\"alignnone wp-image-67251\" src=\"http:\/\/recettes-gourmandes-de-joce.fr\/wp-content\/uploads\/2024\/04\/macaroni-boursin8.jpg\" alt=\"\" width=\"189\" height=\"170\" srcset=\"http:\/\/recettes-gourmandes-de-joce.fr\/wp-content\/uploads\/2024\/04\/macaroni-boursin8.jpg 800w, http:\/\/recettes-gourmandes-de-joce.fr\/wp-content\/uploads\/2024\/04\/macaroni-boursin8-768x692.jpg 768w, http:\/\/recettes-gourmandes-de-joce.fr\/wp-content\/uploads\/2024\/04\/macaroni-boursin8-750x676.jpg 750w\" sizes=\"auto, (max-width: 189px) 100vw, 189px\" \/> <img loading=\"lazy\" decoding=\"async\" class=\"alignnone wp-image-67473\" src=\"http:\/\/recettes-gourmandes-de-joce.fr\/wp-content\/uploads\/2024\/04\/macaronis-chorizo6.jpg\" alt=\"\" width=\"227\" height=\"170\" srcset=\"http:\/\/recettes-gourmandes-de-joce.fr\/wp-content\/uploads\/2024\/04\/macaronis-chorizo6.jpg 800w, http:\/\/recettes-gourmandes-de-joce.fr\/wp-content\/uploads\/2024\/04\/macaronis-chorizo6-768x576.jpg 768w, http:\/\/recettes-gourmandes-de-joce.fr\/wp-content\/uploads\/2024\/04\/macaronis-chorizo6-750x563.jpg 750w\" sizes=\"auto, (max-width: 227px) 100vw, 227px\" \/><\/p>\n<p style=\"text-align: center;\"><em><span style=\"color: #008000;\"><span style=\"font-family: georgia,serif;\"><span style=\"font-size: large;\">Couper le poulet en petits d\u00e9s, peler et \u00e9mincer l&rsquo;oignon. <\/span><\/span><\/span><\/em><em><span style=\"color: #008000;\"><span style=\"font-family: georgia,serif;\"><span style=\"font-size: large;\">Couper le poivron en petits d\u00e9s. Dans une po\u00eale mettre un filet d&rsquo;huile d&rsquo;olive \u00e0 chauffer.<\/span><\/span><\/span><\/em><\/p>\n<p style=\"text-align: center;\"><img loading=\"lazy\" decoding=\"async\" class=\"alignnone wp-image-67252\" src=\"http:\/\/recettes-gourmandes-de-joce.fr\/wp-content\/uploads\/2024\/04\/macaroni-boursin9.jpg\" alt=\"\" width=\"227\" height=\"170\" srcset=\"http:\/\/recettes-gourmandes-de-joce.fr\/wp-content\/uploads\/2024\/04\/macaroni-boursin9.jpg 800w, http:\/\/recettes-gourmandes-de-joce.fr\/wp-content\/uploads\/2024\/04\/macaroni-boursin9-768x576.jpg 768w, http:\/\/recettes-gourmandes-de-joce.fr\/wp-content\/uploads\/2024\/04\/macaroni-boursin9-750x563.jpg 750w\" sizes=\"auto, (max-width: 227px) 100vw, 227px\" \/> <img loading=\"lazy\" decoding=\"async\" class=\"alignnone wp-image-67253\" src=\"http:\/\/recettes-gourmandes-de-joce.fr\/wp-content\/uploads\/2024\/04\/macaroni-boursin10.jpg\" alt=\"\" width=\"227\" height=\"170\" srcset=\"http:\/\/recettes-gourmandes-de-joce.fr\/wp-content\/uploads\/2024\/04\/macaroni-boursin10.jpg 800w, http:\/\/recettes-gourmandes-de-joce.fr\/wp-content\/uploads\/2024\/04\/macaroni-boursin10-768x576.jpg 768w, http:\/\/recettes-gourmandes-de-joce.fr\/wp-content\/uploads\/2024\/04\/macaroni-boursin10-750x563.jpg 750w\" sizes=\"auto, (max-width: 227px) 100vw, 227px\" \/> <img loading=\"lazy\" decoding=\"async\" class=\"alignnone wp-image-67254\" src=\"http:\/\/recettes-gourmandes-de-joce.fr\/wp-content\/uploads\/2024\/04\/macaroni-boursin11.jpg\" alt=\"\" width=\"227\" height=\"170\" srcset=\"http:\/\/recettes-gourmandes-de-joce.fr\/wp-content\/uploads\/2024\/04\/macaroni-boursin11.jpg 800w, http:\/\/recettes-gourmandes-de-joce.fr\/wp-content\/uploads\/2024\/04\/macaroni-boursin11-768x576.jpg 768w, http:\/\/recettes-gourmandes-de-joce.fr\/wp-content\/uploads\/2024\/04\/macaroni-boursin11-750x563.jpg 750w\" sizes=\"auto, (max-width: 227px) 100vw, 227px\" \/><\/p>\n<p style=\"text-align: center;\"><em><span style=\"color: #008000;\"><span style=\"font-family: georgia,serif;\"><span style=\"font-size: large;\">Ajouter le poulet, les oignons et les poivrons \u00e0 suer, saler et poivrer et remuer r\u00e9guli\u00e8rement. Lorsque les oignons deviennent tendres, ajouter la persillade, m\u00e9langer <\/span><\/span><\/span><\/em><em><span style=\"color: #008000;\"><span style=\"font-family: georgia,serif;\"><span style=\"font-size: large;\">\u00a0Ajouter le Boursin, m\u00e9langer.\u00a0<\/span><\/span><\/span><\/em><\/p>\n<p style=\"text-align: center;\">\u00a0<img loading=\"lazy\" decoding=\"async\" class=\"alignnone wp-image-67255\" src=\"http:\/\/recettes-gourmandes-de-joce.fr\/wp-content\/uploads\/2024\/04\/macaroni-boursin12.jpg\" alt=\"\" width=\"197\" height=\"170\" srcset=\"http:\/\/recettes-gourmandes-de-joce.fr\/wp-content\/uploads\/2024\/04\/macaroni-boursin12.jpg 800w, http:\/\/recettes-gourmandes-de-joce.fr\/wp-content\/uploads\/2024\/04\/macaroni-boursin12-768x662.jpg 768w, http:\/\/recettes-gourmandes-de-joce.fr\/wp-content\/uploads\/2024\/04\/macaroni-boursin12-750x647.jpg 750w\" sizes=\"auto, (max-width: 197px) 100vw, 197px\" \/> <img loading=\"lazy\" decoding=\"async\" class=\"alignnone wp-image-67257\" src=\"http:\/\/recettes-gourmandes-de-joce.fr\/wp-content\/uploads\/2024\/04\/macaroni-boursin14.jpg\" alt=\"\" width=\"227\" height=\"170\" srcset=\"http:\/\/recettes-gourmandes-de-joce.fr\/wp-content\/uploads\/2024\/04\/macaroni-boursin14.jpg 800w, http:\/\/recettes-gourmandes-de-joce.fr\/wp-content\/uploads\/2024\/04\/macaroni-boursin14-768x576.jpg 768w, http:\/\/recettes-gourmandes-de-joce.fr\/wp-content\/uploads\/2024\/04\/macaroni-boursin14-750x563.jpg 750w\" sizes=\"auto, (max-width: 227px) 100vw, 227px\" \/> <img loading=\"lazy\" decoding=\"async\" class=\"alignnone wp-image-67256\" src=\"http:\/\/recettes-gourmandes-de-joce.fr\/wp-content\/uploads\/2024\/04\/macaroni-boursin13.jpg\" alt=\"\" width=\"227\" height=\"170\" srcset=\"http:\/\/recettes-gourmandes-de-joce.fr\/wp-content\/uploads\/2024\/04\/macaroni-boursin13.jpg 800w, http:\/\/recettes-gourmandes-de-joce.fr\/wp-content\/uploads\/2024\/04\/macaroni-boursin13-768x576.jpg 768w, http:\/\/recettes-gourmandes-de-joce.fr\/wp-content\/uploads\/2024\/04\/macaroni-boursin13-750x563.jpg 750w\" sizes=\"auto, (max-width: 227px) 100vw, 227px\" \/><\/p>\n<p style=\"text-align: center;\"><em><span style=\"color: #008000;\"><span style=\"font-family: georgia,serif;\"><span style=\"font-size: large;\">Ajouter l&rsquo;eau, bien m\u00e9langer, poivrer et saler, m\u00e9langer et r\u00e9server au chaud. <\/span><\/span><\/span><\/em><em><span style=\"color: #008000;\"><span style=\"font-family: georgia,serif;\"><span style=\"font-size: large;\">\u00c9goutter les p\u00e2tes, leurs ajouter la garniture et servir imm\u00e9diatement.<\/span><\/span><\/span><\/em><\/p>\n<p style=\"text-align: center;\"><em><span style=\"color: #008000;\"><span style=\"font-family: georgia,serif;\"><span style=\"font-size: large;\">Bon app\u00e9tit!<\/span><\/span><\/span><\/em><\/p>\n<p style=\"text-align: center;\"><img loading=\"lazy\" decoding=\"async\" class=\"alignnone wp-image-67262\" src=\"http:\/\/recettes-gourmandes-de-joce.fr\/wp-content\/uploads\/2024\/04\/macaroni-boursin2.jpg\" alt=\"\" width=\"240\" height=\"180\" srcset=\"http:\/\/recettes-gourmandes-de-joce.fr\/wp-content\/uploads\/2024\/04\/macaroni-boursin2.jpg 800w, http:\/\/recettes-gourmandes-de-joce.fr\/wp-content\/uploads\/2024\/04\/macaroni-boursin2-768x576.jpg 768w, http:\/\/recettes-gourmandes-de-joce.fr\/wp-content\/uploads\/2024\/04\/macaroni-boursin2-750x563.jpg 750w\" sizes=\"auto, (max-width: 240px) 100vw, 240px\" \/> <img loading=\"lazy\" decoding=\"async\" class=\"alignnone wp-image-67259\" src=\"http:\/\/recettes-gourmandes-de-joce.fr\/wp-content\/uploads\/2024\/04\/macaroni-boursin16.jpg\" alt=\"\" width=\"240\" height=\"180\" srcset=\"http:\/\/recettes-gourmandes-de-joce.fr\/wp-content\/uploads\/2024\/04\/macaroni-boursin16.jpg 800w, http:\/\/recettes-gourmandes-de-joce.fr\/wp-content\/uploads\/2024\/04\/macaroni-boursin16-768x576.jpg 768w, http:\/\/recettes-gourmandes-de-joce.fr\/wp-content\/uploads\/2024\/04\/macaroni-boursin16-750x563.jpg 750w\" sizes=\"auto, (max-width: 240px) 100vw, 240px\" \/> <img loading=\"lazy\" decoding=\"async\" class=\"alignnone wp-image-67258\" src=\"http:\/\/recettes-gourmandes-de-joce.fr\/wp-content\/uploads\/2024\/04\/macaroni-boursin15.jpg\" alt=\"\" width=\"240\" height=\"180\" srcset=\"http:\/\/recettes-gourmandes-de-joce.fr\/wp-content\/uploads\/2024\/04\/macaroni-boursin15.jpg 800w, http:\/\/recettes-gourmandes-de-joce.fr\/wp-content\/uploads\/2024\/04\/macaroni-boursin15-768x576.jpg 768w, http:\/\/recettes-gourmandes-de-joce.fr\/wp-content\/uploads\/2024\/04\/macaroni-boursin15-750x563.jpg 750w\" sizes=\"auto, (max-width: 240px) 100vw, 240px\" \/><\/p>\n<p style=\"text-align: center;\"><img loading=\"lazy\" decoding=\"async\" class=\"alignnone size-full wp-image-59803\" src=\"http:\/\/recettes-gourmandes-de-joce.fr\/wp-content\/uploads\/2024\/01\/logitech-gaming-software-14112014-121223.jpg\" alt=\"\" width=\"640\" height=\"144\" \/><\/p>\n<h3>Commentaires\u00a0<small>(2)<\/small><\/h3>\n<div class=\"items-container\">\n<div class=\"item item-comment media\">\n<div class=\"pull-left\">\n<p>&nbsp;<\/p>\n<p><img decoding=\"async\" class=\"media-object\" src=\"https:\/\/www.gravatar.com\/avatar\/98f5bc9c8facc4b186a5cf8d6d595ba8?d=https%3A%2F%2Fwww.recettes-gourmandes-de-joce.com%2Fmedias%2Fstatic%2Fmanager%2Fim%2Favatar.png?s=50&amp;d=mm\" alt=\"Joelle TOBALDI-BOLTZ\" width=\"50\" \/><\/p>\n<\/div>\n<div class=\"media-body\">\n<ul class=\"inline item-infos\">\n<li><span class=\"comment-number\">1.<\/span>\u00a0<span class=\"comment-author\"><strong>Joelle TOBALDI-BOLTZ<\/strong><\/span>\u00a0<span class=\"comment-date\">| 24\/01\/2018<\/span><\/li>\n<\/ul>\n<div class=\"comment-content\">Quelle bonne id\u00e9e<\/div>\n<div class=\"item item-comment media by-webmaster\">\n<div class=\"pull-left\">\n<p>&nbsp;<\/p>\n<\/div>\n<div class=\"media-body\">\n<ul class=\"inline item-infos\">\n<li><span class=\"comment-author\"><strong>jocelyne debon<\/strong>\u00a0(<a rel=\"nofollow\">site web<\/a>)<\/span>\u00a0<span class=\"comment-date\">| 24\/01\/2018<\/span><\/li>\n<\/ul>\n<div class=\"comment-content\">Merci<\/div>\n<div class=\"comment-content\">Au plaisir<\/div>\n<div class=\"comment-content\">Amicalement Joce<\/div>\n<\/div>\n<\/div>\n<\/div>\n<\/div>\n<\/div>\n","protected":false},"excerpt":{"rendered":"<p>Une de mes recettes \u00a0 Ingr\u00e9dients pour 2 personnes 300 g de macaroni j&rsquo;ai mis un reste de fusilli avec\u00a0 1 reste d&rsquo;escalope de poulet cuite \u00bd poivron jaune 1 oignon 1 c \u00e0 s de persillade -&gt; \u00c9pic\u00e9too 1 kub&rsquo;or \u00be d&rsquo;un Boursin \u00e9chalote\/ciboulette 3 c \u00e0 s d&rsquo;eau Huile d&rsquo;olive Sel et poivre\u00a0 &hellip; <\/p>\n<p><a class=\"more-link btn\" href=\"http:\/\/recettes-gourmandes-de-joce.fr\/index.php\/index\/legumes\/pates\/macaroni-au-boursin-poivron-et-oignons\/\">Lire la suite<\/a><\/p>\n","protected":false},"author":2,"featured_media":67260,"parent":160,"menu_order":0,"comment_status":"open","ping_status":"closed","template":"","meta":{"footnotes":""},"class_list":["post-4043","page","type-page","status-publish","has-post-thumbnail","hentry","nodate","item-wrap"],"_links":{"self":[{"href":"http:\/\/recettes-gourmandes-de-joce.fr\/index.php\/wp-json\/wp\/v2\/pages\/4043","targetHints":{"allow":["GET"]}}],"collection":[{"href":"http:\/\/recettes-gourmandes-de-joce.fr\/index.php\/wp-json\/wp\/v2\/pages"}],"about":[{"href":"http:\/\/recettes-gourmandes-de-joce.fr\/index.php\/wp-json\/wp\/v2\/types\/page"}],"author":[{"embeddable":true,"href":"http:\/\/recettes-gourmandes-de-joce.fr\/index.php\/wp-json\/wp\/v2\/users\/2"}],"replies":[{"embeddable":true,"href":"http:\/\/recettes-gourmandes-de-joce.fr\/index.php\/wp-json\/wp\/v2\/comments?post=4043"}],"version-history":[{"count":6,"href":"http:\/\/recettes-gourmandes-de-joce.fr\/index.php\/wp-json\/wp\/v2\/pages\/4043\/revisions"}],"predecessor-version":[{"id":94059,"href":"http:\/\/recettes-gourmandes-de-joce.fr\/index.php\/wp-json\/wp\/v2\/pages\/4043\/revisions\/94059"}],"up":[{"embeddable":true,"href":"http:\/\/recettes-gourmandes-de-joce.fr\/index.php\/wp-json\/wp\/v2\/pages\/160"}],"wp:featuredmedia":[{"embeddable":true,"href":"http:\/\/recettes-gourmandes-de-joce.fr\/index.php\/wp-json\/wp\/v2\/media\/67260"}],"wp:attachment":[{"href":"http:\/\/recettes-gourmandes-de-joce.fr\/index.php\/wp-json\/wp\/v2\/media?parent=4043"}],"curies":[{"name":"wp","href":"https:\/\/api.w.org\/{rel}","templated":true}]}}