{"id":40336,"date":"2021-10-28T11:20:24","date_gmt":"2021-10-28T11:20:24","guid":{"rendered":"http:\/\/recettes-gourmandes-de-joce.fr\/?page_id=40336"},"modified":"2025-11-11T00:05:04","modified_gmt":"2025-11-11T00:05:04","slug":"plumer-et-vider-une-palombe-ou-un-pigeon","status":"publish","type":"page","link":"http:\/\/recettes-gourmandes-de-joce.fr\/index.php\/index\/viandes\/decoupes-viandes-volailles\/plumer-et-vider-une-palombe-ou-un-pigeon\/","title":{"rendered":"Plumer et vider une palombe ou un pigeon."},"content":{"rendered":"<p style=\"text-align: center;\"><span style=\"color: #666699;\"><img loading=\"lazy\" decoding=\"async\" class=\"alignnone wp-image-40324\" src=\"http:\/\/recettes-gourmandes-de-joce.fr\/wp-content\/uploads\/2021\/10\/20211028_103528-300x213.jpg\" alt=\"\" width=\"268\" height=\"190\" srcset=\"http:\/\/recettes-gourmandes-de-joce.fr\/wp-content\/uploads\/2021\/10\/20211028_103528-300x213.jpg 300w, http:\/\/recettes-gourmandes-de-joce.fr\/wp-content\/uploads\/2021\/10\/20211028_103528-768x544.jpg 768w, http:\/\/recettes-gourmandes-de-joce.fr\/wp-content\/uploads\/2021\/10\/20211028_103528-750x532.jpg 750w, http:\/\/recettes-gourmandes-de-joce.fr\/wp-content\/uploads\/2021\/10\/20211028_103528.jpg 800w\" sizes=\"auto, (max-width: 268px) 100vw, 268px\" \/> <img loading=\"lazy\" decoding=\"async\" class=\"alignnone wp-image-40337\" src=\"http:\/\/recettes-gourmandes-de-joce.fr\/wp-content\/uploads\/2021\/10\/20211028_105403-001-300x180.jpg\" alt=\"\" width=\"316\" height=\"190\" srcset=\"http:\/\/recettes-gourmandes-de-joce.fr\/wp-content\/uploads\/2021\/10\/20211028_105403-001-300x180.jpg 300w, http:\/\/recettes-gourmandes-de-joce.fr\/wp-content\/uploads\/2021\/10\/20211028_105403-001-768x462.jpg 768w, http:\/\/recettes-gourmandes-de-joce.fr\/wp-content\/uploads\/2021\/10\/20211028_105403-001-750x451.jpg 750w, http:\/\/recettes-gourmandes-de-joce.fr\/wp-content\/uploads\/2021\/10\/20211028_105403-001.jpg 800w\" sizes=\"auto, (max-width: 316px) 100vw, 316px\" \/><\/span><\/p>\n<p style=\"text-align: center;\"><img loading=\"lazy\" decoding=\"async\" class=\"alignnone wp-image-40338\" src=\"http:\/\/recettes-gourmandes-de-joce.fr\/wp-content\/uploads\/2021\/10\/recettes-de-octobre-2021-300x160.jpg\" alt=\"\" width=\"357\" height=\"190\" srcset=\"http:\/\/recettes-gourmandes-de-joce.fr\/wp-content\/uploads\/2021\/10\/recettes-de-octobre-2021-300x160.jpg 300w, http:\/\/recettes-gourmandes-de-joce.fr\/wp-content\/uploads\/2021\/10\/recettes-de-octobre-2021-768x409.jpg 768w, http:\/\/recettes-gourmandes-de-joce.fr\/wp-content\/uploads\/2021\/10\/recettes-de-octobre-2021-750x399.jpg 750w, http:\/\/recettes-gourmandes-de-joce.fr\/wp-content\/uploads\/2021\/10\/recettes-de-octobre-2021.jpg 800w\" sizes=\"auto, (max-width: 357px) 100vw, 357px\" \/><\/p>\n<p style=\"text-align: center;\"><span style=\"text-decoration: underline; color: #666699; font-size: 18pt;\"><span style=\"font-family: georgia, palatino, serif;\"><em>Mat\u00e9riel<\/em><\/span><\/span><\/p>\n<p style=\"text-align: center;\"><span style=\"color: #666699;\"><img loading=\"lazy\" decoding=\"async\" class=\"alignnone wp-image-40330\" src=\"http:\/\/recettes-gourmandes-de-joce.fr\/wp-content\/uploads\/2021\/10\/20211028_125316-225x300.jpg\" alt=\"\" width=\"135\" height=\"180\" srcset=\"http:\/\/recettes-gourmandes-de-joce.fr\/wp-content\/uploads\/2021\/10\/20211028_125316-225x300.jpg 225w, http:\/\/recettes-gourmandes-de-joce.fr\/wp-content\/uploads\/2021\/10\/20211028_125316.jpg 600w\" sizes=\"auto, (max-width: 135px) 100vw, 135px\" \/><\/span><\/p>\n<p style=\"text-align: center;\"><span style=\"font-size: 14pt; font-family: georgia, palatino, serif; color: #666699;\"><em>1 chalumeau<\/em><\/span><\/p>\n<p style=\"text-align: center;\"><span style=\"font-size: 14pt; font-family: georgia, palatino, serif; color: #666699;\"><em> 1 bon ciseau ou couteau<\/em><\/span><\/p>\n<p style=\"text-align: center;\"><span style=\"color: #666699;\"><img loading=\"lazy\" decoding=\"async\" class=\"alignnone wp-image-40325\" src=\"http:\/\/recettes-gourmandes-de-joce.fr\/wp-content\/uploads\/2021\/10\/20211028_105144-300x225.jpg\" alt=\"\" width=\"213\" height=\"160\" srcset=\"http:\/\/recettes-gourmandes-de-joce.fr\/wp-content\/uploads\/2021\/10\/20211028_105144-300x225.jpg 300w, http:\/\/recettes-gourmandes-de-joce.fr\/wp-content\/uploads\/2021\/10\/20211028_105144-768x576.jpg 768w, http:\/\/recettes-gourmandes-de-joce.fr\/wp-content\/uploads\/2021\/10\/20211028_105144-750x563.jpg 750w, http:\/\/recettes-gourmandes-de-joce.fr\/wp-content\/uploads\/2021\/10\/20211028_105144.jpg 800w\" sizes=\"auto, (max-width: 213px) 100vw, 213px\" \/> <img loading=\"lazy\" decoding=\"async\" class=\"alignnone wp-image-40326\" src=\"http:\/\/recettes-gourmandes-de-joce.fr\/wp-content\/uploads\/2021\/10\/20211028_112655-247x300.jpg\" alt=\"\" width=\"132\" height=\"160\" srcset=\"http:\/\/recettes-gourmandes-de-joce.fr\/wp-content\/uploads\/2021\/10\/20211028_112655-247x300.jpg 247w, http:\/\/recettes-gourmandes-de-joce.fr\/wp-content\/uploads\/2021\/10\/20211028_112655.jpg 659w\" sizes=\"auto, (max-width: 132px) 100vw, 132px\" \/> <img loading=\"lazy\" decoding=\"async\" class=\"alignnone wp-image-40327\" src=\"http:\/\/recettes-gourmandes-de-joce.fr\/wp-content\/uploads\/2021\/10\/20211028_112749-002-300x225.jpg\" alt=\"\" width=\"213\" height=\"160\" srcset=\"http:\/\/recettes-gourmandes-de-joce.fr\/wp-content\/uploads\/2021\/10\/20211028_112749-002-300x225.jpg 300w, http:\/\/recettes-gourmandes-de-joce.fr\/wp-content\/uploads\/2021\/10\/20211028_112749-002-768x576.jpg 768w, http:\/\/recettes-gourmandes-de-joce.fr\/wp-content\/uploads\/2021\/10\/20211028_112749-002-750x563.jpg 750w, http:\/\/recettes-gourmandes-de-joce.fr\/wp-content\/uploads\/2021\/10\/20211028_112749-002.jpg 800w\" sizes=\"auto, (max-width: 213px) 100vw, 213px\" \/><\/span><\/p>\n<p style=\"text-align: center;\"><em><span style=\"font-size: 14pt; font-family: georgia, palatino, serif; color: #666699;\">Commencer par plumer le ventre de votre palombe en tirant les plumes dans le sens inverse de leur implantation c&rsquo;est \u00e0 dire vers la t\u00eate, attention de ne pas arracher la peau en m\u00eame temps. Une fois plum\u00e9, couper les pattes, la t\u00eate et le bout des ailes. Ouvrir la palombe pour la vider sur 2 cm au niveau de l&rsquo;anus, glisser vos doigts \u00e0 l&rsquo;int\u00e9rieur et \u00f4ter tout ce qui s&rsquo;y trouve.<\/span><\/em><\/p>\n<p style=\"text-align: center;\"><em><span style=\"color: #666699; font-size: 14pt; font-family: georgia, palatino, serif;\"><img loading=\"lazy\" decoding=\"async\" class=\"alignnone wp-image-40328\" src=\"http:\/\/recettes-gourmandes-de-joce.fr\/wp-content\/uploads\/2021\/10\/20211028_112751-300x244.jpg\" alt=\"\" width=\"197\" height=\"160\" srcset=\"http:\/\/recettes-gourmandes-de-joce.fr\/wp-content\/uploads\/2021\/10\/20211028_112751-300x244.jpg 300w, http:\/\/recettes-gourmandes-de-joce.fr\/wp-content\/uploads\/2021\/10\/20211028_112751-768x625.jpg 768w, http:\/\/recettes-gourmandes-de-joce.fr\/wp-content\/uploads\/2021\/10\/20211028_112751-750x610.jpg 750w, http:\/\/recettes-gourmandes-de-joce.fr\/wp-content\/uploads\/2021\/10\/20211028_112751.jpg 800w\" sizes=\"auto, (max-width: 197px) 100vw, 197px\" \/>\u00a0<img loading=\"lazy\" decoding=\"async\" class=\"alignnone wp-image-40331\" src=\"http:\/\/recettes-gourmandes-de-joce.fr\/wp-content\/uploads\/2021\/10\/248804401_906781563557425_5783209456530634735_n-286x300.jpg\" alt=\"\" width=\"152\" height=\"160\" srcset=\"http:\/\/recettes-gourmandes-de-joce.fr\/wp-content\/uploads\/2021\/10\/248804401_906781563557425_5783209456530634735_n-286x300.jpg 286w, http:\/\/recettes-gourmandes-de-joce.fr\/wp-content\/uploads\/2021\/10\/248804401_906781563557425_5783209456530634735_n.jpg 558w\" sizes=\"auto, (max-width: 152px) 100vw, 152px\" \/> <img loading=\"lazy\" decoding=\"async\" class=\"alignnone wp-image-40329\" src=\"http:\/\/recettes-gourmandes-de-joce.fr\/wp-content\/uploads\/2021\/10\/20211028_125233-300x232.jpg\" alt=\"\" width=\"207\" height=\"160\" srcset=\"http:\/\/recettes-gourmandes-de-joce.fr\/wp-content\/uploads\/2021\/10\/20211028_125233-300x232.jpg 300w, http:\/\/recettes-gourmandes-de-joce.fr\/wp-content\/uploads\/2021\/10\/20211028_125233-768x594.jpg 768w, http:\/\/recettes-gourmandes-de-joce.fr\/wp-content\/uploads\/2021\/10\/20211028_125233-750x580.jpg 750w, http:\/\/recettes-gourmandes-de-joce.fr\/wp-content\/uploads\/2021\/10\/20211028_125233.jpg 800w\" sizes=\"auto, (max-width: 207px) 100vw, 207px\" \/>\u00a0<\/span><\/em><\/p>\n<p style=\"text-align: center;\"><em><span style=\"font-size: 14pt; font-family: georgia, palatino, serif; color: #666699;\">C&rsquo;est \u00e0 dire, c\u0153ur, g\u00e9sier, poumon, boyaux etc. Br\u00fbler ensuite au chalumeau tous les restes de plumes et de duvet qui ne sont pas partis lorsque vous avez plumer votre palombe. Il ne reste plus qu&rsquo;\u00e0 les cuisiner ou comme moi les congeler en vue du repas des f\u00eates de fin d&rsquo;ann\u00e9e.<\/span><\/em><\/p>\n<p style=\"text-align: center;\"><span style=\"color: #666699; font-size: 14pt;\"><span style=\"font-family: georgia, palatino, serif;\"><em>Bon app\u00e9tit!<\/em><\/span><\/span><\/p>\n<p style=\"text-align: center;\"><span style=\"color: #666699;\"><img loading=\"lazy\" decoding=\"async\" class=\"alignnone wp-image-37354 size-full\" src=\"http:\/\/recettes-gourmandes-de-joce.fr\/wp-content\/uploads\/2021\/06\/logitech-gaming-software-14112014-121223.jpg\" alt=\"\" width=\"640\" height=\"144\" srcset=\"http:\/\/recettes-gourmandes-de-joce.fr\/wp-content\/uploads\/2021\/06\/logitech-gaming-software-14112014-121223.jpg 640w, http:\/\/recettes-gourmandes-de-joce.fr\/wp-content\/uploads\/2021\/06\/logitech-gaming-software-14112014-121223-300x68.jpg 300w\" sizes=\"auto, (max-width: 640px) 100vw, 640px\" \/><\/span><\/p>\n","protected":false},"excerpt":{"rendered":"<p>Mat\u00e9riel 1 chalumeau 1 bon ciseau ou couteau Commencer par plumer le ventre de votre palombe en tirant les plumes dans le sens inverse de leur implantation c&rsquo;est \u00e0 dire vers la t\u00eate, attention de ne pas arracher la peau en m\u00eame temps. Une fois plum\u00e9, couper les pattes, la t\u00eate et le bout des &hellip; <\/p>\n<p><a class=\"more-link btn\" href=\"http:\/\/recettes-gourmandes-de-joce.fr\/index.php\/index\/viandes\/decoupes-viandes-volailles\/plumer-et-vider-une-palombe-ou-un-pigeon\/\">Lire la suite<\/a><\/p>\n","protected":false},"author":2,"featured_media":84745,"parent":245,"menu_order":0,"comment_status":"open","ping_status":"closed","template":"","meta":{"footnotes":""},"class_list":["post-40336","page","type-page","status-publish","has-post-thumbnail","hentry","nodate","item-wrap"],"_links":{"self":[{"href":"http:\/\/recettes-gourmandes-de-joce.fr\/index.php\/wp-json\/wp\/v2\/pages\/40336","targetHints":{"allow":["GET"]}}],"collection":[{"href":"http:\/\/recettes-gourmandes-de-joce.fr\/index.php\/wp-json\/wp\/v2\/pages"}],"about":[{"href":"http:\/\/recettes-gourmandes-de-joce.fr\/index.php\/wp-json\/wp\/v2\/types\/page"}],"author":[{"embeddable":true,"href":"http:\/\/recettes-gourmandes-de-joce.fr\/index.php\/wp-json\/wp\/v2\/users\/2"}],"replies":[{"embeddable":true,"href":"http:\/\/recettes-gourmandes-de-joce.fr\/index.php\/wp-json\/wp\/v2\/comments?post=40336"}],"version-history":[{"count":2,"href":"http:\/\/recettes-gourmandes-de-joce.fr\/index.php\/wp-json\/wp\/v2\/pages\/40336\/revisions"}],"predecessor-version":[{"id":97859,"href":"http:\/\/recettes-gourmandes-de-joce.fr\/index.php\/wp-json\/wp\/v2\/pages\/40336\/revisions\/97859"}],"up":[{"embeddable":true,"href":"http:\/\/recettes-gourmandes-de-joce.fr\/index.php\/wp-json\/wp\/v2\/pages\/245"}],"wp:featuredmedia":[{"embeddable":true,"href":"http:\/\/recettes-gourmandes-de-joce.fr\/index.php\/wp-json\/wp\/v2\/media\/84745"}],"wp:attachment":[{"href":"http:\/\/recettes-gourmandes-de-joce.fr\/index.php\/wp-json\/wp\/v2\/media?parent=40336"}],"curies":[{"name":"wp","href":"https:\/\/api.w.org\/{rel}","templated":true}]}}