{"id":3956,"date":"2019-10-09T09:57:25","date_gmt":"2019-10-09T09:57:25","guid":{"rendered":"http:\/\/recettes-gourmandes-de-joce.fr\/?page_id=3956"},"modified":"2024-07-12T19:18:32","modified_gmt":"2024-07-12T19:18:32","slug":"aumonieres-de-pommes-caramelisees-sauce-au-caramel","status":"publish","type":"page","link":"http:\/\/recettes-gourmandes-de-joce.fr\/index.php\/index\/desserts\/crepes-beignets-gaufres\/aumonieres-de-pommes-caramelisees-sauce-au-caramel\/","title":{"rendered":"Aum\u00f4ni\u00e8res de cr\u00eapes aux pommes caram\u00e9lis\u00e9es, sauce au caramel."},"content":{"rendered":"<p style=\"text-align: center;\"><span style=\"color: #cc0000;\"><span style=\"font-size: 24px;\"><span style=\"font-family: georgia,serif;\"><u><em>Une de mes recettes<\/em><\/u><\/span><\/span><\/span><\/p>\n<p style=\"text-align: center;\"><img loading=\"lazy\" decoding=\"async\" class=\"alignnone wp-image-50508\" src=\"http:\/\/recettes-gourmandes-de-joce.fr\/wp-content\/uploads\/2023\/04\/aumonieres-pommes1-300x219.jpg\" alt=\"\" width=\"247\" height=\"180\" srcset=\"http:\/\/recettes-gourmandes-de-joce.fr\/wp-content\/uploads\/2023\/04\/aumonieres-pommes1-300x219.jpg 300w, http:\/\/recettes-gourmandes-de-joce.fr\/wp-content\/uploads\/2023\/04\/aumonieres-pommes1-768x560.jpg 768w, http:\/\/recettes-gourmandes-de-joce.fr\/wp-content\/uploads\/2023\/04\/aumonieres-pommes1-750x546.jpg 750w, http:\/\/recettes-gourmandes-de-joce.fr\/wp-content\/uploads\/2023\/04\/aumonieres-pommes1.jpg 1024w\" sizes=\"auto, (max-width: 247px) 100vw, 247px\" \/>\u00a0<img loading=\"lazy\" decoding=\"async\" class=\"alignnone wp-image-50510\" src=\"http:\/\/recettes-gourmandes-de-joce.fr\/wp-content\/uploads\/2023\/04\/aumonieres-pommes3-300x225.jpg\" alt=\"\" width=\"240\" height=\"180\" srcset=\"http:\/\/recettes-gourmandes-de-joce.fr\/wp-content\/uploads\/2023\/04\/aumonieres-pommes3-300x225.jpg 300w, http:\/\/recettes-gourmandes-de-joce.fr\/wp-content\/uploads\/2023\/04\/aumonieres-pommes3-768x576.jpg 768w, http:\/\/recettes-gourmandes-de-joce.fr\/wp-content\/uploads\/2023\/04\/aumonieres-pommes3-750x563.jpg 750w, http:\/\/recettes-gourmandes-de-joce.fr\/wp-content\/uploads\/2023\/04\/aumonieres-pommes3.jpg 1024w\" sizes=\"auto, (max-width: 240px) 100vw, 240px\" \/><img loading=\"lazy\" decoding=\"async\" class=\"alignnone wp-image-50509\" src=\"http:\/\/recettes-gourmandes-de-joce.fr\/wp-content\/uploads\/2023\/04\/aumonieres-pommes2-300x204.jpg\" alt=\"\" width=\"265\" height=\"180\" srcset=\"http:\/\/recettes-gourmandes-de-joce.fr\/wp-content\/uploads\/2023\/04\/aumonieres-pommes2-300x204.jpg 300w, http:\/\/recettes-gourmandes-de-joce.fr\/wp-content\/uploads\/2023\/04\/aumonieres-pommes2-768x521.jpg 768w, http:\/\/recettes-gourmandes-de-joce.fr\/wp-content\/uploads\/2023\/04\/aumonieres-pommes2-750x509.jpg 750w, http:\/\/recettes-gourmandes-de-joce.fr\/wp-content\/uploads\/2023\/04\/aumonieres-pommes2.jpg 1024w\" sizes=\"auto, (max-width: 265px) 100vw, 265px\" \/><\/p>\n<p style=\"text-align: center;\"><span style=\"color: #cc0000;\"><u><span style=\"font-family: georgia,serif;\"><em><span style=\"font-size: 24px;\">Ingr\u00e9dients pour 4 personnes<\/span><\/em><\/span><\/u><\/span><\/p>\n<p style=\"text-align: center;\"><img loading=\"lazy\" decoding=\"async\" class=\"alignnone wp-image-50511\" src=\"http:\/\/recettes-gourmandes-de-joce.fr\/wp-content\/uploads\/2023\/04\/aumonieres-pommes4-237x300.jpg\" alt=\"\" width=\"158\" height=\"200\" srcset=\"http:\/\/recettes-gourmandes-de-joce.fr\/wp-content\/uploads\/2023\/04\/aumonieres-pommes4-237x300.jpg 237w, http:\/\/recettes-gourmandes-de-joce.fr\/wp-content\/uploads\/2023\/04\/aumonieres-pommes4.jpg 408w\" sizes=\"auto, (max-width: 158px) 100vw, 158px\" \/><\/p>\n<p style=\"text-align: center;\"><span style=\"color: #cc0000; font-size: 14pt;\"><span style=\"font-family: georgia,serif;\"><span style=\"text-decoration: underline;\"><em>Pour 20 cr\u00eapes<\/em><\/span><\/span><\/span><\/p>\n<p style=\"text-align: center;\"><span style=\"color: #cc0000; font-size: 14pt;\"><span style=\"font-family: georgia,serif;\"><em>250 g de farine<\/em><\/span><\/span><\/p>\n<p style=\"text-align: center;\"><span style=\"color: #cc0000; font-size: 14pt;\"><span style=\"font-family: georgia,serif;\"><em>400 ml de lait<\/em><\/span><\/span><\/p>\n<p style=\"text-align: center;\"><span style=\"font-size: 14pt;\"><span style=\"color: #cc0000;\"><span style=\"font-family: georgia,serif;\"><em>3\u00a0<\/em><\/span><\/span><span style=\"color: #cc0000; font-family: georgia, serif;\"><i>\u0153ufs<\/i><\/span><\/span><\/p>\n<p style=\"text-align: center;\"><span style=\"color: #cc0000; font-size: 14pt;\"><span style=\"font-family: georgia,serif;\"><em>1 pinc\u00e9e de sel<\/em><\/span><\/span><\/p>\n<p style=\"text-align: center;\"><span style=\"color: #cc0000; font-size: 14pt;\"><span style=\"font-family: georgia,serif;\"><em>3 c \u00e0 s d&rsquo;huile de tournesol<\/em><\/span><\/span><\/p>\n<p style=\"text-align: center;\"><span style=\"color: #cc0000; font-size: 14pt;\"><span style=\"font-family: georgia,serif;\"><span style=\"text-decoration: underline;\"><em>Garniture<\/em><\/span><\/span><\/span><\/p>\n<p style=\"text-align: center;\"><span style=\"color: #cc0000; font-size: 14pt;\"><span style=\"font-family: georgia,serif;\"><em><span style=\"color: #cc0000; font-family: georgia, serif;\">2 pommes (pour 4 aum\u00f4ni\u00e8res\u00a0et 4 cr\u00eapes) <\/span><\/em><\/span><\/span><\/p>\n<p style=\"text-align: center;\"><span style=\"color: #cc0000; font-size: 14pt;\"><span style=\"font-family: georgia,serif;\"><em>1 c \u00e0 s d&rsquo;amandes effil\u00e9es<\/em><\/span><\/span><\/p>\n<p style=\"text-align: center;\"><span style=\"color: #cc0000; font-size: 14pt;\"><span style=\"font-family: georgia,serif;\"><em>1 morceaux de beurre<\/em><\/span><\/span><\/p>\n<p style=\"text-align: center;\"><span style=\"color: #cc0000; font-size: 14pt;\"><span style=\"font-family: georgia,serif;\"><em>2 c \u00e0 s de sucre en poudre<\/em><\/span><\/span><\/p>\n<p style=\"text-align: center;\"><span style=\"color: #cc0000; font-size: 14pt;\"><span style=\"font-family: georgia,serif;\"><span style=\"text-decoration: underline;\"><em>Pour la sauce au caramel<\/em><\/span><\/span><\/span><\/p>\n<p style=\"text-align: center;\"><span style=\"color: #cc0000; font-size: 14pt;\"><span style=\"font-family: georgia,serif;\"><em>100 g de sucre semoule<\/em><\/span><\/span><\/p>\n<p style=\"text-align: center;\"><span style=\"color: #cc0000; font-size: 14pt;\"><em><span style=\"font-family: Georgia;\">100 g de cr\u00e8me liquide <\/span><\/em><\/span><\/p>\n<p style=\"text-align: center;\"><span style=\"color: #cc0000; font-size: 14pt;\"><em><span style=\"font-family: Georgia;\">50 g de beurre \u00bd sel<\/span><\/em><\/span><\/p>\n<p style=\"text-align: center;\"><span style=\"font-size: 14pt;\"><em><span style=\"font-family: georgia,serif;\"><span style=\"color: #cc0000;\">Recette de la p\u00e2te \u00e0 cr\u00eapes sur ce lien -&gt;<\/span><a href=\"http:\/\/recettes-gourmandes-de-joce.fr\/index.php\/index\/desserts\/crepes-beignets-gaufres\/crepes\/\"><span style=\"color: #000080;\"> P\u00e2te \u00e0 cr\u00eapes <\/span><span style=\"color: #cc0000;\"><img loading=\"lazy\" decoding=\"async\" class=\"alignnone size-thumbnail wp-image-3964\" src=\"http:\/\/recettes-gourmandes-de-joce.fr\/wp-content\/uploads\/2019\/10\/crepes3-150x150.jpg\" alt=\"\" width=\"150\" height=\"150\" \/><\/span><\/a><\/span><\/em><\/span><\/p>\n<p style=\"text-align: center;\"><span style=\"font-size: 14pt;\"><em><span style=\"font-family: georgia,serif;\"><span style=\"color: #cc0000;\">Recette du caramel beurre sal\u00e9 sur ce lien -&gt; <\/span><a href=\"http:\/\/recettes-gourmandes-de-joce.fr\/?s=Caramel+beurre+sal%C3%A9+\"><span style=\"color: #cc0000;\"><span style=\"color: #000080;\">Caramel beurre sal\u00e9<\/span> <\/span><span style=\"color: #cc0000;\"><img loading=\"lazy\" decoding=\"async\" class=\"alignnone size-thumbnail wp-image-3960\" src=\"http:\/\/recettes-gourmandes-de-joce.fr\/wp-content\/uploads\/2019\/10\/sauce-caramel1-150x150.jpg\" alt=\"\" width=\"150\" height=\"150\" \/><\/span><\/a><\/span><\/em><\/span><\/p>\n<p style=\"text-align: center;\">\u00a0<img loading=\"lazy\" decoding=\"async\" class=\"alignnone wp-image-50512\" src=\"http:\/\/recettes-gourmandes-de-joce.fr\/wp-content\/uploads\/2023\/04\/aumonieres-pommes5-300x214.jpg\" alt=\"\" width=\"238\" height=\"170\" srcset=\"http:\/\/recettes-gourmandes-de-joce.fr\/wp-content\/uploads\/2023\/04\/aumonieres-pommes5-300x214.jpg 300w, http:\/\/recettes-gourmandes-de-joce.fr\/wp-content\/uploads\/2023\/04\/aumonieres-pommes5.jpg 702w\" sizes=\"auto, (max-width: 238px) 100vw, 238px\" \/> <img loading=\"lazy\" decoding=\"async\" class=\"alignnone wp-image-50513\" src=\"http:\/\/recettes-gourmandes-de-joce.fr\/wp-content\/uploads\/2023\/04\/aumonieres-pommes6-300x203.jpg\" alt=\"\" width=\"251\" height=\"170\" srcset=\"http:\/\/recettes-gourmandes-de-joce.fr\/wp-content\/uploads\/2023\/04\/aumonieres-pommes6-300x203.jpg 300w, http:\/\/recettes-gourmandes-de-joce.fr\/wp-content\/uploads\/2023\/04\/aumonieres-pommes6.jpg 618w\" sizes=\"auto, (max-width: 251px) 100vw, 251px\" \/> <img loading=\"lazy\" decoding=\"async\" class=\"alignnone wp-image-50514\" src=\"http:\/\/recettes-gourmandes-de-joce.fr\/wp-content\/uploads\/2023\/04\/aumonieres-pommes7-300x213.jpg\" alt=\"\" width=\"239\" height=\"170\" srcset=\"http:\/\/recettes-gourmandes-de-joce.fr\/wp-content\/uploads\/2023\/04\/aumonieres-pommes7-300x213.jpg 300w, http:\/\/recettes-gourmandes-de-joce.fr\/wp-content\/uploads\/2023\/04\/aumonieres-pommes7.jpg 543w\" sizes=\"auto, (max-width: 239px) 100vw, 239px\" \/><\/p>\n<p style=\"text-align: center;\"><span style=\"color: #cc0000; font-size: 14pt;\"><span style=\"font-family: georgia,serif;\"><em>Faite chauffer votre cr\u00eapi\u00e8re, la huiler et cuire vos cr\u00eapes<\/em><em>. Peler les pommes, \u00f4ter les p\u00e9pins et coupez l\u00e8s <\/em><em>en petits morceaux. <\/em><\/span><\/span><\/p>\n<p style=\"text-align: center;\"><img loading=\"lazy\" decoding=\"async\" class=\"alignnone wp-image-50515\" src=\"http:\/\/recettes-gourmandes-de-joce.fr\/wp-content\/uploads\/2023\/04\/aumonieres-pommes8-300x209.jpg\" alt=\"\" width=\"237\" height=\"165\" srcset=\"http:\/\/recettes-gourmandes-de-joce.fr\/wp-content\/uploads\/2023\/04\/aumonieres-pommes8-300x209.jpg 300w, http:\/\/recettes-gourmandes-de-joce.fr\/wp-content\/uploads\/2023\/04\/aumonieres-pommes8.jpg 547w\" sizes=\"auto, (max-width: 237px) 100vw, 237px\" \/> <img loading=\"lazy\" decoding=\"async\" class=\"alignnone wp-image-50516\" src=\"http:\/\/recettes-gourmandes-de-joce.fr\/wp-content\/uploads\/2023\/04\/aumonieres-pommes9-300x194.jpg\" alt=\"\" width=\"255\" height=\"165\" srcset=\"http:\/\/recettes-gourmandes-de-joce.fr\/wp-content\/uploads\/2023\/04\/aumonieres-pommes9-300x194.jpg 300w, http:\/\/recettes-gourmandes-de-joce.fr\/wp-content\/uploads\/2023\/04\/aumonieres-pommes9.jpg 541w\" sizes=\"auto, (max-width: 255px) 100vw, 255px\" \/> <img loading=\"lazy\" decoding=\"async\" class=\"alignnone wp-image-50517\" src=\"http:\/\/recettes-gourmandes-de-joce.fr\/wp-content\/uploads\/2023\/04\/aumonieres-pommes10-300x211.jpg\" alt=\"\" width=\"235\" height=\"165\" srcset=\"http:\/\/recettes-gourmandes-de-joce.fr\/wp-content\/uploads\/2023\/04\/aumonieres-pommes10-300x211.jpg 300w, http:\/\/recettes-gourmandes-de-joce.fr\/wp-content\/uploads\/2023\/04\/aumonieres-pommes10.jpg 548w\" sizes=\"auto, (max-width: 235px) 100vw, 235px\" \/><\/p>\n<p style=\"text-align: center;\"><span style=\"color: #cc0000; font-size: 14pt;\"><span style=\"font-family: georgia,serif;\"><span style=\"font-family: georgia,serif;\"><em>Mettre du beurre \u00e0 fondre dans une po\u00eale et y mettre <\/em><em>les pommes \u00e0 dorer.\u00a0<\/em><\/span><em style=\"color: #cc0000; font-family: georgia, serif;\">Les saupoudrer de sucre en poudre, laissez l\u00e8s caram\u00e9liser <\/em><em><span style=\"color: #cc0000; font-family: georgia, serif;\">\u00e0 feux doux en les remuant souvent, ajouter les amandes effil\u00e9es, <\/span><\/em><em style=\"color: #cc0000; font-family: georgia, serif;\">m\u00e9langer et les r\u00e9server.<\/em><\/span><\/span><\/p>\n<p style=\"text-align: center;\"><img loading=\"lazy\" decoding=\"async\" class=\"alignnone wp-image-50518\" src=\"http:\/\/recettes-gourmandes-de-joce.fr\/wp-content\/uploads\/2023\/04\/aumonieres-pommes11-300x207.jpg\" alt=\"\" width=\"247\" height=\"170\" srcset=\"http:\/\/recettes-gourmandes-de-joce.fr\/wp-content\/uploads\/2023\/04\/aumonieres-pommes11-300x207.jpg 300w, http:\/\/recettes-gourmandes-de-joce.fr\/wp-content\/uploads\/2023\/04\/aumonieres-pommes11.jpg 549w\" sizes=\"auto, (max-width: 247px) 100vw, 247px\" \/><\/p>\n<p style=\"text-align: center;\"><span style=\"color: #cc0000; font-size: 14pt;\"><span style=\"font-family: georgia,serif;\"> <em style=\"color: #cc0000; font-family: georgia, serif;\">D\u00e9poser au centre de chaque cr\u00eape un peu de pommes <\/em><em><span style=\"color: #cc0000; font-family: georgia, serif;\">caram\u00e9lis\u00e9es et fermer en aum\u00f4ni\u00e8re\u00a0avec un ruban ou <\/span><\/em><em style=\"color: #cc0000; font-family: georgia, serif;\">du rafia, de la ficelle etc.<\/em><\/span><\/span><\/p>\n<p style=\"text-align: center;\"><span style=\"color: #cc0000; font-size: 14pt;\"><span style=\"font-family: georgia,serif;\"><em><span style=\"color: #cc0000; font-family: georgia, serif;\">R\u00e9alis\u00e9 votre caramel au beurre sal\u00e9 (plus \u00e9pais que sur les photos) et en r\u00e9partir autour des aum\u00f4ni\u00e8res.<\/span><\/em><\/span><\/span><\/p>\n<p style=\"text-align: center;\"><span style=\"color: #cc0000; font-size: 14pt;\"><span style=\"font-family: georgia,serif;\"><em>Bonne d\u00e9gustation!<\/em><\/span><\/span><\/p>\n<p style=\"text-align: center;\"><img loading=\"lazy\" decoding=\"async\" class=\"alignnone wp-image-50509\" src=\"http:\/\/recettes-gourmandes-de-joce.fr\/wp-content\/uploads\/2023\/04\/aumonieres-pommes2-300x204.jpg\" alt=\"\" width=\"265\" height=\"180\" srcset=\"http:\/\/recettes-gourmandes-de-joce.fr\/wp-content\/uploads\/2023\/04\/aumonieres-pommes2-300x204.jpg 300w, http:\/\/recettes-gourmandes-de-joce.fr\/wp-content\/uploads\/2023\/04\/aumonieres-pommes2-768x521.jpg 768w, http:\/\/recettes-gourmandes-de-joce.fr\/wp-content\/uploads\/2023\/04\/aumonieres-pommes2-750x509.jpg 750w, http:\/\/recettes-gourmandes-de-joce.fr\/wp-content\/uploads\/2023\/04\/aumonieres-pommes2.jpg 1024w\" sizes=\"auto, (max-width: 265px) 100vw, 265px\" \/><\/p>\n<p style=\"text-align: center;\"><img loading=\"lazy\" decoding=\"async\" class=\"alignnone wp-image-50510\" src=\"http:\/\/recettes-gourmandes-de-joce.fr\/wp-content\/uploads\/2023\/04\/aumonieres-pommes3-300x225.jpg\" alt=\"\" width=\"240\" height=\"180\" srcset=\"http:\/\/recettes-gourmandes-de-joce.fr\/wp-content\/uploads\/2023\/04\/aumonieres-pommes3-300x225.jpg 300w, http:\/\/recettes-gourmandes-de-joce.fr\/wp-content\/uploads\/2023\/04\/aumonieres-pommes3-768x576.jpg 768w, http:\/\/recettes-gourmandes-de-joce.fr\/wp-content\/uploads\/2023\/04\/aumonieres-pommes3-750x563.jpg 750w, http:\/\/recettes-gourmandes-de-joce.fr\/wp-content\/uploads\/2023\/04\/aumonieres-pommes3.jpg 1024w\" sizes=\"auto, (max-width: 240px) 100vw, 240px\" \/> \u00a0<img loading=\"lazy\" decoding=\"async\" class=\"alignnone wp-image-50508\" src=\"http:\/\/recettes-gourmandes-de-joce.fr\/wp-content\/uploads\/2023\/04\/aumonieres-pommes1-300x219.jpg\" alt=\"\" width=\"247\" height=\"180\" srcset=\"http:\/\/recettes-gourmandes-de-joce.fr\/wp-content\/uploads\/2023\/04\/aumonieres-pommes1-300x219.jpg 300w, http:\/\/recettes-gourmandes-de-joce.fr\/wp-content\/uploads\/2023\/04\/aumonieres-pommes1-768x560.jpg 768w, http:\/\/recettes-gourmandes-de-joce.fr\/wp-content\/uploads\/2023\/04\/aumonieres-pommes1-750x546.jpg 750w, http:\/\/recettes-gourmandes-de-joce.fr\/wp-content\/uploads\/2023\/04\/aumonieres-pommes1.jpg 1024w\" sizes=\"auto, (max-width: 247px) 100vw, 247px\" \/><\/p>\n<p style=\"text-align: center;\"><img loading=\"lazy\" decoding=\"async\" class=\"alignnone wp-image-44943 size-full\" src=\"http:\/\/recettes-gourmandes-de-joce.fr\/wp-content\/uploads\/2022\/05\/logitech-gaming-software-14112014-121223.jpg\" alt=\"\" width=\"640\" height=\"144\" srcset=\"http:\/\/recettes-gourmandes-de-joce.fr\/wp-content\/uploads\/2022\/05\/logitech-gaming-software-14112014-121223.jpg 640w, http:\/\/recettes-gourmandes-de-joce.fr\/wp-content\/uploads\/2022\/05\/logitech-gaming-software-14112014-121223-300x68.jpg 300w\" sizes=\"auto, (max-width: 640px) 100vw, 640px\" \/><\/p>\n<h3>Commentaires\u00a0<small>(4)<\/small><\/h3>\n<div class=\"items-container\">\n<div class=\"item item-comment media\">\n<div class=\"pull-left\">\n<p>&nbsp;<\/p>\n<p><img decoding=\"async\" class=\"media-object\" src=\"https:\/\/www.gravatar.com\/avatar\/00f2347bca92513b2896d638462287e3?d=https%3A%2F%2Fwww.recettes-gourmandes-de-joce.com%2Fmedias%2Fstatic%2Fmanager%2Fim%2Favatar.png?s=50&amp;d=mm\" alt=\"lebo pequery francoise\" width=\"50\" \/><\/p>\n<\/div>\n<div class=\"media-body\">\n<ul class=\"inline item-infos\">\n<li><span class=\"comment-number\">1.<\/span>\u00a0<span class=\"comment-author\"><strong>lebo pequery francoise<\/strong>\u00a0(<a rel=\"nofollow\">site web<\/a>)<\/span>\u00a0<span class=\"comment-date\">| 28\/01\/2013<\/span><\/li>\n<\/ul>\n<div class=\"comment-content\">Vraiment tr\u00e8s gourmand!<\/div>\n<div class=\"item item-comment media by-webmaster\">\n<div class=\"pull-left\">\n<p>&nbsp;<\/p>\n<p><img decoding=\"async\" class=\"media-object\" src=\"http:\/\/static.e-monsite.com\/manager\/im\/avatar.png?fx=c_50_50\" alt=\"jocelyne debon\" width=\"50\" \/><\/p>\n<\/div>\n<div class=\"media-body\">\n<ul class=\"inline item-infos\">\n<li><span class=\"comment-author\"><strong>jocelyne debon<\/strong>\u00a0(<a rel=\"nofollow\">site web<\/a>)<\/span>\u00a0<span class=\"comment-date\">| 28\/01\/2013<\/span><\/li>\n<\/ul>\n<div class=\"comment-content\">Merciiii Bises,<\/div>\n<div class=\"comment-content\">Amicalement Joce<\/div>\n<\/div>\n<\/div>\n<\/div>\n<\/div>\n<div class=\"item item-comment media\">\n<div class=\"pull-left\">\n<p>&nbsp;<\/p>\n<p><img decoding=\"async\" class=\"media-object\" src=\"https:\/\/www.gravatar.com\/avatar\/88d4967a5a3c67e9eb29262357e20d94?d=https%3A%2F%2Fwww.recettes-gourmandes-de-joce.com%2Fmedias%2Fstatic%2Fmanager%2Fim%2Favatar.png?s=50&amp;d=mm\" alt=\"Terrasse\" width=\"50\" \/><\/p>\n<\/div>\n<div class=\"media-body\">\n<ul class=\"inline item-infos\">\n<li><span class=\"comment-number\">2.<\/span>\u00a0<span class=\"comment-author\"><strong>Terrasse<\/strong><\/span>\u00a0<span class=\"comment-date\">| 28\/01\/2013<\/span><\/li>\n<\/ul>\n<div class=\"comment-content\">Bonjour,<br \/>\nje prends un fil de la r\u00e9glisse en rouleau ( marque haribo) pour attacher mes aumoni\u00e9res.<br \/>\nc&rsquo;est appr\u00e9ci\u00e9 et souvent \u00e7a surprend.<br \/>\nmerci pour toutes ces bonnes recettes.<br \/>\nCordialement, une mamie<\/div>\n<div class=\"item item-comment media by-webmaster\">\n<div class=\"pull-left\">\n<p>&nbsp;<\/p>\n<p><img decoding=\"async\" class=\"media-object\" src=\"http:\/\/static.e-monsite.com\/manager\/im\/avatar.png?fx=c_50_50\" alt=\"jocelyne debon\" width=\"50\" \/><\/p>\n<\/div>\n<div class=\"media-body\">\n<ul class=\"inline item-infos\">\n<li><span class=\"comment-author\"><strong>jocelyne debon<\/strong>\u00a0(<a rel=\"nofollow\">site web<\/a>)<\/span>\u00a0<span class=\"comment-date\">| 28\/01\/2013<\/span><\/li>\n<\/ul>\n<div class=\"comment-content\">Coucou<\/div>\n<div class=\"comment-content\">C&rsquo;est une tr\u00e8s bonne id\u00e9e \u00e0 laquelle je n&rsquo;avais pas pens\u00e9, merci pour le partage<\/div>\n<div class=\"comment-content\">Bisouss d&rsquo;une mamie \u00e0 une mamie \ud83d\ude42<\/div>\n<div class=\"comment-content\">Amicalement Joce<\/div>\n<\/div>\n<\/div>\n<\/div>\n<\/div>\n<\/div>\n","protected":false},"excerpt":{"rendered":"<p>Une de mes recettes \u00a0 Ingr\u00e9dients pour 4 personnes Pour 20 cr\u00eapes 250 g de farine 400 ml de lait 3\u00a0\u0153ufs 1 pinc\u00e9e de sel 3 c \u00e0 s d&rsquo;huile de tournesol Garniture 2 pommes (pour 4 aum\u00f4ni\u00e8res\u00a0et 4 cr\u00eapes) 1 c \u00e0 s d&rsquo;amandes effil\u00e9es 1 morceaux de beurre 2 c \u00e0 s de &hellip; <\/p>\n<p><a class=\"more-link btn\" href=\"http:\/\/recettes-gourmandes-de-joce.fr\/index.php\/index\/desserts\/crepes-beignets-gaufres\/aumonieres-de-pommes-caramelisees-sauce-au-caramel\/\">Lire la suite<\/a><\/p>\n","protected":false},"author":2,"featured_media":87316,"parent":952,"menu_order":0,"comment_status":"open","ping_status":"closed","template":"","meta":{"footnotes":""},"class_list":["post-3956","page","type-page","status-publish","has-post-thumbnail","hentry","nodate","item-wrap"],"_links":{"self":[{"href":"http:\/\/recettes-gourmandes-de-joce.fr\/index.php\/wp-json\/wp\/v2\/pages\/3956","targetHints":{"allow":["GET"]}}],"collection":[{"href":"http:\/\/recettes-gourmandes-de-joce.fr\/index.php\/wp-json\/wp\/v2\/pages"}],"about":[{"href":"http:\/\/recettes-gourmandes-de-joce.fr\/index.php\/wp-json\/wp\/v2\/types\/page"}],"author":[{"embeddable":true,"href":"http:\/\/recettes-gourmandes-de-joce.fr\/index.php\/wp-json\/wp\/v2\/users\/2"}],"replies":[{"embeddable":true,"href":"http:\/\/recettes-gourmandes-de-joce.fr\/index.php\/wp-json\/wp\/v2\/comments?post=3956"}],"version-history":[{"count":10,"href":"http:\/\/recettes-gourmandes-de-joce.fr\/index.php\/wp-json\/wp\/v2\/pages\/3956\/revisions"}],"predecessor-version":[{"id":87317,"href":"http:\/\/recettes-gourmandes-de-joce.fr\/index.php\/wp-json\/wp\/v2\/pages\/3956\/revisions\/87317"}],"up":[{"embeddable":true,"href":"http:\/\/recettes-gourmandes-de-joce.fr\/index.php\/wp-json\/wp\/v2\/pages\/952"}],"wp:featuredmedia":[{"embeddable":true,"href":"http:\/\/recettes-gourmandes-de-joce.fr\/index.php\/wp-json\/wp\/v2\/media\/87316"}],"wp:attachment":[{"href":"http:\/\/recettes-gourmandes-de-joce.fr\/index.php\/wp-json\/wp\/v2\/media?parent=3956"}],"curies":[{"name":"wp","href":"https:\/\/api.w.org\/{rel}","templated":true}]}}