{"id":39433,"date":"2021-09-09T15:35:13","date_gmt":"2021-09-09T15:35:13","guid":{"rendered":"http:\/\/recettes-gourmandes-de-joce.fr\/?page_id=39433"},"modified":"2026-03-15T02:13:25","modified_gmt":"2026-03-15T02:13:25","slug":"un-poulet-4-recettes-realisees-avec","status":"publish","type":"page","link":"http:\/\/recettes-gourmandes-de-joce.fr\/index.php\/index\/viandes\/volailles\/poulet\/un-poulet-4-recettes-realisees-avec\/","title":{"rendered":"Un poulet 4 recettes r\u00e9alis\u00e9es avec!"},"content":{"rendered":"<p style=\"text-align: center;\"><span style=\"text-decoration: underline; color: #993300;\"><span style=\"font-size: 18pt; font-family: georgia, palatino, serif;\"><em>Mes recettes<\/em><\/span><\/span><\/p>\n<p style=\"text-align: center;\"><span style=\"color: #993300;\">\u00a0 <img loading=\"lazy\" decoding=\"async\" class=\"alignnone wp-image-39437\" src=\"http:\/\/recettes-gourmandes-de-joce.fr\/wp-content\/uploads\/2021\/09\/recettes-de-septembre-2021-001-300x220.jpg\" alt=\"\" width=\"478\" height=\"350\" srcset=\"http:\/\/recettes-gourmandes-de-joce.fr\/wp-content\/uploads\/2021\/09\/recettes-de-septembre-2021-001-300x220.jpg 300w, http:\/\/recettes-gourmandes-de-joce.fr\/wp-content\/uploads\/2021\/09\/recettes-de-septembre-2021-001-768x563.jpg 768w, http:\/\/recettes-gourmandes-de-joce.fr\/wp-content\/uploads\/2021\/09\/recettes-de-septembre-2021-001-750x549.jpg 750w, http:\/\/recettes-gourmandes-de-joce.fr\/wp-content\/uploads\/2021\/09\/recettes-de-septembre-2021-001.jpg 800w\" sizes=\"auto, (max-width: 478px) 100vw, 478px\" \/><\/span><\/p>\n<p style=\"text-align: center;\"><span style=\"text-decoration: underline; color: #993300;\"><em><span style=\"font-size: 18pt; font-family: georgia, palatino, serif;\">Ingr\u00e9dients<\/span><\/em><\/span><\/p>\n<p style=\"text-align: center;\"><span style=\"font-size: 18pt; font-family: georgia, palatino, serif; color: #993300;\"><em>1 poulet\u00a0<\/em><\/span><\/p>\n<p style=\"text-align: center;\"><span style=\"color: #993300;\"><img loading=\"lazy\" decoding=\"async\" class=\"alignnone wp-image-8373\" src=\"http:\/\/recettes-gourmandes-de-joce.fr\/wp-content\/uploads\/2019\/10\/D\u00e9coupe-poulet-01-joce77-225x300.jpg\" alt=\"\" width=\"150\" height=\"200\" srcset=\"http:\/\/recettes-gourmandes-de-joce.fr\/wp-content\/uploads\/2019\/10\/D\u00e9coupe-poulet-01-joce77-225x300.jpg 225w, http:\/\/recettes-gourmandes-de-joce.fr\/wp-content\/uploads\/2019\/10\/D\u00e9coupe-poulet-01-joce77.jpg 480w\" sizes=\"auto, (max-width: 150px) 100vw, 150px\" \/><\/span><\/p>\n<p style=\"text-align: center;\"><span style=\"text-decoration: underline; color: #993300;\"><span style=\"font-size: 18pt; font-family: georgia, palatino, serif;\"><em>Bonjour<\/em><\/span><\/span><\/p>\n<p style=\"text-align: center;\"><span style=\"font-size: 14pt; font-family: georgia, palatino, serif; color: #993300;\"><em>Bien souvent on jette la carcasse du poulet lorsque l&rsquo;on cuisine un poulet que l&rsquo;on coupe en morceaux.<\/em><\/span><\/p>\n<p style=\"text-align: center;\"><span style=\"font-size: 14pt; font-family: georgia, palatino, serif; color: #993300;\"><em> Je vous propose de garder celle-ci, de la congeler si vous n&rsquo;avez pas assez de temps pour la cuisiner le jour m\u00eame et de r\u00e9aliser ensuite ces recettes lorsque vous en aurez le temps \ud83d\ude09 <\/em><\/span><\/p>\n<p style=\"text-align: center;\"><span style=\"font-size: 14pt; font-family: georgia, palatino, serif; color: #993300;\"><em>Un syst\u00e8me anti gaspi et qui vous permettra de vous r\u00e9galer \u00e0 moindre frais \ud83d\ude42 , il ne vous faudra que peu d&rsquo;ingr\u00e9dients pour les r\u00e9aliser.<\/em><\/span><\/p>\n<p style=\"text-align: center;\"><span style=\"font-size: 14pt; font-family: georgia, palatino, serif; color: #993300;\"><em>Pour commencer, la d\u00e9coupe d&rsquo;une volaille ensuite avec la carcasse je vous propose de r\u00e9aliser 3 recettes, puis avec les morceaux de poulet, mijoter un bon plat.<\/em><\/span><\/p>\n<p><span style=\"font-size: 14pt; font-family: georgia, palatino, serif; color: #993300;\"><em><a href=\"http:\/\/recettes-gourmandes-de-joce.fr\/index.php\/index\/viandes\/decoupes-viandes-volailles\/decoupe-dune-volaille\/\"><img loading=\"lazy\" decoding=\"async\" class=\"alignnone size-medium wp-image-39435\" src=\"http:\/\/recettes-gourmandes-de-joce.fr\/wp-content\/uploads\/2021\/09\/Decoupe-poulet-15-joce77-300x186.jpg\" alt=\"\" width=\"300\" height=\"186\" srcset=\"http:\/\/recettes-gourmandes-de-joce.fr\/wp-content\/uploads\/2021\/09\/Decoupe-poulet-15-joce77-300x186.jpg 300w, http:\/\/recettes-gourmandes-de-joce.fr\/wp-content\/uploads\/2021\/09\/Decoupe-poulet-15-joce77.jpg 640w\" sizes=\"auto, (max-width: 300px) 100vw, 300px\" \/><\/a>\u00a0 \u00a0-&gt;\u00a0<a href=\"http:\/\/recettes-gourmandes-de-joce.fr\/index.php\/index\/viandes\/decoupes-viandes-volailles\/decoupe-dune-volaille\/\"> D\u00e9coupe d&rsquo;un poulet<\/a><\/em><\/span><\/p>\n<p><span style=\"font-size: 14pt; font-family: georgia, palatino, serif; color: #993300;\"><em><a href=\"http:\/\/recettes-gourmandes-de-joce.fr\/index.php\/index\/entrees\/soupes-veloutes\/bouillon-de-volaille\/\"><img loading=\"lazy\" decoding=\"async\" class=\"alignnone size-medium wp-image-39212\" style=\"text-align: center;\" src=\"http:\/\/recettes-gourmandes-de-joce.fr\/wp-content\/uploads\/2021\/09\/20210906_172214-300x225.jpg\" alt=\"\" width=\"300\" height=\"225\" srcset=\"http:\/\/recettes-gourmandes-de-joce.fr\/wp-content\/uploads\/2021\/09\/20210906_172214-300x225.jpg 300w, http:\/\/recettes-gourmandes-de-joce.fr\/wp-content\/uploads\/2021\/09\/20210906_172214-768x576.jpg 768w, http:\/\/recettes-gourmandes-de-joce.fr\/wp-content\/uploads\/2021\/09\/20210906_172214-750x563.jpg 750w, http:\/\/recettes-gourmandes-de-joce.fr\/wp-content\/uploads\/2021\/09\/20210906_172214.jpg 800w\" sizes=\"auto, (max-width: 300px) 100vw, 300px\" \/><\/a>\u00a0 1\u00a0<sup>\u00e8re\u00a0<\/sup> Recette -&gt; <a href=\"http:\/\/recettes-gourmandes-de-joce.fr\/index.php\/index\/entrees\/soupes-veloutes\/bouillon-de-volaille\/\">Bouillon de volaille<\/a><\/em><\/span><\/p>\n<p><a href=\"http:\/\/recettes-gourmandes-de-joce.fr\/index.php\/index\/sauces-assaisonnements\/marinades\/cubes-de-bouillon-de-volaille-faits-maison\/\"><span style=\"font-size: 14pt; font-family: georgia, palatino, serif; color: #993300;\"><em><img loading=\"lazy\" decoding=\"async\" class=\"alignnone size-medium wp-image-39380\" src=\"http:\/\/recettes-gourmandes-de-joce.fr\/wp-content\/uploads\/2021\/09\/20210907_175439-300x225.jpg\" alt=\"\" width=\"300\" height=\"225\" srcset=\"http:\/\/recettes-gourmandes-de-joce.fr\/wp-content\/uploads\/2021\/09\/20210907_175439-300x225.jpg 300w, http:\/\/recettes-gourmandes-de-joce.fr\/wp-content\/uploads\/2021\/09\/20210907_175439-768x576.jpg 768w, http:\/\/recettes-gourmandes-de-joce.fr\/wp-content\/uploads\/2021\/09\/20210907_175439-750x563.jpg 750w, http:\/\/recettes-gourmandes-de-joce.fr\/wp-content\/uploads\/2021\/09\/20210907_175439.jpg 800w\" sizes=\"auto, (max-width: 300px) 100vw, 300px\" \/>\u00a0 2\u00a0<sup>-\u00e8me <\/sup>Recette -&gt; <span style=\"color: #800080;\">Cubes de bouillon de volaille\u00a0<\/span><\/em><\/span><\/a><\/p>\n<p><a href=\"http:\/\/recettes-gourmandes-de-joce.fr\/index.php\/index\/aperitifs-amuses-bouches\/amuses-bouches\/rillettes-de-poulet-roti-recette-n2\/\"><span style=\"font-size: 14pt; font-family: georgia, palatino, serif; color: #993300;\"><em><img loading=\"lazy\" decoding=\"async\" class=\"alignnone size-medium wp-image-39251\" src=\"http:\/\/recettes-gourmandes-de-joce.fr\/wp-content\/uploads\/2021\/09\/20210906_195418-300x225.jpg\" alt=\"\" width=\"300\" height=\"225\" srcset=\"http:\/\/recettes-gourmandes-de-joce.fr\/wp-content\/uploads\/2021\/09\/20210906_195418-300x225.jpg 300w, http:\/\/recettes-gourmandes-de-joce.fr\/wp-content\/uploads\/2021\/09\/20210906_195418-768x576.jpg 768w, http:\/\/recettes-gourmandes-de-joce.fr\/wp-content\/uploads\/2021\/09\/20210906_195418-750x563.jpg 750w, http:\/\/recettes-gourmandes-de-joce.fr\/wp-content\/uploads\/2021\/09\/20210906_195418.jpg 800w\" sizes=\"auto, (max-width: 300px) 100vw, 300px\" \/>\u00a0 3\u00a0<sup>-\u00e8me\u00a0 <\/sup>Recette -&gt; <span style=\"color: #800080;\">Rillettes de poulet<\/span><\/em><\/span><\/a><\/p>\n<p><a href=\"http:\/\/recettes-gourmandes-de-joce.fr\/index.php\/index\/viandes\/volailles\/poulet\/poulet-au-brie-de-meaux-mijote-en-cocotte\/\"><span style=\"font-size: 14pt; font-family: georgia, palatino, serif; color: #993300;\"><em><img loading=\"lazy\" decoding=\"async\" class=\"alignnone size-medium wp-image-17831\" style=\"text-align: center;\" src=\"http:\/\/recettes-gourmandes-de-joce.fr\/wp-content\/uploads\/2020\/03\/20200301_103939-300x218.jpg\" alt=\"\" width=\"300\" height=\"218\" srcset=\"http:\/\/recettes-gourmandes-de-joce.fr\/wp-content\/uploads\/2020\/03\/20200301_103939-300x218.jpg 300w, http:\/\/recettes-gourmandes-de-joce.fr\/wp-content\/uploads\/2020\/03\/20200301_103939-768x557.jpg 768w, http:\/\/recettes-gourmandes-de-joce.fr\/wp-content\/uploads\/2020\/03\/20200301_103939-1024x742.jpg 1024w, http:\/\/recettes-gourmandes-de-joce.fr\/wp-content\/uploads\/2020\/03\/20200301_103939.jpg 1600w\" sizes=\"auto, (max-width: 300px) 100vw, 300px\" \/>\u00a0 4 <sup>-\u00e8me <\/sup>Recette\u00a0 -&gt; <span style=\"color: #800080;\">Poulet au Brie mijot\u00e9 en cocotte\u00a0<\/span><\/em><\/span><\/a><\/p>\n<p style=\"text-align: center;\"><span style=\"font-size: 18pt; font-family: georgia, palatino, serif; color: #993300;\"><em>Bon app\u00e9tit!<\/em><\/span><\/p>\n<p style=\"text-align: center;\"><img loading=\"lazy\" decoding=\"async\" class=\"alignnone wp-image-37354 size-full\" src=\"http:\/\/recettes-gourmandes-de-joce.fr\/wp-content\/uploads\/2021\/06\/logitech-gaming-software-14112014-121223.jpg\" alt=\"\" width=\"640\" height=\"144\" srcset=\"http:\/\/recettes-gourmandes-de-joce.fr\/wp-content\/uploads\/2021\/06\/logitech-gaming-software-14112014-121223.jpg 640w, http:\/\/recettes-gourmandes-de-joce.fr\/wp-content\/uploads\/2021\/06\/logitech-gaming-software-14112014-121223-300x68.jpg 300w\" sizes=\"auto, (max-width: 640px) 100vw, 640px\" \/><\/p>\n","protected":false},"excerpt":{"rendered":"<p>Mes recettes \u00a0 Ingr\u00e9dients 1 poulet\u00a0 Bonjour Bien souvent on jette la carcasse du poulet lorsque l&rsquo;on cuisine un poulet que l&rsquo;on coupe en morceaux. Je vous propose de garder celle-ci, de la congeler si vous n&rsquo;avez pas assez de temps pour la cuisiner le jour m\u00eame et de r\u00e9aliser ensuite ces recettes lorsque vous &hellip; <\/p>\n<p><a class=\"more-link btn\" href=\"http:\/\/recettes-gourmandes-de-joce.fr\/index.php\/index\/viandes\/volailles\/poulet\/un-poulet-4-recettes-realisees-avec\/\">Lire la suite<\/a><\/p>\n","protected":false},"author":2,"featured_media":73788,"parent":979,"menu_order":0,"comment_status":"open","ping_status":"closed","template":"","meta":{"footnotes":""},"class_list":["post-39433","page","type-page","status-publish","has-post-thumbnail","hentry","nodate","item-wrap"],"_links":{"self":[{"href":"http:\/\/recettes-gourmandes-de-joce.fr\/index.php\/wp-json\/wp\/v2\/pages\/39433","targetHints":{"allow":["GET"]}}],"collection":[{"href":"http:\/\/recettes-gourmandes-de-joce.fr\/index.php\/wp-json\/wp\/v2\/pages"}],"about":[{"href":"http:\/\/recettes-gourmandes-de-joce.fr\/index.php\/wp-json\/wp\/v2\/types\/page"}],"author":[{"embeddable":true,"href":"http:\/\/recettes-gourmandes-de-joce.fr\/index.php\/wp-json\/wp\/v2\/users\/2"}],"replies":[{"embeddable":true,"href":"http:\/\/recettes-gourmandes-de-joce.fr\/index.php\/wp-json\/wp\/v2\/comments?post=39433"}],"version-history":[{"count":5,"href":"http:\/\/recettes-gourmandes-de-joce.fr\/index.php\/wp-json\/wp\/v2\/pages\/39433\/revisions"}],"predecessor-version":[{"id":73852,"href":"http:\/\/recettes-gourmandes-de-joce.fr\/index.php\/wp-json\/wp\/v2\/pages\/39433\/revisions\/73852"}],"up":[{"embeddable":true,"href":"http:\/\/recettes-gourmandes-de-joce.fr\/index.php\/wp-json\/wp\/v2\/pages\/979"}],"wp:featuredmedia":[{"embeddable":true,"href":"http:\/\/recettes-gourmandes-de-joce.fr\/index.php\/wp-json\/wp\/v2\/media\/73788"}],"wp:attachment":[{"href":"http:\/\/recettes-gourmandes-de-joce.fr\/index.php\/wp-json\/wp\/v2\/media?parent=39433"}],"curies":[{"name":"wp","href":"https:\/\/api.w.org\/{rel}","templated":true}]}}