{"id":39375,"date":"2021-09-12T09:50:23","date_gmt":"2021-09-12T09:50:23","guid":{"rendered":"http:\/\/recettes-gourmandes-de-joce.fr\/?page_id=39375"},"modified":"2024-07-30T22:54:33","modified_gmt":"2024-07-30T22:54:33","slug":"menu-fete-des-meres-2","status":"publish","type":"page","link":"http:\/\/recettes-gourmandes-de-joce.fr\/index.php\/index\/menus-buffet-courses\/menu-a-theme\/menu-fete-des-meres-2\/","title":{"rendered":"Menu f\u00eate des m\u00e8res 2."},"content":{"rendered":"<p style=\"text-align: center;\"><span style=\"font-family: georgia,serif;\"><span style=\"color: #ff0066;\"><span style=\"font-size: 24px;\"><u><em>Menu f\u00eate des m\u00e8res 2.<\/em><\/u><\/span><\/span><\/span><\/p>\n<p style=\"text-align: center;\"><span style=\"font-family: georgia,serif;\"><img loading=\"lazy\" decoding=\"async\" class=\"alignnone wp-image-39484\" src=\"http:\/\/recettes-gourmandes-de-joce.fr\/wp-content\/uploads\/2021\/09\/Captures-decran30-300x233.jpg\" alt=\"\" width=\"451\" height=\"350\" srcset=\"http:\/\/recettes-gourmandes-de-joce.fr\/wp-content\/uploads\/2021\/09\/Captures-decran30-300x233.jpg 300w, http:\/\/recettes-gourmandes-de-joce.fr\/wp-content\/uploads\/2021\/09\/Captures-decran30-768x596.jpg 768w, http:\/\/recettes-gourmandes-de-joce.fr\/wp-content\/uploads\/2021\/09\/Captures-decran30-750x582.jpg 750w, http:\/\/recettes-gourmandes-de-joce.fr\/wp-content\/uploads\/2021\/09\/Captures-decran30.jpg 800w\" sizes=\"auto, (max-width: 451px) 100vw, 451px\" \/><\/span><u style=\"color: #ff0066; font-family: georgia, serif; font-size: 24px;\"><\/u><\/p>\n<p style=\"text-align: center;\"><span style=\"font-family: georgia, palatino, serif; font-size: 14pt; color: #000000;\"><em>Cliquez sur les photos ou les titres pour vous rendre sur les recettes\u00a0<\/em><\/span><\/p>\n<p style=\"text-align: center;\"><span style=\"font-family: georgia, palatino, serif; font-size: 14pt; color: #000000;\"><em>Plusieurs propositions selon les go\u00fbts<\/em><\/span><\/p>\n<p style=\"text-align: center;\"><span style=\"font-family: georgia,serif;\"><span style=\"color: #ff0066;\"><span style=\"font-size: 24px;\"><u><em>Ap\u00e9ritif<\/em><\/u><\/span><\/span><\/span><\/p>\n<p style=\"text-align: center;\"><a href=\"http:\/\/recettes-gourmandes-de-joce.fr\/index.php\/index\/aperitifs-amuses-bouches\/aperitifs\/mojito-a-ma-facon\/\"><span style=\"font-family: georgia,serif;\"> <img loading=\"lazy\" decoding=\"async\" class=\"alignnone wp-image-1088\" src=\"http:\/\/recettes-gourmandes-de-joce.fr\/wp-content\/uploads\/2019\/09\/mojitos3-300x293.jpg\" alt=\"\" width=\"185\" height=\"180\" srcset=\"http:\/\/recettes-gourmandes-de-joce.fr\/wp-content\/uploads\/2019\/09\/mojitos3-300x293.jpg 300w, http:\/\/recettes-gourmandes-de-joce.fr\/wp-content\/uploads\/2019\/09\/mojitos3-768x749.jpg 768w, http:\/\/recettes-gourmandes-de-joce.fr\/wp-content\/uploads\/2019\/09\/mojitos3.jpg 800w\" sizes=\"auto, (max-width: 185px) 100vw, 185px\" \/><\/span><\/a><\/p>\n<ul>\n<li><a href=\"http:\/\/recettes-gourmandes-de-joce.fr\/index.php\/index\/aperitifs-amuses-bouches\/aperitifs\/mojito-a-ma-facon\/\"><span style=\"color: #800080;\"><em><span style=\"font-size: 14pt;\"><span style=\"font-family: georgia, palatino, serif;\">Mojito \u00e0 ma fa\u00e7on<\/span><\/span><\/em><\/span><\/a><\/li>\n<\/ul>\n<p style=\"text-align: center;\"><span style=\"font-family: georgia,serif;\"><span style=\"font-size: x-large; text-decoration: underline;\"><span style=\"color: #ff0000; text-decoration: underline;\"><em>Amuse-bouches<\/em><\/span><\/span><\/span><\/p>\n<p style=\"text-align: center;\"><span style=\"font-family: georgia,serif;\"><a href=\"http:\/\/recettes-gourmandes-de-joce.fr\/index.php\/index\/aperitifs-amuses-bouches\/amuses-bouches\/toasts-a-la-concassee-de-tomates-epicee-et-jambon-de-bayonne\/\"><span style=\"color: #0066cc;\"><img loading=\"lazy\" decoding=\"async\" class=\"alignnone wp-image-1402\" src=\"http:\/\/recettes-gourmandes-de-joce.fr\/wp-content\/uploads\/2019\/09\/toasts-jambon-tomate17-300x225.jpg\" alt=\"\" width=\"240\" height=\"180\" srcset=\"http:\/\/recettes-gourmandes-de-joce.fr\/wp-content\/uploads\/2019\/09\/toasts-jambon-tomate17-300x225.jpg 300w, http:\/\/recettes-gourmandes-de-joce.fr\/wp-content\/uploads\/2019\/09\/toasts-jambon-tomate17-768x576.jpg 768w, http:\/\/recettes-gourmandes-de-joce.fr\/wp-content\/uploads\/2019\/09\/toasts-jambon-tomate17.jpg 800w\" sizes=\"auto, (max-width: 240px) 100vw, 240px\" \/> <\/span><\/a><a href=\"http:\/\/recettes-gourmandes-de-joce.fr\/index.php\/index\/aperitifs-amuses-bouches\/amuses-bouches\/trio-de-brochettes-aperitives-au-melon\/\"><span style=\"color: #0066cc;\"><img loading=\"lazy\" decoding=\"async\" class=\"alignnone wp-image-21789\" src=\"http:\/\/recettes-gourmandes-de-joce.fr\/wp-content\/uploads\/2020\/05\/trio-de-brochettes-aperitives-au-melon-07-300x225.jpg\" alt=\"\" width=\"240\" height=\"180\" srcset=\"http:\/\/recettes-gourmandes-de-joce.fr\/wp-content\/uploads\/2020\/05\/trio-de-brochettes-aperitives-au-melon-07-300x225.jpg 300w, http:\/\/recettes-gourmandes-de-joce.fr\/wp-content\/uploads\/2020\/05\/trio-de-brochettes-aperitives-au-melon-07.jpg 720w\" sizes=\"auto, (max-width: 240px) 100vw, 240px\" \/><\/span><\/a> <a href=\"http:\/\/recettes-gourmandes-de-joce.fr\/index.php\/index\/aperitifs-amuses-bouches\/verrines-froides\/verrines-aperitives-de-surimi-et-oeufs-de-caille\/\"><img loading=\"lazy\" decoding=\"async\" class=\"alignnone wp-image-1210\" src=\"http:\/\/recettes-gourmandes-de-joce.fr\/wp-content\/uploads\/2019\/09\/verrines-caille-surimi13-300x247.jpg\" alt=\"\" width=\"219\" height=\"180\" srcset=\"http:\/\/recettes-gourmandes-de-joce.fr\/wp-content\/uploads\/2019\/09\/verrines-caille-surimi13-300x247.jpg 300w, http:\/\/recettes-gourmandes-de-joce.fr\/wp-content\/uploads\/2019\/09\/verrines-caille-surimi13-768x632.jpg 768w, http:\/\/recettes-gourmandes-de-joce.fr\/wp-content\/uploads\/2019\/09\/verrines-caille-surimi13.jpg 800w\" sizes=\"auto, (max-width: 219px) 100vw, 219px\" \/><\/a><\/span><\/p>\n<ul>\n<li><a href=\"http:\/\/recettes-gourmandes-de-joce.fr\/index.php\/index\/aperitifs-amuses-bouches\/amuses-bouches\/toasts-a-la-concassee-de-tomates-epicee-et-jambon-de-bayonne\/\"><span style=\"font-size: 14pt;\"><em><span style=\"font-family: georgia, palatino, serif;\"><span style=\"color: #800080;\">Toasts \u00e0 la concass\u00e9e de tomates \u00e9pic\u00e9e et jambon de Bayonne<\/span><\/span><\/em><\/span><\/a><\/li>\n<li><a href=\"http:\/\/recettes-gourmandes-de-joce.fr\/index.php\/index\/aperitifs-amuses-bouches\/amuses-bouches\/trio-de-brochettes-aperitives-au-melon\/\"><span style=\"color: #800080;\"><em><span style=\"font-family: georgia, palatino, serif; font-size: 14pt;\">Trio de brochettes ap\u00e9ritives au melon<\/span><\/em><\/span><\/a><\/li>\n<li>\n<p class=\"post-title entry-title\"><a href=\"http:\/\/recettes-gourmandes-de-joce.fr\/index.php\/index\/aperitifs-amuses-bouches\/verrines-froides\/verrines-aperitives-de-surimi-et-oeufs-de-caille\/\"><span style=\"color: #800080;\"><span style=\"font-size: 14pt; font-family: georgia, palatino, serif;\"><em>Verrines ap\u00e9ritives de surimi et \u0153ufs de caille<\/em><\/span><\/span><\/a><\/p>\n<\/li>\n<\/ul>\n<p style=\"text-align: center;\"><span style=\"font-family: georgia,serif;\"><span style=\"color: #ff0066;\"><span style=\"font-size: x-large; text-decoration: underline;\"><span style=\"font-size: x-large;\"><em>Les entr\u00e9es<\/em><\/span><\/span><\/span><\/span><\/p>\n<p style=\"text-align: center;\"><span style=\"font-family: georgia,serif;\"><a href=\"http:\/\/recettes-gourmandes-de-joce.fr\/index.php\/index\/entrees\/entrees-chaudes\/feuilletes-de-st-jacques-et-crevettes-aux-champignons\/\"><span style=\"color: #0066cc;\"><img loading=\"lazy\" decoding=\"async\" class=\"alignnone wp-image-2566\" src=\"http:\/\/recettes-gourmandes-de-joce.fr\/wp-content\/uploads\/2019\/10\/feulletes-st-jacques1-300x225.jpg\" alt=\"\" width=\"240\" height=\"180\" srcset=\"http:\/\/recettes-gourmandes-de-joce.fr\/wp-content\/uploads\/2019\/10\/feulletes-st-jacques1-300x225.jpg 300w, http:\/\/recettes-gourmandes-de-joce.fr\/wp-content\/uploads\/2019\/10\/feulletes-st-jacques1-768x576.jpg 768w, http:\/\/recettes-gourmandes-de-joce.fr\/wp-content\/uploads\/2019\/10\/feulletes-st-jacques1.jpg 800w\" sizes=\"auto, (max-width: 240px) 100vw, 240px\" \/><\/span><\/a> <a href=\"http:\/\/recettes-gourmandes-de-joce.fr\/index.php\/index\/entrees\/entrees-froides\/millefeuille-de-truite-fumee-au-colin-epice-oeufs-durs-aux-crevettes\/\"><span style=\"color: #0066cc;\"><img loading=\"lazy\" decoding=\"async\" class=\"alignnone wp-image-2494\" src=\"http:\/\/recettes-gourmandes-de-joce.fr\/wp-content\/uploads\/2019\/10\/millefeuille-truite-colin1-300x206.jpg\" alt=\"\" width=\"262\" height=\"180\" srcset=\"http:\/\/recettes-gourmandes-de-joce.fr\/wp-content\/uploads\/2019\/10\/millefeuille-truite-colin1-300x206.jpg 300w, http:\/\/recettes-gourmandes-de-joce.fr\/wp-content\/uploads\/2019\/10\/millefeuille-truite-colin1-768x528.jpg 768w, http:\/\/recettes-gourmandes-de-joce.fr\/wp-content\/uploads\/2019\/10\/millefeuille-truite-colin1.jpg 1024w\" sizes=\"auto, (max-width: 262px) 100vw, 262px\" \/><\/span><\/a><a href=\"http:\/\/recettes-gourmandes-de-joce.fr\/index.php\/index\/entrees\/entrees-chaudes\/feuilletes-au-jambon-poireaux-et-emmental-en-forme-de-coeur\/\"><span style=\"color: #0066cc;\"> <img loading=\"lazy\" decoding=\"async\" class=\"alignnone wp-image-2563\" src=\"http:\/\/recettes-gourmandes-de-joce.fr\/wp-content\/uploads\/2019\/10\/feuilletes-jambon1-1-300x225.jpg\" alt=\"\" width=\"240\" height=\"180\" srcset=\"http:\/\/recettes-gourmandes-de-joce.fr\/wp-content\/uploads\/2019\/10\/feuilletes-jambon1-1-300x225.jpg 300w, http:\/\/recettes-gourmandes-de-joce.fr\/wp-content\/uploads\/2019\/10\/feuilletes-jambon1-1-768x576.jpg 768w, http:\/\/recettes-gourmandes-de-joce.fr\/wp-content\/uploads\/2019\/10\/feuilletes-jambon1-1.jpg 1024w\" sizes=\"auto, (max-width: 240px) 100vw, 240px\" \/><\/span><\/a><\/span><\/p>\n<ul>\n<li>\n<p class=\"post-title entry-title\"><a href=\"http:\/\/recettes-gourmandes-de-joce.fr\/index.php\/index\/entrees\/entrees-chaudes\/feuilletes-de-st-jacques-et-crevettes-aux-champignons\/\"><span style=\"color: #800080;\"><span style=\"font-size: 14pt; font-family: georgia, palatino, serif;\"><em>Feuillet\u00e9s de St Jacques et crevettes aux champignons<\/em><\/span><\/span><\/a><\/p>\n<\/li>\n<li>\n<p class=\"post-title entry-title\"><a href=\"http:\/\/recettes-gourmandes-de-joce.fr\/index.php\/index\/entrees\/entrees-froides\/millefeuille-de-truite-fumee-au-colin-epice-oeufs-durs-aux-crevettes\/\"><span style=\"color: #800080;\"><em><span style=\"font-family: georgia, palatino, serif; font-size: 14pt;\">Millefeuille de truite fum\u00e9e au colin \u00e9pic\u00e9, \u0153ufs durs aux crevettes<\/span><\/em><\/span><\/a><\/p>\n<\/li>\n<li>\n<p class=\"post-title entry-title\"><a href=\"http:\/\/recettes-gourmandes-de-joce.fr\/index.php\/index\/entrees\/entrees-chaudes\/feuilletes-au-jambon-poireaux-et-emmental-en-forme-de-coeur\/\"><span style=\"color: #800080;\"><em><span style=\"font-family: georgia, palatino, serif; font-size: 14pt;\">Feuillet\u00e9s au jambon, poireaux et Emmental en forme de c\u0153ur<\/span><\/em><\/span><\/a><\/p>\n<\/li>\n<\/ul>\n<p style=\"text-align: center;\"><span style=\"font-family: georgia,serif;\"><span style=\"font-size: x-large; text-decoration: underline;\"><span style=\"color: #ff0000; text-decoration: underline;\"><em>Les plats<\/em><\/span><\/span><\/span><\/p>\n<p style=\"text-align: center;\"><span style=\"font-family: georgia,serif;\"><a href=\"http:\/\/recettes-gourmandes-de-joce.fr\/index.php\/index\/viandes\/volailles\/poulet\/pilons-de-poulet-au-brie-et-aux-champignons\/\"><span style=\"color: #0066cc;\"><img loading=\"lazy\" decoding=\"async\" class=\"alignnone wp-image-6787\" src=\"http:\/\/recettes-gourmandes-de-joce.fr\/wp-content\/uploads\/2019\/10\/101_0399-3-300x225.jpg\" alt=\"\" width=\"240\" height=\"180\" srcset=\"http:\/\/recettes-gourmandes-de-joce.fr\/wp-content\/uploads\/2019\/10\/101_0399-3-300x225.jpg 300w, http:\/\/recettes-gourmandes-de-joce.fr\/wp-content\/uploads\/2019\/10\/101_0399-3.jpg 640w\" sizes=\"auto, (max-width: 240px) 100vw, 240px\" \/><\/span><\/a><a href=\"http:\/\/recettes-gourmandes-de-joce.fr\/index.php\/index\/viandes\/agneau-mouton\/355-2\/\"><span style=\"color: #0066cc;\"> <img loading=\"lazy\" decoding=\"async\" class=\"alignnone wp-image-465\" src=\"http:\/\/recettes-gourmandes-de-joce.fr\/wp-content\/uploads\/2019\/09\/gigot-moutarde20-300x225.jpg\" alt=\"\" width=\"240\" height=\"180\" srcset=\"http:\/\/recettes-gourmandes-de-joce.fr\/wp-content\/uploads\/2019\/09\/gigot-moutarde20-300x225.jpg 300w, http:\/\/recettes-gourmandes-de-joce.fr\/wp-content\/uploads\/2019\/09\/gigot-moutarde20-768x576.jpg 768w, http:\/\/recettes-gourmandes-de-joce.fr\/wp-content\/uploads\/2019\/09\/gigot-moutarde20.jpg 800w\" sizes=\"auto, (max-width: 240px) 100vw, 240px\" \/><\/span><\/a><a href=\"http:\/\/recettes-gourmandes-de-joce.fr\/index.php\/index\/poissons-coquillages\/filets-paves\/dos-de-cabillaud-aux-coques-et-a-loseille\/\"><span style=\"color: #0066cc;\"> <img loading=\"lazy\" decoding=\"async\" class=\"alignnone wp-image-2324\" src=\"http:\/\/recettes-gourmandes-de-joce.fr\/wp-content\/uploads\/2019\/10\/dos-cabillaud-oseille20-300x209.jpg\" alt=\"\" width=\"258\" height=\"180\" srcset=\"http:\/\/recettes-gourmandes-de-joce.fr\/wp-content\/uploads\/2019\/10\/dos-cabillaud-oseille20-300x209.jpg 300w, http:\/\/recettes-gourmandes-de-joce.fr\/wp-content\/uploads\/2019\/10\/dos-cabillaud-oseille20-768x536.jpg 768w, http:\/\/recettes-gourmandes-de-joce.fr\/wp-content\/uploads\/2019\/10\/dos-cabillaud-oseille20.jpg 800w\" sizes=\"auto, (max-width: 258px) 100vw, 258px\" \/><\/span><\/a><\/span><\/p>\n<ul>\n<li><a href=\"http:\/\/recettes-gourmandes-de-joce.fr\/index.php\/index\/viandes\/volailles\/poulet\/pilons-de-poulet-au-brie-et-aux-champignons\/\"><span style=\"color: #800080;\"><em><span style=\"font-family: georgia, palatino, serif; font-size: 14pt;\">Pilons de poulet au Brie et aux champignons<\/span><\/em><\/span><\/a><\/li>\n<li><span style=\"font-size: 14pt; font-family: georgia, palatino, serif; color: #800080;\"><em><span class=\"text_exposed_show\">\u00a0<\/span><\/em><a href=\"http:\/\/recettes-gourmandes-de-joce.fr\/index.php\/index\/viandes\/agneau-mouton\/355-2\/\"><em>Gigot d\u2019agneau de lait au romarin et thym, sauce \u00e0 l\u2019ail et \u00e0 la moutarde<\/em><\/a><\/span><\/li>\n<li>\n<p class=\"post-title entry-title\"><a href=\"http:\/\/recettes-gourmandes-de-joce.fr\/index.php\/index\/poissons-coquillages\/filets-paves\/dos-de-cabillaud-aux-coques-et-a-loseille\/\"><span style=\"color: #800080;\"><span style=\"font-size: 14pt; font-family: georgia, palatino, serif;\"><em>Dos de cabillaud aux coques et \u00e0 l\u2019oseille<\/em><\/span><\/span><\/a><\/p>\n<\/li>\n<\/ul>\n<p style=\"text-align: center;\"><span style=\"font-family: georgia,serif;\"><span style=\"color: #ff0066;\"><span style=\"font-size: x-large; text-decoration: underline;\"><span style=\"font-size: x-large;\"><em>Le pain<\/em><\/span><\/span><\/span><\/span><\/p>\n<p style=\"text-align: center;\"><a href=\"http:\/\/recettes-gourmandes-de-joce.fr\/index.php\/index\/pains-viennoiseries-map\/map-machine-a-pain\/pain-baguettes-petits-pains\/\"><img loading=\"lazy\" decoding=\"async\" class=\"alignnone wp-image-38687\" src=\"http:\/\/recettes-gourmandes-de-joce.fr\/wp-content\/uploads\/2021\/08\/Logitech-Gaming-Software-19102019-222359-301.jpg\" alt=\"\" width=\"207\" height=\"180\" \/><\/a><\/p>\n<ul>\n<li><a href=\"http:\/\/recettes-gourmandes-de-joce.fr\/index.php\/index\/pains-viennoiseries-map\/map-machine-a-pain\/pain-baguettes-petits-pains\/\"><span style=\"color: #800080;\"><span style=\"font-size: 14pt; font-family: georgia, palatino, serif;\"><em>Pain, baguette, petits pain<\/em><\/span><\/span><\/a><\/li>\n<\/ul>\n<p style=\"text-align: center;\"><span style=\"font-family: georgia,serif;\"><span style=\"color: #ff0000; font-size: x-large; text-decoration: underline;\"><em>Les desserts<\/em><\/span><\/span><\/p>\n<p style=\"text-align: center;\"><span style=\"font-family: georgia,serif;\"><a href=\"http:\/\/recettes-gourmandes-de-joce.fr\/index.php\/index\/desserts\/tartes-gateaux\/gateau-aux-abricots-caramelises-noisettes-et-amandes\/\"><span style=\"color: #0066cc;\"><img loading=\"lazy\" decoding=\"async\" class=\"alignnone wp-image-34086\" src=\"http:\/\/recettes-gourmandes-de-joce.fr\/wp-content\/uploads\/2021\/06\/p6130773-300x214.jpg\" alt=\"\" width=\"252\" height=\"180\" srcset=\"http:\/\/recettes-gourmandes-de-joce.fr\/wp-content\/uploads\/2021\/06\/p6130773-300x214.jpg 300w, http:\/\/recettes-gourmandes-de-joce.fr\/wp-content\/uploads\/2021\/06\/p6130773-768x548.jpg 768w, http:\/\/recettes-gourmandes-de-joce.fr\/wp-content\/uploads\/2021\/06\/p6130773-750x535.jpg 750w, http:\/\/recettes-gourmandes-de-joce.fr\/wp-content\/uploads\/2021\/06\/p6130773.jpg 799w\" sizes=\"auto, (max-width: 252px) 100vw, 252px\" \/><\/span><\/a><a href=\"http:\/\/recettes-gourmandes-de-joce.fr\/index.php\/index\/desserts\/desserts-avec-des-fraises\/coupes-de-fraises-chocolat-petits-suisses\/\"><span style=\"color: #0066cc;\"> <img loading=\"lazy\" decoding=\"async\" class=\"alignnone wp-image-2876\" src=\"http:\/\/recettes-gourmandes-de-joce.fr\/wp-content\/uploads\/2019\/10\/coupes-fraises-choco1-300x225.jpg\" alt=\"\" width=\"240\" height=\"180\" srcset=\"http:\/\/recettes-gourmandes-de-joce.fr\/wp-content\/uploads\/2019\/10\/coupes-fraises-choco1-300x225.jpg 300w, http:\/\/recettes-gourmandes-de-joce.fr\/wp-content\/uploads\/2019\/10\/coupes-fraises-choco1-768x576.jpg 768w, http:\/\/recettes-gourmandes-de-joce.fr\/wp-content\/uploads\/2019\/10\/coupes-fraises-choco1.jpg 800w\" sizes=\"auto, (max-width: 240px) 100vw, 240px\" \/><\/span><\/a><\/span><\/p>\n<ul>\n<li><a href=\"http:\/\/recettes-gourmandes-de-joce.fr\/index.php\/index\/desserts\/tartes-gateaux\/gateau-aux-abricots-caramelises-noisettes-et-amandes\/\"><span style=\"font-family: georgia, palatino, serif; font-size: 14pt; color: #800080;\"><em>G\u00e2teau aux abricots caram\u00e9lis\u00e9s, noisettes et amandes<\/em><\/span><\/a><\/li>\n<li><a href=\"http:\/\/recettes-gourmandes-de-joce.fr\/index.php\/index\/desserts\/desserts-avec-des-fraises\/coupes-de-fraises-chocolat-petits-suisses\/\"><span style=\"font-size: 14pt; color: #800080;\"><span style=\"font-family: georgia, palatino, serif;\"><em>Coupes de fraises, chocolat, petits suisses<\/em><\/span><\/span><\/a><\/li>\n<\/ul>\n<p style=\"text-align: center;\"><span style=\"font-family: georgia,serif;\"><span style=\"color: #ff0066;\"><span style=\"font-size: 24px;\"><u><em>D\u00e9coration de table et pliage de serviette<\/em><\/u><\/span><\/span><\/span><\/p>\n<p style=\"text-align: center;\"><span style=\"font-family: georgia,serif;\"><a href=\"http:\/\/recettes-gourmandes-de-joce.fr\/index.php\/index-divers\/decorations-de-table\/decorations-de-table\/decoration-de-table-de-la-fete-des-meres-n2\/\"><span style=\"color: #0066cc;\"><img loading=\"lazy\" decoding=\"async\" class=\"alignnone wp-image-31657\" src=\"http:\/\/recettes-gourmandes-de-joce.fr\/wp-content\/uploads\/2021\/05\/p5220421-1-300x228.jpg\" alt=\"\" width=\"237\" height=\"180\" srcset=\"http:\/\/recettes-gourmandes-de-joce.fr\/wp-content\/uploads\/2021\/05\/p5220421-1-300x228.jpg 300w, http:\/\/recettes-gourmandes-de-joce.fr\/wp-content\/uploads\/2021\/05\/p5220421-1.jpg 728w\" sizes=\"auto, (max-width: 237px) 100vw, 237px\" \/> <\/span><\/a><a href=\"http:\/\/recettes-gourmandes-de-joce.fr\/index.php\/index-divers\/decorations-de-table\/pliage-de-serviette-de-table\/pliage-de-serviettes-de-table-en-forme-de-coeur\/\"><span style=\"color: #0066cc;\"><img loading=\"lazy\" decoding=\"async\" class=\"alignnone wp-image-24875\" src=\"http:\/\/recettes-gourmandes-de-joce.fr\/wp-content\/uploads\/2020\/08\/P21105501-300x244.jpg\" alt=\"\" width=\"222\" height=\"180\" srcset=\"http:\/\/recettes-gourmandes-de-joce.fr\/wp-content\/uploads\/2020\/08\/P21105501-300x244.jpg 300w, http:\/\/recettes-gourmandes-de-joce.fr\/wp-content\/uploads\/2020\/08\/P21105501.jpg 436w\" sizes=\"auto, (max-width: 222px) 100vw, 222px\" \/><\/span><\/a><\/span><\/p>\n<ul>\n<li><a href=\"http:\/\/recettes-gourmandes-de-joce.fr\/index.php\/index-divers\/decorations-de-table\/decorations-de-table\/decoration-de-table-de-la-fete-des-meres-n2\/\"><span style=\"color: #800080;\"><span style=\"font-size: 14pt;\"><em><span style=\"font-family: georgia, palatino, serif;\">D\u00e9coration de table de la f\u00eate des m\u00e8res N\u00b02<\/span><\/em><\/span><\/span><\/a><\/li>\n<li><a href=\"http:\/\/recettes-gourmandes-de-joce.fr\/index.php\/index-divers\/decorations-de-table\/pliage-de-serviette-de-table\/pliage-de-serviettes-de-table-en-forme-de-coeur\/\"><span style=\"color: #800080;\"><em><span style=\"font-family: georgia, palatino, serif; font-size: 14pt;\">Pliage de serviette forme c\u0153ur<\/span><\/em><\/span><\/a><\/li>\n<\/ul>\n<p>&nbsp;<\/p>\n<p style=\"text-align: center;\"><span style=\"font-family: georgia,serif;\"><span style=\"color: #ff0066;\"><span style=\"font-size: 24px;\"><u><em>Bonne f\u00eate des m\u00e8res \u00e0 toutes les mamans du monde!<\/em><\/u><\/span><\/span><\/span><\/p>\n<p style=\"text-align: center;\"><img loading=\"lazy\" decoding=\"async\" class=\"alignnone wp-image-37354 size-full\" src=\"http:\/\/recettes-gourmandes-de-joce.fr\/wp-content\/uploads\/2021\/06\/logitech-gaming-software-14112014-121223.jpg\" alt=\"\" width=\"640\" height=\"144\" srcset=\"http:\/\/recettes-gourmandes-de-joce.fr\/wp-content\/uploads\/2021\/06\/logitech-gaming-software-14112014-121223.jpg 640w, http:\/\/recettes-gourmandes-de-joce.fr\/wp-content\/uploads\/2021\/06\/logitech-gaming-software-14112014-121223-300x68.jpg 300w\" sizes=\"auto, (max-width: 640px) 100vw, 640px\" \/><\/p>\n","protected":false},"excerpt":{"rendered":"<p>Menu f\u00eate des m\u00e8res 2. Cliquez sur les photos ou les titres pour vous rendre sur les recettes\u00a0 Plusieurs propositions selon les go\u00fbts Ap\u00e9ritif Mojito \u00e0 ma fa\u00e7on Amuse-bouches Toasts \u00e0 la concass\u00e9e de tomates \u00e9pic\u00e9e et jambon de Bayonne Trio de brochettes ap\u00e9ritives au melon Verrines ap\u00e9ritives de surimi et \u0153ufs de caille Les &hellip; <\/p>\n<p><a class=\"more-link btn\" href=\"http:\/\/recettes-gourmandes-de-joce.fr\/index.php\/index\/menus-buffet-courses\/menu-a-theme\/menu-fete-des-meres-2\/\">Lire la suite<\/a><\/p>\n","protected":false},"author":2,"featured_media":88201,"parent":253,"menu_order":0,"comment_status":"open","ping_status":"closed","template":"","meta":{"footnotes":""},"class_list":["post-39375","page","type-page","status-publish","has-post-thumbnail","hentry","nodate","item-wrap"],"_links":{"self":[{"href":"http:\/\/recettes-gourmandes-de-joce.fr\/index.php\/wp-json\/wp\/v2\/pages\/39375","targetHints":{"allow":["GET"]}}],"collection":[{"href":"http:\/\/recettes-gourmandes-de-joce.fr\/index.php\/wp-json\/wp\/v2\/pages"}],"about":[{"href":"http:\/\/recettes-gourmandes-de-joce.fr\/index.php\/wp-json\/wp\/v2\/types\/page"}],"author":[{"embeddable":true,"href":"http:\/\/recettes-gourmandes-de-joce.fr\/index.php\/wp-json\/wp\/v2\/users\/2"}],"replies":[{"embeddable":true,"href":"http:\/\/recettes-gourmandes-de-joce.fr\/index.php\/wp-json\/wp\/v2\/comments?post=39375"}],"version-history":[{"count":8,"href":"http:\/\/recettes-gourmandes-de-joce.fr\/index.php\/wp-json\/wp\/v2\/pages\/39375\/revisions"}],"predecessor-version":[{"id":88202,"href":"http:\/\/recettes-gourmandes-de-joce.fr\/index.php\/wp-json\/wp\/v2\/pages\/39375\/revisions\/88202"}],"up":[{"embeddable":true,"href":"http:\/\/recettes-gourmandes-de-joce.fr\/index.php\/wp-json\/wp\/v2\/pages\/253"}],"wp:featuredmedia":[{"embeddable":true,"href":"http:\/\/recettes-gourmandes-de-joce.fr\/index.php\/wp-json\/wp\/v2\/media\/88201"}],"wp:attachment":[{"href":"http:\/\/recettes-gourmandes-de-joce.fr\/index.php\/wp-json\/wp\/v2\/media?parent=39375"}],"curies":[{"name":"wp","href":"https:\/\/api.w.org\/{rel}","templated":true}]}}