{"id":38708,"date":"2021-08-22T21:00:48","date_gmt":"2021-08-22T21:00:48","guid":{"rendered":"http:\/\/recettes-gourmandes-de-joce.fr\/?page_id=38708"},"modified":"2024-07-30T22:17:40","modified_gmt":"2024-07-30T22:17:40","slug":"menu-de-paques-n4","status":"publish","type":"page","link":"http:\/\/recettes-gourmandes-de-joce.fr\/index.php\/index\/menus-buffet-courses\/menu-a-theme\/menu-de-paques-n4\/","title":{"rendered":"Menu de P\u00e2ques N\u00b04."},"content":{"rendered":"<p style=\"text-align: center;\"><span style=\"text-decoration: underline; color: #808000;\"><span style=\"font-family: georgia, palatino, serif; font-size: 18pt;\"><em>Menu de P\u00e2ques N\u00b04<\/em><\/span><\/span><\/p>\n<p style=\"text-align: center;\"><img loading=\"lazy\" decoding=\"async\" class=\"alignnone wp-image-38709\" src=\"http:\/\/recettes-gourmandes-de-joce.fr\/wp-content\/uploads\/2021\/08\/Captures-decran109-300x249.jpg\" alt=\"\" width=\"362\" height=\"300\" srcset=\"http:\/\/recettes-gourmandes-de-joce.fr\/wp-content\/uploads\/2021\/08\/Captures-decran109-300x249.jpg 300w, http:\/\/recettes-gourmandes-de-joce.fr\/wp-content\/uploads\/2021\/08\/Captures-decran109-768x636.jpg 768w, http:\/\/recettes-gourmandes-de-joce.fr\/wp-content\/uploads\/2021\/08\/Captures-decran109-750x622.jpg 750w, http:\/\/recettes-gourmandes-de-joce.fr\/wp-content\/uploads\/2021\/08\/Captures-decran109.jpg 800w\" sizes=\"auto, (max-width: 362px) 100vw, 362px\" \/><\/p>\n<p style=\"text-align: center;\"><span style=\"font-size: 14pt;\"><span style=\"font-family: georgia,serif;\"><em>Cliquez sur le photos ou les titres des recettes pour vous rendre sur les recettes.<\/em><\/span><\/span><\/p>\n<p style=\"text-align: center;\"><span style=\"font-size: 14pt;\"><span style=\"font-family: georgia,serif;\"><em>Trois autres menus de P\u00e2ques sont disponibles sur ces liens<\/em><\/span><\/span><\/p>\n<p style=\"text-align: center;\"><span style=\"color: #808000;\"><u><span style=\"font-size: 24px;\"><span style=\"font-family: georgia,serif;\"><em>Ap\u00e9ritif<\/em><\/span><\/span><\/u><\/span><\/p>\n<p style=\"text-align: center;\"><a href=\"http:\/\/recettes-gourmandes-de-joce.fr\/index.php\/index\/aperitifs-amuses-bouches\/aperitifs\/soupe-de-champagne-a-la-clairette-de-die\/\"><img loading=\"lazy\" decoding=\"async\" class=\"alignnone wp-image-37420\" src=\"http:\/\/recettes-gourmandes-de-joce.fr\/wp-content\/uploads\/2021\/07\/soupe-champagne3-300x295.jpg\" alt=\"\" width=\"193\" height=\"190\" srcset=\"http:\/\/recettes-gourmandes-de-joce.fr\/wp-content\/uploads\/2021\/07\/soupe-champagne3-300x295.jpg 300w, http:\/\/recettes-gourmandes-de-joce.fr\/wp-content\/uploads\/2021\/07\/soupe-champagne3.jpg 429w\" sizes=\"auto, (max-width: 193px) 100vw, 193px\" \/><\/a><\/p>\n<ul>\n<li><a href=\"http:\/\/recettes-gourmandes-de-joce.fr\/index.php\/index\/aperitifs-amuses-bouches\/aperitifs\/soupe-de-champagne-a-la-clairette-de-die\/\"><span style=\"font-family: georgia, palatino, serif; font-size: 14pt;\"><em>Soupe de champagne \u00e0 la Clairette de Die<\/em><\/span><\/a><\/li>\n<\/ul>\n<p style=\"text-align: center;\"><span style=\"color: #ff9900; font-family: georgia, serif;\"><span style=\"font-size: 24px;\"><i><u>Amuse-bouche<\/u><\/i><\/span><\/span><\/p>\n<p style=\"text-align: center;\"><u><a href=\"http:\/\/recettes-gourmandes-de-joce.fr\/index.php\/index\/aperitifs-amuses-bouches\/amuses-bouches\/cuilleres-aperitives-a-la-tomate-et-oeufs-de-caille\/\"><img loading=\"lazy\" decoding=\"async\" class=\"alignnone wp-image-12930\" src=\"http:\/\/recettes-gourmandes-de-joce.fr\/wp-content\/uploads\/2019\/12\/P1010290-300x225.jpg\" alt=\"\" width=\"240\" height=\"180\" srcset=\"http:\/\/recettes-gourmandes-de-joce.fr\/wp-content\/uploads\/2019\/12\/P1010290-300x225.jpg 300w, http:\/\/recettes-gourmandes-de-joce.fr\/wp-content\/uploads\/2019\/12\/P1010290.jpg 640w\" sizes=\"auto, (max-width: 240px) 100vw, 240px\" \/><\/a> <a href=\"http:\/\/recettes-gourmandes-de-joce.fr\/index.php\/index\/aperitifs-amuses-bouches\/feuilletes-aperitifs\/fleurs-feuilletees-epicees-aux-knackies-olives\/\"><img loading=\"lazy\" decoding=\"async\" class=\"alignnone wp-image-1035\" src=\"http:\/\/recettes-gourmandes-de-joce.fr\/wp-content\/uploads\/2019\/09\/fleurs-apero14-300x200.jpg\" alt=\"\" width=\"270\" height=\"180\" srcset=\"http:\/\/recettes-gourmandes-de-joce.fr\/wp-content\/uploads\/2019\/09\/fleurs-apero14-300x200.jpg 300w, http:\/\/recettes-gourmandes-de-joce.fr\/wp-content\/uploads\/2019\/09\/fleurs-apero14-768x513.jpg 768w, http:\/\/recettes-gourmandes-de-joce.fr\/wp-content\/uploads\/2019\/09\/fleurs-apero14.jpg 800w\" sizes=\"auto, (max-width: 270px) 100vw, 270px\" \/><\/a>\u00a0<a href=\"http:\/\/recettes-gourmandes-de-joce.fr\/index.php\/index\/aperitifs-amuses-bouches\/verrines-froides\/verrines-aperitives-aux-crevettes-saumon-fume-mais-et-st-moret\/\"><img loading=\"lazy\" decoding=\"async\" class=\"alignnone wp-image-1204\" src=\"http:\/\/recettes-gourmandes-de-joce.fr\/wp-content\/uploads\/2019\/09\/tomates-farcies17a-300x200.jpg\" alt=\"\" width=\"270\" height=\"180\" srcset=\"http:\/\/recettes-gourmandes-de-joce.fr\/wp-content\/uploads\/2019\/09\/tomates-farcies17a-300x200.jpg 300w, http:\/\/recettes-gourmandes-de-joce.fr\/wp-content\/uploads\/2019\/09\/tomates-farcies17a-768x512.jpg 768w, http:\/\/recettes-gourmandes-de-joce.fr\/wp-content\/uploads\/2019\/09\/tomates-farcies17a.jpg 800w\" sizes=\"auto, (max-width: 270px) 100vw, 270px\" \/><\/a><\/u><\/p>\n<ul>\n<li><a href=\"http:\/\/recettes-gourmandes-de-joce.fr\/index.php\/index\/aperitifs-amuses-bouches\/amuses-bouches\/cuilleres-aperitives-a-la-tomate-et-oeufs-de-caille\/\"><span style=\"font-size: 14pt;\"><em><span style=\"font-family: georgia, palatino, serif;\">Cuill\u00e8res ap\u00e9ritives \u00e0 la tomate et \u0153ufs de caille<\/span><\/em><\/span><\/a><\/li>\n<li><a href=\"http:\/\/recettes-gourmandes-de-joce.fr\/index.php\/index\/aperitifs-amuses-bouches\/feuilletes-aperitifs\/fleurs-feuilletees-epicees-aux-knackies-olives\/\"><span style=\"font-size: 14pt;\"><em><span style=\"font-family: georgia, palatino, serif;\">Fleurs feuillet\u00e9es \u00e9pic\u00e9es aux knackies, olives<\/span><\/em><\/span><\/a><\/li>\n<li><a href=\"http:\/\/recettes-gourmandes-de-joce.fr\/index.php\/index\/aperitifs-amuses-bouches\/verrines-froides\/verrines-aperitives-aux-crevettes-saumon-fume-mais-et-st-moret\/\"><span style=\"font-family: georgia, palatino, serif; font-size: 14pt;\"><em>Verrines ap\u00e9ritives aux crevettes, saumon fum\u00e9, ma\u00efs et St Mor\u00eat<\/em><\/span><\/a><u style=\"color: #808000; text-align: center;\"><\/u><\/li>\n<\/ul>\n<p style=\"text-align: center;\"><u style=\"color: #808000; text-align: center;\"><span style=\"font-size: 24px;\"><span style=\"font-family: georgia,serif;\"><em>Entr\u00e9es froides ou chaudes<\/em><\/span><\/span><\/u><\/p>\n<p style=\"text-align: center;\"><u><a href=\"http:\/\/recettes-gourmandes-de-joce.fr\/index.php\/index\/entrees\/entrees-froides\/terrines-de-saumon-et-crevettes-epicees\/\"><img loading=\"lazy\" decoding=\"async\" class=\"alignnone wp-image-59936\" src=\"http:\/\/recettes-gourmandes-de-joce.fr\/wp-content\/uploads\/2024\/02\/terrine-saumon-crevettes3.jpg\" alt=\"\" width=\"253\" height=\"190\" srcset=\"http:\/\/recettes-gourmandes-de-joce.fr\/wp-content\/uploads\/2024\/02\/terrine-saumon-crevettes3.jpg 800w, http:\/\/recettes-gourmandes-de-joce.fr\/wp-content\/uploads\/2024\/02\/terrine-saumon-crevettes3-768x576.jpg 768w, http:\/\/recettes-gourmandes-de-joce.fr\/wp-content\/uploads\/2024\/02\/terrine-saumon-crevettes3-750x563.jpg 750w\" sizes=\"auto, (max-width: 253px) 100vw, 253px\" \/><\/a> <a href=\"http:\/\/recettes-gourmandes-de-joce.fr\/index.php\/index\/poissons-coquillages\/coquillages-crustaces\/coquilles-de-la-mer-aux-st-jacques-et-salicornes\/\"><img loading=\"lazy\" decoding=\"async\" class=\"alignnone wp-image-6784\" src=\"http:\/\/recettes-gourmandes-de-joce.fr\/wp-content\/uploads\/2019\/10\/101_0396-2-300x225.jpg\" alt=\"\" width=\"253\" height=\"190\" srcset=\"http:\/\/recettes-gourmandes-de-joce.fr\/wp-content\/uploads\/2019\/10\/101_0396-2-300x225.jpg 300w, http:\/\/recettes-gourmandes-de-joce.fr\/wp-content\/uploads\/2019\/10\/101_0396-2.jpg 640w\" sizes=\"auto, (max-width: 253px) 100vw, 253px\" \/><\/a><\/u><\/p>\n<ul>\n<li><span style=\"font-size: 14pt;\"><a href=\"http:\/\/recettes-gourmandes-de-joce.fr\/index.php\/index\/entrees\/entrees-froides\/terrines-de-saumon-et-crevettes-epicees\/\"><span style=\"font-family: georgia, palatino, serif;\"><em>Terrines de saumon et crevettes \u00e9pic\u00e9es<\/em><\/span><\/a><\/span><\/li>\n<li><a href=\"http:\/\/recettes-gourmandes-de-joce.fr\/index.php\/index\/poissons-coquillages\/coquillages-crustaces\/coquilles-de-la-mer-aux-st-jacques-et-salicornes\/\"><span style=\"font-family: georgia, palatino, serif; font-size: 14pt;\"><em>Coquilles de la mer aux St Jacques et salicornes<\/em><\/span><\/a><\/li>\n<\/ul>\n<p style=\"text-align: center;\"><span style=\"color: #ff9900;\"><u><span style=\"font-size: 24px;\"><span style=\"font-family: georgia,serif;\"><em>Plats<\/em><\/span><\/span><\/u><\/span><\/p>\n<p style=\"text-align: center;\"><u><a href=\"http:\/\/recettes-gourmandes-de-joce.fr\/index.php\/index\/viandes\/agneau-mouton\/357-2\/\"><img loading=\"lazy\" decoding=\"async\" class=\"alignnone wp-image-464\" src=\"http:\/\/recettes-gourmandes-de-joce.fr\/wp-content\/uploads\/2019\/09\/gigot-7h2-300x222.jpg\" alt=\"\" width=\"244\" height=\"180\" srcset=\"http:\/\/recettes-gourmandes-de-joce.fr\/wp-content\/uploads\/2019\/09\/gigot-7h2-300x222.jpg 300w, http:\/\/recettes-gourmandes-de-joce.fr\/wp-content\/uploads\/2019\/09\/gigot-7h2-768x567.jpg 768w, http:\/\/recettes-gourmandes-de-joce.fr\/wp-content\/uploads\/2019\/09\/gigot-7h2.jpg 800w\" sizes=\"auto, (max-width: 244px) 100vw, 244px\" \/><\/a> <a href=\"http:\/\/recettes-gourmandes-de-joce.fr\/index.php\/index\/poissons-coquillages\/filets-paves\/dos-de-cabillaud-sauce-cremee-et-epicee-aux-moules-ecrase-de-pommes-de-terre-et-fondue-de-poireaux\/\"><img loading=\"lazy\" decoding=\"async\" class=\"alignnone wp-image-2339\" src=\"http:\/\/recettes-gourmandes-de-joce.fr\/wp-content\/uploads\/2019\/10\/cabillaud-poireaux2-300x225.jpg\" alt=\"\" width=\"240\" height=\"180\" srcset=\"http:\/\/recettes-gourmandes-de-joce.fr\/wp-content\/uploads\/2019\/10\/cabillaud-poireaux2-300x225.jpg 300w, http:\/\/recettes-gourmandes-de-joce.fr\/wp-content\/uploads\/2019\/10\/cabillaud-poireaux2-768x576.jpg 768w, http:\/\/recettes-gourmandes-de-joce.fr\/wp-content\/uploads\/2019\/10\/cabillaud-poireaux2.jpg 1024w\" sizes=\"auto, (max-width: 240px) 100vw, 240px\" \/><\/a> <a href=\"http:\/\/recettes-gourmandes-de-joce.fr\/index.php\/index\/viandes\/veau\/roti-de-veau-roti-a-la-creme-et-aux-pommes-de-terre-fondantes\/\"><img loading=\"lazy\" decoding=\"async\" class=\"alignnone wp-image-1216\" src=\"http:\/\/recettes-gourmandes-de-joce.fr\/wp-content\/uploads\/2019\/09\/veau-pdt1-300x210.jpg\" alt=\"\" width=\"257\" height=\"180\" srcset=\"http:\/\/recettes-gourmandes-de-joce.fr\/wp-content\/uploads\/2019\/09\/veau-pdt1-300x210.jpg 300w, http:\/\/recettes-gourmandes-de-joce.fr\/wp-content\/uploads\/2019\/09\/veau-pdt1-768x539.jpg 768w, http:\/\/recettes-gourmandes-de-joce.fr\/wp-content\/uploads\/2019\/09\/veau-pdt1.jpg 800w\" sizes=\"auto, (max-width: 257px) 100vw, 257px\" \/><\/a><\/u><\/p>\n<ul>\n<li><a href=\"http:\/\/recettes-gourmandes-de-joce.fr\/index.php\/index\/viandes\/agneau-mouton\/357-2\/\"><span style=\"font-family: georgia, palatino, serif; font-size: 14pt;\"><em>\u00a0Gigot de 7 heures \u00e0 ma fa\u00e7on<\/em><\/span><\/a><\/li>\n<li><a href=\"http:\/\/recettes-gourmandes-de-joce.fr\/index.php\/index\/poissons-coquillages\/filets-paves\/dos-de-cabillaud-sauce-cremee-et-epicee-aux-moules-ecrase-de-pommes-de-terre-et-fondue-de-poireaux\/\"><span style=\"font-size: 14pt;\"><em><span style=\"font-family: georgia, palatino, serif;\">Dos de cabillaud sauce cr\u00e9m\u00e9e et \u00e9pic\u00e9e aux moules, \u00e9cras\u00e9 de pommes de terre et fondue de poireaux<\/span><\/em><\/span><\/a><\/li>\n<li><a href=\"http:\/\/recettes-gourmandes-de-joce.fr\/index.php\/index\/viandes\/veau\/roti-de-veau-roti-a-la-creme-et-aux-pommes-de-terre-fondantes\/\"><span style=\"font-size: 14pt;\"><em><span style=\"font-family: georgia, palatino, serif;\">R\u00f4ti de veau r\u00f4ti \u00e0 la cr\u00e8me et aux pommes de terre fondantes<\/span><\/em><\/span><\/a><\/li>\n<\/ul>\n<p class=\"post-title entry-title\" style=\"text-align: center;\"><u style=\"color: #808000; text-align: center;\"><em><span style=\"font-family: georgia,serif;\"><span style=\"font-size: 24px;\">Pain<\/span><\/span><\/em><\/u><\/p>\n<p style=\"text-align: center;\"><a href=\"http:\/\/recettes-gourmandes-de-joce.fr\/index.php\/index\/pains-viennoiseries-map\/map-machine-a-pain\/pain-baguettes-petits-pains\/\"><img loading=\"lazy\" decoding=\"async\" class=\"alignnone wp-image-6316\" src=\"http:\/\/recettes-gourmandes-de-joce.fr\/wp-content\/uploads\/2019\/10\/Logitech-Gaming-Software-19102019-222331-300x221.jpg\" alt=\"\" width=\"272\" height=\"200\" srcset=\"http:\/\/recettes-gourmandes-de-joce.fr\/wp-content\/uploads\/2019\/10\/Logitech-Gaming-Software-19102019-222331-300x221.jpg 300w, http:\/\/recettes-gourmandes-de-joce.fr\/wp-content\/uploads\/2019\/10\/Logitech-Gaming-Software-19102019-222331.jpg 640w\" sizes=\"auto, (max-width: 272px) 100vw, 272px\" \/><\/a><\/p>\n<ul>\n<li><a href=\"http:\/\/recettes-gourmandes-de-joce.fr\/index.php\/index\/pains-viennoiseries-map\/map-machine-a-pain\/pain-baguettes-petits-pains\/\"><span style=\"font-size: 14pt;\"><em><span style=\"font-family: georgia, palatino, serif;\">Pains, baguettes, petits pains<\/span><\/em><\/span><\/a><\/li>\n<\/ul>\n<p style=\"text-align: center;\"><span style=\"color: #ff9900;\"><u><em><span style=\"font-family: georgia,serif;\"><span style=\"font-size: 24px;\">Desserts<\/span><\/span><\/em><\/u><\/span><\/p>\n<p style=\"text-align: center;\"><u><a href=\"http:\/\/recettes-gourmandes-de-joce.fr\/index.php\/index\/desserts\/desserts-avec-des-fraises\/fraisiers\/\"><img loading=\"lazy\" decoding=\"async\" class=\"alignnone wp-image-29585\" src=\"http:\/\/recettes-gourmandes-de-joce.fr\/wp-content\/uploads\/2021\/03\/fraisierb1-300x225.jpg\" alt=\"\" width=\"267\" height=\"200\" srcset=\"http:\/\/recettes-gourmandes-de-joce.fr\/wp-content\/uploads\/2021\/03\/fraisierb1-300x225.jpg 300w, http:\/\/recettes-gourmandes-de-joce.fr\/wp-content\/uploads\/2021\/03\/fraisierb1-768x576.jpg 768w, http:\/\/recettes-gourmandes-de-joce.fr\/wp-content\/uploads\/2021\/03\/fraisierb1-750x563.jpg 750w, http:\/\/recettes-gourmandes-de-joce.fr\/wp-content\/uploads\/2021\/03\/fraisierb1.jpg 1024w\" sizes=\"auto, (max-width: 267px) 100vw, 267px\" \/><\/a> <a href=\"http:\/\/recettes-gourmandes-de-joce.fr\/index.php\/index\/desserts\/tartes-gateaux\/quatre-quart-decoration-printaniere\/\"><img loading=\"lazy\" decoding=\"async\" class=\"alignnone wp-image-17794\" src=\"http:\/\/recettes-gourmandes-de-joce.fr\/wp-content\/uploads\/2020\/03\/P3170413-300x225.jpg\" alt=\"\" width=\"267\" height=\"200\" srcset=\"http:\/\/recettes-gourmandes-de-joce.fr\/wp-content\/uploads\/2020\/03\/P3170413-300x225.jpg 300w, http:\/\/recettes-gourmandes-de-joce.fr\/wp-content\/uploads\/2020\/03\/P3170413-768x576.jpg 768w, http:\/\/recettes-gourmandes-de-joce.fr\/wp-content\/uploads\/2020\/03\/P3170413.jpg 800w\" sizes=\"auto, (max-width: 267px) 100vw, 267px\" \/><\/a><\/u><\/p>\n<ul>\n<li><a href=\"http:\/\/recettes-gourmandes-de-joce.fr\/index.php\/index\/desserts\/desserts-avec-des-fraises\/fraisiers\/\"><span style=\"font-family: georgia, palatino, serif; font-size: 14pt;\"><em>Fraisier<\/em><\/span><\/a><\/li>\n<li><a href=\"http:\/\/recettes-gourmandes-de-joce.fr\/index.php\/index\/desserts\/tartes-gateaux\/quatre-quart-decoration-printaniere\/\"><span style=\"font-family: georgia, palatino, serif; font-size: 14pt;\"><em>Quatre quart d\u00e9coration printani\u00e8re<\/em><\/span><\/a><\/li>\n<\/ul>\n<p style=\"text-align: center;\"><span style=\"color: #808000;\"><u><em><span style=\"font-size: 24px;\"><span style=\"font-family: georgia,serif;\">D\u00e9coration de table et pliage d serviette<\/span><\/span><\/em><\/u><\/span><\/p>\n<p style=\"text-align: center;\"><a href=\"http:\/\/recettes-gourmandes-de-joce.fr\/index.php\/index-divers\/decorations-de-table\/decorations-de-table\/decoration-de-table-de-paques-n1\/\"><img loading=\"lazy\" decoding=\"async\" class=\"alignnone wp-image-18007\" src=\"http:\/\/recettes-gourmandes-de-joce.fr\/wp-content\/uploads\/2020\/03\/P3230402-2-300x225.jpg\" alt=\"\" width=\"267\" height=\"200\" srcset=\"http:\/\/recettes-gourmandes-de-joce.fr\/wp-content\/uploads\/2020\/03\/P3230402-2-300x225.jpg 300w, http:\/\/recettes-gourmandes-de-joce.fr\/wp-content\/uploads\/2020\/03\/P3230402-2-768x576.jpg 768w, http:\/\/recettes-gourmandes-de-joce.fr\/wp-content\/uploads\/2020\/03\/P3230402-2-1024x768.jpg 1024w, http:\/\/recettes-gourmandes-de-joce.fr\/wp-content\/uploads\/2020\/03\/P3230402-2.jpg 1600w\" sizes=\"auto, (max-width: 267px) 100vw, 267px\" \/><\/a> <a href=\"http:\/\/recettes-gourmandes-de-joce.fr\/index.php\/index-divers\/decorations-de-table\/pliage-de-serviette-de-table\/pliage-de-serviette-de-table-en-forme-de-coquetier\/\"><img loading=\"lazy\" decoding=\"async\" class=\"alignnone wp-image-24896\" src=\"http:\/\/recettes-gourmandes-de-joce.fr\/wp-content\/uploads\/2020\/08\/P4220142-244x300.jpg\" alt=\"\" width=\"163\" height=\"200\" srcset=\"http:\/\/recettes-gourmandes-de-joce.fr\/wp-content\/uploads\/2020\/08\/P4220142-244x300.jpg 244w, http:\/\/recettes-gourmandes-de-joce.fr\/wp-content\/uploads\/2020\/08\/P4220142.jpg 396w\" sizes=\"auto, (max-width: 163px) 100vw, 163px\" \/><\/a><\/p>\n<ul>\n<li><a href=\"http:\/\/recettes-gourmandes-de-joce.fr\/index.php\/index-divers\/decorations-de-table\/decorations-de-table\/decoration-de-table-de-paques-n1\/\"><span style=\"font-family: georgia, palatino, serif; font-size: 14pt;\"><em>D\u00e9coration de table de P\u00e2ques N\u00b01<\/em><\/span><\/a><\/li>\n<li><a href=\"http:\/\/recettes-gourmandes-de-joce.fr\/index.php\/index-divers\/decorations-de-table\/pliage-de-serviette-de-table\/pliage-de-serviette-de-table-en-forme-de-coquetier\/\"><span style=\"font-family: georgia, palatino, serif; font-size: 14pt;\"><em>Pliage de serviette de table en forme de coquetier<\/em><\/span><\/a><\/li>\n<\/ul>\n<p><img loading=\"lazy\" decoding=\"async\" class=\"wp-image-37354 size-full aligncenter\" src=\"http:\/\/recettes-gourmandes-de-joce.fr\/wp-content\/uploads\/2021\/06\/logitech-gaming-software-14112014-121223.jpg\" alt=\"\" width=\"640\" height=\"144\" srcset=\"http:\/\/recettes-gourmandes-de-joce.fr\/wp-content\/uploads\/2021\/06\/logitech-gaming-software-14112014-121223.jpg 640w, http:\/\/recettes-gourmandes-de-joce.fr\/wp-content\/uploads\/2021\/06\/logitech-gaming-software-14112014-121223-300x68.jpg 300w\" sizes=\"auto, (max-width: 640px) 100vw, 640px\" \/><\/p>\n","protected":false},"excerpt":{"rendered":"<p>Menu de P\u00e2ques N\u00b04 Cliquez sur le photos ou les titres des recettes pour vous rendre sur les recettes. Trois autres menus de P\u00e2ques sont disponibles sur ces liens Ap\u00e9ritif Soupe de champagne \u00e0 la Clairette de Die Amuse-bouche \u00a0 Cuill\u00e8res ap\u00e9ritives \u00e0 la tomate et \u0153ufs de caille Fleurs feuillet\u00e9es \u00e9pic\u00e9es aux knackies, olives &hellip; <\/p>\n<p><a class=\"more-link btn\" href=\"http:\/\/recettes-gourmandes-de-joce.fr\/index.php\/index\/menus-buffet-courses\/menu-a-theme\/menu-de-paques-n4\/\">Lire la suite<\/a><\/p>\n","protected":false},"author":2,"featured_media":88193,"parent":253,"menu_order":0,"comment_status":"open","ping_status":"closed","template":"","meta":{"footnotes":""},"class_list":["post-38708","page","type-page","status-publish","has-post-thumbnail","hentry","nodate","item-wrap"],"_links":{"self":[{"href":"http:\/\/recettes-gourmandes-de-joce.fr\/index.php\/wp-json\/wp\/v2\/pages\/38708","targetHints":{"allow":["GET"]}}],"collection":[{"href":"http:\/\/recettes-gourmandes-de-joce.fr\/index.php\/wp-json\/wp\/v2\/pages"}],"about":[{"href":"http:\/\/recettes-gourmandes-de-joce.fr\/index.php\/wp-json\/wp\/v2\/types\/page"}],"author":[{"embeddable":true,"href":"http:\/\/recettes-gourmandes-de-joce.fr\/index.php\/wp-json\/wp\/v2\/users\/2"}],"replies":[{"embeddable":true,"href":"http:\/\/recettes-gourmandes-de-joce.fr\/index.php\/wp-json\/wp\/v2\/comments?post=38708"}],"version-history":[{"count":6,"href":"http:\/\/recettes-gourmandes-de-joce.fr\/index.php\/wp-json\/wp\/v2\/pages\/38708\/revisions"}],"predecessor-version":[{"id":88194,"href":"http:\/\/recettes-gourmandes-de-joce.fr\/index.php\/wp-json\/wp\/v2\/pages\/38708\/revisions\/88194"}],"up":[{"embeddable":true,"href":"http:\/\/recettes-gourmandes-de-joce.fr\/index.php\/wp-json\/wp\/v2\/pages\/253"}],"wp:featuredmedia":[{"embeddable":true,"href":"http:\/\/recettes-gourmandes-de-joce.fr\/index.php\/wp-json\/wp\/v2\/media\/88193"}],"wp:attachment":[{"href":"http:\/\/recettes-gourmandes-de-joce.fr\/index.php\/wp-json\/wp\/v2\/media?parent=38708"}],"curies":[{"name":"wp","href":"https:\/\/api.w.org\/{rel}","templated":true}]}}