{"id":38685,"date":"2021-08-22T18:48:56","date_gmt":"2021-08-22T18:48:56","guid":{"rendered":"http:\/\/recettes-gourmandes-de-joce.fr\/?page_id=38685"},"modified":"2024-12-06T23:28:17","modified_gmt":"2024-12-06T23:28:17","slug":"menu-theme-la-saint-valentin-n2","status":"publish","type":"page","link":"http:\/\/recettes-gourmandes-de-joce.fr\/index.php\/index\/menus-buffet-courses\/menu-a-theme\/menu-theme-la-saint-valentin-n2\/","title":{"rendered":"Menu de la St Valentin N\u00b02."},"content":{"rendered":"<p style=\"text-align: center;\"><span style=\"font-family: georgia,serif;\"><span style=\"font-size: x-large; text-decoration: underline;\"><span style=\"color: #ff0000; text-decoration: underline;\"><em><strong>Menu th\u00e8me la Saint Valentin N\u00b02.<\/strong><\/em><\/span><\/span><\/span><\/p>\n<p style=\"text-align: center;\"><img loading=\"lazy\" decoding=\"async\" class=\"alignnone wp-image-38686\" src=\"http:\/\/recettes-gourmandes-de-joce.fr\/wp-content\/uploads\/2021\/08\/montage-menu1-300x188.jpg\" alt=\"\" width=\"480\" height=\"300\" srcset=\"http:\/\/recettes-gourmandes-de-joce.fr\/wp-content\/uploads\/2021\/08\/montage-menu1-300x188.jpg 300w, http:\/\/recettes-gourmandes-de-joce.fr\/wp-content\/uploads\/2021\/08\/montage-menu1-768x480.jpg 768w, http:\/\/recettes-gourmandes-de-joce.fr\/wp-content\/uploads\/2021\/08\/montage-menu1-750x469.jpg 750w, http:\/\/recettes-gourmandes-de-joce.fr\/wp-content\/uploads\/2021\/08\/montage-menu1.jpg 800w\" sizes=\"auto, (max-width: 480px) 100vw, 480px\" \/><\/p>\n<p style=\"text-align: center;\"><span style=\"font-family: georgia, palatino, serif; font-size: 14pt; color: #000000;\"><em>Voici une id\u00e9e de menu pour un repas en amoureux, vous trouverez les recettes en cliquant sur les photos ou titres de recettes.<\/em><\/span><\/p>\n<p style=\"text-align: center;\"><span style=\"font-family: georgia,serif;\"><span style=\"color: #ff00ff; font-size: x-large; text-decoration: underline;\"><em><span style=\"text-decoration: underline;\"><strong>Ap\u00e9ritif<\/strong><\/span><\/em><\/span><\/span><\/p>\n<p><img loading=\"lazy\" decoding=\"async\" class=\"aligncenter wp-image-16789\" src=\"http:\/\/recettes-gourmandes-de-joce.fr\/wp-content\/uploads\/2020\/02\/colibri-cocktail-1-279x300.jpg\" alt=\"\" width=\"186\" height=\"200\" srcset=\"http:\/\/recettes-gourmandes-de-joce.fr\/wp-content\/uploads\/2020\/02\/colibri-cocktail-1-279x300.jpg 279w, http:\/\/recettes-gourmandes-de-joce.fr\/wp-content\/uploads\/2020\/02\/colibri-cocktail-1-768x826.jpg 768w, http:\/\/recettes-gourmandes-de-joce.fr\/wp-content\/uploads\/2020\/02\/colibri-cocktail-1-952x1024.jpg 952w, http:\/\/recettes-gourmandes-de-joce.fr\/wp-content\/uploads\/2020\/02\/colibri-cocktail-1.jpg 1487w\" sizes=\"auto, (max-width: 186px) 100vw, 186px\" \/><\/p>\n<ul style=\"list-style-type: disc;\">\n<li><a href=\"http:\/\/recettes-gourmandes-de-joce.fr\/index.php\/index\/aperitifs-amuses-bouches\/aperitifs-sans-alcool\/16795-2\/\"><span style=\"font-size: 14pt;\"><em><span style=\"font-family: georgia, palatino, serif;\">Cocktail sans alcool exotique \u00ab le colibri \u00bb<\/span><\/em><\/span><\/a><em><span style=\"font-family: georgia, palatino, serif;\"><strong><br \/>\n<\/strong><\/span><\/em><\/li>\n<\/ul>\n<p style=\"text-align: center;\"><span style=\"font-family: georgia,serif;\"><span style=\"font-size: x-large; text-decoration: underline;\"><span style=\"color: #ff0000; text-decoration: underline;\"><em><strong>Amuse-bouches<\/strong><\/em><\/span><\/span><\/span><\/p>\n<p style=\"text-align: center;\"><span style=\"font-family: georgia,serif;\"><span style=\"font-size: x-large;\"><span style=\"color: #ff0000;\"><em><strong><a href=\"http:\/\/recettes-gourmandes-de-joce.fr\/index.php\/index\/aperitifs-amuses-bouches\/feuilletes-aperitifs\/coeurs-feuilletes-aperitifs-au-chevre-ou-lardons-et-aux-champignons\/\"><img loading=\"lazy\" decoding=\"async\" class=\"alignnone wp-image-30948\" src=\"http:\/\/recettes-gourmandes-de-joce.fr\/wp-content\/uploads\/2021\/05\/petits_coeurs_aperitifs_aux_lardons_et_champi6-300x225.jpg\" alt=\"\" width=\"240\" height=\"180\" srcset=\"http:\/\/recettes-gourmandes-de-joce.fr\/wp-content\/uploads\/2021\/05\/petits_coeurs_aperitifs_aux_lardons_et_champi6-300x225.jpg 300w, http:\/\/recettes-gourmandes-de-joce.fr\/wp-content\/uploads\/2021\/05\/petits_coeurs_aperitifs_aux_lardons_et_champi6.jpg 550w\" sizes=\"auto, (max-width: 240px) 100vw, 240px\" \/><\/a> <a href=\"http:\/\/recettes-gourmandes-de-joce.fr\/index.php\/index\/aperitifs-amuses-bouches\/verrines-froides\/verrines-aperitives-au-crabe-aux-crevettes-et-betterave\/\"><img loading=\"lazy\" decoding=\"async\" class=\"alignnone wp-image-13301\" src=\"http:\/\/recettes-gourmandes-de-joce.fr\/wp-content\/uploads\/2019\/12\/P1290017-300x246.jpg\" alt=\"\" width=\"220\" height=\"180\" srcset=\"http:\/\/recettes-gourmandes-de-joce.fr\/wp-content\/uploads\/2019\/12\/P1290017-300x246.jpg 300w, http:\/\/recettes-gourmandes-de-joce.fr\/wp-content\/uploads\/2019\/12\/P1290017.jpg 640w\" sizes=\"auto, (max-width: 220px) 100vw, 220px\" \/><\/a> <a href=\"http:\/\/recettes-gourmandes-de-joce.fr\/index.php\/index\/aperitifs-amuses-bouches\/feuilletes-aperitifs\/coeurs-feuilletes-aperitifs-au-chevre-ou-lardons-et-aux-champignons\/\"><img loading=\"lazy\" decoding=\"async\" class=\"alignnone wp-image-30941\" src=\"http:\/\/recettes-gourmandes-de-joce.fr\/wp-content\/uploads\/2021\/05\/petits_coeurs_feuilletes_aperitif_au_chevre_e11-285x300.jpg\" alt=\"\" width=\"171\" height=\"180\" srcset=\"http:\/\/recettes-gourmandes-de-joce.fr\/wp-content\/uploads\/2021\/05\/petits_coeurs_feuilletes_aperitif_au_chevre_e11-285x300.jpg 285w, http:\/\/recettes-gourmandes-de-joce.fr\/wp-content\/uploads\/2021\/05\/petits_coeurs_feuilletes_aperitif_au_chevre_e11.jpg 412w\" sizes=\"auto, (max-width: 171px) 100vw, 171px\" \/><\/a><\/strong><\/em><\/span><\/span><\/span><\/p>\n<ul>\n<li style=\"list-style-type: none;\">\n<ul style=\"list-style-type: disc;\">\n<li><a href=\"http:\/\/recettes-gourmandes-de-joce.fr\/index.php\/index\/aperitifs-amuses-bouches\/feuilletes-aperitifs\/coeurs-feuilletes-aperitifs-au-chevre-ou-lardons-et-aux-champignons\/\"><span style=\"font-size: 14pt;\"><em><span style=\"font-family: georgia, palatino, serif;\">C\u0153urs feuillet\u00e9s ap\u00e9ritifs au ch\u00e8vre ou lardons et aux champignons (les deux photos)<\/span><\/em><\/span><\/a><\/li>\n<li><span style=\"font-size: 14pt;\"><em><span style=\"font-family: georgia, palatino, serif;\">\u00a0<a href=\"http:\/\/recettes-gourmandes-de-joce.fr\/index.php\/index\/aperitifs-amuses-bouches\/verrines-froides\/verrines-aperitives-au-crabe-aux-crevettes-et-betterave\/\">Verrines ap\u00e9ritives au crabe, aux crevettes et betteraves<\/a><\/span><\/em><\/span><\/li>\n<\/ul>\n<\/li>\n<\/ul>\n<p style=\"text-align: center;\"><span style=\"font-family: georgia,serif;\"><span style=\"color: #ff00ff; font-size: x-large; text-decoration: underline;\"><span style=\"text-decoration: underline;\"><em><strong>Les entr\u00e9es<\/strong><\/em><\/span><\/span><\/span><\/p>\n<p style=\"text-align: center;\"><span style=\"font-family: georgia, serif; font-size: 14pt;\"><span style=\"color: #ff00ff;\"><em><a href=\"http:\/\/recettes-gourmandes-de-joce.fr\/index.php\/index\/entrees\/tartes-et-quiches-salees\/tartelettes-en-forme-de-coeur-facon-pizza-aux-deux-fromages\/\"><img loading=\"lazy\" decoding=\"async\" class=\"alignnone wp-image-19945\" src=\"http:\/\/recettes-gourmandes-de-joce.fr\/wp-content\/uploads\/2020\/04\/ttretrete-018-300x209.jpg\" alt=\"\" width=\"287\" height=\"200\" srcset=\"http:\/\/recettes-gourmandes-de-joce.fr\/wp-content\/uploads\/2020\/04\/ttretrete-018-300x209.jpg 300w, http:\/\/recettes-gourmandes-de-joce.fr\/wp-content\/uploads\/2020\/04\/ttretrete-018.jpg 459w\" sizes=\"auto, (max-width: 287px) 100vw, 287px\" \/><\/a> <a href=\"http:\/\/recettes-gourmandes-de-joce.fr\/index.php\/index\/entrees\/entrees-froides\/petits-coeurs-de-saumon-a-lavocat\/\"><img loading=\"lazy\" decoding=\"async\" class=\"alignnone wp-image-10466\" src=\"http:\/\/recettes-gourmandes-de-joce.fr\/wp-content\/uploads\/2019\/11\/PC100095-300x230.jpg\" alt=\"\" width=\"261\" height=\"200\" srcset=\"http:\/\/recettes-gourmandes-de-joce.fr\/wp-content\/uploads\/2019\/11\/PC100095-300x230.jpg 300w, http:\/\/recettes-gourmandes-de-joce.fr\/wp-content\/uploads\/2019\/11\/PC100095.jpg 640w\" sizes=\"auto, (max-width: 261px) 100vw, 261px\" \/><\/a><\/em><\/span><\/span><\/p>\n<ul>\n<li><a href=\"http:\/\/recettes-gourmandes-de-joce.fr\/index.php\/index\/entrees\/tartes-et-quiches-salees\/tartelettes-en-forme-de-coeur-facon-pizza-aux-deux-fromages\/\"><span style=\"font-size: 14pt;\"><em><span style=\"font-family: georgia, palatino, serif;\">Tartelettes en forme de c\u0153ur \u00ab\u00a0fa\u00e7on pizza\u00a0\u00bb aux deux fromages<\/span><\/em><\/span><\/a><\/li>\n<li><a href=\"http:\/\/recettes-gourmandes-de-joce.fr\/index.php\/index\/entrees\/entrees-froides\/petits-coeurs-de-saumon-a-lavocat\/\"><span style=\"font-family: georgia, palatino, serif; font-size: 14pt;\"><em>Petits c\u0153urs de saumon \u00e0 l\u2019avocat<\/em><\/span><\/a><\/li>\n<\/ul>\n<p style=\"text-align: center;\"><span style=\"font-family: georgia,serif;\"><span style=\"font-size: x-large; text-decoration: underline;\"><span style=\"color: #ff0000; text-decoration: underline;\"><em><strong>Les plats<\/strong><\/em><\/span><\/span><\/span><\/p>\n<p style=\"text-align: center;\"><span style=\"font-family: georgia,serif;\"><span style=\"font-size: x-large;\"><span style=\"color: #ff0000;\"><em><strong><a href=\"http:\/\/recettes-gourmandes-de-joce.fr\/index.php\/index\/entrees\/entrees-froides\/petits-coeurs-de-jambon-et-aux-champignons\/\"><img loading=\"lazy\" decoding=\"async\" class=\"alignnone wp-image-32900\" src=\"http:\/\/recettes-gourmandes-de-joce.fr\/wp-content\/uploads\/2021\/05\/P2070410-300x261.jpg\" alt=\"\" width=\"218\" height=\"190\" srcset=\"http:\/\/recettes-gourmandes-de-joce.fr\/wp-content\/uploads\/2021\/05\/P2070410-300x261.jpg 300w, http:\/\/recettes-gourmandes-de-joce.fr\/wp-content\/uploads\/2021\/05\/P2070410.jpg 550w\" sizes=\"auto, (max-width: 218px) 100vw, 218px\" \/><\/a> <a href=\"http:\/\/recettes-gourmandes-de-joce.fr\/index.php\/index\/viandes\/volailles\/canard-pintade\/magrets-de-canard-aux-epices-basques-et-puree-de-brocolis\/\"><img loading=\"lazy\" decoding=\"async\" class=\"alignnone wp-image-32362\" src=\"http:\/\/recettes-gourmandes-de-joce.fr\/wp-content\/uploads\/2021\/05\/magrets-de-canard-aux-epices-basques-et-puree-de-brocolis-010-1-300x225.jpg\" alt=\"\" width=\"253\" height=\"190\" srcset=\"http:\/\/recettes-gourmandes-de-joce.fr\/wp-content\/uploads\/2021\/05\/magrets-de-canard-aux-epices-basques-et-puree-de-brocolis-010-1-300x225.jpg 300w, http:\/\/recettes-gourmandes-de-joce.fr\/wp-content\/uploads\/2021\/05\/magrets-de-canard-aux-epices-basques-et-puree-de-brocolis-010-1.jpg 720w\" sizes=\"auto, (max-width: 253px) 100vw, 253px\" \/><\/a><\/strong><\/em><\/span><\/span><a href=\"http:\/\/recettes-gourmandes-de-joce.fr\/index.php\/index\/poissons-coquillages\/poissons-entiers\/truites-et-puree-de-vitelottes-pesto-de-ciboulette-et-persil\/\"><span style=\"font-size: x-large;\"><span style=\"color: #ff0000;\"><em><strong> <img loading=\"lazy\" decoding=\"async\" class=\"alignnone wp-image-20852\" src=\"http:\/\/recettes-gourmandes-de-joce.fr\/wp-content\/uploads\/2020\/04\/P5050105-1-300x225.jpg\" alt=\"\" width=\"254\" height=\"190\" srcset=\"http:\/\/recettes-gourmandes-de-joce.fr\/wp-content\/uploads\/2020\/04\/P5050105-1-300x225.jpg 300w, http:\/\/recettes-gourmandes-de-joce.fr\/wp-content\/uploads\/2020\/04\/P5050105-1.jpg 550w\" sizes=\"auto, (max-width: 254px) 100vw, 254px\" \/><\/strong><\/em><\/span><\/span><\/a><\/span><\/p>\n<ul>\n<li><span style=\"font-size: 14pt;\"><em><span style=\"font-family: georgia, palatino, serif;\">P<a href=\"http:\/\/recettes-gourmandes-de-joce.fr\/index.php\/index\/entrees\/entrees-froides\/petits-coeurs-de-jambon-et-aux-champignons\/\">etits c\u0153urs de jambon et aux champignons<\/a><\/span><\/em><\/span><\/li>\n<li><a href=\"http:\/\/recettes-gourmandes-de-joce.fr\/index.php\/index\/viandes\/volailles\/canard-pintade\/magrets-de-canard-aux-epices-basques-et-puree-de-brocolis\/\"><span style=\"font-size: 14pt;\"><em><span style=\"font-family: georgia, palatino, serif;\">Magrets de canard aux \u00e9pices basques et pur\u00e9e de brocolis<\/span><\/em><\/span><\/a><\/li>\n<li><a href=\"http:\/\/recettes-gourmandes-de-joce.fr\/index.php\/index\/poissons-coquillages\/poissons-entiers\/truites-et-puree-de-vitelottes-pesto-de-ciboulette-et-persil\/\"><span style=\"font-size: 14pt;\"><em><span style=\"font-family: georgia, palatino, serif;\">Truites, pur\u00e9e de vitelottes, carottes de couleurs, pesto de ciboulette et persil<\/span><\/em><\/span><\/a><\/li>\n<\/ul>\n<p style=\"text-align: center;\"><span style=\"font-family: georgia,serif;\"><span style=\"color: #ff00ff; font-size: x-large; text-decoration: underline;\"><em><strong>Le pain<\/strong><\/em><\/span><\/span><\/p>\n<p style=\"text-align: center;\"><a href=\"http:\/\/recettes-gourmandes-de-joce.fr\/index.php\/index\/pains-viennoiseries-map\/pains-pains-speciaux\/pain-baguettes-petits-pains\/\"><img loading=\"lazy\" decoding=\"async\" class=\"alignnone wp-image-38687\" src=\"http:\/\/recettes-gourmandes-de-joce.fr\/wp-content\/uploads\/2021\/08\/Logitech-Gaming-Software-19102019-222359-301.jpg\" alt=\"\" width=\"230\" height=\"200\" \/><\/a><\/p>\n<ul>\n<li><a href=\"http:\/\/recettes-gourmandes-de-joce.fr\/index.php\/index\/pains-viennoiseries-map\/pains-pains-speciaux\/pain-baguettes-petits-pains\/\"><span style=\"font-family: georgia, palatino, serif; font-size: 14pt;\"><em>Pain, baguettes, petits pains, ficelle<\/em><\/span><\/a><\/li>\n<\/ul>\n<p style=\"text-align: center;\"><span style=\"font-family: georgia, serif; color: #ff0000;\"><span style=\"font-size: x-large; text-decoration: underline;\"><span style=\"text-decoration: underline;\"><em><strong>Les desserts<\/strong><\/em><\/span><\/span><\/span><\/p>\n<p style=\"text-align: center;\"><span style=\"font-family: georgia,serif;\"><span style=\"color: #ff00ff; font-size: x-large;\"><em><strong><a href=\"http:\/\/recettes-gourmandes-de-joce.fr\/index.php\/index\/desserts\/fruits\/crumble-mangue-noix-de-coco-pomme\/\"><img loading=\"lazy\" decoding=\"async\" class=\"alignnone wp-image-16003\" src=\"http:\/\/recettes-gourmandes-de-joce.fr\/wp-content\/uploads\/2020\/01\/P2070473-2-300x214.jpg\" alt=\"\" width=\"281\" height=\"200\" srcset=\"http:\/\/recettes-gourmandes-de-joce.fr\/wp-content\/uploads\/2020\/01\/P2070473-2-300x214.jpg 300w, http:\/\/recettes-gourmandes-de-joce.fr\/wp-content\/uploads\/2020\/01\/P2070473-2.jpg 640w\" sizes=\"auto, (max-width: 281px) 100vw, 281px\" \/><\/a> <a href=\"http:\/\/recettes-gourmandes-de-joce.fr\/index.php\/index\/desserts\/tartes-gateaux\/gateau-aux-pommes-et-creme-fraiche\/\"><img loading=\"lazy\" decoding=\"async\" class=\"alignnone wp-image-28465\" src=\"http:\/\/recettes-gourmandes-de-joce.fr\/wp-content\/uploads\/2021\/02\/20210212_185812-300x225.jpg\" alt=\"\" width=\"267\" height=\"200\" srcset=\"http:\/\/recettes-gourmandes-de-joce.fr\/wp-content\/uploads\/2021\/02\/20210212_185812-300x225.jpg 300w, http:\/\/recettes-gourmandes-de-joce.fr\/wp-content\/uploads\/2021\/02\/20210212_185812-768x576.jpg 768w, http:\/\/recettes-gourmandes-de-joce.fr\/wp-content\/uploads\/2021\/02\/20210212_185812-750x563.jpg 750w, http:\/\/recettes-gourmandes-de-joce.fr\/wp-content\/uploads\/2021\/02\/20210212_185812.jpg 800w\" sizes=\"auto, (max-width: 267px) 100vw, 267px\" \/><\/a><\/strong><\/em><\/span><\/span><\/p>\n<ul>\n<li><a href=\"http:\/\/recettes-gourmandes-de-joce.fr\/index.php\/index\/desserts\/fruits\/crumble-mangue-noix-de-coco-pomme\/\"><span style=\"font-family: georgia, palatino, serif; font-size: 14pt;\"><em>Crumble mangue, noix de coco, pomme<\/em><\/span><\/a><\/li>\n<li><a href=\"http:\/\/recettes-gourmandes-de-joce.fr\/index.php\/index\/desserts\/tartes-gateaux\/gateau-aux-pommes-et-creme-fraiche\/\"><span style=\"font-family: georgia, palatino, serif; font-size: 14pt;\"><em>G\u00e2teau aux pommes et cr\u00e8me fra\u00eeche<\/em><\/span><\/a><\/li>\n<\/ul>\n<p style=\"text-align: center;\"><span style=\"font-family: georgia, serif; color: #ff00ff;\"><span style=\"font-size: x-large; text-decoration: underline;\"><span style=\"text-decoration: underline;\"><em><strong>Les d\u00e9corations de table<\/strong><\/em><\/span><\/span><\/span><\/p>\n<p style=\"text-align: center;\"><a href=\"http:\/\/recettes-gourmandes-de-joce.fr\/index.php\/index-divers\/decorations-de-table\/decorations-de-table\/decoration-de-table-de-la-st-valentin-n1\/\"><span style=\"font-family: georgia,serif;\"><span style=\"font-size: x-large; text-decoration: underline;\"><span style=\"color: #ff0000; text-decoration: underline;\"><em><strong><img loading=\"lazy\" decoding=\"async\" class=\"alignnone wp-image-27677\" src=\"http:\/\/recettes-gourmandes-de-joce.fr\/wp-content\/uploads\/2021\/01\/P2120480-242x300.jpg\" alt=\"\" width=\"161\" height=\"200\" srcset=\"http:\/\/recettes-gourmandes-de-joce.fr\/wp-content\/uploads\/2021\/01\/P2120480-242x300.jpg 242w, http:\/\/recettes-gourmandes-de-joce.fr\/wp-content\/uploads\/2021\/01\/P2120480.jpg 411w\" sizes=\"auto, (max-width: 161px) 100vw, 161px\" \/><\/strong><\/em><\/span><\/span><\/span><\/a><\/p>\n<ul style=\"list-style-type: disc;\">\n<li><a href=\"http:\/\/recettes-gourmandes-de-joce.fr\/index.php\/index-divers\/decorations-de-table\/decorations-de-table\/decoration-de-table-de-la-st-valentin-n1\/\"><span style=\"font-family: georgia, palatino, serif; font-size: 14pt;\"><em>D\u00e9coration de table de la St Valentin N\u00b01<\/em><\/span><\/a><\/li>\n<\/ul>\n<p style=\"text-align: center;\"><span style=\"font-family: georgia, serif; color: #ff0000;\"><span style=\"font-size: x-large; text-decoration: underline;\"><span style=\"text-decoration: underline;\"><em><strong>Pliage de serviette<\/strong><\/em><\/span><\/span><\/span><\/p>\n<p style=\"text-align: center;\"><a href=\"http:\/\/recettes-gourmandes-de-joce.fr\/index.php\/index-divers\/decorations-de-table\/pliage-de-serviette-de-table\/pliage-de-serviettes-de-table-en-forme-de-coeur\/\"><img loading=\"lazy\" decoding=\"async\" class=\"alignnone wp-image-24875\" src=\"http:\/\/recettes-gourmandes-de-joce.fr\/wp-content\/uploads\/2020\/08\/P21105501-300x244.jpg\" alt=\"\" width=\"246\" height=\"200\" srcset=\"http:\/\/recettes-gourmandes-de-joce.fr\/wp-content\/uploads\/2020\/08\/P21105501-300x244.jpg 300w, http:\/\/recettes-gourmandes-de-joce.fr\/wp-content\/uploads\/2020\/08\/P21105501.jpg 436w\" sizes=\"auto, (max-width: 246px) 100vw, 246px\" \/><\/a><\/p>\n<ul>\n<li><a href=\"http:\/\/recettes-gourmandes-de-joce.fr\/index.php\/index-divers\/decorations-de-table\/pliage-de-serviette-de-table\/pliage-de-serviettes-de-table-en-forme-de-coeur\/\"><span style=\"font-family: georgia, palatino, serif; font-size: 14pt;\"><em>Pliage de serviettes de table en forme de c\u0153ur<\/em><\/span><\/a><\/li>\n<\/ul>\n<p style=\"text-align: center;\"><img loading=\"lazy\" decoding=\"async\" class=\"alignnone wp-image-37354 size-full\" src=\"http:\/\/recettes-gourmandes-de-joce.fr\/wp-content\/uploads\/2021\/06\/logitech-gaming-software-14112014-121223.jpg\" alt=\"\" width=\"640\" height=\"144\" srcset=\"http:\/\/recettes-gourmandes-de-joce.fr\/wp-content\/uploads\/2021\/06\/logitech-gaming-software-14112014-121223.jpg 640w, http:\/\/recettes-gourmandes-de-joce.fr\/wp-content\/uploads\/2021\/06\/logitech-gaming-software-14112014-121223-300x68.jpg 300w\" sizes=\"auto, (max-width: 640px) 100vw, 640px\" \/><\/p>\n<p class=\"h3\">Commentaires<\/p>\n<ul class=\"media-list media-stacked\" data-plugin=\"comments\">\n<li class=\"media\">\n<div class=\"media-object\"><img decoding=\"async\" class=\"img-circle\" src=\"https:\/\/www.gravatar.com\/avatar\/00eaa226188d5c39153b40933ea80ce9?d=http%3A%2F%2Frecettesgourmandesdejoce.e-monsite.com%2Fmedias%2Fstatic%2Fmanager%2Fim%2Favatar.png?s=80&amp;d=mm\" alt=\"isabelle\" width=\"80\" \/><\/div>\n<div class=\"media-body\">\n<ul class=\"media-infos\">\n<li>1. isabelle\u00a0<small>Le 04\/02\/2016<\/small><\/li>\n<\/ul>\n<div class=\"media-content\">superbement pr\u00e9senter, et merci pour les petits id\u00e9es&#8230;&#8230;<\/div>\n<ul class=\"media-list media-stacked\">\n<li class=\"media by-webmaster\">\n<div class=\"media-object\"><\/div>\n<div class=\"media-body\">\n<ul class=\"media-infos\">\n<li>Jocelyne Debon <small>Le 05\/02\/2016<\/small><\/li>\n<\/ul>\n<div class=\"media-content\">Mercii beaucoup Au plaisir Amicalement Joce<\/div>\n<\/div>\n<\/li>\n<\/ul>\n<\/div>\n<\/li>\n<li class=\"media\">\n<div class=\"media-object\"><img decoding=\"async\" class=\"img-circle\" src=\"https:\/\/www.gravatar.com\/avatar\/b16c1e127c6c8db9090ec635c19ad646?d=http%3A%2F%2Frecettesgourmandesdejoce.e-monsite.com%2Fmedias%2Fstatic%2Fmanager%2Fim%2Favatar.png?s=80&amp;d=mm\" alt=\"sibiet virginie\" width=\"80\" \/><\/div>\n<div class=\"media-body\">\n<ul class=\"media-infos\">\n<li>2. sibiet virginie\u00a0<small>Le 15\/02\/2015<\/small><\/li>\n<\/ul>\n<div class=\"media-content\">coucou,<br \/>\npour la saint valentin j&rsquo;ai fait les coeurs ap\u00e9ritifs , les verrines avec coeurs de saumon et avocats ,des coeurs de jambon<br \/>\navec fondue de poireau et la tarte feuillet\u00e9e aux p\u00eaches. On s&rsquo;est bien r\u00e9gal\u00e9 avec mon ch\u00e9ri .<\/div>\n<ul class=\"media-list media-stacked\">\n<li class=\"media by-webmaster\">\n<div class=\"media-object\"><\/div>\n<div class=\"media-body\">\n<ul class=\"media-infos\">\n<li>Jocelyne Debon <small>Le 15\/02\/2015<\/small><\/li>\n<\/ul>\n<div class=\"media-content\">Merci pour le commentaire, ravie que ces recettes vous aient plu Bonne semaine Amicalement Joce<\/div>\n<\/div>\n<\/li>\n<\/ul>\n<\/div>\n<\/li>\n<\/ul>\n","protected":false},"excerpt":{"rendered":"<p>Menu th\u00e8me la Saint Valentin N\u00b02. Voici une id\u00e9e de menu pour un repas en amoureux, vous trouverez les recettes en cliquant sur les photos ou titres de recettes. Ap\u00e9ritif Cocktail sans alcool exotique \u00ab le colibri \u00bb Amuse-bouches C\u0153urs feuillet\u00e9s ap\u00e9ritifs au ch\u00e8vre ou lardons et aux champignons (les deux photos) \u00a0Verrines ap\u00e9ritives au &hellip; <\/p>\n<p><a class=\"more-link btn\" href=\"http:\/\/recettes-gourmandes-de-joce.fr\/index.php\/index\/menus-buffet-courses\/menu-a-theme\/menu-theme-la-saint-valentin-n2\/\">Lire la suite<\/a><\/p>\n","protected":false},"author":2,"featured_media":88172,"parent":253,"menu_order":0,"comment_status":"open","ping_status":"closed","template":"","meta":{"footnotes":""},"class_list":["post-38685","page","type-page","status-publish","has-post-thumbnail","hentry","nodate","item-wrap"],"_links":{"self":[{"href":"http:\/\/recettes-gourmandes-de-joce.fr\/index.php\/wp-json\/wp\/v2\/pages\/38685","targetHints":{"allow":["GET"]}}],"collection":[{"href":"http:\/\/recettes-gourmandes-de-joce.fr\/index.php\/wp-json\/wp\/v2\/pages"}],"about":[{"href":"http:\/\/recettes-gourmandes-de-joce.fr\/index.php\/wp-json\/wp\/v2\/types\/page"}],"author":[{"embeddable":true,"href":"http:\/\/recettes-gourmandes-de-joce.fr\/index.php\/wp-json\/wp\/v2\/users\/2"}],"replies":[{"embeddable":true,"href":"http:\/\/recettes-gourmandes-de-joce.fr\/index.php\/wp-json\/wp\/v2\/comments?post=38685"}],"version-history":[{"count":12,"href":"http:\/\/recettes-gourmandes-de-joce.fr\/index.php\/wp-json\/wp\/v2\/pages\/38685\/revisions"}],"predecessor-version":[{"id":91581,"href":"http:\/\/recettes-gourmandes-de-joce.fr\/index.php\/wp-json\/wp\/v2\/pages\/38685\/revisions\/91581"}],"up":[{"embeddable":true,"href":"http:\/\/recettes-gourmandes-de-joce.fr\/index.php\/wp-json\/wp\/v2\/pages\/253"}],"wp:featuredmedia":[{"embeddable":true,"href":"http:\/\/recettes-gourmandes-de-joce.fr\/index.php\/wp-json\/wp\/v2\/media\/88172"}],"wp:attachment":[{"href":"http:\/\/recettes-gourmandes-de-joce.fr\/index.php\/wp-json\/wp\/v2\/media?parent=38685"}],"curies":[{"name":"wp","href":"https:\/\/api.w.org\/{rel}","templated":true}]}}