{"id":38575,"date":"2021-08-22T13:19:27","date_gmt":"2021-08-22T13:19:27","guid":{"rendered":"http:\/\/recettes-gourmandes-de-joce.fr\/?page_id=38575"},"modified":"2024-06-21T17:21:17","modified_gmt":"2024-06-21T17:21:17","slug":"poulet-marine-aux-epices-paprika-ou-colombo-en-deux-recettes-au-barbecue","status":"publish","type":"page","link":"http:\/\/recettes-gourmandes-de-joce.fr\/index.php\/index\/viandes\/barbecue-plancha\/poulet-marine-aux-epices-paprika-ou-colombo-en-deux-recettes-au-barbecue\/","title":{"rendered":"Poulet marin\u00e9 aux \u00e9pices (paprika ou colombo) en deux recettes, au barbecue."},"content":{"rendered":"<p style=\"text-align: center;\"><span style=\"font-family: georgia, serif; font-size: 18pt; color: #d97050;\"><span style=\"text-decoration: underline;\"><em>Une de mes recettes<\/em><\/span><\/span><\/p>\n<p style=\"text-align: center;\"><span style=\"color: #d97050;\"><img loading=\"lazy\" decoding=\"async\" class=\"alignnone wp-image-38595\" src=\"http:\/\/recettes-gourmandes-de-joce.fr\/wp-content\/uploads\/2021\/08\/poulet-et-pommes-de-terre-espagnol-67-300x256.jpg\" alt=\"\" width=\"211\" height=\"180\" srcset=\"http:\/\/recettes-gourmandes-de-joce.fr\/wp-content\/uploads\/2021\/08\/poulet-et-pommes-de-terre-espagnol-67-300x256.jpg 300w, http:\/\/recettes-gourmandes-de-joce.fr\/wp-content\/uploads\/2021\/08\/poulet-et-pommes-de-terre-espagnol-67-768x655.jpg 768w, http:\/\/recettes-gourmandes-de-joce.fr\/wp-content\/uploads\/2021\/08\/poulet-et-pommes-de-terre-espagnol-67-750x639.jpg 750w, http:\/\/recettes-gourmandes-de-joce.fr\/wp-content\/uploads\/2021\/08\/poulet-et-pommes-de-terre-espagnol-67.jpg 800w\" sizes=\"auto, (max-width: 211px) 100vw, 211px\" \/> <img loading=\"lazy\" decoding=\"async\" class=\"alignnone wp-image-38594\" src=\"http:\/\/recettes-gourmandes-de-joce.fr\/wp-content\/uploads\/2021\/08\/poulet-et-pommes-de-terre-espagnol-66-300x232.jpg\" alt=\"\" width=\"233\" height=\"180\" srcset=\"http:\/\/recettes-gourmandes-de-joce.fr\/wp-content\/uploads\/2021\/08\/poulet-et-pommes-de-terre-espagnol-66-300x232.jpg 300w, http:\/\/recettes-gourmandes-de-joce.fr\/wp-content\/uploads\/2021\/08\/poulet-et-pommes-de-terre-espagnol-66-768x594.jpg 768w, http:\/\/recettes-gourmandes-de-joce.fr\/wp-content\/uploads\/2021\/08\/poulet-et-pommes-de-terre-espagnol-66-750x580.jpg 750w, http:\/\/recettes-gourmandes-de-joce.fr\/wp-content\/uploads\/2021\/08\/poulet-et-pommes-de-terre-espagnol-66.jpg 800w\" sizes=\"auto, (max-width: 233px) 100vw, 233px\" \/> <img loading=\"lazy\" decoding=\"async\" class=\"alignnone wp-image-38580\" src=\"http:\/\/recettes-gourmandes-de-joce.fr\/wp-content\/uploads\/2021\/08\/poulet-et-pommes-de-terre-espagnol-70-300x215.jpg\" alt=\"\" width=\"251\" height=\"180\" srcset=\"http:\/\/recettes-gourmandes-de-joce.fr\/wp-content\/uploads\/2021\/08\/poulet-et-pommes-de-terre-espagnol-70-300x215.jpg 300w, http:\/\/recettes-gourmandes-de-joce.fr\/wp-content\/uploads\/2021\/08\/poulet-et-pommes-de-terre-espagnol-70-768x550.jpg 768w, http:\/\/recettes-gourmandes-de-joce.fr\/wp-content\/uploads\/2021\/08\/poulet-et-pommes-de-terre-espagnol-70-750x537.jpg 750w, http:\/\/recettes-gourmandes-de-joce.fr\/wp-content\/uploads\/2021\/08\/poulet-et-pommes-de-terre-espagnol-70.jpg 778w\" sizes=\"auto, (max-width: 251px) 100vw, 251px\" \/><\/span><\/p>\n<p style=\"text-align: center;\"><span style=\"font-family: georgia, serif; font-size: 18pt; color: #d97050;\"><span style=\"text-decoration: underline;\"><em>Ingr\u00e9dients pour 8 personnes<\/em><\/span><\/span><\/p>\n<p style=\"text-align: center;\"><span style=\"color: #d97050;\"><img loading=\"lazy\" decoding=\"async\" class=\"alignnone wp-image-38582\" src=\"http:\/\/recettes-gourmandes-de-joce.fr\/wp-content\/uploads\/2021\/08\/poulet-et-pommes-de-terre-espagnol-6-300x233.jpg\" alt=\"\" width=\"258\" height=\"200\" srcset=\"http:\/\/recettes-gourmandes-de-joce.fr\/wp-content\/uploads\/2021\/08\/poulet-et-pommes-de-terre-espagnol-6-300x233.jpg 300w, http:\/\/recettes-gourmandes-de-joce.fr\/wp-content\/uploads\/2021\/08\/poulet-et-pommes-de-terre-espagnol-6-768x595.jpg 768w, http:\/\/recettes-gourmandes-de-joce.fr\/wp-content\/uploads\/2021\/08\/poulet-et-pommes-de-terre-espagnol-6-750x581.jpg 750w, http:\/\/recettes-gourmandes-de-joce.fr\/wp-content\/uploads\/2021\/08\/poulet-et-pommes-de-terre-espagnol-6.jpg 800w\" sizes=\"auto, (max-width: 258px) 100vw, 258px\" \/><\/span><\/p>\n<p style=\"text-align: center;\"><span style=\"font-family: georgia, serif; font-size: 14pt; color: #d97050;\"><em>1 kg 500 de morceaux de poulet (ici hauts de cuisse)<\/em><\/span><\/p>\n<p style=\"text-align: center;\"><span style=\"font-family: georgia, serif; font-size: 14pt; color: #d97050;\"><em>\u00a02 oignons nouveaux et leurs tiges <\/em><\/span><\/p>\n<p style=\"text-align: center;\"><span style=\"font-family: georgia, serif; font-size: 14pt; color: #d97050;\"><em>1 c \u00e0 s de paprika <\/em><\/span><\/p>\n<p style=\"text-align: center;\"><span style=\"font-family: georgia, serif; font-size: 14pt; color: #d97050;\"><em>1 c \u00e0 s d&rsquo;\u00e9pices \u00e0 colombo <\/em><\/span><\/p>\n<p style=\"text-align: center;\"><span style=\"font-family: georgia, serif; font-size: 14pt; color: #d97050;\"><em>2 jus de citron <\/em><\/span><\/p>\n<p style=\"text-align: center;\"><span style=\"font-family: georgia, serif; font-size: 14pt; color: #d97050;\"><em>1 bouquet de persil plat <\/em><\/span><\/p>\n<p style=\"text-align: center;\"><span style=\"font-family: georgia, serif; font-size: 14pt; color: #d97050;\"><em>Sel et poivre <\/em><\/span><\/p>\n<p style=\"text-align: center;\"><span style=\"font-family: georgia, serif; font-size: 14pt; color: #d97050;\"><em>4 c \u00e0 s d&rsquo;huile d&rsquo;olive<\/em><\/span><\/p>\n<p style=\"text-align: center;\"><span style=\"color: #d97050;\"><img loading=\"lazy\" decoding=\"async\" class=\"alignnone wp-image-38583\" src=\"http:\/\/recettes-gourmandes-de-joce.fr\/wp-content\/uploads\/2021\/08\/poulet-et-pommes-de-terre-espagnol-11-260x300.jpg\" alt=\"\" width=\"138\" height=\"160\" srcset=\"http:\/\/recettes-gourmandes-de-joce.fr\/wp-content\/uploads\/2021\/08\/poulet-et-pommes-de-terre-espagnol-11-260x300.jpg 260w, http:\/\/recettes-gourmandes-de-joce.fr\/wp-content\/uploads\/2021\/08\/poulet-et-pommes-de-terre-espagnol-11.jpg 597w\" sizes=\"auto, (max-width: 138px) 100vw, 138px\" \/> <img loading=\"lazy\" decoding=\"async\" class=\"alignnone wp-image-38584\" src=\"http:\/\/recettes-gourmandes-de-joce.fr\/wp-content\/uploads\/2021\/08\/poulet-et-pommes-de-terre-espagnol-13-300x225.jpg\" alt=\"\" width=\"213\" height=\"160\" srcset=\"http:\/\/recettes-gourmandes-de-joce.fr\/wp-content\/uploads\/2021\/08\/poulet-et-pommes-de-terre-espagnol-13-300x225.jpg 300w, http:\/\/recettes-gourmandes-de-joce.fr\/wp-content\/uploads\/2021\/08\/poulet-et-pommes-de-terre-espagnol-13-768x576.jpg 768w, http:\/\/recettes-gourmandes-de-joce.fr\/wp-content\/uploads\/2021\/08\/poulet-et-pommes-de-terre-espagnol-13-750x563.jpg 750w, http:\/\/recettes-gourmandes-de-joce.fr\/wp-content\/uploads\/2021\/08\/poulet-et-pommes-de-terre-espagnol-13.jpg 800w\" sizes=\"auto, (max-width: 213px) 100vw, 213px\" \/> <img loading=\"lazy\" decoding=\"async\" class=\"alignnone wp-image-38585\" src=\"http:\/\/recettes-gourmandes-de-joce.fr\/wp-content\/uploads\/2021\/08\/poulet-et-pommes-de-terre-espagnol-14-300x225.jpg\" alt=\"\" width=\"213\" height=\"160\" srcset=\"http:\/\/recettes-gourmandes-de-joce.fr\/wp-content\/uploads\/2021\/08\/poulet-et-pommes-de-terre-espagnol-14-300x225.jpg 300w, http:\/\/recettes-gourmandes-de-joce.fr\/wp-content\/uploads\/2021\/08\/poulet-et-pommes-de-terre-espagnol-14-768x576.jpg 768w, http:\/\/recettes-gourmandes-de-joce.fr\/wp-content\/uploads\/2021\/08\/poulet-et-pommes-de-terre-espagnol-14-750x563.jpg 750w, http:\/\/recettes-gourmandes-de-joce.fr\/wp-content\/uploads\/2021\/08\/poulet-et-pommes-de-terre-espagnol-14.jpg 800w\" sizes=\"auto, (max-width: 213px) 100vw, 213px\" \/><\/span><\/p>\n<p style=\"text-align: center;\"><span style=\"font-family: georgia, serif; font-size: 14pt; color: #d97050;\"><em>Laver et hacher le persil, peler et hacher les oignons. Dans un saladier, mettre la moiti\u00e9 du persil et des oignons, ajouter le paprika, mettre le reste des ingr\u00e9dients dans un deuxi\u00e8me saladier et y ajouter les \u00e9pices \u00e0 colombo, saler et poivrer chaque saladier.<\/em><\/span><\/p>\n<p style=\"text-align: center;\"><span style=\"color: #d97050;\"><img loading=\"lazy\" decoding=\"async\" class=\"alignnone wp-image-38586\" src=\"http:\/\/recettes-gourmandes-de-joce.fr\/wp-content\/uploads\/2021\/08\/poulet-et-pommes-de-terre-espagnol-19-300x225.jpg\" alt=\"\" width=\"213\" height=\"160\" srcset=\"http:\/\/recettes-gourmandes-de-joce.fr\/wp-content\/uploads\/2021\/08\/poulet-et-pommes-de-terre-espagnol-19-300x225.jpg 300w, http:\/\/recettes-gourmandes-de-joce.fr\/wp-content\/uploads\/2021\/08\/poulet-et-pommes-de-terre-espagnol-19-768x576.jpg 768w, http:\/\/recettes-gourmandes-de-joce.fr\/wp-content\/uploads\/2021\/08\/poulet-et-pommes-de-terre-espagnol-19-750x563.jpg 750w, http:\/\/recettes-gourmandes-de-joce.fr\/wp-content\/uploads\/2021\/08\/poulet-et-pommes-de-terre-espagnol-19.jpg 800w\" sizes=\"auto, (max-width: 213px) 100vw, 213px\" \/> <img loading=\"lazy\" decoding=\"async\" class=\"alignnone wp-image-38587\" src=\"http:\/\/recettes-gourmandes-de-joce.fr\/wp-content\/uploads\/2021\/08\/poulet-et-pommes-de-terre-espagnol-22-300x225.jpg\" alt=\"\" width=\"213\" height=\"160\" srcset=\"http:\/\/recettes-gourmandes-de-joce.fr\/wp-content\/uploads\/2021\/08\/poulet-et-pommes-de-terre-espagnol-22-300x225.jpg 300w, http:\/\/recettes-gourmandes-de-joce.fr\/wp-content\/uploads\/2021\/08\/poulet-et-pommes-de-terre-espagnol-22-768x576.jpg 768w, http:\/\/recettes-gourmandes-de-joce.fr\/wp-content\/uploads\/2021\/08\/poulet-et-pommes-de-terre-espagnol-22-750x563.jpg 750w, http:\/\/recettes-gourmandes-de-joce.fr\/wp-content\/uploads\/2021\/08\/poulet-et-pommes-de-terre-espagnol-22.jpg 800w\" sizes=\"auto, (max-width: 213px) 100vw, 213px\" \/> <img loading=\"lazy\" decoding=\"async\" class=\"alignnone wp-image-38588\" src=\"http:\/\/recettes-gourmandes-de-joce.fr\/wp-content\/uploads\/2021\/08\/poulet-et-pommes-de-terre-espagnol-26-300x269.jpg\" alt=\"\" width=\"179\" height=\"160\" srcset=\"http:\/\/recettes-gourmandes-de-joce.fr\/wp-content\/uploads\/2021\/08\/poulet-et-pommes-de-terre-espagnol-26-300x269.jpg 300w, http:\/\/recettes-gourmandes-de-joce.fr\/wp-content\/uploads\/2021\/08\/poulet-et-pommes-de-terre-espagnol-26-768x687.jpg 768w, http:\/\/recettes-gourmandes-de-joce.fr\/wp-content\/uploads\/2021\/08\/poulet-et-pommes-de-terre-espagnol-26-750x671.jpg 750w, http:\/\/recettes-gourmandes-de-joce.fr\/wp-content\/uploads\/2021\/08\/poulet-et-pommes-de-terre-espagnol-26.jpg 800w\" sizes=\"auto, (max-width: 179px) 100vw, 179px\" \/><\/span><\/p>\n<p style=\"text-align: center;\"><span style=\"font-family: georgia, serif; font-size: 14pt; color: #d97050;\"><em>M\u00e9langer et\u00a0 ajouter un jus de citron et 2 c \u00e0 s d&rsquo;huile d&rsquo;olive par saladier. M\u00e9langer et r\u00e9partir les morceaux de poulet dans chaque saladier.<\/em><\/span><\/p>\n<p style=\"text-align: center;\"><span style=\"color: #d97050;\"><img loading=\"lazy\" decoding=\"async\" class=\"alignnone wp-image-38589\" src=\"http:\/\/recettes-gourmandes-de-joce.fr\/wp-content\/uploads\/2021\/08\/poulet-et-pommes-de-terre-espagnol-27-300x275.jpg\" alt=\"\" width=\"175\" height=\"160\" srcset=\"http:\/\/recettes-gourmandes-de-joce.fr\/wp-content\/uploads\/2021\/08\/poulet-et-pommes-de-terre-espagnol-27-300x275.jpg 300w, http:\/\/recettes-gourmandes-de-joce.fr\/wp-content\/uploads\/2021\/08\/poulet-et-pommes-de-terre-espagnol-27-768x703.jpg 768w, http:\/\/recettes-gourmandes-de-joce.fr\/wp-content\/uploads\/2021\/08\/poulet-et-pommes-de-terre-espagnol-27-750x686.jpg 750w, http:\/\/recettes-gourmandes-de-joce.fr\/wp-content\/uploads\/2021\/08\/poulet-et-pommes-de-terre-espagnol-27.jpg 800w\" sizes=\"auto, (max-width: 175px) 100vw, 175px\" \/> <img loading=\"lazy\" decoding=\"async\" class=\"alignnone wp-image-38590\" src=\"http:\/\/recettes-gourmandes-de-joce.fr\/wp-content\/uploads\/2021\/08\/poulet-et-pommes-de-terre-espagnol-29-300x225.jpg\" alt=\"\" width=\"213\" height=\"160\" srcset=\"http:\/\/recettes-gourmandes-de-joce.fr\/wp-content\/uploads\/2021\/08\/poulet-et-pommes-de-terre-espagnol-29-300x225.jpg 300w, http:\/\/recettes-gourmandes-de-joce.fr\/wp-content\/uploads\/2021\/08\/poulet-et-pommes-de-terre-espagnol-29-768x576.jpg 768w, http:\/\/recettes-gourmandes-de-joce.fr\/wp-content\/uploads\/2021\/08\/poulet-et-pommes-de-terre-espagnol-29-750x563.jpg 750w, http:\/\/recettes-gourmandes-de-joce.fr\/wp-content\/uploads\/2021\/08\/poulet-et-pommes-de-terre-espagnol-29.jpg 800w\" sizes=\"auto, (max-width: 213px) 100vw, 213px\" \/> <img loading=\"lazy\" decoding=\"async\" class=\"alignnone wp-image-38591\" src=\"http:\/\/recettes-gourmandes-de-joce.fr\/wp-content\/uploads\/2021\/08\/poulet-et-pommes-de-terre-espagnol-31-300x225.jpg\" alt=\"\" width=\"213\" height=\"160\" srcset=\"http:\/\/recettes-gourmandes-de-joce.fr\/wp-content\/uploads\/2021\/08\/poulet-et-pommes-de-terre-espagnol-31-300x225.jpg 300w, http:\/\/recettes-gourmandes-de-joce.fr\/wp-content\/uploads\/2021\/08\/poulet-et-pommes-de-terre-espagnol-31-768x576.jpg 768w, http:\/\/recettes-gourmandes-de-joce.fr\/wp-content\/uploads\/2021\/08\/poulet-et-pommes-de-terre-espagnol-31-750x563.jpg 750w, http:\/\/recettes-gourmandes-de-joce.fr\/wp-content\/uploads\/2021\/08\/poulet-et-pommes-de-terre-espagnol-31.jpg 800w\" sizes=\"auto, (max-width: 213px) 100vw, 213px\" \/><\/span><\/p>\n<p style=\"text-align: center;\"><span style=\"font-family: georgia, serif; font-size: 14pt; color: #d97050;\"><em>M\u00e9langer bien les morceaux dans la marinade. Laisser mariner au moins deux heures en retournant de temps en temps les morceaux.\u00a0<\/em><\/span><\/p>\n<p style=\"text-align: center;\"><span style=\"color: #d97050;\"><img loading=\"lazy\" decoding=\"async\" class=\"alignnone wp-image-38592\" src=\"http:\/\/recettes-gourmandes-de-joce.fr\/wp-content\/uploads\/2021\/08\/poulet-et-pommes-de-terre-espagnol-40-300x248.jpg\" alt=\"\" width=\"194\" height=\"160\" srcset=\"http:\/\/recettes-gourmandes-de-joce.fr\/wp-content\/uploads\/2021\/08\/poulet-et-pommes-de-terre-espagnol-40-300x248.jpg 300w, http:\/\/recettes-gourmandes-de-joce.fr\/wp-content\/uploads\/2021\/08\/poulet-et-pommes-de-terre-espagnol-40-768x634.jpg 768w, http:\/\/recettes-gourmandes-de-joce.fr\/wp-content\/uploads\/2021\/08\/poulet-et-pommes-de-terre-espagnol-40-750x619.jpg 750w, http:\/\/recettes-gourmandes-de-joce.fr\/wp-content\/uploads\/2021\/08\/poulet-et-pommes-de-terre-espagnol-40.jpg 800w\" sizes=\"auto, (max-width: 194px) 100vw, 194px\" \/> <img loading=\"lazy\" decoding=\"async\" class=\"alignnone wp-image-38593\" src=\"http:\/\/recettes-gourmandes-de-joce.fr\/wp-content\/uploads\/2021\/08\/poulet-et-pommes-de-terre-espagnol-49-300x207.jpg\" alt=\"\" width=\"232\" height=\"160\" srcset=\"http:\/\/recettes-gourmandes-de-joce.fr\/wp-content\/uploads\/2021\/08\/poulet-et-pommes-de-terre-espagnol-49-300x207.jpg 300w, http:\/\/recettes-gourmandes-de-joce.fr\/wp-content\/uploads\/2021\/08\/poulet-et-pommes-de-terre-espagnol-49-768x530.jpg 768w, http:\/\/recettes-gourmandes-de-joce.fr\/wp-content\/uploads\/2021\/08\/poulet-et-pommes-de-terre-espagnol-49-750x518.jpg 750w, http:\/\/recettes-gourmandes-de-joce.fr\/wp-content\/uploads\/2021\/08\/poulet-et-pommes-de-terre-espagnol-49.jpg 800w\" sizes=\"auto, (max-width: 232px) 100vw, 232px\" \/><\/span><\/p>\n<p style=\"text-align: center;\"><span style=\"font-family: georgia, serif; font-size: 14pt; color: #d97050;\"><em>Mettre les morceaux de poulet \u00e0 cuire au barbecue ou \u00e0 la plancha, les retourner souvent pour pas qu&rsquo;ils ne br\u00fblent. Une fois cuit verser dessus les restes respectifs des marinades.<\/em><\/span><\/p>\n<p style=\"text-align: center;\"><span style=\"font-family: georgia, serif; font-size: 14pt; color: #d97050;\"><em>Servir sans attendre.<\/em><\/span><\/p>\n<p style=\"text-align: center;\"><span style=\"font-family: georgia, serif; font-size: 14pt; color: #d97050;\"><em>Bon app\u00e9tit!<\/em><\/span><\/p>\n<p style=\"text-align: center;\"><span style=\"color: #d97050;\"><img loading=\"lazy\" decoding=\"async\" class=\"alignnone size-medium wp-image-38596\" src=\"http:\/\/recettes-gourmandes-de-joce.fr\/wp-content\/uploads\/2021\/08\/recettes-transferees-en-aout-et-sept-2021-300x180.jpg\" alt=\"\" width=\"300\" height=\"180\" srcset=\"http:\/\/recettes-gourmandes-de-joce.fr\/wp-content\/uploads\/2021\/08\/recettes-transferees-en-aout-et-sept-2021-300x180.jpg 300w, http:\/\/recettes-gourmandes-de-joce.fr\/wp-content\/uploads\/2021\/08\/recettes-transferees-en-aout-et-sept-2021-768x461.jpg 768w, http:\/\/recettes-gourmandes-de-joce.fr\/wp-content\/uploads\/2021\/08\/recettes-transferees-en-aout-et-sept-2021-750x450.jpg 750w, http:\/\/recettes-gourmandes-de-joce.fr\/wp-content\/uploads\/2021\/08\/recettes-transferees-en-aout-et-sept-2021.jpg 800w\" sizes=\"auto, (max-width: 300px) 100vw, 300px\" \/><\/span><\/p>\n<p style=\"text-align: center;\"><span style=\"color: #d97050;\"><img loading=\"lazy\" decoding=\"async\" class=\"alignnone wp-image-38594\" src=\"http:\/\/recettes-gourmandes-de-joce.fr\/wp-content\/uploads\/2021\/08\/poulet-et-pommes-de-terre-espagnol-66-300x232.jpg\" alt=\"\" width=\"233\" height=\"180\" srcset=\"http:\/\/recettes-gourmandes-de-joce.fr\/wp-content\/uploads\/2021\/08\/poulet-et-pommes-de-terre-espagnol-66-300x232.jpg 300w, http:\/\/recettes-gourmandes-de-joce.fr\/wp-content\/uploads\/2021\/08\/poulet-et-pommes-de-terre-espagnol-66-768x594.jpg 768w, http:\/\/recettes-gourmandes-de-joce.fr\/wp-content\/uploads\/2021\/08\/poulet-et-pommes-de-terre-espagnol-66-750x580.jpg 750w, http:\/\/recettes-gourmandes-de-joce.fr\/wp-content\/uploads\/2021\/08\/poulet-et-pommes-de-terre-espagnol-66.jpg 800w\" sizes=\"auto, (max-width: 233px) 100vw, 233px\" \/> <img loading=\"lazy\" decoding=\"async\" class=\"alignnone wp-image-38580\" src=\"http:\/\/recettes-gourmandes-de-joce.fr\/wp-content\/uploads\/2021\/08\/poulet-et-pommes-de-terre-espagnol-70-300x215.jpg\" alt=\"\" width=\"251\" height=\"180\" srcset=\"http:\/\/recettes-gourmandes-de-joce.fr\/wp-content\/uploads\/2021\/08\/poulet-et-pommes-de-terre-espagnol-70-300x215.jpg 300w, http:\/\/recettes-gourmandes-de-joce.fr\/wp-content\/uploads\/2021\/08\/poulet-et-pommes-de-terre-espagnol-70-768x550.jpg 768w, http:\/\/recettes-gourmandes-de-joce.fr\/wp-content\/uploads\/2021\/08\/poulet-et-pommes-de-terre-espagnol-70-750x537.jpg 750w, http:\/\/recettes-gourmandes-de-joce.fr\/wp-content\/uploads\/2021\/08\/poulet-et-pommes-de-terre-espagnol-70.jpg 778w\" sizes=\"auto, (max-width: 251px) 100vw, 251px\" \/> <img loading=\"lazy\" decoding=\"async\" class=\"alignnone wp-image-38581\" src=\"http:\/\/recettes-gourmandes-de-joce.fr\/wp-content\/uploads\/2021\/08\/poulet-et-pommes-de-terre-espagnol-71-300x225.jpg\" alt=\"\" width=\"240\" height=\"180\" srcset=\"http:\/\/recettes-gourmandes-de-joce.fr\/wp-content\/uploads\/2021\/08\/poulet-et-pommes-de-terre-espagnol-71-300x225.jpg 300w, http:\/\/recettes-gourmandes-de-joce.fr\/wp-content\/uploads\/2021\/08\/poulet-et-pommes-de-terre-espagnol-71-768x576.jpg 768w, http:\/\/recettes-gourmandes-de-joce.fr\/wp-content\/uploads\/2021\/08\/poulet-et-pommes-de-terre-espagnol-71-750x563.jpg 750w, http:\/\/recettes-gourmandes-de-joce.fr\/wp-content\/uploads\/2021\/08\/poulet-et-pommes-de-terre-espagnol-71.jpg 800w\" sizes=\"auto, (max-width: 240px) 100vw, 240px\" \/><\/span><\/p>\n<p style=\"text-align: center;\"><span style=\"color: #d97050;\"><img loading=\"lazy\" decoding=\"async\" class=\"alignnone wp-image-37354 size-full\" src=\"http:\/\/recettes-gourmandes-de-joce.fr\/wp-content\/uploads\/2021\/06\/logitech-gaming-software-14112014-121223.jpg\" alt=\"\" width=\"640\" height=\"144\" srcset=\"http:\/\/recettes-gourmandes-de-joce.fr\/wp-content\/uploads\/2021\/06\/logitech-gaming-software-14112014-121223.jpg 640w, http:\/\/recettes-gourmandes-de-joce.fr\/wp-content\/uploads\/2021\/06\/logitech-gaming-software-14112014-121223-300x68.jpg 300w\" sizes=\"auto, (max-width: 640px) 100vw, 640px\" \/><\/span><\/p>\n","protected":false},"excerpt":{"rendered":"<p>Une de mes recettes Ingr\u00e9dients pour 8 personnes 1 kg 500 de morceaux de poulet (ici hauts de cuisse) \u00a02 oignons nouveaux et leurs tiges 1 c \u00e0 s de paprika 1 c \u00e0 s d&rsquo;\u00e9pices \u00e0 colombo 2 jus de citron 1 bouquet de persil plat Sel et poivre 4 c \u00e0 s d&rsquo;huile &hellip; <\/p>\n<p><a class=\"more-link btn\" href=\"http:\/\/recettes-gourmandes-de-joce.fr\/index.php\/index\/viandes\/barbecue-plancha\/poulet-marine-aux-epices-paprika-ou-colombo-en-deux-recettes-au-barbecue\/\">Lire la suite<\/a><\/p>\n","protected":false},"author":2,"featured_media":84630,"parent":154,"menu_order":0,"comment_status":"open","ping_status":"closed","template":"","meta":{"footnotes":""},"class_list":["post-38575","page","type-page","status-publish","has-post-thumbnail","hentry","nodate","item-wrap"],"_links":{"self":[{"href":"http:\/\/recettes-gourmandes-de-joce.fr\/index.php\/wp-json\/wp\/v2\/pages\/38575","targetHints":{"allow":["GET"]}}],"collection":[{"href":"http:\/\/recettes-gourmandes-de-joce.fr\/index.php\/wp-json\/wp\/v2\/pages"}],"about":[{"href":"http:\/\/recettes-gourmandes-de-joce.fr\/index.php\/wp-json\/wp\/v2\/types\/page"}],"author":[{"embeddable":true,"href":"http:\/\/recettes-gourmandes-de-joce.fr\/index.php\/wp-json\/wp\/v2\/users\/2"}],"replies":[{"embeddable":true,"href":"http:\/\/recettes-gourmandes-de-joce.fr\/index.php\/wp-json\/wp\/v2\/comments?post=38575"}],"version-history":[{"count":2,"href":"http:\/\/recettes-gourmandes-de-joce.fr\/index.php\/wp-json\/wp\/v2\/pages\/38575\/revisions"}],"predecessor-version":[{"id":84631,"href":"http:\/\/recettes-gourmandes-de-joce.fr\/index.php\/wp-json\/wp\/v2\/pages\/38575\/revisions\/84631"}],"up":[{"embeddable":true,"href":"http:\/\/recettes-gourmandes-de-joce.fr\/index.php\/wp-json\/wp\/v2\/pages\/154"}],"wp:featuredmedia":[{"embeddable":true,"href":"http:\/\/recettes-gourmandes-de-joce.fr\/index.php\/wp-json\/wp\/v2\/media\/84630"}],"wp:attachment":[{"href":"http:\/\/recettes-gourmandes-de-joce.fr\/index.php\/wp-json\/wp\/v2\/media?parent=38575"}],"curies":[{"name":"wp","href":"https:\/\/api.w.org\/{rel}","templated":true}]}}