{"id":38168,"date":"2021-08-11T23:08:39","date_gmt":"2021-08-11T23:08:39","guid":{"rendered":"http:\/\/recettes-gourmandes-de-joce.fr\/?page_id=38168"},"modified":"2024-12-06T23:28:17","modified_gmt":"2024-12-06T23:28:17","slug":"mini-cakes-aperitifs-knackies-petits-pois-mais","status":"publish","type":"page","link":"http:\/\/recettes-gourmandes-de-joce.fr\/index.php\/index\/aperitifs-amuses-bouches\/amuses-bouches\/mini-cakes-aperitifs-knackies-petits-pois-mais\/","title":{"rendered":"Mini cakes ap\u00e9ritifs, knackies, petits pois, ma\u00efs."},"content":{"rendered":"<p style=\"text-align: center;\"><span style=\"font-family: georgia, serif; font-size: 18pt;\"><span style=\"color: #3366ff; text-decoration: underline;\"><em>Une de mes recettes<\/em><\/span><\/span><\/p>\n<p style=\"text-align: center;\"><img loading=\"lazy\" decoding=\"async\" class=\"alignnone wp-image-38175\" src=\"http:\/\/recettes-gourmandes-de-joce.fr\/wp-content\/uploads\/2021\/08\/voila_le_resultat_02-001-300x263.jpg\" alt=\"\" width=\"206\" height=\"180\" srcset=\"http:\/\/recettes-gourmandes-de-joce.fr\/wp-content\/uploads\/2021\/08\/voila_le_resultat_02-001-300x263.jpg 300w, http:\/\/recettes-gourmandes-de-joce.fr\/wp-content\/uploads\/2021\/08\/voila_le_resultat_02-001.jpg 402w\" sizes=\"auto, (max-width: 206px) 100vw, 206px\" \/> <img loading=\"lazy\" decoding=\"async\" class=\"alignnone wp-image-38173\" src=\"http:\/\/recettes-gourmandes-de-joce.fr\/wp-content\/uploads\/2021\/08\/suite_minis_cakes_aperitifs_aux_knackies_et_a10-300x225.jpg\" alt=\"\" width=\"240\" height=\"180\" srcset=\"http:\/\/recettes-gourmandes-de-joce.fr\/wp-content\/uploads\/2021\/08\/suite_minis_cakes_aperitifs_aux_knackies_et_a10-300x225.jpg 300w, http:\/\/recettes-gourmandes-de-joce.fr\/wp-content\/uploads\/2021\/08\/suite_minis_cakes_aperitifs_aux_knackies_et_a10.jpg 550w\" sizes=\"auto, (max-width: 240px) 100vw, 240px\" \/> <img loading=\"lazy\" decoding=\"async\" class=\"alignnone wp-image-38174\" src=\"http:\/\/recettes-gourmandes-de-joce.fr\/wp-content\/uploads\/2021\/08\/voila_le_resultat_02-300x272.jpg\" alt=\"\" width=\"199\" height=\"180\" srcset=\"http:\/\/recettes-gourmandes-de-joce.fr\/wp-content\/uploads\/2021\/08\/voila_le_resultat_02-300x272.jpg 300w, http:\/\/recettes-gourmandes-de-joce.fr\/wp-content\/uploads\/2021\/08\/voila_le_resultat_02.jpg 550w\" sizes=\"auto, (max-width: 199px) 100vw, 199px\" \/><\/p>\n<p style=\"text-align: center;\"><span style=\"font-family: georgia, serif; font-size: 18pt;\"><span style=\"color: #3366ff; text-decoration: underline;\"><em>Ingr\u00e9dients pour 22 cakes<\/em><\/span><\/span><\/p>\n<p style=\"text-align: center;\"><img loading=\"lazy\" decoding=\"async\" class=\"alignnone wp-image-38178\" src=\"http:\/\/recettes-gourmandes-de-joce.fr\/wp-content\/uploads\/2021\/08\/minis_cakes_aperitifs_aux_knackies_et_aux_leg-300x225.jpg\" alt=\"\" width=\"267\" height=\"200\" srcset=\"http:\/\/recettes-gourmandes-de-joce.fr\/wp-content\/uploads\/2021\/08\/minis_cakes_aperitifs_aux_knackies_et_aux_leg-300x225.jpg 300w, http:\/\/recettes-gourmandes-de-joce.fr\/wp-content\/uploads\/2021\/08\/minis_cakes_aperitifs_aux_knackies_et_aux_leg.jpg 550w\" sizes=\"auto, (max-width: 267px) 100vw, 267px\" \/><\/p>\n<p style=\"text-align: center;\"><span style=\"font-family: georgia, serif; font-size: 14pt;\"><span style=\"color: #3366ff; text-decoration: underline;\"><em>P\u00e2te de base<\/em><\/span><\/span><\/p>\n<p style=\"text-align: center;\"><span style=\"font-family: georgia, serif; font-size: 14pt;\"><em><span style=\"color: #3366ff;\">150 g de farine<\/span><\/em><\/span><\/p>\n<p style=\"text-align: center;\"><span style=\"font-family: georgia, serif; font-size: 14pt;\"><em><span style=\"color: #3366ff;\">3\u00a0<\/span><\/em><\/span><span style=\"color: #3366ff; font-family: georgia, serif;\"><span style=\"font-size: 18.6667px;\"><i>\u0153ufs<\/i><\/span><\/span><\/p>\n<p style=\"text-align: center;\"><span style=\"font-family: georgia, serif; font-size: 14pt;\"><em><span style=\"color: #3366ff;\">100 ml d&rsquo;huile de tournesol ou d&rsquo;olive selon vos go\u00fbts<\/span><\/em><\/span><\/p>\n<p style=\"text-align: center;\"><span style=\"font-family: georgia, serif; font-size: 14pt;\"><em><span style=\"color: #3366ff;\">125 ml de lait<\/span><\/em><\/span><\/p>\n<p style=\"text-align: center;\"><span style=\"font-family: georgia, serif; font-size: 14pt;\"><em><span style=\"color: #3366ff;\">1 sachet de levure chimique<\/span><\/em><\/span><\/p>\n<p style=\"text-align: center;\"><span style=\"font-family: georgia, serif; font-size: 14pt;\"><em><span style=\"color: #3366ff;\">1 pinc\u00e9e de sel\u00a0<\/span><\/em><\/span><\/p>\n<p style=\"text-align: center;\"><span style=\"font-family: georgia, serif; font-size: 14pt;\"><em><span style=\"color: #3366ff;\">2 tours de moulin \u00e0 poivre<\/span><\/em><\/span><\/p>\n<p style=\"text-align: center;\"><span style=\"font-family: georgia, serif; font-size: 14pt;\"><span style=\"color: #3366ff; text-decoration: underline;\"><em>Garniture au choix selon les go\u00fbts<\/em><\/span><\/span><\/p>\n<p style=\"text-align: center;\"><span style=\"font-family: georgia, serif; font-size: 14pt;\"><em><span style=\"color: #3366ff;\">2 knackies <\/span><\/em><\/span><\/p>\n<p style=\"text-align: center;\"><span style=\"font-family: georgia, serif; font-size: 14pt;\"><em><span style=\"color: #3366ff;\">100g de gruy\u00e8re<\/span><\/em><\/span><\/p>\n<p style=\"text-align: center;\"><span style=\"font-family: georgia, serif; font-size: 14pt;\"><em><span style=\"color: #3366ff;\">3 c \u00e0 s de petits pois <\/span><\/em><\/span><em style=\"font-family: georgia, serif; font-size: 18.6667px;\"><span style=\"color: #3366ff;\">(en boite donc pas de cuisson pr\u00e9alable)<\/span><\/em><\/p>\n<p style=\"text-align: center;\"><span style=\"font-family: georgia, serif; font-size: 14pt;\"><em><span style=\"color: #3366ff;\">3 c \u00e0 s de\u00a0<\/span><\/em><\/span><em style=\"font-family: georgia, serif; font-size: 18.6667px;\"><span style=\"color: #3366ff;\">ma\u00efs<\/span><\/em><\/p>\n<p style=\"text-align: center;\"><em style=\"font-family: georgia, serif; font-size: 18.6667px;\"><span style=\"color: #3366ff;\">100 g d&rsquo;<\/span><\/em><em style=\"font-family: georgia, serif; font-size: 18.6667px;\"><span style=\"color: #3366ff;\">emmental r\u00e2p\u00e9<\/span><\/em><\/p>\n<p style=\"text-align: center;\"><span style=\"font-family: georgia, serif; font-size: 14pt;\"><em><span style=\"color: #3366ff;\">10 <\/span><\/em><em><span style=\"color: #3366ff;\">olives vertes coup\u00e9es en deux<\/span><\/em><\/span><\/p>\n<p style=\"text-align: center;\"><span style=\"font-family: georgia, serif; font-size: 14pt;\"><em><span style=\"color: #3366ff;\">Recette de la p\u00e2te de base sur ce lien -&gt; <a href=\"http:\/\/recettes-gourmandes-de-joce.fr\/index.php\/index\/entrees\/cakes-sales\/pate-a-cake-sale-de-base\/\">P\u00e2te de base cake sal\u00e9 <img loading=\"lazy\" decoding=\"async\" class=\"alignnone wp-image-14662\" src=\"http:\/\/recettes-gourmandes-de-joce.fr\/wp-content\/uploads\/2020\/01\/cake_au_saumon_frais_persil_aneth_et_citron_01-300x235.jpg\" alt=\"\" width=\"191\" height=\"150\" srcset=\"http:\/\/recettes-gourmandes-de-joce.fr\/wp-content\/uploads\/2020\/01\/cake_au_saumon_frais_persil_aneth_et_citron_01-300x235.jpg 300w, http:\/\/recettes-gourmandes-de-joce.fr\/wp-content\/uploads\/2020\/01\/cake_au_saumon_frais_persil_aneth_et_citron_01.jpg 529w\" sizes=\"auto, (max-width: 191px) 100vw, 191px\" \/><\/a><\/span><\/em><\/span><\/p>\n<p style=\"text-align: center;\"><img loading=\"lazy\" decoding=\"async\" class=\"alignnone wp-image-38176\" src=\"http:\/\/recettes-gourmandes-de-joce.fr\/wp-content\/uploads\/2021\/08\/20200313_203411-300x159.jpg\" alt=\"\" width=\"303\" height=\"160\" srcset=\"http:\/\/recettes-gourmandes-de-joce.fr\/wp-content\/uploads\/2021\/08\/20200313_203411-300x159.jpg 300w, http:\/\/recettes-gourmandes-de-joce.fr\/wp-content\/uploads\/2021\/08\/20200313_203411-768x406.jpg 768w, http:\/\/recettes-gourmandes-de-joce.fr\/wp-content\/uploads\/2021\/08\/20200313_203411-750x397.jpg 750w, http:\/\/recettes-gourmandes-de-joce.fr\/wp-content\/uploads\/2021\/08\/20200313_203411.jpg 800w\" sizes=\"auto, (max-width: 303px) 100vw, 303px\" \/> <img loading=\"lazy\" decoding=\"async\" class=\"alignnone wp-image-53008\" src=\"http:\/\/recettes-gourmandes-de-joce.fr\/wp-content\/uploads\/2023\/04\/20210529_172141-300x225.jpg\" alt=\"\" width=\"213\" height=\"160\" srcset=\"http:\/\/recettes-gourmandes-de-joce.fr\/wp-content\/uploads\/2023\/04\/20210529_172141-300x225.jpg 300w, http:\/\/recettes-gourmandes-de-joce.fr\/wp-content\/uploads\/2023\/04\/20210529_172141-768x576.jpg 768w, http:\/\/recettes-gourmandes-de-joce.fr\/wp-content\/uploads\/2023\/04\/20210529_172141-750x563.jpg 750w, http:\/\/recettes-gourmandes-de-joce.fr\/wp-content\/uploads\/2023\/04\/20210529_172141.jpg 800w\" sizes=\"auto, (max-width: 213px) 100vw, 213px\" \/>\u00a0<img loading=\"lazy\" decoding=\"async\" class=\"alignnone wp-image-38169\" src=\"http:\/\/recettes-gourmandes-de-joce.fr\/wp-content\/uploads\/2021\/08\/suite_minis_cakes_aperitifs_aux_knackies_et_a6-300x225.jpg\" alt=\"\" width=\"214\" height=\"160\" srcset=\"http:\/\/recettes-gourmandes-de-joce.fr\/wp-content\/uploads\/2021\/08\/suite_minis_cakes_aperitifs_aux_knackies_et_a6-300x225.jpg 300w, http:\/\/recettes-gourmandes-de-joce.fr\/wp-content\/uploads\/2021\/08\/suite_minis_cakes_aperitifs_aux_knackies_et_a6.jpg 550w\" sizes=\"auto, (max-width: 214px) 100vw, 214px\" \/><\/p>\n<p style=\"text-align: center;\"><span style=\"font-family: georgia, serif; font-size: 14pt;\"><em><span style=\"color: #3366ff;\">Pr\u00e9chauffer le four \u00e0 200\u00b0. Couper les knackies en morceaux, \u00e9goutter les petits pois et le ma\u00efs. R\u00e9aliser la p\u00e2te de base, puis ajouter<\/span><\/em><\/span><span style=\"font-family: georgia, serif; font-size: 14pt;\"><em><span style=\"color: #3366ff;\"> les petits pois et le ma\u00efs, les olives coup\u00e9es en deux, les knackies et l&#8217;emmental.<\/span><\/em><\/span><\/p>\n<p style=\"text-align: center;\"><img loading=\"lazy\" decoding=\"async\" class=\"alignnone wp-image-38170\" src=\"http:\/\/recettes-gourmandes-de-joce.fr\/wp-content\/uploads\/2021\/08\/suite_minis_cakes_aperitifs_aux_knackies_et_a7-300x225.jpg\" alt=\"\" width=\"240\" height=\"180\" srcset=\"http:\/\/recettes-gourmandes-de-joce.fr\/wp-content\/uploads\/2021\/08\/suite_minis_cakes_aperitifs_aux_knackies_et_a7-300x225.jpg 300w, http:\/\/recettes-gourmandes-de-joce.fr\/wp-content\/uploads\/2021\/08\/suite_minis_cakes_aperitifs_aux_knackies_et_a7.jpg 550w\" sizes=\"auto, (max-width: 240px) 100vw, 240px\" \/> <img loading=\"lazy\" decoding=\"async\" class=\"alignnone wp-image-38171\" src=\"http:\/\/recettes-gourmandes-de-joce.fr\/wp-content\/uploads\/2021\/08\/suite_minis_cakes_aperitifs_aux_knackies_et_a8-300x241.jpg\" alt=\"\" width=\"224\" height=\"180\" srcset=\"http:\/\/recettes-gourmandes-de-joce.fr\/wp-content\/uploads\/2021\/08\/suite_minis_cakes_aperitifs_aux_knackies_et_a8-300x241.jpg 300w, http:\/\/recettes-gourmandes-de-joce.fr\/wp-content\/uploads\/2021\/08\/suite_minis_cakes_aperitifs_aux_knackies_et_a8.jpg 550w\" sizes=\"auto, (max-width: 224px) 100vw, 224px\" \/> <img loading=\"lazy\" decoding=\"async\" class=\"alignnone wp-image-38172\" src=\"http:\/\/recettes-gourmandes-de-joce.fr\/wp-content\/uploads\/2021\/08\/suite_minis_cakes_aperitifs_aux_knackies_et_a9-300x225.jpg\" alt=\"\" width=\"240\" height=\"180\" srcset=\"http:\/\/recettes-gourmandes-de-joce.fr\/wp-content\/uploads\/2021\/08\/suite_minis_cakes_aperitifs_aux_knackies_et_a9-300x225.jpg 300w, http:\/\/recettes-gourmandes-de-joce.fr\/wp-content\/uploads\/2021\/08\/suite_minis_cakes_aperitifs_aux_knackies_et_a9.jpg 550w\" sizes=\"auto, (max-width: 240px) 100vw, 240px\" \/><\/p>\n<p style=\"text-align: center;\"><span style=\"font-family: georgia, serif; font-size: 14pt;\"><em><span style=\"color: #3366ff;\">M\u00e9langer <\/span><\/em><\/span><em style=\"font-family: georgia, serif; font-size: 14pt;\"><span style=\"color: #3366ff;\">et r\u00e9partir dans des petits moules en silicone.<\/span><\/em><span style=\"font-family: georgia, serif; font-size: 14pt;\"><em><span style=\"color: #3366ff;\">\u00a0<\/span><\/em><\/span><span style=\"font-family: georgia, serif; font-size: 14pt;\"><em><span style=\"color: #3366ff;\">Enfourner \u00e0 200\u00b0 pendant 20\/25 minutes selon les fours , surveiller la coloration.<\/span><\/em><\/span><\/p>\n<p style=\"text-align: center;\"><span style=\"font-family: georgia, serif; font-size: 14pt;\"><em><span style=\"color: #3366ff;\">La quantit\u00e9 est suffisante aussi pour un grand cake, id\u00e9al pour faire manger des l\u00e9gumes aux enfants!<\/span><\/em><\/span><\/p>\n<p style=\"text-align: center;\"><span style=\"font-family: georgia, serif; font-size: 14pt;\"><em><span style=\"color: #3366ff;\">Bon ap\u00e9ritif!<\/span><\/em><\/span><\/p>\n<p style=\"text-align: center;\"><img loading=\"lazy\" decoding=\"async\" class=\"alignnone wp-image-38174\" src=\"http:\/\/recettes-gourmandes-de-joce.fr\/wp-content\/uploads\/2021\/08\/voila_le_resultat_02-300x272.jpg\" alt=\"\" width=\"199\" height=\"180\" srcset=\"http:\/\/recettes-gourmandes-de-joce.fr\/wp-content\/uploads\/2021\/08\/voila_le_resultat_02-300x272.jpg 300w, http:\/\/recettes-gourmandes-de-joce.fr\/wp-content\/uploads\/2021\/08\/voila_le_resultat_02.jpg 550w\" sizes=\"auto, (max-width: 199px) 100vw, 199px\" \/> <img loading=\"lazy\" decoding=\"async\" class=\"alignnone wp-image-38173\" src=\"http:\/\/recettes-gourmandes-de-joce.fr\/wp-content\/uploads\/2021\/08\/suite_minis_cakes_aperitifs_aux_knackies_et_a10-300x225.jpg\" alt=\"\" width=\"240\" height=\"180\" srcset=\"http:\/\/recettes-gourmandes-de-joce.fr\/wp-content\/uploads\/2021\/08\/suite_minis_cakes_aperitifs_aux_knackies_et_a10-300x225.jpg 300w, http:\/\/recettes-gourmandes-de-joce.fr\/wp-content\/uploads\/2021\/08\/suite_minis_cakes_aperitifs_aux_knackies_et_a10.jpg 550w\" sizes=\"auto, (max-width: 240px) 100vw, 240px\" \/> <img loading=\"lazy\" decoding=\"async\" class=\"alignnone wp-image-38175\" src=\"http:\/\/recettes-gourmandes-de-joce.fr\/wp-content\/uploads\/2021\/08\/voila_le_resultat_02-001-300x263.jpg\" alt=\"\" width=\"206\" height=\"180\" srcset=\"http:\/\/recettes-gourmandes-de-joce.fr\/wp-content\/uploads\/2021\/08\/voila_le_resultat_02-001-300x263.jpg 300w, http:\/\/recettes-gourmandes-de-joce.fr\/wp-content\/uploads\/2021\/08\/voila_le_resultat_02-001.jpg 402w\" sizes=\"auto, (max-width: 206px) 100vw, 206px\" \/><\/p>\n<p style=\"text-align: center;\"><img loading=\"lazy\" decoding=\"async\" class=\"alignnone wp-image-37354 size-full\" src=\"http:\/\/recettes-gourmandes-de-joce.fr\/wp-content\/uploads\/2021\/06\/logitech-gaming-software-14112014-121223.jpg\" alt=\"\" width=\"640\" height=\"144\" srcset=\"http:\/\/recettes-gourmandes-de-joce.fr\/wp-content\/uploads\/2021\/06\/logitech-gaming-software-14112014-121223.jpg 640w, http:\/\/recettes-gourmandes-de-joce.fr\/wp-content\/uploads\/2021\/06\/logitech-gaming-software-14112014-121223-300x68.jpg 300w\" sizes=\"auto, (max-width: 640px) 100vw, 640px\" \/><\/p>\n<p class=\"h3\">Commentaires<\/p>\n<ul class=\"media-list media-stacked\" data-plugin=\"comments\">\n<li class=\"media\">\n<div class=\"media-object\"><img decoding=\"async\" class=\"img-circle\" src=\"https:\/\/www.gravatar.com\/avatar\/3e7398d358eb39cd2e85f936d81903a2?d=http%3A%2F%2Frecettesgourmandesdejoce.e-monsite.com%2Fmedias%2Fstatic%2Fmanager%2Fim%2Favatar.png?s=80&amp;d=mm\" alt=\"landemaine\" width=\"80\" \/><\/div>\n<div class=\"media-body\">\n<ul class=\"media-infos\">\n<li>1. landemaine\u00a0<small>Le 18\/10\/2014<\/small><\/li>\n<\/ul>\n<div class=\"media-content\">un petit coucou pour te dire qu&rsquo;\u00e0 chaque fois que je suis invit\u00e9e chez des amis , ils me demandent toujours d&rsquo;apporter les petits cakes qu&rsquo;ils ont mang\u00e9s chez moi, donc encore merci pour cette recette qui fait des heureux , bisous\u00a0<img decoding=\"async\" src=\"http:\/\/recettesgourmandesdejoce.e-monsite.com\/medias\/static\/themes\/smileys\/60.png\" alt=\"\" \/><\/div>\n<ul class=\"media-list media-stacked\">\n<li class=\"media by-webmaster\">\n<div class=\"media-object\"><\/div>\n<div class=\"media-body\">\n<ul class=\"media-infos\">\n<li>jocelyne debon<small>Le 18\/10\/2014<\/small><\/li>\n<\/ul>\n<div class=\"media-content\">Coucou Merci c&rsquo;est gentil, je suis ravie que cette recette vous plaise.<\/div>\n<div class=\"media-content\">Bonne soir\u00e9e.<\/div>\n<div class=\"media-content\">Au plaisir, amicalement.<\/div>\n<div class=\"media-content\">Joce<\/div>\n<\/div>\n<\/li>\n<\/ul>\n<\/div>\n<\/li>\n<\/ul>\n","protected":false},"excerpt":{"rendered":"<p>Une de mes recettes Ingr\u00e9dients pour 22 cakes P\u00e2te de base 150 g de farine 3\u00a0\u0153ufs 100 ml d&rsquo;huile de tournesol ou d&rsquo;olive selon vos go\u00fbts 125 ml de lait 1 sachet de levure chimique 1 pinc\u00e9e de sel\u00a0 2 tours de moulin \u00e0 poivre Garniture au choix selon les go\u00fbts 2 knackies 100g de &hellip; <\/p>\n<p><a class=\"more-link btn\" href=\"http:\/\/recettes-gourmandes-de-joce.fr\/index.php\/index\/aperitifs-amuses-bouches\/amuses-bouches\/mini-cakes-aperitifs-knackies-petits-pois-mais\/\">Lire la suite<\/a><\/p>\n","protected":false},"author":2,"featured_media":83656,"parent":195,"menu_order":0,"comment_status":"open","ping_status":"closed","template":"","meta":{"footnotes":""},"class_list":["post-38168","page","type-page","status-publish","has-post-thumbnail","hentry","nodate","item-wrap"],"_links":{"self":[{"href":"http:\/\/recettes-gourmandes-de-joce.fr\/index.php\/wp-json\/wp\/v2\/pages\/38168","targetHints":{"allow":["GET"]}}],"collection":[{"href":"http:\/\/recettes-gourmandes-de-joce.fr\/index.php\/wp-json\/wp\/v2\/pages"}],"about":[{"href":"http:\/\/recettes-gourmandes-de-joce.fr\/index.php\/wp-json\/wp\/v2\/types\/page"}],"author":[{"embeddable":true,"href":"http:\/\/recettes-gourmandes-de-joce.fr\/index.php\/wp-json\/wp\/v2\/users\/2"}],"replies":[{"embeddable":true,"href":"http:\/\/recettes-gourmandes-de-joce.fr\/index.php\/wp-json\/wp\/v2\/comments?post=38168"}],"version-history":[{"count":5,"href":"http:\/\/recettes-gourmandes-de-joce.fr\/index.php\/wp-json\/wp\/v2\/pages\/38168\/revisions"}],"predecessor-version":[{"id":91561,"href":"http:\/\/recettes-gourmandes-de-joce.fr\/index.php\/wp-json\/wp\/v2\/pages\/38168\/revisions\/91561"}],"up":[{"embeddable":true,"href":"http:\/\/recettes-gourmandes-de-joce.fr\/index.php\/wp-json\/wp\/v2\/pages\/195"}],"wp:featuredmedia":[{"embeddable":true,"href":"http:\/\/recettes-gourmandes-de-joce.fr\/index.php\/wp-json\/wp\/v2\/media\/83656"}],"wp:attachment":[{"href":"http:\/\/recettes-gourmandes-de-joce.fr\/index.php\/wp-json\/wp\/v2\/media?parent=38168"}],"curies":[{"name":"wp","href":"https:\/\/api.w.org\/{rel}","templated":true}]}}