{"id":3812,"date":"2019-10-07T13:58:14","date_gmt":"2019-10-07T13:58:14","guid":{"rendered":"http:\/\/recettes-gourmandes-de-joce.fr\/?page_id=3812"},"modified":"2024-05-10T22:48:19","modified_gmt":"2024-05-10T22:48:19","slug":"spaghettis-a-la-creme-de-cresson-aux-lardons","status":"publish","type":"page","link":"http:\/\/recettes-gourmandes-de-joce.fr\/index.php\/index\/legumes\/pates\/spaghettis-a-la-creme-de-cresson-aux-lardons\/","title":{"rendered":"Spaghettis \u00e0 la cr\u00e8me de cresson aux lardons."},"content":{"rendered":"<p style=\"text-align: center;\"><span style=\"color: #008000;\"><span style=\"font-size: 24px;\"><span style=\"font-family: georgia,serif;\"><u><em>Une de mes recettes<\/em><\/u><\/span><\/span><\/span><\/p>\n<p style=\"text-align: center;\"><img loading=\"lazy\" decoding=\"async\" class=\"alignnone wp-image-79311\" src=\"http:\/\/recettes-gourmandes-de-joce.fr\/wp-content\/uploads\/2024\/05\/spaghettis-cresson1.jpg\" alt=\"\" width=\"270\" height=\"180\" \/>\u00a0<img loading=\"lazy\" decoding=\"async\" class=\"alignnone wp-image-79310\" src=\"http:\/\/recettes-gourmandes-de-joce.fr\/wp-content\/uploads\/2024\/05\/spaghettis-cresson21.jpg\" alt=\"\" width=\"270\" height=\"180\" \/><img loading=\"lazy\" decoding=\"async\" class=\"alignnone wp-image-79312\" src=\"http:\/\/recettes-gourmandes-de-joce.fr\/wp-content\/uploads\/2024\/05\/spaghettis-cresson2.jpg\" alt=\"\" width=\"270\" height=\"180\" \/><\/p>\n<p style=\"text-align: center;\"><span style=\"color: #008000;\"><span style=\"font-size: 24px;\"><span style=\"font-family: georgia,serif;\"><u><em>Ingr\u00e9dients pour 2 personnes<\/em><\/u><\/span><\/span><\/span><\/p>\n<p style=\"text-align: center;\"><img loading=\"lazy\" decoding=\"async\" class=\"alignnone wp-image-79314\" src=\"http:\/\/recettes-gourmandes-de-joce.fr\/wp-content\/uploads\/2024\/05\/spaghettis-cresson4.jpg\" alt=\"\" width=\"260\" height=\"200\" \/><\/p>\n<p style=\"text-align: center;\"><span style=\"font-size: 14pt;\"><span style=\"font-family: georgia,serif;\"><em><span style=\"color: #008000;\">200 g de spaghettis<\/span><\/em><\/span><\/span><\/p>\n<p style=\"text-align: center;\"><span style=\"font-size: 14pt;\"><span style=\"font-family: georgia,serif;\"><em><span style=\"color: #008000;\">2 tranches de jambon blanc<\/span><\/em><\/span><\/span><\/p>\n<p style=\"text-align: center;\"><span style=\"font-size: 14pt;\"><span style=\"font-family: georgia,serif;\"><em><span style=\"color: #008000;\">\u00bd barquette de cresson<\/span><\/em><\/span><\/span><\/p>\n<p style=\"text-align: center;\"><span style=\"font-size: 14pt;\"><span style=\"font-family: georgia,serif;\"><em><span style=\"color: #008000;\">1 \u00e9chalote<\/span><\/em><\/span><\/span><\/p>\n<p style=\"text-align: center;\"><span style=\"font-size: 14pt;\"><span style=\"font-family: georgia,serif;\"><em><span style=\"color: #008000;\">100 g de lardons allumettes<\/span><\/em><\/span><\/span><\/p>\n<p style=\"text-align: center;\"><span style=\"font-size: 14pt;\"><span style=\"font-family: georgia,serif;\"><em><span style=\"color: #008000;\">3 c \u00e0 s de cr\u00e8me fra\u00eeche<\/span><\/em><\/span><\/span><\/p>\n<p style=\"text-align: center;\"><span style=\"font-size: 14pt;\"><span style=\"font-family: georgia,serif;\"><em><span style=\"color: #008000;\">1 jaune d&rsquo;\u0153uf<\/span><\/em><\/span><\/span><\/p>\n<p style=\"text-align: center;\"><span style=\"font-size: 14pt;\"><span style=\"font-family: georgia,serif;\"><em><span style=\"color: #008000;\">1 morceau de parmesan<\/span><\/em><\/span><\/span><\/p>\n<p style=\"text-align: center;\"><span style=\"font-size: 14pt;\"><span style=\"font-family: georgia,serif;\"><em><span style=\"color: #008000;\">1 kub&rsquo;or<\/span><\/em><\/span><\/span><\/p>\n<p style=\"text-align: center;\"><span style=\"font-size: 14pt;\"><span style=\"font-family: georgia,serif;\"><em><span style=\"color: #008000;\">Sel et poivr<\/span><\/em><\/span><\/span><\/p>\n<p>&nbsp;<\/p>\n<p>&nbsp;<\/p>\n<p style=\"text-align: center;\"><img loading=\"lazy\" decoding=\"async\" class=\"alignnone wp-image-79315\" src=\"http:\/\/recettes-gourmandes-de-joce.fr\/wp-content\/uploads\/2024\/05\/spaghettis-cresson5.jpg\" alt=\"\" width=\"240\" height=\"160\" \/> <img loading=\"lazy\" decoding=\"async\" class=\"alignnone wp-image-79316\" src=\"http:\/\/recettes-gourmandes-de-joce.fr\/wp-content\/uploads\/2024\/05\/spaghettis-cresson6.jpg\" alt=\"\" width=\"240\" height=\"160\" \/> <img loading=\"lazy\" decoding=\"async\" class=\"alignnone wp-image-79317\" src=\"http:\/\/recettes-gourmandes-de-joce.fr\/wp-content\/uploads\/2024\/05\/spaghettis-cresson7.jpg\" alt=\"\" width=\"242\" height=\"160\" \/><\/p>\n<p style=\"text-align: center;\"><span style=\"font-size: 14pt;\"><span style=\"font-family: georgia,serif;\"><em><span style=\"color: #008000;\">Laver le cresson et l&rsquo;\u00e9goutter, rouler les tranches de jambon et les couper en lani\u00e8res, peler et hacher l&rsquo;\u00e9chalote, r\u00e9aliser 1 c \u00e0 s de copeaux de parmesans avec un \u00e9conome par exemple. Dans une casserole, mettre l&rsquo;eau \u00e0 chauffer avec le kub&rsquo;or et du sel, \u00e0 l&rsquo;\u00e9bullition y mettre les spaghettis \u00e0 cuire selon les indications du paquet et vos go\u00fbts.<\/span><\/em><\/span><\/span><\/p>\n<p style=\"text-align: center;\"><img loading=\"lazy\" decoding=\"async\" class=\"alignnone wp-image-79318\" src=\"http:\/\/recettes-gourmandes-de-joce.fr\/wp-content\/uploads\/2024\/05\/spaghettis-cresson8.jpg\" alt=\"\" width=\"247\" height=\"165\" \/> <img loading=\"lazy\" decoding=\"async\" class=\"alignnone wp-image-79319\" src=\"http:\/\/recettes-gourmandes-de-joce.fr\/wp-content\/uploads\/2024\/05\/spaghettis-cresson9.jpg\" alt=\"\" width=\"247\" height=\"165\" \/> <img loading=\"lazy\" decoding=\"async\" class=\"alignnone wp-image-79320\" src=\"http:\/\/recettes-gourmandes-de-joce.fr\/wp-content\/uploads\/2024\/05\/spaghettis-cresson10.jpg\" alt=\"\" width=\"247\" height=\"165\" \/><\/p>\n<p style=\"text-align: center;\"><span style=\"font-size: 14pt;\"><span style=\"font-family: georgia,serif;\"><em><span style=\"color: #008000;\">Pendant ce temps r\u00e9aliser la cr\u00e8me de cresson, dans une po\u00eale mettre le beurre \u00e0 fondre, y faire suer les \u00e9chalotes et les lardons sans coloration, r\u00e9server ensuite, \u00e0 la place mettre le cresson avec un petit morceau de beurre.<\/span><\/em><\/span><\/span><\/p>\n<p style=\"text-align: center;\"><img loading=\"lazy\" decoding=\"async\" class=\"alignnone wp-image-79321\" src=\"http:\/\/recettes-gourmandes-de-joce.fr\/wp-content\/uploads\/2024\/05\/spaghettis-cresson11.jpg\" alt=\"\" width=\"247\" height=\"165\" \/> <img loading=\"lazy\" decoding=\"async\" class=\"alignnone wp-image-79322\" src=\"http:\/\/recettes-gourmandes-de-joce.fr\/wp-content\/uploads\/2024\/05\/spaghettis-cresson12.jpg\" alt=\"\" width=\"247\" height=\"165\" \/> <img loading=\"lazy\" decoding=\"async\" class=\"alignnone wp-image-79323\" src=\"http:\/\/recettes-gourmandes-de-joce.fr\/wp-content\/uploads\/2024\/05\/spaghettis-cresson13.jpg\" alt=\"\" width=\"247\" height=\"165\" \/><\/p>\n<p style=\"text-align: center;\"><span style=\"font-size: 14pt;\"><span style=\"font-family: georgia,serif;\"><em><span style=\"color: #008000;\">Le cuire environ 5 minutes en remuant \u00e0 feu doux. Surveiller entre temps la cuisson des spaghettis! M\u00e9langer le jaune d&rsquo;\u0153uf avec la cr\u00e8me, saler et poivrer.<\/span><\/em><\/span><\/span><\/p>\n<p style=\"text-align: center;\"><img loading=\"lazy\" decoding=\"async\" class=\"alignnone wp-image-79305\" src=\"http:\/\/recettes-gourmandes-de-joce.fr\/wp-content\/uploads\/2024\/05\/spaghettis-cresson15.jpg\" alt=\"\" width=\"247\" height=\"165\" \/> <img loading=\"lazy\" decoding=\"async\" class=\"alignnone wp-image-79304\" src=\"http:\/\/recettes-gourmandes-de-joce.fr\/wp-content\/uploads\/2024\/05\/spaghettis-cresson14.jpg\" alt=\"\" width=\"247\" height=\"165\" \/> <img loading=\"lazy\" decoding=\"async\" class=\"alignnone wp-image-79306\" src=\"http:\/\/recettes-gourmandes-de-joce.fr\/wp-content\/uploads\/2024\/05\/spaghettis-cresson16.jpg\" alt=\"\" width=\"205\" height=\"165\" \/><\/p>\n<p style=\"text-align: center;\"><span style=\"font-size: 14pt;\"><span style=\"font-family: georgia,serif;\"><em><span style=\"color: #008000;\">Lorsque le cresson est cuit, lui ajouter le m\u00e9lange \u00e0 base de cr\u00e8me, remuer et verser le tout dans le bol du mixeur ou du blender, et mixer finement. Verser dans un bol et ajouter les lardons et \u00e9chalotes, m\u00e9langer.<\/span><\/em><\/span><\/span><\/p>\n<p style=\"text-align: center;\"><img loading=\"lazy\" decoding=\"async\" class=\"alignnone wp-image-79307\" src=\"http:\/\/recettes-gourmandes-de-joce.fr\/wp-content\/uploads\/2024\/05\/spaghettis-cresson18.jpg\" alt=\"\" width=\"255\" height=\"170\" \/><\/p>\n<p style=\"text-align: center;\"><span style=\"font-size: 14pt;\"><span style=\"font-family: georgia,serif;\"><em><span style=\"color: #008000;\">\u00c9goutter les spaghettis lorsqu&rsquo;ils sont cuits, les r\u00e9partir dans les assiettes, ajouter les lani\u00e8res de jambon, la sauce et le parmesan, servir aussit\u00f4t.<\/span><\/em><\/span><\/span><\/p>\n<p style=\"text-align: center;\"><span style=\"color: #008000; font-size: 14pt;\"><span style=\"font-family: georgia,serif;\"><em>Bon app\u00e9tit!<\/em><\/span><\/span><\/p>\n<p style=\"text-align: center;\"><img loading=\"lazy\" decoding=\"async\" class=\"alignnone wp-image-79313\" src=\"http:\/\/recettes-gourmandes-de-joce.fr\/wp-content\/uploads\/2024\/05\/spaghettis-cresson3.jpg\" alt=\"\" width=\"270\" height=\"180\" \/><\/p>\n<p style=\"text-align: center;\"><img loading=\"lazy\" decoding=\"async\" class=\"alignnone wp-image-79309\" src=\"http:\/\/recettes-gourmandes-de-joce.fr\/wp-content\/uploads\/2024\/05\/spaghettis-cresson20.jpg\" alt=\"\" width=\"270\" height=\"180\" \/>\u00a0<img loading=\"lazy\" decoding=\"async\" class=\"alignnone wp-image-79308\" src=\"http:\/\/recettes-gourmandes-de-joce.fr\/wp-content\/uploads\/2024\/05\/spaghettis-cresson19.jpg\" alt=\"\" width=\"270\" height=\"180\" \/><\/p>\n<p style=\"text-align: center;\"><img loading=\"lazy\" decoding=\"async\" class=\"alignnone wp-image-44943 size-full\" src=\"http:\/\/recettes-gourmandes-de-joce.fr\/wp-content\/uploads\/2022\/05\/logitech-gaming-software-14112014-121223.jpg\" alt=\"\" width=\"640\" height=\"144\" srcset=\"http:\/\/recettes-gourmandes-de-joce.fr\/wp-content\/uploads\/2022\/05\/logitech-gaming-software-14112014-121223.jpg 640w, http:\/\/recettes-gourmandes-de-joce.fr\/wp-content\/uploads\/2022\/05\/logitech-gaming-software-14112014-121223-300x68.jpg 300w\" sizes=\"auto, (max-width: 640px) 100vw, 640px\" \/><\/p>\n","protected":false},"excerpt":{"rendered":"<p>Une de mes recettes \u00a0 Ingr\u00e9dients pour 2 personnes 200 g de spaghettis 2 tranches de jambon blanc \u00bd barquette de cresson 1 \u00e9chalote 100 g de lardons allumettes 3 c \u00e0 s de cr\u00e8me fra\u00eeche 1 jaune d&rsquo;\u0153uf 1 morceau de parmesan 1 kub&rsquo;or Sel et poivr &nbsp; &nbsp; Laver le cresson et l&rsquo;\u00e9goutter, &hellip; <\/p>\n<p><a class=\"more-link btn\" href=\"http:\/\/recettes-gourmandes-de-joce.fr\/index.php\/index\/legumes\/pates\/spaghettis-a-la-creme-de-cresson-aux-lardons\/\">Lire la suite<\/a><\/p>\n","protected":false},"author":2,"featured_media":79631,"parent":160,"menu_order":0,"comment_status":"open","ping_status":"closed","template":"","meta":{"footnotes":""},"class_list":["post-3812","page","type-page","status-publish","has-post-thumbnail","hentry","nodate","item-wrap"],"_links":{"self":[{"href":"http:\/\/recettes-gourmandes-de-joce.fr\/index.php\/wp-json\/wp\/v2\/pages\/3812","targetHints":{"allow":["GET"]}}],"collection":[{"href":"http:\/\/recettes-gourmandes-de-joce.fr\/index.php\/wp-json\/wp\/v2\/pages"}],"about":[{"href":"http:\/\/recettes-gourmandes-de-joce.fr\/index.php\/wp-json\/wp\/v2\/types\/page"}],"author":[{"embeddable":true,"href":"http:\/\/recettes-gourmandes-de-joce.fr\/index.php\/wp-json\/wp\/v2\/users\/2"}],"replies":[{"embeddable":true,"href":"http:\/\/recettes-gourmandes-de-joce.fr\/index.php\/wp-json\/wp\/v2\/comments?post=3812"}],"version-history":[{"count":6,"href":"http:\/\/recettes-gourmandes-de-joce.fr\/index.php\/wp-json\/wp\/v2\/pages\/3812\/revisions"}],"predecessor-version":[{"id":79630,"href":"http:\/\/recettes-gourmandes-de-joce.fr\/index.php\/wp-json\/wp\/v2\/pages\/3812\/revisions\/79630"}],"up":[{"embeddable":true,"href":"http:\/\/recettes-gourmandes-de-joce.fr\/index.php\/wp-json\/wp\/v2\/pages\/160"}],"wp:featuredmedia":[{"embeddable":true,"href":"http:\/\/recettes-gourmandes-de-joce.fr\/index.php\/wp-json\/wp\/v2\/media\/79631"}],"wp:attachment":[{"href":"http:\/\/recettes-gourmandes-de-joce.fr\/index.php\/wp-json\/wp\/v2\/media?parent=3812"}],"curies":[{"name":"wp","href":"https:\/\/api.w.org\/{rel}","templated":true}]}}