{"id":3803,"date":"2019-10-07T13:05:39","date_gmt":"2019-10-07T13:05:39","guid":{"rendered":"http:\/\/recettes-gourmandes-de-joce.fr\/?page_id=3803"},"modified":"2024-08-16T12:51:00","modified_gmt":"2024-08-16T12:51:00","slug":"riz-pilaf-aux-saucisses-epicees-tomates-et-poivrons-de-gordon-ramsay","status":"publish","type":"page","link":"http:\/\/recettes-gourmandes-de-joce.fr\/index.php\/index\/legumes\/riz-semoule\/riz-pilaf-aux-saucisses-epicees-tomates-et-poivrons-de-gordon-ramsay\/","title":{"rendered":"Riz pilaf aux saucisses \u00e9pic\u00e9es, tomates et poivrons de Gordon Ramsay."},"content":{"rendered":"<p style=\"text-align: center;\"><span style=\"color: #008000;\"><em><u><span style=\"font-family: Georgia; font-size: x-large;\">D&rsquo;apr\u00e8s une recette de Gordon Ramsay<\/span><\/u><\/em><\/span><\/p>\n<p style=\"text-align: center;\"><img loading=\"lazy\" decoding=\"async\" class=\"alignnone wp-image-76079\" src=\"http:\/\/recettes-gourmandes-de-joce.fr\/wp-content\/uploads\/2024\/05\/riz-saucisses3a.jpg\" alt=\"\" width=\"240\" height=\"180\" srcset=\"http:\/\/recettes-gourmandes-de-joce.fr\/wp-content\/uploads\/2024\/05\/riz-saucisses3a.jpg 1024w, http:\/\/recettes-gourmandes-de-joce.fr\/wp-content\/uploads\/2024\/05\/riz-saucisses3a-768x576.jpg 768w, http:\/\/recettes-gourmandes-de-joce.fr\/wp-content\/uploads\/2024\/05\/riz-saucisses3a-750x563.jpg 750w\" sizes=\"auto, (max-width: 240px) 100vw, 240px\" \/> <img loading=\"lazy\" decoding=\"async\" class=\"alignnone wp-image-76077\" src=\"http:\/\/recettes-gourmandes-de-joce.fr\/wp-content\/uploads\/2024\/05\/riz-saucisses2.jpg\" alt=\"\" width=\"240\" height=\"180\" srcset=\"http:\/\/recettes-gourmandes-de-joce.fr\/wp-content\/uploads\/2024\/05\/riz-saucisses2.jpg 1024w, http:\/\/recettes-gourmandes-de-joce.fr\/wp-content\/uploads\/2024\/05\/riz-saucisses2-768x576.jpg 768w, http:\/\/recettes-gourmandes-de-joce.fr\/wp-content\/uploads\/2024\/05\/riz-saucisses2-750x563.jpg 750w\" sizes=\"auto, (max-width: 240px) 100vw, 240px\" \/> <img loading=\"lazy\" decoding=\"async\" class=\"alignnone wp-image-76076\" src=\"http:\/\/recettes-gourmandes-de-joce.fr\/wp-content\/uploads\/2024\/05\/riz-saucisses1.jpg\" alt=\"\" width=\"240\" height=\"180\" srcset=\"http:\/\/recettes-gourmandes-de-joce.fr\/wp-content\/uploads\/2024\/05\/riz-saucisses1.jpg 1024w, http:\/\/recettes-gourmandes-de-joce.fr\/wp-content\/uploads\/2024\/05\/riz-saucisses1-768x576.jpg 768w, http:\/\/recettes-gourmandes-de-joce.fr\/wp-content\/uploads\/2024\/05\/riz-saucisses1-750x563.jpg 750w\" sizes=\"auto, (max-width: 240px) 100vw, 240px\" \/> <img loading=\"lazy\" decoding=\"async\" class=\"alignnone wp-image-76078\" src=\"http:\/\/recettes-gourmandes-de-joce.fr\/wp-content\/uploads\/2024\/05\/riz-saucisses3.jpg\" alt=\"\" width=\"200\" height=\"180\" srcset=\"http:\/\/recettes-gourmandes-de-joce.fr\/wp-content\/uploads\/2024\/05\/riz-saucisses3.jpg 1024w, http:\/\/recettes-gourmandes-de-joce.fr\/wp-content\/uploads\/2024\/05\/riz-saucisses3-768x692.jpg 768w, http:\/\/recettes-gourmandes-de-joce.fr\/wp-content\/uploads\/2024\/05\/riz-saucisses3-750x676.jpg 750w\" sizes=\"auto, (max-width: 200px) 100vw, 200px\" \/><\/p>\n<p style=\"text-align: center;\"><span style=\"color: #008000;\"><span style=\"font-size: 24px;\"><span style=\"font-family: georgia,serif;\"><u><em>Ingr\u00e9dients pour 4 personnes<\/em><\/u><\/span><\/span><\/span><\/p>\n<p style=\"text-align: center;\"><img loading=\"lazy\" decoding=\"async\" class=\"alignnone wp-image-76080\" src=\"http:\/\/recettes-gourmandes-de-joce.fr\/wp-content\/uploads\/2024\/05\/riz-saucisses4.jpg\" alt=\"\" width=\"172\" height=\"200\" srcset=\"http:\/\/recettes-gourmandes-de-joce.fr\/wp-content\/uploads\/2024\/05\/riz-saucisses4.jpg 881w, http:\/\/recettes-gourmandes-de-joce.fr\/wp-content\/uploads\/2024\/05\/riz-saucisses4-768x893.jpg 768w, http:\/\/recettes-gourmandes-de-joce.fr\/wp-content\/uploads\/2024\/05\/riz-saucisses4-750x872.jpg 750w\" sizes=\"auto, (max-width: 172px) 100vw, 172px\" \/><\/p>\n<p style=\"text-align: center;\"><span style=\"color: #008000; font-size: 14pt;\"><span style=\"font-family: georgia,serif;\"><em>4 saucisses de Toulouse<\/em><\/span><\/span><\/p>\n<p style=\"text-align: center;\"><span style=\"color: #008000; font-size: 14pt;\"><span style=\"font-family: georgia,serif;\"><em>4 verres de riz long<\/em><\/span><\/span><\/p>\n<p style=\"text-align: center;\"><span style=\"color: #008000; font-size: 14pt;\"><span style=\"font-family: georgia,serif;\"><em>2 tomates<\/em><\/span><\/span><\/p>\n<p style=\"text-align: center;\"><span style=\"color: #008000; font-size: 14pt;\"><span style=\"font-family: georgia,serif;\"><em>1 poivron<\/em><\/span><\/span><\/p>\n<p style=\"text-align: center;\"><span style=\"color: #008000; font-size: 14pt;\"><span style=\"font-family: georgia,serif;\"><em>1 petit bouquet de cive \u00e0 d\u00e9faut de la ciboulette ou des tiges d&rsquo;oignon<\/em><\/span><\/span><\/p>\n<p style=\"text-align: center;\"><span style=\"color: #008000; font-size: 14pt;\"><span style=\"font-family: georgia,serif;\"><em>1 petit bouquet de persil plat<\/em><\/span><\/span><\/p>\n<p style=\"text-align: center;\"><span style=\"color: #008000; font-size: 14pt;\"><span style=\"font-family: georgia,serif;\"><em>1 bel oignon ou 2 petits<\/em><\/span><\/span><\/p>\n<p style=\"text-align: center;\"><span style=\"color: #008000; font-size: 14pt;\"><span style=\"font-family: georgia,serif;\"><em>3 gousses d&rsquo;ail<\/em><\/span><\/span><\/p>\n<p style=\"text-align: center;\"><span style=\"color: #008000; font-size: 14pt;\"><span style=\"font-family: georgia,serif;\"><em>8 verres d&rsquo;eau<\/em><\/span><\/span><\/p>\n<p style=\"text-align: center;\"><span style=\"color: #008000; font-size: 14pt;\"><span style=\"font-family: georgia,serif;\"><em>1 cube de bouillon de volaille<\/em><\/span><\/span><\/p>\n<p style=\"text-align: center;\"><span style=\"color: #008000; font-size: 14pt;\"><span style=\"font-family: georgia,serif;\"><em>\u00bd verre de vin blanc sec<\/em><\/span><\/span><\/p>\n<p style=\"text-align: center;\"><span style=\"color: #008000; font-size: 14pt;\"><span style=\"font-family: georgia,serif;\"><em>1 c \u00e0 s rase de paprika -&gt; \u00c9pic\u00e9too<\/em><\/span><\/span><\/p>\n<p style=\"text-align: center;\"><span style=\"color: #008000; font-size: 14pt;\"><span style=\"font-family: georgia,serif;\"><em>1 c \u00e0 c rase de piment d&rsquo;Espelette <\/em><\/span><\/span><\/p>\n<p style=\"text-align: center;\"><span style=\"color: #008000; font-size: 14pt;\"><span style=\"font-family: georgia,serif;\"><em>1 c \u00e0 c d&rsquo;\u00e9pices pour grillade -&gt; \u00c9pic\u00e9too<\/em><\/span><\/span><\/p>\n<p style=\"text-align: center;\"><span style=\"color: #008000; font-size: 14pt;\"><span style=\"font-family: georgia,serif;\"><em>Huile d&rsquo;olive<\/em><\/span><\/span><\/p>\n<p style=\"text-align: center;\"><span style=\"color: #008000; font-size: 14pt;\"><span style=\"font-family: georgia,serif;\"><em>Sel et poivre<\/em><\/span><\/span><\/p>\n<p style=\"text-align: center;\"><span style=\"color: #008000; font-size: 14pt;\"><span style=\"font-family: georgia,serif;\"><em>Beurre facultatif mais c&rsquo;est meilleur!<\/em><\/span><\/span><\/p>\n<p style=\"text-align: center;\"><span style=\"color: #008000; font-size: 14pt;\"><span style=\"font-family: georgia,serif;\"><em>J&rsquo;ai \u00e9pic\u00e9 la chair des saucisses car je n&rsquo;avais pas de saucisses \u00e9pic\u00e9es comme dans la recette initiale.<\/em><\/span><\/span><\/p>\n<p style=\"text-align: center;\"><img loading=\"lazy\" decoding=\"async\" class=\"alignnone wp-image-76055\" src=\"http:\/\/recettes-gourmandes-de-joce.fr\/wp-content\/uploads\/2024\/05\/riz-saucisses5.jpg\" alt=\"\" width=\"227\" height=\"170\" srcset=\"http:\/\/recettes-gourmandes-de-joce.fr\/wp-content\/uploads\/2024\/05\/riz-saucisses5.jpg 1024w, http:\/\/recettes-gourmandes-de-joce.fr\/wp-content\/uploads\/2024\/05\/riz-saucisses5-768x576.jpg 768w, http:\/\/recettes-gourmandes-de-joce.fr\/wp-content\/uploads\/2024\/05\/riz-saucisses5-750x563.jpg 750w\" sizes=\"auto, (max-width: 227px) 100vw, 227px\" \/> <img loading=\"lazy\" decoding=\"async\" class=\"alignnone wp-image-76056\" src=\"http:\/\/recettes-gourmandes-de-joce.fr\/wp-content\/uploads\/2024\/05\/riz-saucisses6.jpg\" alt=\"\" width=\"227\" height=\"170\" srcset=\"http:\/\/recettes-gourmandes-de-joce.fr\/wp-content\/uploads\/2024\/05\/riz-saucisses6.jpg 1024w, http:\/\/recettes-gourmandes-de-joce.fr\/wp-content\/uploads\/2024\/05\/riz-saucisses6-768x576.jpg 768w, http:\/\/recettes-gourmandes-de-joce.fr\/wp-content\/uploads\/2024\/05\/riz-saucisses6-750x563.jpg 750w\" sizes=\"auto, (max-width: 227px) 100vw, 227px\" \/>\u00a0<img loading=\"lazy\" decoding=\"async\" class=\"alignnone wp-image-76057\" src=\"http:\/\/recettes-gourmandes-de-joce.fr\/wp-content\/uploads\/2024\/05\/riz-saucisses7.jpg\" alt=\"\" width=\"227\" height=\"170\" srcset=\"http:\/\/recettes-gourmandes-de-joce.fr\/wp-content\/uploads\/2024\/05\/riz-saucisses7.jpg 1024w, http:\/\/recettes-gourmandes-de-joce.fr\/wp-content\/uploads\/2024\/05\/riz-saucisses7-768x576.jpg 768w, http:\/\/recettes-gourmandes-de-joce.fr\/wp-content\/uploads\/2024\/05\/riz-saucisses7-750x563.jpg 750w\" sizes=\"auto, (max-width: 227px) 100vw, 227px\" \/><\/p>\n<p style=\"text-align: center;\"><span style=\"color: #008000; font-size: 14pt;\"><span style=\"font-family: georgia,serif;\"><em>Laver les l\u00e9gumes et les herbes aromatiques. Couper les poivrons et les tomates en petits d\u00e9s, peler, hacher les oignons et \u00e9mincer les gousses d&rsquo;ail d\u00e9germ\u00e9es. Ciseler le persil et la cive. Dissoudre le cube de bouillon de volaille dans les 8 verres d&rsquo;eau chaude. \u00d4ter la peau des saucisses et mettre la chair dans un plat, saler, poivrer, ajouter les \u00e9pices et le piment.<\/em><\/span><\/span><\/p>\n<p style=\"text-align: center;\"><img loading=\"lazy\" decoding=\"async\" class=\"alignnone wp-image-76058\" src=\"http:\/\/recettes-gourmandes-de-joce.fr\/wp-content\/uploads\/2024\/05\/riz-saucisses8.jpg\" alt=\"\" width=\"227\" height=\"170\" srcset=\"http:\/\/recettes-gourmandes-de-joce.fr\/wp-content\/uploads\/2024\/05\/riz-saucisses8.jpg 1024w, http:\/\/recettes-gourmandes-de-joce.fr\/wp-content\/uploads\/2024\/05\/riz-saucisses8-768x576.jpg 768w, http:\/\/recettes-gourmandes-de-joce.fr\/wp-content\/uploads\/2024\/05\/riz-saucisses8-750x563.jpg 750w\" sizes=\"auto, (max-width: 227px) 100vw, 227px\" \/> <img loading=\"lazy\" decoding=\"async\" class=\"alignnone wp-image-76059\" src=\"http:\/\/recettes-gourmandes-de-joce.fr\/wp-content\/uploads\/2024\/05\/riz-saucisses9.jpg\" alt=\"\" width=\"227\" height=\"170\" srcset=\"http:\/\/recettes-gourmandes-de-joce.fr\/wp-content\/uploads\/2024\/05\/riz-saucisses9.jpg 1024w, http:\/\/recettes-gourmandes-de-joce.fr\/wp-content\/uploads\/2024\/05\/riz-saucisses9-768x576.jpg 768w, http:\/\/recettes-gourmandes-de-joce.fr\/wp-content\/uploads\/2024\/05\/riz-saucisses9-750x563.jpg 750w\" sizes=\"auto, (max-width: 227px) 100vw, 227px\" \/> <img loading=\"lazy\" decoding=\"async\" class=\"alignnone wp-image-76060\" src=\"http:\/\/recettes-gourmandes-de-joce.fr\/wp-content\/uploads\/2024\/05\/riz-saucisses10.jpg\" alt=\"\" width=\"227\" height=\"170\" srcset=\"http:\/\/recettes-gourmandes-de-joce.fr\/wp-content\/uploads\/2024\/05\/riz-saucisses10.jpg 1024w, http:\/\/recettes-gourmandes-de-joce.fr\/wp-content\/uploads\/2024\/05\/riz-saucisses10-768x576.jpg 768w, http:\/\/recettes-gourmandes-de-joce.fr\/wp-content\/uploads\/2024\/05\/riz-saucisses10-750x563.jpg 750w\" sizes=\"auto, (max-width: 227px) 100vw, 227px\" \/><\/p>\n<p style=\"text-align: center;\"><span style=\"color: #008000; font-size: 14pt;\"><span style=\"font-family: georgia,serif;\"><em>Bien m\u00e9langer et r\u00e9server. Dans une sauteuse, mettre un filet d&rsquo;huile d&rsquo;olive et y ajouter les oignons, saler l\u00e9g\u00e8rement.<\/em><\/span><\/span><\/p>\n<p style=\"text-align: center;\"><img loading=\"lazy\" decoding=\"async\" class=\"alignnone wp-image-76061\" src=\"http:\/\/recettes-gourmandes-de-joce.fr\/wp-content\/uploads\/2024\/05\/riz-saucisses11.jpg\" alt=\"\" width=\"227\" height=\"170\" srcset=\"http:\/\/recettes-gourmandes-de-joce.fr\/wp-content\/uploads\/2024\/05\/riz-saucisses11.jpg 1024w, http:\/\/recettes-gourmandes-de-joce.fr\/wp-content\/uploads\/2024\/05\/riz-saucisses11-768x576.jpg 768w, http:\/\/recettes-gourmandes-de-joce.fr\/wp-content\/uploads\/2024\/05\/riz-saucisses11-750x563.jpg 750w\" sizes=\"auto, (max-width: 227px) 100vw, 227px\" \/> <img loading=\"lazy\" decoding=\"async\" class=\"alignnone wp-image-76062\" src=\"http:\/\/recettes-gourmandes-de-joce.fr\/wp-content\/uploads\/2024\/05\/riz-saucisses12.jpg\" alt=\"\" width=\"227\" height=\"170\" srcset=\"http:\/\/recettes-gourmandes-de-joce.fr\/wp-content\/uploads\/2024\/05\/riz-saucisses12.jpg 1024w, http:\/\/recettes-gourmandes-de-joce.fr\/wp-content\/uploads\/2024\/05\/riz-saucisses12-768x576.jpg 768w, http:\/\/recettes-gourmandes-de-joce.fr\/wp-content\/uploads\/2024\/05\/riz-saucisses12-750x563.jpg 750w\" sizes=\"auto, (max-width: 227px) 100vw, 227px\" \/> <img loading=\"lazy\" decoding=\"async\" class=\"alignnone wp-image-76063\" src=\"http:\/\/recettes-gourmandes-de-joce.fr\/wp-content\/uploads\/2024\/05\/riz-saucisses13.jpg\" alt=\"\" width=\"227\" height=\"170\" srcset=\"http:\/\/recettes-gourmandes-de-joce.fr\/wp-content\/uploads\/2024\/05\/riz-saucisses13.jpg 1024w, http:\/\/recettes-gourmandes-de-joce.fr\/wp-content\/uploads\/2024\/05\/riz-saucisses13-768x576.jpg 768w, http:\/\/recettes-gourmandes-de-joce.fr\/wp-content\/uploads\/2024\/05\/riz-saucisses13-750x563.jpg 750w\" sizes=\"auto, (max-width: 227px) 100vw, 227px\" \/><\/p>\n<p style=\"text-align: center;\"><span style=\"color: #008000; font-size: 14pt;\"><span style=\"font-family: georgia,serif;\"><em>Lorsqu&rsquo;ils sont dor\u00e9s, ajouter les poivrons et l&rsquo;ail, m\u00e9langer et laisser mijoter encore quelques instants.<\/em><\/span><\/span><\/p>\n<p style=\"text-align: center;\"><img loading=\"lazy\" decoding=\"async\" class=\"alignnone wp-image-76064\" src=\"http:\/\/recettes-gourmandes-de-joce.fr\/wp-content\/uploads\/2024\/05\/riz-saucisses14.jpg\" alt=\"\" width=\"228\" height=\"170\" srcset=\"http:\/\/recettes-gourmandes-de-joce.fr\/wp-content\/uploads\/2024\/05\/riz-saucisses14.jpg 1024w, http:\/\/recettes-gourmandes-de-joce.fr\/wp-content\/uploads\/2024\/05\/riz-saucisses14-768x573.jpg 768w, http:\/\/recettes-gourmandes-de-joce.fr\/wp-content\/uploads\/2024\/05\/riz-saucisses14-750x560.jpg 750w\" sizes=\"auto, (max-width: 228px) 100vw, 228px\" \/> <img loading=\"lazy\" decoding=\"async\" class=\"alignnone wp-image-76065\" src=\"http:\/\/recettes-gourmandes-de-joce.fr\/wp-content\/uploads\/2024\/05\/riz-saucisses15.jpg\" alt=\"\" width=\"230\" height=\"170\" srcset=\"http:\/\/recettes-gourmandes-de-joce.fr\/wp-content\/uploads\/2024\/05\/riz-saucisses15.jpg 1024w, http:\/\/recettes-gourmandes-de-joce.fr\/wp-content\/uploads\/2024\/05\/riz-saucisses15-768x568.jpg 768w, http:\/\/recettes-gourmandes-de-joce.fr\/wp-content\/uploads\/2024\/05\/riz-saucisses15-750x554.jpg 750w\" sizes=\"auto, (max-width: 230px) 100vw, 230px\" \/> <img loading=\"lazy\" decoding=\"async\" class=\"alignnone wp-image-76066\" src=\"http:\/\/recettes-gourmandes-de-joce.fr\/wp-content\/uploads\/2024\/05\/riz-saucisses16.jpg\" alt=\"\" width=\"222\" height=\"170\" srcset=\"http:\/\/recettes-gourmandes-de-joce.fr\/wp-content\/uploads\/2024\/05\/riz-saucisses16.jpg 1024w, http:\/\/recettes-gourmandes-de-joce.fr\/wp-content\/uploads\/2024\/05\/riz-saucisses16-768x589.jpg 768w, http:\/\/recettes-gourmandes-de-joce.fr\/wp-content\/uploads\/2024\/05\/riz-saucisses16-750x575.jpg 750w\" sizes=\"auto, (max-width: 222px) 100vw, 222px\" \/><\/p>\n<p style=\"text-align: center;\"><span style=\"color: #008000; font-size: 14pt;\"><span style=\"font-family: georgia,serif;\"><em>Ajouter ensuite la chair des saucisses et m\u00e9langer, ajouter le paprika, remuer et ajouter le riz, bien m\u00e9langer.<\/em><\/span><\/span><\/p>\n<p style=\"text-align: center;\"><img loading=\"lazy\" decoding=\"async\" class=\"alignnone wp-image-76067\" src=\"http:\/\/recettes-gourmandes-de-joce.fr\/wp-content\/uploads\/2024\/05\/riz-saucisses17.jpg\" alt=\"\" width=\"221\" height=\"170\" srcset=\"http:\/\/recettes-gourmandes-de-joce.fr\/wp-content\/uploads\/2024\/05\/riz-saucisses17.jpg 1024w, http:\/\/recettes-gourmandes-de-joce.fr\/wp-content\/uploads\/2024\/05\/riz-saucisses17-768x590.jpg 768w, http:\/\/recettes-gourmandes-de-joce.fr\/wp-content\/uploads\/2024\/05\/riz-saucisses17-750x576.jpg 750w\" sizes=\"auto, (max-width: 221px) 100vw, 221px\" \/> <img loading=\"lazy\" decoding=\"async\" class=\"alignnone wp-image-76068\" src=\"http:\/\/recettes-gourmandes-de-joce.fr\/wp-content\/uploads\/2024\/05\/riz-saucisses18.jpg\" alt=\"\" width=\"223\" height=\"170\" srcset=\"http:\/\/recettes-gourmandes-de-joce.fr\/wp-content\/uploads\/2024\/05\/riz-saucisses18.jpg 1024w, http:\/\/recettes-gourmandes-de-joce.fr\/wp-content\/uploads\/2024\/05\/riz-saucisses18-768x584.jpg 768w, http:\/\/recettes-gourmandes-de-joce.fr\/wp-content\/uploads\/2024\/05\/riz-saucisses18-750x571.jpg 750w\" sizes=\"auto, (max-width: 223px) 100vw, 223px\" \/> <img loading=\"lazy\" decoding=\"async\" class=\"alignnone wp-image-76069\" src=\"http:\/\/recettes-gourmandes-de-joce.fr\/wp-content\/uploads\/2024\/05\/riz-saucisses19.jpg\" alt=\"\" width=\"227\" height=\"170\" srcset=\"http:\/\/recettes-gourmandes-de-joce.fr\/wp-content\/uploads\/2024\/05\/riz-saucisses19.jpg 1024w, http:\/\/recettes-gourmandes-de-joce.fr\/wp-content\/uploads\/2024\/05\/riz-saucisses19-768x576.jpg 768w, http:\/\/recettes-gourmandes-de-joce.fr\/wp-content\/uploads\/2024\/05\/riz-saucisses19-750x563.jpg 750w\" sizes=\"auto, (max-width: 227px) 100vw, 227px\" \/><\/p>\n<p style=\"text-align: center;\"><span style=\"color: #008000; font-size: 14pt;\"><span style=\"font-family: georgia,serif;\"><em>D\u00e9glacer avec le vin blanc, ajouter le bouillon de volaille. Laisser mijoter jusqu&rsquo;\u00e0 absorption compl\u00e8te du bouillon, remuer r\u00e9guli\u00e8rement.<\/em><\/span><\/span><\/p>\n<p style=\"text-align: center;\"><img loading=\"lazy\" decoding=\"async\" class=\"alignnone wp-image-76070\" src=\"http:\/\/recettes-gourmandes-de-joce.fr\/wp-content\/uploads\/2024\/05\/riz-saucisses20.jpg\" alt=\"\" width=\"226\" height=\"170\" srcset=\"http:\/\/recettes-gourmandes-de-joce.fr\/wp-content\/uploads\/2024\/05\/riz-saucisses20.jpg 1024w, http:\/\/recettes-gourmandes-de-joce.fr\/wp-content\/uploads\/2024\/05\/riz-saucisses20-768x577.jpg 768w, http:\/\/recettes-gourmandes-de-joce.fr\/wp-content\/uploads\/2024\/05\/riz-saucisses20-750x563.jpg 750w\" sizes=\"auto, (max-width: 226px) 100vw, 226px\" \/> <img loading=\"lazy\" decoding=\"async\" class=\"alignnone wp-image-76071\" src=\"http:\/\/recettes-gourmandes-de-joce.fr\/wp-content\/uploads\/2024\/05\/riz-saucisses21.jpg\" alt=\"\" width=\"233\" height=\"170\" srcset=\"http:\/\/recettes-gourmandes-de-joce.fr\/wp-content\/uploads\/2024\/05\/riz-saucisses21.jpg 1024w, http:\/\/recettes-gourmandes-de-joce.fr\/wp-content\/uploads\/2024\/05\/riz-saucisses21-768x560.jpg 768w, http:\/\/recettes-gourmandes-de-joce.fr\/wp-content\/uploads\/2024\/05\/riz-saucisses21-750x546.jpg 750w\" sizes=\"auto, (max-width: 233px) 100vw, 233px\" \/> <img loading=\"lazy\" decoding=\"async\" class=\"alignnone wp-image-76072\" src=\"http:\/\/recettes-gourmandes-de-joce.fr\/wp-content\/uploads\/2024\/05\/riz-saucisses22.jpg\" alt=\"\" width=\"227\" height=\"170\" srcset=\"http:\/\/recettes-gourmandes-de-joce.fr\/wp-content\/uploads\/2024\/05\/riz-saucisses22.jpg 1024w, http:\/\/recettes-gourmandes-de-joce.fr\/wp-content\/uploads\/2024\/05\/riz-saucisses22-768x576.jpg 768w, http:\/\/recettes-gourmandes-de-joce.fr\/wp-content\/uploads\/2024\/05\/riz-saucisses22-750x563.jpg 750w\" sizes=\"auto, (max-width: 227px) 100vw, 227px\" \/><\/p>\n<p style=\"text-align: center;\"><span style=\"color: #008000; font-size: 14pt;\"><span style=\"font-family: georgia,serif;\"><em>Au besoin ajouter un peu de bouillon pour terminer la cuisson. Une fois le riz cuit, ajouter les herbes aromatiques et les tomates, arr\u00eater la cuisson et m\u00e9langer, Go\u00fbter pour \u00e9ventuellement rectifier l&rsquo;assaisonnement et servir avec un petit morceau de beurre ajout\u00e9 au dernier moment.<\/em><\/span><\/span><\/p>\n<p style=\"text-align: center;\"><span style=\"color: #008000; font-size: 14pt;\"><span style=\"font-family: georgia,serif;\"><em>Bon app\u00e9tit!<\/em><\/span><\/span><\/p>\n<p style=\"text-align: center;\"><img loading=\"lazy\" decoding=\"async\" class=\"alignnone wp-image-76075\" src=\"http:\/\/recettes-gourmandes-de-joce.fr\/wp-content\/uploads\/2024\/05\/riz-saucisses25.jpg\" alt=\"\" width=\"240\" height=\"180\" srcset=\"http:\/\/recettes-gourmandes-de-joce.fr\/wp-content\/uploads\/2024\/05\/riz-saucisses25.jpg 1024w, http:\/\/recettes-gourmandes-de-joce.fr\/wp-content\/uploads\/2024\/05\/riz-saucisses25-768x576.jpg 768w, http:\/\/recettes-gourmandes-de-joce.fr\/wp-content\/uploads\/2024\/05\/riz-saucisses25-750x563.jpg 750w\" sizes=\"auto, (max-width: 240px) 100vw, 240px\" \/> <img loading=\"lazy\" decoding=\"async\" class=\"alignnone wp-image-76073\" src=\"http:\/\/recettes-gourmandes-de-joce.fr\/wp-content\/uploads\/2024\/05\/riz-saucisses23.jpg\" alt=\"\" width=\"242\" height=\"180\" srcset=\"http:\/\/recettes-gourmandes-de-joce.fr\/wp-content\/uploads\/2024\/05\/riz-saucisses23.jpg 1024w, http:\/\/recettes-gourmandes-de-joce.fr\/wp-content\/uploads\/2024\/05\/riz-saucisses23-768x572.jpg 768w, http:\/\/recettes-gourmandes-de-joce.fr\/wp-content\/uploads\/2024\/05\/riz-saucisses23-750x558.jpg 750w\" sizes=\"auto, (max-width: 242px) 100vw, 242px\" \/> <img loading=\"lazy\" decoding=\"async\" class=\"alignnone wp-image-76074\" src=\"http:\/\/recettes-gourmandes-de-joce.fr\/wp-content\/uploads\/2024\/05\/riz-saucisses24.jpg\" alt=\"\" width=\"240\" height=\"180\" srcset=\"http:\/\/recettes-gourmandes-de-joce.fr\/wp-content\/uploads\/2024\/05\/riz-saucisses24.jpg 1024w, http:\/\/recettes-gourmandes-de-joce.fr\/wp-content\/uploads\/2024\/05\/riz-saucisses24-768x576.jpg 768w, http:\/\/recettes-gourmandes-de-joce.fr\/wp-content\/uploads\/2024\/05\/riz-saucisses24-750x563.jpg 750w\" sizes=\"auto, (max-width: 240px) 100vw, 240px\" \/><\/p>\n<p style=\"text-align: center;\"><img loading=\"lazy\" decoding=\"async\" class=\"alignnone wp-image-44943 size-full\" src=\"http:\/\/recettes-gourmandes-de-joce.fr\/wp-content\/uploads\/2022\/05\/logitech-gaming-software-14112014-121223.jpg\" alt=\"\" width=\"640\" height=\"144\" srcset=\"http:\/\/recettes-gourmandes-de-joce.fr\/wp-content\/uploads\/2022\/05\/logitech-gaming-software-14112014-121223.jpg 640w, http:\/\/recettes-gourmandes-de-joce.fr\/wp-content\/uploads\/2022\/05\/logitech-gaming-software-14112014-121223-300x68.jpg 300w\" sizes=\"auto, (max-width: 640px) 100vw, 640px\" \/><\/p>\n<p style=\"text-align: center;\">\n","protected":false},"excerpt":{"rendered":"<p>D&rsquo;apr\u00e8s une recette de Gordon Ramsay Ingr\u00e9dients pour 4 personnes 4 saucisses de Toulouse 4 verres de riz long 2 tomates 1 poivron 1 petit bouquet de cive \u00e0 d\u00e9faut de la ciboulette ou des tiges d&rsquo;oignon 1 petit bouquet de persil plat 1 bel oignon ou 2 petits 3 gousses d&rsquo;ail 8 verres d&rsquo;eau &hellip; <\/p>\n<p><a class=\"more-link btn\" href=\"http:\/\/recettes-gourmandes-de-joce.fr\/index.php\/index\/legumes\/riz-semoule\/riz-pilaf-aux-saucisses-epicees-tomates-et-poivrons-de-gordon-ramsay\/\">Lire la suite<\/a><\/p>\n","protected":false},"author":2,"featured_media":76076,"parent":163,"menu_order":0,"comment_status":"open","ping_status":"closed","template":"","meta":{"footnotes":""},"class_list":["post-3803","page","type-page","status-publish","has-post-thumbnail","hentry","nodate","item-wrap"],"_links":{"self":[{"href":"http:\/\/recettes-gourmandes-de-joce.fr\/index.php\/wp-json\/wp\/v2\/pages\/3803","targetHints":{"allow":["GET"]}}],"collection":[{"href":"http:\/\/recettes-gourmandes-de-joce.fr\/index.php\/wp-json\/wp\/v2\/pages"}],"about":[{"href":"http:\/\/recettes-gourmandes-de-joce.fr\/index.php\/wp-json\/wp\/v2\/types\/page"}],"author":[{"embeddable":true,"href":"http:\/\/recettes-gourmandes-de-joce.fr\/index.php\/wp-json\/wp\/v2\/users\/2"}],"replies":[{"embeddable":true,"href":"http:\/\/recettes-gourmandes-de-joce.fr\/index.php\/wp-json\/wp\/v2\/comments?post=3803"}],"version-history":[{"count":7,"href":"http:\/\/recettes-gourmandes-de-joce.fr\/index.php\/wp-json\/wp\/v2\/pages\/3803\/revisions"}],"predecessor-version":[{"id":89001,"href":"http:\/\/recettes-gourmandes-de-joce.fr\/index.php\/wp-json\/wp\/v2\/pages\/3803\/revisions\/89001"}],"up":[{"embeddable":true,"href":"http:\/\/recettes-gourmandes-de-joce.fr\/index.php\/wp-json\/wp\/v2\/pages\/163"}],"wp:featuredmedia":[{"embeddable":true,"href":"http:\/\/recettes-gourmandes-de-joce.fr\/index.php\/wp-json\/wp\/v2\/media\/76076"}],"wp:attachment":[{"href":"http:\/\/recettes-gourmandes-de-joce.fr\/index.php\/wp-json\/wp\/v2\/media?parent=3803"}],"curies":[{"name":"wp","href":"https:\/\/api.w.org\/{rel}","templated":true}]}}