{"id":37860,"date":"2021-07-22T21:57:51","date_gmt":"2021-07-22T21:57:51","guid":{"rendered":"http:\/\/recettes-gourmandes-de-joce.fr\/?page_id=37860"},"modified":"2024-06-21T13:57:03","modified_gmt":"2024-06-21T13:57:03","slug":"brochettes-de-saucisses-et-legumes","status":"publish","type":"page","link":"http:\/\/recettes-gourmandes-de-joce.fr\/index.php\/index\/viandes\/barbecue-plancha\/brochettes-de-saucisses-et-legumes\/","title":{"rendered":"Brochettes de saucisses et l\u00e9gumes."},"content":{"rendered":"<p style=\"text-align: center;\"><span style=\"font-family: georgia, serif; font-size: 18pt; color: #000080;\"><span style=\"text-decoration: underline;\"><em><em>Une de mes recettes<\/em><\/em><\/span><\/span><\/p>\n<p style=\"text-align: center;\"><span style=\"color: #000080;\"><img loading=\"lazy\" decoding=\"async\" class=\"alignnone wp-image-37872\" src=\"http:\/\/recettes-gourmandes-de-joce.fr\/wp-content\/uploads\/2021\/07\/rrtrtrtr-7-300x225.jpg\" alt=\"\" width=\"267\" height=\"200\" srcset=\"http:\/\/recettes-gourmandes-de-joce.fr\/wp-content\/uploads\/2021\/07\/rrtrtrtr-7-300x225.jpg 300w, http:\/\/recettes-gourmandes-de-joce.fr\/wp-content\/uploads\/2021\/07\/rrtrtrtr-7-768x576.jpg 768w, http:\/\/recettes-gourmandes-de-joce.fr\/wp-content\/uploads\/2021\/07\/rrtrtrtr-7-750x563.jpg 750w, http:\/\/recettes-gourmandes-de-joce.fr\/wp-content\/uploads\/2021\/07\/rrtrtrtr-7.jpg 800w\" sizes=\"auto, (max-width: 267px) 100vw, 267px\" \/> <img loading=\"lazy\" decoding=\"async\" class=\"alignnone wp-image-37870\" src=\"http:\/\/recettes-gourmandes-de-joce.fr\/wp-content\/uploads\/2021\/07\/recettes-a-faire5-202x300.jpg\" alt=\"\" width=\"135\" height=\"200\" srcset=\"http:\/\/recettes-gourmandes-de-joce.fr\/wp-content\/uploads\/2021\/07\/recettes-a-faire5-202x300.jpg 202w, http:\/\/recettes-gourmandes-de-joce.fr\/wp-content\/uploads\/2021\/07\/recettes-a-faire5.jpg 538w\" sizes=\"auto, (max-width: 135px) 100vw, 135px\" \/> <img loading=\"lazy\" decoding=\"async\" class=\"alignnone wp-image-37869\" src=\"http:\/\/recettes-gourmandes-de-joce.fr\/wp-content\/uploads\/2021\/07\/rrtrtrtr-12-001-300x225.jpg\" alt=\"\" width=\"267\" height=\"200\" srcset=\"http:\/\/recettes-gourmandes-de-joce.fr\/wp-content\/uploads\/2021\/07\/rrtrtrtr-12-001-300x225.jpg 300w, http:\/\/recettes-gourmandes-de-joce.fr\/wp-content\/uploads\/2021\/07\/rrtrtrtr-12-001-768x576.jpg 768w, http:\/\/recettes-gourmandes-de-joce.fr\/wp-content\/uploads\/2021\/07\/rrtrtrtr-12-001-750x563.jpg 750w, http:\/\/recettes-gourmandes-de-joce.fr\/wp-content\/uploads\/2021\/07\/rrtrtrtr-12-001.jpg 800w\" sizes=\"auto, (max-width: 267px) 100vw, 267px\" \/><\/span><\/p>\n<p style=\"text-align: center;\"><span style=\"font-family: georgia, serif; font-size: 18pt; color: #000080;\"><em><em><span style=\"text-decoration: underline;\"><span style=\"font-style: italic;\">Ingr\u00e9dients pour 10 personnes<\/span><\/span><\/em><\/em><\/span><\/p>\n<p style=\"text-align: center;\"><span style=\"font-family: georgia, serif; font-size: 14pt; color: #000080;\"><em><img loading=\"lazy\" decoding=\"async\" class=\"alignnone wp-image-37861\" src=\"http:\/\/recettes-gourmandes-de-joce.fr\/wp-content\/uploads\/2021\/07\/brochettes-7-2-300x262.jpg\" alt=\"\" width=\"229\" height=\"200\" srcset=\"http:\/\/recettes-gourmandes-de-joce.fr\/wp-content\/uploads\/2021\/07\/brochettes-7-2-300x262.jpg 300w, http:\/\/recettes-gourmandes-de-joce.fr\/wp-content\/uploads\/2021\/07\/brochettes-7-2-768x671.jpg 768w, http:\/\/recettes-gourmandes-de-joce.fr\/wp-content\/uploads\/2021\/07\/brochettes-7-2-750x655.jpg 750w, http:\/\/recettes-gourmandes-de-joce.fr\/wp-content\/uploads\/2021\/07\/brochettes-7-2.jpg 800w\" sizes=\"auto, (max-width: 229px) 100vw, 229px\" \/><\/em><\/span><\/p>\n<p style=\"text-align: center;\"><span style=\"font-family: georgia, serif; font-size: 14pt; color: #000080;\"><em><em>\u00a0<\/em><\/em><em><em>4 Andouillettes <\/em><\/em><\/span><\/p>\n<p style=\"text-align: center;\"><span style=\"font-family: georgia, serif; font-size: 14pt; color: #000080;\"><em><em>3 saucisses de porc au Maroilles<\/em><\/em><\/span><\/p>\n<p style=\"text-align: center;\"><span style=\"font-family: georgia, serif; font-size: 14pt; color: #000080;\"><em><em>8 merguez <\/em><\/em><\/span><\/p>\n<p style=\"text-align: center;\"><span style=\"font-family: georgia, serif; font-size: 14pt; color: #000080;\"><em><em>8 chipolatas <\/em><\/em><\/span><\/p>\n<p style=\"text-align: center;\"><span style=\"font-family: georgia, serif; font-size: 14pt; color: #000080;\"><em><em>1 gros oignon <\/em><\/em><\/span><\/p>\n<p style=\"text-align: center;\"><span style=\"font-family: georgia, serif; font-size: 14pt; color: #000080;\"><em><em>\u00bc de poivron rouge, vert et jaune <\/em><\/em><\/span><\/p>\n<p style=\"text-align: center;\"><span style=\"font-family: georgia, serif; font-size: 14pt; color: #000080;\"><em><em>2 petites courgettes <\/em><\/em><\/span><\/p>\n<p style=\"text-align: center;\"><span style=\"font-family: georgia, serif; font-size: 14pt; color: #000080;\"><em><em>5 gros champignons de Paris <\/em><\/em><\/span><\/p>\n<p style=\"text-align: center;\"><span style=\"font-family: georgia, serif; font-size: 14pt; color: #000080;\"><em><em>4 c\u00f4tes de porc aux \u00e9pices tex-mex <\/em><\/em><\/span><\/p>\n<p style=\"text-align: center;\"><span style=\"font-family: georgia, serif; font-size: 14pt; color: #000080;\"><em><em>Sel et poivre<\/em><\/em><\/span><\/p>\n<p style=\"text-align: center;\"><span style=\"font-family: georgia, serif; font-size: 14pt; color: #000080;\"><em><em>Des brochettes en bois<\/em><\/em><\/span><\/p>\n<p style=\"text-align: center;\"><span style=\"font-family: georgia, serif; font-size: 14pt; color: #000080;\"><img loading=\"lazy\" decoding=\"async\" class=\"alignnone wp-image-37865\" style=\"font-family: Lato, sans-serif; font-size: 16px;\" src=\"http:\/\/recettes-gourmandes-de-joce.fr\/wp-content\/uploads\/2021\/07\/brochettes-7-27-300x225.jpg\" alt=\"\" width=\"213\" height=\"160\" srcset=\"http:\/\/recettes-gourmandes-de-joce.fr\/wp-content\/uploads\/2021\/07\/brochettes-7-27-300x225.jpg 300w, http:\/\/recettes-gourmandes-de-joce.fr\/wp-content\/uploads\/2021\/07\/brochettes-7-27-768x577.jpg 768w, http:\/\/recettes-gourmandes-de-joce.fr\/wp-content\/uploads\/2021\/07\/brochettes-7-27-750x563.jpg 750w, http:\/\/recettes-gourmandes-de-joce.fr\/wp-content\/uploads\/2021\/07\/brochettes-7-27.jpg 800w\" sizes=\"auto, (max-width: 213px) 100vw, 213px\" \/> <img loading=\"lazy\" decoding=\"async\" class=\"alignnone wp-image-35929\" style=\"font-family: Lato, sans-serif; font-size: 16px;\" src=\"http:\/\/recettes-gourmandes-de-joce.fr\/wp-content\/uploads\/2021\/06\/pc150028-1-300x196.jpg\" alt=\"\" width=\"245\" height=\"160\" srcset=\"http:\/\/recettes-gourmandes-de-joce.fr\/wp-content\/uploads\/2021\/06\/pc150028-1-300x196.jpg 300w, http:\/\/recettes-gourmandes-de-joce.fr\/wp-content\/uploads\/2021\/06\/pc150028-1.jpg 664w\" sizes=\"auto, (max-width: 245px) 100vw, 245px\" \/> <img loading=\"lazy\" decoding=\"async\" class=\"alignnone wp-image-37851\" style=\"font-family: Lato, sans-serif; font-size: 16px;\" src=\"http:\/\/recettes-gourmandes-de-joce.fr\/wp-content\/uploads\/2021\/07\/20210403_185427-294x300.jpg\" alt=\"\" width=\"157\" height=\"160\" srcset=\"http:\/\/recettes-gourmandes-de-joce.fr\/wp-content\/uploads\/2021\/07\/20210403_185427-294x300.jpg 294w, http:\/\/recettes-gourmandes-de-joce.fr\/wp-content\/uploads\/2021\/07\/20210403_185427-768x783.jpg 768w, http:\/\/recettes-gourmandes-de-joce.fr\/wp-content\/uploads\/2021\/07\/20210403_185427-750x764.jpg 750w, http:\/\/recettes-gourmandes-de-joce.fr\/wp-content\/uploads\/2021\/07\/20210403_185427.jpg 785w\" sizes=\"auto, (max-width: 157px) 100vw, 157px\" \/><\/span><\/p>\n<p style=\"text-align: center;\"><span style=\"font-family: georgia, palatino, serif; color: #000080;\"><span style=\"font-size: 14pt;\"><em>Couper les merguez et chipolatas en 4,\u00a0<\/em><\/span><em style=\"font-size: 14pt;\">couper les poivrons en gros morceaux<\/em><span style=\"font-size: 14pt;\"><em>\u00a0. <\/em><\/span><em style=\"font-size: 18.6667px;\">Couper les c\u00f4tes de porc en gros morceaux \u00e9galement. Peler et couper <\/em><em style=\"font-size: 14pt;\">l&rsquo;oignon en morceaux \u00e9pais, <\/em><em style=\"font-size: 14pt;\">\u00a0et les courgettes en morceaux.<\/em><\/span><\/p>\n<p style=\"text-align: center;\"><span style=\"color: #000080;\"><img loading=\"lazy\" decoding=\"async\" class=\"alignnone wp-image-37874\" src=\"http:\/\/recettes-gourmandes-de-joce.fr\/wp-content\/uploads\/2021\/07\/P3270559-001-300x233.jpg\" alt=\"\" width=\"206\" height=\"160\" srcset=\"http:\/\/recettes-gourmandes-de-joce.fr\/wp-content\/uploads\/2021\/07\/P3270559-001-300x233.jpg 300w, http:\/\/recettes-gourmandes-de-joce.fr\/wp-content\/uploads\/2021\/07\/P3270559-001.jpg 640w\" sizes=\"auto, (max-width: 206px) 100vw, 206px\" \/> <img loading=\"lazy\" decoding=\"async\" class=\"alignnone wp-image-37862\" src=\"http:\/\/recettes-gourmandes-de-joce.fr\/wp-content\/uploads\/2021\/07\/brochettes-7-9-225x300.jpg\" alt=\"\" width=\"120\" height=\"160\" srcset=\"http:\/\/recettes-gourmandes-de-joce.fr\/wp-content\/uploads\/2021\/07\/brochettes-7-9-225x300.jpg 225w, http:\/\/recettes-gourmandes-de-joce.fr\/wp-content\/uploads\/2021\/07\/brochettes-7-9.jpg 600w\" sizes=\"auto, (max-width: 120px) 100vw, 120px\" \/> <img loading=\"lazy\" decoding=\"async\" class=\"alignnone wp-image-37863\" src=\"http:\/\/recettes-gourmandes-de-joce.fr\/wp-content\/uploads\/2021\/07\/brochettes-7-10-300x186.jpg\" alt=\"\" width=\"259\" height=\"160\" srcset=\"http:\/\/recettes-gourmandes-de-joce.fr\/wp-content\/uploads\/2021\/07\/brochettes-7-10-300x186.jpg 300w, http:\/\/recettes-gourmandes-de-joce.fr\/wp-content\/uploads\/2021\/07\/brochettes-7-10-768x475.jpg 768w, http:\/\/recettes-gourmandes-de-joce.fr\/wp-content\/uploads\/2021\/07\/brochettes-7-10-750x464.jpg 750w, http:\/\/recettes-gourmandes-de-joce.fr\/wp-content\/uploads\/2021\/07\/brochettes-7-10.jpg 800w\" sizes=\"auto, (max-width: 259px) 100vw, 259px\" \/>\u00a0<\/span><\/p>\n<p style=\"text-align: center;\"><span style=\"font-family: georgia, serif; font-size: 14pt; color: #000080;\"><em style=\"font-family: Lato, sans-serif; font-size: 14pt;\">Couper les champignons en 4. <\/em><em><em>Alterner sur des piques \u00e0 brochette, chipolatas, merguez, c\u00f4te de porc et l\u00e9gumes selon vos go\u00fbts. Saler et poivrer sur toutes les faces.<\/em><\/em><\/span><\/p>\n<p style=\"text-align: center;\"><span style=\"color: #000080;\"><img loading=\"lazy\" decoding=\"async\" class=\"alignnone wp-image-37864\" src=\"http:\/\/recettes-gourmandes-de-joce.fr\/wp-content\/uploads\/2021\/07\/brochettes-7-13-300x186.jpg\" alt=\"\" width=\"258\" height=\"160\" srcset=\"http:\/\/recettes-gourmandes-de-joce.fr\/wp-content\/uploads\/2021\/07\/brochettes-7-13-300x186.jpg 300w, http:\/\/recettes-gourmandes-de-joce.fr\/wp-content\/uploads\/2021\/07\/brochettes-7-13-768x477.jpg 768w, http:\/\/recettes-gourmandes-de-joce.fr\/wp-content\/uploads\/2021\/07\/brochettes-7-13-750x466.jpg 750w, http:\/\/recettes-gourmandes-de-joce.fr\/wp-content\/uploads\/2021\/07\/brochettes-7-13.jpg 800w\" sizes=\"auto, (max-width: 258px) 100vw, 258px\" \/> <img loading=\"lazy\" decoding=\"async\" class=\"alignnone wp-image-37862\" src=\"http:\/\/recettes-gourmandes-de-joce.fr\/wp-content\/uploads\/2021\/07\/brochettes-7-9-225x300.jpg\" alt=\"\" width=\"120\" height=\"160\" srcset=\"http:\/\/recettes-gourmandes-de-joce.fr\/wp-content\/uploads\/2021\/07\/brochettes-7-9-225x300.jpg 225w, http:\/\/recettes-gourmandes-de-joce.fr\/wp-content\/uploads\/2021\/07\/brochettes-7-9.jpg 600w\" sizes=\"auto, (max-width: 120px) 100vw, 120px\" \/> <img loading=\"lazy\" decoding=\"async\" class=\"alignnone wp-image-37866\" src=\"http:\/\/recettes-gourmandes-de-joce.fr\/wp-content\/uploads\/2021\/07\/brochettes-7-52-300x240.jpg\" alt=\"\" width=\"200\" height=\"160\" srcset=\"http:\/\/recettes-gourmandes-de-joce.fr\/wp-content\/uploads\/2021\/07\/brochettes-7-52-300x240.jpg 300w, http:\/\/recettes-gourmandes-de-joce.fr\/wp-content\/uploads\/2021\/07\/brochettes-7-52-768x615.jpg 768w, http:\/\/recettes-gourmandes-de-joce.fr\/wp-content\/uploads\/2021\/07\/brochettes-7-52-750x601.jpg 750w, http:\/\/recettes-gourmandes-de-joce.fr\/wp-content\/uploads\/2021\/07\/brochettes-7-52.jpg 800w\" sizes=\"auto, (max-width: 200px) 100vw, 200px\" \/>\u00a0<\/span><\/p>\n<p style=\"text-align: center;\"><span style=\"color: #000080;\">\u00a0 <span style=\"font-family: georgia, serif; font-size: 14pt;\"><em><em>Mettre un morceau de courgette et de poivron, puis une andouillette sur un pique \u00e0 brochette, terminer par un morceau de poivron et de courgette, assaisonner. Faite la m\u00eame chose avec les saucisses de Maroilles.<\/em><\/em><\/span><\/span><\/p>\n<p style=\"text-align: center;\"><span style=\"font-family: georgia, serif; font-size: 14pt; color: #000080;\"><img loading=\"lazy\" decoding=\"async\" class=\"alignnone wp-image-37868\" style=\"font-family: Lato, sans-serif; font-size: 16px;\" src=\"http:\/\/recettes-gourmandes-de-joce.fr\/wp-content\/uploads\/2021\/07\/rrtrtrtr-9-300x225.jpg\" alt=\"\" width=\"213\" height=\"160\" srcset=\"http:\/\/recettes-gourmandes-de-joce.fr\/wp-content\/uploads\/2021\/07\/rrtrtrtr-9-300x225.jpg 300w, http:\/\/recettes-gourmandes-de-joce.fr\/wp-content\/uploads\/2021\/07\/rrtrtrtr-9-768x576.jpg 768w, http:\/\/recettes-gourmandes-de-joce.fr\/wp-content\/uploads\/2021\/07\/rrtrtrtr-9-750x563.jpg 750w, http:\/\/recettes-gourmandes-de-joce.fr\/wp-content\/uploads\/2021\/07\/rrtrtrtr-9.jpg 800w\" sizes=\"auto, (max-width: 213px) 100vw, 213px\" \/> <img loading=\"lazy\" decoding=\"async\" class=\"alignnone wp-image-37867\" src=\"http:\/\/recettes-gourmandes-de-joce.fr\/wp-content\/uploads\/2021\/07\/rrtrtrtr-8-001-300x225.jpg\" alt=\"\" width=\"213\" height=\"160\" srcset=\"http:\/\/recettes-gourmandes-de-joce.fr\/wp-content\/uploads\/2021\/07\/rrtrtrtr-8-001-300x225.jpg 300w, http:\/\/recettes-gourmandes-de-joce.fr\/wp-content\/uploads\/2021\/07\/rrtrtrtr-8-001-768x576.jpg 768w, http:\/\/recettes-gourmandes-de-joce.fr\/wp-content\/uploads\/2021\/07\/rrtrtrtr-8-001-750x563.jpg 750w, http:\/\/recettes-gourmandes-de-joce.fr\/wp-content\/uploads\/2021\/07\/rrtrtrtr-8-001.jpg 800w\" sizes=\"auto, (max-width: 213px) 100vw, 213px\" \/><\/span><\/p>\n<p style=\"text-align: center;\"><span style=\"color: #000080;\"><em><em><span style=\"font-family: georgia, serif;\"><span style=\"font-size: 14pt;\">Pr\u00e9parer le barbecue et faite y cuire vos brochettes en les retournant <\/span><span style=\"font-size: 18.6667px;\">souvent<\/span><span style=\"font-size: 14pt;\">, servir avec pur\u00e9e, p\u00e2tes, riz etc.<\/span><\/span><\/em><\/em><\/span><\/p>\n<p style=\"text-align: center;\"><span style=\"font-family: georgia, serif; font-size: 14pt; color: #000080;\"><em><em>Bon app\u00e9tit!<\/em><\/em><\/span><\/p>\n<p style=\"text-align: center;\"><span style=\"color: #000080;\"><img loading=\"lazy\" decoding=\"async\" class=\"alignnone wp-image-37873\" src=\"http:\/\/recettes-gourmandes-de-joce.fr\/wp-content\/uploads\/2021\/07\/recettes-transferees-juin1-300x146.jpg\" alt=\"\" width=\"370\" height=\"180\" srcset=\"http:\/\/recettes-gourmandes-de-joce.fr\/wp-content\/uploads\/2021\/07\/recettes-transferees-juin1-300x146.jpg 300w, http:\/\/recettes-gourmandes-de-joce.fr\/wp-content\/uploads\/2021\/07\/recettes-transferees-juin1-768x373.jpg 768w, http:\/\/recettes-gourmandes-de-joce.fr\/wp-content\/uploads\/2021\/07\/recettes-transferees-juin1-750x365.jpg 750w, http:\/\/recettes-gourmandes-de-joce.fr\/wp-content\/uploads\/2021\/07\/recettes-transferees-juin1.jpg 800w\" sizes=\"auto, (max-width: 370px) 100vw, 370px\" \/><\/span><\/p>\n<p style=\"text-align: center;\"><span style=\"color: #000080;\"><img loading=\"lazy\" decoding=\"async\" class=\"alignnone wp-image-37871\" src=\"http:\/\/recettes-gourmandes-de-joce.fr\/wp-content\/uploads\/2021\/07\/rrtrtrtr-300x245.jpg\" alt=\"\" width=\"221\" height=\"180\" srcset=\"http:\/\/recettes-gourmandes-de-joce.fr\/wp-content\/uploads\/2021\/07\/rrtrtrtr-300x245.jpg 300w, http:\/\/recettes-gourmandes-de-joce.fr\/wp-content\/uploads\/2021\/07\/rrtrtrtr-768x626.jpg 768w, http:\/\/recettes-gourmandes-de-joce.fr\/wp-content\/uploads\/2021\/07\/rrtrtrtr-750x611.jpg 750w, http:\/\/recettes-gourmandes-de-joce.fr\/wp-content\/uploads\/2021\/07\/rrtrtrtr.jpg 800w\" sizes=\"auto, (max-width: 221px) 100vw, 221px\" \/> <img loading=\"lazy\" decoding=\"async\" class=\"alignnone wp-image-37869\" src=\"http:\/\/recettes-gourmandes-de-joce.fr\/wp-content\/uploads\/2021\/07\/rrtrtrtr-12-001-300x225.jpg\" alt=\"\" width=\"240\" height=\"180\" srcset=\"http:\/\/recettes-gourmandes-de-joce.fr\/wp-content\/uploads\/2021\/07\/rrtrtrtr-12-001-300x225.jpg 300w, http:\/\/recettes-gourmandes-de-joce.fr\/wp-content\/uploads\/2021\/07\/rrtrtrtr-12-001-768x576.jpg 768w, http:\/\/recettes-gourmandes-de-joce.fr\/wp-content\/uploads\/2021\/07\/rrtrtrtr-12-001-750x563.jpg 750w, http:\/\/recettes-gourmandes-de-joce.fr\/wp-content\/uploads\/2021\/07\/rrtrtrtr-12-001.jpg 800w\" sizes=\"auto, (max-width: 240px) 100vw, 240px\" \/><\/span><\/p>\n<p style=\"text-align: center;\"><span style=\"color: #000080;\"><img loading=\"lazy\" decoding=\"async\" class=\"alignnone wp-image-37354 size-full\" src=\"http:\/\/recettes-gourmandes-de-joce.fr\/wp-content\/uploads\/2021\/06\/logitech-gaming-software-14112014-121223.jpg\" alt=\"\" width=\"640\" height=\"144\" srcset=\"http:\/\/recettes-gourmandes-de-joce.fr\/wp-content\/uploads\/2021\/06\/logitech-gaming-software-14112014-121223.jpg 640w, http:\/\/recettes-gourmandes-de-joce.fr\/wp-content\/uploads\/2021\/06\/logitech-gaming-software-14112014-121223-300x68.jpg 300w\" sizes=\"auto, (max-width: 640px) 100vw, 640px\" \/><\/span><\/p>\n","protected":false},"excerpt":{"rendered":"<p>Une de mes recettes Ingr\u00e9dients pour 10 personnes \u00a04 Andouillettes 3 saucisses de porc au Maroilles 8 merguez 8 chipolatas 1 gros oignon \u00bc de poivron rouge, vert et jaune 2 petites courgettes 5 gros champignons de Paris 4 c\u00f4tes de porc aux \u00e9pices tex-mex Sel et poivre Des brochettes en bois Couper les merguez &hellip; <\/p>\n<p><a class=\"more-link btn\" href=\"http:\/\/recettes-gourmandes-de-joce.fr\/index.php\/index\/viandes\/barbecue-plancha\/brochettes-de-saucisses-et-legumes\/\">Lire la suite<\/a><\/p>\n","protected":false},"author":2,"featured_media":84586,"parent":154,"menu_order":0,"comment_status":"open","ping_status":"closed","template":"","meta":{"footnotes":""},"class_list":["post-37860","page","type-page","status-publish","has-post-thumbnail","hentry","nodate","item-wrap"],"_links":{"self":[{"href":"http:\/\/recettes-gourmandes-de-joce.fr\/index.php\/wp-json\/wp\/v2\/pages\/37860","targetHints":{"allow":["GET"]}}],"collection":[{"href":"http:\/\/recettes-gourmandes-de-joce.fr\/index.php\/wp-json\/wp\/v2\/pages"}],"about":[{"href":"http:\/\/recettes-gourmandes-de-joce.fr\/index.php\/wp-json\/wp\/v2\/types\/page"}],"author":[{"embeddable":true,"href":"http:\/\/recettes-gourmandes-de-joce.fr\/index.php\/wp-json\/wp\/v2\/users\/2"}],"replies":[{"embeddable":true,"href":"http:\/\/recettes-gourmandes-de-joce.fr\/index.php\/wp-json\/wp\/v2\/comments?post=37860"}],"version-history":[{"count":4,"href":"http:\/\/recettes-gourmandes-de-joce.fr\/index.php\/wp-json\/wp\/v2\/pages\/37860\/revisions"}],"predecessor-version":[{"id":84587,"href":"http:\/\/recettes-gourmandes-de-joce.fr\/index.php\/wp-json\/wp\/v2\/pages\/37860\/revisions\/84587"}],"up":[{"embeddable":true,"href":"http:\/\/recettes-gourmandes-de-joce.fr\/index.php\/wp-json\/wp\/v2\/pages\/154"}],"wp:featuredmedia":[{"embeddable":true,"href":"http:\/\/recettes-gourmandes-de-joce.fr\/index.php\/wp-json\/wp\/v2\/media\/84586"}],"wp:attachment":[{"href":"http:\/\/recettes-gourmandes-de-joce.fr\/index.php\/wp-json\/wp\/v2\/media?parent=37860"}],"curies":[{"name":"wp","href":"https:\/\/api.w.org\/{rel}","templated":true}]}}