{"id":37631,"date":"2021-07-08T09:54:27","date_gmt":"2021-07-08T09:54:27","guid":{"rendered":"http:\/\/recettes-gourmandes-de-joce.fr\/?page_id=37631"},"modified":"2025-04-09T20:53:54","modified_gmt":"2025-04-09T20:53:54","slug":"feuilletes-epices-aux-lardons-et-vache-qui-rit","status":"publish","type":"page","link":"http:\/\/recettes-gourmandes-de-joce.fr\/index.php\/index\/entrees\/entrees-chaudes\/feuilletes-epices-aux-lardons-et-vache-qui-rit\/","title":{"rendered":"Feuillet\u00e9s \u00e9pic\u00e9s aux lardons et vache qui rit."},"content":{"rendered":"<p style=\"text-align: center;\"><span style=\"text-decoration: underline; font-family: georgia, palatino, serif; color: #993300;\"><span style=\"font-size: 18pt;\"><em>Une de mes recettes<\/em><\/span><\/span><\/p>\n<p style=\"text-align: center;\"><span style=\"font-family: georgia, palatino, serif; color: #993300;\"><img loading=\"lazy\" decoding=\"async\" class=\"alignnone wp-image-37630\" src=\"http:\/\/recettes-gourmandes-de-joce.fr\/wp-content\/uploads\/2021\/07\/P8250761-300x266.jpg\" alt=\"\" width=\"203\" height=\"180\" srcset=\"http:\/\/recettes-gourmandes-de-joce.fr\/wp-content\/uploads\/2021\/07\/P8250761-300x266.jpg 300w, http:\/\/recettes-gourmandes-de-joce.fr\/wp-content\/uploads\/2021\/07\/P8250761-768x681.jpg 768w, http:\/\/recettes-gourmandes-de-joce.fr\/wp-content\/uploads\/2021\/07\/P8250761-750x665.jpg 750w, http:\/\/recettes-gourmandes-de-joce.fr\/wp-content\/uploads\/2021\/07\/P8250761.jpg 800w\" sizes=\"auto, (max-width: 203px) 100vw, 203px\" \/> <img loading=\"lazy\" decoding=\"async\" class=\"alignnone wp-image-37629\" src=\"http:\/\/recettes-gourmandes-de-joce.fr\/wp-content\/uploads\/2021\/07\/P8250760-300x250.jpg\" alt=\"\" width=\"216\" height=\"180\" srcset=\"http:\/\/recettes-gourmandes-de-joce.fr\/wp-content\/uploads\/2021\/07\/P8250760-300x250.jpg 300w, http:\/\/recettes-gourmandes-de-joce.fr\/wp-content\/uploads\/2021\/07\/P8250760-768x640.jpg 768w, http:\/\/recettes-gourmandes-de-joce.fr\/wp-content\/uploads\/2021\/07\/P8250760-750x625.jpg 750w, http:\/\/recettes-gourmandes-de-joce.fr\/wp-content\/uploads\/2021\/07\/P8250760.jpg 800w\" sizes=\"auto, (max-width: 216px) 100vw, 216px\" \/> <img loading=\"lazy\" decoding=\"async\" class=\"alignnone wp-image-37628\" src=\"http:\/\/recettes-gourmandes-de-joce.fr\/wp-content\/uploads\/2021\/07\/P8250759-300x233.jpg\" alt=\"\" width=\"232\" height=\"180\" srcset=\"http:\/\/recettes-gourmandes-de-joce.fr\/wp-content\/uploads\/2021\/07\/P8250759-300x233.jpg 300w, http:\/\/recettes-gourmandes-de-joce.fr\/wp-content\/uploads\/2021\/07\/P8250759-768x596.jpg 768w, http:\/\/recettes-gourmandes-de-joce.fr\/wp-content\/uploads\/2021\/07\/P8250759-750x582.jpg 750w, http:\/\/recettes-gourmandes-de-joce.fr\/wp-content\/uploads\/2021\/07\/P8250759.jpg 800w\" sizes=\"auto, (max-width: 232px) 100vw, 232px\" \/><\/span><\/p>\n<p style=\"text-align: center;\"><span style=\"text-decoration: underline; font-family: georgia, palatino, serif; color: #993300;\"><span style=\"font-size: 18pt;\"><em>Ingr\u00e9dients pour 4\/5 feuillet\u00e9s selon leur grosseur.<\/em><\/span><\/span><\/p>\n<p style=\"text-align: center;\"><span style=\"font-family: georgia, palatino, serif; color: #993300;\"><img loading=\"lazy\" decoding=\"async\" class=\"alignnone size-medium wp-image-37620\" src=\"http:\/\/recettes-gourmandes-de-joce.fr\/wp-content\/uploads\/2021\/07\/P8250722-300x233.jpg\" alt=\"\" width=\"300\" height=\"233\" srcset=\"http:\/\/recettes-gourmandes-de-joce.fr\/wp-content\/uploads\/2021\/07\/P8250722-300x233.jpg 300w, http:\/\/recettes-gourmandes-de-joce.fr\/wp-content\/uploads\/2021\/07\/P8250722-768x597.jpg 768w, http:\/\/recettes-gourmandes-de-joce.fr\/wp-content\/uploads\/2021\/07\/P8250722-750x583.jpg 750w, http:\/\/recettes-gourmandes-de-joce.fr\/wp-content\/uploads\/2021\/07\/P8250722.jpg 800w\" sizes=\"auto, (max-width: 300px) 100vw, 300px\" \/><\/span><\/p>\n<p style=\"text-align: center;\"><span style=\"font-size: 14pt; color: #993300;\"><em><span style=\"font-family: georgia, palatino, serif;\">1 p\u00e2te feuillet\u00e9e<\/span><\/em><\/span><\/p>\n<p style=\"text-align: center;\"><span style=\"font-size: 14pt; color: #993300;\"><em><span style=\"font-family: georgia, palatino, serif;\"> 5 portions de vache qui rit <\/span><\/em><\/span><\/p>\n<p style=\"text-align: center;\"><span style=\"font-size: 14pt; color: #993300;\"><em><span style=\"font-family: georgia, palatino, serif;\">100 g de lardons fum\u00e9s<\/span><\/em><\/span><\/p>\n<p style=\"text-align: center;\"><span style=\"font-size: 14pt; color: #993300;\"><em><span style=\"font-family: georgia, palatino, serif;\">1 \u0153uf<\/span><\/em><\/span><\/p>\n<p style=\"text-align: center;\"><span style=\"font-size: 14pt; color: #993300;\"><em><span style=\"font-family: georgia, palatino, serif;\"> Huile d&rsquo;olive <\/span><\/em><\/span><\/p>\n<p style=\"text-align: center;\"><span style=\"font-size: 14pt; color: #993300;\"><em><span style=\"font-family: georgia, palatino, serif;\">1 c \u00e0 c d&rsquo;\u00e9pices cajun ou de votre choix d\u00e9tails -&gt; <span style=\"color: #800080;\">\u00c9pic\u00e9too<\/span><\/span><\/em><\/span><\/p>\n<p style=\"text-align: center;\"><span style=\"font-size: 14pt; color: #993300;\"><em><span style=\"font-family: georgia, palatino, serif;\"><img loading=\"lazy\" decoding=\"async\" class=\"alignnone wp-image-94432\" src=\"http:\/\/recettes-gourmandes-de-joce.fr\/wp-content\/uploads\/2025\/04\/gratin-pdt-vachequirit4.jpg\" alt=\"\" width=\"276\" height=\"170\" \/> <img loading=\"lazy\" decoding=\"async\" class=\"alignnone wp-image-37635\" src=\"http:\/\/recettes-gourmandes-de-joce.fr\/wp-content\/uploads\/2021\/07\/20200424_222037-1-300x225.jpg\" alt=\"\" width=\"227\" height=\"170\" srcset=\"http:\/\/recettes-gourmandes-de-joce.fr\/wp-content\/uploads\/2021\/07\/20200424_222037-1-300x225.jpg 300w, http:\/\/recettes-gourmandes-de-joce.fr\/wp-content\/uploads\/2021\/07\/20200424_222037-1-768x576.jpg 768w, http:\/\/recettes-gourmandes-de-joce.fr\/wp-content\/uploads\/2021\/07\/20200424_222037-1-750x563.jpg 750w, http:\/\/recettes-gourmandes-de-joce.fr\/wp-content\/uploads\/2021\/07\/20200424_222037-1.jpg 800w\" sizes=\"auto, (max-width: 227px) 100vw, 227px\" \/> <img loading=\"lazy\" decoding=\"async\" class=\"alignnone wp-image-37621\" src=\"http:\/\/recettes-gourmandes-de-joce.fr\/wp-content\/uploads\/2021\/07\/P8250724-300x225.jpg\" alt=\"\" width=\"227\" height=\"170\" srcset=\"http:\/\/recettes-gourmandes-de-joce.fr\/wp-content\/uploads\/2021\/07\/P8250724-300x225.jpg 300w, http:\/\/recettes-gourmandes-de-joce.fr\/wp-content\/uploads\/2021\/07\/P8250724-768x576.jpg 768w, http:\/\/recettes-gourmandes-de-joce.fr\/wp-content\/uploads\/2021\/07\/P8250724-750x563.jpg 750w, http:\/\/recettes-gourmandes-de-joce.fr\/wp-content\/uploads\/2021\/07\/P8250724.jpg 800w\" sizes=\"auto, (max-width: 227px) 100vw, 227px\" \/>\u00a0<\/span><\/em><\/span><\/p>\n<p style=\"text-align: center;\"><span style=\"font-size: 14pt; color: #993300;\"><em><span style=\"font-family: georgia, palatino, serif;\">\u00d4ter l&#8217;emballage des portions des vache qui rit. Battre l\u2019\u0153uf en omelette. D\u00e9couper votre p\u00e2te feuillet\u00e9e en 8 cercles (10 si vous utilisez les chutes de p\u00e2te) de 12 cm de diam\u00e8tre, puis avec un emporte-pi\u00e8ce plus petit, red\u00e9couper dans 4 ou 5 des cercles,\u00a0 des disques de p\u00e2te plus petits, aidez vous de la photo. Passer sur le tour du disque entier de l\u2019\u0153uf battu.<\/span><\/em><\/span><\/p>\n<p style=\"text-align: center;\"><span style=\"font-size: 14pt; color: #993300;\"><em><span style=\"font-family: georgia, palatino, serif;\"><img loading=\"lazy\" decoding=\"async\" class=\"alignnone wp-image-37632\" src=\"http:\/\/recettes-gourmandes-de-joce.fr\/wp-content\/uploads\/2021\/07\/feuilletes-chevre7-300x200.jpg\" alt=\"\" width=\"240\" height=\"160\" srcset=\"http:\/\/recettes-gourmandes-de-joce.fr\/wp-content\/uploads\/2021\/07\/feuilletes-chevre7-300x200.jpg 300w, http:\/\/recettes-gourmandes-de-joce.fr\/wp-content\/uploads\/2021\/07\/feuilletes-chevre7-768x512.jpg 768w, http:\/\/recettes-gourmandes-de-joce.fr\/wp-content\/uploads\/2021\/07\/feuilletes-chevre7-750x500.jpg 750w, http:\/\/recettes-gourmandes-de-joce.fr\/wp-content\/uploads\/2021\/07\/feuilletes-chevre7.jpg 1024w\" sizes=\"auto, (max-width: 240px) 100vw, 240px\" \/> <\/span><\/em><em><span style=\"font-family: georgia, palatino, serif;\"><img loading=\"lazy\" decoding=\"async\" class=\"alignnone wp-image-37633\" src=\"http:\/\/recettes-gourmandes-de-joce.fr\/wp-content\/uploads\/2021\/07\/feuilletes-chevre8-300x200.jpg\" alt=\"\" width=\"240\" height=\"160\" srcset=\"http:\/\/recettes-gourmandes-de-joce.fr\/wp-content\/uploads\/2021\/07\/feuilletes-chevre8-300x200.jpg 300w, http:\/\/recettes-gourmandes-de-joce.fr\/wp-content\/uploads\/2021\/07\/feuilletes-chevre8-768x512.jpg 768w, http:\/\/recettes-gourmandes-de-joce.fr\/wp-content\/uploads\/2021\/07\/feuilletes-chevre8-750x500.jpg 750w, http:\/\/recettes-gourmandes-de-joce.fr\/wp-content\/uploads\/2021\/07\/feuilletes-chevre8.jpg 1024w\" sizes=\"auto, (max-width: 240px) 100vw, 240px\" \/> <img loading=\"lazy\" decoding=\"async\" class=\"alignnone wp-image-37622\" src=\"http:\/\/recettes-gourmandes-de-joce.fr\/wp-content\/uploads\/2021\/07\/P8250730-300x225.jpg\" alt=\"\" width=\"213\" height=\"160\" srcset=\"http:\/\/recettes-gourmandes-de-joce.fr\/wp-content\/uploads\/2021\/07\/P8250730-300x225.jpg 300w, http:\/\/recettes-gourmandes-de-joce.fr\/wp-content\/uploads\/2021\/07\/P8250730-768x576.jpg 768w, http:\/\/recettes-gourmandes-de-joce.fr\/wp-content\/uploads\/2021\/07\/P8250730-750x563.jpg 750w, http:\/\/recettes-gourmandes-de-joce.fr\/wp-content\/uploads\/2021\/07\/P8250730.jpg 800w\" sizes=\"auto, (max-width: 213px) 100vw, 213px\" \/>\u00a0<\/span><\/em><\/span><\/p>\n<p style=\"text-align: center;\"><span style=\"font-size: 14pt; color: #993300;\"><em><span style=\"font-family: georgia, palatino, serif;\">\u00a0Ajouter dessus la collerette. R\u00e9server le petit cercle qui servira de chapeau. D\u00e9poser au centre une vache qui rit, 1 bonne c \u00e0 s de lardons.<\/span><\/em><\/span><\/p>\n<p style=\"text-align: center;\"><span style=\"font-size: 14pt; color: #993300;\"><em><span style=\"font-family: georgia, palatino, serif;\"><img loading=\"lazy\" decoding=\"async\" class=\"alignnone wp-image-37623\" src=\"http:\/\/recettes-gourmandes-de-joce.fr\/wp-content\/uploads\/2021\/07\/P8250731-300x225.jpg\" alt=\"\" width=\"213\" height=\"160\" srcset=\"http:\/\/recettes-gourmandes-de-joce.fr\/wp-content\/uploads\/2021\/07\/P8250731-300x225.jpg 300w, http:\/\/recettes-gourmandes-de-joce.fr\/wp-content\/uploads\/2021\/07\/P8250731-768x576.jpg 768w, http:\/\/recettes-gourmandes-de-joce.fr\/wp-content\/uploads\/2021\/07\/P8250731-750x563.jpg 750w, http:\/\/recettes-gourmandes-de-joce.fr\/wp-content\/uploads\/2021\/07\/P8250731.jpg 800w\" sizes=\"auto, (max-width: 213px) 100vw, 213px\" \/> <\/span><\/em><em><span style=\"font-family: georgia, palatino, serif;\"><img loading=\"lazy\" decoding=\"async\" class=\"alignnone wp-image-37624\" src=\"http:\/\/recettes-gourmandes-de-joce.fr\/wp-content\/uploads\/2021\/07\/P8250733-300x268.jpg\" alt=\"\" width=\"179\" height=\"160\" srcset=\"http:\/\/recettes-gourmandes-de-joce.fr\/wp-content\/uploads\/2021\/07\/P8250733-300x268.jpg 300w, http:\/\/recettes-gourmandes-de-joce.fr\/wp-content\/uploads\/2021\/07\/P8250733-768x685.jpg 768w, http:\/\/recettes-gourmandes-de-joce.fr\/wp-content\/uploads\/2021\/07\/P8250733-750x669.jpg 750w, http:\/\/recettes-gourmandes-de-joce.fr\/wp-content\/uploads\/2021\/07\/P8250733.jpg 800w\" sizes=\"auto, (max-width: 179px) 100vw, 179px\" \/> <img loading=\"lazy\" decoding=\"async\" class=\"alignnone wp-image-37625\" src=\"http:\/\/recettes-gourmandes-de-joce.fr\/wp-content\/uploads\/2021\/07\/P8250742-300x225.jpg\" alt=\"\" width=\"213\" height=\"160\" srcset=\"http:\/\/recettes-gourmandes-de-joce.fr\/wp-content\/uploads\/2021\/07\/P8250742-300x225.jpg 300w, http:\/\/recettes-gourmandes-de-joce.fr\/wp-content\/uploads\/2021\/07\/P8250742-768x576.jpg 768w, http:\/\/recettes-gourmandes-de-joce.fr\/wp-content\/uploads\/2021\/07\/P8250742-750x563.jpg 750w, http:\/\/recettes-gourmandes-de-joce.fr\/wp-content\/uploads\/2021\/07\/P8250742.jpg 800w\" sizes=\"auto, (max-width: 213px) 100vw, 213px\" \/>\u00a0<\/span><\/em><\/span><\/p>\n<p style=\"text-align: center;\"><span style=\"font-size: 14pt; color: #993300;\"><em><span style=\"font-family: georgia, palatino, serif;\">\u00a0Ajouter un peu d&rsquo;\u00e9pices. <\/span><\/em><em><span style=\"font-family: georgia, palatino, serif;\">Mettre le chapeau et presser l\u00e9g\u00e8rement autour pour le fermer, avec le reste de l\u2019\u0153uf battu\u00a0en passer\u00a0sur tout votre feuillet\u00e9\u00a0et enfourner \u00e0 200\u00b0 pendant\u00a030 minutes environ selon les fours,\u00a0surveiller la coloration.<\/span><\/em><\/span><\/p>\n<p style=\"text-align: center;\"><em style=\"color: #993300; font-size: 18.6667px;\"><span style=\"font-family: georgia, palatino, serif;\"><img loading=\"lazy\" decoding=\"async\" class=\"alignnone wp-image-37626\" src=\"http:\/\/recettes-gourmandes-de-joce.fr\/wp-content\/uploads\/2021\/07\/P8250743-300x260.jpg\" alt=\"\" width=\"184\" height=\"160\" srcset=\"http:\/\/recettes-gourmandes-de-joce.fr\/wp-content\/uploads\/2021\/07\/P8250743-300x260.jpg 300w, http:\/\/recettes-gourmandes-de-joce.fr\/wp-content\/uploads\/2021\/07\/P8250743-768x666.jpg 768w, http:\/\/recettes-gourmandes-de-joce.fr\/wp-content\/uploads\/2021\/07\/P8250743-750x651.jpg 750w, http:\/\/recettes-gourmandes-de-joce.fr\/wp-content\/uploads\/2021\/07\/P8250743.jpg 800w\" sizes=\"auto, (max-width: 184px) 100vw, 184px\" \/><\/span><\/em><\/p>\n<p style=\"text-align: center;\"><span style=\"font-size: 14pt; color: #993300;\"><em><span style=\"font-family: georgia, palatino, serif;\">Les laisser refroidir sur une grille si vous les d\u00e9gustez froids.<\/span><\/em><\/span><\/p>\n<p style=\"text-align: center;\"><span style=\"font-size: 14pt; color: #993300;\"><em><span style=\"font-family: georgia, palatino, serif;\">Ces feuillet\u00e9s se d\u00e9gustent chauds ou ti\u00e8des avec une bonne salade verte assaisonn\u00e9e. Mais rien ne vous emp\u00eache de les manger froids!<\/span><\/em><\/span><\/p>\n<p style=\"text-align: center;\"><span style=\"font-size: 14pt; color: #993300;\"><em><span style=\"font-family: georgia, palatino, serif;\">J&rsquo;en avais \u00e9galement r\u00e9alis\u00e9 au ch\u00e8vre.<\/span><\/em><\/span><\/p>\n<p style=\"text-align: center;\"><span style=\"font-size: 14pt; color: #993300;\"><em><span style=\"font-family: georgia, palatino, serif;\">Recette sur ce lien -&gt; <a href=\"http:\/\/recettes-gourmandes-de-joce.fr\/index.php\/index\/entrees\/entrees-chaudes\/feuilletes-au-chevre-et-a-la-ciboulette\/\">Feuillet\u00e9s au ch\u00e8vre et \u00e0 la ciboulette<\/a> <a href=\"http:\/\/recettes-gourmandes-de-joce.fr\/index.php\/index\/entrees\/entrees-chaudes\/feuilletes-au-chevre-et-a-la-ciboulette\/\"><img loading=\"lazy\" decoding=\"async\" class=\"alignnone wp-image-1271\" src=\"http:\/\/recettes-gourmandes-de-joce.fr\/wp-content\/uploads\/2019\/09\/feuilletes-chevre1-300x200.jpg\" alt=\"\" width=\"240\" height=\"160\" srcset=\"http:\/\/recettes-gourmandes-de-joce.fr\/wp-content\/uploads\/2019\/09\/feuilletes-chevre1-300x200.jpg 300w, http:\/\/recettes-gourmandes-de-joce.fr\/wp-content\/uploads\/2019\/09\/feuilletes-chevre1-768x513.jpg 768w, http:\/\/recettes-gourmandes-de-joce.fr\/wp-content\/uploads\/2019\/09\/feuilletes-chevre1.jpg 800w\" sizes=\"auto, (max-width: 240px) 100vw, 240px\" \/><\/a><\/span><\/em><\/span><\/p>\n<p style=\"text-align: center;\"><span style=\"font-size: 14pt; color: #993300;\"><em><span style=\"font-family: georgia, palatino, serif;\">Bon app\u00e9tit!<\/span><\/em><\/span><\/p>\n<p style=\"text-align: center;\"><span style=\"font-family: georgia, palatino, serif; color: #993300;\"><span style=\"font-size: 14pt;\"><em><img loading=\"lazy\" decoding=\"async\" class=\"alignnone wp-image-37628\" src=\"http:\/\/recettes-gourmandes-de-joce.fr\/wp-content\/uploads\/2021\/07\/P8250759-300x233.jpg\" alt=\"\" width=\"232\" height=\"180\" srcset=\"http:\/\/recettes-gourmandes-de-joce.fr\/wp-content\/uploads\/2021\/07\/P8250759-300x233.jpg 300w, http:\/\/recettes-gourmandes-de-joce.fr\/wp-content\/uploads\/2021\/07\/P8250759-768x596.jpg 768w, http:\/\/recettes-gourmandes-de-joce.fr\/wp-content\/uploads\/2021\/07\/P8250759-750x582.jpg 750w, http:\/\/recettes-gourmandes-de-joce.fr\/wp-content\/uploads\/2021\/07\/P8250759.jpg 800w\" sizes=\"auto, (max-width: 232px) 100vw, 232px\" \/> <img loading=\"lazy\" decoding=\"async\" class=\"alignnone wp-image-37629\" src=\"http:\/\/recettes-gourmandes-de-joce.fr\/wp-content\/uploads\/2021\/07\/P8250760-300x250.jpg\" alt=\"\" width=\"216\" height=\"180\" srcset=\"http:\/\/recettes-gourmandes-de-joce.fr\/wp-content\/uploads\/2021\/07\/P8250760-300x250.jpg 300w, http:\/\/recettes-gourmandes-de-joce.fr\/wp-content\/uploads\/2021\/07\/P8250760-768x640.jpg 768w, http:\/\/recettes-gourmandes-de-joce.fr\/wp-content\/uploads\/2021\/07\/P8250760-750x625.jpg 750w, http:\/\/recettes-gourmandes-de-joce.fr\/wp-content\/uploads\/2021\/07\/P8250760.jpg 800w\" sizes=\"auto, (max-width: 216px) 100vw, 216px\" \/> <\/em><\/span><img loading=\"lazy\" decoding=\"async\" class=\"alignnone wp-image-37630\" src=\"http:\/\/recettes-gourmandes-de-joce.fr\/wp-content\/uploads\/2021\/07\/P8250761-300x266.jpg\" alt=\"\" width=\"203\" height=\"180\" srcset=\"http:\/\/recettes-gourmandes-de-joce.fr\/wp-content\/uploads\/2021\/07\/P8250761-300x266.jpg 300w, http:\/\/recettes-gourmandes-de-joce.fr\/wp-content\/uploads\/2021\/07\/P8250761-768x681.jpg 768w, http:\/\/recettes-gourmandes-de-joce.fr\/wp-content\/uploads\/2021\/07\/P8250761-750x665.jpg 750w, http:\/\/recettes-gourmandes-de-joce.fr\/wp-content\/uploads\/2021\/07\/P8250761.jpg 800w\" sizes=\"auto, (max-width: 203px) 100vw, 203px\" \/><\/span><\/p>\n<p style=\"text-align: center;\"><span style=\"font-family: georgia, palatino, serif; color: #993300;\"><img loading=\"lazy\" decoding=\"async\" class=\"alignnone wp-image-37354 size-full\" src=\"http:\/\/recettes-gourmandes-de-joce.fr\/wp-content\/uploads\/2021\/06\/logitech-gaming-software-14112014-121223.jpg\" alt=\"\" width=\"640\" height=\"144\" srcset=\"http:\/\/recettes-gourmandes-de-joce.fr\/wp-content\/uploads\/2021\/06\/logitech-gaming-software-14112014-121223.jpg 640w, http:\/\/recettes-gourmandes-de-joce.fr\/wp-content\/uploads\/2021\/06\/logitech-gaming-software-14112014-121223-300x68.jpg 300w\" sizes=\"auto, (max-width: 640px) 100vw, 640px\" \/><\/span><\/p>\n","protected":false},"excerpt":{"rendered":"<p>Une de mes recettes Ingr\u00e9dients pour 4\/5 feuillet\u00e9s selon leur grosseur. 1 p\u00e2te feuillet\u00e9e 5 portions de vache qui rit 100 g de lardons fum\u00e9s 1 \u0153uf Huile d&rsquo;olive 1 c \u00e0 c d&rsquo;\u00e9pices cajun ou de votre choix d\u00e9tails -&gt; \u00c9pic\u00e9too \u00a0 \u00d4ter l&#8217;emballage des portions des vache qui rit. Battre l\u2019\u0153uf en omelette. &hellip; <\/p>\n<p><a class=\"more-link btn\" href=\"http:\/\/recettes-gourmandes-de-joce.fr\/index.php\/index\/entrees\/entrees-chaudes\/feuilletes-epices-aux-lardons-et-vache-qui-rit\/\">Lire la suite<\/a><\/p>\n","protected":false},"author":2,"featured_media":83947,"parent":183,"menu_order":0,"comment_status":"open","ping_status":"closed","template":"","meta":{"footnotes":""},"class_list":["post-37631","page","type-page","status-publish","has-post-thumbnail","hentry","nodate","item-wrap"],"_links":{"self":[{"href":"http:\/\/recettes-gourmandes-de-joce.fr\/index.php\/wp-json\/wp\/v2\/pages\/37631","targetHints":{"allow":["GET"]}}],"collection":[{"href":"http:\/\/recettes-gourmandes-de-joce.fr\/index.php\/wp-json\/wp\/v2\/pages"}],"about":[{"href":"http:\/\/recettes-gourmandes-de-joce.fr\/index.php\/wp-json\/wp\/v2\/types\/page"}],"author":[{"embeddable":true,"href":"http:\/\/recettes-gourmandes-de-joce.fr\/index.php\/wp-json\/wp\/v2\/users\/2"}],"replies":[{"embeddable":true,"href":"http:\/\/recettes-gourmandes-de-joce.fr\/index.php\/wp-json\/wp\/v2\/comments?post=37631"}],"version-history":[{"count":5,"href":"http:\/\/recettes-gourmandes-de-joce.fr\/index.php\/wp-json\/wp\/v2\/pages\/37631\/revisions"}],"predecessor-version":[{"id":94433,"href":"http:\/\/recettes-gourmandes-de-joce.fr\/index.php\/wp-json\/wp\/v2\/pages\/37631\/revisions\/94433"}],"up":[{"embeddable":true,"href":"http:\/\/recettes-gourmandes-de-joce.fr\/index.php\/wp-json\/wp\/v2\/pages\/183"}],"wp:featuredmedia":[{"embeddable":true,"href":"http:\/\/recettes-gourmandes-de-joce.fr\/index.php\/wp-json\/wp\/v2\/media\/83947"}],"wp:attachment":[{"href":"http:\/\/recettes-gourmandes-de-joce.fr\/index.php\/wp-json\/wp\/v2\/media?parent=37631"}],"curies":[{"name":"wp","href":"https:\/\/api.w.org\/{rel}","templated":true}]}}