{"id":3750,"date":"2019-10-07T12:14:41","date_gmt":"2019-10-07T12:14:41","guid":{"rendered":"http:\/\/recettes-gourmandes-de-joce.fr\/?page_id=3750"},"modified":"2024-05-01T22:26:49","modified_gmt":"2024-05-01T22:26:49","slug":"riz-aux-crevettes-et-chorizo","status":"publish","type":"page","link":"http:\/\/recettes-gourmandes-de-joce.fr\/index.php\/index\/legumes\/riz-semoule\/riz-aux-crevettes-et-chorizo\/","title":{"rendered":"Riz aux crevettes, moules et chorizo."},"content":{"rendered":"<p style=\"text-align: center;\"><span style=\"color: #ff6633;\"><span style=\"font-size: 24px;\"><span style=\"font-family: georgia,serif;\"><u><em>Une de mes recettes<\/em><\/u><\/span><\/span><\/span><\/p>\n<p style=\"text-align: center;\"><img loading=\"lazy\" decoding=\"async\" class=\"alignnone wp-image-75479\" src=\"http:\/\/recettes-gourmandes-de-joce.fr\/wp-content\/uploads\/2024\/04\/riz-chorizo1.jpg\" alt=\"\" width=\"243\" height=\"180\" \/>\u00a0<img loading=\"lazy\" decoding=\"async\" class=\"alignnone wp-image-75481\" src=\"http:\/\/recettes-gourmandes-de-joce.fr\/wp-content\/uploads\/2024\/04\/riz-chorizo3.jpg\" alt=\"\" width=\"249\" height=\"180\" \/><img loading=\"lazy\" decoding=\"async\" class=\"alignnone wp-image-75480\" src=\"http:\/\/recettes-gourmandes-de-joce.fr\/wp-content\/uploads\/2024\/04\/riz-chorizo2.jpg\" alt=\"\" width=\"270\" height=\"180\" \/><\/p>\n<p style=\"text-align: center;\"><span style=\"color: #ff6633;\"><span style=\"font-size: 24px;\"><span style=\"font-family: georgia,serif;\"><u><em>Ingr\u00e9dients pour 3 personnes<\/em><\/u><\/span><\/span><\/span><\/p>\n<p style=\"text-align: center;\"><img loading=\"lazy\" decoding=\"async\" class=\"alignnone wp-image-75482\" src=\"http:\/\/recettes-gourmandes-de-joce.fr\/wp-content\/uploads\/2024\/04\/riz-chorizo4.jpg\" alt=\"\" width=\"269\" height=\"200\" \/><\/p>\n<p style=\"text-align: center;\"><span style=\"font-size: 14pt;\"><span style=\"font-family: georgia,serif;\"><em><span style=\"color: #ff6633;\">300 g de riz long<\/span><\/em><\/span><\/span><\/p>\n<p style=\"text-align: center;\"><span style=\"font-size: 14pt;\"><span style=\"font-family: georgia,serif;\"><em><span style=\"color: #ff6633;\">100 g de petits pois surgel\u00e9s<\/span><\/em><\/span><\/span><\/p>\n<p style=\"text-align: center;\"><span style=\"font-size: 14pt;\"><span style=\"font-family: georgia,serif;\"><em><span style=\"color: #ff6633;\">2 tomates<\/span><\/em><\/span><\/span><\/p>\n<p style=\"text-align: center;\"><span style=\"font-size: 14pt;\"><span style=\"font-family: georgia,serif;\"><em><span style=\"color: #ff6633;\">\u00bd poivron rouge<\/span><\/em><\/span><\/span><\/p>\n<p style=\"text-align: center;\"><span style=\"font-size: 14pt;\"><span style=\"font-family: georgia,serif;\"><em><span style=\"color: #ff6633;\">2 petits oignons ou 1 gros<\/span><\/em><\/span><\/span><\/p>\n<p style=\"text-align: center;\"><span style=\"font-size: 14pt;\"><span style=\"font-family: georgia,serif;\"><em><span style=\"color: #ff6633;\">\u00bc d&rsquo;un chorizo doux<\/span><\/em><\/span><\/span><\/p>\n<p style=\"text-align: center;\"><span style=\"font-size: 14pt;\"><span style=\"font-family: georgia,serif;\"><em><span style=\"color: #ff6633;\">100 g de moules cuites ou 500 g de moules crues<\/span><\/em><\/span><\/span><\/p>\n<p style=\"text-align: center;\"><span style=\"font-size: 14pt;\"><span style=\"font-family: georgia,serif;\"><em><span style=\"color: #ff6633;\">12 grosses crevettes roses<\/span><\/em><\/span><\/span><\/p>\n<p style=\"text-align: center;\"><span style=\"font-size: 14pt;\"><span style=\"font-family: georgia,serif;\"><em><span style=\"color: #ff6633;\">1 petit bouquet de basilic frais\u00a0<\/span><\/em><\/span><\/span><\/p>\n<p style=\"text-align: center;\"><span style=\"font-size: 14pt;\"><span style=\"font-family: georgia,serif;\"><em><span style=\"color: #ff6633;\">1 cube de bouillon de volaille<\/span><\/em><\/span><\/span><\/p>\n<p style=\"text-align: center;\"><span style=\"font-size: 14pt;\"><span style=\"font-family: georgia,serif;\"><em><span style=\"color: #ff6633;\">1 sachet d&rsquo;\u00e9pices pour paella<\/span><\/em><\/span><\/span><\/p>\n<p style=\"text-align: center;\"><span style=\"font-size: 14pt;\"><span style=\"font-family: georgia,serif;\"><em><span style=\"color: #ff6633;\">1 filet d&rsquo;huile d&rsquo;olive<\/span><\/em><\/span><\/span><\/p>\n<p style=\"text-align: center;\"><span style=\"font-size: 14pt;\"><span style=\"font-family: georgia,serif;\"><em><span style=\"color: #ff6633;\">Sel et poivre<\/span><\/em><\/span><\/span><\/p>\n<p style=\"text-align: center;\"><span style=\"font-size: 14pt;\"><em><span style=\"font-family: georgia,serif;\"><span style=\"color: #ff6633;\">Cuisson des moules sur ce lien -&gt; <\/span><a href=\"http:\/\/recettes-gourmandes-de-joce.fr\/index.php\/index\/poissons-coquillages\/coquillages-crustaces\/moules-marinieres\/\"><span style=\"color: #669900;\">Moules marini\u00e8res<\/span><\/a><\/span><span style=\"color: #669900;\">\u00a0<\/span><img loading=\"lazy\" decoding=\"async\" class=\"alignnone wp-image-60600\" src=\"http:\/\/recettes-gourmandes-de-joce.fr\/wp-content\/uploads\/2024\/02\/moules-fourme-d-ambert15.jpg\" alt=\"\" width=\"181\" height=\"160\" srcset=\"http:\/\/recettes-gourmandes-de-joce.fr\/wp-content\/uploads\/2024\/02\/moules-fourme-d-ambert15.jpg 800w, http:\/\/recettes-gourmandes-de-joce.fr\/wp-content\/uploads\/2024\/02\/moules-fourme-d-ambert15-768x680.jpg 768w, http:\/\/recettes-gourmandes-de-joce.fr\/wp-content\/uploads\/2024\/02\/moules-fourme-d-ambert15-750x664.jpg 750w\" sizes=\"auto, (max-width: 181px) 100vw, 181px\" \/><\/em><\/span><\/p>\n<p style=\"text-align: center;\"><img loading=\"lazy\" decoding=\"async\" class=\"alignnone wp-image-75483\" src=\"http:\/\/recettes-gourmandes-de-joce.fr\/wp-content\/uploads\/2024\/04\/riz-chorizo5.jpg\" alt=\"\" width=\"259\" height=\"170\" \/> <img loading=\"lazy\" decoding=\"async\" class=\"alignnone wp-image-75484\" src=\"http:\/\/recettes-gourmandes-de-joce.fr\/wp-content\/uploads\/2024\/04\/riz-chorizo6.jpg\" alt=\"\" width=\"255\" height=\"170\" \/> <img loading=\"lazy\" decoding=\"async\" class=\"alignnone wp-image-75485\" src=\"http:\/\/recettes-gourmandes-de-joce.fr\/wp-content\/uploads\/2024\/04\/riz-chorizo7.jpg\" alt=\"\" width=\"185\" height=\"170\" \/><\/p>\n<p style=\"text-align: center;\"><span style=\"font-size: 14pt;\"><span style=\"font-family: georgia,serif;\"><em><span style=\"color: #ff6633;\">Laver les l\u00e9gumes, couper les tomates et le poivron en petits d\u00e9s, peler et \u00e9mincer les oignons, ciseler le basilic, \u00f4ter la peau du chorizo et\u00a0<\/span><\/em><\/span><em style=\"font-family: georgia, serif;\"><span style=\"color: #ff6633;\">le <\/span><\/em><em style=\"font-family: georgia, serif;\"><span style=\"color: #ff6633;\">couper en rondelles. D\u00e9coquiller les moules d\u00e8s qu&rsquo;elles sont cuites. D\u00e9cortiquer les crevettes. Dissoudre le cube de bouillon de volaille dans 1 litre d&rsquo;eau chaude.<\/span><\/em><\/span><\/p>\n<p style=\"text-align: center;\"><img loading=\"lazy\" decoding=\"async\" class=\"alignnone wp-image-75486\" src=\"http:\/\/recettes-gourmandes-de-joce.fr\/wp-content\/uploads\/2024\/04\/riz-chorizo8.jpg\" alt=\"\" width=\"247\" height=\"165\" \/> <img loading=\"lazy\" decoding=\"async\" class=\"alignnone wp-image-75487\" src=\"http:\/\/recettes-gourmandes-de-joce.fr\/wp-content\/uploads\/2024\/04\/riz-chorizo9.jpg\" alt=\"\" width=\"247\" height=\"165\" \/>\u00a0<img loading=\"lazy\" decoding=\"async\" class=\"alignnone wp-image-75488\" src=\"http:\/\/recettes-gourmandes-de-joce.fr\/wp-content\/uploads\/2024\/04\/riz-chorizo10.jpg\" alt=\"\" width=\"247\" height=\"165\" \/><\/p>\n<p style=\"text-align: center;\"><span style=\"font-size: 14pt;\"><span style=\"font-family: georgia,serif;\"><em><span style=\"color: #ff6633;\">Dans une sauteuse, mettre un filet d&rsquo;huile d&rsquo;olive y faire suer les oignons et les poivrons pendant quelques instants, ajouter ensuite le chorizo et laisser mijoter 5 minutes \u00e0 feu doux en remuant de temps en temps.<\/span><\/em><\/span><\/span><\/p>\n<p style=\"text-align: center;\">\u00a0<img loading=\"lazy\" decoding=\"async\" class=\"alignnone wp-image-75489\" src=\"http:\/\/recettes-gourmandes-de-joce.fr\/wp-content\/uploads\/2024\/04\/riz-chorizo11.jpg\" alt=\"\" width=\"246\" height=\"164\" \/> <img loading=\"lazy\" decoding=\"async\" class=\"alignnone wp-image-75490\" src=\"http:\/\/recettes-gourmandes-de-joce.fr\/wp-content\/uploads\/2024\/04\/riz-chorizo12.jpg\" alt=\"\" width=\"247\" height=\"165\" \/> <img loading=\"lazy\" decoding=\"async\" class=\"alignnone wp-image-75491\" src=\"http:\/\/recettes-gourmandes-de-joce.fr\/wp-content\/uploads\/2024\/04\/riz-chorizo13.jpg\" alt=\"\" width=\"247\" height=\"165\" \/><\/p>\n<p style=\"text-align: center;\"><span style=\"font-size: 14pt;\"><span style=\"font-family: georgia,serif;\"><em><span style=\"color: #ff6633;\">Ajouter ensuite les petits pois, les tomates et m\u00e9langer, ajouter le riz, remuer.<\/span><\/em><\/span><\/span><\/p>\n<p style=\"text-align: center;\"><img loading=\"lazy\" decoding=\"async\" class=\"alignnone wp-image-75492\" src=\"http:\/\/recettes-gourmandes-de-joce.fr\/wp-content\/uploads\/2024\/04\/riz-chorizo14.jpg\" alt=\"\" width=\"247\" height=\"165\" \/> <img loading=\"lazy\" decoding=\"async\" class=\"alignnone wp-image-75493\" src=\"http:\/\/recettes-gourmandes-de-joce.fr\/wp-content\/uploads\/2024\/04\/riz-chorizo15.jpg\" alt=\"\" width=\"247\" height=\"165\" \/> <img loading=\"lazy\" decoding=\"async\" class=\"alignnone wp-image-75494\" src=\"http:\/\/recettes-gourmandes-de-joce.fr\/wp-content\/uploads\/2024\/04\/riz-chorizo16.jpg\" alt=\"\" width=\"247\" height=\"165\" \/><\/p>\n<p style=\"text-align: center;\"><span style=\"font-size: 14pt;\"><span style=\"font-family: georgia,serif;\"><em><span style=\"color: #ff6633;\">Saler et poivrer et ajouter les \u00e9pices, bien m\u00e9langer, verser la moiti\u00e9 du bouillon et laisser cuire \u00e0 feu doux, lorsque le riz \u00e0 presque tout absorb\u00e9, ajouter le reste du bouillon et poursuivre la cuisson en remuant r\u00e9guli\u00e8rement.<\/span><\/em><\/span><\/span><\/p>\n<p style=\"text-align: center;\"><img loading=\"lazy\" decoding=\"async\" class=\"alignnone wp-image-75495\" src=\"http:\/\/recettes-gourmandes-de-joce.fr\/wp-content\/uploads\/2024\/04\/riz-chorizo17.jpg\" alt=\"\" width=\"255\" height=\"170\" \/> <img loading=\"lazy\" decoding=\"async\" class=\"alignnone wp-image-75496\" src=\"http:\/\/recettes-gourmandes-de-joce.fr\/wp-content\/uploads\/2024\/04\/riz-chorizo18.jpg\" alt=\"\" width=\"255\" height=\"170\" \/><\/p>\n<p style=\"text-align: center;\"><span style=\"font-size: 14pt;\"><span style=\"font-family: georgia,serif;\"><em><span style=\"color: #ff6633;\">Lorsque le riz est cuit, ajouter les moules et le basilic et m\u00e9langer, ajouter les crevettes, arr\u00eater la cuisson, couvrir 5 minutes puis servir.<\/span><\/em><\/span><\/span><\/p>\n<p style=\"text-align: center;\"><span style=\"color: #ff6633; font-size: 14pt;\"><span style=\"font-family: georgia,serif;\"><em>Bon app\u00e9tit!<\/em><\/span><\/span><\/p>\n<p style=\"text-align: center;\"><img loading=\"lazy\" decoding=\"async\" class=\"alignnone wp-image-75498\" src=\"http:\/\/recettes-gourmandes-de-joce.fr\/wp-content\/uploads\/2024\/04\/riz-chorizo20.jpg\" alt=\"\" width=\"270\" height=\"180\" \/><\/p>\n<p style=\"text-align: center;\"><img loading=\"lazy\" decoding=\"async\" class=\"alignnone wp-image-75499\" src=\"http:\/\/recettes-gourmandes-de-joce.fr\/wp-content\/uploads\/2024\/04\/riz-chorizo21.jpg\" alt=\"\" width=\"247\" height=\"180\" \/>\u00a0<img loading=\"lazy\" decoding=\"async\" class=\"alignnone wp-image-75497\" src=\"http:\/\/recettes-gourmandes-de-joce.fr\/wp-content\/uploads\/2024\/04\/riz-chorizo19.jpg\" alt=\"\" width=\"254\" height=\"180\" \/><\/p>\n<p style=\"text-align: center;\"><img loading=\"lazy\" decoding=\"async\" class=\"alignnone size-full wp-image-59803\" src=\"http:\/\/recettes-gourmandes-de-joce.fr\/wp-content\/uploads\/2024\/01\/logitech-gaming-software-14112014-121223.jpg\" alt=\"\" width=\"640\" height=\"144\" \/><\/p>\n<p style=\"text-align: center;\">\n","protected":false},"excerpt":{"rendered":"<p>Une de mes recettes \u00a0 Ingr\u00e9dients pour 3 personnes 300 g de riz long 100 g de petits pois surgel\u00e9s 2 tomates \u00bd poivron rouge 2 petits oignons ou 1 gros \u00bc d&rsquo;un chorizo doux 100 g de moules cuites ou 500 g de moules crues 12 grosses crevettes roses 1 petit bouquet de basilic &hellip; <\/p>\n<p><a class=\"more-link btn\" href=\"http:\/\/recettes-gourmandes-de-joce.fr\/index.php\/index\/legumes\/riz-semoule\/riz-aux-crevettes-et-chorizo\/\">Lire la suite<\/a><\/p>\n","protected":false},"author":2,"featured_media":75785,"parent":163,"menu_order":0,"comment_status":"open","ping_status":"closed","template":"","meta":{"footnotes":""},"class_list":["post-3750","page","type-page","status-publish","has-post-thumbnail","hentry","nodate","item-wrap"],"_links":{"self":[{"href":"http:\/\/recettes-gourmandes-de-joce.fr\/index.php\/wp-json\/wp\/v2\/pages\/3750","targetHints":{"allow":["GET"]}}],"collection":[{"href":"http:\/\/recettes-gourmandes-de-joce.fr\/index.php\/wp-json\/wp\/v2\/pages"}],"about":[{"href":"http:\/\/recettes-gourmandes-de-joce.fr\/index.php\/wp-json\/wp\/v2\/types\/page"}],"author":[{"embeddable":true,"href":"http:\/\/recettes-gourmandes-de-joce.fr\/index.php\/wp-json\/wp\/v2\/users\/2"}],"replies":[{"embeddable":true,"href":"http:\/\/recettes-gourmandes-de-joce.fr\/index.php\/wp-json\/wp\/v2\/comments?post=3750"}],"version-history":[{"count":7,"href":"http:\/\/recettes-gourmandes-de-joce.fr\/index.php\/wp-json\/wp\/v2\/pages\/3750\/revisions"}],"predecessor-version":[{"id":75784,"href":"http:\/\/recettes-gourmandes-de-joce.fr\/index.php\/wp-json\/wp\/v2\/pages\/3750\/revisions\/75784"}],"up":[{"embeddable":true,"href":"http:\/\/recettes-gourmandes-de-joce.fr\/index.php\/wp-json\/wp\/v2\/pages\/163"}],"wp:featuredmedia":[{"embeddable":true,"href":"http:\/\/recettes-gourmandes-de-joce.fr\/index.php\/wp-json\/wp\/v2\/media\/75785"}],"wp:attachment":[{"href":"http:\/\/recettes-gourmandes-de-joce.fr\/index.php\/wp-json\/wp\/v2\/media?parent=3750"}],"curies":[{"name":"wp","href":"https:\/\/api.w.org\/{rel}","templated":true}]}}