{"id":37425,"date":"2021-07-03T11:47:37","date_gmt":"2021-07-03T11:47:37","guid":{"rendered":"http:\/\/recettes-gourmandes-de-joce.fr\/?page_id=37425"},"modified":"2024-12-06T23:28:17","modified_gmt":"2024-12-06T23:28:17","slug":"menu-de-noel-1","status":"publish","type":"page","link":"http:\/\/recettes-gourmandes-de-joce.fr\/index.php\/index\/menus-buffet-courses\/menu-a-theme\/menu-de-noel-1\/","title":{"rendered":"Menu de No\u00ebl 1."},"content":{"rendered":"<p style=\"text-align: center;\"><em><span style=\"font-family: georgia,serif;\"><span style=\"font-size: x-large; text-decoration: underline;\"><span style=\"color: #ff0000; text-decoration: underline;\">Menu de No\u00ebl 1.<\/span><\/span><\/span><\/em><\/p>\n<p style=\"text-align: center;\"><em><img loading=\"lazy\" decoding=\"async\" class=\"alignnone wp-image-37426\" src=\"http:\/\/recettes-gourmandes-de-joce.fr\/wp-content\/uploads\/2021\/07\/Captures-decran23-300x166.jpg\" alt=\"\" width=\"542\" height=\"300\" srcset=\"http:\/\/recettes-gourmandes-de-joce.fr\/wp-content\/uploads\/2021\/07\/Captures-decran23-300x166.jpg 300w, http:\/\/recettes-gourmandes-de-joce.fr\/wp-content\/uploads\/2021\/07\/Captures-decran23-768x425.jpg 768w, http:\/\/recettes-gourmandes-de-joce.fr\/wp-content\/uploads\/2021\/07\/Captures-decran23-750x415.jpg 750w, http:\/\/recettes-gourmandes-de-joce.fr\/wp-content\/uploads\/2021\/07\/Captures-decran23.jpg 800w\" sizes=\"auto, (max-width: 542px) 100vw, 542px\" \/><\/em><\/p>\n<p style=\"text-align: center;\"><em><span style=\"font-family: georgia, serif; font-size: 14pt;\"><span style=\"color: #008000; text-decoration: underline;\"><span style=\"text-decoration: underline;\">Je vous propose : Cliquez sur les titres des recettes ou les photos pour vous rendre sur les recettes <\/span><\/span><\/span><\/em><\/p>\n<p style=\"text-align: center;\"><em><span style=\"font-family: georgia, serif; font-size: 18pt;\"><span style=\"color: #008000; text-decoration: underline;\"><span style=\"text-decoration: underline;\">Ap\u00e9ritif<\/span><\/span><\/span><\/em><\/p>\n<p style=\"text-align: center;\"><a href=\"http:\/\/recettes-gourmandes-de-joce.fr\/index.php\/index\/aperitifs-amuses-bouches\/aperitifs\/punch-exotique\/\"><em><img loading=\"lazy\" decoding=\"async\" class=\"alignnone wp-image-29584\" src=\"http:\/\/recettes-gourmandes-de-joce.fr\/wp-content\/uploads\/2021\/03\/punch-300x261.jpg\" alt=\"\" width=\"207\" height=\"180\" srcset=\"http:\/\/recettes-gourmandes-de-joce.fr\/wp-content\/uploads\/2021\/03\/punch-300x261.jpg 300w, http:\/\/recettes-gourmandes-de-joce.fr\/wp-content\/uploads\/2021\/03\/punch.jpg 640w\" sizes=\"auto, (max-width: 207px) 100vw, 207px\" \/><\/em><\/a><\/p>\n<p style=\"text-align: center;\"><em>-&gt; <a href=\"http:\/\/recettes-gourmandes-de-joce.fr\/index.php\/index\/aperitifs-amuses-bouches\/aperitifs\/punch-exotique\/\"><span style=\"font-family: georgia, palatino, serif; font-size: 14pt;\">Punch exotique<\/span><\/a><\/em><\/p>\n<p style=\"text-align: center;\"><em><span style=\"font-family: georgia,serif;\"><span style=\"font-size: x-large; text-decoration: underline;\"><span style=\"color: #ff0000; text-decoration: underline;\">Amuse-bouche<\/span><\/span><\/span><\/em><\/p>\n<p style=\"text-align: center;\"><em><span style=\"font-family: georgia,serif;\"><a href=\"http:\/\/recettes-gourmandes-de-joce.fr\/index.php\/index\/aperitifs-amuses-bouches\/amuses-bouches\/mousse-aux-deux-saumons-et-aux-crevettes\/\"><img loading=\"lazy\" decoding=\"async\" class=\"alignnone wp-image-9132\" src=\"http:\/\/recettes-gourmandes-de-joce.fr\/wp-content\/uploads\/2019\/11\/PC190203-2-300x210.jpg\" alt=\"\" width=\"257\" height=\"180\" srcset=\"http:\/\/recettes-gourmandes-de-joce.fr\/wp-content\/uploads\/2019\/11\/PC190203-2-300x210.jpg 300w, http:\/\/recettes-gourmandes-de-joce.fr\/wp-content\/uploads\/2019\/11\/PC190203-2.jpg 640w\" sizes=\"auto, (max-width: 257px) 100vw, 257px\" \/><\/a> <a href=\"http:\/\/recettes-gourmandes-de-joce.fr\/index.php\/index\/aperitifs-amuses-bouches\/feuilletes-aperitifs\/petits-canards-feuilletes-au-foie-gras-fondue-doignons-et-asperges\/\"><img loading=\"lazy\" decoding=\"async\" class=\"alignnone wp-image-10421\" src=\"http:\/\/recettes-gourmandes-de-joce.fr\/wp-content\/uploads\/2019\/11\/canards-au-foie-gras-1-1-300x225.jpg\" alt=\"\" width=\"240\" height=\"180\" srcset=\"http:\/\/recettes-gourmandes-de-joce.fr\/wp-content\/uploads\/2019\/11\/canards-au-foie-gras-1-1-300x225.jpg 300w, http:\/\/recettes-gourmandes-de-joce.fr\/wp-content\/uploads\/2019\/11\/canards-au-foie-gras-1-1.jpg 640w\" sizes=\"auto, (max-width: 240px) 100vw, 240px\" \/><\/a> <a href=\"http:\/\/recettes-gourmandes-de-joce.fr\/index.php\/index\/aperitifs-amuses-bouches\/verrines-chaudes\/verrines-aperitives-chaudes-duo-de-purees-a-la-creme-de-brie\/\"><img loading=\"lazy\" decoding=\"async\" class=\"alignnone wp-image-12264\" src=\"http:\/\/recettes-gourmandes-de-joce.fr\/wp-content\/uploads\/2019\/12\/P1290298-300x235.jpg\" alt=\"\" width=\"230\" height=\"180\" srcset=\"http:\/\/recettes-gourmandes-de-joce.fr\/wp-content\/uploads\/2019\/12\/P1290298-300x235.jpg 300w, http:\/\/recettes-gourmandes-de-joce.fr\/wp-content\/uploads\/2019\/12\/P1290298.jpg 640w\" sizes=\"auto, (max-width: 230px) 100vw, 230px\" \/><\/a><\/span><\/em><\/p>\n<p style=\"text-align: center;\"><em><span style=\"font-size: 14pt; font-family: georgia, palatino, serif;\">-&gt; <a href=\"http:\/\/recettes-gourmandes-de-joce.fr\/index.php\/index\/aperitifs-amuses-bouches\/amuses-bouches\/mousse-aux-deux-saumons-et-aux-crevettes\/\">Mousse aux deux saumons et aux crevettes<\/a><\/span><\/em><\/p>\n<p style=\"text-align: center;\"><em><span style=\"font-size: 14pt; font-family: georgia, palatino, serif;\">-&gt; <a href=\"http:\/\/recettes-gourmandes-de-joce.fr\/index.php\/index\/aperitifs-amuses-bouches\/feuilletes-aperitifs\/petits-canards-feuilletes-au-foie-gras-fondue-doignons-et-asperges\/\">Petits canards feuillet\u00e9s au foie gras, fondue d\u2019oignons et asperges<\/a><\/span><\/em><\/p>\n<p style=\"text-align: center;\"><em><span style=\"font-size: 14pt; font-family: georgia, palatino, serif;\">-&gt; <a href=\"http:\/\/recettes-gourmandes-de-joce.fr\/index.php\/index\/aperitifs-amuses-bouches\/verrines-chaudes\/verrines-aperitives-chaudes-duo-de-purees-a-la-creme-de-brie\/\">Verrines ap\u00e9ritives chaudes, duo de pur\u00e9es \u00e0 la cr\u00e8me de Brie<\/a><\/span><\/em><\/p>\n<p style=\"text-align: center;\"><em><span style=\"font-family: georgia,serif;\"><span style=\"color: #008000; font-size: x-large; text-decoration: underline;\"><span style=\"text-decoration: underline;\">Entr\u00e9es<\/span><\/span><\/span><\/em><\/p>\n<p style=\"text-align: center;\"><em><span style=\"font-family: georgia,serif;\"><a href=\"http:\/\/recettes-gourmandes-de-joce.fr\/index.php\/index\/poissons-coquillages\/coquillages-crustaces\/st-jacques-aux-poireaux-pleurotes-et-coquillages\/\"><img loading=\"lazy\" decoding=\"async\" class=\"alignnone wp-image-34681\" src=\"http:\/\/recettes-gourmandes-de-joce.fr\/wp-content\/uploads\/2021\/06\/st-jacques-poireaux2-300x225.jpg\" alt=\"\" width=\"240\" height=\"180\" srcset=\"http:\/\/recettes-gourmandes-de-joce.fr\/wp-content\/uploads\/2021\/06\/st-jacques-poireaux2-300x225.jpg 300w, http:\/\/recettes-gourmandes-de-joce.fr\/wp-content\/uploads\/2021\/06\/st-jacques-poireaux2-768x576.jpg 768w, http:\/\/recettes-gourmandes-de-joce.fr\/wp-content\/uploads\/2021\/06\/st-jacques-poireaux2-750x563.jpg 750w, http:\/\/recettes-gourmandes-de-joce.fr\/wp-content\/uploads\/2021\/06\/st-jacques-poireaux2.jpg 1024w\" sizes=\"auto, (max-width: 240px) 100vw, 240px\" \/><\/a> <a href=\"http:\/\/recettes-gourmandes-de-joce.fr\/index.php\/index\/entrees\/entrees-chaudes\/petits-feuilletes-aux-pommes-de-terre-et-foie-gras\/\"><img loading=\"lazy\" decoding=\"async\" class=\"alignnone wp-image-10522\" src=\"http:\/\/recettes-gourmandes-de-joce.fr\/wp-content\/uploads\/2019\/11\/PC170552-300x225.jpg\" alt=\"\" width=\"240\" height=\"180\" srcset=\"http:\/\/recettes-gourmandes-de-joce.fr\/wp-content\/uploads\/2019\/11\/PC170552-300x225.jpg 300w, http:\/\/recettes-gourmandes-de-joce.fr\/wp-content\/uploads\/2019\/11\/PC170552.jpg 640w\" sizes=\"auto, (max-width: 240px) 100vw, 240px\" \/><\/a><\/span><\/em><\/p>\n<p style=\"text-align: center;\"><em><span style=\"font-size: 14pt; font-family: georgia, palatino, serif;\">-&gt; <a href=\"http:\/\/recettes-gourmandes-de-joce.fr\/index.php\/index\/poissons-coquillages\/coquillages-crustaces\/st-jacques-aux-poireaux-pleurotes-et-coquillages\/\">St Jacques aux poireaux, pleurotes et coquillages<\/a><\/span><\/em><\/p>\n<p style=\"text-align: center;\"><em><span style=\"font-size: 14pt; font-family: georgia, palatino, serif;\">-&gt; <a href=\"http:\/\/recettes-gourmandes-de-joce.fr\/index.php\/index\/entrees\/entrees-chaudes\/petits-feuilletes-aux-pommes-de-terre-et-foie-gras\/\">Petits feuillet\u00e9s aux pommes de terre et foie gras<\/a><\/span><\/em><\/p>\n<p style=\"text-align: center;\"><em><span style=\"font-family: georgia,serif;\"><span style=\"color: #ff0000; font-size: x-large; text-decoration: underline;\"><span style=\"text-decoration: underline;\">Plats<\/span><\/span><\/span><\/em><\/p>\n<p style=\"text-align: center;\"><em><span style=\"font-family: georgia,serif;\"><a href=\"http:\/\/recettes-gourmandes-de-joce.fr\/index.php\/index\/viandes\/porc\/filet-mignon-en-croute-aux-saveurs-du-sud-ouest-et-sa-sauce-aux-cepes\/\"><img loading=\"lazy\" decoding=\"async\" class=\"alignnone wp-image-12392\" src=\"http:\/\/recettes-gourmandes-de-joce.fr\/wp-content\/uploads\/2019\/12\/filet_mignon_en_croute_aux_accents_du_sud_oue22-1-300x225.jpg\" alt=\"\" width=\"240\" height=\"180\" srcset=\"http:\/\/recettes-gourmandes-de-joce.fr\/wp-content\/uploads\/2019\/12\/filet_mignon_en_croute_aux_accents_du_sud_oue22-1-300x225.jpg 300w, http:\/\/recettes-gourmandes-de-joce.fr\/wp-content\/uploads\/2019\/12\/filet_mignon_en_croute_aux_accents_du_sud_oue22-1.jpg 550w\" sizes=\"auto, (max-width: 240px) 100vw, 240px\" \/><\/a> <a href=\"http:\/\/recettes-gourmandes-de-joce.fr\/index.php\/index\/viandes\/gibier\/cuisse-de-chevreuil-sauce-au-foie-gras-et-cepes\/\"><img loading=\"lazy\" decoding=\"async\" class=\"alignnone wp-image-532\" src=\"http:\/\/recettes-gourmandes-de-joce.fr\/wp-content\/uploads\/2019\/09\/chevreuil-foie-gras13-300x226.jpg\" alt=\"\" width=\"239\" height=\"180\" srcset=\"http:\/\/recettes-gourmandes-de-joce.fr\/wp-content\/uploads\/2019\/09\/chevreuil-foie-gras13-300x226.jpg 300w, http:\/\/recettes-gourmandes-de-joce.fr\/wp-content\/uploads\/2019\/09\/chevreuil-foie-gras13-768x578.jpg 768w, http:\/\/recettes-gourmandes-de-joce.fr\/wp-content\/uploads\/2019\/09\/chevreuil-foie-gras13.jpg 800w\" sizes=\"auto, (max-width: 239px) 100vw, 239px\" \/><\/a><\/span><\/em><\/p>\n<p style=\"text-align: center;\"><em><span style=\"font-size: 14pt; font-family: georgia, palatino, serif;\">-&gt; F<a href=\"http:\/\/recettes-gourmandes-de-joce.fr\/index.php\/index\/viandes\/porc\/filet-mignon-en-croute-aux-saveurs-du-sud-ouest-et-sa-sauce-aux-cepes\/\">ilet mignon en cro\u00fbte aux saveurs du Sud-Ouest et sa sauce aux c\u00e8pes<\/a><\/span><\/em><\/p>\n<p style=\"text-align: center;\"><em><span style=\"font-size: 14pt; font-family: georgia, palatino, serif;\">-&gt;<a href=\"http:\/\/recettes-gourmandes-de-joce.fr\/index.php\/index\/viandes\/gibier\/cuisse-de-chevreuil-sauce-au-foie-gras-et-cepes\/\"> Cuisse de chevreuil sauce au foie gras et c\u00e8pes<\/a><\/span><\/em><\/p>\n<p style=\"text-align: center;\"><em><span style=\"font-family: georgia,serif;\"><span style=\"color: #008000; font-size: x-large; text-decoration: underline;\"><span style=\"text-decoration: underline;\">Desserts<\/span><\/span><\/span><\/em><\/p>\n<p style=\"text-align: center;\"><em><span style=\"font-family: georgia,serif;\"><a href=\"http:\/\/recettes-gourmandes-de-joce.fr\/index.php\/index\/desserts\/tartes-gateaux\/buche-au-citoron-meringuee\/\"><img loading=\"lazy\" decoding=\"async\" class=\"alignnone wp-image-13592\" src=\"http:\/\/recettes-gourmandes-de-joce.fr\/wp-content\/uploads\/2019\/12\/20191225_013556-300x225.jpg\" alt=\"\" width=\"240\" height=\"180\" srcset=\"http:\/\/recettes-gourmandes-de-joce.fr\/wp-content\/uploads\/2019\/12\/20191225_013556-300x225.jpg 300w, http:\/\/recettes-gourmandes-de-joce.fr\/wp-content\/uploads\/2019\/12\/20191225_013556.jpg 640w\" sizes=\"auto, (max-width: 240px) 100vw, 240px\" \/><\/a> <a href=\"http:\/\/recettes-gourmandes-de-joce.fr\/index.php\/index\/desserts\/chocolats-friandises\/dattes-et-fruits-secs-deguises\/\"><img loading=\"lazy\" decoding=\"async\" class=\"alignnone wp-image-4613\" src=\"http:\/\/recettes-gourmandes-de-joce.fr\/wp-content\/uploads\/2019\/10\/PC220723-300x225.jpg\" alt=\"\" width=\"240\" height=\"180\" srcset=\"http:\/\/recettes-gourmandes-de-joce.fr\/wp-content\/uploads\/2019\/10\/PC220723-300x225.jpg 300w, http:\/\/recettes-gourmandes-de-joce.fr\/wp-content\/uploads\/2019\/10\/PC220723.jpg 640w\" sizes=\"auto, (max-width: 240px) 100vw, 240px\" \/><\/a><\/span><\/em><\/p>\n<p style=\"text-align: center;\"><em><span style=\"font-size: 14pt; font-family: georgia, palatino, serif;\">-&gt; <a href=\"http:\/\/recettes-gourmandes-de-joce.fr\/index.php\/index\/desserts\/tartes-gateaux\/buche-au-citoron-meringuee\/\">B\u00fbche au citron meringu\u00e9e ou sans meringue<\/a><\/span><\/em><\/p>\n<p style=\"text-align: center;\"><em><span style=\"font-size: 14pt; font-family: georgia, palatino, serif;\">-&gt; <a href=\"http:\/\/recettes-gourmandes-de-joce.fr\/index.php\/index\/desserts\/chocolats-friandises\/dattes-et-fruits-secs-deguises\/\">Fruits d\u00e9guis\u00e9s<\/a><\/span><\/em><\/p>\n<p style=\"text-align: center;\"><em><span style=\"font-family: georgia,serif;\"><span style=\"color: #ff0000; font-size: x-large; text-decoration: underline;\"><span style=\"text-decoration: underline;\">D\u00e9corations de table et <\/span><\/span><\/span><span style=\"font-family: georgia,serif;\"><span style=\"color: #008000; font-size: x-large; text-decoration: underline;\"><span style=\"text-decoration: underline;\">Pliage de serviette<\/span><\/span><\/span><\/em><\/p>\n<p style=\"text-align: center;\"><em><a href=\"http:\/\/recettes-gourmandes-de-joce.fr\/index.php\/index-divers\/decorations-de-table\/decorations-de-table\/decoration-de-table-de-noel-n4-theme-la-montagne\/\"><img loading=\"lazy\" decoding=\"async\" class=\"alignnone wp-image-25980\" src=\"http:\/\/recettes-gourmandes-de-joce.fr\/wp-content\/uploads\/2020\/10\/P1010188-300x225.jpg\" alt=\"\" width=\"240\" height=\"180\" srcset=\"http:\/\/recettes-gourmandes-de-joce.fr\/wp-content\/uploads\/2020\/10\/P1010188-300x225.jpg 300w, http:\/\/recettes-gourmandes-de-joce.fr\/wp-content\/uploads\/2020\/10\/P1010188-768x576.jpg 768w, http:\/\/recettes-gourmandes-de-joce.fr\/wp-content\/uploads\/2020\/10\/P1010188-750x563.jpg 750w, http:\/\/recettes-gourmandes-de-joce.fr\/wp-content\/uploads\/2020\/10\/P1010188.jpg 800w\" sizes=\"auto, (max-width: 240px) 100vw, 240px\" \/><\/a> <a href=\"http:\/\/recettes-gourmandes-de-joce.fr\/index.php\/index-divers\/decorations-de-table\/pliage-de-serviette-de-table\/pliage-de-serviette-de-table-forme-sapin\/\"><img loading=\"lazy\" decoding=\"async\" class=\"alignnone wp-image-25284\" src=\"http:\/\/recettes-gourmandes-de-joce.fr\/wp-content\/uploads\/2020\/09\/pc210216-292x300.jpg\" alt=\"\" width=\"175\" height=\"180\" srcset=\"http:\/\/recettes-gourmandes-de-joce.fr\/wp-content\/uploads\/2020\/09\/pc210216-292x300.jpg 292w, http:\/\/recettes-gourmandes-de-joce.fr\/wp-content\/uploads\/2020\/09\/pc210216.jpg 600w\" sizes=\"auto, (max-width: 175px) 100vw, 175px\" \/><\/a><\/em><\/p>\n<p style=\"text-align: center;\"><em><span style=\"font-size: 14pt;\"><span style=\"font-family: georgia, palatino, serif;\">-&gt; <a href=\"http:\/\/recettes-gourmandes-de-joce.fr\/index.php\/index-divers\/decorations-de-table\/decorations-de-table\/decoration-de-table-de-noel-n4-theme-la-montagne\/\">D\u00e9coration de table de No\u00ebl N\u00b04 \u00ab\u00a0Th\u00e8me la montagne\u00a0\u00bb<\/a><\/span><\/span><\/em><\/p>\n<p style=\"text-align: center;\"><em><span style=\"font-size: 14pt;\"><span style=\"font-family: georgia, palatino, serif;\">-&gt; <a href=\"http:\/\/recettes-gourmandes-de-joce.fr\/index.php\/index-divers\/decorations-de-table\/pliage-de-serviette-de-table\/pliage-de-serviette-de-table-forme-sapin\/\">Pliage de serviette de table forme sapin<\/a><\/span><\/span><\/em><\/p>\n<p style=\"text-align: center;\"><em><span style=\"color: #ff0000;\"><span style=\"font-family: georgia, palatino, serif; font-size: 18pt;\">Joyeux No\u00ebl \u00e0 tous!<\/span><\/span><\/em><\/p>\n<p style=\"text-align: center;\"><em><img loading=\"lazy\" decoding=\"async\" class=\"alignnone wp-image-37354 size-full\" src=\"http:\/\/recettes-gourmandes-de-joce.fr\/wp-content\/uploads\/2021\/06\/logitech-gaming-software-14112014-121223.jpg\" alt=\"\" width=\"640\" height=\"144\" srcset=\"http:\/\/recettes-gourmandes-de-joce.fr\/wp-content\/uploads\/2021\/06\/logitech-gaming-software-14112014-121223.jpg 640w, http:\/\/recettes-gourmandes-de-joce.fr\/wp-content\/uploads\/2021\/06\/logitech-gaming-software-14112014-121223-300x68.jpg 300w\" sizes=\"auto, (max-width: 640px) 100vw, 640px\" \/><\/em><\/p>\n<p class=\"h3\"><em>Commentaires<\/em><\/p>\n<ul class=\"media-list media-stacked\" data-plugin=\"comments\">\n<li class=\"media\">\n<div class=\"media-object\"><em><img decoding=\"async\" class=\"img-circle\" src=\"https:\/\/www.gravatar.com\/avatar\/e3f8d17b80a795cd96764b679c53355c?d=http%3A%2F%2Frecettesgourmandesdejoce.e-monsite.com%2Fmedias%2Fstatic%2Fmanager%2Fim%2Favatar.png?s=80&amp;d=mm\" alt=\"isabelle\" width=\"80\" \/><\/em><\/div>\n<div class=\"media-body\">\n<ul class=\"media-infos\">\n<li><em>1. isabelle\u00a0<small>Le 23\/06\/2015<\/small><\/em><\/li>\n<\/ul>\n<div class=\"media-content\"><em>super&#8230;.je suis toujours \u00e0 la recherche de belles choses&#8230;..<\/em><\/div>\n<ul class=\"media-list media-stacked\">\n<li class=\"media by-webmaster\">\n<div class=\"media-object\"><em><\/em><\/div>\n<div class=\"media-body\">\n<ul class=\"media-infos\">\n<li><em>jocelyne debon<small>Le 23\/06\/2015<\/small><\/em><\/li>\n<\/ul>\n<div class=\"media-content\"><em>De rien avec plaisir Amicalement Joce<\/em><\/div>\n<\/div>\n<\/li>\n<\/ul>\n<\/div>\n<\/li>\n<\/ul>\n<p>&nbsp;<\/p>\n","protected":false},"excerpt":{"rendered":"<p>Menu de No\u00ebl 1. Je vous propose : Cliquez sur les titres des recettes ou les photos pour vous rendre sur les recettes Ap\u00e9ritif -&gt; Punch exotique Amuse-bouche -&gt; Mousse aux deux saumons et aux crevettes -&gt; Petits canards feuillet\u00e9s au foie gras, fondue d\u2019oignons et asperges -&gt; Verrines ap\u00e9ritives chaudes, duo de pur\u00e9es \u00e0 &hellip; <\/p>\n<p><a class=\"more-link btn\" href=\"http:\/\/recettes-gourmandes-de-joce.fr\/index.php\/index\/menus-buffet-courses\/menu-a-theme\/menu-de-noel-1\/\">Lire la suite<\/a><\/p>\n","protected":false},"author":2,"featured_media":88175,"parent":253,"menu_order":0,"comment_status":"open","ping_status":"closed","template":"","meta":{"footnotes":""},"class_list":["post-37425","page","type-page","status-publish","has-post-thumbnail","hentry","nodate","item-wrap"],"_links":{"self":[{"href":"http:\/\/recettes-gourmandes-de-joce.fr\/index.php\/wp-json\/wp\/v2\/pages\/37425","targetHints":{"allow":["GET"]}}],"collection":[{"href":"http:\/\/recettes-gourmandes-de-joce.fr\/index.php\/wp-json\/wp\/v2\/pages"}],"about":[{"href":"http:\/\/recettes-gourmandes-de-joce.fr\/index.php\/wp-json\/wp\/v2\/types\/page"}],"author":[{"embeddable":true,"href":"http:\/\/recettes-gourmandes-de-joce.fr\/index.php\/wp-json\/wp\/v2\/users\/2"}],"replies":[{"embeddable":true,"href":"http:\/\/recettes-gourmandes-de-joce.fr\/index.php\/wp-json\/wp\/v2\/comments?post=37425"}],"version-history":[{"count":4,"href":"http:\/\/recettes-gourmandes-de-joce.fr\/index.php\/wp-json\/wp\/v2\/pages\/37425\/revisions"}],"predecessor-version":[{"id":91573,"href":"http:\/\/recettes-gourmandes-de-joce.fr\/index.php\/wp-json\/wp\/v2\/pages\/37425\/revisions\/91573"}],"up":[{"embeddable":true,"href":"http:\/\/recettes-gourmandes-de-joce.fr\/index.php\/wp-json\/wp\/v2\/pages\/253"}],"wp:featuredmedia":[{"embeddable":true,"href":"http:\/\/recettes-gourmandes-de-joce.fr\/index.php\/wp-json\/wp\/v2\/media\/88175"}],"wp:attachment":[{"href":"http:\/\/recettes-gourmandes-de-joce.fr\/index.php\/wp-json\/wp\/v2\/media?parent=37425"}],"curies":[{"name":"wp","href":"https:\/\/api.w.org\/{rel}","templated":true}]}}