{"id":37385,"date":"2021-07-01T11:57:56","date_gmt":"2021-07-01T11:57:56","guid":{"rendered":"http:\/\/recettes-gourmandes-de-joce.fr\/?page_id=37385"},"modified":"2024-12-06T23:28:17","modified_gmt":"2024-12-06T23:28:17","slug":"menu-theme-lasie","status":"publish","type":"page","link":"http:\/\/recettes-gourmandes-de-joce.fr\/index.php\/index\/menus-buffet-courses\/menu-a-theme\/menu-theme-lasie\/","title":{"rendered":"Menu th\u00e8me l&rsquo;Asie."},"content":{"rendered":"<p style=\"text-align: center;\"><span style=\"font-size: 18pt; font-family: georgia, palatino, serif;\"><em><span style=\"text-decoration: underline;\"><span style=\"color: #808080; text-decoration: underline;\">Une de mes id\u00e9es.<\/span><\/span><\/em><\/span><\/p>\n<p style=\"text-align: center;\"><img loading=\"lazy\" decoding=\"async\" class=\"alignnone wp-image-37387\" src=\"http:\/\/recettes-gourmandes-de-joce.fr\/wp-content\/uploads\/2021\/07\/bandeau-groupe13-300x156.jpg\" alt=\"\" width=\"578\" height=\"300\" srcset=\"http:\/\/recettes-gourmandes-de-joce.fr\/wp-content\/uploads\/2021\/07\/bandeau-groupe13-300x156.jpg 300w, http:\/\/recettes-gourmandes-de-joce.fr\/wp-content\/uploads\/2021\/07\/bandeau-groupe13-768x398.jpg 768w, http:\/\/recettes-gourmandes-de-joce.fr\/wp-content\/uploads\/2021\/07\/bandeau-groupe13-750x389.jpg 750w, http:\/\/recettes-gourmandes-de-joce.fr\/wp-content\/uploads\/2021\/07\/bandeau-groupe13.jpg 800w\" sizes=\"auto, (max-width: 578px) 100vw, 578px\" \/><\/p>\n<p style=\"text-align: center;\"><span style=\"color: #808080; font-size: x-large; text-decoration: underline; font-family: georgia, palatino, serif;\"><em><span style=\"text-decoration: underline;\">Je vous propose : <\/span><\/em><\/span><\/p>\n<p style=\"text-align: center;\"><span style=\"color: #808080; font-size: 14pt; text-decoration: underline; font-family: georgia, palatino, serif;\"><em><span style=\"text-decoration: underline;\">Cliquez sur les titres des recettes ou les photos pour vous rendre sur les recettes<\/span><\/em><\/span><\/p>\n<p style=\"text-align: center;\"><span style=\"color: #808080; font-size: x-large; text-decoration: underline; font-family: georgia, palatino, serif;\"><em><span style=\"text-decoration: underline;\">Ap\u00e9ritif<\/span><\/em><\/span><a href=\"http:\/\/recettes-gourmandes-de-joce.fr\/index.php\/index\/aperitifs-amuses-bouches\/aperitifs-sans-alcool\/cocktail-sans-alcool-soleil-levant\/\"><img loading=\"lazy\" decoding=\"async\" class=\"aligncenter wp-image-16783\" src=\"http:\/\/recettes-gourmandes-de-joce.fr\/wp-content\/uploads\/2020\/02\/coctail-joce-et-poisson-34-267x300.jpg\" alt=\"\" width=\"178\" height=\"200\" srcset=\"http:\/\/recettes-gourmandes-de-joce.fr\/wp-content\/uploads\/2020\/02\/coctail-joce-et-poisson-34-267x300.jpg 267w, http:\/\/recettes-gourmandes-de-joce.fr\/wp-content\/uploads\/2020\/02\/coctail-joce-et-poisson-34-768x862.jpg 768w, http:\/\/recettes-gourmandes-de-joce.fr\/wp-content\/uploads\/2020\/02\/coctail-joce-et-poisson-34-912x1024.jpg 912w, http:\/\/recettes-gourmandes-de-joce.fr\/wp-content\/uploads\/2020\/02\/coctail-joce-et-poisson-34.jpg 1425w\" sizes=\"auto, (max-width: 178px) 100vw, 178px\" \/><\/a><\/p>\n<p style=\"text-align: center;\"><em><span style=\"font-family: georgia, palatino, serif; font-size: 14pt;\">-&gt; <a href=\"http:\/\/recettes-gourmandes-de-joce.fr\/index.php\/index\/aperitifs-amuses-bouches\/aperitifs-sans-alcool\/cocktail-sans-alcool-soleil-levant\/\">Cocktail sans alcool \u00ab\u00a0Soleil levant\u00a0\u00bb<\/a><\/span><\/em><\/p>\n<p style=\"text-align: center;\"><span style=\"color: #808080; font-size: x-large; text-decoration: underline; font-family: georgia, palatino, serif;\"><em><span style=\"text-decoration: underline;\"><span style=\"font-size: x-large; text-decoration: underline;\"><span style=\"color: #ff0000; text-decoration: underline;\"><em>Amuses-bouches<\/em><\/span><\/span><\/span><\/em><\/span><\/p>\n<p style=\"text-align: center;\"><span style=\"color: #808080; font-size: x-large;\"><span style=\"font-family: book antiqua, palatino;\"><em><a href=\"http:\/\/recettes-gourmandes-de-joce.fr\/index.php\/index\/aperitifs-amuses-bouches\/verrines-froides\/verrines-de-mais-tomate-et-crevettes\/\"><img loading=\"lazy\" decoding=\"async\" class=\"alignnone wp-image-13202\" src=\"http:\/\/recettes-gourmandes-de-joce.fr\/wp-content\/uploads\/2019\/12\/PC240962-300x226.jpg\" alt=\"\" width=\"239\" height=\"180\" srcset=\"http:\/\/recettes-gourmandes-de-joce.fr\/wp-content\/uploads\/2019\/12\/PC240962-300x226.jpg 300w, http:\/\/recettes-gourmandes-de-joce.fr\/wp-content\/uploads\/2019\/12\/PC240962.jpg 640w\" sizes=\"auto, (max-width: 239px) 100vw, 239px\" \/><\/a>\u00a0<\/em><\/span><\/span><a href=\"http:\/\/recettes-gourmandes-de-joce.fr\/index.php\/index\/poissons-coquillages\/coquillages-crustaces\/crevettes-et-moules-marinees-aux-epices-thai-et-piments-doux\/\"><img loading=\"lazy\" decoding=\"async\" class=\"alignnone wp-image-37386\" src=\"http:\/\/recettes-gourmandes-de-joce.fr\/wp-content\/uploads\/2021\/07\/p8141910-300x213.jpg\" alt=\"\" width=\"254\" height=\"180\" srcset=\"http:\/\/recettes-gourmandes-de-joce.fr\/wp-content\/uploads\/2021\/07\/p8141910-300x213.jpg 300w, http:\/\/recettes-gourmandes-de-joce.fr\/wp-content\/uploads\/2021\/07\/p8141910-768x544.jpg 768w, http:\/\/recettes-gourmandes-de-joce.fr\/wp-content\/uploads\/2021\/07\/p8141910-750x532.jpg 750w, http:\/\/recettes-gourmandes-de-joce.fr\/wp-content\/uploads\/2021\/07\/p8141910.jpg 797w\" sizes=\"auto, (max-width: 254px) 100vw, 254px\" \/><\/a> <a href=\"http:\/\/recettes-gourmandes-de-joce.fr\/index.php\/index\/poissons-coquillages\/coquillages-crustaces\/samoussas-de-crevettes-a-lail-et-basilic\/\"><img loading=\"lazy\" decoding=\"async\" class=\"alignnone wp-image-21149\" src=\"http:\/\/recettes-gourmandes-de-joce.fr\/wp-content\/uploads\/2020\/04\/samoussas_de_crevettes_a_l_ail_et_basilic_15-300x225.jpg\" alt=\"\" width=\"240\" height=\"180\" srcset=\"http:\/\/recettes-gourmandes-de-joce.fr\/wp-content\/uploads\/2020\/04\/samoussas_de_crevettes_a_l_ail_et_basilic_15-300x225.jpg 300w, http:\/\/recettes-gourmandes-de-joce.fr\/wp-content\/uploads\/2020\/04\/samoussas_de_crevettes_a_l_ail_et_basilic_15.jpg 550w\" sizes=\"auto, (max-width: 240px) 100vw, 240px\" \/><\/a><\/p>\n<p style=\"text-align: center;\"><span style=\"font-size: 14pt; font-family: georgia, palatino, serif;\"><em>-&gt; <a href=\"http:\/\/recettes-gourmandes-de-joce.fr\/index.php\/index\/aperitifs-amuses-bouches\/verrines-froides\/verrines-de-mais-tomate-et-crevettes\/\">Verrines de ma\u00efs, tomate et crevettes<\/a><\/em><\/span><\/p>\n<p style=\"text-align: center;\"><span style=\"font-size: 14pt; font-family: georgia, palatino, serif;\"><em>-&gt; <a href=\"http:\/\/recettes-gourmandes-de-joce.fr\/index.php\/index\/poissons-coquillages\/coquillages-crustaces\/crevettes-et-moules-marinees-aux-epices-thai-et-piments-doux\/\">Crevettes et moules marin\u00e9es aux \u00e9pices tha\u00ef et piments doux<\/a><\/em><\/span><\/p>\n<p style=\"text-align: center;\"><span style=\"font-size: 14pt; font-family: georgia, palatino, serif;\"><em>-&gt;<a href=\"http:\/\/recettes-gourmandes-de-joce.fr\/index.php\/index\/poissons-coquillages\/coquillages-crustaces\/samoussas-de-crevettes-a-lail-et-basilic\/\"> Samoussas de crevettes \u00e0 l\u2019ail et basilic<\/a><\/em><\/span><\/p>\n<p style=\"text-align: center;\"><span style=\"color: #808080; font-size: x-large; text-decoration: underline; font-family: georgia, palatino, serif;\"><span style=\"text-decoration: underline;\"><em>Les entr\u00e9es<\/em><\/span><\/span><\/p>\n<p style=\"text-align: center;\"><a href=\"http:\/\/recettes-gourmandes-de-joce.fr\/index.php\/index\/entrees\/soupes-veloutes\/soupe-au-poulet-champignons-noirs-et-nouilles-chinoises\/\"><span style=\"color: #808080; font-size: x-large; text-decoration: underline;\"><span style=\"text-decoration: underline;\"><span style=\"font-family: book antiqua, palatino;\"><em><img loading=\"lazy\" decoding=\"async\" class=\"alignnone wp-image-8737\" src=\"http:\/\/recettes-gourmandes-de-joce.fr\/wp-content\/uploads\/2019\/11\/P1120055-300x225.jpg\" alt=\"\" width=\"240\" height=\"180\" srcset=\"http:\/\/recettes-gourmandes-de-joce.fr\/wp-content\/uploads\/2019\/11\/P1120055-300x225.jpg 300w, http:\/\/recettes-gourmandes-de-joce.fr\/wp-content\/uploads\/2019\/11\/P1120055.jpg 640w\" sizes=\"auto, (max-width: 240px) 100vw, 240px\" \/><\/em><\/span><\/span><\/span><\/a> <a href=\"http:\/\/recettes-gourmandes-de-joce.fr\/index.php\/index\/recettes-regionales-mondiales\/recettes-du-monde-salees\/nems-au-crabe-asie\/\"><span style=\"color: #808080; font-size: x-large;\"><span style=\"font-family: book antiqua, palatino;\"><em><img loading=\"lazy\" decoding=\"async\" class=\"alignnone wp-image-9062\" src=\"http:\/\/recettes-gourmandes-de-joce.fr\/wp-content\/uploads\/2019\/11\/P1130067-300x225.jpg\" alt=\"\" width=\"240\" height=\"180\" srcset=\"http:\/\/recettes-gourmandes-de-joce.fr\/wp-content\/uploads\/2019\/11\/P1130067-300x225.jpg 300w, http:\/\/recettes-gourmandes-de-joce.fr\/wp-content\/uploads\/2019\/11\/P1130067.jpg 640w\" sizes=\"auto, (max-width: 240px) 100vw, 240px\" \/><\/em><\/span><\/span><\/a><\/p>\n<p style=\"text-align: center;\"><span style=\"font-size: 14pt; font-family: georgia, palatino, serif;\"><em>-&gt;<a href=\"http:\/\/recettes-gourmandes-de-joce.fr\/index.php\/index\/entrees\/soupes-veloutes\/soupe-au-poulet-champignons-noirs-et-nouilles-chinoises\/\"> Soupe au poulet, champignons noirs et nouilles chinoises<\/a><\/em><\/span><\/p>\n<p style=\"text-align: center;\"><span style=\"font-size: 14pt; font-family: georgia, palatino, serif;\"><em>-&gt;<a href=\"http:\/\/recettes-gourmandes-de-joce.fr\/index.php\/index\/recettes-regionales-mondiales\/recettes-du-monde-salees\/nems-au-crabe-asie\/\"> Nems au crabe<\/a><\/em><\/span><\/p>\n<p style=\"text-align: center;\"><span style=\"color: #ff0000; font-family: georgia, palatino, serif;\"><em><span style=\"font-size: x-large; text-decoration: underline;\">Les plats<\/span><\/em><\/span><\/p>\n<p style=\"text-align: center;\"><span style=\"color: #ff0000;\"><em><span style=\"font-size: x-large; text-decoration: underline;\"><a href=\"http:\/\/recettes-gourmandes-de-joce.fr\/index.php\/index\/legumes\/riz-semoule\/riz-aux-crevettes-epices-thai-et-noix-de-coco\/\"><img loading=\"lazy\" decoding=\"async\" class=\"alignnone wp-image-21261\" src=\"http:\/\/recettes-gourmandes-de-joce.fr\/wp-content\/uploads\/2020\/04\/p1130072-1-300x220.jpg\" alt=\"\" width=\"246\" height=\"180\" srcset=\"http:\/\/recettes-gourmandes-de-joce.fr\/wp-content\/uploads\/2020\/04\/p1130072-1-300x220.jpg 300w, http:\/\/recettes-gourmandes-de-joce.fr\/wp-content\/uploads\/2020\/04\/p1130072-1-768x563.jpg 768w, http:\/\/recettes-gourmandes-de-joce.fr\/wp-content\/uploads\/2020\/04\/p1130072-1.jpg 770w\" sizes=\"auto, (max-width: 246px) 100vw, 246px\" \/><\/a> <a href=\"http:\/\/recettes-gourmandes-de-joce.fr\/index.php\/index\/viandes\/volailles\/poulet\/poulet-au-curry-thai-lait-de-coco-et-sesame\/\"><img loading=\"lazy\" decoding=\"async\" class=\"alignnone wp-image-18752\" src=\"http:\/\/recettes-gourmandes-de-joce.fr\/wp-content\/uploads\/2020\/03\/curry_de_poulet_au_lait_de_coco_facon_japonai17-300x225.jpg\" alt=\"\" width=\"240\" height=\"180\" srcset=\"http:\/\/recettes-gourmandes-de-joce.fr\/wp-content\/uploads\/2020\/03\/curry_de_poulet_au_lait_de_coco_facon_japonai17-300x225.jpg 300w, http:\/\/recettes-gourmandes-de-joce.fr\/wp-content\/uploads\/2020\/03\/curry_de_poulet_au_lait_de_coco_facon_japonai17.jpg 550w\" sizes=\"auto, (max-width: 240px) 100vw, 240px\" \/><\/a>\u00a0<a href=\"http:\/\/recettes-gourmandes-de-joce.fr\/index.php\/index\/viandes\/boeuf\/boeuf-aux-oignons-facon-chinoise\/\"><img loading=\"lazy\" decoding=\"async\" class=\"alignnone wp-image-21327\" src=\"http:\/\/recettes-gourmandes-de-joce.fr\/wp-content\/uploads\/2020\/04\/20200427_201103-300x225.jpg\" alt=\"\" width=\"240\" height=\"180\" srcset=\"http:\/\/recettes-gourmandes-de-joce.fr\/wp-content\/uploads\/2020\/04\/20200427_201103-300x225.jpg 300w, http:\/\/recettes-gourmandes-de-joce.fr\/wp-content\/uploads\/2020\/04\/20200427_201103-768x576.jpg 768w, http:\/\/recettes-gourmandes-de-joce.fr\/wp-content\/uploads\/2020\/04\/20200427_201103.jpg 800w\" sizes=\"auto, (max-width: 240px) 100vw, 240px\" \/><\/a><\/span><\/em><\/span><\/p>\n<p style=\"text-align: center;\"><span style=\"font-size: 14pt; font-family: georgia, palatino, serif;\"><em>-&gt;\u00a0<a href=\"http:\/\/recettes-gourmandes-de-joce.fr\/index.php\/index\/legumes\/riz-semoule\/riz-aux-crevettes-epices-thai-et-noix-de-coco\/\">Riz aux crevettes, \u00e9pices Tha\u00ef et noix de coco<\/a><\/em><\/span><\/p>\n<p style=\"text-align: center;\"><span style=\"font-size: 14pt; font-family: georgia, palatino, serif;\"><em>-&gt; <a href=\"http:\/\/recettes-gourmandes-de-joce.fr\/index.php\/index\/viandes\/volailles\/poulet\/poulet-au-curry-thai-lait-de-coco-et-sesame\/\">Poulet au curry Tha\u00ef, lait de coco et s\u00e9same<\/a><\/em><\/span><\/p>\n<p style=\"text-align: center;\"><span style=\"font-size: 14pt; font-family: georgia, palatino, serif;\"><em>-&gt; <a href=\"http:\/\/recettes-gourmandes-de-joce.fr\/index.php\/index\/viandes\/boeuf\/boeuf-aux-oignons-facon-chinoise\/\">B\u0153uf aux oignons fa\u00e7on chinoise<\/a><\/em><\/span><\/p>\n<p style=\"text-align: center;\"><span style=\"color: #808080; font-family: georgia, palatino, serif;\"><em><span style=\"font-size: x-large; text-decoration: underline;\">Les desserts<\/span><\/em><\/span><\/p>\n<p style=\"text-align: center;\"><span style=\"color: #808080;\"><em><a href=\"http:\/\/recettes-gourmandes-de-joce.fr\/index.php\/index\/recettes-regionales-mondiales\/recettes-du-monde-sucrees\/gateaux-chinois-aux-amandes\/\"><span style=\"font-size: x-large; text-decoration: underline;\"><span style=\"color: #ff0000; font-size: x-large;\"><em><img loading=\"lazy\" decoding=\"async\" class=\"alignnone wp-image-8800\" src=\"http:\/\/recettes-gourmandes-de-joce.fr\/wp-content\/uploads\/2019\/11\/P1160112-300x225.jpg\" alt=\"\" width=\"240\" height=\"180\" srcset=\"http:\/\/recettes-gourmandes-de-joce.fr\/wp-content\/uploads\/2019\/11\/P1160112-300x225.jpg 300w, http:\/\/recettes-gourmandes-de-joce.fr\/wp-content\/uploads\/2019\/11\/P1160112.jpg 640w\" sizes=\"auto, (max-width: 240px) 100vw, 240px\" \/><\/em><\/span><\/span><\/a><span style=\"font-size: x-large;\"><span style=\"color: #ff0000; font-size: x-large;\"><em>\u00a0<\/em><\/span><a href=\"http:\/\/recettes-gourmandes-de-joce.fr\/index.php\/index\/desserts\/biscuits-du-gouter\/nems-de-pommes-a-la-pralinoise\/\"><img loading=\"lazy\" decoding=\"async\" class=\"alignnone wp-image-16937\" src=\"http:\/\/recettes-gourmandes-de-joce.fr\/wp-content\/uploads\/2020\/02\/P3230102-300x225.jpg\" alt=\"\" width=\"240\" height=\"180\" srcset=\"http:\/\/recettes-gourmandes-de-joce.fr\/wp-content\/uploads\/2020\/02\/P3230102-300x225.jpg 300w, http:\/\/recettes-gourmandes-de-joce.fr\/wp-content\/uploads\/2020\/02\/P3230102-768x576.jpg 768w, http:\/\/recettes-gourmandes-de-joce.fr\/wp-content\/uploads\/2020\/02\/P3230102.jpg 800w\" sizes=\"auto, (max-width: 240px) 100vw, 240px\" \/><\/a><\/span><\/em><\/span><\/p>\n<p style=\"text-align: center;\"><span style=\"font-size: 14pt; font-family: georgia, palatino, serif;\"><em>-&gt; <a href=\"http:\/\/recettes-gourmandes-de-joce.fr\/index.php\/index\/recettes-regionales-mondiales\/recettes-du-monde-sucrees\/gateaux-chinois-aux-amandes\/\">G\u00e2teaux chinois aux amandes<\/a><\/em><\/span><\/p>\n<p style=\"text-align: center;\"><span style=\"font-size: 14pt; font-family: georgia, palatino, serif;\"><em>-&gt; <a href=\"http:\/\/recettes-gourmandes-de-joce.fr\/index.php\/index\/desserts\/biscuits-du-gouter\/nems-de-pommes-a-la-pralinoise\/\">Nems de pommes \u00e0 la pralinoise<\/a><\/em><\/span><\/p>\n<p style=\"text-align: center;\"><span style=\"color: #ff0000; font-family: georgia, palatino, serif;\"><em><span style=\"font-size: x-large; text-decoration: underline;\">Les d\u00e9corations de table<\/span><\/em><\/span><\/p>\n<p style=\"text-align: center;\"><span style=\"color: #ff0000;\"><em><a href=\"http:\/\/recettes-gourmandes-de-joce.fr\/index.php\/index-divers\/decorations-de-table\/decorations-de-table\/decoration-de-table-theme-asie\/\"><span style=\"font-size: x-large; text-decoration: underline;\"><img loading=\"lazy\" decoding=\"async\" class=\"alignnone wp-image-18838\" src=\"http:\/\/recettes-gourmandes-de-joce.fr\/wp-content\/uploads\/2020\/03\/repas-chinois-115-300x225.jpg\" alt=\"\" width=\"240\" height=\"180\" srcset=\"http:\/\/recettes-gourmandes-de-joce.fr\/wp-content\/uploads\/2020\/03\/repas-chinois-115-300x225.jpg 300w, http:\/\/recettes-gourmandes-de-joce.fr\/wp-content\/uploads\/2020\/03\/repas-chinois-115.jpg 550w\" sizes=\"auto, (max-width: 240px) 100vw, 240px\" \/><\/span><\/a><a href=\"http:\/\/recettes-gourmandes-de-joce.fr\/index.php\/index-divers\/decorations-de-table\/decorations-de-table\/decoration-de-table-theme-asie-n2\/\"><span style=\"font-size: x-large;\"> <img loading=\"lazy\" decoding=\"async\" class=\"alignnone wp-image-25911\" src=\"http:\/\/recettes-gourmandes-de-joce.fr\/wp-content\/uploads\/2020\/10\/p1120023-300x205.jpg\" alt=\"\" width=\"263\" height=\"180\" srcset=\"http:\/\/recettes-gourmandes-de-joce.fr\/wp-content\/uploads\/2020\/10\/p1120023-300x205.jpg 300w, http:\/\/recettes-gourmandes-de-joce.fr\/wp-content\/uploads\/2020\/10\/p1120023-768x525.jpg 768w, http:\/\/recettes-gourmandes-de-joce.fr\/wp-content\/uploads\/2020\/10\/p1120023-750x513.jpg 750w, http:\/\/recettes-gourmandes-de-joce.fr\/wp-content\/uploads\/2020\/10\/p1120023.jpg 785w\" sizes=\"auto, (max-width: 263px) 100vw, 263px\" \/><\/span><\/a><\/em><\/span><\/p>\n<p style=\"text-align: center;\"><span style=\"font-size: 14pt; font-family: georgia, palatino, serif;\"><em>-&gt; <a href=\"http:\/\/recettes-gourmandes-de-joce.fr\/index.php\/index-divers\/decorations-de-table\/decorations-de-table\/decoration-de-table-theme-asie\/\">D\u00e9coration de table th\u00e8me Asie\u00a0<\/a><\/em><\/span><\/p>\n<p style=\"text-align: center;\"><span style=\"font-size: 14pt; font-family: georgia, palatino, serif;\"><em>-&gt; <a href=\"http:\/\/recettes-gourmandes-de-joce.fr\/index.php\/index-divers\/decorations-de-table\/decorations-de-table\/decoration-de-table-theme-asie-n2\/\">D\u00e9coration de table th\u00e8me Asie N\u00b02<\/a><\/em><\/span><\/p>\n<p style=\"text-align: center;\"><span style=\"color: #808080; font-family: georgia, palatino, serif;\"><em><span style=\"font-size: x-large; text-decoration: underline;\">Pliages de serviette<\/span><\/em><\/span><\/p>\n<p style=\"text-align: center;\"><a href=\"http:\/\/recettes-gourmandes-de-joce.fr\/index.php\/index-divers\/decorations-de-table\/pliage-de-serviette-de-table\/pliage-de-serviette-bateau-ou-jonque\/\"><img loading=\"lazy\" decoding=\"async\" class=\"alignnone wp-image-17957\" src=\"http:\/\/recettes-gourmandes-de-joce.fr\/wp-content\/uploads\/2020\/03\/P2090317-300x216.jpg\" alt=\"\" width=\"277\" height=\"200\" srcset=\"http:\/\/recettes-gourmandes-de-joce.fr\/wp-content\/uploads\/2020\/03\/P2090317-300x216.jpg 300w, http:\/\/recettes-gourmandes-de-joce.fr\/wp-content\/uploads\/2020\/03\/P2090317-768x554.jpg 768w, http:\/\/recettes-gourmandes-de-joce.fr\/wp-content\/uploads\/2020\/03\/P2090317-1024x739.jpg 1024w, http:\/\/recettes-gourmandes-de-joce.fr\/wp-content\/uploads\/2020\/03\/P2090317.jpg 1600w\" sizes=\"auto, (max-width: 277px) 100vw, 277px\" \/><\/a> <a href=\"http:\/\/recettes-gourmandes-de-joce.fr\/index.php\/index-divers\/decorations-de-table\/pliage-de-serviette-de-table\/pliage-de-serviette-en-forme-de-feuille\/\"><img loading=\"lazy\" decoding=\"async\" class=\"alignnone wp-image-17986\" src=\"http:\/\/recettes-gourmandes-de-joce.fr\/wp-content\/uploads\/2020\/03\/pliage-eventail3-217x300.jpg\" alt=\"\" width=\"145\" height=\"200\" srcset=\"http:\/\/recettes-gourmandes-de-joce.fr\/wp-content\/uploads\/2020\/03\/pliage-eventail3-217x300.jpg 217w, http:\/\/recettes-gourmandes-de-joce.fr\/wp-content\/uploads\/2020\/03\/pliage-eventail3.jpg 670w\" sizes=\"auto, (max-width: 145px) 100vw, 145px\" \/><\/a><\/p>\n<p style=\"text-align: center;\"><span style=\"font-size: 14pt; font-family: georgia, palatino, serif;\"><em>-&gt; <a href=\"http:\/\/recettes-gourmandes-de-joce.fr\/index.php\/index-divers\/decorations-de-table\/pliage-de-serviette-de-table\/pliage-de-serviette-bateau-ou-jonque\/\">Pliage forme jonque<\/a><\/em><\/span><br \/>\n<span style=\"font-size: 14pt; font-family: georgia, palatino, serif;\"><em>\u00a0-&gt; <a href=\"http:\/\/recettes-gourmandes-de-joce.fr\/index.php\/index-divers\/decorations-de-table\/pliage-de-serviette-de-table\/pliage-de-serviette-en-forme-de-feuille\/\">Pliage forme feuille<\/a><\/em><\/span><\/p>\n<p style=\"text-align: center;\"><img loading=\"lazy\" decoding=\"async\" class=\"alignnone wp-image-37354 size-full\" src=\"http:\/\/recettes-gourmandes-de-joce.fr\/wp-content\/uploads\/2021\/06\/logitech-gaming-software-14112014-121223.jpg\" alt=\"\" width=\"640\" height=\"144\" srcset=\"http:\/\/recettes-gourmandes-de-joce.fr\/wp-content\/uploads\/2021\/06\/logitech-gaming-software-14112014-121223.jpg 640w, http:\/\/recettes-gourmandes-de-joce.fr\/wp-content\/uploads\/2021\/06\/logitech-gaming-software-14112014-121223-300x68.jpg 300w\" sizes=\"auto, (max-width: 640px) 100vw, 640px\" \/><\/p>\n<p class=\"h3\">Commentaires<\/p>\n<ul class=\"media-list media-stacked\" data-plugin=\"comments\">\n<li class=\"media\">\n<div class=\"media-object\"><img decoding=\"async\" class=\"img-circle\" src=\"https:\/\/www.gravatar.com\/avatar\/e173a7e86e62f9464e5a728782a637c6?d=http%3A%2F%2Frecettesgourmandesdejoce.e-monsite.com%2Fmedias%2Fstatic%2Fmanager%2Fim%2Favatar.png?s=80&amp;d=mm\" alt=\"vairon\" width=\"80\" \/><\/div>\n<div class=\"media-body\">\n<ul class=\"media-infos\">\n<li>1. vairon\u00a0<small>Le 07\/02\/2013<\/small><\/li>\n<\/ul>\n<div class=\"media-content\">sa donne envie de tout mangez et de preparez<\/div>\n<ul class=\"media-list media-stacked\">\n<li class=\"media by-webmaster\">\n<div class=\"media-object\"><\/div>\n<div class=\"media-body\">\n<ul class=\"media-infos\">\n<li>jocelyne debon<small>Le 07\/02\/2013<\/small><\/li>\n<\/ul>\n<div class=\"media-content\">Merciiiiii Bonne journ\u00e9e Amicalement Joce<\/div>\n<\/div>\n<\/li>\n<\/ul>\n<\/div>\n<\/li>\n<\/ul>\n","protected":false},"excerpt":{"rendered":"<p>Une de mes id\u00e9es. Je vous propose : Cliquez sur les titres des recettes ou les photos pour vous rendre sur les recettes Ap\u00e9ritif -&gt; Cocktail sans alcool \u00ab\u00a0Soleil levant\u00a0\u00bb Amuses-bouches \u00a0 -&gt; Verrines de ma\u00efs, tomate et crevettes -&gt; Crevettes et moules marin\u00e9es aux \u00e9pices tha\u00ef et piments doux -&gt; Samoussas de crevettes \u00e0 &hellip; <\/p>\n<p><a class=\"more-link btn\" href=\"http:\/\/recettes-gourmandes-de-joce.fr\/index.php\/index\/menus-buffet-courses\/menu-a-theme\/menu-theme-lasie\/\">Lire la suite<\/a><\/p>\n","protected":false},"author":2,"featured_media":88210,"parent":253,"menu_order":0,"comment_status":"open","ping_status":"closed","template":"","meta":{"footnotes":""},"class_list":["post-37385","page","type-page","status-publish","has-post-thumbnail","hentry","nodate","item-wrap"],"_links":{"self":[{"href":"http:\/\/recettes-gourmandes-de-joce.fr\/index.php\/wp-json\/wp\/v2\/pages\/37385","targetHints":{"allow":["GET"]}}],"collection":[{"href":"http:\/\/recettes-gourmandes-de-joce.fr\/index.php\/wp-json\/wp\/v2\/pages"}],"about":[{"href":"http:\/\/recettes-gourmandes-de-joce.fr\/index.php\/wp-json\/wp\/v2\/types\/page"}],"author":[{"embeddable":true,"href":"http:\/\/recettes-gourmandes-de-joce.fr\/index.php\/wp-json\/wp\/v2\/users\/2"}],"replies":[{"embeddable":true,"href":"http:\/\/recettes-gourmandes-de-joce.fr\/index.php\/wp-json\/wp\/v2\/comments?post=37385"}],"version-history":[{"count":4,"href":"http:\/\/recettes-gourmandes-de-joce.fr\/index.php\/wp-json\/wp\/v2\/pages\/37385\/revisions"}],"predecessor-version":[{"id":91579,"href":"http:\/\/recettes-gourmandes-de-joce.fr\/index.php\/wp-json\/wp\/v2\/pages\/37385\/revisions\/91579"}],"up":[{"embeddable":true,"href":"http:\/\/recettes-gourmandes-de-joce.fr\/index.php\/wp-json\/wp\/v2\/pages\/253"}],"wp:featuredmedia":[{"embeddable":true,"href":"http:\/\/recettes-gourmandes-de-joce.fr\/index.php\/wp-json\/wp\/v2\/media\/88210"}],"wp:attachment":[{"href":"http:\/\/recettes-gourmandes-de-joce.fr\/index.php\/wp-json\/wp\/v2\/media?parent=37385"}],"curies":[{"name":"wp","href":"https:\/\/api.w.org\/{rel}","templated":true}]}}